{"id":36345,"date":"2012-04-13T12:14:44","date_gmt":"2012-04-13T10:14:44","guid":{"rendered":"https:\/\/gyoparosfurdo-oroshaza.hu\/in-vara"},"modified":"2022-03-04T09:59:50","modified_gmt":"2022-03-04T08:59:50","slug":"in-timp-de-vara","status":"publish","type":"page","link":"https:\/\/gyoparosfurdo-oroshaza.hu\/ro\/programe\/in-timp-de-vara","title":{"rendered":"In timp de vara"},"content":{"rendered":"<div class=\"topten_grid_container topten_page\"><div class=\"topten_grid_item\"><span class=\"h3\">Programe Top<\/span><a href=\"\/ro\/programe\/pentru-familii\" class=\"topten_pentru-familii first\">Pentru familii &raquo;<\/a><a href=\"\/ro\/programe\/pentru-cupluri\" class=\"topten_pentru-cupluri\">Pentru cupluri &raquo;<\/a><a href=\"\/ro\/programe\/pentru-o-singura-zi\" class=\"topten_pentru-o-singura-zi first\">O singura zi &raquo;<\/a><a href=\"\/ro\/programe\/pentru-biciclisti\" class=\"topten_pentru-biciclisti\">Pentru biciclisti &raquo;<\/a><a href=\"\/ro\/programe\/programe-pentru-un-week-end\" class=\"topten_programe-pentru-un-week-end first\">Un week-end &raquo;<\/a><a href=\"\/ro\/programe\/in-timp-de-vara\" class=\"topten_in-timp-de-vara active\">In timp de vara &raquo;<\/a><a href=\"\/ro\/programe\/tineri\" class=\"topten_tineri first\">Pentru tineri &raquo;<\/a><a href=\"\/ro\/programe\/pentru-amatori-de-sport\" class=\"topten_pentru-amatori-de-sport\">Amatori de sport &raquo;<\/a><a href=\"\/ro\/programe\/cu-masina\" class=\"topten_cu-masina first\">Cu masina &raquo;<\/a><a href=\"\/ro\/programe\/pentru-amatori-de-cultura\" class=\"topten_pentru-amatori-de-cultura\">Amatori de cultura &raquo;<\/a><a href=\"\/ro\/programe\/pentru-o-singura-saptamana\" class=\"topten_pentru-o-singura-saptamana first\">Saptamana &raquo;<\/a><a href=\"\/ro\/programe\/pentru-pescatori\" class=\"topten_pentru-pescatori\">Pentru pescatori  &raquo;<\/a><a href=\"\/ro\/programe\/pentru-fotografi\" class=\"topten_pentru-fotografi first\">Pentru fotografi &raquo;<\/a><a href=\"\/ro\/programe\/in-timp-de-iarna\" class=\"topten_in-timp-de-iarna\">In timp de iarna  &raquo;<\/a><\/div><a href=\"https:\/\/gyoparosfurdo-oroshaza.hu\/ro\/programok\/elmenyfurdozes-gyoparoson\" title=\"Distractie in Baile Gyop\u00e1ros\" class=\"topten_grid_item\"><span class=\"number\">1<\/span><img width=\"290\" height=\"230\" src=\"https:\/\/gyoparosfurdo-oroshaza.hu\/wp-content\/uploads\/2012\/04\/elmenyfurdo_kiemelt.jpg\" class=\"lazyload wp-post-image\" alt=\"\" loading=\"lazy\" \/><span class=\"title\">Distractie in Baile Gyop\u00e1ros<\/span><span class=\"text\">Complexul, cu o suprafata totala mai mult de sase mii de metri patrati si cu o vasta gama de elemente acvatice Va ofera distractie placuta, un program.<\/span><\/a><a href=\"https:\/\/gyoparosfurdo-oroshaza.hu\/ro\/programok\/strandolas-gyoparosfurdon\" title=\"Sc\u0103ldat \u00een Gyop\u00e1rosf\u00fcrd\u0151\" class=\"topten_grid_item\"><span class=\"number\">2<\/span><img width=\"290\" height=\"230\" src=\"https:\/\/gyoparosfurdo-oroshaza.hu\/wp-content\/uploads\/2012\/04\/Strandol\u00e1s_gyoparosfurdon.jpg\" class=\"lazyload wp-post-image\" alt=\"\" loading=\"lazy\" \/><span class=\"title\">Sc\u0103ldat \u00een Gyop\u00e1rosf\u00fcrd\u0151<\/span><span class=\"text\">Balaceala dupa o zi placuta, senzatia racoritoare a apei, jocuri cu mingea in apa cristalina si placuta.<\/span><\/a><a href=\"https:\/\/gyoparosfurdo-oroshaza.hu\/ro\/programok\/wellness-es-kenyeztetes\" title=\"Rasfatare si wellness\" class=\"topten_grid_item\"><span class=\"number\">3<\/span><img width=\"290\" height=\"230\" src=\"https:\/\/gyoparosfurdo-oroshaza.hu\/wp-content\/uploads\/2012\/05\/3_Wellness.jpg\" class=\"lazyload wp-post-image\" alt=\"\" loading=\"lazy\" \/><span class=\"title\">Rasfatare si wellness<\/span><span class=\"text\">R\u0103sf\u0103\u0163area pentru om este ca \u015fi o atingere romantic\u0103 pe care o pute\u0163i primi la Gyop\u00e1rosf\u00fcrd\u0151.<\/span><\/a><a href=\"https:\/\/gyoparosfurdo-oroshaza.hu\/ro\/programok\/ejszakai-furdozes\" title=\"Baie nocturn\u0103 la B\u0103ile Gyop\u00e1ros\" class=\"topten_grid_item\"><span class=\"number\">4<\/span><img width=\"290\" height=\"230\" src=\"https:\/\/gyoparosfurdo-oroshaza.hu\/wp-content\/uploads\/2012\/04\/4_Ejszakai_furdozes.jpg\" class=\"lazyload wp-post-image\" alt=\"\" loading=\"lazy\" \/><span class=\"title\">Baie nocturn\u0103 la B\u0103ile Gyop\u00e1ros<\/span><span class=\"text\">V-ati intrebat vreo data ce poate fi mai romantic decat o baie nocturna la Baile Gyop\u00e1ros?<\/span><\/a><a href=\"https:\/\/gyoparosfurdo-oroshaza.hu\/ro\/programok\/fallabda-tenisz\" title=\"Tenis\" class=\"topten_grid_item\"><span class=\"number\">5<\/span><img width=\"290\" height=\"230\" src=\"https:\/\/gyoparosfurdo-oroshaza.hu\/wp-content\/uploads\/2012\/04\/10_Tenisz_fallabda.jpg\" class=\"lazyload wp-post-image\" alt=\"\" loading=\"lazy\" \/><span class=\"title\">Tenis<\/span><span class=\"text\">In cazul in care sunteti jucator de tenis nu trebuie sa lasati acasa rachetele de tenis.<\/span><\/a><a href=\"https:\/\/gyoparosfurdo-oroshaza.hu\/ro\/programok\/lovassportok\" title=\"Echita\u021bie\" class=\"topten_grid_item\"><span class=\"number\">6<\/span><img width=\"290\" height=\"230\" src=\"https:\/\/gyoparosfurdo-oroshaza.hu\/wp-content\/uploads\/2012\/04\/Lovassportok.jpg\" class=\"lazyload wp-post-image\" alt=\"\" loading=\"lazy\" \/><span class=\"title\">Echita\u021bie<\/span><span class=\"text\">Orosh\u00e1za este centrul vietii de echitatie din zona Campiei din mai multe puncte de vedere.<\/span><\/a><a href=\"https:\/\/gyoparosfurdo-oroshaza.hu\/ro\/programok\/ejszakai-elet-oroshazan\" title=\"Viata nocturna la Orosh\u00e1za\" class=\"topten_grid_item\"><span class=\"number\">7<\/span><img width=\"290\" height=\"230\" src=\"https:\/\/gyoparosfurdo-oroshaza.hu\/wp-content\/uploads\/2012\/04\/Ejszakai_elet.jpg\" class=\"lazyload wp-post-image\" alt=\"\" loading=\"lazy\" \/><span class=\"title\">Viata nocturna la Orosh\u00e1za<\/span><span class=\"text\">La Orosh\u00e1za nu se poate vorbi de viata nocturna in sensul orasilor mari. Vineri si sambata seara insa orasul se invigoreaza.<\/span><\/a><a href=\"https:\/\/gyoparosfurdo-oroshaza.hu\/ro\/programok\/piaclatogatas-oroshazan\" title=\"Piata locala Orosh\u00e1za\" class=\"topten_grid_item\"><span class=\"number\">8<\/span><img width=\"290\" height=\"230\" src=\"https:\/\/gyoparosfurdo-oroshaza.hu\/wp-content\/uploads\/2012\/04\/Piac.jpg\" class=\"lazyload wp-post-image\" alt=\"\" loading=\"lazy\" \/><span class=\"title\">Piata locala Orosh\u00e1za<\/span><span class=\"text\">Daca sunteti la Orosh\u00e1za trebuie sa vizitati piata locala, care desi va aminteste de  timpurile vechi este modern.<\/span><\/a><a href=\"https:\/\/gyoparosfurdo-oroshaza.hu\/ro\/programok\/panorama-kilato\" title=\"Panorama Lookout\" class=\"topten_grid_item\"><span class=\"number\">9<\/span><img width=\"290\" height=\"230\" src=\"https:\/\/gyoparosfurdo-oroshaza.hu\/wp-content\/uploads\/2012\/04\/Panorama_kilato.jpg\" class=\"lazyload wp-post-image\" alt=\"\" loading=\"lazy\" \/><span class=\"title\">Panorama Lookout<\/span><span class=\"text\">Vechiul turn de apa, care in prezent functioneaza ca si turn de observatie cu numele Panor\u00e1ma.<\/span><\/a><a href=\"https:\/\/gyoparosfurdo-oroshaza.hu\/ro\/programok\/paintball\" title=\"Paintball\" class=\"topten_grid_item\"><span class=\"number\">10<\/span><img width=\"290\" height=\"230\" src=\"https:\/\/gyoparosfurdo-oroshaza.hu\/wp-content\/uploads\/2012\/07\/paintball1.jpg\" class=\"lazyload wp-post-image\" alt=\"\" loading=\"lazy\" \/><span class=\"title\">Paintball<\/span><span class=\"text\">Fie vorba despre distractie perfecta sau team-building pentru firme \u2013 paintball este o solutie superba.<\/span><\/a><a href=\"https:\/\/gyoparosfurdo-oroshaza.hu\/ro\/programok\/foter\" title=\"Pia\u021ba principal\u0103\" class=\"topten_grid_item\"><span class=\"number\">11<\/span><img width=\"290\" height=\"230\" src=\"https:\/\/gyoparosfurdo-oroshaza.hu\/wp-content\/uploads\/2012\/04\/seta_kiemelt.jpg\" class=\"lazyload wp-post-image\" alt=\"\" loading=\"lazy\" \/><span class=\"title\">Pia\u021ba principal\u0103<\/span><span class=\"text\">Opri\u021bi, r\u0103cori\u021bi \u0219i pute\u021bi servi cafea \u00een Pia\u021ba principal\u0103 din Orosh\u00e1za \u00een 2013.<\/span><\/a><div class=\"clear\"><\/div><\/div>\n<div class=\"W560\"><span class=\"h3\">Dac\u0103 este ora de var\u0103 \u2013 merge\u021bi la gyop\u00e1ros<\/span><\/p>\n<h2>Dac\u0103 este ora de var\u0103, cel mai bun lucru de f\u0103cut este s\u0103 mergi la spa. La Gyop\u00e1ros o zon\u0103 imens\u0103 este la dispozi\u021bia vizitatorilor. Locul este ideal pentru baie, plaj\u0103, activit\u0103\u021bi sportive, precum: volei pe plaj\u0103, handbal pe plaj\u0103 \u0219i fotbal.<\/h2>\n<p>Piscina \u00een aer liber situat\u0103 \u00een parc este potrivit\u0103 pentru competi\u021bii interna\u021bionale, dar serve\u0219te cerin\u021belor clubului local de \u00eenot \u0219i scuba diving. Aceste sporturi au tradi\u021bii \u00eendelungate \u00een ora\u0219. <a href=\"\/ro\/programok\/strandolas-gyoparosfurdon\" title=\"Parc\"><\/a><\/p>\n<p>Pe un spa\u021biu imens de peste 6&nbsp;000 m2 <a title=\"The adventure spa\" href=\"\/ro\/programok\/elmenyfurdozes-gyoparoson\">adventure spa<\/a> ofer\u0103 distrac\u021bie pe tot parcursul anului. Exist\u0103 trei piscine exterioare \u0219i patru interioare cu diverse elemente de aventur\u0103, cum ar fi: du\u0219 pentru g\u00e2t, ciuperc\u0103, plimb\u0103ri cu r\u00e2ul lene\u0219, masaj culcat, gheizere, scuip\u0103tori de ap\u0103, jeturi de masaj \u0219i cascade fac recreerea \u0219i relaxarea \u0219i mai pl\u0103cute. Iubitorii de tobogane se pot bucura de cobor\u00e2rea a dou\u0103 tobogane uria\u0219e \u00een spiral\u0103 ajung\u00e2nd fie \u00eentr-o piscin\u0103 \u00een aer liber, fie \u00eentr-o piscin\u0103 interioar\u0103.<\/p>\n<p>\u00cen afar\u0103 de sc\u0103ldat, ora\u0219ul \u0219i zona \u00eenconjur\u0103toare ofer\u0103 o mare varietate de programe de prim\u0103var\u0103 p\u00e2n\u0103 toamn\u0103. O destina\u021bie ideal\u0103 pentru excursii de o zi este Lacul Alb de la Kardosk\u00fat-Pusztak\u00f6zpont situat la o distan\u021b\u0103 de 8-10 km. Lacul Alb \u0219i \u00eemprejurimile sale sunt o zon\u0103 de conservare a naturii bogat\u0103 \u00een valori geografice, ornitologice \u0219i biologice. Iubitorii de <a title=\"Cycling\" href=\"https:\/\/gyoparosfurdo-oroshaza.hu\/ro\/programe\/pentru-biciclisti\"> ciclismul<\/a>poate alege dintre trasee de diferite dificult\u0103\u021bi. De\u0219i re\u021beaua local\u0103 de piste pentru bicicli\u0219ti trebuie \u00eembun\u0103t\u0103\u021bit\u0103, \u0219oferii locali sunt foarte toleran\u021bi fa\u021b\u0103 de bicicli\u0219ti. \u00cen acest fel, aceast\u0103 form\u0103 de c\u0103l\u0103torie este sigur\u0103.<\/p>\n<p>\u00cen ultimii ani, Orosh\u00e1za a c\u00e2\u0219tigat faima ca gazd\u0103 a numeroase festivaluri. Diferite evenimente atrag mii de vizitatori \u00een ora\u0219, exist\u00e2nd evenimente aproape \u00een fiecare lun\u0103 a anului, precum: Festivalul Orosh\u00e1za, Festivalul Ficatului de G\u00e2sc\u0103 Orosh\u00e1za, Festivalul P\u00e2inii Europene, Campionatul Interna\u021bional de Cai.<\/p>\n<h3>Imagini<\/h3>\n\n<div class=\"ngg-galleryoverview\" id=\"ngg-gallery-26-36345\">\n\n\n\t\n\t<!-- Thumbnails -->\n\t\t\n\t<div id=\"ngg-image-198\" class=\"ngg-gallery-thumbnail-box\"  >\n\t\t<div class=\"ngg-gallery-thumbnail\" >\n\t\t\t<a href=\"https:\/\/gyoparosfurdo-oroshaza.hu\/wp-content\/gallery\/nyaron\/nyaron_02.jpg\" title=\"Gyop\u00e1rosi parkf\u00fcrd\u0151\" class=\"thickbox\" rel=\"set_26\" >\n\t\t\t\t\t\t\t\t<img title=\"Gyop\u00e1rosi parkf\u00fcrd\u0151\" alt=\"Gyop\u00e1rosi parkf\u00fcrd\u0151\" src=\"https:\/\/gyoparosfurdo-oroshaza.hu\/wp-content\/gallery\/nyaron\/thumbs\/thumbs_nyaron_02.jpg\" width=\"120\" height=\"95\" \/>\n\t\t\t\t\t\t\t<\/a>\n\t\t<\/div>\n\t<\/div>\n\t\n\t\t\n \t\t\n\t<div id=\"ngg-image-200\" class=\"ngg-gallery-thumbnail-box\"  >\n\t\t<div class=\"ngg-gallery-thumbnail\" >\n\t\t\t<a href=\"https:\/\/gyoparosfurdo-oroshaza.hu\/wp-content\/gallery\/nyaron\/nyaron_04.jpg\" title=\"Gyop\u00e1rosi \u00e9lm\u00e9nymedenc\u00e9k\" class=\"thickbox\" rel=\"set_26\" >\n\t\t\t\t\t\t\t\t<img title=\"Gyop\u00e1rosi \u00e9lm\u00e9nymedenc\u00e9k\" alt=\"Gyop\u00e1rosi \u00e9lm\u00e9nymedenc\u00e9k\" src=\"https:\/\/gyoparosfurdo-oroshaza.hu\/wp-content\/gallery\/nyaron\/thumbs\/thumbs_nyaron_04.jpg\" width=\"120\" height=\"95\" \/>\n\t\t\t\t\t\t\t<\/a>\n\t\t<\/div>\n\t<\/div>\n\t\n\t\t\n \t\t\n\t<div id=\"ngg-image-197\" class=\"ngg-gallery-thumbnail-box\"  >\n\t\t<div class=\"ngg-gallery-thumbnail\" >\n\t\t\t<a href=\"https:\/\/gyoparosfurdo-oroshaza.hu\/wp-content\/gallery\/nyaron\/nyaron_01.jpg\" title=\"50 m\u00e9teres sportmedence a parkf\u00fcrd\u0151ben\" class=\"thickbox\" rel=\"set_26\" >\n\t\t\t\t\t\t\t\t<img title=\"50 m\u00e9teres sportmedence a parkf\u00fcrd\u0151ben\" alt=\"50 m\u00e9teres sportmedence a parkf\u00fcrd\u0151ben\" src=\"https:\/\/gyoparosfurdo-oroshaza.hu\/wp-content\/gallery\/nyaron\/thumbs\/thumbs_nyaron_01.jpg\" width=\"120\" height=\"95\" \/>\n\t\t\t\t\t\t\t<\/a>\n\t\t<\/div>\n\t<\/div>\n\t\n\t\t\n \t\t\n\t<div id=\"ngg-image-1008\" class=\"ngg-gallery-thumbnail-box\"  >\n\t\t<div class=\"ngg-gallery-thumbnail\" >\n\t\t\t<a href=\"https:\/\/gyoparosfurdo-oroshaza.hu\/wp-content\/gallery\/nyaron\/parkfurdo_ugras_allo.jpg\" title=\"50 m\u00e9teres sportmedence a parkf\u00fcrd\u0151ben\" class=\"thickbox\" rel=\"set_26\" >\n\t\t\t\t\t\t\t\t<img title=\"50 m\u00e9teres sportmedence a parkf\u00fcrd\u0151ben\" alt=\"50 m\u00e9teres sportmedence a parkf\u00fcrd\u0151ben\" src=\"https:\/\/gyoparosfurdo-oroshaza.hu\/wp-content\/gallery\/nyaron\/thumbs\/thumbs_parkfurdo_ugras_allo.jpg\" width=\"120\" height=\"95\" \/>\n\t\t\t\t\t\t\t<\/a>\n\t\t<\/div>\n\t<\/div>\n\t\n\t\t\n \t\t\n\t<div id=\"ngg-image-1007\" class=\"ngg-gallery-thumbnail-box\"  >\n\t\t<div class=\"ngg-gallery-thumbnail\" >\n\t\t\t<a href=\"https:\/\/gyoparosfurdo-oroshaza.hu\/wp-content\/gallery\/nyaron\/parkfurdo_rendezveny.jpg\" title=\"Rendezv\u00e9ny a parkf\u00fcrd\u0151ben\" class=\"thickbox\" rel=\"set_26\" >\n\t\t\t\t\t\t\t\t<img title=\"Rendezv\u00e9ny a parkf\u00fcrd\u0151ben\" alt=\"Rendezv\u00e9ny a parkf\u00fcrd\u0151ben\" src=\"https:\/\/gyoparosfurdo-oroshaza.hu\/wp-content\/gallery\/nyaron\/thumbs\/thumbs_parkfurdo_rendezveny.jpg\" width=\"120\" height=\"95\" \/>\n\t\t\t\t\t\t\t<\/a>\n\t\t<\/div>\n\t<\/div>\n\t\n\t\t\n \t\t\n\t<div id=\"ngg-image-1003\" class=\"ngg-gallery-thumbnail-box\"  >\n\t\t<div class=\"ngg-gallery-thumbnail\" >\n\t\t\t<a href=\"https:\/\/gyoparosfurdo-oroshaza.hu\/wp-content\/gallery\/nyaron\/elmenyfurdo_napsutes.jpg\" title=\"A gyop\u00e1rosi \u00e9lm\u00e9nyf\u00fcrd\u0151\" class=\"thickbox\" rel=\"set_26\" >\n\t\t\t\t\t\t\t\t<img title=\"A gyop\u00e1rosi \u00e9lm\u00e9nyf\u00fcrd\u0151\" alt=\"A gyop\u00e1rosi \u00e9lm\u00e9nyf\u00fcrd\u0151\" src=\"https:\/\/gyoparosfurdo-oroshaza.hu\/wp-content\/gallery\/nyaron\/thumbs\/thumbs_elmenyfurdo_napsutes.jpg\" width=\"120\" height=\"95\" \/>\n\t\t\t\t\t\t\t<\/a>\n\t\t<\/div>\n\t<\/div>\n\t\n\t\t\n \t\t\n\t<div id=\"ngg-image-1004\" class=\"ngg-gallery-thumbnail-box\"  >\n\t\t<div class=\"ngg-gallery-thumbnail\" >\n\t\t\t<a href=\"https:\/\/gyoparosfurdo-oroshaza.hu\/wp-content\/gallery\/nyaron\/gyoparosfurdo-gyogyfurdo.jpg\" title=\"A gyop\u00e1rosi gy\u00f3gyf\u00fcrd\u0151\" class=\"thickbox\" rel=\"set_26\" >\n\t\t\t\t\t\t\t\t<img title=\"A gyop\u00e1rosi gy\u00f3gyf\u00fcrd\u0151\" alt=\"A gyop\u00e1rosi gy\u00f3gyf\u00fcrd\u0151\" src=\"https:\/\/gyoparosfurdo-oroshaza.hu\/wp-content\/gallery\/nyaron\/thumbs\/thumbs_gyoparosfurdo-gyogyfurdo.jpg\" width=\"120\" height=\"95\" \/>\n\t\t\t\t\t\t\t<\/a>\n\t\t<\/div>\n\t<\/div>\n\t\n\t\t\n \t\t\n\t<div id=\"ngg-image-1005\" class=\"ngg-gallery-thumbnail-box\"  >\n\t\t<div class=\"ngg-gallery-thumbnail\" >\n\t\t\t<a href=\"https:\/\/gyoparosfurdo-oroshaza.hu\/wp-content\/gallery\/nyaron\/gyoparosfurdo_levegobol.jpg\" title=\"Gyop\u00e1rosf\u00fcrd\u0151 a leveg\u0151b\u0151l\" class=\"thickbox\" rel=\"set_26\" >\n\t\t\t\t\t\t\t\t<img title=\"Gyop\u00e1rosf\u00fcrd\u0151 a leveg\u0151b\u0151l\" alt=\"Gyop\u00e1rosf\u00fcrd\u0151 a leveg\u0151b\u0151l\" src=\"https:\/\/gyoparosfurdo-oroshaza.hu\/wp-content\/gallery\/nyaron\/thumbs\/thumbs_gyoparosfurdo_levegobol.jpg\" width=\"120\" height=\"95\" \/>\n\t\t\t\t\t\t\t<\/a>\n\t\t<\/div>\n\t<\/div>\n\t\n\t\t\n \t\t\n\t<div id=\"ngg-image-201\" class=\"ngg-gallery-thumbnail-box\"  >\n\t\t<div class=\"ngg-gallery-thumbnail\" >\n\t\t\t<a href=\"https:\/\/gyoparosfurdo-oroshaza.hu\/wp-content\/gallery\/nyaron\/nyaron_05.jpg\" title=\"Ny\u00e1ri programok\" class=\"thickbox\" rel=\"set_26\" >\n\t\t\t\t\t\t\t\t<img title=\"Ny\u00e1ri programok\" alt=\"Ny\u00e1ri programok\" src=\"https:\/\/gyoparosfurdo-oroshaza.hu\/wp-content\/gallery\/nyaron\/thumbs\/thumbs_nyaron_05.jpg\" width=\"120\" height=\"95\" \/>\n\t\t\t\t\t\t\t<\/a>\n\t\t<\/div>\n\t<\/div>\n\t\n\t\t\n \t\t\n\t<div id=\"ngg-image-202\" class=\"ngg-gallery-thumbnail-box\"  >\n\t\t<div class=\"ngg-gallery-thumbnail\" >\n\t\t\t<a href=\"https:\/\/gyoparosfurdo-oroshaza.hu\/wp-content\/gallery\/nyaron\/nyaron_06.jpg\" title=\"Ny\u00e1ri programok\" class=\"thickbox\" rel=\"set_26\" >\n\t\t\t\t\t\t\t\t<img title=\"Ny\u00e1ri programok\" alt=\"Ny\u00e1ri programok\" src=\"https:\/\/gyoparosfurdo-oroshaza.hu\/wp-content\/gallery\/nyaron\/thumbs\/thumbs_nyaron_06.jpg\" width=\"120\" height=\"95\" \/>\n\t\t\t\t\t\t\t<\/a>\n\t\t<\/div>\n\t<\/div>\n\t\n\t\t\n \t\t\n\t<div id=\"ngg-image-1006\" class=\"ngg-gallery-thumbnail-box\"  >\n\t\t<div class=\"ngg-gallery-thumbnail\" >\n\t\t\t<a href=\"https:\/\/gyoparosfurdo-oroshaza.hu\/wp-content\/gallery\/nyaron\/oroshaza-foter-2.jpg\" title=\"Orosh\u00e1za meg\u00fajult f\u0151tere\" class=\"thickbox\" rel=\"set_26\" >\n\t\t\t\t\t\t\t\t<img title=\"Orosh\u00e1za meg\u00fajult f\u0151tere\" alt=\"Orosh\u00e1za meg\u00fajult f\u0151tere\" src=\"https:\/\/gyoparosfurdo-oroshaza.hu\/wp-content\/gallery\/nyaron\/thumbs\/thumbs_oroshaza-foter-2.jpg\" width=\"120\" height=\"95\" \/>\n\t\t\t\t\t\t\t<\/a>\n\t\t<\/div>\n\t<\/div>\n\t\n\t\t\n \t\t\n\t<div id=\"ngg-image-1009\" class=\"ngg-gallery-thumbnail-box\"  >\n\t\t<div class=\"ngg-gallery-thumbnail\" >\n\t\t\t<a href=\"https:\/\/gyoparosfurdo-oroshaza.hu\/wp-content\/gallery\/nyaron\/foter_ejszaka.jpg\" title=\"Orosh\u00e1za f\u0151tere \u00e9jjel\" class=\"thickbox\" rel=\"set_26\" >\n\t\t\t\t\t\t\t\t<img title=\"Orosh\u00e1za f\u0151tere \u00e9jjel\" alt=\"Orosh\u00e1za f\u0151tere \u00e9jjel\" src=\"https:\/\/gyoparosfurdo-oroshaza.hu\/wp-content\/gallery\/nyaron\/thumbs\/thumbs_foter_ejszaka.jpg\" width=\"120\" height=\"95\" \/>\n\t\t\t\t\t\t\t<\/a>\n\t\t<\/div>\n\t<\/div>\n\t\n\t\t\n \t\t\n\t<div id=\"ngg-image-204\" class=\"ngg-gallery-thumbnail-box\"  >\n\t\t<div class=\"ngg-gallery-thumbnail\" >\n\t\t\t<a href=\"https:\/\/gyoparosfurdo-oroshaza.hu\/wp-content\/gallery\/nyaron\/nyaron_08.jpg\" title=\"Ny\u00e1ri programok\" class=\"thickbox\" rel=\"set_26\" >\n\t\t\t\t\t\t\t\t<img title=\"Ny\u00e1ri programok\" alt=\"Ny\u00e1ri programok\" src=\"https:\/\/gyoparosfurdo-oroshaza.hu\/wp-content\/gallery\/nyaron\/thumbs\/thumbs_nyaron_08.jpg\" width=\"120\" height=\"95\" \/>\n\t\t\t\t\t\t\t<\/a>\n\t\t<\/div>\n\t<\/div>\n\t\n\t\t\n \t\t\n\t<div id=\"ngg-image-205\" class=\"ngg-gallery-thumbnail-box\"  >\n\t\t<div class=\"ngg-gallery-thumbnail\" >\n\t\t\t<a href=\"https:\/\/gyoparosfurdo-oroshaza.hu\/wp-content\/gallery\/nyaron\/nyaron_09.jpg\" title=\"Ny\u00e1ri programok\" class=\"thickbox\" rel=\"set_26\" >\n\t\t\t\t\t\t\t\t<img title=\"Ny\u00e1ri programok\" alt=\"Ny\u00e1ri programok\" src=\"https:\/\/gyoparosfurdo-oroshaza.hu\/wp-content\/gallery\/nyaron\/thumbs\/thumbs_nyaron_09.jpg\" width=\"120\" height=\"95\" \/>\n\t\t\t\t\t\t\t<\/a>\n\t\t<\/div>\n\t<\/div>\n\t\n\t\t\n \t\t\n\t<div id=\"ngg-image-206\" class=\"ngg-gallery-thumbnail-box\"  >\n\t\t<div class=\"ngg-gallery-thumbnail\" >\n\t\t\t<a href=\"https:\/\/gyoparosfurdo-oroshaza.hu\/wp-content\/gallery\/nyaron\/nyaron_10.jpg\" title=\"Ny\u00e1ri programok\" class=\"thickbox\" rel=\"set_26\" >\n\t\t\t\t\t\t\t\t<img title=\"Ny\u00e1ri programok\" alt=\"Ny\u00e1ri programok\" src=\"https:\/\/gyoparosfurdo-oroshaza.hu\/wp-content\/gallery\/nyaron\/thumbs\/thumbs_nyaron_10.jpg\" width=\"120\" height=\"95\" \/>\n\t\t\t\t\t\t\t<\/a>\n\t\t<\/div>\n\t<\/div>\n\t\n\t\t\n \t\t\n\t<div id=\"ngg-image-207\" class=\"ngg-gallery-thumbnail-box\"  >\n\t\t<div class=\"ngg-gallery-thumbnail\" >\n\t\t\t<a href=\"https:\/\/gyoparosfurdo-oroshaza.hu\/wp-content\/gallery\/nyaron\/nyaron_11.jpg\" title=\"Ny\u00e1ri programok\" class=\"thickbox\" rel=\"set_26\" >\n\t\t\t\t\t\t\t\t<img title=\"Ny\u00e1ri programok\" alt=\"Ny\u00e1ri programok\" src=\"https:\/\/gyoparosfurdo-oroshaza.hu\/wp-content\/gallery\/nyaron\/thumbs\/thumbs_nyaron_11.jpg\" width=\"120\" height=\"95\" \/>\n\t\t\t\t\t\t\t<\/a>\n\t\t<\/div>\n\t<\/div>\n\t\n\t\t\n \t \t\n\t<!-- Pagination -->\n \t<div class='ngg-clear'><\/div>\n \t\n<\/div>\n\n\n<\/div>\n","protected":false},"excerpt":{"rendered":"<p>Dac\u0103 este ora de var\u0103 \u2013 merge\u021bi la gyop\u00e1ros Dac\u0103 este ora de var\u0103, cel mai bun lucru de f\u0103cut este s\u0103 mergi la spa. La Gyop\u00e1ros o zon\u0103 imens\u0103 este la dispozi\u021bia vizitatorilor. Locul este ideal pentru baie, plaj\u0103, &hellip; <a href=\"https:\/\/gyoparosfurdo-oroshaza.hu\/ro\/programe\/in-timp-de-vara\">Folytat\u00e1s <span class=\"meta-nav\">&rarr;<\/span><\/a><\/p>\n","protected":false},"author":6,"featured_media":0,"parent":26027,"menu_order":0,"comment_status":"closed","ping_status":"closed","template":"","meta":[],"_links":{"self":[{"href":"https:\/\/gyoparosfurdo-oroshaza.hu\/ro\/wp-json\/wp\/v2\/pages\/36345"}],"collection":[{"href":"https:\/\/gyoparosfurdo-oroshaza.hu\/ro\/wp-json\/wp\/v2\/pages"}],"about":[{"href":"https:\/\/gyoparosfurdo-oroshaza.hu\/ro\/wp-json\/wp\/v2\/types\/page"}],"author":[{"embeddable":true,"href":"https:\/\/gyoparosfurdo-oroshaza.hu\/ro\/wp-json\/wp\/v2\/users\/6"}],"replies":[{"embeddable":true,"href":"https:\/\/gyoparosfurdo-oroshaza.hu\/ro\/wp-json\/wp\/v2\/comments?post=36345"}],"version-history":[{"count":5,"href":"https:\/\/gyoparosfurdo-oroshaza.hu\/ro\/wp-json\/wp\/v2\/pages\/36345\/revisions"}],"predecessor-version":[{"id":36351,"href":"https:\/\/gyoparosfurdo-oroshaza.hu\/ro\/wp-json\/wp\/v2\/pages\/36345\/revisions\/36351"}],"up":[{"embeddable":true,"href":"https:\/\/gyoparosfurdo-oroshaza.hu\/ro\/wp-json\/wp\/v2\/pages\/26027"}],"wp:attachment":[{"href":"https:\/\/gyoparosfurdo-oroshaza.hu\/ro\/wp-json\/wp\/v2\/media?parent=36345"}],"curies":[{"name":"wp","href":"https:\/\/api.w.org\/{rel}","templated":true}]}}