{"id":26474,"date":"2018-11-07T18:21:34","date_gmt":"2018-11-07T17:21:34","guid":{"rendered":"https:\/\/gyoparosfurdo-oroshaza.hu\/orar-de-sarbatori-2018"},"modified":"2018-11-07T18:21:34","modified_gmt":"2018-11-07T17:21:34","slug":"orar-de-sarbatori-2018","status":"publish","type":"page","link":"https:\/\/gyoparosfurdo-oroshaza.hu\/ro\/ofertele-sezoniere\/orar-de-sarbatori-2018","title":{"rendered":"Orar de s\u0103rb\u0103tori 2018"},"content":{"rendered":"<h2>Suntem deschis \u0219i \u00een perioada s\u0103rb\u0103torilor!<\/h2>\n<table>\n<tr>\n<td style=\"background-color: #d0d1d3\" rowspan=\"4\"><span style=\"color: #ff6600; font-size: 13pt; font-weight: bold\">24 decembrie<\/span><br \/>luni<\/td>\n<td style=\"font-style: italic; background-color: #d0d1d3\">Aquapark + Piscine termale<\/td>\n<td style=\"font-style: italic; font-weight: bold; background-color: #d0d1d3\">\u00ceNCHIS<\/td>\n<\/tr>\n<tr>\n<td style=\"font-style: italic; background-color: #d0d1d3\">Parcul de saune<\/td>\n<td style=\"font-style: italic; font-weight: bold; background-color: #d0d1d3\">\u00ceNCHIS<\/td>\n<\/tr>\n<tr>\n<td style=\"font-style: italic; background-color: #d0d1d3\">Tratamente terapeutice<\/td>\n<td style=\"font-style: italic; font-weight: bold; background-color: #d0d1d3\">\u00ceNCHIS<\/td>\n<\/tr>\n<tr>\n<td style=\"color: #000000;font-style: italic; background-color: #d0d1d3\">Masaj Wellness<\/td>\n<td style=\"color: #000000;font-style: italic; font-weight: bold; background-color: #d0d1d3\">\u00ceNCHIS<\/td>\n<\/tr>\n<tr>\n<td rowspan=\"4\"><span style=\"font-size: 13pt; font-weight: bold; color: #ff6600\">25 decembrie<\/span><br \/>mar\u021bi<\/td>\n<td style=\"font-style: italic;\">Aquapark + Piscine termale<\/td>\n<td style=\"font-style: italic;\">10:00-20:00*<\/td>\n<\/tr>\n<tr>\n<td style=\"font-style: italic;\">Parcul de saune<\/td>\n<td style=\"font-style: italic;\">10:00-19:30<\/td>\n<\/tr>\n<tr>\n<td style=\"color: #000000;font-style: italic;\">Tratamente terapeutice (01)<\/td>\n<td style=\"color: #000000;font-style: italic;\">10:30-19:00<\/td>\n<\/tr>\n<tr>\n<td style=\"color: #000000;font-style: italic;\">Masaj Wellness<\/td>\n<td style=\"font-style: italic;\">10:30-19:00<\/td>\n<\/tr>\n<tr>\n<td rowspan=\"4\"><span style=\"color: #ff6600;font-size: 13pt; font-weight: bold\">26 decembrie<\/span><br \/>miercuri<\/td>\n<td style=\"font-style: italic;\">Aquapark + Piscine termale<\/td>\n<td style=\"font-style: italic;\">10:00-20:00*<\/td>\n<\/tr>\n<tr>\n<td style=\"font-style: italic;\">Parcul de saune<\/td>\n<td style=\"font-style: italic;\">10:00-19:30<\/td>\n<\/tr>\n<tr>\n<td style=\"font-style: italic;\">Tratamente terapeutice (01)<\/td>\n<td style=\"font-style: italic; \">10:30-19:00<\/td>\n<\/tr>\n<tr>\n<td style=\"color: #000000;font-style: italic;\">Masaj Wellness<\/span><\/td>\n<td style=\"color: #000000;font-style: italic;\">10:30-19:00<\/td>\n<\/tr>\n<tr>\n<td rowspan=\"5\"><span style=\"font-size: 13pt; font-weight: bold\">27 decembrie<\/span><br \/>joi<\/td>\n<td style=\"font-style: italic;\">Aquapark<\/td>\n<td style=\"font-style: italic;\">10:00-20:00*<\/td>\n<\/tr>\n<td style=\"font-style: italic;\">Piscine termale<\/td>\n<td style=\"font-style: italic;\">8:00-20:00*<\/td>\n<\/tr>\n<tr>\n<td style=\"font-style: italic;\">Parcul de saune<\/td>\n<td style=\"font-style: italic;\">10:00-19:30<\/td>\n<\/tr>\n<tr>\n<td style=\"font-style: italic;\">Tratamente terapeutice (01; 06; 07)<\/td>\n<td style=\"font-style: italic;\">8:00-16:30<\/td>\n<\/tr>\n<tr>\n<td style=\"color: #000000;font-style: italic;\">Masaj Wellness<\/td>\n<td style=\"color: #000000;font-style: italic;\">8:00-19:00<\/td>\n<\/tr>\n<tr>\n<td rowspan=\"5\"><span style=\"font-size: 13pt; font-weight: bold\">28 decembrie<\/span><br \/>vineri<\/td>\n<td style=\"font-style: italic;\">Aquapark<\/td>\n<td style=\"font-style: italic; \">10:00-20:00*<\/td>\n<\/tr>\n<\/tr>\n<td style=\"font-style: italic;\">Piscine termale<\/td>\n<td style=\"font-style: italic;\">8:00-20:00*<\/td>\n<\/tr>\n<tr>\n<td style=\"font-style: italic;\">Parcul de saune<\/td>\n<td style=\"font-style: italic; \">10:00-19:30<\/td>\n<\/tr>\n<tr>\n<td style=\"font-style: italic;\">Tratamente terapeutice (01; 06; 07)<\/td>\n<td style=\"font-style: italic;\">8:00-16:30<\/td>\n<\/tr>\n<tr>\n<td style=\"color: #000000;font-style: italic;\">Masaj Wellness<\/td>\n<td style=\"color: #000000;font-style: italic;\">8:00-19:00<\/td>\n<\/tr>\n<tr>\n<td rowspan=\"5\"><span style=\"font-size: 13pt; font-weight: bold\">29 decembrie<\/span><br \/>s\u00e2mb\u0103t\u0103<\/td>\n<td style=\"font-style: italic;\">Aquapark \u2013 <a href=\"\/ro\/programok\/ejszakai-furdozes\" title=\"Baie nocturn\u0103\">Baie nocturn\u0103<\/a><\/td>\n<td style=\"font-style: italic;\">10:00-24:00*<\/td>\n<\/tr>\n<tr>\n<td style=\"font-style: italic;\">Piscine termale<\/td>\n<td style=\"font-style: italic;\">10:00-20:00*<\/td>\n<\/tr>\n<tr>\n<td style=\"font-style: italic;\">Parcul de saune \u2013 <a href=\"\/ro\/programok\/ejszakai-furdozes\" title=\"Baie nocturn\u0103\">Baie nocturn\u0103<\/a><\/td>\n<td style=\"font-style: italic;\">10:00-23:30<\/td>\n<\/tr>\n<tr>\n<td style=\"font-style: italic;\">Tratamente terapeutice (01; 06; 07)<\/td>\n<td style=\"font-style: italic;\">10:00-16:30<\/td>\n<\/tr>\n<tr>\n<td style=\"color: #000000;font-style: italic;\">Masaj Wellness<\/td>\n<td style=\"color: #000000;font-style: italic;\">10:00-22:00<\/td>\n<\/tr>\n<td rowspan=\"5\"><span style=\"font-size: 13pt; font-weight: bold\">30 decembrie<\/span><br \/>duminic\u0103<\/td>\n<td style=\"font-style: italic;\">Aquapark<\/td>\n<td style=\"font-style: italic;\">10:00-20:00*<\/td>\n<\/tr>\n<tr>\n<td style=\"font-style: italic;\">Piscine termale<\/td>\n<td style=\"font-style: italic;\">10:00-20:00*<\/td>\n<\/tr>\n<tr>\n<td style=\"font-style: italic;\">Parcul de saune \u2013 <a href=\"\/ro\/programok\/ejszakai-furdozes\" title=\"Baie nocturn\u0103\">Baie nocturn\u0103<\/a><\/td>\n<td style=\"font-style: italic;\">10:00-19:30<\/td>\n<\/tr>\n<tr>\n<td style=\"font-style: italic;\">Tratamente terapeutice (01)<\/td>\n<td style=\"font-style: italic;\">10:00-19:00<\/td>\n<\/tr>\n<tr>\n<td style=\"color: #000000;font-style: italic;\">Masaj Wellness<\/td>\n<td style=\"color: #000000;font-style: italic;\">10:30-19:00<\/td>\n<\/tr>\n<tr>\n<td rowspan=\"4\" style=\"background-color: #d0d1d3\"><span style=\"font-size: 13pt; font-weight: bold\">31 decembrie<\/span><br \/>luni<\/td>\n<td style=\"font-style: italic; background-color: #d0d1d3\">Aquapark + Piscine termale<\/td>\n<td style=\"font-style: italic; background-color: #d0d1d3; font-weight: bold\">10:00-18:00*<\/td>\n<\/tr>\n<tr>\n<td style=\"font-style: italic; background-color: #d0d1d3\">Parcul de saune<\/td>\n<td style=\"font-style: italic; background-color: #d0d1d3; font-weight: bold\">10:00-17:30<\/td>\n<\/tr>\n<tr>\n<td style=\"color: #000000; background-color: #d0d1d3\">Tratamente terapeutice (01)<\/td>\n<td style=\"color: #000000;font-style: italic; background-color: #d0d1d3; font-weight: bold\">10:00-18:00<\/td>\n<\/tr>\n<tr>\n<td style=\"color: #000000; background-color: #d0d1d3\">Masaj Wellness<\/td>\n<td style=\"font-style: italic; background-color: #d0d1d3; font-weight: bold\">10:00-18:00<\/td>\n<\/tr>\n<tr>\n<td rowspan=\"4\"><span style=\"color: #ff6600; font-size: 13pt; font-weight: bold\">1 ianuarie<\/span><br \/>mar\u021bi<\/td>\n<td style=\"color: #000000\">Aquapark + Piscine termale<\/td>\n<td style=\"font-style: italic; \">10:00-20:00*<\/td>\n<\/tr>\n<tr>\n<td>Parcul de saune<\/td>\n<td style=\"font-style: italic;\">10:00-19:30<\/td>\n<\/tr>\n<tr>\n<td>Tratamente terapeutice (01)<\/td>\n<td style=\"font-style: italic\">10:30-19:00<\/td>\n<\/tr>\n<tr>\n<td style=\"color: #000000;\">Masaj Wellness<\/td>\n<td style=\"font-style: italic; \">10:30-19:00<\/td>\n<\/tr>\n<tr>\n<td colspan=\"3\" style=\"font-size: 13pt; font-weight: bold;\">\u00eencep\u00e2nd din 2 ianuarie 2018. func\u021bion\u0103m conform <a href=\"https:\/\/gyoparosfurdo-oroshaza.hu\/ro\/gyoparosfurdo\/orar\" title=\"Orar normal B\u0103ile Gyop\u00e1ros\">orariului normal<\/a>!<\/td>\n<\/tr>\n<p><\/TABLE><\/p>\n<p><i>*Piscinele se \u00eenchid 30 minute \u00eenainte de ora de \u00eenchidere!<\/i><\/p>\n<h3>Linkuri relevante<\/h3>\n<ul style=\"padding-bottom: 20px\">\n<li><a href=\"https:\/\/gyoparosfurdo-oroshaza.hu\/ro\/gyoparosfurdo\/orar\">Orar normal B\u0103ile Gyop\u00e1ros<\/a><\/li>\n<li><a href=\"https:\/\/gyoparosfurdo-oroshaza.hu\/ro\/gyoparosfurdo\/baile-de-agrement\">Aquapark<\/a><\/li>\n<li><a href=\"https:\/\/gyoparosfurdo-oroshaza.hu\/ro\/gyoparosfurdo\/baile-termale\">Piscine termale<\/a><\/li>\n<li><a href=\"https:\/\/gyoparosfurdo-oroshaza.hu\/ro\/gyoparosfurdo\/complexul-de-saune\">Parcul de saun\u0103<\/a><\/li>\n<li><a href=\"\/ro\/programok\/ejszakai-furdozes\">Baie nocturn\u0103<\/a><\/li>\n<\/ul>\n","protected":false},"excerpt":{"rendered":"<p>Suntem deschis \u0219i \u00een perioada s\u0103rb\u0103torilor! 24 decembrieluni Aquapark + Piscine termale \u00ceNCHIS Parcul de saune \u00ceNCHIS Tratamente terapeutice \u00ceNCHIS Masaj Wellness \u00ceNCHIS 25 decembriemar\u021bi Aquapark + Piscine termale 10:00-20:00* Parcul de saune 10:00-19:30 Tratamente terapeutice (01) 10:30-19:00 Masaj Wellness &hellip; <a href=\"https:\/\/gyoparosfurdo-oroshaza.hu\/ro\/ofertele-sezoniere\/orar-de-sarbatori-2018\">Folytat\u00e1s <span class=\"meta-nav\">&rarr;<\/span><\/a><\/p>\n","protected":false},"author":6,"featured_media":0,"parent":26381,"menu_order":0,"comment_status":"closed","ping_status":"closed","template":"","meta":[],"_links":{"self":[{"href":"https:\/\/gyoparosfurdo-oroshaza.hu\/ro\/wp-json\/wp\/v2\/pages\/26474"}],"collection":[{"href":"https:\/\/gyoparosfurdo-oroshaza.hu\/ro\/wp-json\/wp\/v2\/pages"}],"about":[{"href":"https:\/\/gyoparosfurdo-oroshaza.hu\/ro\/wp-json\/wp\/v2\/types\/page"}],"author":[{"embeddable":true,"href":"https:\/\/gyoparosfurdo-oroshaza.hu\/ro\/wp-json\/wp\/v2\/users\/6"}],"replies":[{"embeddable":true,"href":"https:\/\/gyoparosfurdo-oroshaza.hu\/ro\/wp-json\/wp\/v2\/comments?post=26474"}],"version-history":[{"count":0,"href":"https:\/\/gyoparosfurdo-oroshaza.hu\/ro\/wp-json\/wp\/v2\/pages\/26474\/revisions"}],"up":[{"embeddable":true,"href":"https:\/\/gyoparosfurdo-oroshaza.hu\/ro\/wp-json\/wp\/v2\/pages\/26381"}],"wp:attachment":[{"href":"https:\/\/gyoparosfurdo-oroshaza.hu\/ro\/wp-json\/wp\/v2\/media?parent=26474"}],"curies":[{"name":"wp","href":"https:\/\/api.w.org\/{rel}","templated":true}]}}