{"id":26458,"date":"2018-03-27T22:17:14","date_gmt":"2018-03-27T20:17:14","guid":{"rendered":"https:\/\/gyoparosfurdo-oroshaza.hu\/vara-din-oroshaza-2018"},"modified":"2018-03-27T22:17:14","modified_gmt":"2018-03-27T20:17:14","slug":"vara-din-oroshaza-2018","status":"publish","type":"page","link":"https:\/\/gyoparosfurdo-oroshaza.hu\/ro\/vara-din-oroshaza-2018","title":{"rendered":"Vara din Orosh\u00e1za 2018"},"content":{"rendered":"<h2>\u00cen cadrul seriei de programe Vara din Orosh\u00e1za 2018 v\u0103 a\u0219tept\u0103m cu programe interesante \u00een FIECARE WEEK-END p\u00e2n\u0103 la \u00eenceputul lunii septembrie. Orosh\u00e1za \u0219i B\u0103ile Gyop\u00e1ros \u00ee\u0219i a\u0219teapt\u0103 vizitatorii cu numeroase concerte, evenimente \u0219i distrac\u021bii!<\/h2>\n<p><img loading=\"lazy\" src=\"\/wp-content\/uploads\/2018\/03\/oroshazi-nyar-2018.png\" alt=\"Vara din Orosh\u00e1za 2018\" width=\"580\" height=\"334\" \/><\/p>\n<p style=\"font-size: 20px; font-style: italic; border-bottom: 1px solid #868d99 !important; width: 100%; margin-top: 15px;\u00a0padding-bottom: 5px; margin-bottom: 10px\">Programe de var\u0103<\/p>\n<h3 class=\"summer\">8. septembrie 2018. (s\u00e2mb\u0103t\u0103)<\/h3>\n<h4 class=\"summer\">Concerte \u00een Pia\u021ba Principal\u0103<\/h4>\n<p><span class=\"summerLocul\">Locul:<\/span> <a href=\"\/ro\/programok\/foter\" title=\"Pia\u021ba Principal\u0103 Orosh\u00e1za\">Pia\u021ba Principal\u0103 Orosh\u00e1za<\/a><br \/>\n<span class=\"summerprogram\">Programe:<\/span><\/p>\n<ul class=\"summerul\">\n<li>17:30 Borsodi Blues Collective\n<li>20:00 Concert memorial Jimi Hendrix<br \/>Halper Hendrix, forma\u021bia Experiment \u0219i T\u00f6r\u00f6k \u00c1d\u00e1m, Szakcsi Lakatos B\u00e9la, K\u0151szegi Imre, Solti J\u00e1nos, Rick Toldon<\/ul>\n<div class=\"topten_slider_title\"><span class=\"h3\">Programe Top<\/span><a href=\"https:\/\/gyoparosfurdo-oroshaza.hu\/ro\/programe\" title=\"Programe \u00bb\">Programe \u00bb<\/a><\/div><div class=\"topten_container topten_slider\" id=\"topten_slider\"><ul class=\"topten_inner\"><li class=\"topten_item\" data-id=\"tsi_1\"><a href=\"\/ro\/programe\/pentru-amatori-de-sport\" title=\"Amatori de sport\" class=\"topten_link\" style=\"background: url(\/wp-content\/uploads\/2012\/05\/sportbaratoknak-top-programok-gyoparosfurdon.jpg) top left no-repeat;\"><span class=\"title\">Amatori de sport<\/span><\/a><a href=\"\/ro\/programe\/cu-masina\" title=\"Cu masina\" class=\"topten_link\" style=\"background: url(\/wp-content\/uploads\/2012\/05\/autoval-top-programok-gyoparosfurdon.jpg) top left no-repeat;\"><span class=\"title\">Cu masina<\/span><\/a><a href=\"\/ro\/programe\/pentru-amatori-de-cultura\" title=\"Amatori de cultura\" class=\"topten_link\" style=\"background: url(\/wp-content\/uploads\/2012\/05\/kulturabaratoknak-top-programok-gyoparosfurdon.jpg) top left no-repeat;\"><span class=\"title\">Amatori de cultura<\/span><\/a><a href=\"\/ro\/programe\/pentru-o-singura-saptamana\" title=\"Saptamana\" class=\"topten_link\" style=\"background: url(\/wp-content\/uploads\/2012\/05\/1-hetre-top-programok-gyoparosfurdon.jpg) top left no-repeat;\"><span class=\"title\">Saptamana<\/span><\/a><a href=\"\/ro\/programe\/pentru-pescatori\" title=\"Pentru pescatori \" class=\"topten_link\" style=\"background: url(\/wp-content\/uploads\/2012\/05\/horgaszoknak-top-programok-gyoparosfurdon.jpg) top left no-repeat;\"><span class=\"title\">Pentru pescatori <\/span><\/a><a href=\"\/ro\/programe\/pentru-fotografi\" title=\"Pentru fotografi\" class=\"topten_link\" style=\"background: url(\/wp-content\/uploads\/2012\/05\/fotosoknak-top-programok-gyoparosfurdon.jpg) top left no-repeat;\"><span class=\"title\">Pentru fotografi<\/span><\/a><\/li><li class=\"topten_item\" data-id=\"tsi_2\"><a href=\"\/ro\/programe\/in-timp-de-iarna\" title=\"In timp de iarna \" class=\"topten_link\" style=\"background: url(\/wp-content\/uploads\/2012\/05\/telen-top-programok-gyoparosfurdon.jpg) top left no-repeat;\"><span class=\"title\">In timp de iarna <\/span><\/a><a href=\"\/ro\/programe\/pentru-familii\" title=\"Pentru familii\" class=\"topten_link\" style=\"background: url(\/wp-content\/uploads\/2012\/05\/csaladosoknak-top-programok-gyoparosfurdon.jpg) top left no-repeat;\"><span class=\"title\">Pentru familii<\/span><\/a><a href=\"\/ro\/programe\/pentru-cupluri\" title=\"Pentru cupluri\" class=\"topten_link\" style=\"background: url(\/wp-content\/uploads\/2012\/05\/paroknak-top-programok-gyoparosfurdon.jpg) top left no-repeat;\"><span class=\"title\">Pentru cupluri<\/span><\/a><a href=\"\/ro\/programe\/pentru-o-singura-zi\" title=\"O singura zi\" class=\"topten_link\" style=\"background: url(\/wp-content\/uploads\/2012\/05\/1-napra-top-programok-gyoparosfurdon.jpg) top left no-repeat;\"><span class=\"title\">O singura zi<\/span><\/a><a href=\"\/ro\/programe\/pentru-biciclisti\" title=\"Pentru biciclisti\" class=\"topten_link\" style=\"background: url(\/wp-content\/uploads\/2012\/05\/kerekparosoknak-top-programok-gyoparosfurdon.jpg) top left no-repeat;\"><span class=\"title\">Pentru biciclisti<\/span><\/a><a href=\"\/ro\/programe\/programe-pentru-un-week-end\" title=\"Un week-end\" class=\"topten_link\" style=\"background: url(\/wp-content\/uploads\/2012\/05\/hetvegere-top-programok-gyoparosfurdon.jpg) top left no-repeat;\"><span class=\"title\">Un week-end<\/span><\/a><\/li><li class=\"topten_item\" data-id=\"tsi_3\"><a href=\"\/ro\/programe\/in-timp-de-vara\" title=\"In timp de vara\" class=\"topten_link\" style=\"background: url(\/wp-content\/uploads\/2012\/05\/nyaron-top-programok-gyoparosfurdon.jpg) top left no-repeat;\"><span class=\"title\">In timp de vara<\/span><\/a><a href=\"\/ro\/programe\/tineri\" title=\"Pentru tineri\" class=\"topten_link\" style=\"background: url(\/wp-content\/uploads\/2012\/05\/fiataloknak-top-programok-gyoparosfurdon.jpg) top left no-repeat;\"><span class=\"title\">Pentru tineri<\/span><\/a><\/ul><div class=\"lapozobox\"><span id=\"lprev\"><\/span><span id=\"lnext\"><\/span><span id=\"ts_1\" class=\"active\"><\/span><span id=\"ts_2\" ><\/span><span id=\"ts_3\" ><\/span><\/div><\/div>\n","protected":false},"excerpt":{"rendered":"<p>\u00cen cadrul seriei de programe Vara din Orosh\u00e1za 2018 v\u0103 a\u0219tept\u0103m cu programe interesante \u00een FIECARE WEEK-END p\u00e2n\u0103 la \u00eenceputul lunii septembrie. Orosh\u00e1za \u0219i B\u0103ile Gyop\u00e1ros \u00ee\u0219i a\u0219teapt\u0103 vizitatorii cu numeroase concerte, evenimente \u0219i distrac\u021bii! Programe de var\u0103 8. septembrie &hellip; <a href=\"https:\/\/gyoparosfurdo-oroshaza.hu\/ro\/vara-din-oroshaza-2018\">Folytat\u00e1s <span class=\"meta-nav\">&rarr;<\/span><\/a><\/p>\n","protected":false},"author":6,"featured_media":0,"parent":0,"menu_order":0,"comment_status":"closed","ping_status":"closed","template":"","meta":[],"_links":{"self":[{"href":"https:\/\/gyoparosfurdo-oroshaza.hu\/ro\/wp-json\/wp\/v2\/pages\/26458"}],"collection":[{"href":"https:\/\/gyoparosfurdo-oroshaza.hu\/ro\/wp-json\/wp\/v2\/pages"}],"about":[{"href":"https:\/\/gyoparosfurdo-oroshaza.hu\/ro\/wp-json\/wp\/v2\/types\/page"}],"author":[{"embeddable":true,"href":"https:\/\/gyoparosfurdo-oroshaza.hu\/ro\/wp-json\/wp\/v2\/users\/6"}],"replies":[{"embeddable":true,"href":"https:\/\/gyoparosfurdo-oroshaza.hu\/ro\/wp-json\/wp\/v2\/comments?post=26458"}],"version-history":[{"count":0,"href":"https:\/\/gyoparosfurdo-oroshaza.hu\/ro\/wp-json\/wp\/v2\/pages\/26458\/revisions"}],"wp:attachment":[{"href":"https:\/\/gyoparosfurdo-oroshaza.hu\/ro\/wp-json\/wp\/v2\/media?parent=26458"}],"curies":[{"name":"wp","href":"https:\/\/api.w.org\/{rel}","templated":true}]}}