{"id":26445,"date":"2018-01-08T17:24:00","date_gmt":"2018-01-08T16:24:00","guid":{"rendered":"https:\/\/gyoparosfurdo-oroshaza.hu\/intrare-gratuita-la-baile-gyoparos-da"},"modified":"2018-01-08T17:24:00","modified_gmt":"2018-01-08T16:24:00","slug":"intrare-gratuita-la-baile-gyoparos-da","status":"publish","type":"page","link":"https:\/\/gyoparosfurdo-oroshaza.hu\/ro\/intrare-gratuita-la-baile-gyoparos-da","title":{"rendered":"Intrare gratuit\u0103 la B\u0103ile Gyop\u00e1ros? Da!"},"content":{"rendered":"<h2>\u00cen perioada februarie \u0219i martie 2018 oaspe\u021bii din Rom\u00e2nia vor fi \u00eent\u00e2mpina\u021bi cu o surpriz\u0103 extraordinar\u0103. <\/h2>\n<h3>Promo\u021bie 1+1 la B\u0103ile Gyop\u00e1ros<\/h3>\n<p>\u00cen perioada februarie \u2013 martie oaspe\u021bii de peste hotare la cump\u0103rarea unui bilet la aquapark \u0219i b\u0103ile termale vor primi al doilea bilet gratuit la complexul balnear din B\u0103ile Gyop\u00e1ros.<\/p>\n<p>\u00cen cazul \u00een care vizita\u021bi b\u0103ile Orosh\u00e1za-Gyop\u00e1rosf\u00fcrd\u0151 cu familia sau partener, ve\u021bi primi dou\u0103 bilete la pre\u021bul unuia prin prezentarea c\u0103r\u021bii de identitate sau a pa\u0219aportului. V\u0103 oferim un cadru natural de frumuse\u021be unic\u0103, parc de saun\u0103, aquapark, b\u0103i termale \u0219i masaje speciale. Pentru a ajunge la noi, trebuie s\u0103 face\u021bi doar o scurt\u0103 c\u0103l\u0103torie. <\/p>\n<ul>\n<li><a href=\"https:\/\/gyoparosfurdo-oroshaza.hu\/ro\/gyoparosfurdo\/baile-de-agrement\">Aquapark<\/a><\/li>\n<li><a href=\"https:\/\/gyoparosfurdo-oroshaza.hu\/ro\/gyoparosfurdo\/parcul-si-strandul\">\u0218trand<\/a><\/li>\n<li><a href=\"https:\/\/gyoparosfurdo-oroshaza.hu\/ro\/gyoparosfurdo\/baile-termale\">B\u0103i termale<\/a><\/li>\n<li><a href=\"https:\/\/gyoparosfurdo-oroshaza.hu\/ro\/gyoparosfurdo\/complexul-de-saune\">Saune<\/a><\/li>\n<li><a href=\"https:\/\/gyoparosfurdo-oroshaza.hu\/ro\/cazare\">Cazare<\/a><\/li>\n<\/ul>\n<p><b>V\u0103 a\u0219tept\u0103m cu drag la Orosh\u00e1za-Gyop\u00e1rosf\u00fcrd\u0151!<\/b><\/p>\n<p><img loading=\"lazy\" src=\"\/wp-content\/uploads\/2018\/01\/egypluszegy-560-ro.jpg\" alt=\"\u00cen perioada februarie \u0219i martie 2018 oaspe\u021bii din Rom\u00e2nia vor fi \u00eent\u00e2mpina\u021bi cu o surpriz\u0103 extraordinar\u0103. \" width=\"560\" height=\"560\" \/><\/p>\n","protected":false},"excerpt":{"rendered":"<p>\u00cen perioada februarie \u0219i martie 2018 oaspe\u021bii din Rom\u00e2nia vor fi \u00eent\u00e2mpina\u021bi cu o surpriz\u0103 extraordinar\u0103. Promo\u021bie 1+1 la B\u0103ile Gyop\u00e1ros \u00cen perioada februarie \u2013 martie oaspe\u021bii de peste hotare la cump\u0103rarea unui bilet la aquapark \u0219i b\u0103ile termale vor &hellip; <a href=\"https:\/\/gyoparosfurdo-oroshaza.hu\/ro\/intrare-gratuita-la-baile-gyoparos-da\">Folytat\u00e1s <span class=\"meta-nav\">&rarr;<\/span><\/a><\/p>\n","protected":false},"author":6,"featured_media":0,"parent":0,"menu_order":0,"comment_status":"closed","ping_status":"closed","template":"","meta":[],"_links":{"self":[{"href":"https:\/\/gyoparosfurdo-oroshaza.hu\/ro\/wp-json\/wp\/v2\/pages\/26445"}],"collection":[{"href":"https:\/\/gyoparosfurdo-oroshaza.hu\/ro\/wp-json\/wp\/v2\/pages"}],"about":[{"href":"https:\/\/gyoparosfurdo-oroshaza.hu\/ro\/wp-json\/wp\/v2\/types\/page"}],"author":[{"embeddable":true,"href":"https:\/\/gyoparosfurdo-oroshaza.hu\/ro\/wp-json\/wp\/v2\/users\/6"}],"replies":[{"embeddable":true,"href":"https:\/\/gyoparosfurdo-oroshaza.hu\/ro\/wp-json\/wp\/v2\/comments?post=26445"}],"version-history":[{"count":0,"href":"https:\/\/gyoparosfurdo-oroshaza.hu\/ro\/wp-json\/wp\/v2\/pages\/26445\/revisions"}],"wp:attachment":[{"href":"https:\/\/gyoparosfurdo-oroshaza.hu\/ro\/wp-json\/wp\/v2\/media?parent=26445"}],"curies":[{"name":"wp","href":"https:\/\/api.w.org\/{rel}","templated":true}]}}