{"id":26404,"date":"2017-10-23T11:29:33","date_gmt":"2017-10-23T09:29:33","guid":{"rendered":"https:\/\/gyoparosfurdo-oroshaza.hu\/masaje"},"modified":"2017-10-23T11:29:33","modified_gmt":"2017-10-23T09:29:33","slug":"masaje","status":"publish","type":"page","link":"https:\/\/gyoparosfurdo-oroshaza.hu\/ro\/gyoparosfurdo\/masaje","title":{"rendered":"Masaje"},"content":{"rendered":"<p><img loading=\"lazy\" class=\"alignleft\" alt=\"Wellness Orosh\u00e1za\" src=\"\/wp-content\/uploads\/2017\/02\/kis-masszazs.jpg\" width=\"190\" height=\"160\" class=\"alignleft\" style=\"margin-bottom: 10px\" \/>\u00cen afara masajelor terapeutice complexul balnear V\u0103 ofer\u0103 o vast\u0103 gam\u0103 de <b>masaje speciale<\/b> la tarifele indicate. Pentru apuntamente vizita\u021bi pagina suna\u021bi numerele  <a href=\"tel:+3668512260\" title=\"+36 (68) 512-260\">+36 (68) 512-260<\/a> \u0219i <a href=\"tel:+3668512262\" title=\"+36 (68) 512-262\">+36 (68) 512-262<\/a> sau \u00een mod personal la casele centrului medical. <\/p>\n<p><i>Un sfat util: merit\u0103 s\u0103 V\u0103 cere\u021bi apuntament \u00een timp, pentru a petrece un timp perfect la complexul balnear. <\/i><\/p>\n<div style=\"clear: both\"><\/div>\n<p>Pentru orice alte informa\u021bii \u00een leg\u0103tur\u0103 cu masaje, colegii no\u0219tri de la centrul medical V\u0103 stau la dispozi\u021bie. Pentru informa\u021bii despre tarifele masajelor vizita\u021bi <a href=\"https:\/\/gyoparosfurdo-oroshaza.hu\/ro\/gyoparosfurdo\/tarife\" title=\"Gyop\u00e1rosf\u00fcrd\u0151 lista de pre\u021buri\">lista de pre\u021buri<\/a>.<\/p>\n<h3>Masaj revigorant<\/h3>\n<p>Durata tratamentului 15 sau 25 miute. Tratamentul se bazaeaz\u0103 pe tehnici specifice masajului suedez. Cu ajutorul acestui masaj se stimuleaz\u0103 supletea, elasticitatea pielii \u015fi a \u0163esuturilor subcutanate, se intensific\u0103 circula\u0163ia s\u00e2ngelui, astfel organismul furnizeaz\u0103  mai mult oxigen \u00een \u021besuturi. Scopul masajului este tratamentul spasmelor musculare cauzate de stres, \u00eembun\u0103t\u0103\u021birea performan\u021bei, regenerare \u00een urma oboselii sau reabilita\u021bie \u00een urma diferitelor r\u0103niri.   <\/p>\n<h3>Perla C\u00e2mpiei masaj cu ap\u0103 termal\u0103 s\u0103rat\u0103<\/h3>\n<p>Durata tratamentului 25 minute. Crema de masaj se amestec\u0103 cu ap\u0103 termal\u0103 \u0219i sare marin\u0103. Apa termal\u0103 este bogat\u0103 \u00een minerale, care sunt de importan\u021b\u0103 deosebit\u0103 pentru organism, \u00een plus au un efect hidratant deasupra pielii. <\/p>\n<h3>Masaj Breuss<\/h3>\n<p>Durata tratamentului 35 minute. Se folosesc mi\u015fc\u0103ri \u015fi tehnici u\u015foare, bl\u00e2nde \u015fi relaxante. Scopul tratamentului este regenerarea \u021besuturilor spinali \u0219i al sistemului nervos, activeaz\u0103 re\u00eennoirea organismului. Pe parcursul tratamentului aten\u021bia major\u0103 este acordat\u0103 coloanei vertebrale, astfel datorit\u0103 uleiului de sun\u0103toare folosit \u0219i a tehnicilor de masaj speciale toracele se relaxeaz\u0103, presiunea deasupra discurilor este redus\u0103, regenerarea lor se intensific\u0103. Tratamentul amelioreaz\u0103 flexibilitatea discurilor intervertebrale. \u00cen cazul problemelor mai grave merit\u0103 s\u0103 aplica\u021bi terapia Dorn, pentru o mai mare eficien\u021b\u0103. <\/p>\n<h3>Masaj capilar relaxant<\/h3>\n<p>Durata tratamentului 25 minute. Masarea punctelor de presopunctur\u0103 de pe cap, fa\u021b\u0103, g\u00e2t \u0219i umere are un efect calmant, relaxant, astfel tratamentul este recomandat \u00een special persoanelor care desf\u0103\u0219oar\u0103 o activitate intelectual\u0103 obositoare.<br \/>\nPe l\u00e2ng\u0103 reducerea durerilor masajul capilar stimuleaz\u0103 circula\u0163ia sanguin\u0103 a scalpului, astfel p\u0103rul devine mai s\u0103n\u0103tos, atenueaz\u0103 spasmele musculare \u00een zona g\u00e2tului \u0219i umerelor, totodat\u0103 corpul se umpl\u0103 de energie. <\/p>\n<h3>Masaj de talp\u0103<\/h3>\n<p>Durata tratamentului 25 minute. Masajul de talp\u0103 amelioreaz\u0103 func\u021bionarea sistemului nervos, hormonal \u0219i imunitar, totodat\u0103 echilibreaz\u0103 circula\u0163ia de energie, de s\u00e2nge \u0219i limf\u0103. <\/p>\n<h3>Masaj de drenaj limfatic<\/h3>\n<p>Durata tratamentului 55 minute. Masajul de drenaj limfatic reduce \u00een mod eficient umfl\u0103rile pe membrele inferioare \u0219i superioare cauzate de ganglionii limfatici. Prin activarea circula\u021biei limfatice se intensific\u0103 procesele de auto-purificare \u0219i detoxifiere, eliminarea toxinelor se realizeaz\u0103 prin rinichi \u0219i sitemul digestiv. Procesul de detoxifiere stimuleaz\u0103 sistemul imunitar, ceea ce are efect pozitiv deasupra proceselor de auto-vindecare. Masajul de drenaj limfatic are un efect benefic \u0219i deasupra sistemului nervos. Tratamentul calmeaz\u0103, relaxeaz\u0103, promoveaz\u0103 somnul odihnitor, amelioreaz\u0103 starea spiritual\u0103. Completeaz\u0103 \u00een mod perfect cura de sl\u0103bire, poate fi aplicat \u00eenainte sau \u00een urma unei cure de lichide. Un efect \u0219i mai bun poate fi ob\u021binut \u0219i prin sauna cu infraro\u0219ii, ceea ce este recomandat numai \u00een urma masajului de drenaj limfatic. Datorit\u0103 faptului c\u0103 masajul limfatic are \u0219i anumite riscuri sanitare, acest tratament poate fi efectuat numai cu aprobarea medicului!<\/p>\n<h3>Masaj Bounty cu ulei de cocos<\/h3>\n<p>Durata tratamentului 25 minute. Uleiul de coco\u0219 aplicat pe parcursul tratamentului \u00eenmoaie pielea, \u00eencetine\u0219te \u00eemb\u0103tr\u00eenirea pielii \u0219i protejeaz\u0103 pielea \u00eempotriva radia\u021biilor ultraviolete. Acest ulei natural este foarte bogat \u00een antioxidan\u021bi \u0219i gr\u0103simi s\u0103turate, astfel este foarte eficient \u00een hidratea pielii uscate \u0219i \u00eempiedic\u0103 dehidratarea. <\/p>\n<h3>Masaj cu crem\u0103 de scor\u021bi\u0219oar\u0103<\/h3>\n<p>Durata tratamentului 25 minute. Prin crema de scor\u021bi\u0219oar\u0103 se amelioreaz\u0103 elasticitatea \u0219i tonusul pielii, combate ridurile, regenereaz\u0103 \u021besuturile, intensific\u0103 circula\u0163ia sanguin\u0103 \u0219i are efect pozitiv \u00een arderea gr\u0103similor. <\/p>\n<h3>Masaj cu p\u0103linc\u0103 de prune \u0219i fructe<\/h3>\n<p>Durata tratamentului 25 minute. Maseurul folose\u0219te pentru masaj crem\u0103 de masaj, p\u0103linc\u0103 de prune \u0219i gem de prune. Prunele sunt o important\u0103 surs\u0103 bogat\u0103 \u0219i natural\u0103 de fier, calciu, potasiu, dezinfecteaz\u0103 \u0219i degraseaz\u0103 pielea. <\/p>\n<h3>Masaj Nofretete<\/h3>\n<p>Durata tratamentului 25 minute.  \u00cen afara cremei de masaj maseurul aplic\u0103 pe parcursul tratamentului \u0219i fri\u0219c\u0103, miere \u0219i ulei aromat, care ajut\u0103 corpul s\u0103 \u00ee\u0219i autocorecteze starea de echilibru \u0219i armonie \u00eentre corp \u0219i spirit. Masajul este relaxant \u0219i calmant, iar pielea devine catifelat\u0103 \u0219i revitalizat\u0103.  <\/p>\n<h3>Masaj cu ciocolat\u0103<\/h3>\n<p>Durata tratamentului 25 minute.  Datorit\u0103 compozi\u021biei sale benefice, ciocolata stimuleaz\u0103 re\u00eennoirea pielii, ajut\u0103 la men\u021binerea tinere\u021bii pielii. Ciocolata are un con\u021binut ridicat de endorfin\u0103, ceea ce ajut\u0103 \u00eenvigorarea pielii, provoc\u0103 starea de fericire \u00een timpul masajului.  <\/p>\n<h3>Masaj antireumatic<\/h3>\n<p>Durata tratamentului 25 minute. Acest masaj se aplic\u0103 pentru a ameliora durerile reumatice. Tratamentul se efectueaz\u0103 cu ulei de masaj Inno Rheum\u0103. <\/p>\n<h3>Masaje relaxante<\/h3>\n<p>Durata tratamentelor 25 sau 55 minute. Tipurile: <\/p>\n<ul>\n<li>Masaj regenerant cu ulei extras din s\u00e2mburii de struguri \u2013 Uleiul din s\u0103mburi de struguri neteze\u0219te pielea, red\u0103 elasticitatea pielii, \u00eempiedic\u0103 \u00eemb\u0103tr\u00eenirea timpurie, regenereaz\u0103 \u021besuturile colagen, \u00eembun\u0103t\u0103\u021be\u0219te sarea pielii f\u0103r\u0103 tonus. Masajul este recomandat \u00een special pentru tratarea pielii uscate \u0219i mature.<\/li>\n<li>Masaj de bun\u0103 dispozi\u021bie cu ulei de portocale \u0219i scor\u021bi\u0219oar\u0103 \u2013\u00a0Tratamentul este completat cu ulei de portocale \u0219i scor\u021bi\u0219oar\u0103, care au un efect vitalizant, amelioreaz\u0103 bun\u0103-starea, sunt relaxante sau reduc stresul, totodat\u0103 dispun \u0219i de efecte intense de hidratarea pielii.<\/li>\n<li>Masaj destresant cu ulei de lavand\u0103 \u2013 Masajul are un efect stimulant \u0219i relaxant \u00een acela\u0219 timp, datorit\u0103 utiliz\u0103rii uleiului de lavand\u0103. Datorit\u0103 efectului antiinflamator tratamentul amelioreaz\u0103 durerile reumatice, dar este eficient \u0219i \u00een cazul arsurilor solare.<\/li>\n<li>Masaj de armonie cu ulei de ment\u0103 \u0219i rozmarin \u2013 Uleiul de ment\u0103 relaxeaz\u0103 mu\u0219chii \u00eencorda\u021bi \u0219i reduce durerile musculare. Uleiul de rozmarin stimuleaz\u0103 circula\u021bia sanguin\u0103 \u0219i reduce procesele inflamatorice, atenueaz\u0103 spasmele musculare \u0219i vindec\u0103 articula\u021biile r\u0103sucite.<\/li>\n<li>Masaj \u201eFarmecul C\u00e2mpiei\u201d cu ulei de masaj cu roinita \u0219i portocale \u2013 Roini\u021ba are un efecte benefice \u00een caz de agita\u021bie, anxietate, migrene cronice, totodat\u0103 amelioreaz\u0103 simptomele reumatice, iar aplicat \u00eempreun\u0103 cu ulei de portocale amplific\u0103 efectul lor reciproc. Uleiul de portocale are un efect excelent de \u00eent\u0103rire sistemul nervos \u0219i reduce stresul.<\/li>\n<li>Masaj nutritiv, hidratant cu ulei de aloe vera \u2013 Uleiul aloe vera este bogat \u00een vitamine \u0219i minerale, este recomandat pentru toate tipurile de ten. Are un efect excelent de hidratare, calmeaz\u0103 pielea \u0219i stimuleaz\u0103 circula\u0163ia sanguin\u0103.  Datorit\u0103 efectului de regenerare a celulelor tratamentul reduce inflama\u021biile, dar este eficient \u0219i \u00een cazul arsurilor solare.<\/li>\n<\/ul>\n<h3>Masaj cu roci vulcanice<\/h3>\n<p>Durata tratamentului 55 minute. Acest masaj este efectuat cu pietre basaltice grase \/ negre, \u00eenc\u0103lzite, cu suprafe\u021be netede, \u00eenc\u0103lzite la 50-54 \u00b0 C. Vibra\u021bia pietrelor de lav\u0103 este cea mai mare \u0219i p\u0103streaz\u0103 c\u0103ldura \u0219i energia pentru o perioad\u0103 de timp \u00eendelungat\u0103. Pe parcursul tratamentului se aplic\u0103 ulei de masaj cald \u0219i uleiuri esen\u021biale personalizate, care sunt absorbite mult mai u\u0219or \u0219i mai ad\u00e2nc \u00een pielea \u00eenc\u0103lzit\u0103, astfel \u00eenc\u00e2t efectul lor este mai intensiv. <\/p>\n<h3>Masaj thailandez<\/h3>\n<p>Durata tratamentului 55 minute. Masajul \u00eembun\u0103t\u0103\u021be\u0219te fluxul natural de energie  al organismului, reduce durerile, reduce tensiunile musculare, activeaz\u0103 blocurile energetice, calmeaz\u0103 spasmele musculare, astfel relaxeaz\u0103 corpul \u0219i spiritul prin \u00eentinderea \u0219i compresia mu\u0219chilor, prin diferitele pozi\u021bii ale corpului. Prin mi\u0219c\u0103ri speciale masajul thailandez accelereaz\u0103 procesul de dezintoxicare, intensific\u0103 circula\u021bia de s\u00e2nge \u0219i a limfei, totodat\u0103 activeaz\u0103 procesele de autovindecare ale corpului. \u00cen acest fel este ideal pentru pervenirea a diferitelor boli. <\/p>\n<p style=\"font-weight: bold; margin-bottom: 25px\">Pentru mai multe informa\u021bii privind tarifele vizita\u021bi <a href=\"https:\/\/gyoparosfurdo-oroshaza.hu\/ro\/gyoparosfurdo\/tarife\" title=\"Gyop\u00e1rosf\u00fcrd\u0151 lista de pre\u021buri\">lista de pre\u021buri<\/a>.<\/p>\n\n<div class=\"ngg-galleryoverview\" id=\"ngg-gallery-90-26404\">\n\n\n\t\n\t<!-- Thumbnails -->\n\t\t\n\t<div id=\"ngg-image-1273\" class=\"ngg-gallery-thumbnail-box\"  >\n\t\t<div class=\"ngg-gallery-thumbnail\" >\n\t\t\t<a href=\"https:\/\/gyoparosfurdo-oroshaza.hu\/wp-content\/gallery\/wellness_2\/w7.jpg\" title=\"Wellness Gyop\u00e1rosf\u00fcrd\u0151\" class=\"thickbox\" rel=\"set_90\" >\n\t\t\t\t\t\t\t\t<img title=\"Wellness Gyop\u00e1rosf\u00fcrd\u0151\" alt=\"Wellness Gyop\u00e1rosf\u00fcrd\u0151\" src=\"https:\/\/gyoparosfurdo-oroshaza.hu\/wp-content\/gallery\/wellness_2\/thumbs\/thumbs_w7.jpg\" width=\"120\" height=\"95\" \/>\n\t\t\t\t\t\t\t<\/a>\n\t\t<\/div>\n\t<\/div>\n\t\n\t\t\n \t\t\n\t<div id=\"ngg-image-1274\" class=\"ngg-gallery-thumbnail-box\"  >\n\t\t<div class=\"ngg-gallery-thumbnail\" >\n\t\t\t<a href=\"https:\/\/gyoparosfurdo-oroshaza.hu\/wp-content\/gallery\/wellness_2\/w8.jpg\" title=\"Wellness Gyop\u00e1rosf\u00fcrd\u0151\" class=\"thickbox\" rel=\"set_90\" >\n\t\t\t\t\t\t\t\t<img title=\"Wellness Gyop\u00e1rosf\u00fcrd\u0151\" alt=\"Wellness Gyop\u00e1rosf\u00fcrd\u0151\" src=\"https:\/\/gyoparosfurdo-oroshaza.hu\/wp-content\/gallery\/wellness_2\/thumbs\/thumbs_w8.jpg\" width=\"120\" height=\"95\" \/>\n\t\t\t\t\t\t\t<\/a>\n\t\t<\/div>\n\t<\/div>\n\t\n\t\t\n \t\t\n\t<div id=\"ngg-image-1267\" class=\"ngg-gallery-thumbnail-box\"  >\n\t\t<div class=\"ngg-gallery-thumbnail\" >\n\t\t\t<a href=\"https:\/\/gyoparosfurdo-oroshaza.hu\/wp-content\/gallery\/wellness_2\/w1.jpg\" title=\"Wellness Gyop\u00e1rosf\u00fcrd\u0151\" class=\"thickbox\" rel=\"set_90\" >\n\t\t\t\t\t\t\t\t<img title=\"Wellness Gyop\u00e1rosf\u00fcrd\u0151\" alt=\"Wellness Gyop\u00e1rosf\u00fcrd\u0151\" src=\"https:\/\/gyoparosfurdo-oroshaza.hu\/wp-content\/gallery\/wellness_2\/thumbs\/thumbs_w1.jpg\" width=\"120\" height=\"95\" \/>\n\t\t\t\t\t\t\t<\/a>\n\t\t<\/div>\n\t<\/div>\n\t\n\t\t\n \t\t\n\t<div id=\"ngg-image-1268\" class=\"ngg-gallery-thumbnail-box\"  >\n\t\t<div class=\"ngg-gallery-thumbnail\" >\n\t\t\t<a href=\"https:\/\/gyoparosfurdo-oroshaza.hu\/wp-content\/gallery\/wellness_2\/w2.jpg\" title=\"Wellness Gyop\u00e1rosf\u00fcrd\u0151\" class=\"thickbox\" rel=\"set_90\" >\n\t\t\t\t\t\t\t\t<img title=\"Wellness Gyop\u00e1rosf\u00fcrd\u0151\" alt=\"Wellness Gyop\u00e1rosf\u00fcrd\u0151\" src=\"https:\/\/gyoparosfurdo-oroshaza.hu\/wp-content\/gallery\/wellness_2\/thumbs\/thumbs_w2.jpg\" width=\"120\" height=\"95\" \/>\n\t\t\t\t\t\t\t<\/a>\n\t\t<\/div>\n\t<\/div>\n\t\n\t\t\n \t\t\n\t<div id=\"ngg-image-1269\" class=\"ngg-gallery-thumbnail-box\"  >\n\t\t<div class=\"ngg-gallery-thumbnail\" >\n\t\t\t<a href=\"https:\/\/gyoparosfurdo-oroshaza.hu\/wp-content\/gallery\/wellness_2\/w3.jpg\" title=\"Wellness Gyop\u00e1rosf\u00fcrd\u0151\" class=\"thickbox\" rel=\"set_90\" >\n\t\t\t\t\t\t\t\t<img title=\"Wellness Gyop\u00e1rosf\u00fcrd\u0151\" alt=\"Wellness Gyop\u00e1rosf\u00fcrd\u0151\" src=\"https:\/\/gyoparosfurdo-oroshaza.hu\/wp-content\/gallery\/wellness_2\/thumbs\/thumbs_w3.jpg\" width=\"120\" height=\"95\" \/>\n\t\t\t\t\t\t\t<\/a>\n\t\t<\/div>\n\t<\/div>\n\t\n\t\t\n \t\t\n\t<div id=\"ngg-image-1270\" class=\"ngg-gallery-thumbnail-box\"  >\n\t\t<div class=\"ngg-gallery-thumbnail\" >\n\t\t\t<a href=\"https:\/\/gyoparosfurdo-oroshaza.hu\/wp-content\/gallery\/wellness_2\/w4.jpg\" title=\"Wellness Gyop\u00e1rosf\u00fcrd\u0151\" class=\"thickbox\" rel=\"set_90\" >\n\t\t\t\t\t\t\t\t<img title=\"Wellness Gyop\u00e1rosf\u00fcrd\u0151\" alt=\"Wellness Gyop\u00e1rosf\u00fcrd\u0151\" src=\"https:\/\/gyoparosfurdo-oroshaza.hu\/wp-content\/gallery\/wellness_2\/thumbs\/thumbs_w4.jpg\" width=\"120\" height=\"95\" \/>\n\t\t\t\t\t\t\t<\/a>\n\t\t<\/div>\n\t<\/div>\n\t\n\t\t\n \t\t\n\t<div id=\"ngg-image-1271\" class=\"ngg-gallery-thumbnail-box\"  >\n\t\t<div class=\"ngg-gallery-thumbnail\" >\n\t\t\t<a href=\"https:\/\/gyoparosfurdo-oroshaza.hu\/wp-content\/gallery\/wellness_2\/w5.jpg\" title=\"Wellness Gyop\u00e1rosf\u00fcrd\u0151\" class=\"thickbox\" rel=\"set_90\" >\n\t\t\t\t\t\t\t\t<img title=\"Wellness Gyop\u00e1rosf\u00fcrd\u0151\" alt=\"Wellness Gyop\u00e1rosf\u00fcrd\u0151\" src=\"https:\/\/gyoparosfurdo-oroshaza.hu\/wp-content\/gallery\/wellness_2\/thumbs\/thumbs_w5.jpg\" width=\"120\" height=\"95\" \/>\n\t\t\t\t\t\t\t<\/a>\n\t\t<\/div>\n\t<\/div>\n\t\n\t\t\n \t\t\n\t<div id=\"ngg-image-1272\" class=\"ngg-gallery-thumbnail-box\"  >\n\t\t<div class=\"ngg-gallery-thumbnail\" >\n\t\t\t<a href=\"https:\/\/gyoparosfurdo-oroshaza.hu\/wp-content\/gallery\/wellness_2\/w6.jpg\" title=\"Wellness Gyop\u00e1rosf\u00fcrd\u0151\" class=\"thickbox\" rel=\"set_90\" >\n\t\t\t\t\t\t\t\t<img title=\"Wellness Gyop\u00e1rosf\u00fcrd\u0151\" alt=\"Wellness Gyop\u00e1rosf\u00fcrd\u0151\" src=\"https:\/\/gyoparosfurdo-oroshaza.hu\/wp-content\/gallery\/wellness_2\/thumbs\/thumbs_w6.jpg\" width=\"120\" height=\"95\" \/>\n\t\t\t\t\t\t\t<\/a>\n\t\t<\/div>\n\t<\/div>\n\t\n\t\t\n \t \t\n\t<!-- Pagination -->\n \t<div class='ngg-clear'><\/div>\n \t\n<\/div>\n\n\n<div class=\"kapcsolodo_tartalom\"><h3>Legate de con\u021binut<\/h3><ul class=\"custom_menu\"><li class=\"page_item page-item-25885\"><a title=\"Baile de agrement\" href=\"https:\/\/gyoparosfurdo-oroshaza.hu\/ro\/gyoparosfurdo\/baile-de-agrement\">Baile de agrement<\/a><\/li><li class=\"page_item page-item-25902\"><a title=\"B\u0103ile termale\" href=\"https:\/\/gyoparosfurdo-oroshaza.hu\/ro\/gyoparosfurdo\/baile-termale\">B\u0103ile termale<\/a><\/li><li class=\"page_item page-item-26174\"><a title=\"Complexul de saune\" href=\"https:\/\/gyoparosfurdo-oroshaza.hu\/ro\/gyoparosfurdo\/complexul-de-saune\">Complexul de saune<\/a><\/li><li class=\"page_item page-item-26256\"><a title=\"Regulament de ordine interioar\u0103\" href=\"https:\/\/gyoparosfurdo-oroshaza.hu\/ro\/gyoparosfurdo\/complexul-de-saune\/regulament-de-ordine-interioara\">Regulament de ordine interioar\u0103<\/a><\/li><li class=\"page_item page-item-26269\"><a title=\"Modul corect de a face saun\u0103\" href=\"https:\/\/gyoparosfurdo-oroshaza.hu\/ro\/gyoparosfurdo\/complexul-de-saune\/modul-corect-de-a-face-sauna\">Modul corect de a face saun\u0103<\/a><\/li><li class=\"page_item page-item-26252\"><a title=\"Cultura de saun\u0103\" href=\"https:\/\/gyoparosfurdo-oroshaza.hu\/ro\/gyoparosfurdo\/complexul-de-saune\/cultura-de-sauna\">Cultura de saun\u0103<\/a><\/li><\/ul><ul class=\"custom_menu\"><li class=\"page_item page-item-26280\"><a title=\"Gyop\u00e1rosf\u00fcrd\u0151 \u2013 J\u00e1t\u00e9kkuck\u00f3 \u2013 loc de joac\u0103 pentru copii\" href=\"https:\/\/gyoparosfurdo-oroshaza.hu\/ro\/gyoparosfurdo\/gyoparosfurdo-jatekkucko-loc-de-joaca-pentru-copii\">Gyop\u00e1rosf\u00fcrd\u0151 \u2013 J\u00e1t\u00e9kkuck\u00f3 \u2013 loc de joac\u0103 pentru copii<\/a><\/li><li class=\"page_item page-item-26345\"><a title=\"Gyop\u00e1rosf\u00fcrd\u0151 \u2013 sta\u021biune balnear\u0103\" href=\"https:\/\/gyoparosfurdo-oroshaza.hu\/ro\/gyoparosfurdo\/gyoparosfurdo-statiune-balneara\">Gyop\u00e1rosf\u00fcrd\u0151 \u2013 sta\u021biune balnear\u0103<\/a><\/li><li class=\"page_item page-item-26359\"><a title=\"Gyop\u00e1rosf\u00fcrd\u0151 panorama\" href=\"https:\/\/gyoparosfurdo-oroshaza.hu\/ro\/gyoparosfurdo\/gyoparosfurdo-panorama\">Gyop\u00e1rosf\u00fcrd\u0151 panorama<\/a><\/li><li class=\"page_item page-item-25881\"><a title=\"Istorie\" href=\"https:\/\/gyoparosfurdo-oroshaza.hu\/ro\/gyoparosfurdo\/istorie\">Istorie<\/a><\/li><li class=\"page_item page-item-25997\"><a title=\"Orar\" href=\"https:\/\/gyoparosfurdo-oroshaza.hu\/ro\/gyoparosfurdo\/orar\">Orar<\/a><\/li><li class=\"page_item page-item-26493\"><a title=\"Parcare\" href=\"https:\/\/gyoparosfurdo-oroshaza.hu\/ro\/gyoparosfurdo\/parcare\">Parcare<\/a><\/li><\/ul><ul class=\"custom_menu\"><li class=\"page_item page-item-25898\"><a title=\"Parcul si strandul\" href=\"https:\/\/gyoparosfurdo-oroshaza.hu\/ro\/gyoparosfurdo\/parcul-si-strandul\">Parcul si strandul<\/a><\/li><li class=\"page_item page-item-26273\"><a title=\"Seans de saun\u0103\" href=\"https:\/\/gyoparosfurdo-oroshaza.hu\/ro\/gyoparosfurdo\/seans-de-sauna\">Seans de saun\u0103<\/a><\/li><li class=\"page_item page-item-25974\"><a title=\"Tarife\" href=\"https:\/\/gyoparosfurdo-oroshaza.hu\/ro\/gyoparosfurdo\/tarife\">Tarife<\/a><\/li><li class=\"page_item page-item-26329\"><a title=\"Video spoturi\" href=\"https:\/\/gyoparosfurdo-oroshaza.hu\/ro\/gyoparosfurdo\/video-spoturi\">Video spoturi<\/a><\/li><li class=\"page_item page-item-26152\"><a title=\"Wellness\" href=\"https:\/\/gyoparosfurdo-oroshaza.hu\/ro\/gyoparosfurdo\/wellness\">Wellness<\/a><\/li><\/ul><br class=\"clear\" \/><\/div>\n<div class=\"topten_slider_title\"><span class=\"h3\">Programe Top<\/span><a href=\"https:\/\/gyoparosfurdo-oroshaza.hu\/ro\/programe\" title=\"Programe \u00bb\">Programe \u00bb<\/a><\/div><div class=\"topten_container topten_slider\" id=\"topten_slider\"><ul class=\"topten_inner\"><li class=\"topten_item\" data-id=\"tsi_1\"><a href=\"\/ro\/programe\/pentru-familii\" title=\"Pentru familii\" class=\"topten_link\" style=\"background: url(\/wp-content\/uploads\/2012\/05\/csaladosoknak-top-programok-gyoparosfurdon.jpg) top left no-repeat;\"><span class=\"title\">Pentru familii<\/span><\/a><a href=\"\/ro\/programe\/pentru-cupluri\" title=\"Pentru cupluri\" class=\"topten_link\" style=\"background: url(\/wp-content\/uploads\/2012\/05\/paroknak-top-programok-gyoparosfurdon.jpg) top left no-repeat;\"><span class=\"title\">Pentru cupluri<\/span><\/a><a href=\"\/ro\/programe\/pentru-o-singura-zi\" title=\"O singura zi\" class=\"topten_link\" style=\"background: url(\/wp-content\/uploads\/2012\/05\/1-napra-top-programok-gyoparosfurdon.jpg) top left no-repeat;\"><span class=\"title\">O singura zi<\/span><\/a><a href=\"\/ro\/programe\/pentru-biciclisti\" title=\"Pentru biciclisti\" class=\"topten_link\" style=\"background: url(\/wp-content\/uploads\/2012\/05\/kerekparosoknak-top-programok-gyoparosfurdon.jpg) top left no-repeat;\"><span class=\"title\">Pentru biciclisti<\/span><\/a><a href=\"\/ro\/programe\/programe-pentru-un-week-end\" title=\"Un week-end\" class=\"topten_link\" style=\"background: url(\/wp-content\/uploads\/2012\/05\/hetvegere-top-programok-gyoparosfurdon.jpg) top left no-repeat;\"><span class=\"title\">Un week-end<\/span><\/a><a href=\"\/ro\/programe\/in-timp-de-vara\" title=\"In timp de vara\" class=\"topten_link\" style=\"background: url(\/wp-content\/uploads\/2012\/05\/nyaron-top-programok-gyoparosfurdon.jpg) top left no-repeat;\"><span class=\"title\">In timp de vara<\/span><\/a><\/li><li class=\"topten_item\" data-id=\"tsi_2\"><a href=\"\/ro\/programe\/tineri\" title=\"Pentru tineri\" class=\"topten_link\" style=\"background: url(\/wp-content\/uploads\/2012\/05\/fiataloknak-top-programok-gyoparosfurdon.jpg) top left no-repeat;\"><span class=\"title\">Pentru tineri<\/span><\/a><a href=\"\/ro\/programe\/pentru-amatori-de-sport\" title=\"Amatori de sport\" class=\"topten_link\" style=\"background: url(\/wp-content\/uploads\/2012\/05\/sportbaratoknak-top-programok-gyoparosfurdon.jpg) top left no-repeat;\"><span class=\"title\">Amatori de sport<\/span><\/a><a href=\"\/ro\/programe\/cu-masina\" title=\"Cu masina\" class=\"topten_link\" style=\"background: url(\/wp-content\/uploads\/2012\/05\/autoval-top-programok-gyoparosfurdon.jpg) top left no-repeat;\"><span class=\"title\">Cu masina<\/span><\/a><a href=\"\/ro\/programe\/pentru-amatori-de-cultura\" title=\"Amatori de cultura\" class=\"topten_link\" style=\"background: url(\/wp-content\/uploads\/2012\/05\/kulturabaratoknak-top-programok-gyoparosfurdon.jpg) top left no-repeat;\"><span class=\"title\">Amatori de cultura<\/span><\/a><a href=\"\/ro\/programe\/pentru-o-singura-saptamana\" title=\"Saptamana\" class=\"topten_link\" style=\"background: url(\/wp-content\/uploads\/2012\/05\/1-hetre-top-programok-gyoparosfurdon.jpg) top left no-repeat;\"><span class=\"title\">Saptamana<\/span><\/a><a href=\"\/ro\/programe\/pentru-pescatori\" title=\"Pentru pescatori \" class=\"topten_link\" style=\"background: url(\/wp-content\/uploads\/2012\/05\/horgaszoknak-top-programok-gyoparosfurdon.jpg) top left no-repeat;\"><span class=\"title\">Pentru pescatori <\/span><\/a><\/li><li class=\"topten_item\" data-id=\"tsi_3\"><a href=\"\/ro\/programe\/pentru-fotografi\" title=\"Pentru fotografi\" class=\"topten_link\" style=\"background: url(\/wp-content\/uploads\/2012\/05\/fotosoknak-top-programok-gyoparosfurdon.jpg) top left no-repeat;\"><span class=\"title\">Pentru fotografi<\/span><\/a><a href=\"\/ro\/programe\/in-timp-de-iarna\" title=\"In timp de iarna \" class=\"topten_link\" style=\"background: url(\/wp-content\/uploads\/2012\/05\/telen-top-programok-gyoparosfurdon.jpg) top left no-repeat;\"><span class=\"title\">In timp de iarna <\/span><\/a><\/ul><div class=\"lapozobox\"><span id=\"lprev\"><\/span><span id=\"lnext\"><\/span><span id=\"ts_1\" class=\"active\"><\/span><span id=\"ts_2\" ><\/span><span id=\"ts_3\" ><\/span><\/div><\/div>\n","protected":false},"excerpt":{"rendered":"<p>\u00cen afara masajelor terapeutice complexul balnear V\u0103 ofer\u0103 o vast\u0103 gam\u0103 de masaje speciale la tarifele indicate. Pentru apuntamente vizita\u021bi pagina suna\u021bi numerele +36 (68) 512-260 \u0219i +36 (68) 512-262 sau \u00een mod personal la casele centrului medical. Un sfat &hellip; <a href=\"https:\/\/gyoparosfurdo-oroshaza.hu\/ro\/gyoparosfurdo\/masaje\">Folytat\u00e1s <span class=\"meta-nav\">&rarr;<\/span><\/a><\/p>\n","protected":false},"author":6,"featured_media":0,"parent":25877,"menu_order":0,"comment_status":"closed","ping_status":"closed","template":"","meta":[],"_links":{"self":[{"href":"https:\/\/gyoparosfurdo-oroshaza.hu\/ro\/wp-json\/wp\/v2\/pages\/26404"}],"collection":[{"href":"https:\/\/gyoparosfurdo-oroshaza.hu\/ro\/wp-json\/wp\/v2\/pages"}],"about":[{"href":"https:\/\/gyoparosfurdo-oroshaza.hu\/ro\/wp-json\/wp\/v2\/types\/page"}],"author":[{"embeddable":true,"href":"https:\/\/gyoparosfurdo-oroshaza.hu\/ro\/wp-json\/wp\/v2\/users\/6"}],"replies":[{"embeddable":true,"href":"https:\/\/gyoparosfurdo-oroshaza.hu\/ro\/wp-json\/wp\/v2\/comments?post=26404"}],"version-history":[{"count":0,"href":"https:\/\/gyoparosfurdo-oroshaza.hu\/ro\/wp-json\/wp\/v2\/pages\/26404\/revisions"}],"up":[{"embeddable":true,"href":"https:\/\/gyoparosfurdo-oroshaza.hu\/ro\/wp-json\/wp\/v2\/pages\/25877"}],"wp:attachment":[{"href":"https:\/\/gyoparosfurdo-oroshaza.hu\/ro\/wp-json\/wp\/v2\/media?parent=26404"}],"curies":[{"name":"wp","href":"https:\/\/api.w.org\/{rel}","templated":true}]}}