{"id":26368,"date":"2017-03-20T13:19:47","date_gmt":"2017-03-20T12:19:47","guid":{"rendered":"https:\/\/gyoparosfurdo-oroshaza.hu\/trenulet-dotto-si-in-anul-2021"},"modified":"2024-09-30T09:41:50","modified_gmt":"2024-09-30T07:41:50","slug":"trenulet-dotto-si-in-anul-2021","status":"publish","type":"page","link":"https:\/\/gyoparosfurdo-oroshaza.hu\/ro\/trenulet-dotto-si-in-anul-2021","title":{"rendered":"Trenule\u021b Dotto \u0219i \u00een anul 2024"},"content":{"rendered":"<h2>Trenul Dotto nu va circula din 30 septembrie 2024 p\u00e2n\u0103 \u00een prim\u0103vara anului 2025.<\/h2>\n<p>Biletele sunt de 700 Ft, cu prezentarea c\u0103r\u021bii de adres\u0103 local\u0103 este 400 Ft. Timpul de c\u0103l\u0103torie este 30 minute cu urm\u0103toarele sta\u021bii: <\/p>\n<p><i>Pia\u021ba principal\u0103 Orosh\u00e1za (F\u0151t\u00e9r) \u2013 Gyop\u00e1rosf\u00fcrd\u0151<\/i><br \/>\n<a title=\"F\u0151t\u00e9r\" href=\"\/ro\/programok\/foter\">Pia\u021ba principal\u0103 Orosh\u00e1za (F\u0151t\u00e9r)<\/a> (plecare) \u2013 T\u00e1ncsics utca (5 min) \u2013 \u00c1rp\u00e1d kert (10 min) \u2013 R\u00e1k\u00f3czi \u00fat (15 min) \u2013 <a title=\"Alf\u00f6ld Gy\u00f6ngye Hotel\" href=\"\/ro\/alfold-gyongye-hotel-es-konferenciakozpont\">Alf\u00f6ld Gy\u00f6ngye Hotel<\/a> (20 min) \u2013 <a title=\"Gyop\u00e1rosf\u00fcrd\u0151\" href=\"\/ro\/gyoparosfurdo\">Gyop\u00e1rosf\u00fcrd\u0151 intrarea principala la baie<\/a> (30 min)<\/p>\n<p><i>Gyop\u00e1rosf\u00fcrd\u0151 \u2013 Pia\u021ba principal\u0103 Orosh\u00e1za (F\u0151t\u00e9r)<\/i><br \/>\n<a title=\"Gyop\u00e1rosf\u00fcrd\u0151\" href=\"\/ro\/gyoparosfurdo\">Gyop\u00e1rosf\u00fcrd\u0151 intrarea principala la baie<\/a> (plecare)  \u2013 <a title=\"Alf\u00f6ld Gy\u00f6ngye Hotel\" href=\"\/ro\/alfold-gyongye-hotel-es-konferenciakozpont\">Alf\u00f6ld Gy\u00f6ngye Hotel<\/a> (5 min) \u2013 El\u0151d utca (25 min) \u2013 <a title=\"F\u0151t\u00e9r\" href=\"\/ro\/programok\/foter\">Pia\u021ba principal\u0103 Orosh\u00e1za (F\u0151t\u00e9r)<\/a> (30 min)<\/p>\n<h3>Programul 2024<\/h3>\n<p><b>Plecare de la Pia\u021ba principal\u0103 Orosh\u00e1za la Gyop\u00e1rosf\u00fcrd\u0151<\/b>: 09:30, 11:30, 13:30, 15:30, 17:30, 19:30<br \/>\n<b>Plecare de la Gyop\u00e1rosf\u00fcrd\u0151 la Pia\u021ba principal\u0103 Orosh\u00e1za<\/b>: 10:15, 12:15, 14:15, 16:15, 18:15, 20:15<\/p>\n<p>NE MEN\u021aINEM DREPTUL DE A MODIFICA MERSUL TRENURILOR!<\/p>\n\n<div class=\"ngg-galleryoverview\" id=\"ngg-gallery-97-26368\">\n\n\n\t\n\t<!-- Thumbnails -->\n\t\t\n\t<div id=\"ngg-image-1369\" class=\"ngg-gallery-thumbnail-box\"  >\n\t\t<div class=\"ngg-gallery-thumbnail\" >\n\t\t\t<a href=\"https:\/\/gyoparosfurdo-oroshaza.hu\/wp-content\/gallery\/dotto\/dotto-4.jpg\" title=\" \" class=\"thickbox\" rel=\"set_97\" >\n\t\t\t\t\t\t\t\t<img title=\"Dott\u00f3-vonat Orosh\u00e1za\" alt=\"Dott\u00f3-vonat Orosh\u00e1za\" src=\"https:\/\/gyoparosfurdo-oroshaza.hu\/wp-content\/gallery\/dotto\/thumbs\/thumbs_dotto-4.jpg\" width=\"120\" height=\"95\" \/>\n\t\t\t\t\t\t\t<\/a>\n\t\t<\/div>\n\t<\/div>\n\t\n\t\t\n \t\t\n\t<div id=\"ngg-image-1368\" class=\"ngg-gallery-thumbnail-box\"  >\n\t\t<div class=\"ngg-gallery-thumbnail\" >\n\t\t\t<a href=\"https:\/\/gyoparosfurdo-oroshaza.hu\/wp-content\/gallery\/dotto\/dotto-3.jpg\" title=\" \" class=\"thickbox\" rel=\"set_97\" >\n\t\t\t\t\t\t\t\t<img title=\"Dott\u00f3-vonat Orosh\u00e1za\" alt=\"Dott\u00f3-vonat Orosh\u00e1za\" src=\"https:\/\/gyoparosfurdo-oroshaza.hu\/wp-content\/gallery\/dotto\/thumbs\/thumbs_dotto-3.jpg\" width=\"120\" height=\"95\" \/>\n\t\t\t\t\t\t\t<\/a>\n\t\t<\/div>\n\t<\/div>\n\t\n\t\t\n \t\t\n\t<div id=\"ngg-image-1366\" class=\"ngg-gallery-thumbnail-box\"  >\n\t\t<div class=\"ngg-gallery-thumbnail\" >\n\t\t\t<a href=\"https:\/\/gyoparosfurdo-oroshaza.hu\/wp-content\/gallery\/dotto\/dotto-1.jpg\" title=\" \" class=\"thickbox\" rel=\"set_97\" >\n\t\t\t\t\t\t\t\t<img title=\"Dott\u00f3-vonat Orosh\u00e1za\" alt=\"Dott\u00f3-vonat Orosh\u00e1za\" src=\"https:\/\/gyoparosfurdo-oroshaza.hu\/wp-content\/gallery\/dotto\/thumbs\/thumbs_dotto-1.jpg\" width=\"120\" height=\"95\" \/>\n\t\t\t\t\t\t\t<\/a>\n\t\t<\/div>\n\t<\/div>\n\t\n\t\t\n \t\t\n\t<div id=\"ngg-image-1367\" class=\"ngg-gallery-thumbnail-box\"  >\n\t\t<div class=\"ngg-gallery-thumbnail\" >\n\t\t\t<a href=\"https:\/\/gyoparosfurdo-oroshaza.hu\/wp-content\/gallery\/dotto\/dotto-2.jpg\" title=\" \" class=\"thickbox\" rel=\"set_97\" >\n\t\t\t\t\t\t\t\t<img title=\"Dott\u00f3-vonat Orosh\u00e1za\" alt=\"Dott\u00f3-vonat Orosh\u00e1za\" src=\"https:\/\/gyoparosfurdo-oroshaza.hu\/wp-content\/gallery\/dotto\/thumbs\/thumbs_dotto-2.jpg\" width=\"120\" height=\"95\" \/>\n\t\t\t\t\t\t\t<\/a>\n\t\t<\/div>\n\t<\/div>\n\t\n\t\t\n \t \t\n\t<!-- Pagination -->\n \t<div class='ngg-clear'><\/div>\n \t\n<\/div>\n\n\n<p>&nbsp;<\/p>\n<div class=\"topten_slider_title\"><span class=\"h3\">Programe Top<\/span><a href=\"https:\/\/gyoparosfurdo-oroshaza.hu\/ro\/programe\" title=\"Programe \u00bb\">Programe \u00bb<\/a><\/div><div class=\"topten_container topten_slider\" id=\"topten_slider\"><ul class=\"topten_inner\"><li class=\"topten_item\" data-id=\"tsi_1\"><a href=\"\/ro\/programe\/tineri\" title=\"Pentru tineri\" class=\"topten_link\" style=\"background: url(\/wp-content\/uploads\/2012\/05\/fiataloknak-top-programok-gyoparosfurdon.jpg) top left no-repeat;\"><span class=\"title\">Pentru tineri<\/span><\/a><a href=\"\/ro\/programe\/pentru-amatori-de-sport\" title=\"Amatori de sport\" class=\"topten_link\" style=\"background: url(\/wp-content\/uploads\/2012\/05\/sportbaratoknak-top-programok-gyoparosfurdon.jpg) top left no-repeat;\"><span class=\"title\">Amatori de sport<\/span><\/a><a href=\"\/ro\/programe\/cu-masina\" title=\"Cu masina\" class=\"topten_link\" style=\"background: url(\/wp-content\/uploads\/2012\/05\/autoval-top-programok-gyoparosfurdon.jpg) top left no-repeat;\"><span class=\"title\">Cu masina<\/span><\/a><a href=\"\/ro\/programe\/pentru-amatori-de-cultura\" title=\"Amatori de cultura\" class=\"topten_link\" style=\"background: url(\/wp-content\/uploads\/2012\/05\/kulturabaratoknak-top-programok-gyoparosfurdon.jpg) top left no-repeat;\"><span class=\"title\">Amatori de cultura<\/span><\/a><a href=\"\/ro\/programe\/pentru-o-singura-saptamana\" title=\"Saptamana\" class=\"topten_link\" style=\"background: url(\/wp-content\/uploads\/2012\/05\/1-hetre-top-programok-gyoparosfurdon.jpg) top left no-repeat;\"><span class=\"title\">Saptamana<\/span><\/a><a href=\"\/ro\/programe\/pentru-pescatori\" title=\"Pentru pescatori \" class=\"topten_link\" style=\"background: url(\/wp-content\/uploads\/2012\/05\/horgaszoknak-top-programok-gyoparosfurdon.jpg) top left no-repeat;\"><span class=\"title\">Pentru pescatori <\/span><\/a><\/li><li class=\"topten_item\" data-id=\"tsi_2\"><a href=\"\/ro\/programe\/pentru-fotografi\" title=\"Pentru fotografi\" class=\"topten_link\" style=\"background: url(\/wp-content\/uploads\/2012\/05\/fotosoknak-top-programok-gyoparosfurdon.jpg) top left no-repeat;\"><span class=\"title\">Pentru fotografi<\/span><\/a><a href=\"\/ro\/programe\/in-timp-de-iarna\" title=\"In timp de iarna \" class=\"topten_link\" style=\"background: url(\/wp-content\/uploads\/2012\/05\/telen-top-programok-gyoparosfurdon.jpg) top left no-repeat;\"><span class=\"title\">In timp de iarna <\/span><\/a><a href=\"\/ro\/programe\/pentru-familii\" title=\"Pentru familii\" class=\"topten_link\" style=\"background: url(\/wp-content\/uploads\/2012\/05\/csaladosoknak-top-programok-gyoparosfurdon.jpg) top left no-repeat;\"><span class=\"title\">Pentru familii<\/span><\/a><a href=\"\/ro\/programe\/pentru-cupluri\" title=\"Pentru cupluri\" class=\"topten_link\" style=\"background: url(\/wp-content\/uploads\/2012\/05\/paroknak-top-programok-gyoparosfurdon.jpg) top left no-repeat;\"><span class=\"title\">Pentru cupluri<\/span><\/a><a href=\"\/ro\/programe\/pentru-o-singura-zi\" title=\"O singura zi\" class=\"topten_link\" style=\"background: url(\/wp-content\/uploads\/2012\/05\/1-napra-top-programok-gyoparosfurdon.jpg) top left no-repeat;\"><span class=\"title\">O singura zi<\/span><\/a><a href=\"\/ro\/programe\/pentru-biciclisti\" title=\"Pentru biciclisti\" class=\"topten_link\" style=\"background: url(\/wp-content\/uploads\/2012\/05\/kerekparosoknak-top-programok-gyoparosfurdon.jpg) top left no-repeat;\"><span class=\"title\">Pentru biciclisti<\/span><\/a><\/li><li class=\"topten_item\" data-id=\"tsi_3\"><a href=\"\/ro\/programe\/programe-pentru-un-week-end\" title=\"Un week-end\" class=\"topten_link\" style=\"background: url(\/wp-content\/uploads\/2012\/05\/hetvegere-top-programok-gyoparosfurdon.jpg) top left no-repeat;\"><span class=\"title\">Un week-end<\/span><\/a><a href=\"\/ro\/programe\/in-timp-de-vara\" title=\"In timp de vara\" class=\"topten_link\" style=\"background: url(\/wp-content\/uploads\/2012\/05\/nyaron-top-programok-gyoparosfurdon.jpg) top left no-repeat;\"><span class=\"title\">In timp de vara<\/span><\/a><\/ul><div class=\"lapozobox\"><span id=\"lprev\"><\/span><span id=\"lnext\"><\/span><span id=\"ts_1\" class=\"active\"><\/span><span id=\"ts_2\" ><\/span><span id=\"ts_3\" ><\/span><\/div><\/div>\n","protected":false},"excerpt":{"rendered":"<p>Trenul Dotto nu va circula din 30 septembrie 2024 p\u00e2n\u0103 \u00een prim\u0103vara anului 2025. Biletele sunt de 700 Ft, cu prezentarea c\u0103r\u021bii de adres\u0103 local\u0103 este 400 Ft. Timpul de c\u0103l\u0103torie este 30 minute cu urm\u0103toarele sta\u021bii: Pia\u021ba principal\u0103 Orosh\u00e1za &hellip; <a href=\"https:\/\/gyoparosfurdo-oroshaza.hu\/ro\/trenulet-dotto-si-in-anul-2021\">Folytat\u00e1s <span class=\"meta-nav\">&rarr;<\/span><\/a><\/p>\n","protected":false},"author":6,"featured_media":0,"parent":0,"menu_order":0,"comment_status":"closed","ping_status":"closed","template":"","meta":[],"_links":{"self":[{"href":"https:\/\/gyoparosfurdo-oroshaza.hu\/ro\/wp-json\/wp\/v2\/pages\/26368"}],"collection":[{"href":"https:\/\/gyoparosfurdo-oroshaza.hu\/ro\/wp-json\/wp\/v2\/pages"}],"about":[{"href":"https:\/\/gyoparosfurdo-oroshaza.hu\/ro\/wp-json\/wp\/v2\/types\/page"}],"author":[{"embeddable":true,"href":"https:\/\/gyoparosfurdo-oroshaza.hu\/ro\/wp-json\/wp\/v2\/users\/6"}],"replies":[{"embeddable":true,"href":"https:\/\/gyoparosfurdo-oroshaza.hu\/ro\/wp-json\/wp\/v2\/comments?post=26368"}],"version-history":[{"count":9,"href":"https:\/\/gyoparosfurdo-oroshaza.hu\/ro\/wp-json\/wp\/v2\/pages\/26368\/revisions"}],"predecessor-version":[{"id":39189,"href":"https:\/\/gyoparosfurdo-oroshaza.hu\/ro\/wp-json\/wp\/v2\/pages\/26368\/revisions\/39189"}],"wp:attachment":[{"href":"https:\/\/gyoparosfurdo-oroshaza.hu\/ro\/wp-json\/wp\/v2\/media?parent=26368"}],"curies":[{"name":"wp","href":"https:\/\/api.w.org\/{rel}","templated":true}]}}