{"id":26345,"date":"2016-07-29T15:43:56","date_gmt":"2016-07-29T13:43:56","guid":{"rendered":"https:\/\/gyoparosfurdo-oroshaza.hu\/gyoparosfurdo-statiune-balneara"},"modified":"2016-07-29T15:43:56","modified_gmt":"2016-07-29T13:43:56","slug":"gyoparosfurdo-statiune-balneara","status":"publish","type":"page","link":"https:\/\/gyoparosfurdo-oroshaza.hu\/ro\/gyoparosfurdo\/gyoparosfurdo-statiune-balneara","title":{"rendered":"Gyop\u00e1rosf\u00fcrd\u0151 \u2013 sta\u021biune balnear\u0103"},"content":{"rendered":"<h2>\u00cen data de 27 iulie 2016 Gyop\u00e1rosf\u00fcrd\u0151 a fost oficial atestat\u0103 ca \u0219i sta\u021biune balnear\u0103. Localitatea se g\u0103se\u0219te \u00een jude\u021bul B\u00e9k\u00e9s, \u00een ora\u0219ul Orosh\u00e1za, este cunoscut ca \u0219i \u201dPerla C\u00e2mpiei\u201d<\/h2>\n<p>\u00cenceputul Istoria lacului din Gyop\u00e1ros, precum \u0219i a mediului natural unic se dateaz\u0103 din anii 1860, iar istoria cartierului este \u0219i mai \u00eendelingat. Investi\u021biile au fost \u00eencepute \u00een anul 1958 \u0219i continu\u0103, practic f\u0103r\u0103 \u00eentrerupere, p\u00e2n\u0103 \u00een zilele noastre.  Astfel  Gyop\u00e1rosf\u00fcrd\u0151 a devenit o destina\u021bie popular\u0103 pentru amatorii de wellness \u0219i aquaparcuri. <\/p>\n<p><img src=\"\/wp-content\/uploads\/2016\/07\/Gyogyaszati_kozpont.jpg\" alt=\"Gyop\u00e1ros \u2013 sta\u021biune balnear\u0103\" width=\"540\" \/><\/p>\n<p>\u2013 Pentru localitatea noastr\u0103 faptul c\u0103 Gyop\u00e1rosf\u00fcrd\u0151 va apare \u00een categoria sta\u021biunilor na\u021bionale, este un progres remarcabil. \u00cen ultimii ani sta\u021biunea a devenit din nou o destina\u021bie foarte popular\u0103, ceea ce este rezultatul eforturilor numeroaselor grupuri, care lucreaz\u0103 la Orosh\u00e1za. Concep\u021bia de dezvoltare c\u00e2t \u0219i anii urm\u0103tori vor fi dedicate a satisface nevoile vizitatorilor dornici de a se vindeca. Este o m\u00e2ndrie pentru noi, faptul c\u0103 complexul nostru va apare pe harta na\u021bional\u0103 a sta\u021biunilor balneare, astfel va fi enumerat al\u0103turi de sta\u021biuni de prestigiu ca \u0219i H\u00e9v\u00edz sau Hajd\u00faszoboszl\u00f3 \u2013 a declarat Zolt\u00e1n D\u00e1vid, primarul localit\u0103\u021bii Orosh\u00e1za.<\/p>\n<p>La Gyop\u00e1rosf\u00fcrd\u0151 piscina termal\u0103 renovat\u0103 a fost deschis\u0103 publicului \u00een mai 2014. Apa termal\u0103, care izbucne\u0219te dintr-o ad\u00e2ncime de 670 metri, a fost recunoscut oficial ca \u0219i ap\u0103 termal\u0103 medicinal\u0103 \u00een anul 1999. Datorit\u0103 compozi\u021biei sale speciale, aceast\u0103 ap\u0103 apar\u021bine unui grup de ape alcaline, hidro-carbonice, cu un con\u021binut ridicat de acid silicic. Original temperatura apei c\u00e2nd iese pe suprafa\u021b\u0103 din izvoare subterane este 47\u00b0C. Apa este r\u0103corit\u0103 la temperatura optim\u0103 pentru tratamente. <\/p>\n<p>Inhala\u021bia vaporilor de ap\u0103 este util\u0103 \u00een tratamentul afec\u021biunilor respiratorii. Intr\u00e2nd \u00een contact cu piele, vaporile de ap\u0103 vindec\u0103 \u00een mode eficient diferite afec\u021biuni dermatologice ca \u0219i eczema, Lichen sau psoriaz\u0103. <\/p>\n<p><img src=\"\/wp-content\/uploads\/2016\/07\/gyoparosfurdo-gyogyaszati-szolgaltatasok.jpg\" alt=\"Gyop\u00e1rosf\u00fcrd\u0151 \u2013 sta\u021biune balnear\u0103\" width=\"540\" \/><\/p>\n<p>Apa termal\u0103 are numeroase virtu\u021bi \u00een domeniul medical (lista nu este exhaustiv\u0103): ajut\u0103 \u00een caz de hernie de disc, afec\u021bii a coloanei vertebrale, afec\u021bii reumatismale inflamatorii \u0219i degenerative, amelioreaz\u0103 artrita, calmeaz\u0103 durerile cauzate de osteoporoz\u0103, este eficient \u00een reabilita\u021bie post operativ\u0103 sau post-traumatic\u0103. Efectele benefice ale apei pot fi aplicate \u00een caz de spasme musculare derivate din boli cerebrale, iar \u0219i boala Parkinson poate fi ameliorat\u0103 prin balneo-terapie. <\/p>\n<p>Centrul balnear de fizioterapie v\u0103 ofer\u0103 al\u0103turi de multiple variante de a recupera s\u0103n\u0103tatea \u00een piscine \u0219i b\u0103i cu ap\u0103 termal\u0103 \u0219i o gam\u0103 vast\u0103 de servicii de s\u0103n\u0103tate pe baza cooper\u0103rii str\u00e2nse cu spitalul din Orosh\u00e1za. <\/p>\n<p>Complexul a ob\u021binut califica\u021bia de sta\u021biune balnear\u0103 nu exclusiv pe baza apei sale termale. A fost luat \u00een considera\u021bie vegeta\u021bia bogat\u0103 a regiunii, condi\u021biile ideale pentru odihn\u0103, precum \u0219i aerul curat \u0219i mediul natural \u00een care este amplasat complexul. Direct pe malul lacului se g\u0103sesc numeroase hoteluri, \u00een imediata vecin\u0103tate a centrului de wellness. <\/p>\n<p>\u00cen scopul men\u021binerii acestui titlu conducerea ora\u0219ului \u0219i a regiunii lucreaz\u0103 \u00een continuare pentru modernizarea \u0219i dezvoltarea atrac\u021biilor din Gyop\u00e1rosf\u00fcrd\u0151, astfel ca sta\u021biunea s\u0103 ob\u021bin\u0103 un clasament bun pe lista sta\u021biunilor balneare din Ungaria. <\/p>\n<h3>Galeria de foto: Gyop\u00e1rosf\u00fcrd\u0151<\/h3>\n\n<div class=\"ngg-galleryoverview\" id=\"ngg-gallery-88-26345\">\n\n\n\t\n\t<!-- Thumbnails -->\n\t\t\n\t<div id=\"ngg-image-1288\" class=\"ngg-gallery-thumbnail-box\"  >\n\t\t<div class=\"ngg-gallery-thumbnail\" >\n\t\t\t<a href=\"https:\/\/gyoparosfurdo-oroshaza.hu\/wp-content\/gallery\/gyogyhely\/gy2.jpg\" title=\"Gyop\u00e1rosf\u00fcrd\u0151 gy\u00f3gyhely\" class=\"thickbox\" rel=\"set_88\" >\n\t\t\t\t\t\t\t\t<img title=\"Gyop\u00e1rosf\u00fcrd\u0151 gy\u00f3gyhely\" alt=\"Gyop\u00e1rosf\u00fcrd\u0151 gy\u00f3gyhely\" src=\"https:\/\/gyoparosfurdo-oroshaza.hu\/wp-content\/gallery\/gyogyhely\/thumbs\/thumbs_gy2.jpg\" width=\"120\" height=\"95\" \/>\n\t\t\t\t\t\t\t<\/a>\n\t\t<\/div>\n\t<\/div>\n\t\n\t\t\n \t\t\n\t<div id=\"ngg-image-1287\" class=\"ngg-gallery-thumbnail-box\"  >\n\t\t<div class=\"ngg-gallery-thumbnail\" >\n\t\t\t<a href=\"https:\/\/gyoparosfurdo-oroshaza.hu\/wp-content\/gallery\/gyogyhely\/gy1.jpg\" title=\"Gyop\u00e1rosf\u00fcrd\u0151 gy\u00f3gyhely\" class=\"thickbox\" rel=\"set_88\" >\n\t\t\t\t\t\t\t\t<img title=\"Gyop\u00e1rosf\u00fcrd\u0151 gy\u00f3gyhely\" alt=\"Gyop\u00e1rosf\u00fcrd\u0151 gy\u00f3gyhely\" src=\"https:\/\/gyoparosfurdo-oroshaza.hu\/wp-content\/gallery\/gyogyhely\/thumbs\/thumbs_gy1.jpg\" width=\"120\" height=\"95\" \/>\n\t\t\t\t\t\t\t<\/a>\n\t\t<\/div>\n\t<\/div>\n\t\n\t\t\n \t\t\n\t<div id=\"ngg-image-1236\" class=\"ngg-gallery-thumbnail-box\"  >\n\t\t<div class=\"ngg-gallery-thumbnail\" >\n\t\t\t<a href=\"https:\/\/gyoparosfurdo-oroshaza.hu\/wp-content\/gallery\/gyogyhely\/gyogyfurdo-11.jpg\" title=\"Gyop\u00e1rosf\u00fcrd\u0151 gy\u00f3gyhely\" class=\"thickbox\" rel=\"set_88\" >\n\t\t\t\t\t\t\t\t<img title=\"Gyop\u00e1rosf\u00fcrd\u0151 gy\u00f3gyhely\" alt=\"Gyop\u00e1rosf\u00fcrd\u0151 gy\u00f3gyhely\" src=\"https:\/\/gyoparosfurdo-oroshaza.hu\/wp-content\/gallery\/gyogyhely\/thumbs\/thumbs_gyogyfurdo-11.jpg\" width=\"120\" height=\"95\" \/>\n\t\t\t\t\t\t\t<\/a>\n\t\t<\/div>\n\t<\/div>\n\t\n\t\t\n \t\t\n\t<div id=\"ngg-image-1290\" class=\"ngg-gallery-thumbnail-box\"  >\n\t\t<div class=\"ngg-gallery-thumbnail\" >\n\t\t\t<a href=\"https:\/\/gyoparosfurdo-oroshaza.hu\/wp-content\/gallery\/gyogyhely\/gy4.jpg\" title=\"Gyop\u00e1rosf\u00fcrd\u0151 gy\u00f3gyhely\" class=\"thickbox\" rel=\"set_88\" >\n\t\t\t\t\t\t\t\t<img title=\"Gyop\u00e1rosf\u00fcrd\u0151 gy\u00f3gyhely\" alt=\"Gyop\u00e1rosf\u00fcrd\u0151 gy\u00f3gyhely\" src=\"https:\/\/gyoparosfurdo-oroshaza.hu\/wp-content\/gallery\/gyogyhely\/thumbs\/thumbs_gy4.jpg\" width=\"120\" height=\"95\" \/>\n\t\t\t\t\t\t\t<\/a>\n\t\t<\/div>\n\t<\/div>\n\t\n\t\t\n \t\t\n\t<div id=\"ngg-image-1289\" class=\"ngg-gallery-thumbnail-box\"  >\n\t\t<div class=\"ngg-gallery-thumbnail\" >\n\t\t\t<a href=\"https:\/\/gyoparosfurdo-oroshaza.hu\/wp-content\/gallery\/gyogyhely\/gy3.jpg\" title=\"Gyop\u00e1rosf\u00fcrd\u0151 gy\u00f3gyhely\" class=\"thickbox\" rel=\"set_88\" >\n\t\t\t\t\t\t\t\t<img title=\"Gyop\u00e1rosf\u00fcrd\u0151 gy\u00f3gyhely\" alt=\"Gyop\u00e1rosf\u00fcrd\u0151 gy\u00f3gyhely\" src=\"https:\/\/gyoparosfurdo-oroshaza.hu\/wp-content\/gallery\/gyogyhely\/thumbs\/thumbs_gy3.jpg\" width=\"120\" height=\"95\" \/>\n\t\t\t\t\t\t\t<\/a>\n\t\t<\/div>\n\t<\/div>\n\t\n\t\t\n \t\t\n\t<div id=\"ngg-image-1227\" class=\"ngg-gallery-thumbnail-box\"  >\n\t\t<div class=\"ngg-gallery-thumbnail\" >\n\t\t\t<a href=\"https:\/\/gyoparosfurdo-oroshaza.hu\/wp-content\/gallery\/gyogyhely\/gyogyfurdo-01.jpg\" title=\"Gyop\u00e1rosf\u00fcrd\u0151 gy\u00f3gyhely\" class=\"thickbox\" rel=\"set_88\" >\n\t\t\t\t\t\t\t\t<img title=\"Gyop\u00e1rosf\u00fcrd\u0151 gy\u00f3gyhely\" alt=\"Gyop\u00e1rosf\u00fcrd\u0151 gy\u00f3gyhely\" src=\"https:\/\/gyoparosfurdo-oroshaza.hu\/wp-content\/gallery\/gyogyhely\/thumbs\/thumbs_gyogyfurdo-01.jpg\" width=\"120\" height=\"95\" \/>\n\t\t\t\t\t\t\t<\/a>\n\t\t<\/div>\n\t<\/div>\n\t\n\t\t\n \t\t\n\t<div id=\"ngg-image-1238\" class=\"ngg-gallery-thumbnail-box\"  >\n\t\t<div class=\"ngg-gallery-thumbnail\" >\n\t\t\t<a href=\"https:\/\/gyoparosfurdo-oroshaza.hu\/wp-content\/gallery\/gyogyhely\/gyogyfurdo-02.jpg\" title=\"Gyop\u00e1rosf\u00fcrd\u0151 gy\u00f3gyhely\" class=\"thickbox\" rel=\"set_88\" >\n\t\t\t\t\t\t\t\t<img title=\"Gyop\u00e1rosf\u00fcrd\u0151 gy\u00f3gyhely\" alt=\"Gyop\u00e1rosf\u00fcrd\u0151 gy\u00f3gyhely\" src=\"https:\/\/gyoparosfurdo-oroshaza.hu\/wp-content\/gallery\/gyogyhely\/thumbs\/thumbs_gyogyfurdo-02.jpg\" width=\"120\" height=\"95\" \/>\n\t\t\t\t\t\t\t<\/a>\n\t\t<\/div>\n\t<\/div>\n\t\n\t\t\n \t\t\n\t<div id=\"ngg-image-1228\" class=\"ngg-gallery-thumbnail-box\"  >\n\t\t<div class=\"ngg-gallery-thumbnail\" >\n\t\t\t<a href=\"https:\/\/gyoparosfurdo-oroshaza.hu\/wp-content\/gallery\/gyogyhely\/gyogyfurdo-03.jpg\" title=\"Gyop\u00e1rosf\u00fcrd\u0151 gy\u00f3gyhely\" class=\"thickbox\" rel=\"set_88\" >\n\t\t\t\t\t\t\t\t<img title=\"Gyop\u00e1rosf\u00fcrd\u0151 gy\u00f3gyhely\" alt=\"Gyop\u00e1rosf\u00fcrd\u0151 gy\u00f3gyhely\" src=\"https:\/\/gyoparosfurdo-oroshaza.hu\/wp-content\/gallery\/gyogyhely\/thumbs\/thumbs_gyogyfurdo-03.jpg\" width=\"120\" height=\"95\" \/>\n\t\t\t\t\t\t\t<\/a>\n\t\t<\/div>\n\t<\/div>\n\t\n\t\t\n \t\t\n\t<div id=\"ngg-image-1229\" class=\"ngg-gallery-thumbnail-box\"  >\n\t\t<div class=\"ngg-gallery-thumbnail\" >\n\t\t\t<a href=\"https:\/\/gyoparosfurdo-oroshaza.hu\/wp-content\/gallery\/gyogyhely\/gyogyfurdo-04.jpg\" title=\"Gyop\u00e1rosf\u00fcrd\u0151 gy\u00f3gyhely\" class=\"thickbox\" rel=\"set_88\" >\n\t\t\t\t\t\t\t\t<img title=\"Gyop\u00e1rosf\u00fcrd\u0151 gy\u00f3gyhely\" alt=\"Gyop\u00e1rosf\u00fcrd\u0151 gy\u00f3gyhely\" src=\"https:\/\/gyoparosfurdo-oroshaza.hu\/wp-content\/gallery\/gyogyhely\/thumbs\/thumbs_gyogyfurdo-04.jpg\" width=\"120\" height=\"95\" \/>\n\t\t\t\t\t\t\t<\/a>\n\t\t<\/div>\n\t<\/div>\n\t\n\t\t\n \t\t\n\t<div id=\"ngg-image-1230\" class=\"ngg-gallery-thumbnail-box\"  >\n\t\t<div class=\"ngg-gallery-thumbnail\" >\n\t\t\t<a href=\"https:\/\/gyoparosfurdo-oroshaza.hu\/wp-content\/gallery\/gyogyhely\/gyogyfurdo-05.jpg\" title=\"Gyop\u00e1rosf\u00fcrd\u0151 gy\u00f3gyhely\" class=\"thickbox\" rel=\"set_88\" >\n\t\t\t\t\t\t\t\t<img title=\"Gyop\u00e1rosf\u00fcrd\u0151 gy\u00f3gyhely\" alt=\"Gyop\u00e1rosf\u00fcrd\u0151 gy\u00f3gyhely\" src=\"https:\/\/gyoparosfurdo-oroshaza.hu\/wp-content\/gallery\/gyogyhely\/thumbs\/thumbs_gyogyfurdo-05.jpg\" width=\"120\" height=\"95\" \/>\n\t\t\t\t\t\t\t<\/a>\n\t\t<\/div>\n\t<\/div>\n\t\n\t\t\n \t\t\n\t<div id=\"ngg-image-1232\" class=\"ngg-gallery-thumbnail-box\"  >\n\t\t<div class=\"ngg-gallery-thumbnail\" >\n\t\t\t<a href=\"https:\/\/gyoparosfurdo-oroshaza.hu\/wp-content\/gallery\/gyogyhely\/gyogyfurdo-06.jpg\" title=\"Gyop\u00e1rosf\u00fcrd\u0151 gy\u00f3gyhely\" class=\"thickbox\" rel=\"set_88\" >\n\t\t\t\t\t\t\t\t<img title=\"Gyop\u00e1rosf\u00fcrd\u0151 gy\u00f3gyhely\" alt=\"Gyop\u00e1rosf\u00fcrd\u0151 gy\u00f3gyhely\" src=\"https:\/\/gyoparosfurdo-oroshaza.hu\/wp-content\/gallery\/gyogyhely\/thumbs\/thumbs_gyogyfurdo-06.jpg\" width=\"120\" height=\"95\" \/>\n\t\t\t\t\t\t\t<\/a>\n\t\t<\/div>\n\t<\/div>\n\t\n\t\t\n \t\t\n\t<div id=\"ngg-image-1233\" class=\"ngg-gallery-thumbnail-box\"  >\n\t\t<div class=\"ngg-gallery-thumbnail\" >\n\t\t\t<a href=\"https:\/\/gyoparosfurdo-oroshaza.hu\/wp-content\/gallery\/gyogyhely\/gyogyfurdo-07.jpg\" title=\"Gyop\u00e1rosf\u00fcrd\u0151 gy\u00f3gyhely\" class=\"thickbox\" rel=\"set_88\" >\n\t\t\t\t\t\t\t\t<img title=\"Gyop\u00e1rosf\u00fcrd\u0151 gy\u00f3gyhely\" alt=\"Gyop\u00e1rosf\u00fcrd\u0151 gy\u00f3gyhely\" src=\"https:\/\/gyoparosfurdo-oroshaza.hu\/wp-content\/gallery\/gyogyhely\/thumbs\/thumbs_gyogyfurdo-07.jpg\" width=\"120\" height=\"95\" \/>\n\t\t\t\t\t\t\t<\/a>\n\t\t<\/div>\n\t<\/div>\n\t\n\t\t\n \t\t\n\t<div id=\"ngg-image-1231\" class=\"ngg-gallery-thumbnail-box\"  >\n\t\t<div class=\"ngg-gallery-thumbnail\" >\n\t\t\t<a href=\"https:\/\/gyoparosfurdo-oroshaza.hu\/wp-content\/gallery\/gyogyhely\/gyogyfurdo-08.jpg\" title=\"Gyop\u00e1rosf\u00fcrd\u0151 gy\u00f3gyhely\" class=\"thickbox\" rel=\"set_88\" >\n\t\t\t\t\t\t\t\t<img title=\"Gyop\u00e1rosf\u00fcrd\u0151 gy\u00f3gyhely\" alt=\"Gyop\u00e1rosf\u00fcrd\u0151 gy\u00f3gyhely\" src=\"https:\/\/gyoparosfurdo-oroshaza.hu\/wp-content\/gallery\/gyogyhely\/thumbs\/thumbs_gyogyfurdo-08.jpg\" width=\"120\" height=\"95\" \/>\n\t\t\t\t\t\t\t<\/a>\n\t\t<\/div>\n\t<\/div>\n\t\n\t\t\n \t\t\n\t<div id=\"ngg-image-1234\" class=\"ngg-gallery-thumbnail-box\"  >\n\t\t<div class=\"ngg-gallery-thumbnail\" >\n\t\t\t<a href=\"https:\/\/gyoparosfurdo-oroshaza.hu\/wp-content\/gallery\/gyogyhely\/gyogyfurdo-09.jpg\" title=\"Gyop\u00e1rosf\u00fcrd\u0151 gy\u00f3gyhely\" class=\"thickbox\" rel=\"set_88\" >\n\t\t\t\t\t\t\t\t<img title=\"Gyop\u00e1rosf\u00fcrd\u0151 gy\u00f3gyhely\" alt=\"Gyop\u00e1rosf\u00fcrd\u0151 gy\u00f3gyhely\" src=\"https:\/\/gyoparosfurdo-oroshaza.hu\/wp-content\/gallery\/gyogyhely\/thumbs\/thumbs_gyogyfurdo-09.jpg\" width=\"120\" height=\"95\" \/>\n\t\t\t\t\t\t\t<\/a>\n\t\t<\/div>\n\t<\/div>\n\t\n\t\t\n \t\t\n\t<div id=\"ngg-image-1235\" class=\"ngg-gallery-thumbnail-box\"  >\n\t\t<div class=\"ngg-gallery-thumbnail\" >\n\t\t\t<a href=\"https:\/\/gyoparosfurdo-oroshaza.hu\/wp-content\/gallery\/gyogyhely\/gyogyfurdo-10.jpg\" title=\"Gyop\u00e1rosf\u00fcrd\u0151 gy\u00f3gyhely\" class=\"thickbox\" rel=\"set_88\" >\n\t\t\t\t\t\t\t\t<img title=\"Gyop\u00e1rosf\u00fcrd\u0151 gy\u00f3gyhely\" alt=\"Gyop\u00e1rosf\u00fcrd\u0151 gy\u00f3gyhely\" src=\"https:\/\/gyoparosfurdo-oroshaza.hu\/wp-content\/gallery\/gyogyhely\/thumbs\/thumbs_gyogyfurdo-10.jpg\" width=\"120\" height=\"95\" \/>\n\t\t\t\t\t\t\t<\/a>\n\t\t<\/div>\n\t<\/div>\n\t\n\t\t\n \t\t\n\t<div id=\"ngg-image-1237\" class=\"ngg-gallery-thumbnail-box\"  >\n\t\t<div class=\"ngg-gallery-thumbnail\" >\n\t\t\t<a href=\"https:\/\/gyoparosfurdo-oroshaza.hu\/wp-content\/gallery\/gyogyhely\/gyogyfurdo-12.jpg\" title=\"Gyop\u00e1rosf\u00fcrd\u0151 gy\u00f3gyhely\" class=\"thickbox\" rel=\"set_88\" >\n\t\t\t\t\t\t\t\t<img title=\"Gyop\u00e1rosf\u00fcrd\u0151 gy\u00f3gyhely\" alt=\"Gyop\u00e1rosf\u00fcrd\u0151 gy\u00f3gyhely\" src=\"https:\/\/gyoparosfurdo-oroshaza.hu\/wp-content\/gallery\/gyogyhely\/thumbs\/thumbs_gyogyfurdo-12.jpg\" width=\"120\" height=\"95\" \/>\n\t\t\t\t\t\t\t<\/a>\n\t\t<\/div>\n\t<\/div>\n\t\n\t\t\n \t \t\n\t<!-- Pagination -->\n \t<div class='ngg-clear'><\/div>\n \t\n<\/div>\n\n\n<p>&nbsp;<\/p>\n","protected":false},"excerpt":{"rendered":"<p>\u00cen data de 27 iulie 2016 Gyop\u00e1rosf\u00fcrd\u0151 a fost oficial atestat\u0103 ca \u0219i sta\u021biune balnear\u0103. Localitatea se g\u0103se\u0219te \u00een jude\u021bul B\u00e9k\u00e9s, \u00een ora\u0219ul Orosh\u00e1za, este cunoscut ca \u0219i \u201dPerla C\u00e2mpiei\u201d \u00cenceputul Istoria lacului din Gyop\u00e1ros, precum \u0219i a mediului natural &hellip; <a href=\"https:\/\/gyoparosfurdo-oroshaza.hu\/ro\/gyoparosfurdo\/gyoparosfurdo-statiune-balneara\">Folytat\u00e1s <span class=\"meta-nav\">&rarr;<\/span><\/a><\/p>\n","protected":false},"author":6,"featured_media":0,"parent":25877,"menu_order":0,"comment_status":"closed","ping_status":"closed","template":"","meta":[],"_links":{"self":[{"href":"https:\/\/gyoparosfurdo-oroshaza.hu\/ro\/wp-json\/wp\/v2\/pages\/26345"}],"collection":[{"href":"https:\/\/gyoparosfurdo-oroshaza.hu\/ro\/wp-json\/wp\/v2\/pages"}],"about":[{"href":"https:\/\/gyoparosfurdo-oroshaza.hu\/ro\/wp-json\/wp\/v2\/types\/page"}],"author":[{"embeddable":true,"href":"https:\/\/gyoparosfurdo-oroshaza.hu\/ro\/wp-json\/wp\/v2\/users\/6"}],"replies":[{"embeddable":true,"href":"https:\/\/gyoparosfurdo-oroshaza.hu\/ro\/wp-json\/wp\/v2\/comments?post=26345"}],"version-history":[{"count":0,"href":"https:\/\/gyoparosfurdo-oroshaza.hu\/ro\/wp-json\/wp\/v2\/pages\/26345\/revisions"}],"up":[{"embeddable":true,"href":"https:\/\/gyoparosfurdo-oroshaza.hu\/ro\/wp-json\/wp\/v2\/pages\/25877"}],"wp:attachment":[{"href":"https:\/\/gyoparosfurdo-oroshaza.hu\/ro\/wp-json\/wp\/v2\/media?parent=26345"}],"curies":[{"name":"wp","href":"https:\/\/api.w.org\/{rel}","templated":true}]}}