{"id":26329,"date":"2014-08-26T19:06:06","date_gmt":"2014-08-26T17:06:06","guid":{"rendered":"https:\/\/gyoparosfurdo-oroshaza.hu\/video-spoturi"},"modified":"2014-08-26T19:06:06","modified_gmt":"2014-08-26T18:06:06","slug":"video-spoturi","status":"publish","type":"page","link":"https:\/\/gyoparosfurdo-oroshaza.hu\/ro\/gyoparosfurdo\/video-spoturi","title":{"rendered":"Video spoturi"},"content":{"rendered":"<h3>B\u0103ile Gyop\u00e1ros Imagefilm \u2013 toamn\u0103 2018<\/h3>\n<p><iframe loading=\"lazy\" width=\"560\" height=\"315\" src=\"https:\/\/www.youtube.com\/embed\/T-1psslUPmM\" frameborder=\"0\" allow=\"autoplay; encrypted-media\" allowfullscreen><\/iframe><\/p>\n<h3>B\u0103ile Gyop\u00e1ros HD Imagefilm  (2017)<\/h3>\n<p><iframe loading=\"lazy\" width=\"560\" height=\"315\" src=\"https:\/\/www.youtube.com\/embed\/wuOiv4jxFB4\" frameborder=\"0\" allowfullscreen><\/iframe><\/p>\n<h3>B\u0103ile Gyop\u00e1ros werkfilm (2014)<\/h3>\n<p><iframe loading=\"lazy\" width=\"560\" height=\"315\" src=\"\/\/www.youtube.com\/embed\/W3XKg2nrjfg\" frameborder=\"0\" allowfullscreen><\/iframe><\/p>\n<h3>Imagini de Orosh\u00e1za \u0219i B\u0103ile Gyop\u00e1ros din balon cu aer (2014)<\/h3>\n<p><iframe loading=\"lazy\" width=\"560\" height=\"315\" src=\"\/\/www.youtube.com\/embed\/amnvsSjdKCI\" frameborder=\"0\" allowfullscreen><\/iframe><\/p>\n<h3>Spot promo\u021bional Frumoasa Festivalului de p\u00e2ine (2014)<\/h3>\n<p>Spotul a fost creat la 20 august 2014 la Festivalul de p\u00e2ine \u00een cadrul concursului de frumuse\u021be denumit Frumoasa Festivalului de p\u00e2ine.<\/p>\n<p><iframe loading=\"lazy\" width=\"560\" height=\"315\" src=\"\/\/www.youtube.com\/embed\/ZBon8kg5YNM\" frameborder=\"0\" allowfullscreen><\/iframe><\/p>\n","protected":false},"excerpt":{"rendered":"<p>B\u0103ile Gyop\u00e1ros Imagefilm \u2013 toamn\u0103 2018 B\u0103ile Gyop\u00e1ros HD Imagefilm (2017) B\u0103ile Gyop\u00e1ros werkfilm (2014) Imagini de Orosh\u00e1za \u0219i B\u0103ile Gyop\u00e1ros din balon cu aer (2014) Spot promo\u021bional Frumoasa Festivalului de p\u00e2ine (2014) Spotul a fost creat la 20 august &hellip; <a href=\"https:\/\/gyoparosfurdo-oroshaza.hu\/ro\/gyoparosfurdo\/video-spoturi\">Folytat\u00e1s <span class=\"meta-nav\">&rarr;<\/span><\/a><\/p>\n","protected":false},"author":6,"featured_media":0,"parent":25877,"menu_order":0,"comment_status":"closed","ping_status":"closed","template":"","meta":[],"_links":{"self":[{"href":"https:\/\/gyoparosfurdo-oroshaza.hu\/ro\/wp-json\/wp\/v2\/pages\/26329"}],"collection":[{"href":"https:\/\/gyoparosfurdo-oroshaza.hu\/ro\/wp-json\/wp\/v2\/pages"}],"about":[{"href":"https:\/\/gyoparosfurdo-oroshaza.hu\/ro\/wp-json\/wp\/v2\/types\/page"}],"author":[{"embeddable":true,"href":"https:\/\/gyoparosfurdo-oroshaza.hu\/ro\/wp-json\/wp\/v2\/users\/6"}],"replies":[{"embeddable":true,"href":"https:\/\/gyoparosfurdo-oroshaza.hu\/ro\/wp-json\/wp\/v2\/comments?post=26329"}],"version-history":[{"count":0,"href":"https:\/\/gyoparosfurdo-oroshaza.hu\/ro\/wp-json\/wp\/v2\/pages\/26329\/revisions"}],"up":[{"embeddable":true,"href":"https:\/\/gyoparosfurdo-oroshaza.hu\/ro\/wp-json\/wp\/v2\/pages\/25877"}],"wp:attachment":[{"href":"https:\/\/gyoparosfurdo-oroshaza.hu\/ro\/wp-json\/wp\/v2\/media?parent=26329"}],"curies":[{"name":"wp","href":"https:\/\/api.w.org\/{rel}","templated":true}]}}