{"id":26325,"date":"2014-02-14T17:27:33","date_gmt":"2014-02-14T16:27:33","guid":{"rendered":"https:\/\/gyoparosfurdo-oroshaza.hu\/zsolt-litauszki"},"modified":"2014-02-14T17:27:33","modified_gmt":"2014-02-14T16:27:33","slug":"zsolt-litauszki","status":"publish","type":"page","link":"https:\/\/gyoparosfurdo-oroshaza.hu\/ro\/oroshaza\/oroshaza-mea\/zsolt-litauszki","title":{"rendered":"Zsolt Litauszki"},"content":{"rendered":"<h2>Cheful bine-cunoscut \u00een lumea gastronomic\u0103 \u0219i-a dob\u00e2ndit cuno\u0219tiin\u021bele de baz\u0103 la Orosh\u00e1za.<\/h2>\n<p><img loading=\"lazy\" src=\"\/wp-content\/uploads\/2012\/05\/litauszki_zsolt.jpg\" alt=\"Litauszki Zsolt cheful\" title=\"Zsolt Litauszki cheful\" width=\"190\" height=\"264\" class=\"alignleft\" \/>\u00cen zilele noastre Zsolt Litauszki, cheful bine-cunoscut n\u0103scut la Orosh\u00e1za, are timp s\u0103-\u0219i viziteze ora\u0219ul natal doar o dat\u0103 sau de dou\u0103 ori pe an. \u00cens\u0103 \u0219i acum aplic\u0103 cu succes cuno\u0219tiin\u021bele dob\u00e2ndite aici.<\/p>\n<p>El este chef-ul creativ ale urmatoarelor restaurante: \u00een Cetatea Buda restaurantul Pest-Buda, 21 \u0219i Pierot. De\u0219i cuno\u0219tiin\u021bele \u0219i experien\u021bele profesionale \u0219i-a dob\u00e2ndit \u00een Austria, gustul ei s-a format \u00een primul r\u00e2nd \u00een gr\u0103dina bunicului, \u00een buc\u0103t\u0103ria bunicii \u0219i \u00een bufetul condus de mama. Gr\u0103dina bunicului i-a oferit mereu ceva special al\u0103turi de legumele obi\u0219nuite: agri\u0219\u0103, mosmon, smochine \u0219i numeroase plante medicinale.  Gastronomia familiei era caracterizat\u0103 de o dualitate special\u0103, un amestec unic al buc\u0103t\u0103riei slovace \u0219i maghiare. Toate aceste influen\u021be au determinat t\u00een\u0103rul Zsolt s\u0103 absolve studii de specialitate la H\u00f3dmez\u0151v\u00e1s\u00e1rhely, poi \u0219i-a \u00eencercat norocul la c\u00e2teva locuri de munc\u0103 pe plan local. <\/p>\n<p>\u00centre timp cititind literatura de specialitate \u0219i-a dat seama de faptul c\u0103 dezvoltarea este posibil\u0103 numai prin pasuri facute mai departe. \u00cen acest fel s-a angajat la Fert\u0151r\u00e1kos, un or\u0103\u0219el situat \u00een cel\u0103lalt cap\u0103t de \u0163ar\u0103, la restaurantul bine-cunoscut R\u00e1spi. Poi urmeaz\u0103 ani petrecu\u021bi \u00een Austria la Hotelul Lor\u00fcnser \u0219i St. Antoner Hof. \u00cen c\u00e2teva ani Zsolt a devenit chef. \u00centre timp s-a \u00eendr\u0103gostit \u0219i de viniculture, astfel nu i-a fost greu s\u0103 accepte oferta proprietarului restaurantului Maligan, pozi\u021bia de director al restaurantului.  <\/p>\n<p><img loading=\"lazy\" src=\"\/wp-content\/uploads\/2012\/04\/litauszki_4.jpg\" alt=\"Litauszki Zsolt\" title=\"Litauszki Zsolt\" width=\"190\" height=\"139\" class=\"alignleft\" \/>Dup\u0103 un \u00eenceput dificil, Malig\u00e1n \u00een fine a devenit un paradis al gourme\u021bilor datorit\u0103 criticilor bune primite din partea revistelor de specialitate \u0219i a gastroblogurilor. Toate astea nu din \u00eent\u00e2mplare: Zsolt a expus ultimele nout\u0103\u021bi de art\u0103 culinar\u0103. Aceast\u0103 meserie \u00eens\u0103 include \u0219i o re\u00eennoire permanent\u0103. Zsolt \u00een prezent este \u0219eful creativ a celor trei restaurante \u00een proprietatea familiei Zsidai: Pest-Buda, 21 Magyar \u00c9tterem \u0219i Pierrot. \u00cen acela\u0219 timp c\u0103l\u0103tore\u0219te \u00een lume, astfel formarea sa profesional\u0103 este permanent\u0103. <\/p>\n<p><img loading=\"lazy\" src=\"\/wp-content\/uploads\/2012\/05\/litauszki_1.jpg\" alt=\"Litauszki Zsolt\" title=\"Litauszki Zsolt\" width=\"190\" height=\"147\" class=\"alignleft\" \/>Zsolt nu a uitat ora\u0219ul s\u0103u natal p\u00e2n\u0103 \u00een zilele de azi: folose\u0219te ficat de g\u00e2sc\u0103 numai de la Orosh\u00e1za. Este foarte atastat de familia sa, de prieteni, se g\u00e2nde\u0219te cu nostalgie la anii nouazeci plini de veselie, la petrecerile \u00een localele underground Katlan \u0219i Talon, la pescuitele cu prieteni. <\/p>\n<p>De\u0219i el \u00eensu\u0219i ajunge acas\u0103 foarte rar, racomand\u0103 la toata lumea ora\u0219ul \u0219i \u00eemprejurimile. Din punct de vedere gastronomic racomand\u0103 \u00een primul r\u00e2nd c\u00e2rna\u021bi de calitate din B\u00e9k\u00e9scsaba (care se preg\u0103te\u0219te perfect nu numai la B\u00e9k\u00e9scsaba \u0219i T\u00f3tkmol\u00f3s, dar \u0219i la Orosh\u00e1za) precum \u0219i foie gras (ficat de g\u00e2sc\u0103) local\u0103. Nici cei care sosesc cu un alt scop, nu vor fi dezam\u0103gi\u021bi: Gyop\u00e1rosf\u00fcrd\u0151 v\u0103 ofer\u0103 numeroase oportunit\u0103\u021bi ideale de relaxare \u0219i recreere, odihn\u0103 activ\u0103 \u0219i pasiv\u0103.<\/p>\n<div class=\"topten_slider_title\"><span class=\"h3\">Programe Top<\/span><a href=\"https:\/\/gyoparosfurdo-oroshaza.hu\/ro\/programe\" title=\"Programe \u00bb\">Programe \u00bb<\/a><\/div><div class=\"topten_container topten_slider\" id=\"topten_slider\"><ul class=\"topten_inner\"><li class=\"topten_item\" data-id=\"tsi_1\"><a href=\"\/ro\/programe\/tineri\" title=\"Pentru tineri\" class=\"topten_link\" style=\"background: url(\/wp-content\/uploads\/2012\/05\/fiataloknak-top-programok-gyoparosfurdon.jpg) top left no-repeat;\"><span class=\"title\">Pentru tineri<\/span><\/a><a href=\"\/ro\/programe\/pentru-amatori-de-sport\" title=\"Amatori de sport\" class=\"topten_link\" style=\"background: url(\/wp-content\/uploads\/2012\/05\/sportbaratoknak-top-programok-gyoparosfurdon.jpg) top left no-repeat;\"><span class=\"title\">Amatori de sport<\/span><\/a><a href=\"\/ro\/programe\/cu-masina\" title=\"Cu masina\" class=\"topten_link\" style=\"background: url(\/wp-content\/uploads\/2012\/05\/autoval-top-programok-gyoparosfurdon.jpg) top left no-repeat;\"><span class=\"title\">Cu masina<\/span><\/a><a href=\"\/ro\/programe\/pentru-amatori-de-cultura\" title=\"Amatori de cultura\" class=\"topten_link\" style=\"background: url(\/wp-content\/uploads\/2012\/05\/kulturabaratoknak-top-programok-gyoparosfurdon.jpg) top left no-repeat;\"><span class=\"title\">Amatori de cultura<\/span><\/a><a href=\"\/ro\/programe\/pentru-o-singura-saptamana\" title=\"Saptamana\" class=\"topten_link\" style=\"background: url(\/wp-content\/uploads\/2012\/05\/1-hetre-top-programok-gyoparosfurdon.jpg) top left no-repeat;\"><span class=\"title\">Saptamana<\/span><\/a><a href=\"\/ro\/programe\/pentru-pescatori\" title=\"Pentru pescatori \" class=\"topten_link\" style=\"background: url(\/wp-content\/uploads\/2012\/05\/horgaszoknak-top-programok-gyoparosfurdon.jpg) top left no-repeat;\"><span class=\"title\">Pentru pescatori <\/span><\/a><\/li><li class=\"topten_item\" data-id=\"tsi_2\"><a href=\"\/ro\/programe\/pentru-fotografi\" title=\"Pentru fotografi\" class=\"topten_link\" style=\"background: url(\/wp-content\/uploads\/2012\/05\/fotosoknak-top-programok-gyoparosfurdon.jpg) top left no-repeat;\"><span class=\"title\">Pentru fotografi<\/span><\/a><a href=\"\/ro\/programe\/in-timp-de-iarna\" title=\"In timp de iarna \" class=\"topten_link\" style=\"background: url(\/wp-content\/uploads\/2012\/05\/telen-top-programok-gyoparosfurdon.jpg) top left no-repeat;\"><span class=\"title\">In timp de iarna <\/span><\/a><a href=\"\/ro\/programe\/pentru-familii\" title=\"Pentru familii\" class=\"topten_link\" style=\"background: url(\/wp-content\/uploads\/2012\/05\/csaladosoknak-top-programok-gyoparosfurdon.jpg) top left no-repeat;\"><span class=\"title\">Pentru familii<\/span><\/a><a href=\"\/ro\/programe\/pentru-cupluri\" title=\"Pentru cupluri\" class=\"topten_link\" style=\"background: url(\/wp-content\/uploads\/2012\/05\/paroknak-top-programok-gyoparosfurdon.jpg) top left no-repeat;\"><span class=\"title\">Pentru cupluri<\/span><\/a><a href=\"\/ro\/programe\/pentru-o-singura-zi\" title=\"O singura zi\" class=\"topten_link\" style=\"background: url(\/wp-content\/uploads\/2012\/05\/1-napra-top-programok-gyoparosfurdon.jpg) top left no-repeat;\"><span class=\"title\">O singura zi<\/span><\/a><a href=\"\/ro\/programe\/pentru-biciclisti\" title=\"Pentru biciclisti\" class=\"topten_link\" style=\"background: url(\/wp-content\/uploads\/2012\/05\/kerekparosoknak-top-programok-gyoparosfurdon.jpg) top left no-repeat;\"><span class=\"title\">Pentru biciclisti<\/span><\/a><\/li><li class=\"topten_item\" data-id=\"tsi_3\"><a href=\"\/ro\/programe\/programe-pentru-un-week-end\" title=\"Un week-end\" class=\"topten_link\" style=\"background: url(\/wp-content\/uploads\/2012\/05\/hetvegere-top-programok-gyoparosfurdon.jpg) top left no-repeat;\"><span class=\"title\">Un week-end<\/span><\/a><a href=\"\/ro\/programe\/in-timp-de-vara\" title=\"In timp de vara\" class=\"topten_link\" style=\"background: url(\/wp-content\/uploads\/2012\/05\/nyaron-top-programok-gyoparosfurdon.jpg) top left no-repeat;\"><span class=\"title\">In timp de vara<\/span><\/a><\/ul><div class=\"lapozobox\"><span id=\"lprev\"><\/span><span id=\"lnext\"><\/span><span id=\"ts_1\" class=\"active\"><\/span><span id=\"ts_2\" ><\/span><span id=\"ts_3\" ><\/span><\/div><\/div>\n","protected":false},"excerpt":{"rendered":"<p>Cheful bine-cunoscut \u00een lumea gastronomic\u0103 \u0219i-a dob\u00e2ndit cuno\u0219tiin\u021bele de baz\u0103 la Orosh\u00e1za. \u00cen zilele noastre Zsolt Litauszki, cheful bine-cunoscut n\u0103scut la Orosh\u00e1za, are timp s\u0103-\u0219i viziteze ora\u0219ul natal doar o dat\u0103 sau de dou\u0103 ori pe an. \u00cens\u0103 \u0219i acum &hellip; <a href=\"https:\/\/gyoparosfurdo-oroshaza.hu\/ro\/oroshaza\/oroshaza-mea\/zsolt-litauszki\">Folytat\u00e1s <span class=\"meta-nav\">&rarr;<\/span><\/a><\/p>\n","protected":false},"author":6,"featured_media":27139,"parent":26184,"menu_order":0,"comment_status":"closed","ping_status":"closed","template":"","meta":[],"_links":{"self":[{"href":"https:\/\/gyoparosfurdo-oroshaza.hu\/ro\/wp-json\/wp\/v2\/pages\/26325"}],"collection":[{"href":"https:\/\/gyoparosfurdo-oroshaza.hu\/ro\/wp-json\/wp\/v2\/pages"}],"about":[{"href":"https:\/\/gyoparosfurdo-oroshaza.hu\/ro\/wp-json\/wp\/v2\/types\/page"}],"author":[{"embeddable":true,"href":"https:\/\/gyoparosfurdo-oroshaza.hu\/ro\/wp-json\/wp\/v2\/users\/6"}],"replies":[{"embeddable":true,"href":"https:\/\/gyoparosfurdo-oroshaza.hu\/ro\/wp-json\/wp\/v2\/comments?post=26325"}],"version-history":[{"count":0,"href":"https:\/\/gyoparosfurdo-oroshaza.hu\/ro\/wp-json\/wp\/v2\/pages\/26325\/revisions"}],"up":[{"embeddable":true,"href":"https:\/\/gyoparosfurdo-oroshaza.hu\/ro\/wp-json\/wp\/v2\/pages\/26184"}],"wp:featuredmedia":[{"embeddable":true,"href":"https:\/\/gyoparosfurdo-oroshaza.hu\/ro\/wp-json\/wp\/v2\/media\/27139"}],"wp:attachment":[{"href":"https:\/\/gyoparosfurdo-oroshaza.hu\/ro\/wp-json\/wp\/v2\/media?parent=26325"}],"curies":[{"name":"wp","href":"https:\/\/api.w.org\/{rel}","templated":true}]}}