{"id":26307,"date":"2013-06-03T08:02:22","date_gmt":"2013-06-03T06:02:22","guid":{"rendered":"https:\/\/gyoparosfurdo-oroshaza.hu\/tdm"},"modified":"2013-06-03T08:02:22","modified_gmt":"2013-06-03T07:02:22","slug":"tdm","status":"publish","type":"page","link":"https:\/\/gyoparosfurdo-oroshaza.hu\/ro\/oroshaza\/tdm","title":{"rendered":"TDM"},"content":{"rendered":"<p><p><a href=\"\/wp-content\/uploads\/2013\/06\/jovo_tdm.jpg\"><img loading=\"lazy\" src=\"\/wp-content\/uploads\/2013\/06\/jovo_tdm.jpg\" alt=\"\" title=\"jovo_tdm\" width=\"545\" height=\"724\" class=\"aligncenter size-full wp-image-5705\" srcset=\"https:\/\/gyoparosfurdo-oroshaza.hu\/wp-content\/uploads\/2013\/06\/jovo_tdm.jpg 545w, https:\/\/gyoparosfurdo-oroshaza.hu\/wp-content\/uploads\/2013\/06\/jovo_tdm-226x300.jpg 226w\" sizes=\"(max-width: 545px) 100vw, 545px\" \/><\/a><\/p>\n<p>Ded\u00e1k Ang\u00e9la<\/p>\n<p>eln\u00f6k<\/p>\n<p>70-380-64-49<\/p>\n<p>dedak.angela@orosmarketing.hu<\/p>\n<p>Kiss L\u00e1szl\u00f3<\/p>\n<p>manager, rendezv\u00e9nyszervez\u0151<\/p>\n<p>30-714-44-08<\/p>\n<p>70-333-38-51<\/p>\n<p>kiss.rendezveny@gmail.com<\/p>\n<p>kiss.laszlo@orosmarketing.hu<\/p>\n<p>D\u00e9gi \u00c9va<\/p>\n<p>manager<\/p>\n<p>30-667-06-01<\/p>\n<p>degi.eva@orosmarketing.hu<\/p>\n<p>Bokor Erika<\/p>\n<p>tourinform iroda<\/p>\n<p>30-451-28-72<\/p>\n<p>oroshaza@tourinform.hu<\/p>\n<p>J\u00f6v\u0151 \u00c9p\u00edt\u0151k TDM K\u00f6zhaszn\u00fa Egyes\u00fclete<\/p>\n<p>5904, Orosh\u00e1za Fasor u. 1-3<\/p>\n<p>ad\u00f3sz\u00e1m:18025468-2-04<\/p>\n<p>bszla: 10918001-00000081-30270012<\/p><\/p>\n","protected":false},"excerpt":{"rendered":"<p>Ded\u00e1k Ang\u00e9la eln\u00f6k 70-380-64-49 dedak.angela@orosmarketing.hu Kiss L\u00e1szl\u00f3 manager, rendezv\u00e9nyszervez\u0151 30-714-44-08 70-333-38-51 kiss.rendezveny@gmail.com kiss.laszlo@orosmarketing.hu D\u00e9gi \u00c9va manager 30-667-06-01 degi.eva@orosmarketing.hu Bokor Erika tourinform iroda 30-451-28-72 oroshaza@tourinform.hu J\u00f6v\u0151 \u00c9p\u00edt\u0151k TDM K\u00f6zhaszn\u00fa Egyes\u00fclete 5904, Orosh\u00e1za Fasor u. 1-3 ad\u00f3sz\u00e1m:18025468-2-04 bszla: 10918001-00000081-30270012<\/p>\n","protected":false},"author":10,"featured_media":0,"parent":25957,"menu_order":0,"comment_status":"closed","ping_status":"closed","template":"","meta":[],"_links":{"self":[{"href":"https:\/\/gyoparosfurdo-oroshaza.hu\/ro\/wp-json\/wp\/v2\/pages\/26307"}],"collection":[{"href":"https:\/\/gyoparosfurdo-oroshaza.hu\/ro\/wp-json\/wp\/v2\/pages"}],"about":[{"href":"https:\/\/gyoparosfurdo-oroshaza.hu\/ro\/wp-json\/wp\/v2\/types\/page"}],"author":[{"embeddable":true,"href":"https:\/\/gyoparosfurdo-oroshaza.hu\/ro\/wp-json\/wp\/v2\/users\/10"}],"replies":[{"embeddable":true,"href":"https:\/\/gyoparosfurdo-oroshaza.hu\/ro\/wp-json\/wp\/v2\/comments?post=26307"}],"version-history":[{"count":0,"href":"https:\/\/gyoparosfurdo-oroshaza.hu\/ro\/wp-json\/wp\/v2\/pages\/26307\/revisions"}],"up":[{"embeddable":true,"href":"https:\/\/gyoparosfurdo-oroshaza.hu\/ro\/wp-json\/wp\/v2\/pages\/25957"}],"wp:attachment":[{"href":"https:\/\/gyoparosfurdo-oroshaza.hu\/ro\/wp-json\/wp\/v2\/media?parent=26307"}],"curies":[{"name":"wp","href":"https:\/\/api.w.org\/{rel}","templated":true}]}}