{"id":26273,"date":"2012-10-08T12:29:40","date_gmt":"2012-10-08T10:29:40","guid":{"rendered":"https:\/\/gyoparosfurdo-oroshaza.hu\/seans-de-sauna"},"modified":"2025-09-02T09:48:52","modified_gmt":"2025-09-02T07:48:52","slug":"seans-de-sauna","status":"publish","type":"page","link":"https:\/\/gyoparosfurdo-oroshaza.hu\/ro\/gyoparosfurdo\/seans-de-sauna","title":{"rendered":"Seans de saun\u0103"},"content":{"rendered":"<h2>Am trecut la programul de toamn\u0103-iarn\u0103, a\u0219a c\u0103 din 15 septembrie vor fi deschise doar piscina termal\u0103 exterioar\u0103, piscina termal\u0103 interioar\u0103 \u0219i cabina de saun\u0103 de la parter. Baile de Agrement \u0219i Parcul de Saune sunt \u00ceNCHISE. <a href=\"https:\/\/gyoparosfurdo-oroshaza.hu\/ro\/stiri\/programul-de-functionare-si-informatii-pentru-toamna-2025\">Mai multe detalii<\/a>.<\/h2>\n\n<p>\u0218edin\u021bele de saun\u0103 au c\u00e2\u0219tigat rapid popularitate \u00een r\u00e2ndul oaspe\u021bilor \u0219i la B\u0103ile Gyop\u00e1rosf\u00fcrd\u0151. Pe l\u00e2ng\u0103 multitudinea beneficiilor asupra s\u0103n\u0103t\u0103\u021bii, ritualele de saun\u0103 sunt ideale \u0219i pentru petrecerea timpului liber.<\/p>\n<p>Seansul de saun\u0103 difer\u0103 de la \u0219ederile obi\u0219nuite prin faptul c\u0103 se desf\u0103\u0219oar\u0103 sub supravegherea permanent\u0103 a instructorului, cine asigur\u0103 temperatura \u0219i ventila\u021bia optim\u0103, aplica\u021bia uleiurilor esen\u021biale \u0219i nu \u00een ultimul r\u00e2nd buna dispozi\u021bia oaspe\u021bilor.<\/p>\n<p>Seansurile dureaz\u0103 aproximativ 15 minute, dar oaspe\u021bii care nu rezist\u0103 pot ie\u0219i \u0219i mai devreme.<\/p>\n<h3>Seansuri curente<\/h3>\n<p>\u2013<\/p>\n<h3>Informa\u021bii utile despre seansuri de saun\u0103<\/h3>\n<p>Seansul este o \u0219edin\u021b\u0103 de saun\u0103 intensiv\u0103 cu program, care se desf\u0103\u0219oar\u0103 sub supravegherea instructorului, \u00eentr-un interval de timp limitat. Pe parcursul seansului instructorul turn\u0103 circa de trei ori diferite arome pe sob\u0103, asigur\u0103 temperatura ideal\u0103 \u0219i men\u021bine nivelul optim de umiditate \u00een cabin\u0103. Prin aplicarea diferitelor tehnice de ventila\u021bie se influen\u021beaz\u0103 senza\u021bia de c\u0103ldur\u0103. Uleiurile esen\u021biale evaporate \u0219i inspirate dezv\u0103luie un efect calmant, relaxant \u0219i terapeutic. Instructorul este \u00een contact continuu \u0219i direct cu participan\u021bii seanselor, asigur\u0103 materialele pentru hidratarea \u0219i \u00eengrijirea pielii \u0219i explic\u0103 modul corect de aplica\u021bie. Scopul este de a \u00eent\u0103ri obiceiuri corecte de saun\u0103.<\/p>\n<p><a href=\"\/wp-content\/uploads\/2012\/10\/szan.jpg\"><img loading=\"lazy\" src=\"\/wp-content\/uploads\/2012\/10\/szan.jpg\" alt=\"szan\" width=\"500\" height=\"333\" \/><\/a><\/p>\n<p>Pentru confortul D-voastr\u0103 num\u0103rul participan\u021bilor la seansuri este limitat \u00een func\u021bie de capacitatea cabinei. Astfel V\u0103 recomand\u0103m s\u0103 face\u021bi apuntamente \u00een avans la instructorii de saune. <b>Num\u0103r de telefon: +36 68 512-260<\/b>.<\/p>\n<p>Pentru informa\u021bii referitoare la pre\u021buri face\u021bi un click <a href=\"\/ro\/gyoparosfurdo\/arak#szeansz\">aici<\/a>.<\/p>\n<h3>Programe de baz\u0103<\/h3>\n<h4>Seans cu ulei esen\u021bial<\/h4>\n<p><img loading=\"lazy\" class=\"alignleft size-full wp-image-9060\" src=\"\/wp-content\/uploads\/2012\/10\/szeansz_illo.jpg\" alt=\"szeansz_illo\" width=\"223\" height=\"223\" srcset=\"https:\/\/gyoparosfurdo-oroshaza.hu\/wp-content\/uploads\/2012\/10\/szeansz_illo.jpg 223w, https:\/\/gyoparosfurdo-oroshaza.hu\/wp-content\/uploads\/2012\/10\/szeansz_illo-150x150.jpg 150w\" sizes=\"(max-width: 223px) 100vw, 223px\" \/>Instructorul amestec\u0103 ulei esen\u021bial 100 % pur \u00een ap\u0103 \u0219i vars\u0103 pe sob\u0103. C\u0103ldura evapor\u0103 uleiul, disper\u00e2nd aromele pl\u0103cute \u00een aer. Aromaterapia \u0219i aerul fierbinte au efecte fiziologice \u0219i psihologice pozitive, sunt \u00een general indicate pentru afec\u021biuni respiratorii ca \u0219i terapie sau preven\u021bie.<\/p>\n<p>Prin diferitele arome se creeaz\u0103 atmosfer\u0103 special\u0103 pe parcursul seanselor. De\u0219i acest program are rolul de &#8222;\u00eenc\u0103lzire&#8221; este mult mai intensiv dec\u00e2t forma tradi\u021bional\u0103 de saun\u0103. Seansurile \u00eembinate cu aromaterapie, pe l\u00e2ng\u0103 faptul ca au un efect destresant, \u00eembun\u0103t\u0103\u021besc starea de spirit.<\/p>\n<h4 style=\"padding-top: 20px;\">Seans cu fructe \u0219i vitamine<\/h4>\n<p>La fel ca \u0219i \u00een cazul seanselor cu arome, instructorul amestec\u0103 ulei esen\u021bial 100 % pur \u00een ap\u0103 \u0219i vars\u0103 pe sob\u0103. Prin circula\u021bia aerului fierbinte \u0219i aromat instructorul asigur\u0103 confortul maxim \u0219i ambient pl\u0103cut oaspe\u021bilor. La sf\u00e2r\u0219itul seansului instructorul V\u0103 ofer\u0103 buc\u0103\u021bele de fructe r\u0103corit\u0103, o adev\u0103rat\u0103 &#8222;bomb\u0103 de vitamine&#8221;, sau un ceai refrescant. Absorb\u021bia vitaminelor \u0219i mineralelor este mult mai intensiv\u0103 \u00een urma saunei.<\/p>\n<h4>Seans cu sare<\/h4>\n<p><img loading=\"lazy\" class=\"alignleft size-full wp-image-9080\" src=\"\/wp-content\/uploads\/2012\/10\/szeansz_salt.jpg\" alt=\"szeansz_salt\" width=\"223\" height=\"223\" srcset=\"https:\/\/gyoparosfurdo-oroshaza.hu\/wp-content\/uploads\/2012\/10\/szeansz_salt.jpg 223w, https:\/\/gyoparosfurdo-oroshaza.hu\/wp-content\/uploads\/2012\/10\/szeansz_salt-150x150.jpg 150w\" sizes=\"(max-width: 223px) 100vw, 223px\" \/>Apar\u021bine \u00een cadrul programelor pentru \u00eengrijirea pielii. \u00cen urma transpira\u021biei ini\u021biale \u2013 se deschid porii din piele \u2013 se aplic\u0103 sare marin\u0103 fin\u0103 pe pielea umed\u0103 ca un scrub corporal. Sarea marin\u0103 este un ex-foliant natural, purific\u0103 \u0219i regenereaz\u0103 pielea, \u00eenl\u0103tur\u00e2nd celulele moarte. Astfel pielea devine mai ferm\u0103. Sarea stimuleaz\u0103 transpira\u021bia, astfel detoxicarea devine \u0219i mai intensiv\u0103. \u00cen sare se g\u0103sesc numeroase oligoelemente \u0219i minerale, care sunt u\u0219or absorbite de c\u0103tre piele, prin porii m\u0103ri\u021bi. Acest program combinat cu un seans cu miere dezv\u0103luie un efect \u0219i mai accentuat. Solu\u021bie ideal\u0103 pentru revitalizarea pielii \u0219i reducerea celulitei. Pielea devine ferm\u0103 \u0219i elastic\u0103.<\/p>\n<h4>Seans cu bere<\/h4>\n<p>Program foarte popular \u00een cadrul b\u0103rba\u021bilor, de\u0219i berea este consumat\u0103 \u00een form\u0103 evaporat\u0103. Oaspe\u021bii pot mirosi odorul pl\u0103cut de bere, care se amestec\u0103 cu aerul fierbinte. Instructorul vars\u0103 bere amestecat\u0103 cu ap\u0103 pe sob\u0103, astfel cabina de saun\u0103 se umpl\u0103 cu odor de mal\u021b de orz. \u00cen acela\u0219i timp instructorul intensific\u0103 senza\u021bia de c\u0103ldur\u0103 prin ventila\u021bie, similar\u0103 la un v\u00e2nt fierbinte \u00een desert. Vitamina B este u\u0219or absorbit prin porii m\u0103ri\u021bi.<\/p>\n<h4>Seans cu miere<\/h4>\n<p><img loading=\"lazy\" class=\"alignleft size-full wp-image-9069\" src=\"\/wp-content\/uploads\/2012\/10\/szeansz_mez.jpg\" alt=\"szeansz_mez\" width=\"223\" height=\"223\" srcset=\"https:\/\/gyoparosfurdo-oroshaza.hu\/wp-content\/uploads\/2012\/10\/szeansz_mez.jpg 223w, https:\/\/gyoparosfurdo-oroshaza.hu\/wp-content\/uploads\/2012\/10\/szeansz_mez-150x150.jpg 150w\" sizes=\"(max-width: 223px) 100vw, 223px\" \/>La fel ca \u0219i \u00een cazul seansului cu sare \u00een urma transpira\u021biei ini\u021biale \u2013 se deschid porii din piele \u2013 se aplic\u0103 miere pe pielea umed\u0103 ca un scrub corporal. Mierea la temperaturi \u00eenalte se tope\u0219te, p\u0103trunde u\u0219or \u00een porurile m\u0103rite. Ajut\u0103 metabolismul pielii, este eficient \u00een cazul diferitelor impurit\u0103\u021bi, acnee sau pentru tratamentul cicatricilor. Mierea are un efect hidratant, calmeaz\u0103 \u0219i \u00eengrije\u0219te pielea iritat\u0103 \u0219i uscat\u0103. \u00cen urma seansurilor oaspe\u021bii vor avea piele catifelat\u0103 cu un miros pl\u0103cut de miere.<\/p>\n<h4>Seans rus<\/h4>\n<p>Instructorul creeaz\u0103 un aer foarte cald prin v\u0103rsarea apei foarte rece cu arom\u0103 pe sob\u0103. Cu ajutorului unui prosop produce ventila\u021bie \u00een jurul oaspe\u021bilor. Efectele vor fi transpira\u021bie intensiv\u0103, frisoane \u0219i \u00eenc\u0103lzire intensiv\u0103.<\/p>\n<h4>Seans cu ghea\u021b\u0103<\/h4>\n<p><img loading=\"lazy\" class=\"alignleft size-full wp-image-9072\" src=\"\/wp-content\/uploads\/2012\/10\/szeansz_ice.jpg\" alt=\"szeansz_ice\" width=\"223\" height=\"223\" srcset=\"https:\/\/gyoparosfurdo-oroshaza.hu\/wp-content\/uploads\/2012\/10\/szeansz_ice.jpg 223w, https:\/\/gyoparosfurdo-oroshaza.hu\/wp-content\/uploads\/2012\/10\/szeansz_ice-150x150.jpg 150w\" sizes=\"(max-width: 223px) 100vw, 223px\" \/>Este un program foarte popular. Se realizeaz\u0103 o temperatur\u0103 \u00eenalt\u0103 prin ghea\u021b\u0103 pus\u0103 pe sob\u0103. Este spectaculos ghea\u021ba c\u00e2nd se tope\u0219te, iar cuburile de ghea\u021b\u0103 date la oaspe\u021bi ofer\u0103 oportunitate la joac\u0103 \u0219i distrac\u021bie pl\u0103cut\u0103. Seansul se \u00eencheie cu ap\u0103 rece turnat\u0103 \u00een g\u00e2tul oaspe\u021bilor. Este o senza\u021bie real\u0103 de saun\u0103.<\/p>\n<h3>Complexul de saune<\/h3>\n\n<div class=\"ngg-galleryoverview\" id=\"ngg-gallery-5-26273\">\n\n\n\t\n\t<!-- Thumbnails -->\n\t\t\n\t<div id=\"ngg-image-1655\" class=\"ngg-gallery-thumbnail-box\"  >\n\t\t<div class=\"ngg-gallery-thumbnail\" >\n\t\t\t<a href=\"https:\/\/gyoparosfurdo-oroshaza.hu\/wp-content\/gallery\/szauna\/szaunapark_gallery_20260202_1.jpg\" title=\"Sauna park \/ Szaunapark\" class=\"thickbox\" rel=\"set_5\" >\n\t\t\t\t\t\t\t\t<img title=\"Szaunapark\" alt=\"Szaunapark\" src=\"https:\/\/gyoparosfurdo-oroshaza.hu\/wp-content\/gallery\/szauna\/thumbs\/thumbs_szaunapark_gallery_20260202_1.jpg\" width=\"120\" height=\"95\" \/>\n\t\t\t\t\t\t\t<\/a>\n\t\t<\/div>\n\t<\/div>\n\t\n\t\t\n \t\t\n\t<div id=\"ngg-image-1658\" class=\"ngg-gallery-thumbnail-box\"  >\n\t\t<div class=\"ngg-gallery-thumbnail\" >\n\t\t\t<a href=\"https:\/\/gyoparosfurdo-oroshaza.hu\/wp-content\/gallery\/szauna\/szaunapark_gallery_20260202_4.jpg\" title=\"Sauna park \/ Szaunapark\" class=\"thickbox\" rel=\"set_5\" >\n\t\t\t\t\t\t\t\t<img title=\"Szaunapark\" alt=\"Szaunapark\" src=\"https:\/\/gyoparosfurdo-oroshaza.hu\/wp-content\/gallery\/szauna\/thumbs\/thumbs_szaunapark_gallery_20260202_4.jpg\" width=\"120\" height=\"95\" \/>\n\t\t\t\t\t\t\t<\/a>\n\t\t<\/div>\n\t<\/div>\n\t\n\t\t\n \t\t\n\t<div id=\"ngg-image-1659\" class=\"ngg-gallery-thumbnail-box\"  >\n\t\t<div class=\"ngg-gallery-thumbnail\" >\n\t\t\t<a href=\"https:\/\/gyoparosfurdo-oroshaza.hu\/wp-content\/gallery\/szauna\/szaunapark_gallery_20260202_5.jpg\" title=\"Sauna park \/ Szaunapark\" class=\"thickbox\" rel=\"set_5\" >\n\t\t\t\t\t\t\t\t<img title=\"Szaunapark\" alt=\"Szaunapark\" src=\"https:\/\/gyoparosfurdo-oroshaza.hu\/wp-content\/gallery\/szauna\/thumbs\/thumbs_szaunapark_gallery_20260202_5.jpg\" width=\"120\" height=\"95\" \/>\n\t\t\t\t\t\t\t<\/a>\n\t\t<\/div>\n\t<\/div>\n\t\n\t\t\n \t\t\n\t<div id=\"ngg-image-1657\" class=\"ngg-gallery-thumbnail-box\"  >\n\t\t<div class=\"ngg-gallery-thumbnail\" >\n\t\t\t<a href=\"https:\/\/gyoparosfurdo-oroshaza.hu\/wp-content\/gallery\/szauna\/szaunapark_gallery_20260202_3.jpg\" title=\"Sauna park \/ Szaunapark\" class=\"thickbox\" rel=\"set_5\" >\n\t\t\t\t\t\t\t\t<img title=\"Szaunapark\" alt=\"Szaunapark\" src=\"https:\/\/gyoparosfurdo-oroshaza.hu\/wp-content\/gallery\/szauna\/thumbs\/thumbs_szaunapark_gallery_20260202_3.jpg\" width=\"120\" height=\"95\" \/>\n\t\t\t\t\t\t\t<\/a>\n\t\t<\/div>\n\t<\/div>\n\t\n\t\t\n \t\t\n\t<div id=\"ngg-image-1656\" class=\"ngg-gallery-thumbnail-box\"  >\n\t\t<div class=\"ngg-gallery-thumbnail\" >\n\t\t\t<a href=\"https:\/\/gyoparosfurdo-oroshaza.hu\/wp-content\/gallery\/szauna\/szaunapark_gallery_20260202_2.jpg\" title=\"Sauna park \/ Szaunapark\" class=\"thickbox\" rel=\"set_5\" >\n\t\t\t\t\t\t\t\t<img title=\"Szaunapark\" alt=\"Szaunapark\" src=\"https:\/\/gyoparosfurdo-oroshaza.hu\/wp-content\/gallery\/szauna\/thumbs\/thumbs_szaunapark_gallery_20260202_2.jpg\" width=\"120\" height=\"95\" \/>\n\t\t\t\t\t\t\t<\/a>\n\t\t<\/div>\n\t<\/div>\n\t\n\t\t\n \t\t\n\t<div id=\"ngg-image-1661\" class=\"ngg-gallery-thumbnail-box\"  >\n\t\t<div class=\"ngg-gallery-thumbnail\" >\n\t\t\t<a href=\"https:\/\/gyoparosfurdo-oroshaza.hu\/wp-content\/gallery\/szauna\/szaunapark_gallery_20260202_7.jpg\" title=\"Sauna park \/ Szaunapark\" class=\"thickbox\" rel=\"set_5\" >\n\t\t\t\t\t\t\t\t<img title=\"Szaunapark\" alt=\"Szaunapark\" src=\"https:\/\/gyoparosfurdo-oroshaza.hu\/wp-content\/gallery\/szauna\/thumbs\/thumbs_szaunapark_gallery_20260202_7.jpg\" width=\"120\" height=\"95\" \/>\n\t\t\t\t\t\t\t<\/a>\n\t\t<\/div>\n\t<\/div>\n\t\n\t\t\n \t\t\n\t<div id=\"ngg-image-1660\" class=\"ngg-gallery-thumbnail-box\"  >\n\t\t<div class=\"ngg-gallery-thumbnail\" >\n\t\t\t<a href=\"https:\/\/gyoparosfurdo-oroshaza.hu\/wp-content\/gallery\/szauna\/szaunapark_gallery_20260202_6.jpg\" title=\"Sauna park \/ Szaunapark\" class=\"thickbox\" rel=\"set_5\" >\n\t\t\t\t\t\t\t\t<img title=\"Szaunapark\" alt=\"Szaunapark\" src=\"https:\/\/gyoparosfurdo-oroshaza.hu\/wp-content\/gallery\/szauna\/thumbs\/thumbs_szaunapark_gallery_20260202_6.jpg\" width=\"120\" height=\"95\" \/>\n\t\t\t\t\t\t\t<\/a>\n\t\t<\/div>\n\t<\/div>\n\t\n\t\t\n \t\t\n\t<div id=\"ngg-image-1662\" class=\"ngg-gallery-thumbnail-box\"  >\n\t\t<div class=\"ngg-gallery-thumbnail\" >\n\t\t\t<a href=\"https:\/\/gyoparosfurdo-oroshaza.hu\/wp-content\/gallery\/szauna\/szaunapark_gallery_20260202_8.jpg\" title=\"Sauna park \/ Szaunapark\" class=\"thickbox\" rel=\"set_5\" >\n\t\t\t\t\t\t\t\t<img title=\"Szaunapark\" alt=\"Szaunapark\" src=\"https:\/\/gyoparosfurdo-oroshaza.hu\/wp-content\/gallery\/szauna\/thumbs\/thumbs_szaunapark_gallery_20260202_8.jpg\" width=\"120\" height=\"95\" \/>\n\t\t\t\t\t\t\t<\/a>\n\t\t<\/div>\n\t<\/div>\n\t\n\t\t\n \t \t\n\t<!-- Pagination -->\n \t<div class='ngg-clear'><\/div>\n \t\n<\/div>\n\n\n<div class=\"topten_slider_title\"><span class=\"h3\">Programe Top<\/span><a href=\"https:\/\/gyoparosfurdo-oroshaza.hu\/ro\/programe\" title=\"Programe \u00bb\">Programe \u00bb<\/a><\/div><div class=\"topten_container topten_slider\" id=\"topten_slider\"><ul class=\"topten_inner\"><li class=\"topten_item\" data-id=\"tsi_1\"><a href=\"\/ro\/programe\/pentru-pescatori\" title=\"Pentru pescatori \" class=\"topten_link\" style=\"background: url(\/wp-content\/uploads\/2012\/05\/horgaszoknak-top-programok-gyoparosfurdon.jpg) top left no-repeat;\"><span class=\"title\">Pentru pescatori <\/span><\/a><a href=\"\/ro\/programe\/pentru-fotografi\" title=\"Pentru fotografi\" class=\"topten_link\" style=\"background: url(\/wp-content\/uploads\/2012\/05\/fotosoknak-top-programok-gyoparosfurdon.jpg) top left no-repeat;\"><span class=\"title\">Pentru fotografi<\/span><\/a><a href=\"\/ro\/programe\/in-timp-de-iarna\" title=\"In timp de iarna \" class=\"topten_link\" style=\"background: url(\/wp-content\/uploads\/2012\/05\/telen-top-programok-gyoparosfurdon.jpg) top left no-repeat;\"><span class=\"title\">In timp de iarna <\/span><\/a><a href=\"\/ro\/programe\/pentru-familii\" title=\"Pentru familii\" class=\"topten_link\" style=\"background: url(\/wp-content\/uploads\/2012\/05\/csaladosoknak-top-programok-gyoparosfurdon.jpg) top left no-repeat;\"><span class=\"title\">Pentru familii<\/span><\/a><a href=\"\/ro\/programe\/pentru-cupluri\" title=\"Pentru cupluri\" class=\"topten_link\" style=\"background: url(\/wp-content\/uploads\/2012\/05\/paroknak-top-programok-gyoparosfurdon.jpg) top left no-repeat;\"><span class=\"title\">Pentru cupluri<\/span><\/a><a href=\"\/ro\/programe\/pentru-o-singura-zi\" title=\"O singura zi\" class=\"topten_link\" style=\"background: url(\/wp-content\/uploads\/2012\/05\/1-napra-top-programok-gyoparosfurdon.jpg) top left no-repeat;\"><span class=\"title\">O singura zi<\/span><\/a><\/li><li class=\"topten_item\" data-id=\"tsi_2\"><a href=\"\/ro\/programe\/pentru-biciclisti\" title=\"Pentru biciclisti\" class=\"topten_link\" style=\"background: url(\/wp-content\/uploads\/2012\/05\/kerekparosoknak-top-programok-gyoparosfurdon.jpg) top left no-repeat;\"><span class=\"title\">Pentru biciclisti<\/span><\/a><a href=\"\/ro\/programe\/programe-pentru-un-week-end\" title=\"Un week-end\" class=\"topten_link\" style=\"background: url(\/wp-content\/uploads\/2012\/05\/hetvegere-top-programok-gyoparosfurdon.jpg) top left no-repeat;\"><span class=\"title\">Un week-end<\/span><\/a><a href=\"\/ro\/programe\/in-timp-de-vara\" title=\"In timp de vara\" class=\"topten_link\" style=\"background: url(\/wp-content\/uploads\/2012\/05\/nyaron-top-programok-gyoparosfurdon.jpg) top left no-repeat;\"><span class=\"title\">In timp de vara<\/span><\/a><a href=\"\/ro\/programe\/tineri\" title=\"Pentru tineri\" class=\"topten_link\" style=\"background: url(\/wp-content\/uploads\/2012\/05\/fiataloknak-top-programok-gyoparosfurdon.jpg) top left no-repeat;\"><span class=\"title\">Pentru tineri<\/span><\/a><a href=\"\/ro\/programe\/pentru-amatori-de-sport\" title=\"Amatori de sport\" class=\"topten_link\" style=\"background: url(\/wp-content\/uploads\/2012\/05\/sportbaratoknak-top-programok-gyoparosfurdon.jpg) top left no-repeat;\"><span class=\"title\">Amatori de sport<\/span><\/a><a href=\"\/ro\/programe\/cu-masina\" title=\"Cu masina\" class=\"topten_link\" style=\"background: url(\/wp-content\/uploads\/2012\/05\/autoval-top-programok-gyoparosfurdon.jpg) top left no-repeat;\"><span class=\"title\">Cu masina<\/span><\/a><\/li><li class=\"topten_item\" data-id=\"tsi_3\"><a href=\"\/ro\/programe\/pentru-amatori-de-cultura\" title=\"Amatori de cultura\" class=\"topten_link\" style=\"background: url(\/wp-content\/uploads\/2012\/05\/kulturabaratoknak-top-programok-gyoparosfurdon.jpg) top left no-repeat;\"><span class=\"title\">Amatori de cultura<\/span><\/a><a href=\"\/ro\/programe\/pentru-o-singura-saptamana\" title=\"Saptamana\" class=\"topten_link\" style=\"background: url(\/wp-content\/uploads\/2012\/05\/1-hetre-top-programok-gyoparosfurdon.jpg) top left no-repeat;\"><span class=\"title\">Saptamana<\/span><\/a><\/ul><div class=\"lapozobox\"><span id=\"lprev\"><\/span><span id=\"lnext\"><\/span><span id=\"ts_1\" class=\"active\"><\/span><span id=\"ts_2\" ><\/span><span id=\"ts_3\" ><\/span><\/div><\/div>\n","protected":false},"excerpt":{"rendered":"<p>\u0218edin\u021bele de saun\u0103 au c\u00e2\u0219tigat rapid popularitate \u00een r\u00e2ndul oaspe\u021bilor \u0219i la B\u0103ile Gyop\u00e1rosf\u00fcrd\u0151. Pe l\u00e2ng\u0103 multitudinea beneficiilor asupra s\u0103n\u0103t\u0103\u021bii, ritualele de saun\u0103 sunt ideale \u0219i pentru petrecerea timpului liber. Seansul de saun\u0103 difer\u0103 de la \u0219ederile obi\u0219nuite prin faptul &hellip; <a href=\"https:\/\/gyoparosfurdo-oroshaza.hu\/ro\/gyoparosfurdo\/seans-de-sauna\">Folytat\u00e1s <span class=\"meta-nav\">&rarr;<\/span><\/a><\/p>\n","protected":false},"author":6,"featured_media":0,"parent":25877,"menu_order":0,"comment_status":"closed","ping_status":"closed","template":"","meta":[],"_links":{"self":[{"href":"https:\/\/gyoparosfurdo-oroshaza.hu\/ro\/wp-json\/wp\/v2\/pages\/26273"}],"collection":[{"href":"https:\/\/gyoparosfurdo-oroshaza.hu\/ro\/wp-json\/wp\/v2\/pages"}],"about":[{"href":"https:\/\/gyoparosfurdo-oroshaza.hu\/ro\/wp-json\/wp\/v2\/types\/page"}],"author":[{"embeddable":true,"href":"https:\/\/gyoparosfurdo-oroshaza.hu\/ro\/wp-json\/wp\/v2\/users\/6"}],"replies":[{"embeddable":true,"href":"https:\/\/gyoparosfurdo-oroshaza.hu\/ro\/wp-json\/wp\/v2\/comments?post=26273"}],"version-history":[{"count":48,"href":"https:\/\/gyoparosfurdo-oroshaza.hu\/ro\/wp-json\/wp\/v2\/pages\/26273\/revisions"}],"predecessor-version":[{"id":39840,"href":"https:\/\/gyoparosfurdo-oroshaza.hu\/ro\/wp-json\/wp\/v2\/pages\/26273\/revisions\/39840"}],"up":[{"embeddable":true,"href":"https:\/\/gyoparosfurdo-oroshaza.hu\/ro\/wp-json\/wp\/v2\/pages\/25877"}],"wp:attachment":[{"href":"https:\/\/gyoparosfurdo-oroshaza.hu\/ro\/wp-json\/wp\/v2\/media?parent=26273"}],"curies":[{"name":"wp","href":"https:\/\/api.w.org\/{rel}","templated":true}]}}