{"id":26256,"date":"2012-10-08T09:27:34","date_gmt":"2012-10-08T07:27:34","guid":{"rendered":"https:\/\/gyoparosfurdo-oroshaza.hu\/regulament-de-ordine-interioara"},"modified":"2012-10-08T09:27:34","modified_gmt":"2012-10-08T08:27:34","slug":"regulament-de-ordine-interioara","status":"publish","type":"page","link":"https:\/\/gyoparosfurdo-oroshaza.hu\/ro\/gyoparosfurdo\/complexul-de-saune\/regulament-de-ordine-interioara","title":{"rendered":"Regulament de ordine interioar\u0103"},"content":{"rendered":"<h2>Prezentul Regulament de 11 puncte a fost conceput \u00een scopul stabilirii normelor de comportament \u00een cabinele de saune, asigur\u00e2nd astfel distrac\u021bia tuturor oaspe\u021bilor. <\/h2>\n<h3>1.) Papucii trebuie l\u0103sa\u021bi \u00een afara cabinelor de saune<\/h3>\n<p>V\u0103 rug\u0103m l\u0103sa\u021bi papucii \u00een afara cabinelor de saune. Majoritatea papucilor sunt din materiale sintetice \u0219i sunt lipite. La temperatura medie de 90\u00b0C aceste materiale sintetice se dizolv\u0103 \u0219i se evapor\u0103. Inhalarea uleiurilor esen\u021biale amestecate de maestrul de saune este mult mai s\u0103n\u0103tos!<\/p>\n<h3>2.) Intrare cu piele uscat\u0103 \u0219i prosop uscat<\/h3>\n<p>Majoritatea oaspe\u021bilor nu acord\u0103 importan\u021b\u0103 deosebit\u0103 materialelor textile umede sau corpului umed, de\u0219i textiliile uscate \u0219i pielea uscat\u0103 este foarte important pentru a ajunge temperatura dorit\u0103, astfel nu r\u0103corim ninci cabina de saun\u0103, nici corpul nostru. Totodat\u0103 putem realiza transpira\u021bie \u0219i detoxifiere suficient\u0103. <\/p>\n<h3>3.) Folosi\u021bi prosop pe care sta\u021bi pe banc\u0103<\/h3>\n<p>Pentru igiena voastr\u0103 \u0219i a celorlal\u021bi utilizatori ai saunei, este obligatoriu s\u0103 ave\u021bi un prosop pe care s\u0103 sta\u021bi \u00een saun\u0103. Prosopul trebuie s\u0103 ajung\u0103 \u0219i sub picioarele dumneavoastr\u0103. \u00cen acest fel evita\u021bi ca sudoarea s\u0103 curg\u0103 pe banc\u0103. <\/p>\n<h3>4.) Evita\u021bi utilizarea profumurilor, produselor cosmetice cu miros intens<\/h3>\n<p>\u00cen c\u0103ldur\u0103 datorit\u0103 transpira\u021biei intensiv\u0103 \u0219i produsele cosmetice aplicate vor evapora mai intensiv. Cavalcada de odoruri poate fi nepl\u0103cut pentru al\u021bii. Este mai pl\u0103cut s\u0103 v\u0103 bucura\u021bi cu to\u021bii de beneficiile uleiurilor esen\u021biale folosite de maestrul de saun\u0103. <\/p>\n<h3>5.) Politica \u0219i religia exclus\u0103<\/h3>\n<p>\u00cen saune \u0219i anteriorul cabinelor evita\u021bi discu\u021biile \u00een leg\u0103tur\u0103 cu topicuri de politic\u0103 sau religii. Aceste subiecte pot cauza tensiuni \u0219i pot avea ca rezultat dispu\u021bii nepl\u0103cute. <\/p>\n<h3>6.) Fi\u021bi aten\u021bi la distan\u021ba suficient\u0103<\/h3>\n<p>Lua\u021bi loca astfel ca transpira\u021bia dumneavoastr\u0103 s\u0103 nu picur\u0103 pe companiile din saun\u0103. \u00cen cazul \u00een care cabinele sunt aglomerate, V\u0103 rug\u0103m a\u0219tepta\u021bi \u00een afara cabinelor p\u00e2n\u0103 ce se elaboreaz\u0103 c\u00e2teva locuri. <\/p>\n<h3>7.) Lini\u0219te<\/h3>\n<p>Cu excep\u021bia Seansurilor de Saun\u0103\u00ae V\u0103 rug\u0103m s\u0103 respecta\u021bi odihna altora.  Conversa\u021biile cu voce tare nu sunt permise, deoarece pot deranja odihna altora. <\/p>\n<h3>8.) Intra\u021bi \u00een bazinul r\u0103coritor numai \u00een urma unui du\u0219<\/h3>\n<p>Penru o igienie corect\u0103 face\u021bi un du\u0219 \u00eenainte de a intra \u00een piscina cu ap\u0103 rece ca s\u0103 V\u0103 r\u0103cori\u021bi. \u00cen apa rece porii se \u00eenchid repede \u0219i toxinele sunt presate afar\u0103. V\u0103 pute\u021bi imagina cu u\u0219urin\u021b\u0103 ce s-ar \u00eent\u00e2mpla \u00een cazul \u00een care oaspe\u021bii ar intra \u00een ap\u0103 f\u0103r\u0103 a face un du\u0219! <\/p>\n<h3>9.) Intra\u021bi \u00eencet \u00een piscina cu ap\u0103 rece \u00een loc de a plonja<\/h3>\n<p>Plonjarea \u00een ap\u0103 rece poate fi periculoas\u0103 din mai multe motive, \u00een plus stropirea oaspe\u021bilor care se relaxeaz\u0103 \u00een \u00eemrepjurimea piscinei este foarte nepl\u0103cut. <\/p>\n<h3>10.) \u00cen cabinele de saune consumul de orice fel de m\u00e2ncare \u015fi b\u0103uturi sunt interzise<\/h3>\n<p>Este interzis\u0103 intrarea \u00een saun\u0103 cu m\u00e2ncare sau b\u0103utur\u0103 din motive higienice \u0219i pentru a nu disturba oaspe\u021bii din saun\u0103. Totodat\u0103 poate cauza accidente sau probleme de s\u0103n\u0103tate. Consumul de orice fel de m\u00e2ncare \u015fi b\u0103uturi este recomandabil 1-2 ore \u00eenainte sau dup\u0103 intrare \u00een saun\u0103. <\/p>\n<h3>11.) Nu intra\u021bi \u00een saun\u0103 cu ziare, materiale tip\u0103rite sau c\u0103r\u021bi<\/h3>\n<p>De\u0219i azi la tip\u0103ritul ziarelor, materialelor tip\u0103rite sau c\u0103r\u021bilor nu se mai aplic\u0103 vopsea pe baz\u0103 de plumb, substan\u021bele chimice folosite nu sunt s\u0103n\u0103toase pentru oaspe\u021bii din saun\u0103.  \u00cen acela\u0219 timp din cauza evapor\u0103rii intensive emit un miros nepl\u0103cut \u00een cabinele de saun\u0103. <\/p>\n<h3>Galeria de foto: complexul de saune a bailor gyop\u00e1ros <\/h3>\n\n<div class=\"ngg-galleryoverview\" id=\"ngg-gallery-5-26256\">\n\n\n\t\n\t<!-- Thumbnails -->\n\t\t\n\t<div id=\"ngg-image-1655\" class=\"ngg-gallery-thumbnail-box\"  >\n\t\t<div class=\"ngg-gallery-thumbnail\" >\n\t\t\t<a href=\"https:\/\/gyoparosfurdo-oroshaza.hu\/wp-content\/gallery\/szauna\/szaunapark_gallery_20260202_1.jpg\" title=\"Sauna park \/ Szaunapark\" class=\"thickbox\" rel=\"set_5\" >\n\t\t\t\t\t\t\t\t<img title=\"Szaunapark\" alt=\"Szaunapark\" src=\"https:\/\/gyoparosfurdo-oroshaza.hu\/wp-content\/gallery\/szauna\/thumbs\/thumbs_szaunapark_gallery_20260202_1.jpg\" width=\"120\" height=\"95\" \/>\n\t\t\t\t\t\t\t<\/a>\n\t\t<\/div>\n\t<\/div>\n\t\n\t\t\n \t\t\n\t<div id=\"ngg-image-1658\" class=\"ngg-gallery-thumbnail-box\"  >\n\t\t<div class=\"ngg-gallery-thumbnail\" >\n\t\t\t<a href=\"https:\/\/gyoparosfurdo-oroshaza.hu\/wp-content\/gallery\/szauna\/szaunapark_gallery_20260202_4.jpg\" title=\"Sauna park \/ Szaunapark\" class=\"thickbox\" rel=\"set_5\" >\n\t\t\t\t\t\t\t\t<img title=\"Szaunapark\" alt=\"Szaunapark\" src=\"https:\/\/gyoparosfurdo-oroshaza.hu\/wp-content\/gallery\/szauna\/thumbs\/thumbs_szaunapark_gallery_20260202_4.jpg\" width=\"120\" height=\"95\" \/>\n\t\t\t\t\t\t\t<\/a>\n\t\t<\/div>\n\t<\/div>\n\t\n\t\t\n \t\t\n\t<div id=\"ngg-image-1659\" class=\"ngg-gallery-thumbnail-box\"  >\n\t\t<div class=\"ngg-gallery-thumbnail\" >\n\t\t\t<a href=\"https:\/\/gyoparosfurdo-oroshaza.hu\/wp-content\/gallery\/szauna\/szaunapark_gallery_20260202_5.jpg\" title=\"Sauna park \/ Szaunapark\" class=\"thickbox\" rel=\"set_5\" >\n\t\t\t\t\t\t\t\t<img title=\"Szaunapark\" alt=\"Szaunapark\" src=\"https:\/\/gyoparosfurdo-oroshaza.hu\/wp-content\/gallery\/szauna\/thumbs\/thumbs_szaunapark_gallery_20260202_5.jpg\" width=\"120\" height=\"95\" \/>\n\t\t\t\t\t\t\t<\/a>\n\t\t<\/div>\n\t<\/div>\n\t\n\t\t\n \t\t\n\t<div id=\"ngg-image-1657\" class=\"ngg-gallery-thumbnail-box\"  >\n\t\t<div class=\"ngg-gallery-thumbnail\" >\n\t\t\t<a href=\"https:\/\/gyoparosfurdo-oroshaza.hu\/wp-content\/gallery\/szauna\/szaunapark_gallery_20260202_3.jpg\" title=\"Sauna park \/ Szaunapark\" class=\"thickbox\" rel=\"set_5\" >\n\t\t\t\t\t\t\t\t<img title=\"Szaunapark\" alt=\"Szaunapark\" src=\"https:\/\/gyoparosfurdo-oroshaza.hu\/wp-content\/gallery\/szauna\/thumbs\/thumbs_szaunapark_gallery_20260202_3.jpg\" width=\"120\" height=\"95\" \/>\n\t\t\t\t\t\t\t<\/a>\n\t\t<\/div>\n\t<\/div>\n\t\n\t\t\n \t\t\n\t<div id=\"ngg-image-1656\" class=\"ngg-gallery-thumbnail-box\"  >\n\t\t<div class=\"ngg-gallery-thumbnail\" >\n\t\t\t<a href=\"https:\/\/gyoparosfurdo-oroshaza.hu\/wp-content\/gallery\/szauna\/szaunapark_gallery_20260202_2.jpg\" title=\"Sauna park \/ Szaunapark\" class=\"thickbox\" rel=\"set_5\" >\n\t\t\t\t\t\t\t\t<img title=\"Szaunapark\" alt=\"Szaunapark\" src=\"https:\/\/gyoparosfurdo-oroshaza.hu\/wp-content\/gallery\/szauna\/thumbs\/thumbs_szaunapark_gallery_20260202_2.jpg\" width=\"120\" height=\"95\" \/>\n\t\t\t\t\t\t\t<\/a>\n\t\t<\/div>\n\t<\/div>\n\t\n\t\t\n \t\t\n\t<div id=\"ngg-image-1661\" class=\"ngg-gallery-thumbnail-box\"  >\n\t\t<div class=\"ngg-gallery-thumbnail\" >\n\t\t\t<a href=\"https:\/\/gyoparosfurdo-oroshaza.hu\/wp-content\/gallery\/szauna\/szaunapark_gallery_20260202_7.jpg\" title=\"Sauna park \/ Szaunapark\" class=\"thickbox\" rel=\"set_5\" >\n\t\t\t\t\t\t\t\t<img title=\"Szaunapark\" alt=\"Szaunapark\" src=\"https:\/\/gyoparosfurdo-oroshaza.hu\/wp-content\/gallery\/szauna\/thumbs\/thumbs_szaunapark_gallery_20260202_7.jpg\" width=\"120\" height=\"95\" \/>\n\t\t\t\t\t\t\t<\/a>\n\t\t<\/div>\n\t<\/div>\n\t\n\t\t\n \t\t\n\t<div id=\"ngg-image-1660\" class=\"ngg-gallery-thumbnail-box\"  >\n\t\t<div class=\"ngg-gallery-thumbnail\" >\n\t\t\t<a href=\"https:\/\/gyoparosfurdo-oroshaza.hu\/wp-content\/gallery\/szauna\/szaunapark_gallery_20260202_6.jpg\" title=\"Sauna park \/ Szaunapark\" class=\"thickbox\" rel=\"set_5\" >\n\t\t\t\t\t\t\t\t<img title=\"Szaunapark\" alt=\"Szaunapark\" src=\"https:\/\/gyoparosfurdo-oroshaza.hu\/wp-content\/gallery\/szauna\/thumbs\/thumbs_szaunapark_gallery_20260202_6.jpg\" width=\"120\" height=\"95\" \/>\n\t\t\t\t\t\t\t<\/a>\n\t\t<\/div>\n\t<\/div>\n\t\n\t\t\n \t\t\n\t<div id=\"ngg-image-1662\" class=\"ngg-gallery-thumbnail-box\"  >\n\t\t<div class=\"ngg-gallery-thumbnail\" >\n\t\t\t<a href=\"https:\/\/gyoparosfurdo-oroshaza.hu\/wp-content\/gallery\/szauna\/szaunapark_gallery_20260202_8.jpg\" title=\"Sauna park \/ Szaunapark\" class=\"thickbox\" rel=\"set_5\" >\n\t\t\t\t\t\t\t\t<img title=\"Szaunapark\" alt=\"Szaunapark\" src=\"https:\/\/gyoparosfurdo-oroshaza.hu\/wp-content\/gallery\/szauna\/thumbs\/thumbs_szaunapark_gallery_20260202_8.jpg\" width=\"120\" height=\"95\" \/>\n\t\t\t\t\t\t\t<\/a>\n\t\t<\/div>\n\t<\/div>\n\t\n\t\t\n \t \t\n\t<!-- Pagination -->\n \t<div class='ngg-clear'><\/div>\n \t\n<\/div>\n\n\n<div class=\"kapcsolodo_tartalom\"><h3>Legate de con\u021binut<\/h3><ul class=\"custom_menu\"><li class=\"page_item page-item-26269\"><a title=\"Modul corect de a face saun\u0103\" href=\"https:\/\/gyoparosfurdo-oroshaza.hu\/ro\/gyoparosfurdo\/complexul-de-saune\/modul-corect-de-a-face-sauna\">Modul corect de a face saun\u0103<\/a><\/li><\/ul><ul class=\"custom_menu\"><li class=\"page_item page-item-26252\"><a title=\"Cultura de saun\u0103\" href=\"https:\/\/gyoparosfurdo-oroshaza.hu\/ro\/gyoparosfurdo\/complexul-de-saune\/cultura-de-sauna\">Cultura de saun\u0103<\/a><\/li><\/ul><br class=\"clear\" \/><\/div>\n<div class=\"topten_slider_title\"><span class=\"h3\">Programe Top<\/span><a href=\"https:\/\/gyoparosfurdo-oroshaza.hu\/ro\/programe\" title=\"Programe \u00bb\">Programe \u00bb<\/a><\/div><div class=\"topten_container topten_slider\" id=\"topten_slider\"><ul class=\"topten_inner\"><li class=\"topten_item\" data-id=\"tsi_1\"><a href=\"\/ro\/programe\/cu-masina\" title=\"Cu masina\" class=\"topten_link\" style=\"background: url(\/wp-content\/uploads\/2012\/05\/autoval-top-programok-gyoparosfurdon.jpg) top left no-repeat;\"><span class=\"title\">Cu masina<\/span><\/a><a href=\"\/ro\/programe\/pentru-amatori-de-cultura\" title=\"Amatori de cultura\" class=\"topten_link\" style=\"background: url(\/wp-content\/uploads\/2012\/05\/kulturabaratoknak-top-programok-gyoparosfurdon.jpg) top left no-repeat;\"><span class=\"title\">Amatori de cultura<\/span><\/a><a href=\"\/ro\/programe\/pentru-o-singura-saptamana\" title=\"Saptamana\" class=\"topten_link\" style=\"background: url(\/wp-content\/uploads\/2012\/05\/1-hetre-top-programok-gyoparosfurdon.jpg) top left no-repeat;\"><span class=\"title\">Saptamana<\/span><\/a><a href=\"\/ro\/programe\/pentru-pescatori\" title=\"Pentru pescatori \" class=\"topten_link\" style=\"background: url(\/wp-content\/uploads\/2012\/05\/horgaszoknak-top-programok-gyoparosfurdon.jpg) top left no-repeat;\"><span class=\"title\">Pentru pescatori <\/span><\/a><a href=\"\/ro\/programe\/pentru-fotografi\" title=\"Pentru fotografi\" class=\"topten_link\" style=\"background: url(\/wp-content\/uploads\/2012\/05\/fotosoknak-top-programok-gyoparosfurdon.jpg) top left no-repeat;\"><span class=\"title\">Pentru fotografi<\/span><\/a><a href=\"\/ro\/programe\/in-timp-de-iarna\" title=\"In timp de iarna \" class=\"topten_link\" style=\"background: url(\/wp-content\/uploads\/2012\/05\/telen-top-programok-gyoparosfurdon.jpg) top left no-repeat;\"><span class=\"title\">In timp de iarna <\/span><\/a><\/li><li class=\"topten_item\" data-id=\"tsi_2\"><a href=\"\/ro\/programe\/pentru-familii\" title=\"Pentru familii\" class=\"topten_link\" style=\"background: url(\/wp-content\/uploads\/2012\/05\/csaladosoknak-top-programok-gyoparosfurdon.jpg) top left no-repeat;\"><span class=\"title\">Pentru familii<\/span><\/a><a href=\"\/ro\/programe\/pentru-cupluri\" title=\"Pentru cupluri\" class=\"topten_link\" style=\"background: url(\/wp-content\/uploads\/2012\/05\/paroknak-top-programok-gyoparosfurdon.jpg) top left no-repeat;\"><span class=\"title\">Pentru cupluri<\/span><\/a><a href=\"\/ro\/programe\/pentru-o-singura-zi\" title=\"O singura zi\" class=\"topten_link\" style=\"background: url(\/wp-content\/uploads\/2012\/05\/1-napra-top-programok-gyoparosfurdon.jpg) top left no-repeat;\"><span class=\"title\">O singura zi<\/span><\/a><a href=\"\/ro\/programe\/pentru-biciclisti\" title=\"Pentru biciclisti\" class=\"topten_link\" style=\"background: url(\/wp-content\/uploads\/2012\/05\/kerekparosoknak-top-programok-gyoparosfurdon.jpg) top left no-repeat;\"><span class=\"title\">Pentru biciclisti<\/span><\/a><a href=\"\/ro\/programe\/programe-pentru-un-week-end\" title=\"Un week-end\" class=\"topten_link\" style=\"background: url(\/wp-content\/uploads\/2012\/05\/hetvegere-top-programok-gyoparosfurdon.jpg) top left no-repeat;\"><span class=\"title\">Un week-end<\/span><\/a><a href=\"\/ro\/programe\/in-timp-de-vara\" title=\"In timp de vara\" class=\"topten_link\" style=\"background: url(\/wp-content\/uploads\/2012\/05\/nyaron-top-programok-gyoparosfurdon.jpg) top left no-repeat;\"><span class=\"title\">In timp de vara<\/span><\/a><\/li><li class=\"topten_item\" data-id=\"tsi_3\"><a href=\"\/ro\/programe\/tineri\" title=\"Pentru tineri\" class=\"topten_link\" style=\"background: url(\/wp-content\/uploads\/2012\/05\/fiataloknak-top-programok-gyoparosfurdon.jpg) top left no-repeat;\"><span class=\"title\">Pentru tineri<\/span><\/a><a href=\"\/ro\/programe\/pentru-amatori-de-sport\" title=\"Amatori de sport\" class=\"topten_link\" style=\"background: url(\/wp-content\/uploads\/2012\/05\/sportbaratoknak-top-programok-gyoparosfurdon.jpg) top left no-repeat;\"><span class=\"title\">Amatori de sport<\/span><\/a><\/ul><div class=\"lapozobox\"><span id=\"lprev\"><\/span><span id=\"lnext\"><\/span><span id=\"ts_1\" class=\"active\"><\/span><span id=\"ts_2\" ><\/span><span id=\"ts_3\" ><\/span><\/div><\/div>\n","protected":false},"excerpt":{"rendered":"<p>Prezentul Regulament de 11 puncte a fost conceput \u00een scopul stabilirii normelor de comportament \u00een cabinele de saune, asigur\u00e2nd astfel distrac\u021bia tuturor oaspe\u021bilor. 1.) Papucii trebuie l\u0103sa\u021bi \u00een afara cabinelor de saune V\u0103 rug\u0103m l\u0103sa\u021bi papucii \u00een afara cabinelor de &hellip; <a href=\"https:\/\/gyoparosfurdo-oroshaza.hu\/ro\/gyoparosfurdo\/complexul-de-saune\/regulament-de-ordine-interioara\">Folytat\u00e1s <span class=\"meta-nav\">&rarr;<\/span><\/a><\/p>\n","protected":false},"author":6,"featured_media":0,"parent":26174,"menu_order":1,"comment_status":"closed","ping_status":"closed","template":"","meta":[],"_links":{"self":[{"href":"https:\/\/gyoparosfurdo-oroshaza.hu\/ro\/wp-json\/wp\/v2\/pages\/26256"}],"collection":[{"href":"https:\/\/gyoparosfurdo-oroshaza.hu\/ro\/wp-json\/wp\/v2\/pages"}],"about":[{"href":"https:\/\/gyoparosfurdo-oroshaza.hu\/ro\/wp-json\/wp\/v2\/types\/page"}],"author":[{"embeddable":true,"href":"https:\/\/gyoparosfurdo-oroshaza.hu\/ro\/wp-json\/wp\/v2\/users\/6"}],"replies":[{"embeddable":true,"href":"https:\/\/gyoparosfurdo-oroshaza.hu\/ro\/wp-json\/wp\/v2\/comments?post=26256"}],"version-history":[{"count":0,"href":"https:\/\/gyoparosfurdo-oroshaza.hu\/ro\/wp-json\/wp\/v2\/pages\/26256\/revisions"}],"up":[{"embeddable":true,"href":"https:\/\/gyoparosfurdo-oroshaza.hu\/ro\/wp-json\/wp\/v2\/pages\/26174"}],"wp:attachment":[{"href":"https:\/\/gyoparosfurdo-oroshaza.hu\/ro\/wp-json\/wp\/v2\/media?parent=26256"}],"curies":[{"name":"wp","href":"https:\/\/api.w.org\/{rel}","templated":true}]}}