{"id":26248,"date":"2012-10-01T12:42:56","date_gmt":"2012-10-01T10:42:56","guid":{"rendered":"https:\/\/gyoparosfurdo-oroshaza.hu\/camera-web-live-oroshaza-si-baile-gyoparos"},"modified":"2012-10-01T12:42:56","modified_gmt":"2012-10-01T11:42:56","slug":"camera-web-live-oroshaza-si-baile-gyoparos","status":"publish","type":"page","link":"https:\/\/gyoparosfurdo-oroshaza.hu\/ro\/camera-web-live-oroshaza-si-baile-gyoparos","title":{"rendered":"Camer\u0103 web live &#8211; Orosh\u00e1za \u0219i B\u0103ile Gyop\u00e1ros"},"content":{"rendered":"<p>&nbsp;<\/p>\n<h2>Gyop\u00e1rosf\u00fcrd\u0151, turn panoramic<\/h2>\n<p><img loading=\"lazy\" id=\"stream1\" src=\"http:\/\/kamera:huro2013@kamera.gyoparosfurdo.hu:55089\/\/mjpg\/video.mjpg\" alt=\"Gyop\u00e1rosf\u00fcrd\u0151, camer\u0103 web imagini live din turn panoramic\" width=\"480\" height=\"360\" border=\"0\" \/><\/p>\n<h2>Orosh\u00e1za, Pia\u021ba Principal\u0103<\/h2>\n<p><img loading=\"lazy\" id=\"stream2\" src=\"http:\/\/kamera:huro2013@46.35.192.171:8181\/mjpg\/video.mjpg\" alt=\"Orosh\u00e1za Pia\u021ba principal\u0103 camer\u0103 web imagini live 1.\" width=\"480\" height=\"360\" border=\"0\" \/><\/p>\n<p><img loading=\"lazy\" id=\"stream3\" src=\"http:\/\/kamera:huro2013@46.35.192.171:8184\/mjpg\/video.mjpg\" alt=\"Orosh\u00e1za Pia\u021ba principal\u0103 camer\u0103 web imagini live 2. (pia\u021ba de evenimente)\" width=\"480\" height=\"360\" border=\"0\" \/><\/p>\n<p><img loading=\"lazy\" id=\"stream4\" src=\"http:\/\/kamera:huro2013@46.35.192.171:8180\/mjpg\/video.mjpg\" alt=\"Orosh\u00e1za Pia\u021ba principal\u0103 camer\u0103 web imagini live 3.\" width=\"480\" height=\"360\" border=\"0\" \/><\/p>\n<p><img loading=\"lazy\" id=\"stream5\" src=\"http:\/\/kamera:huro2013@46.35.192.171:8182\/mjpg\/video.mjpg\" alt=\"Orosh\u00e1za Pia\u021ba principal\u0103 camer\u0103 web imagini live 4.\" width=\"480\" height=\"360\" border=\"0\" \/><\/p>\n<p><img loading=\"lazy\" id=\"stream6\" src=\"http:\/\/kamera:huro2013@46.35.192.171:8183\/mjpg\/video.mjpg\" alt=\"Orosh\u00e1za Pia\u021ba principal\u0103 camer\u0103 web imagini live 5.\" width=\"480\" height=\"360\" border=\"0\" \/><\/p>\n","protected":false},"excerpt":{"rendered":"<p>&nbsp; Gyop\u00e1rosf\u00fcrd\u0151, turn panoramic Orosh\u00e1za, Pia\u021ba Principal\u0103<\/p>\n","protected":false},"author":6,"featured_media":0,"parent":0,"menu_order":0,"comment_status":"closed","ping_status":"closed","template":"","meta":[],"_links":{"self":[{"href":"https:\/\/gyoparosfurdo-oroshaza.hu\/ro\/wp-json\/wp\/v2\/pages\/26248"}],"collection":[{"href":"https:\/\/gyoparosfurdo-oroshaza.hu\/ro\/wp-json\/wp\/v2\/pages"}],"about":[{"href":"https:\/\/gyoparosfurdo-oroshaza.hu\/ro\/wp-json\/wp\/v2\/types\/page"}],"author":[{"embeddable":true,"href":"https:\/\/gyoparosfurdo-oroshaza.hu\/ro\/wp-json\/wp\/v2\/users\/6"}],"replies":[{"embeddable":true,"href":"https:\/\/gyoparosfurdo-oroshaza.hu\/ro\/wp-json\/wp\/v2\/comments?post=26248"}],"version-history":[{"count":0,"href":"https:\/\/gyoparosfurdo-oroshaza.hu\/ro\/wp-json\/wp\/v2\/pages\/26248\/revisions"}],"wp:attachment":[{"href":"https:\/\/gyoparosfurdo-oroshaza.hu\/ro\/wp-json\/wp\/v2\/media?parent=26248"}],"curies":[{"name":"wp","href":"https:\/\/api.w.org\/{rel}","templated":true}]}}