{"id":26215,"date":"2012-04-20T13:41:28","date_gmt":"2012-04-20T11:41:28","guid":{"rendered":"https:\/\/gyoparosfurdo-oroshaza.hu\/restaurante"},"modified":"2012-04-20T13:41:28","modified_gmt":"2012-04-20T12:41:28","slug":"restaurante","status":"publish","type":"page","link":"https:\/\/gyoparosfurdo-oroshaza.hu\/ro\/oroshaza\/restaurante","title":{"rendered":"Restaurante"},"content":{"rendered":"<h2>Dac\u0103 Gyop\u00e1rosf\u00fcrd\u0151 du-te, asigura\u021bi-v\u0103 c\u0103 pentru a merge la un restaurant unde c\u00e2mpia ofer\u0103 ingrediente locale din specialit\u0103\u021bile sale pute\u021bi gusta.<\/h2>\n","protected":false},"excerpt":{"rendered":"<p>Dac\u0103 Gyop\u00e1rosf\u00fcrd\u0151 du-te, asigura\u021bi-v\u0103 c\u0103 pentru a merge la un restaurant unde c\u00e2mpia ofer\u0103 ingrediente locale din specialit\u0103\u021bile sale pute\u021bi gusta.<\/p>\n","protected":false},"author":6,"featured_media":0,"parent":25957,"menu_order":0,"comment_status":"closed","ping_status":"closed","template":"t-lista-terkep-page.php","meta":[],"_links":{"self":[{"href":"https:\/\/gyoparosfurdo-oroshaza.hu\/ro\/wp-json\/wp\/v2\/pages\/26215"}],"collection":[{"href":"https:\/\/gyoparosfurdo-oroshaza.hu\/ro\/wp-json\/wp\/v2\/pages"}],"about":[{"href":"https:\/\/gyoparosfurdo-oroshaza.hu\/ro\/wp-json\/wp\/v2\/types\/page"}],"author":[{"embeddable":true,"href":"https:\/\/gyoparosfurdo-oroshaza.hu\/ro\/wp-json\/wp\/v2\/users\/6"}],"replies":[{"embeddable":true,"href":"https:\/\/gyoparosfurdo-oroshaza.hu\/ro\/wp-json\/wp\/v2\/comments?post=26215"}],"version-history":[{"count":0,"href":"https:\/\/gyoparosfurdo-oroshaza.hu\/ro\/wp-json\/wp\/v2\/pages\/26215\/revisions"}],"up":[{"embeddable":true,"href":"https:\/\/gyoparosfurdo-oroshaza.hu\/ro\/wp-json\/wp\/v2\/pages\/25957"}],"wp:attachment":[{"href":"https:\/\/gyoparosfurdo-oroshaza.hu\/ro\/wp-json\/wp\/v2\/media?parent=26215"}],"curies":[{"name":"wp","href":"https:\/\/api.w.org\/{rel}","templated":true}]}}