{"id":26203,"date":"2012-04-16T13:29:38","date_gmt":"2012-04-16T11:29:38","guid":{"rendered":"https:\/\/gyoparosfurdo-oroshaza.hu\/newsletter"},"modified":"2012-04-16T13:29:38","modified_gmt":"2012-04-16T12:29:38","slug":"newsletter","status":"publish","type":"page","link":"https:\/\/gyoparosfurdo-oroshaza.hu\/ro\/newsletter","title":{"rendered":"Newsletter"},"content":{"rendered":"<p>Pentru a primi informa\u021bii referitoare la nout\u0103\u021bile, programele \u0219i promo\u021biile noastre abona\u021bi-V\u0103 la buletinul nostru informativ!<\/p>\n<script>(function() {\n\twindow.mc4wp = window.mc4wp || {\n\t\tlisteners: [],\n\t\tforms: {\n\t\t\ton: function(evt, cb) {\n\t\t\t\twindow.mc4wp.listeners.push(\n\t\t\t\t\t{\n\t\t\t\t\t\tevent   : evt,\n\t\t\t\t\t\tcallback: cb\n\t\t\t\t\t}\n\t\t\t\t);\n\t\t\t}\n\t\t}\n\t}\n})();\n<\/script><!-- Mailchimp for WordPress v4.8.7 - https:\/\/wordpress.org\/plugins\/mailchimp-for-wp\/ --><form id=\"mc4wp-form-1\" class=\"mc4wp-form mc4wp-form-15564\" method=\"post\" data-id=\"15564\" data-name=\"H\u00edrlev\u00e9l RO\" ><div class=\"mc4wp-form-fields\"><p>\r\n\t<label>Numele:<\/label>\r\n    <input type=\"text\" name=\"NAME\" required>\r\n<\/p>\r\n\r\n<p>\r\n\t<label>E-mail:<\/label>\r\n\t<input type=\"email\" name=\"EMAIL\" required \/>\r\n<\/p>\r\n<p style=\"margin-top: 5px\">\r\n   \t<input type=\"checkbox\" style=\"width: 30px\" name=\"GDPR1\" required \/>  Sunt de acord cu <a href=\"\/ro\/adatkezeles\">politica de gestionare a datelor din site<\/a><br\/>\r\n   <input type=\"checkbox\" style=\"width: 30px\" name=\"GDPR2\" required \/> Sunt de acord s\u0103-mi trimit buletine de \u0219tiri<br\/>\r\n<\/p>\r\n\r\n<input type=\"hidden\" name=\"DATETEXT\" value=\"2026\/04\/23 10:46:24\">\r\n<input type=\"hidden\" name=\"FROM1\" value=\"H\u00edrlev\u00e9l\">\r\n<input type=\"hidden\" name=\"FROM2\" value=\"https:\/\/gyoparosfurdo-oroshaza.hu\/ro\/wp-json\/wp\/v2\/pages\/26203\/\">\r\n<input type=\"hidden\" name=\"SOURCE\" value=\"Nincs megadva\">\r\n\r\n<p>\r\n\t<input type=\"submit\" class=\"m_send\" value=\"Abona\u021bi-v\u0103\" \/>\r\n<\/p><\/div><label style=\"display: none !important;\">Leave this field empty if you're human: <input type=\"text\" name=\"_mc4wp_honeypot\" value=\"\" tabindex=\"-1\" autocomplete=\"off\" \/><\/label><input type=\"hidden\" name=\"_mc4wp_timestamp\" value=\"1776933984\" \/><input type=\"hidden\" name=\"_mc4wp_form_id\" value=\"15564\" \/><input type=\"hidden\" name=\"_mc4wp_form_element_id\" value=\"mc4wp-form-1\" \/><div class=\"mc4wp-response\"><\/div><\/form><!-- \/ Mailchimp for WordPress Plugin -->\n<p>V-a\u021bi abonat deja? \u00cen cazul \u00een care nu dori\u021bi s\u0103 mai primi\u021bi buletinul nostru, pentru dezabonare proceda\u021bi la pagina urm\u0103toare: <a href=\"http:\/\/gyoparosfurdo-oroshaza.us15.list-manage.com\/unsubscribe?u=7c49370bf920d89ed4f4ab3a0&#038;id=620cf07116\" target=\"_blank\" rel=\"noopener noreferrer\" rel=\"noopener\">Dezabonare buletin informativ Orosh\u00e1za-Gyop\u00e1rosf\u00fcrd\u0151 limba rom\u00e2n\u0103<\/a><\/p>\n","protected":false},"excerpt":{"rendered":"<p>Pentru a primi informa\u021bii referitoare la nout\u0103\u021bile, programele \u0219i promo\u021biile noastre abona\u021bi-V\u0103 la buletinul nostru informativ! V-a\u021bi abonat deja? \u00cen cazul \u00een care nu dori\u021bi s\u0103 mai primi\u021bi buletinul nostru, pentru dezabonare proceda\u021bi la pagina urm\u0103toare: Dezabonare buletin informativ Orosh\u00e1za-Gyop\u00e1rosf\u00fcrd\u0151 &hellip; <a href=\"https:\/\/gyoparosfurdo-oroshaza.hu\/ro\/newsletter\">Folytat\u00e1s <span class=\"meta-nav\">&rarr;<\/span><\/a><\/p>\n","protected":false},"author":6,"featured_media":0,"parent":0,"menu_order":41,"comment_status":"closed","ping_status":"closed","template":"","meta":[],"_links":{"self":[{"href":"https:\/\/gyoparosfurdo-oroshaza.hu\/ro\/wp-json\/wp\/v2\/pages\/26203"}],"collection":[{"href":"https:\/\/gyoparosfurdo-oroshaza.hu\/ro\/wp-json\/wp\/v2\/pages"}],"about":[{"href":"https:\/\/gyoparosfurdo-oroshaza.hu\/ro\/wp-json\/wp\/v2\/types\/page"}],"author":[{"embeddable":true,"href":"https:\/\/gyoparosfurdo-oroshaza.hu\/ro\/wp-json\/wp\/v2\/users\/6"}],"replies":[{"embeddable":true,"href":"https:\/\/gyoparosfurdo-oroshaza.hu\/ro\/wp-json\/wp\/v2\/comments?post=26203"}],"version-history":[{"count":0,"href":"https:\/\/gyoparosfurdo-oroshaza.hu\/ro\/wp-json\/wp\/v2\/pages\/26203\/revisions"}],"wp:attachment":[{"href":"https:\/\/gyoparosfurdo-oroshaza.hu\/ro\/wp-json\/wp\/v2\/media?parent=26203"}],"curies":[{"name":"wp","href":"https:\/\/api.w.org\/{rel}","templated":true}]}}