{"id":26195,"date":"2012-04-16T12:41:05","date_gmt":"2012-04-16T10:41:05","guid":{"rendered":"https:\/\/gyoparosfurdo-oroshaza.hu\/imprimare"},"modified":"2023-05-24T15:13:11","modified_gmt":"2023-05-24T13:13:11","slug":"imprimare","status":"publish","type":"page","link":"https:\/\/gyoparosfurdo-oroshaza.hu\/ro\/imprimare","title":{"rendered":"Imprimare"},"content":{"rendered":"<h3>Firma care functioneaza pagina de internet:<\/h3>\n<p><strong>Orosh\u00e1za-Gyop\u00e1rosf\u00fcrd\u0151<\/strong><br \/>\nH-5904 Gyop\u00e1rosf\u00fcrd\u0151, Str Fasor nr 3.<br \/>\nGPS: 46\u00b0 33&#8242; 59&#8243; N ; 20\u00b0 37&#8242; 42.6&#8243; E<br \/>\nTelefon: +36 68 411-962<br \/>\nTelefax: +36 68 512-261<br \/>\n<a href=\"mailto:&#105;&#110;&#102;o&#64;&#103;&#121;o&#112;&#97;r&#111;&#115;furdo.h&#117;\" title=\"inf&#111;&#64;&#103;&#121;opa&#114;&#111;&#115;&#102;&#117;rd&#111;.h&#117;\">inf&#111;&#64;&#103;&#121;opa&#114;&#111;&#115;&#102;&#117;rd&#111;.h&#117;<\/a><\/p>\n<h3>Fotografii:<\/h3>\n<p>K\u00e1lm\u00e1n Kov\u00e1cs<br \/>\n<strong>Index M\u00e9dia Kft.<\/strong><br \/>\n5900 Orosh\u00e1za, Bajnok u. 3.<br \/>\nTelefon: +36 68 630 964<br \/>\n<a href=\"mailto:i&#110;&#100;&#101;xmed&#105;a&#64;&#116;&#45;&#111;n&#108;&#105;ne.hu\" title=\"&#105;&#110;&#100;ex&#109;e&#100;i&#97;&#64;t-onl&#105;ne&#46;&#104;u\">&#105;&#110;&#100;ex&#109;e&#100;i&#97;&#64;t-onl&#105;ne&#46;&#104;u<\/a><br \/>\nWeb: www.indexmedia.hu<\/p>\n","protected":false},"excerpt":{"rendered":"<p>Firma care functioneaza pagina de internet: Orosh\u00e1za-Gyop\u00e1rosf\u00fcrd\u0151 H-5904 Gyop\u00e1rosf\u00fcrd\u0151, Str Fasor nr 3. GPS: 46\u00b0 33&#8242; 59&#8243; N ; 20\u00b0 37&#8242; 42.6&#8243; E Telefon: +36 68 411-962 Telefax: +36 68 512-261 Fotografii: K\u00e1lm\u00e1n Kov\u00e1cs Index M\u00e9dia Kft. 5900 Orosh\u00e1za, Bajnok &hellip; <a href=\"https:\/\/gyoparosfurdo-oroshaza.hu\/ro\/imprimare\">Folytat\u00e1s <span class=\"meta-nav\">&rarr;<\/span><\/a><\/p>\n","protected":false},"author":6,"featured_media":0,"parent":0,"menu_order":35,"comment_status":"closed","ping_status":"closed","template":"","meta":[],"_links":{"self":[{"href":"https:\/\/gyoparosfurdo-oroshaza.hu\/ro\/wp-json\/wp\/v2\/pages\/26195"}],"collection":[{"href":"https:\/\/gyoparosfurdo-oroshaza.hu\/ro\/wp-json\/wp\/v2\/pages"}],"about":[{"href":"https:\/\/gyoparosfurdo-oroshaza.hu\/ro\/wp-json\/wp\/v2\/types\/page"}],"author":[{"embeddable":true,"href":"https:\/\/gyoparosfurdo-oroshaza.hu\/ro\/wp-json\/wp\/v2\/users\/6"}],"replies":[{"embeddable":true,"href":"https:\/\/gyoparosfurdo-oroshaza.hu\/ro\/wp-json\/wp\/v2\/comments?post=26195"}],"version-history":[{"count":1,"href":"https:\/\/gyoparosfurdo-oroshaza.hu\/ro\/wp-json\/wp\/v2\/pages\/26195\/revisions"}],"predecessor-version":[{"id":37840,"href":"https:\/\/gyoparosfurdo-oroshaza.hu\/ro\/wp-json\/wp\/v2\/pages\/26195\/revisions\/37840"}],"wp:attachment":[{"href":"https:\/\/gyoparosfurdo-oroshaza.hu\/ro\/wp-json\/wp\/v2\/media?parent=26195"}],"curies":[{"name":"wp","href":"https:\/\/api.w.org\/{rel}","templated":true}]}}