{"id":26191,"date":"2012-04-16T12:39:19","date_gmt":"2012-04-16T10:39:19","guid":{"rendered":"https:\/\/gyoparosfurdo-oroshaza.hu\/contact"},"modified":"2012-04-16T12:39:19","modified_gmt":"2012-04-16T11:39:19","slug":"contact","status":"publish","type":"page","link":"https:\/\/gyoparosfurdo-oroshaza.hu\/ro\/contact","title":{"rendered":"Contact"},"content":{"rendered":"<h2>\u00cen cazul \u00een care ave\u0163i orice \u00eentrebare V\u0103 rug\u0103m trimite\u021bi-ne un mesaj e-mail \u0219i V\u0103 contact\u0103m \u00een cel mai scurt timp!<\/h2>\n<p>Pentru a primi la intervale regulate informa\u0163ii referitoare la nout\u0103\u021bile, programele, promo\u021biile \u015fi serviciile complexului balnear Orosh\u00e1za-Gyop\u00e1rosf\u00fcrd\u0151, <a href=\"https:\/\/gyoparosfurdo-oroshaza.hu\/ro\/newsletter\" title=\"H\u00edrlev\u00e9l\">abona\u0163i-v\u0103 la buletinul nostru informativ<\/a>! <\/p>\n\t<div class=\"gcube_contact_form\">\n\t\t<form name=\"gcube_contact_form\" id=\"gcube_contact_form\" method=\"post\" action=\"\/\">\n\t\t\t<label for=\"c_name\">Numele *<\/label><input type=\"text\" name=\"c_name\" id=\"c_name\" \/><span class=\"validator\" id=\"c_name_valid\"><\/span>\n\t\t\t<label for=\"c_phone\">Num\u0103rul de telefon<\/label><input type=\"text\" name=\"c_phone\" id=\"c_phone\" \/><span class=\"validator\" id=\"c_phone_valid\"><\/span>\n\t\t\t<label for=\"c_email\">E-mail *<\/label><input type=\"text\" name=\"c_email\" id=\"c_email\" \/><span class=\"validator\" id=\"c_email_valid\"><\/span>\n\t\t\t<label for=\"c_message\">Mesaj *<\/label><textarea name=\"c_message\" id=\"c_message\"><\/textarea><span class=\"validator\" id=\"c_message_valid\"><\/span>\n\t\t\t<label for=\"c_check\"><input style=\"display:inline;\" type=\"checkbox\" name=\"c_check\" id=\"c_check\" value=\"1\" \/> Sunt de acord cu <a target=\"_blank\" href=\"\/ro\/adatkezeles\" alt=\"politica de gestionare\" title=\"politica de gestionare\">politica de gestionare<\/a> a datelor din site<\/label><span class=\"validator\" id=\"c_check_valid\"><\/span>\n\t\t\t<p class=\"r\"><input type=\"submit\" name=\"c_send\" id=\"c_send\" value=\"Trimite\" class=\"bgHl\" \/><\/p>\n\t\t<\/form>\n\t<\/div>\n\t<div class=\"contact_rightside\">\n\t\t\n\t<\/div>\n\t<div class=\"clear-left\"><\/div><script type=\"text\/javascript\">\n\tjQuery(document).ready(function () {\n\tgCubeC.lang = {};\n\tgCubeC.lang.required_text = 'A sz\u00fcks\u00e9ges mez\u0151k kit\u00f6lt\u00e9se k\u00f6telez\u0151';\n\tgCubeC.lang.name_empty = 'K\u00e9rj\u00fck adja meg a nev\u00e9t';\n\tgCubeC.lang.email_empty = 'K\u00e9rj\u00fck adja meg az e-mail c\u00edm\u00e9t';\n\tgCubeC.lang.email_false = 'K\u00e9rj\u00fck val\u00f3s e-mail c\u00edmet adjon meg';\n\tgCubeC.lang.message_empty = 'K\u00e9rj\u00fck az \u00fczenet mez\u0151t is t\u00f6ltse ki';\n\tgCubeC.lang.success_send_title = 'K\u00f6sz\u00f6nj\u00fck \u00fczenet\u00e9t!';\n\tgCubeC.lang.success_send_text = 'Koll\u00e9g\u00e1ink r\u00f6videsen felveszik \u00d6nnel a kapcsolatot.';\n\t});\n<\/script>\n\n","protected":false},"excerpt":{"rendered":"<p>\u00cen cazul \u00een care ave\u0163i orice \u00eentrebare V\u0103 rug\u0103m trimite\u021bi-ne un mesaj e-mail \u0219i V\u0103 contact\u0103m \u00een cel mai scurt timp! Pentru a primi la intervale regulate informa\u0163ii referitoare la nout\u0103\u021bile, programele, promo\u021biile \u015fi serviciile complexului balnear Orosh\u00e1za-Gyop\u00e1rosf\u00fcrd\u0151, abona\u0163i-v\u0103 la &hellip; <a href=\"https:\/\/gyoparosfurdo-oroshaza.hu\/ro\/contact\">Folytat\u00e1s <span class=\"meta-nav\">&rarr;<\/span><\/a><\/p>\n","protected":false},"author":6,"featured_media":0,"parent":0,"menu_order":32,"comment_status":"closed","ping_status":"closed","template":"","meta":[],"_links":{"self":[{"href":"https:\/\/gyoparosfurdo-oroshaza.hu\/ro\/wp-json\/wp\/v2\/pages\/26191"}],"collection":[{"href":"https:\/\/gyoparosfurdo-oroshaza.hu\/ro\/wp-json\/wp\/v2\/pages"}],"about":[{"href":"https:\/\/gyoparosfurdo-oroshaza.hu\/ro\/wp-json\/wp\/v2\/types\/page"}],"author":[{"embeddable":true,"href":"https:\/\/gyoparosfurdo-oroshaza.hu\/ro\/wp-json\/wp\/v2\/users\/6"}],"replies":[{"embeddable":true,"href":"https:\/\/gyoparosfurdo-oroshaza.hu\/ro\/wp-json\/wp\/v2\/comments?post=26191"}],"version-history":[{"count":0,"href":"https:\/\/gyoparosfurdo-oroshaza.hu\/ro\/wp-json\/wp\/v2\/pages\/26191\/revisions"}],"wp:attachment":[{"href":"https:\/\/gyoparosfurdo-oroshaza.hu\/ro\/wp-json\/wp\/v2\/media?parent=26191"}],"curies":[{"name":"wp","href":"https:\/\/api.w.org\/{rel}","templated":true}]}}