{"id":26184,"date":"2012-04-16T12:37:38","date_gmt":"2012-04-16T10:37:38","guid":{"rendered":"https:\/\/gyoparosfurdo-oroshaza.hu\/oroshaza-mea"},"modified":"2012-04-16T12:37:38","modified_gmt":"2012-04-16T11:37:38","slug":"oroshaza-mea","status":"publish","type":"page","link":"https:\/\/gyoparosfurdo-oroshaza.hu\/ro\/oroshaza\/oroshaza-mea","title":{"rendered":"Orosh\u00e1za mea"},"content":{"rendered":"<h2>Cheful bine-cunoscut in lumea gastronomica si-a dobandit cunostiintele de baza la Orosh\u00e1za. <\/h2>\n<p><img loading=\"lazy\" src=\"\/wp-content\/uploads\/2012\/05\/litauszki_zsolt.jpg\" alt=\"Zsolt Litauszki, cheful \" title=\"Zsolt Litauszki, cheful \" width=\"190\" height=\"264\" class=\"alignleft\" \/>In zilele noastre Zsolt Litauszki, cheful bine-cunoscut nascut la Orosh\u00e1za, are timp sa-si viziteze orasul natal doar o data sau de doua ori pe an. Insa si acum aplica cu succes cunostiintele dobandite aici. <\/p>\n<p>El este chef-ul creativ ale urmatoarelor restaurante: in Cetatea Buda restaurantul Pest-Buda, 21 si Pierot. Desi conostiintele si experientele profesionale si-a dobandit in Austria, gustul ei s-a format in primul rind in gradina bunicului, in bucataria bunicii si in bufetul condus de mama. Gradina bunicului i-a oferit mereu ceva special alaturi de legumele obisnuite: agrisa, mosmon, smochine si numeroase plante medicinale.  Gastronomia familiei era caracterizata de o dualitate speciala, un amestec unic al bucatariei slovace si maghiare. Toate aceste influente au determinat tinarul Zsolt sa absolve studii de specialitate la H\u00f3dmez\u0151v\u00e1s\u00e1rhely, poi si-a incercat norocul la cateva locuri de munca pe plan local.<\/p>\n<p>Intre timp cititind literatura de specialitate si-a dat seama de faptul ca dezvolarea este posibila numai prin pasuri facute mai departe.  In acest fel s-a angajat la Fert\u0151r\u00e1kos, intr-un orasel situat in celalalt capat de \u0163ara, la restaurantul bine-cunoscut R\u00e1spi. Poi urmeaza ani petrecuti in Austria la Hotelul Lor\u00fcnser si St. Antoner Hof. In timp de cateva ani a devenit chef. Intre timp s-a indragostit si de viniculture, astfel nu i-a fost greu sa accepte oferta proprietarului restaurantului Maligan, pozitia de director al restaurantului.  <\/p>\n<p><img loading=\"lazy\" src=\"\/wp-content\/uploads\/2012\/04\/litauszki_4.jpg\" alt=\"Zsolt Litauszki Aperitiv\" title=\"Zsolt Litauszki Aperitiv\" width=\"190\" height=\"139\" class=\"alignleft\" \/>Dupa un inceput greu, in fine Malig\u00e1n a devenit un paradis al gourmetilor datorita criticilor bune primite din pratea revistelor de specialitate si a gastroblogurilor. Toate astea nu din intimplare: Zsolt a expus ultimele noutati de arta culinara. Aceasta meserie insa include si o reinnoire permanenta. Zsolt in prezent este seful creativ a celor trei restaurante in proprietatea familiei Zsidai: Pest-Buda, 21 Magyar \u00c9tterem si Pierrot. In acelas timp calatoreste in lume, formarea sa profesionala este permanenta.  <\/p>\n<p>Zsolt nu a uitat orasul sau natal pana in zilele de azi: foloseste ficat de gasca numai de la Orosh\u00e1za. Este foarte atastat de familia sa, de prieteni, se gandeste cu nostalgie la anii nouazeci plini de veselie, la petrecerile in localele underground Katlan si Talon, la pescuitele cu prieteni.<\/p>\n<p><img loading=\"lazy\" src=\"\/wp-content\/uploads\/2012\/05\/litauszki_1.jpg\" alt=\"Zsolt Litauszki fel doi\" title=\"Zsolt Litauszki fel doi\" width=\"190\" height=\"147\" class=\"alignleft\" \/>Desi el insusi ajunge acasa foarte rar, racomanda la toata lumea orasul si imprejurimile. Din punct de vedere gastronomic racomanda in primul rand carnati de calitate din B\u00e9k\u00e9scsaba sau T\u00f3tkmol\u00f3s si foie gras (ficat de gasca) locala. Cei care sosesc cu un alt scop, nu vor fi dezamagiti: Baile Gyop\u00e1ros va ofera numeroase oportunitati ideale de relaxare si recreere, odihna activa si pasiva. <\/p>\n<p>Pentru oferte suplementare faceti click la:\u00a0<a href=\"https:\/\/gyoparosfurdo-oroshaza.hu\/ro\/oroshaza\/oroshaza-gastronomica\" title=\"Orosh\u00e1za gastronomica\">Orosh\u00e1za gastronomica<\/a><\/p>\n<div class=\"kapcsolodo_tartalom\"><h3>Legate de con\u021binut<\/h3><ul class=\"custom_menu\"><li class=\"page_item page-item-26131\"><a title=\"Campie Maghiara\" href=\"https:\/\/gyoparosfurdo-oroshaza.hu\/ro\/oroshaza\/campie-maghiara\">Campie Maghiara<\/a><\/li><li class=\"page_item page-item-26144\"><a title=\"Coltul Viforului\" href=\"https:\/\/gyoparosfurdo-oroshaza.hu\/ro\/oroshaza\/coltul-viforului\">Coltul Viforului<\/a><\/li><li class=\"page_item page-item-26023\"><a title=\"Informa\u021bii generale\" href=\"https:\/\/gyoparosfurdo-oroshaza.hu\/ro\/oroshaza\/informatii-generale\">Informa\u021bii generale<\/a><\/li><\/ul><ul class=\"custom_menu\"><li class=\"page_item page-item-26148\"><a title=\"Orasul vecin: Arad\" href=\"https:\/\/gyoparosfurdo-oroshaza.hu\/ro\/oroshaza\/orasul-vecin-arad\">Orasul vecin: Arad<\/a><\/li><li class=\"page_item page-item-26001\"><a title=\"Orosh\u00e1za Gastronomica\" href=\"https:\/\/gyoparosfurdo-oroshaza.hu\/ro\/oroshaza\/oroshaza-gastronomica\">Orosh\u00e1za Gastronomica<\/a><\/li><li class=\"page_item page-item-26312\"><a title=\"Produse locale\" href=\"https:\/\/gyoparosfurdo-oroshaza.hu\/ro\/oroshaza\/produse-locale\">Produse locale<\/a><\/li><\/ul><ul class=\"custom_menu\"><li class=\"page_item page-item-26215\"><a title=\"Restaurante\" href=\"https:\/\/gyoparosfurdo-oroshaza.hu\/ro\/oroshaza\/restaurante\">Restaurante<\/a><\/li><li class=\"page_item page-item-26307\"><a title=\"TDM\" href=\"https:\/\/gyoparosfurdo-oroshaza.hu\/ro\/oroshaza\/tdm\">TDM<\/a><\/li><\/ul><br class=\"clear\" \/><\/div>\n<div class=\"topten_slider_title\"><span class=\"h3\">Programe Top<\/span><a href=\"https:\/\/gyoparosfurdo-oroshaza.hu\/ro\/programe\" title=\"Programe \u00bb\">Programe \u00bb<\/a><\/div><div class=\"topten_container topten_slider\" id=\"topten_slider\"><ul class=\"topten_inner\"><li class=\"topten_item\" data-id=\"tsi_1\"><a href=\"\/ro\/programe\/pentru-fotografi\" title=\"Pentru fotografi\" class=\"topten_link\" style=\"background: url(\/wp-content\/uploads\/2012\/05\/fotosoknak-top-programok-gyoparosfurdon.jpg) top left no-repeat;\"><span class=\"title\">Pentru fotografi<\/span><\/a><a href=\"\/ro\/programe\/in-timp-de-iarna\" title=\"In timp de iarna \" class=\"topten_link\" style=\"background: url(\/wp-content\/uploads\/2012\/05\/telen-top-programok-gyoparosfurdon.jpg) top left no-repeat;\"><span class=\"title\">In timp de iarna <\/span><\/a><a href=\"\/ro\/programe\/pentru-familii\" title=\"Pentru familii\" class=\"topten_link\" style=\"background: url(\/wp-content\/uploads\/2012\/05\/csaladosoknak-top-programok-gyoparosfurdon.jpg) top left no-repeat;\"><span class=\"title\">Pentru familii<\/span><\/a><a href=\"\/ro\/programe\/pentru-cupluri\" title=\"Pentru cupluri\" class=\"topten_link\" style=\"background: url(\/wp-content\/uploads\/2012\/05\/paroknak-top-programok-gyoparosfurdon.jpg) top left no-repeat;\"><span class=\"title\">Pentru cupluri<\/span><\/a><a href=\"\/ro\/programe\/pentru-o-singura-zi\" title=\"O singura zi\" class=\"topten_link\" style=\"background: url(\/wp-content\/uploads\/2012\/05\/1-napra-top-programok-gyoparosfurdon.jpg) top left no-repeat;\"><span class=\"title\">O singura zi<\/span><\/a><a href=\"\/ro\/programe\/pentru-biciclisti\" title=\"Pentru biciclisti\" class=\"topten_link\" style=\"background: url(\/wp-content\/uploads\/2012\/05\/kerekparosoknak-top-programok-gyoparosfurdon.jpg) top left no-repeat;\"><span class=\"title\">Pentru biciclisti<\/span><\/a><\/li><li class=\"topten_item\" data-id=\"tsi_2\"><a href=\"\/ro\/programe\/programe-pentru-un-week-end\" title=\"Un week-end\" class=\"topten_link\" style=\"background: url(\/wp-content\/uploads\/2012\/05\/hetvegere-top-programok-gyoparosfurdon.jpg) top left no-repeat;\"><span class=\"title\">Un week-end<\/span><\/a><a href=\"\/ro\/programe\/in-timp-de-vara\" title=\"In timp de vara\" class=\"topten_link\" style=\"background: url(\/wp-content\/uploads\/2012\/05\/nyaron-top-programok-gyoparosfurdon.jpg) top left no-repeat;\"><span class=\"title\">In timp de vara<\/span><\/a><a href=\"\/ro\/programe\/tineri\" title=\"Pentru tineri\" class=\"topten_link\" style=\"background: url(\/wp-content\/uploads\/2012\/05\/fiataloknak-top-programok-gyoparosfurdon.jpg) top left no-repeat;\"><span class=\"title\">Pentru tineri<\/span><\/a><a href=\"\/ro\/programe\/pentru-amatori-de-sport\" title=\"Amatori de sport\" class=\"topten_link\" style=\"background: url(\/wp-content\/uploads\/2012\/05\/sportbaratoknak-top-programok-gyoparosfurdon.jpg) top left no-repeat;\"><span class=\"title\">Amatori de sport<\/span><\/a><a href=\"\/ro\/programe\/cu-masina\" title=\"Cu masina\" class=\"topten_link\" style=\"background: url(\/wp-content\/uploads\/2012\/05\/autoval-top-programok-gyoparosfurdon.jpg) top left no-repeat;\"><span class=\"title\">Cu masina<\/span><\/a><a href=\"\/ro\/programe\/pentru-amatori-de-cultura\" title=\"Amatori de cultura\" class=\"topten_link\" style=\"background: url(\/wp-content\/uploads\/2012\/05\/kulturabaratoknak-top-programok-gyoparosfurdon.jpg) top left no-repeat;\"><span class=\"title\">Amatori de cultura<\/span><\/a><\/li><li class=\"topten_item\" data-id=\"tsi_3\"><a href=\"\/ro\/programe\/pentru-o-singura-saptamana\" title=\"Saptamana\" class=\"topten_link\" style=\"background: url(\/wp-content\/uploads\/2012\/05\/1-hetre-top-programok-gyoparosfurdon.jpg) top left no-repeat;\"><span class=\"title\">Saptamana<\/span><\/a><a href=\"\/ro\/programe\/pentru-pescatori\" title=\"Pentru pescatori \" class=\"topten_link\" style=\"background: url(\/wp-content\/uploads\/2012\/05\/horgaszoknak-top-programok-gyoparosfurdon.jpg) top left no-repeat;\"><span class=\"title\">Pentru pescatori <\/span><\/a><\/ul><div class=\"lapozobox\"><span id=\"lprev\"><\/span><span id=\"lnext\"><\/span><span id=\"ts_1\" class=\"active\"><\/span><span id=\"ts_2\" ><\/span><span id=\"ts_3\" ><\/span><\/div><\/div>\n","protected":false},"excerpt":{"rendered":"<p>Cheful bine-cunoscut in lumea gastronomica si-a dobandit cunostiintele de baza la Orosh\u00e1za. In zilele noastre Zsolt Litauszki, cheful bine-cunoscut nascut la Orosh\u00e1za, are timp sa-si viziteze orasul natal doar o data sau de doua ori pe an. Insa si acum &hellip; <a href=\"https:\/\/gyoparosfurdo-oroshaza.hu\/ro\/oroshaza\/oroshaza-mea\">Folytat\u00e1s <span class=\"meta-nav\">&rarr;<\/span><\/a><\/p>\n","protected":false},"author":6,"featured_media":0,"parent":25957,"menu_order":0,"comment_status":"closed","ping_status":"closed","template":"t-en-oroshazam.php","meta":[],"_links":{"self":[{"href":"https:\/\/gyoparosfurdo-oroshaza.hu\/ro\/wp-json\/wp\/v2\/pages\/26184"}],"collection":[{"href":"https:\/\/gyoparosfurdo-oroshaza.hu\/ro\/wp-json\/wp\/v2\/pages"}],"about":[{"href":"https:\/\/gyoparosfurdo-oroshaza.hu\/ro\/wp-json\/wp\/v2\/types\/page"}],"author":[{"embeddable":true,"href":"https:\/\/gyoparosfurdo-oroshaza.hu\/ro\/wp-json\/wp\/v2\/users\/6"}],"replies":[{"embeddable":true,"href":"https:\/\/gyoparosfurdo-oroshaza.hu\/ro\/wp-json\/wp\/v2\/comments?post=26184"}],"version-history":[{"count":0,"href":"https:\/\/gyoparosfurdo-oroshaza.hu\/ro\/wp-json\/wp\/v2\/pages\/26184\/revisions"}],"up":[{"embeddable":true,"href":"https:\/\/gyoparosfurdo-oroshaza.hu\/ro\/wp-json\/wp\/v2\/pages\/25957"}],"wp:attachment":[{"href":"https:\/\/gyoparosfurdo-oroshaza.hu\/ro\/wp-json\/wp\/v2\/media?parent=26184"}],"curies":[{"name":"wp","href":"https:\/\/api.w.org\/{rel}","templated":true}]}}