{"id":26174,"date":"2012-04-16T10:32:38","date_gmt":"2012-04-16T08:32:38","guid":{"rendered":"https:\/\/gyoparosfurdo-oroshaza.hu\/complexul-de-saune"},"modified":"2025-09-02T09:48:08","modified_gmt":"2025-09-02T07:48:08","slug":"complexul-de-saune","status":"publish","type":"page","link":"https:\/\/gyoparosfurdo-oroshaza.hu\/ro\/gyoparosfurdo\/complexul-de-saune","title":{"rendered":"Complexul de saune"},"content":{"rendered":"<h2>Am trecut la programul de toamn\u0103-iarn\u0103, a\u0219a c\u0103 din 15 septembrie vor fi deschise doar piscina termal\u0103 exterioar\u0103, piscina termal\u0103 interioar\u0103 \u0219i cabina de saun\u0103 de la parter. Baile de Agrement \u0219i Parcul de Saune sunt \u00ceNCHISE. <a href=\"https:\/\/gyoparosfurdo-oroshaza.hu\/ro\/stiri\/programul-de-functionare-si-informatii-pentru-toamna-2025\">Mai multe detalii<\/a>.<\/h2>\n\n<p>La B\u0103ile Gyop\u00e1ros \u00een octobrie 2013 un nou cabin de saun\u0103 tradi\u021bional\u0103 tip finlandez a fost construit cu o capacitate  mazim\u0103 de 25 persoane. Astfel num\u0103rul cabinelor s-a modificat la zece, complexul ofer\u0103 servicii de saun\u0103 de calitatea cea mai \u00eenalt\u0103 \u00een aceast\u0103 zon\u0103 a \u021b\u0103rii. Locurile \u00een noul cabin sunt amenajate \u00een 3 r\u00e2nduri, \u00eenc\u0103lzirea este asigurat\u0103 prin 2 sobe de saun\u0103. Cabinul este ideal pentru doi mae\u0219tri de saun\u0103, care pot lucra \u00een sincron. <\/p>\n<p>Complexul de saune dispune de saun\u0103 tradi\u021bional\u0103 uscat\u0103 tip finlandez la o temperatur\u0103 de 60-70\u00b0C sau 70-80\u00b0 Celsius grade, o cabin\u0103 cu arome diferite la temperature de 50-60 \u00b0 C grade, o biosaun\u0103 cu terapie prin lumin\u0103 la temperature de 50-60 grade, un danariu la temperature de 30-40 grade, cabine cu aburi la temperature de 45-50\u00b0C cu un con\u021binut de umiditate de 100%, o cabin\u0103 infra relaxant\u0103 la 50-60\u00b0C grade. V\u0103 garant\u0103m relexa\u021bie \u0219i recrea\u021bie perfect\u0103 cu un orariu prelungit, \u00een anumite zile p\u00e2n\u0103 la miezul nop\u021bii.  (pentru detalii faceti clic pe <a title=\"Orar\" href=\"\/ro\/gyoparosfurdo\/nyitvatartas\">orar <\/a>)<\/p>\n<p><img loading=\"lazy\" class=\"alignleft\" title=\"Complexul de saune\" src=\"\/wp-content\/uploads\/2012\/04\/attekinto.jpg\" alt=\"Complexul de saune\" width=\"190\" height=\"180\" \/>Complexul de saune cu zece cabine a\u0219teapt\u0103 nu numai amatorii de aceast\u0103 form\u0103 de distrac\u021bie \u0219i relaxare, dar \u0219i pe cei dornici de a face cuno\u0219tiin\u021b\u0103 cu ritualele de saun\u0103, aceast\u0103 form\u0103 antic\u0103 pentru a men\u021bine s\u0103n\u0103tatea \u0219i vitalitatea. \u00cen primele pasuri un personal expert \u00een procesul de saune V\u0103 ajut\u0103 cu sfaturi practice \u0219i V\u0103 inform\u0103 despre pericolii eventuali.<\/p>\n<p>\u00centr-un ambient pl\u0103cut, calm \u0219i relaxant cabinele ofer\u0103 solu\u021bii pentru diferite afec\u021biuni, exercit\u0103 diferite efecte asupra fiec\u0103rei persoane. \u00cen timp ce sauna uscat\u0103 tradi\u021bional\u0103 tip finlandez are un efect detoxificant asupra organismului, \u00een acela\u0219 timp \u00eent\u0103re\u0219te sistemul imunitar \u0219i trateaz\u0103 celulita, cabinele cu arome au un efect benefic deoarece uleiurile aromate ajung \u00een organism prin inhalare \u0219i prin porii din piele, provoac\u0103 relaxare \u0219i revitalizare. \u00cen biosaune utiliz\u0103m \u00een primul r\u00e2nd efectele terapeutice ale luminii de diferite culori, care au un efect relaxant, detoxificant \u0219i stimuleaz\u0103 procesele regenerative al organismului. Dintre beneficiile, efectele pozitive ale cabinei de aburi enumer\u0103m: eliminare \u00eenc\u0103rc\u0103tur\u0103 emo\u021bional\u0103; purific\u0103 \u0219i neteze\u0219te pielea; relaxare \u0219i revitalizare a \u00eentregului organism. Infrasauna este alegerea perfect\u0103 pentru cei care vor s\u0103 ajung\u0103 urm\u0103toarele efecte: calmarea durerilor, tratarea celulitei, arderea caloriilor \u0219i men\u021binerea greut\u0103\u021bii normale, eliminarea toxinelor \u0219i a de\u0219eurilor, sc\u0103derea stresului de oboseal\u0103, \u00eenc\u0103lzirea \u0219i relaxarea mu\u0219chilor, \u00eent\u0103rirea sistemului imunitar. <\/p>\n<p><img loading=\"lazy\" src=\"\/wp-content\/uploads\/2012\/04\/gyoparosfurdo-szaunamesterek.jpg\" alt=\"Our sauna masters\" width=\"570\" height=\"314\" class=\"aligncenter size-full wp-image-19394\" srcset=\"https:\/\/gyoparosfurdo-oroshaza.hu\/wp-content\/uploads\/2012\/04\/gyoparosfurdo-szaunamesterek.jpg 570w, https:\/\/gyoparosfurdo-oroshaza.hu\/wp-content\/uploads\/2012\/04\/gyoparosfurdo-szaunamesterek-300x165.jpg 300w, https:\/\/gyoparosfurdo-oroshaza.hu\/wp-content\/uploads\/2012\/04\/gyoparosfurdo-szaunamesterek-500x275.jpg 500w\" sizes=\"(max-width: 570px) 100vw, 570px\" \/><\/p>\n<p>Vizita\u021bi <a href=\"https:\/\/gyoparosfurdo-oroshaza.hu\/ro\/gyoparosfurdo\/szauna-szeanszaink\">seansurile de saun\u0103,<\/a> care V\u0103 asigur\u0103 experien\u021b\u0103 de neuitat.<\/p>\n<table>\n<tr style=\"vertical-align: top;\">\n<td style=\"vertical-align: top;\"><a href=\"\/ro\/gyoparosfurdo\/panorama\"><img loading=\"lazy\" src=\"\/wp-content\/uploads\/2012\/04\/icon-360-mid.png\" width=\"63\" height=\"60\" \/><\/a><\/td>\n<td style=\"vertical-align: top; border: none;\"><a href=\"\/ro\/gyoparosfurdo\/panorama\" style=\"font-size: 16px; font-weight: bold;\">Imagini panoramice Gyop\u00e1rosf\u00fcrd\u0151<\/a><br \/>Tururi virtuale \u00een complexul balnear prin fotografii panoramice de 360\u00b0<\/td>\n<\/tr>\n<\/table>\n<h3>Galeria de foto: complexul de saune a bailor gyop\u00e1ros <\/h3>\n\n<div class=\"ngg-galleryoverview\" id=\"ngg-gallery-5-26174\">\n\n\n\t\n\t<!-- Thumbnails -->\n\t\t\n\t<div id=\"ngg-image-1655\" class=\"ngg-gallery-thumbnail-box\"  >\n\t\t<div class=\"ngg-gallery-thumbnail\" >\n\t\t\t<a href=\"https:\/\/gyoparosfurdo-oroshaza.hu\/wp-content\/gallery\/szauna\/szaunapark_gallery_20260202_1.jpg\" title=\"Sauna park \/ Szaunapark\" class=\"thickbox\" rel=\"set_5\" >\n\t\t\t\t\t\t\t\t<img title=\"Szaunapark\" alt=\"Szaunapark\" src=\"https:\/\/gyoparosfurdo-oroshaza.hu\/wp-content\/gallery\/szauna\/thumbs\/thumbs_szaunapark_gallery_20260202_1.jpg\" width=\"120\" height=\"95\" \/>\n\t\t\t\t\t\t\t<\/a>\n\t\t<\/div>\n\t<\/div>\n\t\n\t\t\n \t\t\n\t<div id=\"ngg-image-1658\" class=\"ngg-gallery-thumbnail-box\"  >\n\t\t<div class=\"ngg-gallery-thumbnail\" >\n\t\t\t<a href=\"https:\/\/gyoparosfurdo-oroshaza.hu\/wp-content\/gallery\/szauna\/szaunapark_gallery_20260202_4.jpg\" title=\"Sauna park \/ Szaunapark\" class=\"thickbox\" rel=\"set_5\" >\n\t\t\t\t\t\t\t\t<img title=\"Szaunapark\" alt=\"Szaunapark\" src=\"https:\/\/gyoparosfurdo-oroshaza.hu\/wp-content\/gallery\/szauna\/thumbs\/thumbs_szaunapark_gallery_20260202_4.jpg\" width=\"120\" height=\"95\" \/>\n\t\t\t\t\t\t\t<\/a>\n\t\t<\/div>\n\t<\/div>\n\t\n\t\t\n \t\t\n\t<div id=\"ngg-image-1659\" class=\"ngg-gallery-thumbnail-box\"  >\n\t\t<div class=\"ngg-gallery-thumbnail\" >\n\t\t\t<a href=\"https:\/\/gyoparosfurdo-oroshaza.hu\/wp-content\/gallery\/szauna\/szaunapark_gallery_20260202_5.jpg\" title=\"Sauna park \/ Szaunapark\" class=\"thickbox\" rel=\"set_5\" >\n\t\t\t\t\t\t\t\t<img title=\"Szaunapark\" alt=\"Szaunapark\" src=\"https:\/\/gyoparosfurdo-oroshaza.hu\/wp-content\/gallery\/szauna\/thumbs\/thumbs_szaunapark_gallery_20260202_5.jpg\" width=\"120\" height=\"95\" \/>\n\t\t\t\t\t\t\t<\/a>\n\t\t<\/div>\n\t<\/div>\n\t\n\t\t\n \t\t\n\t<div id=\"ngg-image-1657\" class=\"ngg-gallery-thumbnail-box\"  >\n\t\t<div class=\"ngg-gallery-thumbnail\" >\n\t\t\t<a href=\"https:\/\/gyoparosfurdo-oroshaza.hu\/wp-content\/gallery\/szauna\/szaunapark_gallery_20260202_3.jpg\" title=\"Sauna park \/ Szaunapark\" class=\"thickbox\" rel=\"set_5\" >\n\t\t\t\t\t\t\t\t<img title=\"Szaunapark\" alt=\"Szaunapark\" src=\"https:\/\/gyoparosfurdo-oroshaza.hu\/wp-content\/gallery\/szauna\/thumbs\/thumbs_szaunapark_gallery_20260202_3.jpg\" width=\"120\" height=\"95\" \/>\n\t\t\t\t\t\t\t<\/a>\n\t\t<\/div>\n\t<\/div>\n\t\n\t\t\n \t\t\n\t<div id=\"ngg-image-1656\" class=\"ngg-gallery-thumbnail-box\"  >\n\t\t<div class=\"ngg-gallery-thumbnail\" >\n\t\t\t<a href=\"https:\/\/gyoparosfurdo-oroshaza.hu\/wp-content\/gallery\/szauna\/szaunapark_gallery_20260202_2.jpg\" title=\"Sauna park \/ Szaunapark\" class=\"thickbox\" rel=\"set_5\" >\n\t\t\t\t\t\t\t\t<img title=\"Szaunapark\" alt=\"Szaunapark\" src=\"https:\/\/gyoparosfurdo-oroshaza.hu\/wp-content\/gallery\/szauna\/thumbs\/thumbs_szaunapark_gallery_20260202_2.jpg\" width=\"120\" height=\"95\" \/>\n\t\t\t\t\t\t\t<\/a>\n\t\t<\/div>\n\t<\/div>\n\t\n\t\t\n \t\t\n\t<div id=\"ngg-image-1661\" class=\"ngg-gallery-thumbnail-box\"  >\n\t\t<div class=\"ngg-gallery-thumbnail\" >\n\t\t\t<a href=\"https:\/\/gyoparosfurdo-oroshaza.hu\/wp-content\/gallery\/szauna\/szaunapark_gallery_20260202_7.jpg\" title=\"Sauna park \/ Szaunapark\" class=\"thickbox\" rel=\"set_5\" >\n\t\t\t\t\t\t\t\t<img title=\"Szaunapark\" alt=\"Szaunapark\" src=\"https:\/\/gyoparosfurdo-oroshaza.hu\/wp-content\/gallery\/szauna\/thumbs\/thumbs_szaunapark_gallery_20260202_7.jpg\" width=\"120\" height=\"95\" \/>\n\t\t\t\t\t\t\t<\/a>\n\t\t<\/div>\n\t<\/div>\n\t\n\t\t\n \t\t\n\t<div id=\"ngg-image-1660\" class=\"ngg-gallery-thumbnail-box\"  >\n\t\t<div class=\"ngg-gallery-thumbnail\" >\n\t\t\t<a href=\"https:\/\/gyoparosfurdo-oroshaza.hu\/wp-content\/gallery\/szauna\/szaunapark_gallery_20260202_6.jpg\" title=\"Sauna park \/ Szaunapark\" class=\"thickbox\" rel=\"set_5\" >\n\t\t\t\t\t\t\t\t<img title=\"Szaunapark\" alt=\"Szaunapark\" src=\"https:\/\/gyoparosfurdo-oroshaza.hu\/wp-content\/gallery\/szauna\/thumbs\/thumbs_szaunapark_gallery_20260202_6.jpg\" width=\"120\" height=\"95\" \/>\n\t\t\t\t\t\t\t<\/a>\n\t\t<\/div>\n\t<\/div>\n\t\n\t\t\n \t\t\n\t<div id=\"ngg-image-1662\" class=\"ngg-gallery-thumbnail-box\"  >\n\t\t<div class=\"ngg-gallery-thumbnail\" >\n\t\t\t<a href=\"https:\/\/gyoparosfurdo-oroshaza.hu\/wp-content\/gallery\/szauna\/szaunapark_gallery_20260202_8.jpg\" title=\"Sauna park \/ Szaunapark\" class=\"thickbox\" rel=\"set_5\" >\n\t\t\t\t\t\t\t\t<img title=\"Szaunapark\" alt=\"Szaunapark\" src=\"https:\/\/gyoparosfurdo-oroshaza.hu\/wp-content\/gallery\/szauna\/thumbs\/thumbs_szaunapark_gallery_20260202_8.jpg\" width=\"120\" height=\"95\" \/>\n\t\t\t\t\t\t\t<\/a>\n\t\t<\/div>\n\t<\/div>\n\t\n\t\t\n \t \t\n\t<!-- Pagination -->\n \t<div class='ngg-clear'><\/div>\n \t\n<\/div>\n\n\n<div class=\"kapcsolodo_tartalom\"><h3>Legate de con\u021binut<\/h3><ul class=\"custom_menu\"><li class=\"page_item page-item-25885\"><a title=\"Baile de agrement\" href=\"https:\/\/gyoparosfurdo-oroshaza.hu\/ro\/gyoparosfurdo\/baile-de-agrement\">Baile de agrement<\/a><\/li><li class=\"page_item page-item-25902\"><a title=\"B\u0103ile termale\" href=\"https:\/\/gyoparosfurdo-oroshaza.hu\/ro\/gyoparosfurdo\/baile-termale\">B\u0103ile termale<\/a><\/li><li class=\"page_item page-item-26280\"><a title=\"Gyop\u00e1rosf\u00fcrd\u0151 \u2013 J\u00e1t\u00e9kkuck\u00f3 \u2013 loc de joac\u0103 pentru copii\" href=\"https:\/\/gyoparosfurdo-oroshaza.hu\/ro\/gyoparosfurdo\/gyoparosfurdo-jatekkucko-loc-de-joaca-pentru-copii\">Gyop\u00e1rosf\u00fcrd\u0151 \u2013 J\u00e1t\u00e9kkuck\u00f3 \u2013 loc de joac\u0103 pentru copii<\/a><\/li><li class=\"page_item page-item-26345\"><a title=\"Gyop\u00e1rosf\u00fcrd\u0151 \u2013 sta\u021biune balnear\u0103\" href=\"https:\/\/gyoparosfurdo-oroshaza.hu\/ro\/gyoparosfurdo\/gyoparosfurdo-statiune-balneara\">Gyop\u00e1rosf\u00fcrd\u0151 \u2013 sta\u021biune balnear\u0103<\/a><\/li><li class=\"page_item page-item-26359\"><a title=\"Gyop\u00e1rosf\u00fcrd\u0151 panorama\" href=\"https:\/\/gyoparosfurdo-oroshaza.hu\/ro\/gyoparosfurdo\/gyoparosfurdo-panorama\">Gyop\u00e1rosf\u00fcrd\u0151 panorama<\/a><\/li><\/ul><ul class=\"custom_menu\"><li class=\"page_item page-item-25881\"><a title=\"Istorie\" href=\"https:\/\/gyoparosfurdo-oroshaza.hu\/ro\/gyoparosfurdo\/istorie\">Istorie<\/a><\/li><li class=\"page_item page-item-26404\"><a title=\"Masaje\" href=\"https:\/\/gyoparosfurdo-oroshaza.hu\/ro\/gyoparosfurdo\/masaje\">Masaje<\/a><\/li><li class=\"page_item page-item-25997\"><a title=\"Orar\" href=\"https:\/\/gyoparosfurdo-oroshaza.hu\/ro\/gyoparosfurdo\/orar\">Orar<\/a><\/li><li class=\"page_item page-item-26493\"><a title=\"Parcare\" href=\"https:\/\/gyoparosfurdo-oroshaza.hu\/ro\/gyoparosfurdo\/parcare\">Parcare<\/a><\/li><li class=\"page_item page-item-25898\"><a title=\"Parcul si strandul\" href=\"https:\/\/gyoparosfurdo-oroshaza.hu\/ro\/gyoparosfurdo\/parcul-si-strandul\">Parcul si strandul<\/a><\/li><\/ul><ul class=\"custom_menu\"><li class=\"page_item page-item-26273\"><a title=\"Seans de saun\u0103\" href=\"https:\/\/gyoparosfurdo-oroshaza.hu\/ro\/gyoparosfurdo\/seans-de-sauna\">Seans de saun\u0103<\/a><\/li><li class=\"page_item page-item-25974\"><a title=\"Tarife\" href=\"https:\/\/gyoparosfurdo-oroshaza.hu\/ro\/gyoparosfurdo\/tarife\">Tarife<\/a><\/li><li class=\"page_item page-item-26329\"><a title=\"Video spoturi\" href=\"https:\/\/gyoparosfurdo-oroshaza.hu\/ro\/gyoparosfurdo\/video-spoturi\">Video spoturi<\/a><\/li><li class=\"page_item page-item-26152\"><a title=\"Wellness\" href=\"https:\/\/gyoparosfurdo-oroshaza.hu\/ro\/gyoparosfurdo\/wellness\">Wellness<\/a><\/li><\/ul><br class=\"clear\" \/><\/div>\n<div class=\"topten_slider_title\"><span class=\"h3\">Programe Top<\/span><a href=\"https:\/\/gyoparosfurdo-oroshaza.hu\/ro\/programe\" title=\"Programe \u00bb\">Programe \u00bb<\/a><\/div><div class=\"topten_container topten_slider\" id=\"topten_slider\"><ul class=\"topten_inner\"><li class=\"topten_item\" data-id=\"tsi_1\"><a href=\"\/ro\/programe\/pentru-fotografi\" title=\"Pentru fotografi\" class=\"topten_link\" style=\"background: url(\/wp-content\/uploads\/2012\/05\/fotosoknak-top-programok-gyoparosfurdon.jpg) top left no-repeat;\"><span class=\"title\">Pentru fotografi<\/span><\/a><a href=\"\/ro\/programe\/in-timp-de-iarna\" title=\"In timp de iarna \" class=\"topten_link\" style=\"background: url(\/wp-content\/uploads\/2012\/05\/telen-top-programok-gyoparosfurdon.jpg) top left no-repeat;\"><span class=\"title\">In timp de iarna <\/span><\/a><a href=\"\/ro\/programe\/pentru-familii\" title=\"Pentru familii\" class=\"topten_link\" style=\"background: url(\/wp-content\/uploads\/2012\/05\/csaladosoknak-top-programok-gyoparosfurdon.jpg) top left no-repeat;\"><span class=\"title\">Pentru familii<\/span><\/a><a href=\"\/ro\/programe\/pentru-cupluri\" title=\"Pentru cupluri\" class=\"topten_link\" style=\"background: url(\/wp-content\/uploads\/2012\/05\/paroknak-top-programok-gyoparosfurdon.jpg) top left no-repeat;\"><span class=\"title\">Pentru cupluri<\/span><\/a><a href=\"\/ro\/programe\/pentru-o-singura-zi\" title=\"O singura zi\" class=\"topten_link\" style=\"background: url(\/wp-content\/uploads\/2012\/05\/1-napra-top-programok-gyoparosfurdon.jpg) top left no-repeat;\"><span class=\"title\">O singura zi<\/span><\/a><a href=\"\/ro\/programe\/pentru-biciclisti\" title=\"Pentru biciclisti\" class=\"topten_link\" style=\"background: url(\/wp-content\/uploads\/2012\/05\/kerekparosoknak-top-programok-gyoparosfurdon.jpg) top left no-repeat;\"><span class=\"title\">Pentru biciclisti<\/span><\/a><\/li><li class=\"topten_item\" data-id=\"tsi_2\"><a href=\"\/ro\/programe\/programe-pentru-un-week-end\" title=\"Un week-end\" class=\"topten_link\" style=\"background: url(\/wp-content\/uploads\/2012\/05\/hetvegere-top-programok-gyoparosfurdon.jpg) top left no-repeat;\"><span class=\"title\">Un week-end<\/span><\/a><a href=\"\/ro\/programe\/in-timp-de-vara\" title=\"In timp de vara\" class=\"topten_link\" style=\"background: url(\/wp-content\/uploads\/2012\/05\/nyaron-top-programok-gyoparosfurdon.jpg) top left no-repeat;\"><span class=\"title\">In timp de vara<\/span><\/a><a href=\"\/ro\/programe\/tineri\" title=\"Pentru tineri\" class=\"topten_link\" style=\"background: url(\/wp-content\/uploads\/2012\/05\/fiataloknak-top-programok-gyoparosfurdon.jpg) top left no-repeat;\"><span class=\"title\">Pentru tineri<\/span><\/a><a href=\"\/ro\/programe\/pentru-amatori-de-sport\" title=\"Amatori de sport\" class=\"topten_link\" style=\"background: url(\/wp-content\/uploads\/2012\/05\/sportbaratoknak-top-programok-gyoparosfurdon.jpg) top left no-repeat;\"><span class=\"title\">Amatori de sport<\/span><\/a><a href=\"\/ro\/programe\/cu-masina\" title=\"Cu masina\" class=\"topten_link\" style=\"background: url(\/wp-content\/uploads\/2012\/05\/autoval-top-programok-gyoparosfurdon.jpg) top left no-repeat;\"><span class=\"title\">Cu masina<\/span><\/a><a href=\"\/ro\/programe\/pentru-amatori-de-cultura\" title=\"Amatori de cultura\" class=\"topten_link\" style=\"background: url(\/wp-content\/uploads\/2012\/05\/kulturabaratoknak-top-programok-gyoparosfurdon.jpg) top left no-repeat;\"><span class=\"title\">Amatori de cultura<\/span><\/a><\/li><li class=\"topten_item\" data-id=\"tsi_3\"><a href=\"\/ro\/programe\/pentru-o-singura-saptamana\" title=\"Saptamana\" class=\"topten_link\" style=\"background: url(\/wp-content\/uploads\/2012\/05\/1-hetre-top-programok-gyoparosfurdon.jpg) top left no-repeat;\"><span class=\"title\">Saptamana<\/span><\/a><a href=\"\/ro\/programe\/pentru-pescatori\" title=\"Pentru pescatori \" class=\"topten_link\" style=\"background: url(\/wp-content\/uploads\/2012\/05\/horgaszoknak-top-programok-gyoparosfurdon.jpg) top left no-repeat;\"><span class=\"title\">Pentru pescatori <\/span><\/a><\/ul><div class=\"lapozobox\"><span id=\"lprev\"><\/span><span id=\"lnext\"><\/span><span id=\"ts_1\" class=\"active\"><\/span><span id=\"ts_2\" ><\/span><span id=\"ts_3\" ><\/span><\/div><\/div>\n","protected":false},"excerpt":{"rendered":"<p>La B\u0103ile Gyop\u00e1ros \u00een octobrie 2013 un nou cabin de saun\u0103 tradi\u021bional\u0103 tip finlandez a fost construit cu o capacitate mazim\u0103 de 25 persoane. Astfel num\u0103rul cabinelor s-a modificat la zece, complexul ofer\u0103 servicii de saun\u0103 de calitatea cea mai &hellip; <a href=\"https:\/\/gyoparosfurdo-oroshaza.hu\/ro\/gyoparosfurdo\/complexul-de-saune\">Folytat\u00e1s <span class=\"meta-nav\">&rarr;<\/span><\/a><\/p>\n","protected":false},"author":6,"featured_media":0,"parent":25877,"menu_order":0,"comment_status":"closed","ping_status":"closed","template":"","meta":[],"_links":{"self":[{"href":"https:\/\/gyoparosfurdo-oroshaza.hu\/ro\/wp-json\/wp\/v2\/pages\/26174"}],"collection":[{"href":"https:\/\/gyoparosfurdo-oroshaza.hu\/ro\/wp-json\/wp\/v2\/pages"}],"about":[{"href":"https:\/\/gyoparosfurdo-oroshaza.hu\/ro\/wp-json\/wp\/v2\/types\/page"}],"author":[{"embeddable":true,"href":"https:\/\/gyoparosfurdo-oroshaza.hu\/ro\/wp-json\/wp\/v2\/users\/6"}],"replies":[{"embeddable":true,"href":"https:\/\/gyoparosfurdo-oroshaza.hu\/ro\/wp-json\/wp\/v2\/comments?post=26174"}],"version-history":[{"count":4,"href":"https:\/\/gyoparosfurdo-oroshaza.hu\/ro\/wp-json\/wp\/v2\/pages\/26174\/revisions"}],"predecessor-version":[{"id":39839,"href":"https:\/\/gyoparosfurdo-oroshaza.hu\/ro\/wp-json\/wp\/v2\/pages\/26174\/revisions\/39839"}],"up":[{"embeddable":true,"href":"https:\/\/gyoparosfurdo-oroshaza.hu\/ro\/wp-json\/wp\/v2\/pages\/25877"}],"wp:attachment":[{"href":"https:\/\/gyoparosfurdo-oroshaza.hu\/ro\/wp-json\/wp\/v2\/media?parent=26174"}],"curies":[{"name":"wp","href":"https:\/\/api.w.org\/{rel}","templated":true}]}}