{"id":26152,"date":"2012-04-16T10:31:14","date_gmt":"2012-04-16T08:31:14","guid":{"rendered":"https:\/\/gyoparosfurdo-oroshaza.hu\/wellness"},"modified":"2012-04-16T10:31:14","modified_gmt":"2012-04-16T09:31:14","slug":"wellness","status":"publish","type":"page","link":"https:\/\/gyoparosfurdo-oroshaza.hu\/ro\/gyoparosfurdo\/wellness","title":{"rendered":"Wellness"},"content":{"rendered":"\n<p>Dupa vacante petrecute la Orosh\u00e1za \u2013 Baile Gyop\u00e1ros ne intoarcem acasa, la viata noastra obisnuita revitalizati ca o persoana noua, imbogatiti cu amintiri frumoase.<\/p>\n<p><img loading=\"lazy\" src=\"\/wp-content\/uploads\/2012\/04\/w1.jpg\" alt=\"Wellness Gyop\u00e1rosf\u00fcrd\u0151\" width=\"190\" height=\"140\" class=\"alignleft\" \/><br \/>\nNe intoarcem acasa cu amintirile paesajului minunat, nenumaratelor clipe vesele si placute, cu gustul neuitat a mancarilor traditionale a Campiei Ungare, fara a face o socoteala completa a experientelor. Sunt insa lucruri pe care nu trebuie sa ducem mai departe, daca la Orosh\u00e1za cautam nu numai experiente active dar si relaxatie, recreatie si reincarcare cu energie. <\/p>\n<h3 id=\"masszazs\">Masaje<\/h3>\n<p><img loading=\"lazy\" src=\"\/wp-content\/uploads\/2017\/02\/kis-masszazs.jpg\" width=\"190\" height=\"160\" class=\"alignleft\" \/>\u00cen afara masajelor terapeutice complexul balnear V\u0103 ofer\u0103 o vast\u0103 gam\u0103 de <b>masaje speciale<\/b> la tarife indicate. <\/p>\n<p>Pentru mai multe detalii \u00een leg\u0103tur\u0103 cu masaje \u0219i apuntamente vizita\u021bi pagin <a href=\"https:\/\/gyoparosfurdo-oroshaza.hu\/ro\/gyoparosfurdo\/masaje\" title=\"oferte \u2013 masaje\">oferte \u2013 masaje<\/a>. Pentru tarifele masajelor face\u021bi click pe <a href=\"https:\/\/gyoparosfurdo-oroshaza.hu\/ro\/gyoparosfurdo\/tarife\">lista de pre\u021buri<\/a>.<\/p>\n<div style=\"clear: both\"><\/div>\n<h3>Pedichiur\u0103 <\/h3>\n<p>Pentru pedichiur\u0103 \u00een complexul balnear (deschis de la Miercuri la Duminic\u0103 \u0219i \u00een zilele de s\u0103rb\u0103tori ) suna\u021bi num\u0103rul de telefon <a href=\"tel:+36702393486\" title=\"+36-70\/239-3486\">+36-70\/239-3486<\/a>.<\/p>\n<h3 id=\"wellness\">Oferte de pachete wellness<\/h3>\n<p>Pentru pachete wellness cere\u021bi apuntament prin urm\u0103toarele numere de telefon: <a href=\"tel:+3668512260\" title=\"+36 (68) 512-260\">+36 (68) 512-260<\/a> \u0219i <a href=\"tel:+3668512262\" title=\"+36 (68) 512-262\">+36 (68) 512-262<\/a>. Pentru informa\u021bii despre tarifele pachetelor vizita\u021bi <a href=\"https:\/\/gyoparosfurdo-oroshaza.hu\/ro\/gyoparosfurdo\/tarife\">lista de pre\u021buri<\/a>. Pentru orice alte informa\u021bii colegii no\u0219tri de la <a href=\"https:\/\/gyoparosfurdo-oroshaza.hu\/gyogyaszat\" title=\"Gyop\u00e1rosf\u00fcrd\u0151 centrul medical \">centrul medical <\/a> V\u0103 stau la dispozi\u021bie. <\/p>\n<table>\n<tr>\n<td style=\"vertical-align: top\" width=\"50%\"><b>Tratament Alf\u00f6ldi &#8222;Bety\u00e1ros&#8221; \u2013 specialitate local\u0103<\/b><\/p>\n<ul>\n<li>Jacuzzi (15 min)<\/li>\n<li>Masaj cu palinc\u0103 de prune \u0219i lovituri cu crengi de mesteac\u0103n (25 min)<\/li>\n<li>Tratament cu vin ro\u0219u-scor\u021bi\u0219oar\u0103\/vin ro\u0219u-portocale (20 min)<\/li>\n<\/ul>\n<\/td>\n<td width=\"50%\"><img loading=\"lazy\" align=\"center\" alt=\"Wellness Orosh\u00e1za\" src=\"\/wp-content\/uploads\/2017\/02\/betyaros.jpg\" width=\"190\" height=\"160\" \/>\n<\/td>\n<\/tr>\n<tr>\n<td><img loading=\"lazy\" align=\"center\" alt=\"Wellness Orosh\u00e1za\" src=\"\/wp-content\/uploads\/2017\/02\/seherezade.jpg\" width=\"190\" height=\"160\" \/><\/td>\n<td style=\"vertical-align: top\">\n<b>&#8222;Farmecul \u0218eherezadei&#8221; \u2013 Pachet wellness pentru doamne<\/b><\/p>\n<ul>\n<li>Jacuzzi (15 min)<\/li>\n<li>Masaj cu ulei de s\u00e2mburi de struguri (25 min)<\/li>\n<li>Masaj de talp\u0103 sau masaj relaxant de cap (25 min)<\/li>\n<\/ul>\n<\/td>\n<\/tr>\n<tr>\n<td style=\"vertical-align: top\">\n<b>&#8222;For\u021ba lui Zeus&#8221; \u2013 Pachet wellness pentru domni<\/b><\/p>\n<li>Jacuzzi (15 min)<\/li>\n<li>Masaj sportiv (25 min)<\/li>\n<li>Masaj de talp\u0103 sau masaj relaxant de cap (25 min)<\/li>\n<\/ul>\n<\/td>\n<td>\n<img loading=\"lazy\" align=\"center\" alt=\"Wellness Orosh\u00e1za\" src=\"\/wp-content\/uploads\/2015\/03\/zeuszereje.jpeg\" width=\"160\" height=\"160\" \/><\/td>\n<\/tr>\n<tr>\n<td>\n<img loading=\"lazy\" align=\"center\" alt=\"Wellness Orosh\u00e1za\" src=\"\/wp-content\/uploads\/2017\/02\/orok-fiatalsag.jpg\" width=\"190\" height=\"160\" \/>\n<\/td>\n<td style=\"vertical-align: top\">\n<b>&#8222;Tinere\u021be etern\u0103&#8221; \u2013 Tratament de tonifiere a pielii<\/b><\/p>\n<ul>\n<li>Jacuzzi (15 min)<\/li>\n<li>Masaj anticelulitic (25 min)<\/li>\n<li>Tratament de tonifiere cu scor\u021bi\u0219oar\u0103 (20 min)<\/li>\n<\/ul>\n<\/td>\n<\/tr>\n<tr>\n<td style=\"vertical-align: top\"><b>&#8222;Magia m\u0103rii&#8221; \u2013 R\u0103sf\u0103\u021bare Hawaiian\u0103<\/b><\/p>\n<ul>\n<li>Jacuzzi (15 min)<\/li>\n<li>Masaj cu roci vulcanice (25 min)<\/li>\n<li>Exfoliere cu sare marin\u0103 (15 min)<\/li>\n<\/ul>\n<\/td>\n<td>\n<img loading=\"lazy\" align=\"center\" alt=\"Wellness Orosh\u00e1za\" src=\"\/wp-content\/uploads\/2017\/02\/lavakoves.jpg\" width=\"190\" height=\"160\" <\/td>\n<\/tr>\n<tr>\n<td>\n<img loading=\"lazy\" align=\"center\" alt=\"Wellness Orosh\u00e1za\" src=\"\/wp-content\/uploads\/2017\/02\/thai.jpg\" width=\"190\" height=\"160\" <\/td>\n<td style=\"vertical-align: top\">\n<b>&#8222;Magia Extremului-Orient&#8221; \u2013 pachet Tailandez<\/b><\/p>\n<ul>\n<li>Jacuzzi (15 min)<\/li>\n<li>Masaj Tailandez (55 min)<\/li>\n<\/ul>\n<\/td>\n<\/tr>\n<\/table>\n\n<div class=\"ngg-galleryoverview\" id=\"ngg-gallery-90-26152\">\n\n\n\t\n\t<!-- Thumbnails -->\n\t\t\n\t<div id=\"ngg-image-1273\" class=\"ngg-gallery-thumbnail-box\"  >\n\t\t<div class=\"ngg-gallery-thumbnail\" >\n\t\t\t<a href=\"https:\/\/gyoparosfurdo-oroshaza.hu\/wp-content\/gallery\/wellness_2\/w7.jpg\" title=\"Wellness Gyop\u00e1rosf\u00fcrd\u0151\" class=\"thickbox\" rel=\"set_90\" >\n\t\t\t\t\t\t\t\t<img title=\"Wellness Gyop\u00e1rosf\u00fcrd\u0151\" alt=\"Wellness Gyop\u00e1rosf\u00fcrd\u0151\" src=\"https:\/\/gyoparosfurdo-oroshaza.hu\/wp-content\/gallery\/wellness_2\/thumbs\/thumbs_w7.jpg\" width=\"120\" height=\"95\" \/>\n\t\t\t\t\t\t\t<\/a>\n\t\t<\/div>\n\t<\/div>\n\t\n\t\t\n \t\t\n\t<div id=\"ngg-image-1274\" class=\"ngg-gallery-thumbnail-box\"  >\n\t\t<div class=\"ngg-gallery-thumbnail\" >\n\t\t\t<a href=\"https:\/\/gyoparosfurdo-oroshaza.hu\/wp-content\/gallery\/wellness_2\/w8.jpg\" title=\"Wellness Gyop\u00e1rosf\u00fcrd\u0151\" class=\"thickbox\" rel=\"set_90\" >\n\t\t\t\t\t\t\t\t<img title=\"Wellness Gyop\u00e1rosf\u00fcrd\u0151\" alt=\"Wellness Gyop\u00e1rosf\u00fcrd\u0151\" src=\"https:\/\/gyoparosfurdo-oroshaza.hu\/wp-content\/gallery\/wellness_2\/thumbs\/thumbs_w8.jpg\" width=\"120\" height=\"95\" \/>\n\t\t\t\t\t\t\t<\/a>\n\t\t<\/div>\n\t<\/div>\n\t\n\t\t\n \t\t\n\t<div id=\"ngg-image-1267\" class=\"ngg-gallery-thumbnail-box\"  >\n\t\t<div class=\"ngg-gallery-thumbnail\" >\n\t\t\t<a href=\"https:\/\/gyoparosfurdo-oroshaza.hu\/wp-content\/gallery\/wellness_2\/w1.jpg\" title=\"Wellness Gyop\u00e1rosf\u00fcrd\u0151\" class=\"thickbox\" rel=\"set_90\" >\n\t\t\t\t\t\t\t\t<img title=\"Wellness Gyop\u00e1rosf\u00fcrd\u0151\" alt=\"Wellness Gyop\u00e1rosf\u00fcrd\u0151\" src=\"https:\/\/gyoparosfurdo-oroshaza.hu\/wp-content\/gallery\/wellness_2\/thumbs\/thumbs_w1.jpg\" width=\"120\" height=\"95\" \/>\n\t\t\t\t\t\t\t<\/a>\n\t\t<\/div>\n\t<\/div>\n\t\n\t\t\n \t\t\n\t<div id=\"ngg-image-1268\" class=\"ngg-gallery-thumbnail-box\"  >\n\t\t<div class=\"ngg-gallery-thumbnail\" >\n\t\t\t<a href=\"https:\/\/gyoparosfurdo-oroshaza.hu\/wp-content\/gallery\/wellness_2\/w2.jpg\" title=\"Wellness Gyop\u00e1rosf\u00fcrd\u0151\" class=\"thickbox\" rel=\"set_90\" >\n\t\t\t\t\t\t\t\t<img title=\"Wellness Gyop\u00e1rosf\u00fcrd\u0151\" alt=\"Wellness Gyop\u00e1rosf\u00fcrd\u0151\" src=\"https:\/\/gyoparosfurdo-oroshaza.hu\/wp-content\/gallery\/wellness_2\/thumbs\/thumbs_w2.jpg\" width=\"120\" height=\"95\" \/>\n\t\t\t\t\t\t\t<\/a>\n\t\t<\/div>\n\t<\/div>\n\t\n\t\t\n \t\t\n\t<div id=\"ngg-image-1269\" class=\"ngg-gallery-thumbnail-box\"  >\n\t\t<div class=\"ngg-gallery-thumbnail\" >\n\t\t\t<a href=\"https:\/\/gyoparosfurdo-oroshaza.hu\/wp-content\/gallery\/wellness_2\/w3.jpg\" title=\"Wellness Gyop\u00e1rosf\u00fcrd\u0151\" class=\"thickbox\" rel=\"set_90\" >\n\t\t\t\t\t\t\t\t<img title=\"Wellness Gyop\u00e1rosf\u00fcrd\u0151\" alt=\"Wellness Gyop\u00e1rosf\u00fcrd\u0151\" src=\"https:\/\/gyoparosfurdo-oroshaza.hu\/wp-content\/gallery\/wellness_2\/thumbs\/thumbs_w3.jpg\" width=\"120\" height=\"95\" \/>\n\t\t\t\t\t\t\t<\/a>\n\t\t<\/div>\n\t<\/div>\n\t\n\t\t\n \t\t\n\t<div id=\"ngg-image-1270\" class=\"ngg-gallery-thumbnail-box\"  >\n\t\t<div class=\"ngg-gallery-thumbnail\" >\n\t\t\t<a href=\"https:\/\/gyoparosfurdo-oroshaza.hu\/wp-content\/gallery\/wellness_2\/w4.jpg\" title=\"Wellness Gyop\u00e1rosf\u00fcrd\u0151\" class=\"thickbox\" rel=\"set_90\" >\n\t\t\t\t\t\t\t\t<img title=\"Wellness Gyop\u00e1rosf\u00fcrd\u0151\" alt=\"Wellness Gyop\u00e1rosf\u00fcrd\u0151\" src=\"https:\/\/gyoparosfurdo-oroshaza.hu\/wp-content\/gallery\/wellness_2\/thumbs\/thumbs_w4.jpg\" width=\"120\" height=\"95\" \/>\n\t\t\t\t\t\t\t<\/a>\n\t\t<\/div>\n\t<\/div>\n\t\n\t\t\n \t\t\n\t<div id=\"ngg-image-1271\" class=\"ngg-gallery-thumbnail-box\"  >\n\t\t<div class=\"ngg-gallery-thumbnail\" >\n\t\t\t<a href=\"https:\/\/gyoparosfurdo-oroshaza.hu\/wp-content\/gallery\/wellness_2\/w5.jpg\" title=\"Wellness Gyop\u00e1rosf\u00fcrd\u0151\" class=\"thickbox\" rel=\"set_90\" >\n\t\t\t\t\t\t\t\t<img title=\"Wellness Gyop\u00e1rosf\u00fcrd\u0151\" alt=\"Wellness Gyop\u00e1rosf\u00fcrd\u0151\" src=\"https:\/\/gyoparosfurdo-oroshaza.hu\/wp-content\/gallery\/wellness_2\/thumbs\/thumbs_w5.jpg\" width=\"120\" height=\"95\" \/>\n\t\t\t\t\t\t\t<\/a>\n\t\t<\/div>\n\t<\/div>\n\t\n\t\t\n \t\t\n\t<div id=\"ngg-image-1272\" class=\"ngg-gallery-thumbnail-box\"  >\n\t\t<div class=\"ngg-gallery-thumbnail\" >\n\t\t\t<a href=\"https:\/\/gyoparosfurdo-oroshaza.hu\/wp-content\/gallery\/wellness_2\/w6.jpg\" title=\"Wellness Gyop\u00e1rosf\u00fcrd\u0151\" class=\"thickbox\" rel=\"set_90\" >\n\t\t\t\t\t\t\t\t<img title=\"Wellness Gyop\u00e1rosf\u00fcrd\u0151\" alt=\"Wellness Gyop\u00e1rosf\u00fcrd\u0151\" src=\"https:\/\/gyoparosfurdo-oroshaza.hu\/wp-content\/gallery\/wellness_2\/thumbs\/thumbs_w6.jpg\" width=\"120\" height=\"95\" \/>\n\t\t\t\t\t\t\t<\/a>\n\t\t<\/div>\n\t<\/div>\n\t\n\t\t\n \t \t\n\t<!-- Pagination -->\n \t<div class='ngg-clear'><\/div>\n \t\n<\/div>\n\n\n<div class=\"kapcsolodo_tartalom\"><h3>Legate de con\u021binut<\/h3><ul class=\"custom_menu\"><li class=\"page_item page-item-25885\"><a title=\"Baile de agrement\" href=\"https:\/\/gyoparosfurdo-oroshaza.hu\/ro\/gyoparosfurdo\/baile-de-agrement\">Baile de agrement<\/a><\/li><li class=\"page_item page-item-25902\"><a title=\"B\u0103ile termale\" href=\"https:\/\/gyoparosfurdo-oroshaza.hu\/ro\/gyoparosfurdo\/baile-termale\">B\u0103ile termale<\/a><\/li><li class=\"page_item page-item-26174\"><a title=\"Complexul de saune\" href=\"https:\/\/gyoparosfurdo-oroshaza.hu\/ro\/gyoparosfurdo\/complexul-de-saune\">Complexul de saune<\/a><\/li><li class=\"page_item page-item-26256\"><a title=\"Regulament de ordine interioar\u0103\" href=\"https:\/\/gyoparosfurdo-oroshaza.hu\/ro\/gyoparosfurdo\/complexul-de-saune\/regulament-de-ordine-interioara\">Regulament de ordine interioar\u0103<\/a><\/li><li class=\"page_item page-item-26269\"><a title=\"Modul corect de a face saun\u0103\" href=\"https:\/\/gyoparosfurdo-oroshaza.hu\/ro\/gyoparosfurdo\/complexul-de-saune\/modul-corect-de-a-face-sauna\">Modul corect de a face saun\u0103<\/a><\/li><li class=\"page_item page-item-26252\"><a title=\"Cultura de saun\u0103\" href=\"https:\/\/gyoparosfurdo-oroshaza.hu\/ro\/gyoparosfurdo\/complexul-de-saune\/cultura-de-sauna\">Cultura de saun\u0103<\/a><\/li><\/ul><ul class=\"custom_menu\"><li class=\"page_item page-item-26280\"><a title=\"Gyop\u00e1rosf\u00fcrd\u0151 \u2013 J\u00e1t\u00e9kkuck\u00f3 \u2013 loc de joac\u0103 pentru copii\" href=\"https:\/\/gyoparosfurdo-oroshaza.hu\/ro\/gyoparosfurdo\/gyoparosfurdo-jatekkucko-loc-de-joaca-pentru-copii\">Gyop\u00e1rosf\u00fcrd\u0151 \u2013 J\u00e1t\u00e9kkuck\u00f3 \u2013 loc de joac\u0103 pentru copii<\/a><\/li><li class=\"page_item page-item-26345\"><a title=\"Gyop\u00e1rosf\u00fcrd\u0151 \u2013 sta\u021biune balnear\u0103\" href=\"https:\/\/gyoparosfurdo-oroshaza.hu\/ro\/gyoparosfurdo\/gyoparosfurdo-statiune-balneara\">Gyop\u00e1rosf\u00fcrd\u0151 \u2013 sta\u021biune balnear\u0103<\/a><\/li><li class=\"page_item page-item-26359\"><a title=\"Gyop\u00e1rosf\u00fcrd\u0151 panorama\" href=\"https:\/\/gyoparosfurdo-oroshaza.hu\/ro\/gyoparosfurdo\/gyoparosfurdo-panorama\">Gyop\u00e1rosf\u00fcrd\u0151 panorama<\/a><\/li><li class=\"page_item page-item-25881\"><a title=\"Istorie\" href=\"https:\/\/gyoparosfurdo-oroshaza.hu\/ro\/gyoparosfurdo\/istorie\">Istorie<\/a><\/li><li class=\"page_item page-item-26404\"><a title=\"Masaje\" href=\"https:\/\/gyoparosfurdo-oroshaza.hu\/ro\/gyoparosfurdo\/masaje\">Masaje<\/a><\/li><li class=\"page_item page-item-25997\"><a title=\"Orar\" href=\"https:\/\/gyoparosfurdo-oroshaza.hu\/ro\/gyoparosfurdo\/orar\">Orar<\/a><\/li><\/ul><ul class=\"custom_menu\"><li class=\"page_item page-item-26493\"><a title=\"Parcare\" href=\"https:\/\/gyoparosfurdo-oroshaza.hu\/ro\/gyoparosfurdo\/parcare\">Parcare<\/a><\/li><li class=\"page_item page-item-25898\"><a title=\"Parcul si strandul\" href=\"https:\/\/gyoparosfurdo-oroshaza.hu\/ro\/gyoparosfurdo\/parcul-si-strandul\">Parcul si strandul<\/a><\/li><li class=\"page_item page-item-26273\"><a title=\"Seans de saun\u0103\" href=\"https:\/\/gyoparosfurdo-oroshaza.hu\/ro\/gyoparosfurdo\/seans-de-sauna\">Seans de saun\u0103<\/a><\/li><li class=\"page_item page-item-25974\"><a title=\"Tarife\" href=\"https:\/\/gyoparosfurdo-oroshaza.hu\/ro\/gyoparosfurdo\/tarife\">Tarife<\/a><\/li><li class=\"page_item page-item-26329\"><a title=\"Video spoturi\" href=\"https:\/\/gyoparosfurdo-oroshaza.hu\/ro\/gyoparosfurdo\/video-spoturi\">Video spoturi<\/a><\/li><\/ul><br class=\"clear\" \/><\/div>\n<div class=\"topten_slider_title\"><span class=\"h3\">Programe Top<\/span><a href=\"https:\/\/gyoparosfurdo-oroshaza.hu\/ro\/programe\" title=\"Programe \u00bb\">Programe \u00bb<\/a><\/div><div class=\"topten_container topten_slider\" id=\"topten_slider\"><ul class=\"topten_inner\"><li class=\"topten_item\" data-id=\"tsi_1\"><a href=\"\/ro\/programe\/programe-pentru-un-week-end\" title=\"Un week-end\" class=\"topten_link\" style=\"background: url(\/wp-content\/uploads\/2012\/05\/hetvegere-top-programok-gyoparosfurdon.jpg) top left no-repeat;\"><span class=\"title\">Un week-end<\/span><\/a><a href=\"\/ro\/programe\/in-timp-de-vara\" title=\"In timp de vara\" class=\"topten_link\" style=\"background: url(\/wp-content\/uploads\/2012\/05\/nyaron-top-programok-gyoparosfurdon.jpg) top left no-repeat;\"><span class=\"title\">In timp de vara<\/span><\/a><a href=\"\/ro\/programe\/tineri\" title=\"Pentru tineri\" class=\"topten_link\" style=\"background: url(\/wp-content\/uploads\/2012\/05\/fiataloknak-top-programok-gyoparosfurdon.jpg) top left no-repeat;\"><span class=\"title\">Pentru tineri<\/span><\/a><a href=\"\/ro\/programe\/pentru-amatori-de-sport\" title=\"Amatori de sport\" class=\"topten_link\" style=\"background: url(\/wp-content\/uploads\/2012\/05\/sportbaratoknak-top-programok-gyoparosfurdon.jpg) top left no-repeat;\"><span class=\"title\">Amatori de sport<\/span><\/a><a href=\"\/ro\/programe\/cu-masina\" title=\"Cu masina\" class=\"topten_link\" style=\"background: url(\/wp-content\/uploads\/2012\/05\/autoval-top-programok-gyoparosfurdon.jpg) top left no-repeat;\"><span class=\"title\">Cu masina<\/span><\/a><a href=\"\/ro\/programe\/pentru-amatori-de-cultura\" title=\"Amatori de cultura\" class=\"topten_link\" style=\"background: url(\/wp-content\/uploads\/2012\/05\/kulturabaratoknak-top-programok-gyoparosfurdon.jpg) top left no-repeat;\"><span class=\"title\">Amatori de cultura<\/span><\/a><\/li><li class=\"topten_item\" data-id=\"tsi_2\"><a href=\"\/ro\/programe\/pentru-o-singura-saptamana\" title=\"Saptamana\" class=\"topten_link\" style=\"background: url(\/wp-content\/uploads\/2012\/05\/1-hetre-top-programok-gyoparosfurdon.jpg) top left no-repeat;\"><span class=\"title\">Saptamana<\/span><\/a><a href=\"\/ro\/programe\/pentru-pescatori\" title=\"Pentru pescatori \" class=\"topten_link\" style=\"background: url(\/wp-content\/uploads\/2012\/05\/horgaszoknak-top-programok-gyoparosfurdon.jpg) top left no-repeat;\"><span class=\"title\">Pentru pescatori <\/span><\/a><a href=\"\/ro\/programe\/pentru-fotografi\" title=\"Pentru fotografi\" class=\"topten_link\" style=\"background: url(\/wp-content\/uploads\/2012\/05\/fotosoknak-top-programok-gyoparosfurdon.jpg) top left no-repeat;\"><span class=\"title\">Pentru fotografi<\/span><\/a><a href=\"\/ro\/programe\/in-timp-de-iarna\" title=\"In timp de iarna \" class=\"topten_link\" style=\"background: url(\/wp-content\/uploads\/2012\/05\/telen-top-programok-gyoparosfurdon.jpg) top left no-repeat;\"><span class=\"title\">In timp de iarna <\/span><\/a><a href=\"\/ro\/programe\/pentru-familii\" title=\"Pentru familii\" class=\"topten_link\" style=\"background: url(\/wp-content\/uploads\/2012\/05\/csaladosoknak-top-programok-gyoparosfurdon.jpg) top left no-repeat;\"><span class=\"title\">Pentru familii<\/span><\/a><a href=\"\/ro\/programe\/pentru-cupluri\" title=\"Pentru cupluri\" class=\"topten_link\" style=\"background: url(\/wp-content\/uploads\/2012\/05\/paroknak-top-programok-gyoparosfurdon.jpg) top left no-repeat;\"><span class=\"title\">Pentru cupluri<\/span><\/a><\/li><li class=\"topten_item\" data-id=\"tsi_3\"><a href=\"\/ro\/programe\/pentru-o-singura-zi\" title=\"O singura zi\" class=\"topten_link\" style=\"background: url(\/wp-content\/uploads\/2012\/05\/1-napra-top-programok-gyoparosfurdon.jpg) top left no-repeat;\"><span class=\"title\">O singura zi<\/span><\/a><a href=\"\/ro\/programe\/pentru-biciclisti\" title=\"Pentru biciclisti\" class=\"topten_link\" style=\"background: url(\/wp-content\/uploads\/2012\/05\/kerekparosoknak-top-programok-gyoparosfurdon.jpg) top left no-repeat;\"><span class=\"title\">Pentru biciclisti<\/span><\/a><\/ul><div class=\"lapozobox\"><span id=\"lprev\"><\/span><span id=\"lnext\"><\/span><span id=\"ts_1\" class=\"active\"><\/span><span id=\"ts_2\" ><\/span><span id=\"ts_3\" ><\/span><\/div><\/div>\n","protected":false},"excerpt":{"rendered":"<p>Dupa vacante petrecute la Orosh\u00e1za \u2013 Baile Gyop\u00e1ros ne intoarcem acasa, la viata noastra obisnuita revitalizati ca o persoana noua, imbogatiti cu amintiri frumoase. Ne intoarcem acasa cu amintirile paesajului minunat, nenumaratelor clipe vesele si placute, cu gustul neuitat a &hellip; <a href=\"https:\/\/gyoparosfurdo-oroshaza.hu\/ro\/gyoparosfurdo\/wellness\">Folytat\u00e1s <span class=\"meta-nav\">&rarr;<\/span><\/a><\/p>\n","protected":false},"author":6,"featured_media":0,"parent":25877,"menu_order":0,"comment_status":"closed","ping_status":"closed","template":"","meta":[],"_links":{"self":[{"href":"https:\/\/gyoparosfurdo-oroshaza.hu\/ro\/wp-json\/wp\/v2\/pages\/26152"}],"collection":[{"href":"https:\/\/gyoparosfurdo-oroshaza.hu\/ro\/wp-json\/wp\/v2\/pages"}],"about":[{"href":"https:\/\/gyoparosfurdo-oroshaza.hu\/ro\/wp-json\/wp\/v2\/types\/page"}],"author":[{"embeddable":true,"href":"https:\/\/gyoparosfurdo-oroshaza.hu\/ro\/wp-json\/wp\/v2\/users\/6"}],"replies":[{"embeddable":true,"href":"https:\/\/gyoparosfurdo-oroshaza.hu\/ro\/wp-json\/wp\/v2\/comments?post=26152"}],"version-history":[{"count":0,"href":"https:\/\/gyoparosfurdo-oroshaza.hu\/ro\/wp-json\/wp\/v2\/pages\/26152\/revisions"}],"up":[{"embeddable":true,"href":"https:\/\/gyoparosfurdo-oroshaza.hu\/ro\/wp-json\/wp\/v2\/pages\/25877"}],"wp:attachment":[{"href":"https:\/\/gyoparosfurdo-oroshaza.hu\/ro\/wp-json\/wp\/v2\/media?parent=26152"}],"curies":[{"name":"wp","href":"https:\/\/api.w.org\/{rel}","templated":true}]}}