{"id":26148,"date":"2012-04-16T08:44:44","date_gmt":"2012-04-16T06:44:44","guid":{"rendered":"https:\/\/gyoparosfurdo-oroshaza.hu\/orasul-vecin-arad"},"modified":"2012-04-16T08:44:44","modified_gmt":"2012-04-16T07:44:44","slug":"orasul-vecin-arad","status":"publish","type":"page","link":"https:\/\/gyoparosfurdo-oroshaza.hu\/ro\/oroshaza\/orasul-vecin-arad","title":{"rendered":"Orasul vecin: Arad"},"content":{"rendered":"<h2>Situatia geografica a judetului B\u00e9k\u00e9s este dezavantajoasa din anumite puncte de vedere, dar proximitatea granitei este avantajoasa din punctul de vedere al turistilor din judetele romanesti.<\/h2>\n<p> Orasele dincolo de granita ofera numeroase obiective turistice si istorice.<\/p>\n<p><img loading=\"lazy\" src=\"\/wp-content\/uploads\/2012\/04\/ill_1_arad.jpg\" alt=\"Arad\" title=\"Arad\" width=\"190\" height=\"142\" class=\"alignleft\" \/>Judetul B\u00e9k\u00e9s se invicineaza la sud si est cu teritorii Romaniei. La trecere Va stau la dispozitie numeroase puncte de trecere. Pentru exploratorii care pornesc din Orosh\u00e1za solutia ideala de trecere este la Nagylak sau Battonya. In cazul in care luati directia spre Gyula, veti avea o calatorie la fel de placuta. Romania este accesibil nu numai prin drumuri publice dar si prin calea ferata. Atingand B\u00e9k\u00e9scsaba se trece granita la L\u00f6k\u00f6sh\u00e1za.<\/p>\n<p>De-a lungul granitei maghiare gasim orase mari: Oradea, Salonta, Arad si Timisoara. Desi au trecut 100 de ani de la Tratatul de pace de la Trianon, aceste orase sunt bogate in monumente istorice care se leaga de cultura si istoria maghiara. Oradea este orasul natal a multor persoane istorice: Bathory &#8211; Principele Transilvaniei, P\u00e9ter P\u00e1zm\u00e1ny \u2013 arhiepiscopul de Esztergom, K\u00e1lm\u00e1n Tisza \u2013 prim-ministru, Contele Mih\u00e1ly Teleki. Celebritatile zilelor noastre: Jen\u0151 Kn\u00e9zy \u2013 cunoscutul crainic sportiv sau Ren\u00e1ta Tolvai \u2013 cantareata.<\/p>\n<p><img loading=\"lazy\" src=\"\/wp-content\/uploads\/2012\/04\/ill_2_arad.jpg\" alt=\"Arad f\u0151t\u00e9r\" title=\"Arad f\u0151t\u00e9r\" width=\"190\" height=\"142\" class=\"alignleft\" \/>Salonta este orasul natal al poetului si prozatorului maghiar J\u00e1nos Arany, a devenit cunoscut prin capodopera sa: Toldi. Lajos Zilahy impreuna cu Istv\u00e1n Sinka \u2013 nascuti la Salonta &#8211; este considerat ca si unul dintre scriitorii cel mai importanti din literatura maghiara.<\/p>\n<p>Arad dispune de numeroase obiective istorice pentru turistii din Ungaria: cel mai important este Monumentul celor 13 Generali executati in 1849. Totodata Arad este cunoscut ca si orasul natal al marelui actor P\u00e1l J\u00e1vor si al poetului \u00c1rp\u00e1d T\u00f3th.<\/p>\n<p>Timisoara este al treilea cel mai mare oras din Romania. Persoane istorice numele carora se leaga de oras: pastorului reformat si europarlamentar L\u00e1szl\u00f3 T\u0151k\u00e9s, ofiterul Gy\u00f6rgy Klapka, Ern\u0151 Kiss \u2013 unul dintre cei 13 martiri de la Arad sau poetul Zolt\u00e1n M\u00e1rki.  <\/p>\n<p>http:\/\/www.aradhotspots.ro este site-ul oficial al Biroului de informare turistica din Arad, care furnizeaza informatii utile cu privinta la obiective turistice din Arad si imprejurimi.\u201d<\/p>\n<h3>Galeria de foto: Arad<\/h3>\n\n<div class=\"ngg-galleryoverview\" id=\"ngg-gallery-33-26148\">\n\n\n\t\n\t<!-- Thumbnails -->\n\t\t\n\t<div id=\"ngg-image-253\" class=\"ngg-gallery-thumbnail-box\"  >\n\t\t<div class=\"ngg-gallery-thumbnail\" >\n\t\t\t<a href=\"https:\/\/gyoparosfurdo-oroshaza.hu\/wp-content\/gallery\/arad_1\/arad_1_m.jpg\" title=\"Arad\" class=\"thickbox\" rel=\"set_33\" >\n\t\t\t\t\t\t\t\t<img title=\"Arad\" alt=\"Arad\" src=\"https:\/\/gyoparosfurdo-oroshaza.hu\/wp-content\/gallery\/arad_1\/thumbs\/thumbs_arad_1_m.jpg\" width=\"120\" height=\"95\" \/>\n\t\t\t\t\t\t\t<\/a>\n\t\t<\/div>\n\t<\/div>\n\t\n\t\t\n \t\t\n\t<div id=\"ngg-image-254\" class=\"ngg-gallery-thumbnail-box\"  >\n\t\t<div class=\"ngg-gallery-thumbnail\" >\n\t\t\t<a href=\"https:\/\/gyoparosfurdo-oroshaza.hu\/wp-content\/gallery\/arad_1\/arad_2_-m.jpg\" title=\"Arad\" class=\"thickbox\" rel=\"set_33\" >\n\t\t\t\t\t\t\t\t<img title=\"Arad\" alt=\"Arad\" src=\"https:\/\/gyoparosfurdo-oroshaza.hu\/wp-content\/gallery\/arad_1\/thumbs\/thumbs_arad_2_-m.jpg\" width=\"120\" height=\"95\" \/>\n\t\t\t\t\t\t\t<\/a>\n\t\t<\/div>\n\t<\/div>\n\t\n\t\t\n \t\t\n\t<div id=\"ngg-image-255\" class=\"ngg-gallery-thumbnail-box\"  >\n\t\t<div class=\"ngg-gallery-thumbnail\" >\n\t\t\t<a href=\"https:\/\/gyoparosfurdo-oroshaza.hu\/wp-content\/gallery\/arad_1\/arad_3_m.jpg\" title=\"Arad\" class=\"thickbox\" rel=\"set_33\" >\n\t\t\t\t\t\t\t\t<img title=\"Arad\" alt=\"Arad\" src=\"https:\/\/gyoparosfurdo-oroshaza.hu\/wp-content\/gallery\/arad_1\/thumbs\/thumbs_arad_3_m.jpg\" width=\"120\" height=\"95\" \/>\n\t\t\t\t\t\t\t<\/a>\n\t\t<\/div>\n\t<\/div>\n\t\n\t\t\n \t\t\n\t<div id=\"ngg-image-256\" class=\"ngg-gallery-thumbnail-box\"  >\n\t\t<div class=\"ngg-gallery-thumbnail\" >\n\t\t\t<a href=\"https:\/\/gyoparosfurdo-oroshaza.hu\/wp-content\/gallery\/arad_1\/arad_4_m.jpg\" title=\"Arad\" class=\"thickbox\" rel=\"set_33\" >\n\t\t\t\t\t\t\t\t<img title=\"Arad\" alt=\"Arad\" src=\"https:\/\/gyoparosfurdo-oroshaza.hu\/wp-content\/gallery\/arad_1\/thumbs\/thumbs_arad_4_m.jpg\" width=\"120\" height=\"95\" \/>\n\t\t\t\t\t\t\t<\/a>\n\t\t<\/div>\n\t<\/div>\n\t\n\t\t\n \t\t\n\t<div id=\"ngg-image-257\" class=\"ngg-gallery-thumbnail-box\"  >\n\t\t<div class=\"ngg-gallery-thumbnail\" >\n\t\t\t<a href=\"https:\/\/gyoparosfurdo-oroshaza.hu\/wp-content\/gallery\/arad_1\/arad_5_m.jpg\" title=\"Arad\" class=\"thickbox\" rel=\"set_33\" >\n\t\t\t\t\t\t\t\t<img title=\"Arad\" alt=\"Arad\" src=\"https:\/\/gyoparosfurdo-oroshaza.hu\/wp-content\/gallery\/arad_1\/thumbs\/thumbs_arad_5_m.jpg\" width=\"120\" height=\"95\" \/>\n\t\t\t\t\t\t\t<\/a>\n\t\t<\/div>\n\t<\/div>\n\t\n\t\t\n \t \t\n\t<!-- Pagination -->\n \t<div class='ngg-clear'><\/div>\n \t\n<\/div>\n\n\n<h3>Arad Hart\u0103<\/h3>\n\n<div class=\"kapcsolodo_tartalom\"><h3>Legate de con\u021binut<\/h3><ul class=\"custom_menu\"><li class=\"page_item page-item-26131\"><a title=\"Campie Maghiara\" href=\"https:\/\/gyoparosfurdo-oroshaza.hu\/ro\/oroshaza\/campie-maghiara\">Campie Maghiara<\/a><\/li><li class=\"page_item page-item-26144\"><a title=\"Coltul Viforului\" href=\"https:\/\/gyoparosfurdo-oroshaza.hu\/ro\/oroshaza\/coltul-viforului\">Coltul Viforului<\/a><\/li><li class=\"page_item page-item-26023\"><a title=\"Informa\u021bii generale\" href=\"https:\/\/gyoparosfurdo-oroshaza.hu\/ro\/oroshaza\/informatii-generale\">Informa\u021bii generale<\/a><\/li><li class=\"page_item page-item-26001\"><a title=\"Orosh\u00e1za Gastronomica\" href=\"https:\/\/gyoparosfurdo-oroshaza.hu\/ro\/oroshaza\/oroshaza-gastronomica\">Orosh\u00e1za Gastronomica<\/a><\/li><\/ul><ul class=\"custom_menu\"><li class=\"page_item page-item-26184\"><a title=\"Orosh\u00e1za mea\" href=\"https:\/\/gyoparosfurdo-oroshaza.hu\/ro\/oroshaza\/oroshaza-mea\">Orosh\u00e1za mea<\/a><\/li><li class=\"page_item page-item-26302\"><a title=\"Andr\u00e1s G\u00e1sp\u00e1r actor\" href=\"https:\/\/gyoparosfurdo-oroshaza.hu\/ro\/oroshaza\/oroshaza-mea\/andras-gaspar-actor\">Andr\u00e1s G\u00e1sp\u00e1r actor<\/a><\/li><li class=\"page_item page-item-26325\"><a title=\"Zsolt Litauszki\" href=\"https:\/\/gyoparosfurdo-oroshaza.hu\/ro\/oroshaza\/oroshaza-mea\/zsolt-litauszki\">Zsolt Litauszki<\/a><\/li><li class=\"page_item page-item-26312\"><a title=\"Produse locale\" href=\"https:\/\/gyoparosfurdo-oroshaza.hu\/ro\/oroshaza\/produse-locale\">Produse locale<\/a><\/li><\/ul><ul class=\"custom_menu\"><li class=\"page_item page-item-26215\"><a title=\"Restaurante\" href=\"https:\/\/gyoparosfurdo-oroshaza.hu\/ro\/oroshaza\/restaurante\">Restaurante<\/a><\/li><li class=\"page_item page-item-26307\"><a title=\"TDM\" href=\"https:\/\/gyoparosfurdo-oroshaza.hu\/ro\/oroshaza\/tdm\">TDM<\/a><\/li><\/ul><br class=\"clear\" \/><\/div>\n<div class=\"topten_slider_title\"><span class=\"h3\">Programe Top<\/span><a href=\"https:\/\/gyoparosfurdo-oroshaza.hu\/ro\/programe\" title=\"Programe \u00bb\">Programe \u00bb<\/a><\/div><div class=\"topten_container topten_slider\" id=\"topten_slider\"><ul class=\"topten_inner\"><li class=\"topten_item\" data-id=\"tsi_1\"><a href=\"\/ro\/programe\/programe-pentru-un-week-end\" title=\"Un week-end\" class=\"topten_link\" style=\"background: url(\/wp-content\/uploads\/2012\/05\/hetvegere-top-programok-gyoparosfurdon.jpg) top left no-repeat;\"><span class=\"title\">Un week-end<\/span><\/a><a href=\"\/ro\/programe\/in-timp-de-vara\" title=\"In timp de vara\" class=\"topten_link\" style=\"background: url(\/wp-content\/uploads\/2012\/05\/nyaron-top-programok-gyoparosfurdon.jpg) top left no-repeat;\"><span class=\"title\">In timp de vara<\/span><\/a><a href=\"\/ro\/programe\/tineri\" title=\"Pentru tineri\" class=\"topten_link\" style=\"background: url(\/wp-content\/uploads\/2012\/05\/fiataloknak-top-programok-gyoparosfurdon.jpg) top left no-repeat;\"><span class=\"title\">Pentru tineri<\/span><\/a><a href=\"\/ro\/programe\/pentru-amatori-de-sport\" title=\"Amatori de sport\" class=\"topten_link\" style=\"background: url(\/wp-content\/uploads\/2012\/05\/sportbaratoknak-top-programok-gyoparosfurdon.jpg) top left no-repeat;\"><span class=\"title\">Amatori de sport<\/span><\/a><a href=\"\/ro\/programe\/cu-masina\" title=\"Cu masina\" class=\"topten_link\" style=\"background: url(\/wp-content\/uploads\/2012\/05\/autoval-top-programok-gyoparosfurdon.jpg) top left no-repeat;\"><span class=\"title\">Cu masina<\/span><\/a><a href=\"\/ro\/programe\/pentru-amatori-de-cultura\" title=\"Amatori de cultura\" class=\"topten_link\" style=\"background: url(\/wp-content\/uploads\/2012\/05\/kulturabaratoknak-top-programok-gyoparosfurdon.jpg) top left no-repeat;\"><span class=\"title\">Amatori de cultura<\/span><\/a><\/li><li class=\"topten_item\" data-id=\"tsi_2\"><a href=\"\/ro\/programe\/pentru-o-singura-saptamana\" title=\"Saptamana\" class=\"topten_link\" style=\"background: url(\/wp-content\/uploads\/2012\/05\/1-hetre-top-programok-gyoparosfurdon.jpg) top left no-repeat;\"><span class=\"title\">Saptamana<\/span><\/a><a href=\"\/ro\/programe\/pentru-pescatori\" title=\"Pentru pescatori \" class=\"topten_link\" style=\"background: url(\/wp-content\/uploads\/2012\/05\/horgaszoknak-top-programok-gyoparosfurdon.jpg) top left no-repeat;\"><span class=\"title\">Pentru pescatori <\/span><\/a><a href=\"\/ro\/programe\/pentru-fotografi\" title=\"Pentru fotografi\" class=\"topten_link\" style=\"background: url(\/wp-content\/uploads\/2012\/05\/fotosoknak-top-programok-gyoparosfurdon.jpg) top left no-repeat;\"><span class=\"title\">Pentru fotografi<\/span><\/a><a href=\"\/ro\/programe\/in-timp-de-iarna\" title=\"In timp de iarna \" class=\"topten_link\" style=\"background: url(\/wp-content\/uploads\/2012\/05\/telen-top-programok-gyoparosfurdon.jpg) top left no-repeat;\"><span class=\"title\">In timp de iarna <\/span><\/a><a href=\"\/ro\/programe\/pentru-familii\" title=\"Pentru familii\" class=\"topten_link\" style=\"background: url(\/wp-content\/uploads\/2012\/05\/csaladosoknak-top-programok-gyoparosfurdon.jpg) top left no-repeat;\"><span class=\"title\">Pentru familii<\/span><\/a><a href=\"\/ro\/programe\/pentru-cupluri\" title=\"Pentru cupluri\" class=\"topten_link\" style=\"background: url(\/wp-content\/uploads\/2012\/05\/paroknak-top-programok-gyoparosfurdon.jpg) top left no-repeat;\"><span class=\"title\">Pentru cupluri<\/span><\/a><\/li><li class=\"topten_item\" data-id=\"tsi_3\"><a href=\"\/ro\/programe\/pentru-o-singura-zi\" title=\"O singura zi\" class=\"topten_link\" style=\"background: url(\/wp-content\/uploads\/2012\/05\/1-napra-top-programok-gyoparosfurdon.jpg) top left no-repeat;\"><span class=\"title\">O singura zi<\/span><\/a><a href=\"\/ro\/programe\/pentru-biciclisti\" title=\"Pentru biciclisti\" class=\"topten_link\" style=\"background: url(\/wp-content\/uploads\/2012\/05\/kerekparosoknak-top-programok-gyoparosfurdon.jpg) top left no-repeat;\"><span class=\"title\">Pentru biciclisti<\/span><\/a><\/ul><div class=\"lapozobox\"><span id=\"lprev\"><\/span><span id=\"lnext\"><\/span><span id=\"ts_1\" class=\"active\"><\/span><span id=\"ts_2\" ><\/span><span id=\"ts_3\" ><\/span><\/div><\/div>\n","protected":false},"excerpt":{"rendered":"<p>Situatia geografica a judetului B\u00e9k\u00e9s este dezavantajoasa din anumite puncte de vedere, dar proximitatea granitei este avantajoasa din punctul de vedere al turistilor din judetele romanesti. Orasele dincolo de granita ofera numeroase obiective turistice si istorice. Judetul B\u00e9k\u00e9s se invicineaza &hellip; <a href=\"https:\/\/gyoparosfurdo-oroshaza.hu\/ro\/oroshaza\/orasul-vecin-arad\">Folytat\u00e1s <span class=\"meta-nav\">&rarr;<\/span><\/a><\/p>\n","protected":false},"author":6,"featured_media":0,"parent":25957,"menu_order":0,"comment_status":"closed","ping_status":"closed","template":"","meta":[],"_links":{"self":[{"href":"https:\/\/gyoparosfurdo-oroshaza.hu\/ro\/wp-json\/wp\/v2\/pages\/26148"}],"collection":[{"href":"https:\/\/gyoparosfurdo-oroshaza.hu\/ro\/wp-json\/wp\/v2\/pages"}],"about":[{"href":"https:\/\/gyoparosfurdo-oroshaza.hu\/ro\/wp-json\/wp\/v2\/types\/page"}],"author":[{"embeddable":true,"href":"https:\/\/gyoparosfurdo-oroshaza.hu\/ro\/wp-json\/wp\/v2\/users\/6"}],"replies":[{"embeddable":true,"href":"https:\/\/gyoparosfurdo-oroshaza.hu\/ro\/wp-json\/wp\/v2\/comments?post=26148"}],"version-history":[{"count":0,"href":"https:\/\/gyoparosfurdo-oroshaza.hu\/ro\/wp-json\/wp\/v2\/pages\/26148\/revisions"}],"up":[{"embeddable":true,"href":"https:\/\/gyoparosfurdo-oroshaza.hu\/ro\/wp-json\/wp\/v2\/pages\/25957"}],"wp:attachment":[{"href":"https:\/\/gyoparosfurdo-oroshaza.hu\/ro\/wp-json\/wp\/v2\/media?parent=26148"}],"curies":[{"name":"wp","href":"https:\/\/api.w.org\/{rel}","templated":true}]}}