{"id":26131,"date":"2012-04-16T08:41:26","date_gmt":"2012-04-16T06:41:26","guid":{"rendered":"https:\/\/gyoparosfurdo-oroshaza.hu\/campie-maghiara"},"modified":"2012-04-16T08:41:26","modified_gmt":"2012-04-16T07:41:26","slug":"campie-maghiara","status":"publish","type":"page","link":"https:\/\/gyoparosfurdo-oroshaza.hu\/ro\/oroshaza\/campie-maghiara","title":{"rendered":"Campie Maghiara"},"content":{"rendered":"<h2>Recreere perfecta, liniste deplina a Campiei Maghiare, ca o calatorie in timpuri trecute, in vremea cand nu exista stresul de munca, orase aglomerate, ritm de viata accelerata incepand de luni pana vineri. <\/h2>\n<p><img loading=\"lazy\" class=\"alignleft\" title=\"Campiei Maghiare, Orosh\u00e1za, Gyop\u00e1rosf\u00fcrd\u0151\" src=\"\/wp-content\/uploads\/2012\/04\/hamisitatlan_alfold.jpg\" alt=\"Campiei Maghiare, Orosh\u00e1za, Gyop\u00e1rosf\u00fcrd\u0151\" width=\"190\" height=\"197\" \/>Frumusetea peisajului de Campie, farmecul unei nopti cu un cer senin plin de stele, ospitalitatea localnicilor asigura relaxare perfecta pentru visitatorii sositi din cele mai indepartate tari.<\/p>\n<p>Orasul Orosh\u00e1za este considerat Perla Campiei. Lanuri de grau auriu in care macii rosii fascineaza privirea si se leagana in bataia vantului. Campii care se intind cat vezi cu ochii si terenuri agricole brazdate de drumuri.<\/p>\n<p>Desi Campia este frumoasa si devine o detinatie din ce in ce mai populara pentru turistii maghiari si straini, regiunea nu este aglomerata sau zgomotoasa. Astfel nimic nu deranjeaza  odihna perfecta a visitatorilor. Numai liniste si pace.<\/p>\n<p>Departe de la orasele vibrante, de la viata economica si comerciala, in zona Campiei Maghiare veti gasi accea liniste pe care o puteti sa va permiteti fara sacrificii financiare mari. <\/p>\n<p>Localitatea va ofera nenumarate servicii de optima calitate, o vasta gama de cazari de difertie categorii, o varietate larga de programe pe care le puteti sa va permiteti fara sacrificii financiare mari. <\/p>\n<p>Campia va ofera posibilitatea de a petrece aici un sejur de vis si memorabil, care va satisface exigentele personale la preturi reale. <\/p>\n<h3>Galeria de foto<\/h3>\n\n<div class=\"ngg-galleryoverview\" id=\"ngg-gallery-8-26131\">\n\n\n\t\n\t<!-- Thumbnails -->\n\t\t\n\t<div id=\"ngg-image-309\" class=\"ngg-gallery-thumbnail-box\"  >\n\t\t<div class=\"ngg-gallery-thumbnail\" >\n\t\t\t<a href=\"https:\/\/gyoparosfurdo-oroshaza.hu\/wp-content\/gallery\/alfold\/alfold_b3.jpg\" title=\"Tavaszi b\u00fazamez\u0151k\" class=\"thickbox\" rel=\"set_8\" >\n\t\t\t\t\t\t\t\t<img title=\"Tavaszi b\u00fazamez\u0151k\" alt=\"Tavaszi b\u00fazamez\u0151k\" src=\"https:\/\/gyoparosfurdo-oroshaza.hu\/wp-content\/gallery\/alfold\/thumbs\/thumbs_alfold_b3.jpg\" width=\"120\" height=\"95\" \/>\n\t\t\t\t\t\t\t<\/a>\n\t\t<\/div>\n\t<\/div>\n\t\n\t\t\n \t\t\n\t<div id=\"ngg-image-37\" class=\"ngg-gallery-thumbnail-box\"  >\n\t\t<div class=\"ngg-gallery-thumbnail\" >\n\t\t\t<a href=\"https:\/\/gyoparosfurdo-oroshaza.hu\/wp-content\/gallery\/alfold\/alfold_1.jpg\" title=\"Tavaszi mez\u0151 az Alf\u00f6ld\u00f6n\" class=\"thickbox\" rel=\"set_8\" >\n\t\t\t\t\t\t\t\t<img title=\"Tavaszi mez\u0151 az Alf\u00f6ld\u00f6n\" alt=\"Tavaszi mez\u0151 az Alf\u00f6ld\u00f6n\" src=\"https:\/\/gyoparosfurdo-oroshaza.hu\/wp-content\/gallery\/alfold\/thumbs\/thumbs_alfold_1.jpg\" width=\"120\" height=\"95\" \/>\n\t\t\t\t\t\t\t<\/a>\n\t\t<\/div>\n\t<\/div>\n\t\n\t\t\n \t\t\n\t<div id=\"ngg-image-310\" class=\"ngg-gallery-thumbnail-box\"  >\n\t\t<div class=\"ngg-gallery-thumbnail\" >\n\t\t\t<a href=\"https:\/\/gyoparosfurdo-oroshaza.hu\/wp-content\/gallery\/alfold\/alfold_b4.jpg\" title=\"Kil\u00e1t\u00f3 naplement\u00e9ben\" class=\"thickbox\" rel=\"set_8\" >\n\t\t\t\t\t\t\t\t<img title=\"Kil\u00e1t\u00f3 naplement\u00e9ben\" alt=\"Kil\u00e1t\u00f3 naplement\u00e9ben\" src=\"https:\/\/gyoparosfurdo-oroshaza.hu\/wp-content\/gallery\/alfold\/thumbs\/thumbs_alfold_b4.jpg\" width=\"120\" height=\"95\" \/>\n\t\t\t\t\t\t\t<\/a>\n\t\t<\/div>\n\t<\/div>\n\t\n\t\t\n \t\t\n\t<div id=\"ngg-image-39\" class=\"ngg-gallery-thumbnail-box\"  >\n\t\t<div class=\"ngg-gallery-thumbnail\" >\n\t\t\t<a href=\"https:\/\/gyoparosfurdo-oroshaza.hu\/wp-content\/gallery\/alfold\/alfold_3.jpg\" title=\"Az orosh\u00e1zi tanyavil\u00e1g\" class=\"thickbox\" rel=\"set_8\" >\n\t\t\t\t\t\t\t\t<img title=\"Az orosh\u00e1zi tanyavil\u00e1g\" alt=\"Az orosh\u00e1zi tanyavil\u00e1g\" src=\"https:\/\/gyoparosfurdo-oroshaza.hu\/wp-content\/gallery\/alfold\/thumbs\/thumbs_alfold_3.jpg\" width=\"120\" height=\"95\" \/>\n\t\t\t\t\t\t\t<\/a>\n\t\t<\/div>\n\t<\/div>\n\t\n\t\t\n \t\t\n\t<div id=\"ngg-image-308\" class=\"ngg-gallery-thumbnail-box\"  >\n\t\t<div class=\"ngg-gallery-thumbnail\" >\n\t\t\t<a href=\"https:\/\/gyoparosfurdo-oroshaza.hu\/wp-content\/gallery\/alfold\/alfold_b2.jpg\" title=\"Alf\u00f6ldi naplemente\" class=\"thickbox\" rel=\"set_8\" >\n\t\t\t\t\t\t\t\t<img title=\"Alf\u00f6ldi naplemente\" alt=\"Alf\u00f6ldi naplemente\" src=\"https:\/\/gyoparosfurdo-oroshaza.hu\/wp-content\/gallery\/alfold\/thumbs\/thumbs_alfold_b2.jpg\" width=\"120\" height=\"95\" \/>\n\t\t\t\t\t\t\t<\/a>\n\t\t<\/div>\n\t<\/div>\n\t\n\t\t\n \t\t\n\t<div id=\"ngg-image-38\" class=\"ngg-gallery-thumbnail-box\"  >\n\t\t<div class=\"ngg-gallery-thumbnail\" >\n\t\t\t<a href=\"https:\/\/gyoparosfurdo-oroshaza.hu\/wp-content\/gallery\/alfold\/alfold_2.jpg\" title=\"Alf\u00f6ldi szalmab\u00e1l\u00e1k\" class=\"thickbox\" rel=\"set_8\" >\n\t\t\t\t\t\t\t\t<img title=\"Alf\u00f6ldi szalmab\u00e1l\u00e1k\" alt=\"Alf\u00f6ldi szalmab\u00e1l\u00e1k\" src=\"https:\/\/gyoparosfurdo-oroshaza.hu\/wp-content\/gallery\/alfold\/thumbs\/thumbs_alfold_2.jpg\" width=\"120\" height=\"95\" \/>\n\t\t\t\t\t\t\t<\/a>\n\t\t<\/div>\n\t<\/div>\n\t\n\t\t\n \t\t\n\t<div id=\"ngg-image-307\" class=\"ngg-gallery-thumbnail-box\"  >\n\t\t<div class=\"ngg-gallery-thumbnail\" >\n\t\t\t<a href=\"https:\/\/gyoparosfurdo-oroshaza.hu\/wp-content\/gallery\/alfold\/alfold_b1.jpg\" title=\"Szalmab\u00e1l\u00e1k \u00e9s kil\u00e1t\u00f3\" class=\"thickbox\" rel=\"set_8\" >\n\t\t\t\t\t\t\t\t<img title=\"Szalmab\u00e1l\u00e1k \u00e9s kil\u00e1t\u00f3\" alt=\"Szalmab\u00e1l\u00e1k \u00e9s kil\u00e1t\u00f3\" src=\"https:\/\/gyoparosfurdo-oroshaza.hu\/wp-content\/gallery\/alfold\/thumbs\/thumbs_alfold_b1.jpg\" width=\"120\" height=\"95\" \/>\n\t\t\t\t\t\t\t<\/a>\n\t\t<\/div>\n\t<\/div>\n\t\n\t\t\n \t\t\n\t<div id=\"ngg-image-40\" class=\"ngg-gallery-thumbnail-box\"  >\n\t\t<div class=\"ngg-gallery-thumbnail\" >\n\t\t\t<a href=\"https:\/\/gyoparosfurdo-oroshaza.hu\/wp-content\/gallery\/alfold\/alfold_4.jpg\" title=\"Sz\u00fcrkemarh\u00e1k Kardosk\u00faton\" class=\"thickbox\" rel=\"set_8\" >\n\t\t\t\t\t\t\t\t<img title=\"Sz\u00fcrkemarh\u00e1k Kardosk\u00faton\" alt=\"Sz\u00fcrkemarh\u00e1k Kardosk\u00faton\" src=\"https:\/\/gyoparosfurdo-oroshaza.hu\/wp-content\/gallery\/alfold\/thumbs\/thumbs_alfold_4.jpg\" width=\"120\" height=\"95\" \/>\n\t\t\t\t\t\t\t<\/a>\n\t\t<\/div>\n\t<\/div>\n\t\n\t\t\n \t\t\n\t<div id=\"ngg-image-41\" class=\"ngg-gallery-thumbnail-box\"  >\n\t\t<div class=\"ngg-gallery-thumbnail\" >\n\t\t\t<a href=\"https:\/\/gyoparosfurdo-oroshaza.hu\/wp-content\/gallery\/alfold\/alfold_5.jpg\" title=\"Tanyasi macska\" class=\"thickbox\" rel=\"set_8\" >\n\t\t\t\t\t\t\t\t<img title=\"Tanyasi macska\" alt=\"Tanyasi macska\" src=\"https:\/\/gyoparosfurdo-oroshaza.hu\/wp-content\/gallery\/alfold\/thumbs\/thumbs_alfold_5.jpg\" width=\"120\" height=\"95\" \/>\n\t\t\t\t\t\t\t<\/a>\n\t\t<\/div>\n\t<\/div>\n\t\n\t\t\n \t\t\n\t<div id=\"ngg-image-42\" class=\"ngg-gallery-thumbnail-box\"  >\n\t\t<div class=\"ngg-gallery-thumbnail\" >\n\t\t\t<a href=\"https:\/\/gyoparosfurdo-oroshaza.hu\/wp-content\/gallery\/alfold\/alfold_6.jpg\" title=\"Az Alf\u00f6ldi sz\u00ednei\" class=\"thickbox\" rel=\"set_8\" >\n\t\t\t\t\t\t\t\t<img title=\"Az Alf\u00f6ldi sz\u00ednei\" alt=\"Az Alf\u00f6ldi sz\u00ednei\" src=\"https:\/\/gyoparosfurdo-oroshaza.hu\/wp-content\/gallery\/alfold\/thumbs\/thumbs_alfold_6.jpg\" width=\"120\" height=\"95\" \/>\n\t\t\t\t\t\t\t<\/a>\n\t\t<\/div>\n\t<\/div>\n\t\n\t\t\n \t\t\n\t<div id=\"ngg-image-43\" class=\"ngg-gallery-thumbnail-box\"  >\n\t\t<div class=\"ngg-gallery-thumbnail\" >\n\t\t\t<a href=\"https:\/\/gyoparosfurdo-oroshaza.hu\/wp-content\/gallery\/alfold\/alfold_7.jpg\" title=\"Napnyugta az Alf\u00f6ld\u00f6n\" class=\"thickbox\" rel=\"set_8\" >\n\t\t\t\t\t\t\t\t<img title=\"Napnyugta az Alf\u00f6ld\u00f6n\" alt=\"Napnyugta az Alf\u00f6ld\u00f6n\" src=\"https:\/\/gyoparosfurdo-oroshaza.hu\/wp-content\/gallery\/alfold\/thumbs\/thumbs_alfold_7.jpg\" width=\"120\" height=\"95\" \/>\n\t\t\t\t\t\t\t<\/a>\n\t\t<\/div>\n\t<\/div>\n\t\n\t\t\n \t\t\n\t<div id=\"ngg-image-44\" class=\"ngg-gallery-thumbnail-box\"  >\n\t\t<div class=\"ngg-gallery-thumbnail\" >\n\t\t\t<a href=\"https:\/\/gyoparosfurdo-oroshaza.hu\/wp-content\/gallery\/alfold\/alfold_8.jpg\" title=\"Napnyugta az Alf\u00f6ld\u00f6n\" class=\"thickbox\" rel=\"set_8\" >\n\t\t\t\t\t\t\t\t<img title=\"Napnyugta az Alf\u00f6ld\u00f6n\" alt=\"Napnyugta az Alf\u00f6ld\u00f6n\" src=\"https:\/\/gyoparosfurdo-oroshaza.hu\/wp-content\/gallery\/alfold\/thumbs\/thumbs_alfold_8.jpg\" width=\"120\" height=\"95\" \/>\n\t\t\t\t\t\t\t<\/a>\n\t\t<\/div>\n\t<\/div>\n\t\n\t\t\n \t \t\n\t<!-- Pagination -->\n \t<div class='ngg-clear'><\/div>\n \t\n<\/div>\n\n\n<div class=\"kapcsolodo_tartalom\"><h3>Legate de con\u021binut<\/h3><ul class=\"custom_menu\"><li class=\"page_item page-item-26144\"><a title=\"Coltul Viforului\" href=\"https:\/\/gyoparosfurdo-oroshaza.hu\/ro\/oroshaza\/coltul-viforului\">Coltul Viforului<\/a><\/li><li class=\"page_item page-item-26023\"><a title=\"Informa\u021bii generale\" href=\"https:\/\/gyoparosfurdo-oroshaza.hu\/ro\/oroshaza\/informatii-generale\">Informa\u021bii generale<\/a><\/li><li class=\"page_item page-item-26148\"><a title=\"Orasul vecin: Arad\" href=\"https:\/\/gyoparosfurdo-oroshaza.hu\/ro\/oroshaza\/orasul-vecin-arad\">Orasul vecin: Arad<\/a><\/li><li class=\"page_item page-item-26001\"><a title=\"Orosh\u00e1za Gastronomica\" href=\"https:\/\/gyoparosfurdo-oroshaza.hu\/ro\/oroshaza\/oroshaza-gastronomica\">Orosh\u00e1za Gastronomica<\/a><\/li><\/ul><ul class=\"custom_menu\"><li class=\"page_item page-item-26184\"><a title=\"Orosh\u00e1za mea\" href=\"https:\/\/gyoparosfurdo-oroshaza.hu\/ro\/oroshaza\/oroshaza-mea\">Orosh\u00e1za mea<\/a><\/li><li class=\"page_item page-item-26302\"><a title=\"Andr\u00e1s G\u00e1sp\u00e1r actor\" href=\"https:\/\/gyoparosfurdo-oroshaza.hu\/ro\/oroshaza\/oroshaza-mea\/andras-gaspar-actor\">Andr\u00e1s G\u00e1sp\u00e1r actor<\/a><\/li><li class=\"page_item page-item-26325\"><a title=\"Zsolt Litauszki\" href=\"https:\/\/gyoparosfurdo-oroshaza.hu\/ro\/oroshaza\/oroshaza-mea\/zsolt-litauszki\">Zsolt Litauszki<\/a><\/li><li class=\"page_item page-item-26312\"><a title=\"Produse locale\" href=\"https:\/\/gyoparosfurdo-oroshaza.hu\/ro\/oroshaza\/produse-locale\">Produse locale<\/a><\/li><\/ul><ul class=\"custom_menu\"><li class=\"page_item page-item-26215\"><a title=\"Restaurante\" href=\"https:\/\/gyoparosfurdo-oroshaza.hu\/ro\/oroshaza\/restaurante\">Restaurante<\/a><\/li><li class=\"page_item page-item-26307\"><a title=\"TDM\" href=\"https:\/\/gyoparosfurdo-oroshaza.hu\/ro\/oroshaza\/tdm\">TDM<\/a><\/li><\/ul><br class=\"clear\" \/><\/div>\n<div class=\"topten_slider_title\"><span class=\"h3\">Programe Top<\/span><a href=\"https:\/\/gyoparosfurdo-oroshaza.hu\/ro\/programe\" title=\"Programe \u00bb\">Programe \u00bb<\/a><\/div><div class=\"topten_container topten_slider\" id=\"topten_slider\"><ul class=\"topten_inner\"><li class=\"topten_item\" data-id=\"tsi_1\"><a href=\"\/ro\/programe\/cu-masina\" title=\"Cu masina\" class=\"topten_link\" style=\"background: url(\/wp-content\/uploads\/2012\/05\/autoval-top-programok-gyoparosfurdon.jpg) top left no-repeat;\"><span class=\"title\">Cu masina<\/span><\/a><a href=\"\/ro\/programe\/pentru-amatori-de-cultura\" title=\"Amatori de cultura\" class=\"topten_link\" style=\"background: url(\/wp-content\/uploads\/2012\/05\/kulturabaratoknak-top-programok-gyoparosfurdon.jpg) top left no-repeat;\"><span class=\"title\">Amatori de cultura<\/span><\/a><a href=\"\/ro\/programe\/pentru-o-singura-saptamana\" title=\"Saptamana\" class=\"topten_link\" style=\"background: url(\/wp-content\/uploads\/2012\/05\/1-hetre-top-programok-gyoparosfurdon.jpg) top left no-repeat;\"><span class=\"title\">Saptamana<\/span><\/a><a href=\"\/ro\/programe\/pentru-pescatori\" title=\"Pentru pescatori \" class=\"topten_link\" style=\"background: url(\/wp-content\/uploads\/2012\/05\/horgaszoknak-top-programok-gyoparosfurdon.jpg) top left no-repeat;\"><span class=\"title\">Pentru pescatori <\/span><\/a><a href=\"\/ro\/programe\/pentru-fotografi\" title=\"Pentru fotografi\" class=\"topten_link\" style=\"background: url(\/wp-content\/uploads\/2012\/05\/fotosoknak-top-programok-gyoparosfurdon.jpg) top left no-repeat;\"><span class=\"title\">Pentru fotografi<\/span><\/a><a href=\"\/ro\/programe\/in-timp-de-iarna\" title=\"In timp de iarna \" class=\"topten_link\" style=\"background: url(\/wp-content\/uploads\/2012\/05\/telen-top-programok-gyoparosfurdon.jpg) top left no-repeat;\"><span class=\"title\">In timp de iarna <\/span><\/a><\/li><li class=\"topten_item\" data-id=\"tsi_2\"><a href=\"\/ro\/programe\/pentru-familii\" title=\"Pentru familii\" class=\"topten_link\" style=\"background: url(\/wp-content\/uploads\/2012\/05\/csaladosoknak-top-programok-gyoparosfurdon.jpg) top left no-repeat;\"><span class=\"title\">Pentru familii<\/span><\/a><a href=\"\/ro\/programe\/pentru-cupluri\" title=\"Pentru cupluri\" class=\"topten_link\" style=\"background: url(\/wp-content\/uploads\/2012\/05\/paroknak-top-programok-gyoparosfurdon.jpg) top left no-repeat;\"><span class=\"title\">Pentru cupluri<\/span><\/a><a href=\"\/ro\/programe\/pentru-o-singura-zi\" title=\"O singura zi\" class=\"topten_link\" style=\"background: url(\/wp-content\/uploads\/2012\/05\/1-napra-top-programok-gyoparosfurdon.jpg) top left no-repeat;\"><span class=\"title\">O singura zi<\/span><\/a><a href=\"\/ro\/programe\/pentru-biciclisti\" title=\"Pentru biciclisti\" class=\"topten_link\" style=\"background: url(\/wp-content\/uploads\/2012\/05\/kerekparosoknak-top-programok-gyoparosfurdon.jpg) top left no-repeat;\"><span class=\"title\">Pentru biciclisti<\/span><\/a><a href=\"\/ro\/programe\/programe-pentru-un-week-end\" title=\"Un week-end\" class=\"topten_link\" style=\"background: url(\/wp-content\/uploads\/2012\/05\/hetvegere-top-programok-gyoparosfurdon.jpg) top left no-repeat;\"><span class=\"title\">Un week-end<\/span><\/a><a href=\"\/ro\/programe\/in-timp-de-vara\" title=\"In timp de vara\" class=\"topten_link\" style=\"background: url(\/wp-content\/uploads\/2012\/05\/nyaron-top-programok-gyoparosfurdon.jpg) top left no-repeat;\"><span class=\"title\">In timp de vara<\/span><\/a><\/li><li class=\"topten_item\" data-id=\"tsi_3\"><a href=\"\/ro\/programe\/tineri\" title=\"Pentru tineri\" class=\"topten_link\" style=\"background: url(\/wp-content\/uploads\/2012\/05\/fiataloknak-top-programok-gyoparosfurdon.jpg) top left no-repeat;\"><span class=\"title\">Pentru tineri<\/span><\/a><a href=\"\/ro\/programe\/pentru-amatori-de-sport\" title=\"Amatori de sport\" class=\"topten_link\" style=\"background: url(\/wp-content\/uploads\/2012\/05\/sportbaratoknak-top-programok-gyoparosfurdon.jpg) top left no-repeat;\"><span class=\"title\">Amatori de sport<\/span><\/a><\/ul><div class=\"lapozobox\"><span id=\"lprev\"><\/span><span id=\"lnext\"><\/span><span id=\"ts_1\" class=\"active\"><\/span><span id=\"ts_2\" ><\/span><span id=\"ts_3\" ><\/span><\/div><\/div>\n","protected":false},"excerpt":{"rendered":"<p>Recreere perfecta, liniste deplina a Campiei Maghiare, ca o calatorie in timpuri trecute, in vremea cand nu exista stresul de munca, orase aglomerate, ritm de viata accelerata incepand de luni pana vineri. Frumusetea peisajului de Campie, farmecul unei nopti cu &hellip; <a href=\"https:\/\/gyoparosfurdo-oroshaza.hu\/ro\/oroshaza\/campie-maghiara\">Folytat\u00e1s <span class=\"meta-nav\">&rarr;<\/span><\/a><\/p>\n","protected":false},"author":6,"featured_media":0,"parent":25957,"menu_order":0,"comment_status":"closed","ping_status":"closed","template":"","meta":[],"_links":{"self":[{"href":"https:\/\/gyoparosfurdo-oroshaza.hu\/ro\/wp-json\/wp\/v2\/pages\/26131"}],"collection":[{"href":"https:\/\/gyoparosfurdo-oroshaza.hu\/ro\/wp-json\/wp\/v2\/pages"}],"about":[{"href":"https:\/\/gyoparosfurdo-oroshaza.hu\/ro\/wp-json\/wp\/v2\/types\/page"}],"author":[{"embeddable":true,"href":"https:\/\/gyoparosfurdo-oroshaza.hu\/ro\/wp-json\/wp\/v2\/users\/6"}],"replies":[{"embeddable":true,"href":"https:\/\/gyoparosfurdo-oroshaza.hu\/ro\/wp-json\/wp\/v2\/comments?post=26131"}],"version-history":[{"count":0,"href":"https:\/\/gyoparosfurdo-oroshaza.hu\/ro\/wp-json\/wp\/v2\/pages\/26131\/revisions"}],"up":[{"embeddable":true,"href":"https:\/\/gyoparosfurdo-oroshaza.hu\/ro\/wp-json\/wp\/v2\/pages\/25957"}],"wp:attachment":[{"href":"https:\/\/gyoparosfurdo-oroshaza.hu\/ro\/wp-json\/wp\/v2\/media?parent=26131"}],"curies":[{"name":"wp","href":"https:\/\/api.w.org\/{rel}","templated":true}]}}