{"id":26127,"date":"2012-04-13T12:16:29","date_gmt":"2012-04-13T10:16:29","guid":{"rendered":"https:\/\/gyoparosfurdo-oroshaza.hu\/cu-masina"},"modified":"2012-04-13T12:16:29","modified_gmt":"2012-04-13T11:16:29","slug":"cu-masina","status":"publish","type":"page","link":"https:\/\/gyoparosfurdo-oroshaza.hu\/ro\/programe\/cu-masina","title":{"rendered":"Cu masina"},"content":{"rendered":"<div class=\"topten_grid_container topten_page\"><div class=\"topten_grid_item\"><span class=\"h3\">Programe Top<\/span><a href=\"\/ro\/programe\/pentru-fotografi\" class=\"topten_pentru-fotografi first\">Pentru fotografi &raquo;<\/a><a href=\"\/ro\/programe\/in-timp-de-iarna\" class=\"topten_in-timp-de-iarna\">In timp de iarna  &raquo;<\/a><a href=\"\/ro\/programe\/pentru-familii\" class=\"topten_pentru-familii first\">Pentru familii &raquo;<\/a><a href=\"\/ro\/programe\/pentru-cupluri\" class=\"topten_pentru-cupluri\">Pentru cupluri &raquo;<\/a><a href=\"\/ro\/programe\/pentru-o-singura-zi\" class=\"topten_pentru-o-singura-zi first\">O singura zi &raquo;<\/a><a href=\"\/ro\/programe\/pentru-biciclisti\" class=\"topten_pentru-biciclisti\">Pentru biciclisti &raquo;<\/a><a href=\"\/ro\/programe\/programe-pentru-un-week-end\" class=\"topten_programe-pentru-un-week-end first\">Un week-end &raquo;<\/a><a href=\"\/ro\/programe\/in-timp-de-vara\" class=\"topten_in-timp-de-vara\">In timp de vara &raquo;<\/a><a href=\"\/ro\/programe\/tineri\" class=\"topten_tineri first\">Pentru tineri &raquo;<\/a><a href=\"\/ro\/programe\/pentru-amatori-de-sport\" class=\"topten_pentru-amatori-de-sport\">Amatori de sport &raquo;<\/a><a href=\"\/ro\/programe\/cu-masina\" class=\"topten_cu-masina first active\">Cu masina &raquo;<\/a><a href=\"\/ro\/programe\/pentru-amatori-de-cultura\" class=\"topten_pentru-amatori-de-cultura\">Amatori de cultura &raquo;<\/a><a href=\"\/ro\/programe\/pentru-o-singura-saptamana\" class=\"topten_pentru-o-singura-saptamana first\">Saptamana &raquo;<\/a><a href=\"\/ro\/programe\/pentru-pescatori\" class=\"topten_pentru-pescatori\">Pentru pescatori  &raquo;<\/a><\/div><a href=\"https:\/\/gyoparosfurdo-oroshaza.hu\/ro\/programok\/bekescsaba\" title=\"B\u00e9k\u00e9scsaba\" class=\"topten_grid_item\"><span class=\"number\">1<\/span><img width=\"290\" height=\"230\" src=\"https:\/\/gyoparosfurdo-oroshaza.hu\/wp-content\/uploads\/2012\/04\/Bekescsaba.jpg\" class=\"lazyload wp-post-image\" alt=\"\" loading=\"lazy\" \/><span class=\"title\">B\u00e9k\u00e9scsaba<\/span><span class=\"text\">Pe drumul principal nr.47 de la Orosh\u00e1za ajungem la B\u00e9k\u00e9scsaba, resedinta judetului B\u00e9k\u00e9s, in jumat de ora.<\/span><\/a><a href=\"https:\/\/gyoparosfurdo-oroshaza.hu\/ro\/programok\/csorvas\" title=\"Csorv\u00e1s\" class=\"topten_grid_item\"><span class=\"number\">2<\/span><img width=\"290\" height=\"230\" src=\"https:\/\/gyoparosfurdo-oroshaza.hu\/wp-content\/uploads\/2012\/04\/Csorvas.jpg\" class=\"lazyload wp-post-image\" alt=\"\" loading=\"lazy\" \/><span class=\"title\">Csorv\u00e1s<\/span><span class=\"text\">Oraselul Csorv\u00e1s cu un numar de locuitori de 5000, se afla la 15 km de la Orosh\u00e1za pe drumul principal nr. 47.<\/span><\/a><a href=\"https:\/\/gyoparosfurdo-oroshaza.hu\/ro\/programok\/kardoskut\" title=\"Kardosk\u00fat\" class=\"topten_grid_item\"><span class=\"number\">3<\/span><img width=\"290\" height=\"230\" src=\"https:\/\/gyoparosfurdo-oroshaza.hu\/wp-content\/uploads\/2012\/04\/Kardoskut.jpg\" class=\"lazyload wp-post-image\" alt=\"\" loading=\"lazy\" \/><span class=\"title\">Kardosk\u00fat<\/span><span class=\"text\">Kardosk\u00fat, satul cu doar 900 de locuitori, se afla la aglomeratia orasului Orosh\u00e1za, la o distanta de 10-15 minute cu masina.<\/span><\/a><a href=\"https:\/\/gyoparosfurdo-oroshaza.hu\/ro\/programok\/szabadkigyos\" title=\"Szabadk\u00edgy\u00f3s\" class=\"topten_grid_item\"><span class=\"number\">4<\/span><img width=\"290\" height=\"230\" src=\"https:\/\/gyoparosfurdo-oroshaza.hu\/wp-content\/uploads\/2012\/04\/Szabadkigyos.jpg\" class=\"lazyload wp-post-image\" alt=\"\" loading=\"lazy\" \/><span class=\"title\">Szabadk\u00edgy\u00f3s<\/span><span class=\"text\">Szabadk\u00edgy\u00f3s este o localitate cu doar 3000 de locuitori, situata la sud de la orasul B\u00e9k\u00e9scsaba.<\/span><\/a><a href=\"https:\/\/gyoparosfurdo-oroshaza.hu\/ro\/programok\/gyula\" title=\"Gyula\" class=\"topten_grid_item\"><span class=\"number\">5<\/span><img width=\"290\" height=\"230\" src=\"https:\/\/gyoparosfurdo-oroshaza.hu\/wp-content\/uploads\/2012\/04\/Gyula.jpg\" class=\"lazyload wp-post-image\" alt=\"\" loading=\"lazy\" \/><span class=\"title\">Gyula<\/span><span class=\"text\">Orasul Gyula este un recunoscut oras istoric balnear, situat in sudul Ungariei, la granita cu judetul Arad.<\/span><\/a><a href=\"https:\/\/gyoparosfurdo-oroshaza.hu\/ro\/programok\/szarvas\" title=\"Szarvas\" class=\"topten_grid_item\"><span class=\"number\">6<\/span><img width=\"290\" height=\"230\" src=\"https:\/\/gyoparosfurdo-oroshaza.hu\/wp-content\/uploads\/2012\/04\/Szarvas.jpg\" class=\"lazyload wp-post-image\" alt=\"\" loading=\"lazy\" \/><span class=\"title\">Szarvas<\/span><span class=\"text\">Szarvas este situat de-a lungul drumului principal nr 44, usor accesibila.<\/span><\/a><a href=\"https:\/\/gyoparosfurdo-oroshaza.hu\/ro\/programok\/mezohegyes\" title=\"Mez\u0151hegyes\" class=\"topten_grid_item\"><span class=\"number\">7<\/span><img width=\"290\" height=\"230\" src=\"https:\/\/gyoparosfurdo-oroshaza.hu\/wp-content\/uploads\/2012\/04\/Mezohegyes.jpg\" class=\"lazyload wp-post-image\" alt=\"\" loading=\"lazy\" \/><span class=\"title\">Mez\u0151hegyes<\/span><span class=\"text\">Numele si istoria oraselului s-a unit cu cresterea cabalinelor.<\/span><\/a><a href=\"https:\/\/gyoparosfurdo-oroshaza.hu\/ro\/programok\/totkomlos\" title=\"T\u00f3tkoml\u00f3s\" class=\"topten_grid_item\"><span class=\"number\">8<\/span><img width=\"290\" height=\"230\" src=\"https:\/\/gyoparosfurdo-oroshaza.hu\/wp-content\/uploads\/2012\/04\/Totkomlos.jpg\" class=\"lazyload wp-post-image\" alt=\"\" loading=\"lazy\" \/><span class=\"title\">T\u00f3tkoml\u00f3s<\/span><span class=\"text\">T\u00f3tkoml\u00f3s se afla la circa 15 km in directia sud de la Orosh\u00e1za, este bine accesabil pentru o excursie chiar si cu bicicleta. <\/span><\/a><a href=\"https:\/\/gyoparosfurdo-oroshaza.hu\/ro\/programok\/hodmezovasarhely\" title=\"H\u00f3dmez\u0151v\u00e1s\u00e1rhely\" class=\"topten_grid_item\"><span class=\"number\">9<\/span><img width=\"290\" height=\"230\" src=\"https:\/\/gyoparosfurdo-oroshaza.hu\/wp-content\/uploads\/2012\/04\/Hodmezovasarhely.jpg\" class=\"lazyload wp-post-image\" alt=\"\" loading=\"lazy\" \/><span class=\"title\">H\u00f3dmez\u0151v\u00e1s\u00e1rhely<\/span><span class=\"text\">H\u00f3dmez\u0151v\u00e1s\u00e1rhely se afla la jumat de ora de la Orosh\u00e1za, pe drumul principal nr: 47.<\/span><\/a><a href=\"https:\/\/gyoparosfurdo-oroshaza.hu\/ro\/programok\/szeged\" title=\"Szeged\" class=\"topten_grid_item\"><span class=\"number\">10<\/span><img width=\"290\" height=\"230\" src=\"https:\/\/gyoparosfurdo-oroshaza.hu\/wp-content\/uploads\/2012\/04\/Szeged.jpg\" class=\"lazyload wp-post-image\" alt=\"\" loading=\"lazy\" \/><span class=\"title\">Szeged<\/span><span class=\"text\">Pentru turistii sositi la Orosh\u00e1za o excursie la resedinta judetului Csongr\u00e1d este un program placut de o singura zi sau doua zile.<\/span><\/a><a href=\"https:\/\/gyoparosfurdo-oroshaza.hu\/ro\/programok\/arad\" title=\"Arad\" class=\"topten_grid_item\"><span class=\"number\">11<\/span><img width=\"290\" height=\"230\" src=\"https:\/\/gyoparosfurdo-oroshaza.hu\/wp-content\/uploads\/2012\/04\/Arad.jpg\" class=\"lazyload wp-post-image\" alt=\"\" loading=\"lazy\" \/><span class=\"title\">Arad<\/span><span class=\"text\">Arad se gaseste la o distanta de 75 km de la Orosh\u00e1za, cu masina o calatorie de o ora si jumatate.<\/span><\/a><a href=\"https:\/\/gyoparosfurdo-oroshaza.hu\/ro\/programok\/tatarsanc\" title=\"Tat\u00e1rs\u00e1nc\" class=\"topten_grid_item\"><span class=\"number\">12<\/span><img width=\"290\" height=\"230\" src=\"https:\/\/gyoparosfurdo-oroshaza.hu\/wp-content\/uploads\/2012\/04\/Tatarsanc.jpg\" class=\"lazyload wp-post-image\" alt=\"\" loading=\"lazy\" \/><span class=\"title\">Tat\u00e1rs\u00e1nc<\/span><span class=\"text\">Formatiunile ierboase naturale din hotarul orasului Orosh\u00e1za si a satului Pusztaf\u00f6ldv\u00e1r este un loc de vizitat.<\/span><\/a><a href=\"https:\/\/gyoparosfurdo-oroshaza.hu\/ro\/programok\/opusztaszeri-emlekpark\" title=\"Parcul Memorial din \u00d3pusztaszer\" class=\"topten_grid_item\"><span class=\"number\">13<\/span><img width=\"290\" height=\"230\" src=\"https:\/\/gyoparosfurdo-oroshaza.hu\/wp-content\/uploads\/2012\/11\/opusz.jpg\" class=\"lazyload wp-post-image\" alt=\"\" loading=\"lazy\" \/><span class=\"title\">Parcul Memorial din \u00d3pusztaszer<\/span><span class=\"text\">Parcul Memorial Istoric Na\u021bional la doar 70 km de la Orosh\u00e1za.<\/span><\/a><a href=\"https:\/\/gyoparosfurdo-oroshaza.hu\/ro\/programok\/vasarhelyi-breda-kastely\" title=\"Castelul din L\u00f6k\u00f6sh\u00e1za\" class=\"topten_grid_item\"><span class=\"number\">14<\/span><img width=\"290\" height=\"230\" src=\"https:\/\/gyoparosfurdo-oroshaza.hu\/wp-content\/uploads\/2017\/03\/lokoshazi-breda-ejszaka.jpg\" class=\"lazyload wp-post-image\" alt=\"\" loading=\"lazy\" \/><span class=\"title\">Castelul din L\u00f6k\u00f6sh\u00e1za<\/span><span class=\"text\">L\u00f6k\u00f6sh\u00e1za cu un parc de stil mediteranean V\u0103 a\u0219teapt\u0103 cu programe speciale.<\/span><\/a><div class=\"clear\"><\/div><\/div>\n<div class=\"W560\"><span class=\"h3\">in cazul in care sositi pe patru roti&#8230;<\/span><br \/>\n<h2Orosh\u00e1za - Gyop\u00e1rosf\u00fcrd\u0151 este o destinatie de vacanta ideala pentru turistii care  sosesc cu masina, deoarece toate conditiile importante pentru turisti cu masina sunt asigurate: mobilitate in oras si in acelas timp parcare in siguranta.<\/h2>\n<p>Alaturi de siguranta, parcarea si paza automobilelor este gratuita. Majoritatea cazarilor ofera loc de parcare sigura si gratuita pentru oaspeti. Totodata peste tot in oras parcarea este gratuita, la intrarea bailor parcarea este cu plata, dar cateva sute de metri mai departe de la bai vom gasi locuri de parcare fara plata.<\/p>\n<p>Datorita faptului ca in imprejurimea orasului, intr-o zona de 50-60 km, se gasesc obiective turistice in toate directiile, masina este miclocul de transport ideal pentru deplasare rapida. Prin excursii de o zi sau chiar si de jumat de zi puteti sa vizitati principalele obiective. Puteti sa porniti in oricare directie si sigur ca veti gasi obiective turistice interesante.<\/p>\n<p>Prima excursie o puteti face la <a title=\"Szeged\" href=\"\/ro\/programok\/szeged\">Szeged<\/a>, oras cunoscut, care nu necesita multa prezentatie: orasul dispune de foarte multe si prestigioase valori architecturale si culturale. Cel mai mare teatru \u00een aer liber din \u0163ar\u0103 este g\u0103zduit de Pia\u0163a Domului, cu atmosfera sa magic\u0103 va ofera spectacole de neuitat. Parcul Zoologic din Szeged si-a castigat renumele datorita colectiei de animale deosebite. Din punct de vedere gastronomic incercati supa picanta de peste din Szeged, cu paprika locala si peste proaspata. E o mancare nationala.<\/p>\n<p>Daca o luati spre nord, ajungeti la <a title=\"Szarvas\" href=\"\/ro\/programok\/szarvas\">Szarvas<\/a>. Cele mai renumite atractii ale orasului sunt: arboretul, teatrul acvatic si alte valori din patrimoniul natinal. Puteti sa vizitati monumentul care reprezinta centrul geomatric al Ungariei istorice, inainte de Tratatul de la Trianon. Szarvas este atractiv nu numai din punct de vedere architectural, dar si gastronomic. Restaurantele locale Va ofera un mix ale traditiilor culinare slovace si maghiare.<\/p>\n<p>Daca luati drumul spre est veti ajunge la <a title=\"B\u00e9k\u00e9scsaba\" href=\"\/ro\/programok\/bekescsaba\">B\u00e9k\u00e9scsaba<\/a> si\u00a0 <a title=\"Gyula\" href=\"\/ro\/programok\/gyula\">Gyula<\/a>, doua destinatii atractive. B\u00e9k\u00e9scsaba, cu un centru complet renovat, are o atmosfera europea. Programe de neuitat Va ofera Teatrul J\u00f3kai si cinematograful. Nu uitati: B\u00e9k\u00e9scsaba este orasul carnatilor cele mai gustoaze din tara. <\/p>\n<p>Gyula este un oras istoric de 600 ani des frecventat de turisti. Printre obiective turistice mentionam castelul si strandul termal cu numeroase concerte, spectacole de teatru organizate la castel. Totodata Gyula este orasul natal al lui Ferenc Erkel, compozitorul imnului national si al lui Albert D\u00fcrer. Memoria lor este pastrat de case memoriale.<\/p>\n<h3>Galeria de foto<\/h3>\n\n<div class=\"ngg-galleryoverview\" id=\"ngg-gallery-47-26127\">\n\n\n\t\n\t<!-- Thumbnails -->\n\t\t\n\t<div id=\"ngg-image-388\" class=\"ngg-gallery-thumbnail-box\"  >\n\t\t<div class=\"ngg-gallery-thumbnail\" >\n\t\t\t<a href=\"https:\/\/gyoparosfurdo-oroshaza.hu\/wp-content\/gallery\/autoval\/autoval_01.jpg\" title=\"Gyop\u00e1rosf\u00fcrd\u0151 a Kil\u00e1t\u00f3toronnyal\" class=\"thickbox\" rel=\"set_47\" >\n\t\t\t\t\t\t\t\t<img title=\"Gyop\u00e1rosf\u00fcrd\u0151 a Kil\u00e1t\u00f3toronnyal\" alt=\"Gyop\u00e1rosf\u00fcrd\u0151 a Kil\u00e1t\u00f3toronnyal\" src=\"https:\/\/gyoparosfurdo-oroshaza.hu\/wp-content\/gallery\/autoval\/thumbs\/thumbs_autoval_01.jpg\" width=\"120\" height=\"95\" \/>\n\t\t\t\t\t\t\t<\/a>\n\t\t<\/div>\n\t<\/div>\n\t\n\t\t\n \t\t\n\t<div id=\"ngg-image-389\" class=\"ngg-gallery-thumbnail-box\"  >\n\t\t<div class=\"ngg-gallery-thumbnail\" >\n\t\t\t<a href=\"https:\/\/gyoparosfurdo-oroshaza.hu\/wp-content\/gallery\/autoval\/autoval_02.jpg\" title=\"A gyop\u00e1rosi \u00c9lm\u00e9nyf\u00fcrd\u0151 rossz id\u0151 eset\u00e9n is j\u00f3 v\u00e1laszt\u00e1s\" class=\"thickbox\" rel=\"set_47\" >\n\t\t\t\t\t\t\t\t<img title=\"A gyop\u00e1rosi \u00c9lm\u00e9nyf\u00fcrd\u0151 rossz id\u0151 eset\u00e9n is j\u00f3 v\u00e1laszt\u00e1s\" alt=\"A gyop\u00e1rosi \u00c9lm\u00e9nyf\u00fcrd\u0151 rossz id\u0151 eset\u00e9n is j\u00f3 v\u00e1laszt\u00e1s\" src=\"https:\/\/gyoparosfurdo-oroshaza.hu\/wp-content\/gallery\/autoval\/thumbs\/thumbs_autoval_02.jpg\" width=\"120\" height=\"95\" \/>\n\t\t\t\t\t\t\t<\/a>\n\t\t<\/div>\n\t<\/div>\n\t\n\t\t\n \t\t\n\t<div id=\"ngg-image-390\" class=\"ngg-gallery-thumbnail-box\"  >\n\t\t<div class=\"ngg-gallery-thumbnail\" >\n\t\t\t<a href=\"https:\/\/gyoparosfurdo-oroshaza.hu\/wp-content\/gallery\/autoval\/autoval_03.jpg\" title=\"Az \u00c9lm\u00e9nyf\u00fcrd\u0151 cs\u00faszdarendszere\" class=\"thickbox\" rel=\"set_47\" >\n\t\t\t\t\t\t\t\t<img title=\"Az \u00c9lm\u00e9nyf\u00fcrd\u0151 cs\u00faszdarendszere\" alt=\"Az \u00c9lm\u00e9nyf\u00fcrd\u0151 cs\u00faszdarendszere\" src=\"https:\/\/gyoparosfurdo-oroshaza.hu\/wp-content\/gallery\/autoval\/thumbs\/thumbs_autoval_03.jpg\" width=\"120\" height=\"95\" \/>\n\t\t\t\t\t\t\t<\/a>\n\t\t<\/div>\n\t<\/div>\n\t\n\t\t\n \t\t\n\t<div id=\"ngg-image-391\" class=\"ngg-gallery-thumbnail-box\"  >\n\t\t<div class=\"ngg-gallery-thumbnail\" >\n\t\t\t<a href=\"https:\/\/gyoparosfurdo-oroshaza.hu\/wp-content\/gallery\/autoval\/autoval_04.jpg\" title=\"A hatalmas z\u00f6ld gyop\u00e1rosi Parkf\u00fcrd\u0151\" class=\"thickbox\" rel=\"set_47\" >\n\t\t\t\t\t\t\t\t<img title=\"A hatalmas z\u00f6ld gyop\u00e1rosi Parkf\u00fcrd\u0151\" alt=\"A hatalmas z\u00f6ld gyop\u00e1rosi Parkf\u00fcrd\u0151\" src=\"https:\/\/gyoparosfurdo-oroshaza.hu\/wp-content\/gallery\/autoval\/thumbs\/thumbs_autoval_04.jpg\" width=\"120\" height=\"95\" \/>\n\t\t\t\t\t\t\t<\/a>\n\t\t<\/div>\n\t<\/div>\n\t\n\t\t\n \t\t\n\t<div id=\"ngg-image-392\" class=\"ngg-gallery-thumbnail-box\"  >\n\t\t<div class=\"ngg-gallery-thumbnail\" >\n\t\t\t<a href=\"https:\/\/gyoparosfurdo-oroshaza.hu\/wp-content\/gallery\/autoval\/autoval_05.jpg\" title=\"A kardosk\u00fati Feh\u00e9rt\u00f3n a val\u00f3di term\u00e9szet fogad\" class=\"thickbox\" rel=\"set_47\" >\n\t\t\t\t\t\t\t\t<img title=\"A kardosk\u00fati Feh\u00e9rt\u00f3n a val\u00f3di term\u00e9szet fogad\" alt=\"A kardosk\u00fati Feh\u00e9rt\u00f3n a val\u00f3di term\u00e9szet fogad\" src=\"https:\/\/gyoparosfurdo-oroshaza.hu\/wp-content\/gallery\/autoval\/thumbs\/thumbs_autoval_05.jpg\" width=\"120\" height=\"95\" \/>\n\t\t\t\t\t\t\t<\/a>\n\t\t<\/div>\n\t<\/div>\n\t\n\t\t\n \t\t\n\t<div id=\"ngg-image-393\" class=\"ngg-gallery-thumbnail-box\"  >\n\t\t<div class=\"ngg-gallery-thumbnail\" >\n\t\t\t<a href=\"https:\/\/gyoparosfurdo-oroshaza.hu\/wp-content\/gallery\/autoval\/autoval_06.jpg\" title=\"B\u00e9k\u00e9scsaba alig t\u00f6bb, mint f\u00e9l \u00f3ra keleti ir\u00e1nyban\" class=\"thickbox\" rel=\"set_47\" >\n\t\t\t\t\t\t\t\t<img title=\"B\u00e9k\u00e9scsaba alig t\u00f6bb, mint f\u00e9l \u00f3ra keleti ir\u00e1nyban\" alt=\"B\u00e9k\u00e9scsaba alig t\u00f6bb, mint f\u00e9l \u00f3ra keleti ir\u00e1nyban\" src=\"https:\/\/gyoparosfurdo-oroshaza.hu\/wp-content\/gallery\/autoval\/thumbs\/thumbs_autoval_06.jpg\" width=\"120\" height=\"95\" \/>\n\t\t\t\t\t\t\t<\/a>\n\t\t<\/div>\n\t<\/div>\n\t\n\t\t\n \t\t\n\t<div id=\"ngg-image-394\" class=\"ngg-gallery-thumbnail-box\"  >\n\t\t<div class=\"ngg-gallery-thumbnail\" >\n\t\t\t<a href=\"https:\/\/gyoparosfurdo-oroshaza.hu\/wp-content\/gallery\/autoval\/autoval_07.jpg\" title=\"Szeged 56 km nyugati ir\u00e1nyban\" class=\"thickbox\" rel=\"set_47\" >\n\t\t\t\t\t\t\t\t<img title=\"Szeged 56 km nyugati ir\u00e1nyban\" alt=\"Szeged 56 km nyugati ir\u00e1nyban\" src=\"https:\/\/gyoparosfurdo-oroshaza.hu\/wp-content\/gallery\/autoval\/thumbs\/thumbs_autoval_07.jpg\" width=\"120\" height=\"95\" \/>\n\t\t\t\t\t\t\t<\/a>\n\t\t<\/div>\n\t<\/div>\n\t\n\t\t\n \t\t\n\t<div id=\"ngg-image-395\" class=\"ngg-gallery-thumbnail-box\"  >\n\t\t<div class=\"ngg-gallery-thumbnail\" >\n\t\t\t<a href=\"https:\/\/gyoparosfurdo-oroshaza.hu\/wp-content\/gallery\/autoval\/autoval_08.jpg\" title=\"Szarvas \u00e9s a K\u0151r\u00f6s\u00f6k alig 40 km\" class=\"thickbox\" rel=\"set_47\" >\n\t\t\t\t\t\t\t\t<img title=\"Szarvas \u00e9s a K\u0151r\u00f6s\u00f6k alig 40 km\" alt=\"Szarvas \u00e9s a K\u0151r\u00f6s\u00f6k alig 40 km\" src=\"https:\/\/gyoparosfurdo-oroshaza.hu\/wp-content\/gallery\/autoval\/thumbs\/thumbs_autoval_08.jpg\" width=\"120\" height=\"95\" \/>\n\t\t\t\t\t\t\t<\/a>\n\t\t<\/div>\n\t<\/div>\n\t\n\t\t\n \t\t\n\t<div id=\"ngg-image-396\" class=\"ngg-gallery-thumbnail-box\"  >\n\t\t<div class=\"ngg-gallery-thumbnail\" >\n\t\t\t<a href=\"https:\/\/gyoparosfurdo-oroshaza.hu\/wp-content\/gallery\/autoval\/autoval_09.jpg\" title=\"B\u00e9k\u00e9scsab\u00e1t\u00f3l m\u00e1r nincs messze Gyula\" class=\"thickbox\" rel=\"set_47\" >\n\t\t\t\t\t\t\t\t<img title=\"B\u00e9k\u00e9scsab\u00e1t\u00f3l m\u00e1r nincs messze Gyula\" alt=\"B\u00e9k\u00e9scsab\u00e1t\u00f3l m\u00e1r nincs messze Gyula\" src=\"https:\/\/gyoparosfurdo-oroshaza.hu\/wp-content\/gallery\/autoval\/thumbs\/thumbs_autoval_09.jpg\" width=\"120\" height=\"95\" \/>\n\t\t\t\t\t\t\t<\/a>\n\t\t<\/div>\n\t<\/div>\n\t\n\t\t\n \t\t\n\t<div id=\"ngg-image-397\" class=\"ngg-gallery-thumbnail-box\"  >\n\t\t<div class=\"ngg-gallery-thumbnail\" >\n\t\t\t<a href=\"https:\/\/gyoparosfurdo-oroshaza.hu\/wp-content\/gallery\/autoval\/autoval_10.jpg\" title=\"De Szabadk\u00edgy\u00f3s sem\" class=\"thickbox\" rel=\"set_47\" >\n\t\t\t\t\t\t\t\t<img title=\"De Szabadk\u00edgy\u00f3s sem\" alt=\"De Szabadk\u00edgy\u00f3s sem\" src=\"https:\/\/gyoparosfurdo-oroshaza.hu\/wp-content\/gallery\/autoval\/thumbs\/thumbs_autoval_10.jpg\" width=\"120\" height=\"95\" \/>\n\t\t\t\t\t\t\t<\/a>\n\t\t<\/div>\n\t<\/div>\n\t\n\t\t\n \t\t\n\t<div id=\"ngg-image-398\" class=\"ngg-gallery-thumbnail-box\"  >\n\t\t<div class=\"ngg-gallery-thumbnail\" >\n\t\t\t<a href=\"https:\/\/gyoparosfurdo-oroshaza.hu\/wp-content\/gallery\/autoval\/autoval_11.jpg\" title=\"A k\u00f6zeli Mez\u0151hegyes a hazai l\u00f3teny\u00e9szt\u00e9s mekk\u00e1ja\" class=\"thickbox\" rel=\"set_47\" >\n\t\t\t\t\t\t\t\t<img title=\"A k\u00f6zeli Mez\u0151hegyes a hazai l\u00f3teny\u00e9szt\u00e9s mekk\u00e1ja\" alt=\"A k\u00f6zeli Mez\u0151hegyes a hazai l\u00f3teny\u00e9szt\u00e9s mekk\u00e1ja\" src=\"https:\/\/gyoparosfurdo-oroshaza.hu\/wp-content\/gallery\/autoval\/thumbs\/thumbs_autoval_11.jpg\" width=\"120\" height=\"95\" \/>\n\t\t\t\t\t\t\t<\/a>\n\t\t<\/div>\n\t<\/div>\n\t\n\t\t\n \t\t\n\t<div id=\"ngg-image-399\" class=\"ngg-gallery-thumbnail-box\"  >\n\t\t<div class=\"ngg-gallery-thumbnail\" >\n\t\t\t<a href=\"https:\/\/gyoparosfurdo-oroshaza.hu\/wp-content\/gallery\/autoval\/autoval_12.jpg\" title=\"Arad sincs messzebb 75 km-n\u00e9l\" class=\"thickbox\" rel=\"set_47\" >\n\t\t\t\t\t\t\t\t<img title=\"Arad sincs messzebb 75 km-n\u00e9l\" alt=\"Arad sincs messzebb 75 km-n\u00e9l\" src=\"https:\/\/gyoparosfurdo-oroshaza.hu\/wp-content\/gallery\/autoval\/thumbs\/thumbs_autoval_12.jpg\" width=\"120\" height=\"95\" \/>\n\t\t\t\t\t\t\t<\/a>\n\t\t<\/div>\n\t<\/div>\n\t\n\t\t\n \t \t\n\t<!-- Pagination -->\n \t<div class='ngg-clear'><\/div>\n \t\n<\/div>\n\n\n<\/div>\n","protected":false},"excerpt":{"rendered":"<p>in cazul in care sositi pe patru roti&#8230;<\/p>\n","protected":false},"author":6,"featured_media":0,"parent":26027,"menu_order":0,"comment_status":"closed","ping_status":"closed","template":"","meta":[],"_links":{"self":[{"href":"https:\/\/gyoparosfurdo-oroshaza.hu\/ro\/wp-json\/wp\/v2\/pages\/26127"}],"collection":[{"href":"https:\/\/gyoparosfurdo-oroshaza.hu\/ro\/wp-json\/wp\/v2\/pages"}],"about":[{"href":"https:\/\/gyoparosfurdo-oroshaza.hu\/ro\/wp-json\/wp\/v2\/types\/page"}],"author":[{"embeddable":true,"href":"https:\/\/gyoparosfurdo-oroshaza.hu\/ro\/wp-json\/wp\/v2\/users\/6"}],"replies":[{"embeddable":true,"href":"https:\/\/gyoparosfurdo-oroshaza.hu\/ro\/wp-json\/wp\/v2\/comments?post=26127"}],"version-history":[{"count":0,"href":"https:\/\/gyoparosfurdo-oroshaza.hu\/ro\/wp-json\/wp\/v2\/pages\/26127\/revisions"}],"up":[{"embeddable":true,"href":"https:\/\/gyoparosfurdo-oroshaza.hu\/ro\/wp-json\/wp\/v2\/pages\/26027"}],"wp:attachment":[{"href":"https:\/\/gyoparosfurdo-oroshaza.hu\/ro\/wp-json\/wp\/v2\/media?parent=26127"}],"curies":[{"name":"wp","href":"https:\/\/api.w.org\/{rel}","templated":true}]}}