{"id":26123,"date":"2012-04-13T12:16:11","date_gmt":"2012-04-13T10:16:11","guid":{"rendered":"https:\/\/gyoparosfurdo-oroshaza.hu\/in-timp-de-iarna"},"modified":"2012-04-13T12:16:11","modified_gmt":"2012-04-13T11:16:11","slug":"in-timp-de-iarna","status":"publish","type":"page","link":"https:\/\/gyoparosfurdo-oroshaza.hu\/ro\/programe\/in-timp-de-iarna","title":{"rendered":"In timp de iarna"},"content":{"rendered":"<div class=\"topten_grid_container topten_page\"><div class=\"topten_grid_item\"><span class=\"h3\">Programe Top<\/span><a href=\"\/ro\/programe\/pentru-o-singura-saptamana\" class=\"topten_pentru-o-singura-saptamana first\">Saptamana &raquo;<\/a><a href=\"\/ro\/programe\/pentru-pescatori\" class=\"topten_pentru-pescatori\">Pentru pescatori  &raquo;<\/a><a href=\"\/ro\/programe\/pentru-fotografi\" class=\"topten_pentru-fotografi first\">Pentru fotografi &raquo;<\/a><a href=\"\/ro\/programe\/in-timp-de-iarna\" class=\"topten_in-timp-de-iarna active\">In timp de iarna  &raquo;<\/a><a href=\"\/ro\/programe\/pentru-familii\" class=\"topten_pentru-familii first\">Pentru familii &raquo;<\/a><a href=\"\/ro\/programe\/pentru-cupluri\" class=\"topten_pentru-cupluri\">Pentru cupluri &raquo;<\/a><a href=\"\/ro\/programe\/pentru-o-singura-zi\" class=\"topten_pentru-o-singura-zi first\">O singura zi &raquo;<\/a><a href=\"\/ro\/programe\/pentru-biciclisti\" class=\"topten_pentru-biciclisti\">Pentru biciclisti &raquo;<\/a><a href=\"\/ro\/programe\/programe-pentru-un-week-end\" class=\"topten_programe-pentru-un-week-end first\">Un week-end &raquo;<\/a><a href=\"\/ro\/programe\/in-timp-de-vara\" class=\"topten_in-timp-de-vara\">In timp de vara &raquo;<\/a><a href=\"\/ro\/programe\/tineri\" class=\"topten_tineri first\">Pentru tineri &raquo;<\/a><a href=\"\/ro\/programe\/pentru-amatori-de-sport\" class=\"topten_pentru-amatori-de-sport\">Amatori de sport &raquo;<\/a><a href=\"\/ro\/programe\/cu-masina\" class=\"topten_cu-masina first\">Cu masina &raquo;<\/a><a href=\"\/ro\/programe\/pentru-amatori-de-cultura\" class=\"topten_pentru-amatori-de-cultura\">Amatori de cultura &raquo;<\/a><\/div><a href=\"https:\/\/gyoparosfurdo-oroshaza.hu\/ro\/programok\/elmenyfurdozes-gyoparoson\" title=\"Distractie in Baile Gyop\u00e1ros\" class=\"topten_grid_item\"><span class=\"number\">1<\/span><img width=\"290\" height=\"230\" src=\"https:\/\/gyoparosfurdo-oroshaza.hu\/wp-content\/uploads\/2012\/04\/elmenyfurdo_kiemelt.jpg\" class=\"lazyload wp-post-image\" alt=\"\" loading=\"lazy\" \/><span class=\"title\">Distractie in Baile Gyop\u00e1ros<\/span><span class=\"text\">Complexul, cu o suprafata totala mai mult de sase mii de metri patrati si cu o vasta gama de elemente acvatice Va ofera distractie placuta, un program.<\/span><\/a><a href=\"https:\/\/gyoparosfurdo-oroshaza.hu\/ro\/programok\/wellness-es-kenyeztetes\" title=\"Rasfatare si wellness\" class=\"topten_grid_item\"><span class=\"number\">2<\/span><img width=\"290\" height=\"230\" src=\"https:\/\/gyoparosfurdo-oroshaza.hu\/wp-content\/uploads\/2012\/05\/3_Wellness.jpg\" class=\"lazyload wp-post-image\" alt=\"\" loading=\"lazy\" \/><span class=\"title\">Rasfatare si wellness<\/span><span class=\"text\">R\u0103sf\u0103\u0163area pentru om este ca \u015fi o atingere romantic\u0103 pe care o pute\u0163i primi la Gyop\u00e1rosf\u00fcrd\u0151.<\/span><\/a><a href=\"https:\/\/gyoparosfurdo-oroshaza.hu\/ro\/programok\/ejszakai-furdozes\" title=\"Baie nocturn\u0103 la B\u0103ile Gyop\u00e1ros\" class=\"topten_grid_item\"><span class=\"number\">3<\/span><img width=\"290\" height=\"230\" src=\"https:\/\/gyoparosfurdo-oroshaza.hu\/wp-content\/uploads\/2012\/04\/4_Ejszakai_furdozes.jpg\" class=\"lazyload wp-post-image\" alt=\"\" loading=\"lazy\" \/><span class=\"title\">Baie nocturn\u0103 la B\u0103ile Gyop\u00e1ros<\/span><span class=\"text\">V-ati intrebat vreo data ce poate fi mai romantic decat o baie nocturna la Baile Gyop\u00e1ros?<\/span><\/a><a href=\"https:\/\/gyoparosfurdo-oroshaza.hu\/ro\/programok\/a-puszta-telen\" title=\"Campie Maghiara iarna\" class=\"topten_grid_item\"><span class=\"number\">4<\/span><img width=\"290\" height=\"230\" src=\"https:\/\/gyoparosfurdo-oroshaza.hu\/wp-content\/uploads\/2012\/04\/A_puszta_telen.jpg\" class=\"lazyload wp-post-image\" alt=\"\" loading=\"lazy\" \/><span class=\"title\">Campie Maghiara iarna<\/span><span class=\"text\">Campia ungara atrage tot mai multi turisti nu numai in timp de vara cu canicule de peste 34-36 grade Celsius dar si in timp de iarna.<\/span><\/a><a href=\"https:\/\/gyoparosfurdo-oroshaza.hu\/ro\/programok\/fallabda-tenisz\" title=\"Tenis\" class=\"topten_grid_item\"><span class=\"number\">5<\/span><img width=\"290\" height=\"230\" src=\"https:\/\/gyoparosfurdo-oroshaza.hu\/wp-content\/uploads\/2012\/04\/10_Tenisz_fallabda.jpg\" class=\"lazyload wp-post-image\" alt=\"\" loading=\"lazy\" \/><span class=\"title\">Tenis<\/span><span class=\"text\">In cazul in care sunteti jucator de tenis nu trebuie sa lasati acasa rachetele de tenis.<\/span><\/a><div class=\"clear\"><\/div><\/div>\n<div class=\"W560\">\n<h2>Orosh\u00e1za-Gyop\u00e1ros Va asteapta si in timp de iarna<\/h2>\n<p>Strandul, baile termale si de agrement din Gyop\u00e1ros este deschis in fiecare zi a anului, deci ave\u0163i ocazia de a Va  organiza  diferite programe chiar si in timp de iarna la Craciuni sau Revelion.<\/p>\n<p>Desi Campia nu Va poate oferi posibilitatea de a schia, totusi Va ofera numeroase programe in Orosh\u00e1za si imprejurimi. Frumusetea peisajul de iarna pe Campie este pictoreasca asa cum multi poeti maghiari au incercat sa o descrie, peisajul alb pana la infinit. O plimbare in timp de iarna in parcul din Gyop\u00e1ros sau patinatul pe lacul inghetat este experienta unica.<\/p>\n<p>Bineanteles si Baile Va ofera experiente de neuitat: de exemplu sauna prezinta numeroase efecte pozitive pentru organism, mai ales in timp de iarna. Detoxifica intens corpul, sporeste imunitatea. Totodata ajuta regenerarea vaselor de sange datorita faptului ca in aerul uscat si fierbinte bacteriile si virusurile se distrug. Beneficiati de aceste efecte miraculoase deasupra organismului uman al aburilor.<\/p>\n<p>Pe teritoriul complexului aveti posibilitatea de a folosi internet gratuita prin cablu si wireless, va puteti conecta usor prin telefon, tablet sau prin laptop pentru a impartasi experientele cele mai noi familiei, prietenilor sau cunostintelor dupa un wellness placut.<\/p>\n<p>Salile de fitness din orasul nostru sunt deschise si in timp de iarna, dar alaturi de antrenamente va puteti relaxa la unul dintre restaurante sau la instituturile culturale din Orosh\u00e1za. Sunt spectacole de teatru, concerte muzicale sau chiar spectacole sustinuti de  artisti locali sau copii.<\/p>\n<h3>Galeria de foto<\/h3>\n\n<div class=\"ngg-galleryoverview\" id=\"ngg-gallery-25-26123\">\n\n\n\t\n\t<!-- Thumbnails -->\n\t\t\n\t<div id=\"ngg-image-1519\" class=\"ngg-gallery-thumbnail-box\"  >\n\t\t<div class=\"ngg-gallery-thumbnail\" >\n\t\t\t<a href=\"https:\/\/gyoparosfurdo-oroshaza.hu\/wp-content\/gallery\/telen\/gyoparos-tel-2018-03.jpg\" title=\"Gyop\u00e1rosf\u00fcrd\u0151 t\u00e9len\" class=\"thickbox\" rel=\"set_25\" >\n\t\t\t\t\t\t\t\t<img title=\"Gyop\u00e1rosf\u00fcrd\u0151 t\u00e9len\" alt=\"Gyop\u00e1rosf\u00fcrd\u0151 t\u00e9len\" src=\"https:\/\/gyoparosfurdo-oroshaza.hu\/wp-content\/gallery\/telen\/thumbs\/thumbs_gyoparos-tel-2018-03.jpg\" width=\"120\" height=\"95\" \/>\n\t\t\t\t\t\t\t<\/a>\n\t\t<\/div>\n\t<\/div>\n\t\n\t\t\n \t\t\n\t<div id=\"ngg-image-999\" class=\"ngg-gallery-thumbnail-box\"  >\n\t\t<div class=\"ngg-gallery-thumbnail\" >\n\t\t\t<a href=\"https:\/\/gyoparosfurdo-oroshaza.hu\/wp-content\/gallery\/telen\/elmenyfurdo_napsutes.jpg\" title=\"\u00c9lm\u00e9nyf\u00fcrd\u0151z\u00e9s t\u00e9len\" class=\"thickbox\" rel=\"set_25\" >\n\t\t\t\t\t\t\t\t<img title=\"\u00c9lm\u00e9nyf\u00fcrd\u0151z\u00e9s t\u00e9len\" alt=\"\u00c9lm\u00e9nyf\u00fcrd\u0151z\u00e9s t\u00e9len\" src=\"https:\/\/gyoparosfurdo-oroshaza.hu\/wp-content\/gallery\/telen\/thumbs\/thumbs_elmenyfurdo_napsutes.jpg\" width=\"120\" height=\"95\" \/>\n\t\t\t\t\t\t\t<\/a>\n\t\t<\/div>\n\t<\/div>\n\t\n\t\t\n \t\t\n\t<div id=\"ngg-image-1000\" class=\"ngg-gallery-thumbnail-box\"  >\n\t\t<div class=\"ngg-gallery-thumbnail\" >\n\t\t\t<a href=\"https:\/\/gyoparosfurdo-oroshaza.hu\/wp-content\/gallery\/telen\/gyoparosfurdo-szauna-2.jpg\" title=\"A meg\u00fajult szaunapark\" class=\"thickbox\" rel=\"set_25\" >\n\t\t\t\t\t\t\t\t<img title=\"A meg\u00fajult szaunapark\" alt=\"A meg\u00fajult szaunapark\" src=\"https:\/\/gyoparosfurdo-oroshaza.hu\/wp-content\/gallery\/telen\/thumbs\/thumbs_gyoparosfurdo-szauna-2.jpg\" width=\"120\" height=\"95\" \/>\n\t\t\t\t\t\t\t<\/a>\n\t\t<\/div>\n\t<\/div>\n\t\n\t\t\n \t\t\n\t<div id=\"ngg-image-1002\" class=\"ngg-gallery-thumbnail-box\"  >\n\t\t<div class=\"ngg-gallery-thumbnail\" >\n\t\t\t<a href=\"https:\/\/gyoparosfurdo-oroshaza.hu\/wp-content\/gallery\/telen\/gyoparosfurdo-szauna-5.jpg\" title=\"A meg\u00fajult szaunapark\" class=\"thickbox\" rel=\"set_25\" >\n\t\t\t\t\t\t\t\t<img title=\"A meg\u00fajult szaunapark\" alt=\"A meg\u00fajult szaunapark\" src=\"https:\/\/gyoparosfurdo-oroshaza.hu\/wp-content\/gallery\/telen\/thumbs\/thumbs_gyoparosfurdo-szauna-5.jpg\" width=\"120\" height=\"95\" \/>\n\t\t\t\t\t\t\t<\/a>\n\t\t<\/div>\n\t<\/div>\n\t\n\t\t\n \t\t\n\t<div id=\"ngg-image-1001\" class=\"ngg-gallery-thumbnail-box\"  >\n\t\t<div class=\"ngg-gallery-thumbnail\" >\n\t\t\t<a href=\"https:\/\/gyoparosfurdo-oroshaza.hu\/wp-content\/gallery\/telen\/gyoparosfurdo-szauna-3.jpg\" title=\"Szaunasze\u00e1nszok\" class=\"thickbox\" rel=\"set_25\" >\n\t\t\t\t\t\t\t\t<img title=\"Szaunasze\u00e1nszok\" alt=\"Szaunasze\u00e1nszok\" src=\"https:\/\/gyoparosfurdo-oroshaza.hu\/wp-content\/gallery\/telen\/thumbs\/thumbs_gyoparosfurdo-szauna-3.jpg\" width=\"120\" height=\"95\" \/>\n\t\t\t\t\t\t\t<\/a>\n\t\t<\/div>\n\t<\/div>\n\t\n\t\t\n \t\t\n\t<div id=\"ngg-image-1279\" class=\"ngg-gallery-thumbnail-box\"  >\n\t\t<div class=\"ngg-gallery-thumbnail\" >\n\t\t\t<a href=\"https:\/\/gyoparosfurdo-oroshaza.hu\/wp-content\/gallery\/telen\/tel1.jpg\" title=\"Wellness t\u00e9len\" class=\"thickbox\" rel=\"set_25\" >\n\t\t\t\t\t\t\t\t<img title=\"Wellness t\u00e9len\" alt=\"Wellness t\u00e9len\" src=\"https:\/\/gyoparosfurdo-oroshaza.hu\/wp-content\/gallery\/telen\/thumbs\/thumbs_tel1.jpg\" width=\"120\" height=\"95\" \/>\n\t\t\t\t\t\t\t<\/a>\n\t\t<\/div>\n\t<\/div>\n\t\n\t\t\n \t\t\n\t<div id=\"ngg-image-1282\" class=\"ngg-gallery-thumbnail-box\"  >\n\t\t<div class=\"ngg-gallery-thumbnail\" >\n\t\t\t<a href=\"https:\/\/gyoparosfurdo-oroshaza.hu\/wp-content\/gallery\/telen\/tel4.jpg\" title=\"Wellness t\u00e9len\" class=\"thickbox\" rel=\"set_25\" >\n\t\t\t\t\t\t\t\t<img title=\"Wellness t\u00e9len\" alt=\"Wellness t\u00e9len\" src=\"https:\/\/gyoparosfurdo-oroshaza.hu\/wp-content\/gallery\/telen\/thumbs\/thumbs_tel4.jpg\" width=\"120\" height=\"95\" \/>\n\t\t\t\t\t\t\t<\/a>\n\t\t<\/div>\n\t<\/div>\n\t\n\t\t\n \t\t\n\t<div id=\"ngg-image-1517\" class=\"ngg-gallery-thumbnail-box\"  >\n\t\t<div class=\"ngg-gallery-thumbnail\" >\n\t\t\t<a href=\"https:\/\/gyoparosfurdo-oroshaza.hu\/wp-content\/gallery\/telen\/gyoparos-tel-2018-01.jpg\" title=\"\u00c9lm\u00e9nyf\u00fcrd\u0151 k\u00fclt\u00e9ri medenc\u00e9k\" class=\"thickbox\" rel=\"set_25\" >\n\t\t\t\t\t\t\t\t<img title=\"\u00c9lm\u00e9nyf\u00fcrd\u0151 k\u00fclt\u00e9ri medenc\u00e9k\" alt=\"\u00c9lm\u00e9nyf\u00fcrd\u0151 k\u00fclt\u00e9ri medenc\u00e9k\" src=\"https:\/\/gyoparosfurdo-oroshaza.hu\/wp-content\/gallery\/telen\/thumbs\/thumbs_gyoparos-tel-2018-01.jpg\" width=\"120\" height=\"95\" \/>\n\t\t\t\t\t\t\t<\/a>\n\t\t<\/div>\n\t<\/div>\n\t\n\t\t\n \t\t\n\t<div id=\"ngg-image-1518\" class=\"ngg-gallery-thumbnail-box\"  >\n\t\t<div class=\"ngg-gallery-thumbnail\" >\n\t\t\t<a href=\"https:\/\/gyoparosfurdo-oroshaza.hu\/wp-content\/gallery\/telen\/gyoparos-tel-2018-02.jpg\" title=\"Melegv\u00edzes gy\u00f3gymedence\" class=\"thickbox\" rel=\"set_25\" >\n\t\t\t\t\t\t\t\t<img title=\"Melegv\u00edzes gy\u00f3gymedence\" alt=\"Melegv\u00edzes gy\u00f3gymedence\" src=\"https:\/\/gyoparosfurdo-oroshaza.hu\/wp-content\/gallery\/telen\/thumbs\/thumbs_gyoparos-tel-2018-02.jpg\" width=\"120\" height=\"95\" \/>\n\t\t\t\t\t\t\t<\/a>\n\t\t<\/div>\n\t<\/div>\n\t\n\t\t\n \t\t\n\t<div id=\"ngg-image-193\" class=\"ngg-gallery-thumbnail-box\"  >\n\t\t<div class=\"ngg-gallery-thumbnail\" >\n\t\t\t<a href=\"https:\/\/gyoparosfurdo-oroshaza.hu\/wp-content\/gallery\/telen\/telen_1.jpg\" title=\"T\u00e9li sz\u00e1nk\u00f3z\u00e1s a befagyott Gyop\u00e1rosi tavon\" class=\"thickbox\" rel=\"set_25\" >\n\t\t\t\t\t\t\t\t<img title=\"T\u00e9li sz\u00e1nk\u00f3z\u00e1s a befagyott Gyop\u00e1rosi tavon\" alt=\"T\u00e9li sz\u00e1nk\u00f3z\u00e1s a befagyott Gyop\u00e1rosi tavon\" src=\"https:\/\/gyoparosfurdo-oroshaza.hu\/wp-content\/gallery\/telen\/thumbs\/thumbs_telen_1.jpg\" width=\"120\" height=\"95\" \/>\n\t\t\t\t\t\t\t<\/a>\n\t\t<\/div>\n\t<\/div>\n\t\n\t\t\n \t\t\n\t<div id=\"ngg-image-194\" class=\"ngg-gallery-thumbnail-box\"  >\n\t\t<div class=\"ngg-gallery-thumbnail\" >\n\t\t\t<a href=\"https:\/\/gyoparosfurdo-oroshaza.hu\/wp-content\/gallery\/telen\/telen_2.jpg\" title=\"Korcsolyap\u00e1lya a t\u00e9li tavon\" class=\"thickbox\" rel=\"set_25\" >\n\t\t\t\t\t\t\t\t<img title=\"Korcsolyap\u00e1lya a t\u00e9li tavon\" alt=\"Korcsolyap\u00e1lya a t\u00e9li tavon\" src=\"https:\/\/gyoparosfurdo-oroshaza.hu\/wp-content\/gallery\/telen\/thumbs\/thumbs_telen_2.jpg\" width=\"120\" height=\"95\" \/>\n\t\t\t\t\t\t\t<\/a>\n\t\t<\/div>\n\t<\/div>\n\t\n\t\t\n \t\t\n\t<div id=\"ngg-image-196\" class=\"ngg-gallery-thumbnail-box\"  >\n\t\t<div class=\"ngg-gallery-thumbnail\" >\n\t\t\t<a href=\"https:\/\/gyoparosfurdo-oroshaza.hu\/wp-content\/gallery\/telen\/telen_4.jpg\" title=\"A gyop\u00e1rosi f\u00fcrd\u0151 \u00e9p\u00fclete t\u00e9li d\u00edszkivil\u00e1g\u00edt\u00e1ssal\" class=\"thickbox\" rel=\"set_25\" >\n\t\t\t\t\t\t\t\t<img title=\"A gyop\u00e1rosi f\u00fcrd\u0151 \u00e9p\u00fclete t\u00e9li d\u00edszkivil\u00e1g\u00edt\u00e1ssal\" alt=\"A gyop\u00e1rosi f\u00fcrd\u0151 \u00e9p\u00fclete t\u00e9li d\u00edszkivil\u00e1g\u00edt\u00e1ssal\" src=\"https:\/\/gyoparosfurdo-oroshaza.hu\/wp-content\/gallery\/telen\/thumbs\/thumbs_telen_4.jpg\" width=\"120\" height=\"95\" \/>\n\t\t\t\t\t\t\t<\/a>\n\t\t<\/div>\n\t<\/div>\n\t\n\t\t\n \t \t\n\t<!-- Pagination -->\n \t<div class='ngg-clear'><\/div>\n \t\n<\/div>\n\n<\/div>\n","protected":false},"excerpt":{"rendered":"<p>Orosh\u00e1za-Gyop\u00e1ros Va asteapta si in timp de iarna Strandul, baile termale si de agrement din Gyop\u00e1ros este deschis in fiecare zi a anului, deci ave\u0163i ocazia de a Va organiza diferite programe chiar si in timp de iarna la Craciuni &hellip; <a href=\"https:\/\/gyoparosfurdo-oroshaza.hu\/ro\/programe\/in-timp-de-iarna\">Folytat\u00e1s <span class=\"meta-nav\">&rarr;<\/span><\/a><\/p>\n","protected":false},"author":6,"featured_media":0,"parent":26027,"menu_order":0,"comment_status":"closed","ping_status":"closed","template":"","meta":[],"_links":{"self":[{"href":"https:\/\/gyoparosfurdo-oroshaza.hu\/ro\/wp-json\/wp\/v2\/pages\/26123"}],"collection":[{"href":"https:\/\/gyoparosfurdo-oroshaza.hu\/ro\/wp-json\/wp\/v2\/pages"}],"about":[{"href":"https:\/\/gyoparosfurdo-oroshaza.hu\/ro\/wp-json\/wp\/v2\/types\/page"}],"author":[{"embeddable":true,"href":"https:\/\/gyoparosfurdo-oroshaza.hu\/ro\/wp-json\/wp\/v2\/users\/6"}],"replies":[{"embeddable":true,"href":"https:\/\/gyoparosfurdo-oroshaza.hu\/ro\/wp-json\/wp\/v2\/comments?post=26123"}],"version-history":[{"count":0,"href":"https:\/\/gyoparosfurdo-oroshaza.hu\/ro\/wp-json\/wp\/v2\/pages\/26123\/revisions"}],"up":[{"embeddable":true,"href":"https:\/\/gyoparosfurdo-oroshaza.hu\/ro\/wp-json\/wp\/v2\/pages\/26027"}],"wp:attachment":[{"href":"https:\/\/gyoparosfurdo-oroshaza.hu\/ro\/wp-json\/wp\/v2\/media?parent=26123"}],"curies":[{"name":"wp","href":"https:\/\/api.w.org\/{rel}","templated":true}]}}