{"id":26110,"date":"2012-04-13T12:15:49","date_gmt":"2012-04-13T10:15:49","guid":{"rendered":"https:\/\/gyoparosfurdo-oroshaza.hu\/pentru-amatori-de-sport"},"modified":"2012-04-13T12:15:49","modified_gmt":"2012-04-13T11:15:49","slug":"pentru-amatori-de-sport","status":"publish","type":"page","link":"https:\/\/gyoparosfurdo-oroshaza.hu\/ro\/programe\/pentru-amatori-de-sport","title":{"rendered":"Pentru amatori de sport"},"content":{"rendered":"<div class=\"topten_grid_container topten_page\"><div class=\"topten_grid_item\"><span class=\"h3\">Programe Top<\/span><a href=\"\/ro\/programe\/tineri\" class=\"topten_tineri first\">Pentru tineri &raquo;<\/a><a href=\"\/ro\/programe\/pentru-amatori-de-sport\" class=\"topten_pentru-amatori-de-sport active\">Amatori de sport &raquo;<\/a><a href=\"\/ro\/programe\/cu-masina\" class=\"topten_cu-masina first\">Cu masina &raquo;<\/a><a href=\"\/ro\/programe\/pentru-amatori-de-cultura\" class=\"topten_pentru-amatori-de-cultura\">Amatori de cultura &raquo;<\/a><a href=\"\/ro\/programe\/pentru-o-singura-saptamana\" class=\"topten_pentru-o-singura-saptamana first\">Saptamana &raquo;<\/a><a href=\"\/ro\/programe\/pentru-pescatori\" class=\"topten_pentru-pescatori\">Pentru pescatori  &raquo;<\/a><a href=\"\/ro\/programe\/pentru-fotografi\" class=\"topten_pentru-fotografi first\">Pentru fotografi &raquo;<\/a><a href=\"\/ro\/programe\/in-timp-de-iarna\" class=\"topten_in-timp-de-iarna\">In timp de iarna  &raquo;<\/a><a href=\"\/ro\/programe\/pentru-familii\" class=\"topten_pentru-familii first\">Pentru familii &raquo;<\/a><a href=\"\/ro\/programe\/pentru-cupluri\" class=\"topten_pentru-cupluri\">Pentru cupluri &raquo;<\/a><a href=\"\/ro\/programe\/pentru-o-singura-zi\" class=\"topten_pentru-o-singura-zi first\">O singura zi &raquo;<\/a><a href=\"\/ro\/programe\/pentru-biciclisti\" class=\"topten_pentru-biciclisti\">Pentru biciclisti &raquo;<\/a><a href=\"\/ro\/programe\/programe-pentru-un-week-end\" class=\"topten_programe-pentru-un-week-end first\">Un week-end &raquo;<\/a><a href=\"\/ro\/programe\/in-timp-de-vara\" class=\"topten_in-timp-de-vara\">In timp de vara &raquo;<\/a><\/div><a href=\"https:\/\/gyoparosfurdo-oroshaza.hu\/ro\/programok\/futas-a-gyoparosi-to-korul\" title=\"Jogging in jurul lacului\" class=\"topten_grid_item\"><span class=\"number\">1<\/span><img width=\"290\" height=\"230\" src=\"https:\/\/gyoparosfurdo-oroshaza.hu\/wp-content\/uploads\/2012\/04\/Futas_a_to_korul.jpg\" class=\"lazyload wp-post-image\" alt=\"\" loading=\"lazy\" \/><span class=\"title\">Jogging in jurul lacului<\/span><span class=\"text\">Conceptul de viata sanatoasa include un pic de miscare atat pe timp de vara cat si pe timp de iarna.<\/span><\/a><a href=\"https:\/\/gyoparosfurdo-oroshaza.hu\/ro\/programok\/elmenyfurdozes-gyoparoson\" title=\"Distractie in Baile Gyop\u00e1ros\" class=\"topten_grid_item\"><span class=\"number\">2<\/span><img width=\"290\" height=\"230\" src=\"https:\/\/gyoparosfurdo-oroshaza.hu\/wp-content\/uploads\/2012\/04\/elmenyfurdo_kiemelt.jpg\" class=\"lazyload wp-post-image\" alt=\"\" loading=\"lazy\" \/><span class=\"title\">Distractie in Baile Gyop\u00e1ros<\/span><span class=\"text\">Complexul, cu o suprafata totala mai mult de sase mii de metri patrati si cu o vasta gama de elemente acvatice Va ofera distractie placuta, un program.<\/span><\/a><a href=\"https:\/\/gyoparosfurdo-oroshaza.hu\/ro\/programok\/strandolas-gyoparosfurdon\" title=\"Sc\u0103ldat \u00een Gyop\u00e1rosf\u00fcrd\u0151\" class=\"topten_grid_item\"><span class=\"number\">3<\/span><img width=\"290\" height=\"230\" src=\"https:\/\/gyoparosfurdo-oroshaza.hu\/wp-content\/uploads\/2012\/04\/Strandol\u00e1s_gyoparosfurdon.jpg\" class=\"lazyload wp-post-image\" alt=\"\" loading=\"lazy\" \/><span class=\"title\">Sc\u0103ldat \u00een Gyop\u00e1rosf\u00fcrd\u0151<\/span><span class=\"text\">Balaceala dupa o zi placuta, senzatia racoritoare a apei, jocuri cu mingea in apa cristalina si placuta.<\/span><\/a><a href=\"https:\/\/gyoparosfurdo-oroshaza.hu\/ro\/programok\/ejszakai-furdozes\" title=\"Baie nocturn\u0103 la B\u0103ile Gyop\u00e1ros\" class=\"topten_grid_item\"><span class=\"number\">4<\/span><img width=\"290\" height=\"230\" src=\"https:\/\/gyoparosfurdo-oroshaza.hu\/wp-content\/uploads\/2012\/04\/4_Ejszakai_furdozes.jpg\" class=\"lazyload wp-post-image\" alt=\"\" loading=\"lazy\" \/><span class=\"title\">Baie nocturn\u0103 la B\u0103ile Gyop\u00e1ros<\/span><span class=\"text\">V-ati intrebat vreo data ce poate fi mai romantic decat o baie nocturna la Baile Gyop\u00e1ros?<\/span><\/a><a href=\"https:\/\/gyoparosfurdo-oroshaza.hu\/ro\/programok\/horgasztavak\" title=\"Lacuri de pescuit\" class=\"topten_grid_item\"><span class=\"number\">5<\/span><img width=\"290\" height=\"230\" src=\"https:\/\/gyoparosfurdo-oroshaza.hu\/wp-content\/uploads\/2012\/04\/Horgasztavak.jpg\" class=\"lazyload wp-post-image\" alt=\"\" loading=\"lazy\" \/><span class=\"title\">Lacuri de pescuit<\/span><span class=\"text\">Spre bucuria pestilor si al pescarilor judetul B\u00e9k\u00e9s este foarte bogat in ape populate cu peste.<\/span><\/a><a href=\"https:\/\/gyoparosfurdo-oroshaza.hu\/ro\/programok\/bowling\" title=\"Bowling\" class=\"topten_grid_item\"><span class=\"number\">6<\/span><img width=\"290\" height=\"230\" src=\"https:\/\/gyoparosfurdo-oroshaza.hu\/wp-content\/uploads\/2012\/05\/11_Bowling.jpg\" class=\"lazyload wp-post-image\" alt=\"\" loading=\"lazy\" \/><span class=\"title\">Bowling<\/span><span class=\"text\">Iubitorii jocului bowling au posibilitate de practicare a sportului si la Orosh\u00e1za, deoarece piste pot fi gasite si la Gyop\u00e1rosf\u00fcrd\u0151.<\/span><\/a><a href=\"https:\/\/gyoparosfurdo-oroshaza.hu\/ro\/programok\/fallabda-tenisz\" title=\"Tenis\" class=\"topten_grid_item\"><span class=\"number\">7<\/span><img width=\"290\" height=\"230\" src=\"https:\/\/gyoparosfurdo-oroshaza.hu\/wp-content\/uploads\/2012\/04\/10_Tenisz_fallabda.jpg\" class=\"lazyload wp-post-image\" alt=\"\" loading=\"lazy\" \/><span class=\"title\">Tenis<\/span><span class=\"text\">In cazul in care sunteti jucator de tenis nu trebuie sa lasati acasa rachetele de tenis.<\/span><\/a><a href=\"https:\/\/gyoparosfurdo-oroshaza.hu\/ro\/programok\/lovassportok\" title=\"Echita\u021bie\" class=\"topten_grid_item\"><span class=\"number\">8<\/span><img width=\"290\" height=\"230\" src=\"https:\/\/gyoparosfurdo-oroshaza.hu\/wp-content\/uploads\/2012\/04\/Lovassportok.jpg\" class=\"lazyload wp-post-image\" alt=\"\" loading=\"lazy\" \/><span class=\"title\">Echita\u021bie<\/span><span class=\"text\">Orosh\u00e1za este centrul vietii de echitatie din zona Campiei din mai multe puncte de vedere.<\/span><\/a><a href=\"https:\/\/gyoparosfurdo-oroshaza.hu\/ro\/programok\/vadaszat\" title=\"Vanatori\" class=\"topten_grid_item\"><span class=\"number\">9<\/span><img width=\"290\" height=\"230\" src=\"https:\/\/gyoparosfurdo-oroshaza.hu\/wp-content\/uploads\/2012\/05\/vadaszat.jpg\" class=\"lazyload wp-post-image\" alt=\"\" loading=\"lazy\" \/><span class=\"title\">Vanatori<\/span><span class=\"text\">Terenuri de vanatoare atractive.<\/span><\/a><a href=\"https:\/\/gyoparosfurdo-oroshaza.hu\/ro\/programok\/paintball\" title=\"Paintball\" class=\"topten_grid_item\"><span class=\"number\">10<\/span><img width=\"290\" height=\"230\" src=\"https:\/\/gyoparosfurdo-oroshaza.hu\/wp-content\/uploads\/2012\/07\/paintball1.jpg\" class=\"lazyload wp-post-image\" alt=\"\" loading=\"lazy\" \/><span class=\"title\">Paintball<\/span><span class=\"text\">Fie vorba despre distractie perfecta sau team-building pentru firme \u2013 paintball este o solutie superba.<\/span><\/a><div class=\"clear\"><\/div><\/div>\n<div class=\"W560\"><span class=\"h3\">O minte sanatoasa intr-un corp sanatos si in timp de vacanta<\/span><\/p>\n<h2>Orosh\u00e1za dispune de o comunitate de sportivi si fani, prieteni de sport entuziasti: echipe de prima clasa in domeniul handbal, wrestling si ping-pong, cu sportivi de fama nationala. Echipa locala de futbal de categoria II in Campionatul National se bazeaza in primul rind pe echipa de tineret.<\/h2>\n<p>Membrii locali al Clubului sportiv al modelistilor si sporturilor technice apar des in stiri.<\/p>\n<p>Desigur turistii care sosesc in oras nu vor fi interesati in activitatea de sport la nivel profesional. Cu datele de mai sus am vrut numai sa sugeram faptul ca sositi intr-un mediu care promoveaza si suporta activitatea de sport va sta la dispozitie o infrastructura perfecta pentru petrecerea timpului liber in mod util.<br \/>\nPentru amatorii de jogging Gyop\u00e1rosf\u00fcrd\u0151 ofera un cadru natural ideal, unde puteti face <a href=\"\/ro\/programok\/futas-a-gyoparosi-to-korul\" title=\"jogging in aer cura\">jogging in aer curat<\/a> si mediu linistit. <a href=\"https:\/\/gyoparosfurdo-oroshaza.hu\/ro\/gyoparosfurdo\/parcul-si-strandul\" title=\"Strandul\">Strandul<\/a> Bailor Gyop\u00e1ros cu o piscina de inot de 50 metri asteapta iubitorii sportului de inot, cu conditii ideale si fara aglomeratie \u2013 in special seara.<\/p>\n<p>Iubitorii sporturilor clasice pot gasi diferite forme pentru distractie pe terenurile de handbal de plaja, volei de plaja si teren de fotbal cu iarba naturala.<\/p>\n<p>Cei care practica <a href=\"\/ro\/programok\/fallabda-tenisz\" title=\"regina sporturilor\">regina sporturilor<\/a> au diverse posibilitati pentru a juca tenis, nu lasati acasa rachetele. In oras va stau la dispozitie numeroase cluburi locale cu posibilitati optime de practicare acest sport. Cluburi cunoscute sunt: Clubul Tenis Kazszer si Clubul de Tenis Local.<\/p>\n<p>Merita sa va aduceti si bicicletele, deoarece regiunea Campiei este ideala pentru a practica acest sport. Daca aveti probleme de gen logistic, puteti si sa inchiriati biciclete. Va asteapta o gama vasta de ture (pentru detalii faceti click la <a href=\"https:\/\/gyoparosfurdo-oroshaza.hu\/ro\/programe\/pentru-biciclisti\" title=\"pagina pentru biciclisti\">pagina pentru biciclisti<\/a>) In oras functioneaza doua cluburi de biciclisti. Clubul OK\u00c9, fondat in 2005, dispune de membri din randul amatorilor de ture. In timp ce majoritatea membrilor din clubul cu numele Orosh\u00e1zi Ker\u00e9kp\u00e1ros Sport Egyes\u00fclet sunt biciclisti sportivi.<\/p>\n<p>In cazul in care doriti sa va programati fitnes si in timpul vacantei, veti gasi solutii optime atat in cadrul complexului de bai, cat si in oras. Cateva dintre cluburi si sali de fitnes din oras: <a href=\"http:\/\/www.gyoparsportcentrum.hu\/\" target=\"_blank\" rel=\"noopener noreferrer\" title=\"Centrul de sport Gyop\u00e1r\" rel=\"noopener\">Centrul de sport Gyop\u00e1r<\/a>  sau Body Fit Squash &#038; Fitness Center.<\/p>\n<h3>Galeria de foto<\/h3>\n\n<div class=\"ngg-galleryoverview\" id=\"ngg-gallery-24-26110\">\n\n\n\t\n\t<!-- Thumbnails -->\n\t\t\n\t<div id=\"ngg-image-185\" class=\"ngg-gallery-thumbnail-box\"  >\n\t\t<div class=\"ngg-gallery-thumbnail\" >\n\t\t\t<a href=\"https:\/\/gyoparosfurdo-oroshaza.hu\/wp-content\/gallery\/aktiv\/aktiv_1.jpg\" title=\"Ker\u00e9kp\u00e1roz\u00e1s a Gyop\u00e1rosi t\u00f3 k\u00f6r\u00fcl\" class=\"thickbox\" rel=\"set_24\" >\n\t\t\t\t\t\t\t\t<img title=\"Ker\u00e9kp\u00e1roz\u00e1s a Gyop\u00e1rosi t\u00f3 k\u00f6r\u00fcl\" alt=\"Ker\u00e9kp\u00e1roz\u00e1s a Gyop\u00e1rosi t\u00f3 k\u00f6r\u00fcl\" src=\"https:\/\/gyoparosfurdo-oroshaza.hu\/wp-content\/gallery\/aktiv\/thumbs\/thumbs_aktiv_1.jpg\" width=\"120\" height=\"95\" \/>\n\t\t\t\t\t\t\t<\/a>\n\t\t<\/div>\n\t<\/div>\n\t\n\t\t\n \t\t\n\t<div id=\"ngg-image-186\" class=\"ngg-gallery-thumbnail-box\"  >\n\t\t<div class=\"ngg-gallery-thumbnail\" >\n\t\t\t<a href=\"https:\/\/gyoparosfurdo-oroshaza.hu\/wp-content\/gallery\/aktiv\/aktiv_2.jpg\" title=\"Fut\u00e1s a Gyop\u00e1rosi t\u00f3 k\u00f6r\u00fcl\" class=\"thickbox\" rel=\"set_24\" >\n\t\t\t\t\t\t\t\t<img title=\"Fut\u00e1s a Gyop\u00e1rosi t\u00f3 k\u00f6r\u00fcl\" alt=\"Fut\u00e1s a Gyop\u00e1rosi t\u00f3 k\u00f6r\u00fcl\" src=\"https:\/\/gyoparosfurdo-oroshaza.hu\/wp-content\/gallery\/aktiv\/thumbs\/thumbs_aktiv_2.jpg\" width=\"120\" height=\"95\" \/>\n\t\t\t\t\t\t\t<\/a>\n\t\t<\/div>\n\t<\/div>\n\t\n\t\t\n \t\t\n\t<div id=\"ngg-image-232\" class=\"ngg-gallery-thumbnail-box\"  >\n\t\t<div class=\"ngg-gallery-thumbnail\" >\n\t\t\t<a href=\"https:\/\/gyoparosfurdo-oroshaza.hu\/wp-content\/gallery\/aktiv\/aktiv_9.jpg\" title=\"A sportmedence mellett kiv\u00e1l\u00f3 strandr\u00f6plabda p\u00e1lya tal\u00e1lhat\u00f3\" class=\"thickbox\" rel=\"set_24\" >\n\t\t\t\t\t\t\t\t<img title=\"Strandr\u00f6plabda\" alt=\"Strandr\u00f6plabda\" src=\"https:\/\/gyoparosfurdo-oroshaza.hu\/wp-content\/gallery\/aktiv\/thumbs\/thumbs_aktiv_9.jpg\" width=\"120\" height=\"95\" \/>\n\t\t\t\t\t\t\t<\/a>\n\t\t<\/div>\n\t<\/div>\n\t\n\t\t\n \t\t\n\t<div id=\"ngg-image-188\" class=\"ngg-gallery-thumbnail-box\"  >\n\t\t<div class=\"ngg-gallery-thumbnail\" >\n\t\t\t<a href=\"https:\/\/gyoparosfurdo-oroshaza.hu\/wp-content\/gallery\/aktiv\/aktiv_4.jpg\" title=\"A strandr\u00f6plabda p\u00e1lya az 50 m\u00e9teres sportmedence mellett tal\u00e1lhat\u00f3.\" class=\"thickbox\" rel=\"set_24\" >\n\t\t\t\t\t\t\t\t<img title=\"Strandr\u00f6plabda\" alt=\"Strandr\u00f6plabda\" src=\"https:\/\/gyoparosfurdo-oroshaza.hu\/wp-content\/gallery\/aktiv\/thumbs\/thumbs_aktiv_4.jpg\" width=\"120\" height=\"95\" \/>\n\t\t\t\t\t\t\t<\/a>\n\t\t<\/div>\n\t<\/div>\n\t\n\t\t\n \t\t\n\t<div id=\"ngg-image-187\" class=\"ngg-gallery-thumbnail-box\"  >\n\t\t<div class=\"ngg-gallery-thumbnail\" >\n\t\t\t<a href=\"https:\/\/gyoparosfurdo-oroshaza.hu\/wp-content\/gallery\/aktiv\/aktiv_3.jpg\" title=\"R\u00f6plabd\u00e1z\u00e1s ut\u00e1n csak n\u00e9h\u00e1ny m\u00e9ter a friss h\u0171s v\u00edz\" class=\"thickbox\" rel=\"set_24\" >\n\t\t\t\t\t\t\t\t<img title=\"Strandr\u00f6plabda\" alt=\"Strandr\u00f6plabda\" src=\"https:\/\/gyoparosfurdo-oroshaza.hu\/wp-content\/gallery\/aktiv\/thumbs\/thumbs_aktiv_3.jpg\" width=\"120\" height=\"95\" \/>\n\t\t\t\t\t\t\t<\/a>\n\t\t<\/div>\n\t<\/div>\n\t\n\t\t\n \t\t\n\t<div id=\"ngg-image-191\" class=\"ngg-gallery-thumbnail-box\"  >\n\t\t<div class=\"ngg-gallery-thumbnail\" >\n\t\t\t<a href=\"https:\/\/gyoparosfurdo-oroshaza.hu\/wp-content\/gallery\/aktiv\/aktiv_7.jpg\" title=\"A parkf\u00fcrd\u0151ben sz\u00e1mos izgalmas attrakci\u00f3t tal\u00e1lunk\" class=\"thickbox\" rel=\"set_24\" >\n\t\t\t\t\t\t\t\t<img title=\"Hull\u00e1mdeszka\" alt=\"Hull\u00e1mdeszka\" src=\"https:\/\/gyoparosfurdo-oroshaza.hu\/wp-content\/gallery\/aktiv\/thumbs\/thumbs_aktiv_7.jpg\" width=\"120\" height=\"95\" \/>\n\t\t\t\t\t\t\t<\/a>\n\t\t<\/div>\n\t<\/div>\n\t\n\t\t\n \t\t\n\t<div id=\"ngg-image-231\" class=\"ngg-gallery-thumbnail-box\"  >\n\t\t<div class=\"ngg-gallery-thumbnail\" >\n\t\t\t<a href=\"https:\/\/gyoparosfurdo-oroshaza.hu\/wp-content\/gallery\/aktiv\/aktiv_12.jpg\" title=\"V\u00edzig\u00f6mb a sportmedenc\u00e9ben\" class=\"thickbox\" rel=\"set_24\" >\n\t\t\t\t\t\t\t\t<img title=\"V\u00edzig\u00f6mb\" alt=\"V\u00edzig\u00f6mb\" src=\"https:\/\/gyoparosfurdo-oroshaza.hu\/wp-content\/gallery\/aktiv\/thumbs\/thumbs_aktiv_12.jpg\" width=\"120\" height=\"95\" \/>\n\t\t\t\t\t\t\t<\/a>\n\t\t<\/div>\n\t<\/div>\n\t\n\t\t\n \t\t\n\t<div id=\"ngg-image-189\" class=\"ngg-gallery-thumbnail-box\"  >\n\t\t<div class=\"ngg-gallery-thumbnail\" >\n\t\t\t<a href=\"https:\/\/gyoparosfurdo-oroshaza.hu\/wp-content\/gallery\/aktiv\/aktiv_5.jpg\" title=\"V\u00edzifoci Gyop\u00e1rosf\u00fcrd\u0151n\" class=\"thickbox\" rel=\"set_24\" >\n\t\t\t\t\t\t\t\t<img title=\"V\u00edzifoci Gyop\u00e1rosf\u00fcrd\u0151n\" alt=\"V\u00edzifoci Gyop\u00e1rosf\u00fcrd\u0151n\" src=\"https:\/\/gyoparosfurdo-oroshaza.hu\/wp-content\/gallery\/aktiv\/thumbs\/thumbs_aktiv_5.jpg\" width=\"120\" height=\"95\" \/>\n\t\t\t\t\t\t\t<\/a>\n\t\t<\/div>\n\t<\/div>\n\t\n\t\t\n \t\t\n\t<div id=\"ngg-image-229\" class=\"ngg-gallery-thumbnail-box\"  >\n\t\t<div class=\"ngg-gallery-thumbnail\" >\n\t\t\t<a href=\"https:\/\/gyoparosfurdo-oroshaza.hu\/wp-content\/gallery\/aktiv\/aktiv_10.jpg\" title=\"Sportprogramok m\u00e1jus elsej\u00e9n.\" class=\"thickbox\" rel=\"set_24\" >\n\t\t\t\t\t\t\t\t<img title=\"2012. m\u00e1jus 1.\" alt=\"2012. m\u00e1jus 1.\" src=\"https:\/\/gyoparosfurdo-oroshaza.hu\/wp-content\/gallery\/aktiv\/thumbs\/thumbs_aktiv_10.jpg\" width=\"120\" height=\"95\" \/>\n\t\t\t\t\t\t\t<\/a>\n\t\t<\/div>\n\t<\/div>\n\t\n\t\t\n \t\t\n\t<div id=\"ngg-image-230\" class=\"ngg-gallery-thumbnail-box\"  >\n\t\t<div class=\"ngg-gallery-thumbnail\" >\n\t\t\t<a href=\"https:\/\/gyoparosfurdo-oroshaza.hu\/wp-content\/gallery\/aktiv\/aktiv_11.jpg\" title=\"Sportprogramok m\u00e1jus elsej\u00e9n.\" class=\"thickbox\" rel=\"set_24\" >\n\t\t\t\t\t\t\t\t<img title=\"2012. m\u00e1jus 1.\" alt=\"2012. m\u00e1jus 1.\" src=\"https:\/\/gyoparosfurdo-oroshaza.hu\/wp-content\/gallery\/aktiv\/thumbs\/thumbs_aktiv_11.jpg\" width=\"120\" height=\"95\" \/>\n\t\t\t\t\t\t\t<\/a>\n\t\t<\/div>\n\t<\/div>\n\t\n\t\t\n \t\t\n\t<div id=\"ngg-image-192\" class=\"ngg-gallery-thumbnail-box\"  >\n\t\t<div class=\"ngg-gallery-thumbnail\" >\n\t\t\t<a href=\"https:\/\/gyoparosfurdo-oroshaza.hu\/wp-content\/gallery\/aktiv\/aktiv_8.jpg\" title=\"Ker\u00e9kp\u00e1roz\u00e1s a v\u00e1rosban\" class=\"thickbox\" rel=\"set_24\" >\n\t\t\t\t\t\t\t\t<img title=\"Akt\u00edv programok\" alt=\"Akt\u00edv programok\" src=\"https:\/\/gyoparosfurdo-oroshaza.hu\/wp-content\/gallery\/aktiv\/thumbs\/thumbs_aktiv_8.jpg\" width=\"120\" height=\"95\" \/>\n\t\t\t\t\t\t\t<\/a>\n\t\t<\/div>\n\t<\/div>\n\t\n\t\t\n \t\t\n\t<div id=\"ngg-image-190\" class=\"ngg-gallery-thumbnail-box\"  >\n\t\t<div class=\"ngg-gallery-thumbnail\" >\n\t\t\t<a href=\"https:\/\/gyoparosfurdo-oroshaza.hu\/wp-content\/gallery\/aktiv\/aktiv_6.jpg\" title=\"A T\u00e1ncsics Gimn\u00e1zium sportp\u00e1ly\u00e1ja\" class=\"thickbox\" rel=\"set_24\" >\n\t\t\t\t\t\t\t\t<img title=\"Sportp\u00e1lya\" alt=\"Sportp\u00e1lya\" src=\"https:\/\/gyoparosfurdo-oroshaza.hu\/wp-content\/gallery\/aktiv\/thumbs\/thumbs_aktiv_6.jpg\" width=\"120\" height=\"95\" \/>\n\t\t\t\t\t\t\t<\/a>\n\t\t<\/div>\n\t<\/div>\n\t\n\t\t\n \t \t\n\t<!-- Pagination -->\n \t<div class='ngg-clear'><\/div>\n \t\n<\/div>\n\n\n<\/div>\n","protected":false},"excerpt":{"rendered":"<p>O minte sanatoasa intr-un corp sanatos si in timp de vacanta Orosh\u00e1za dispune de o comunitate de sportivi si fani, prieteni de sport entuziasti: echipe de prima clasa in domeniul handbal, wrestling si ping-pong, cu sportivi de fama nationala. Echipa &hellip; <a href=\"https:\/\/gyoparosfurdo-oroshaza.hu\/ro\/programe\/pentru-amatori-de-sport\">Folytat\u00e1s <span class=\"meta-nav\">&rarr;<\/span><\/a><\/p>\n","protected":false},"author":6,"featured_media":0,"parent":26027,"menu_order":0,"comment_status":"closed","ping_status":"closed","template":"","meta":[],"_links":{"self":[{"href":"https:\/\/gyoparosfurdo-oroshaza.hu\/ro\/wp-json\/wp\/v2\/pages\/26110"}],"collection":[{"href":"https:\/\/gyoparosfurdo-oroshaza.hu\/ro\/wp-json\/wp\/v2\/pages"}],"about":[{"href":"https:\/\/gyoparosfurdo-oroshaza.hu\/ro\/wp-json\/wp\/v2\/types\/page"}],"author":[{"embeddable":true,"href":"https:\/\/gyoparosfurdo-oroshaza.hu\/ro\/wp-json\/wp\/v2\/users\/6"}],"replies":[{"embeddable":true,"href":"https:\/\/gyoparosfurdo-oroshaza.hu\/ro\/wp-json\/wp\/v2\/comments?post=26110"}],"version-history":[{"count":0,"href":"https:\/\/gyoparosfurdo-oroshaza.hu\/ro\/wp-json\/wp\/v2\/pages\/26110\/revisions"}],"up":[{"embeddable":true,"href":"https:\/\/gyoparosfurdo-oroshaza.hu\/ro\/wp-json\/wp\/v2\/pages\/26027"}],"wp:attachment":[{"href":"https:\/\/gyoparosfurdo-oroshaza.hu\/ro\/wp-json\/wp\/v2\/media?parent=26110"}],"curies":[{"name":"wp","href":"https:\/\/api.w.org\/{rel}","templated":true}]}}