{"id":26106,"date":"2012-04-13T12:15:25","date_gmt":"2012-04-13T10:15:25","guid":{"rendered":"https:\/\/gyoparosfurdo-oroshaza.hu\/pentru-cupluri"},"modified":"2012-04-13T12:15:25","modified_gmt":"2012-04-13T11:15:25","slug":"pentru-cupluri","status":"publish","type":"page","link":"https:\/\/gyoparosfurdo-oroshaza.hu\/ro\/programe\/pentru-cupluri","title":{"rendered":"Pentru cupluri"},"content":{"rendered":"<div class=\"topten_grid_container topten_page\"><div class=\"topten_grid_item\"><span class=\"h3\">Programe Top<\/span><a href=\"\/ro\/programe\/pentru-familii\" class=\"topten_pentru-familii first\">Pentru familii &raquo;<\/a><a href=\"\/ro\/programe\/pentru-cupluri\" class=\"topten_pentru-cupluri active\">Pentru cupluri &raquo;<\/a><a href=\"\/ro\/programe\/pentru-o-singura-zi\" class=\"topten_pentru-o-singura-zi first\">O singura zi &raquo;<\/a><a href=\"\/ro\/programe\/pentru-biciclisti\" class=\"topten_pentru-biciclisti\">Pentru biciclisti &raquo;<\/a><a href=\"\/ro\/programe\/programe-pentru-un-week-end\" class=\"topten_programe-pentru-un-week-end first\">Un week-end &raquo;<\/a><a href=\"\/ro\/programe\/in-timp-de-vara\" class=\"topten_in-timp-de-vara\">In timp de vara &raquo;<\/a><a href=\"\/ro\/programe\/tineri\" class=\"topten_tineri first\">Pentru tineri &raquo;<\/a><a href=\"\/ro\/programe\/pentru-amatori-de-sport\" class=\"topten_pentru-amatori-de-sport\">Amatori de sport &raquo;<\/a><a href=\"\/ro\/programe\/cu-masina\" class=\"topten_cu-masina first\">Cu masina &raquo;<\/a><a href=\"\/ro\/programe\/pentru-amatori-de-cultura\" class=\"topten_pentru-amatori-de-cultura\">Amatori de cultura &raquo;<\/a><a href=\"\/ro\/programe\/pentru-o-singura-saptamana\" class=\"topten_pentru-o-singura-saptamana first\">Saptamana &raquo;<\/a><a href=\"\/ro\/programe\/pentru-pescatori\" class=\"topten_pentru-pescatori\">Pentru pescatori  &raquo;<\/a><a href=\"\/ro\/programe\/pentru-fotografi\" class=\"topten_pentru-fotografi first\">Pentru fotografi &raquo;<\/a><a href=\"\/ro\/programe\/in-timp-de-iarna\" class=\"topten_in-timp-de-iarna\">In timp de iarna  &raquo;<\/a><\/div><a href=\"https:\/\/gyoparosfurdo-oroshaza.hu\/ro\/programok\/elmenyfurdozes-gyoparoson\" title=\"Distractie in Baile Gyop\u00e1ros\" class=\"topten_grid_item\"><span class=\"number\">1<\/span><img width=\"290\" height=\"230\" src=\"https:\/\/gyoparosfurdo-oroshaza.hu\/wp-content\/uploads\/2012\/04\/elmenyfurdo_kiemelt.jpg\" class=\"lazyload wp-post-image\" alt=\"\" loading=\"lazy\" \/><span class=\"title\">Distractie in Baile Gyop\u00e1ros<\/span><span class=\"text\">Complexul, cu o suprafata totala mai mult de sase mii de metri patrati si cu o vasta gama de elemente acvatice Va ofera distractie placuta, un program.<\/span><\/a><a href=\"https:\/\/gyoparosfurdo-oroshaza.hu\/ro\/programok\/strandolas-gyoparosfurdon\" title=\"Sc\u0103ldat \u00een Gyop\u00e1rosf\u00fcrd\u0151\" class=\"topten_grid_item\"><span class=\"number\">2<\/span><img width=\"290\" height=\"230\" src=\"https:\/\/gyoparosfurdo-oroshaza.hu\/wp-content\/uploads\/2012\/04\/Strandol\u00e1s_gyoparosfurdon.jpg\" class=\"lazyload wp-post-image\" alt=\"\" loading=\"lazy\" \/><span class=\"title\">Sc\u0103ldat \u00een Gyop\u00e1rosf\u00fcrd\u0151<\/span><span class=\"text\">Balaceala dupa o zi placuta, senzatia racoritoare a apei, jocuri cu mingea in apa cristalina si placuta.<\/span><\/a><a href=\"https:\/\/gyoparosfurdo-oroshaza.hu\/ro\/programok\/wellness-es-kenyeztetes\" title=\"Rasfatare si wellness\" class=\"topten_grid_item\"><span class=\"number\">3<\/span><img width=\"290\" height=\"230\" src=\"https:\/\/gyoparosfurdo-oroshaza.hu\/wp-content\/uploads\/2012\/05\/3_Wellness.jpg\" class=\"lazyload wp-post-image\" alt=\"\" loading=\"lazy\" \/><span class=\"title\">Rasfatare si wellness<\/span><span class=\"text\">R\u0103sf\u0103\u0163area pentru om este ca \u015fi o atingere romantic\u0103 pe care o pute\u0163i primi la Gyop\u00e1rosf\u00fcrd\u0151.<\/span><\/a><a href=\"https:\/\/gyoparosfurdo-oroshaza.hu\/ro\/programok\/ejszakai-furdozes\" title=\"Baie nocturn\u0103 la B\u0103ile Gyop\u00e1ros\" class=\"topten_grid_item\"><span class=\"number\">4<\/span><img width=\"290\" height=\"230\" src=\"https:\/\/gyoparosfurdo-oroshaza.hu\/wp-content\/uploads\/2012\/04\/4_Ejszakai_furdozes.jpg\" class=\"lazyload wp-post-image\" alt=\"\" loading=\"lazy\" \/><span class=\"title\">Baie nocturn\u0103 la B\u0103ile Gyop\u00e1ros<\/span><span class=\"text\">V-ati intrebat vreo data ce poate fi mai romantic decat o baie nocturna la Baile Gyop\u00e1ros?<\/span><\/a><a href=\"https:\/\/gyoparosfurdo-oroshaza.hu\/ro\/programok\/csillagfenyes-ejszaka\" title=\"Cerul instelat\" class=\"topten_grid_item\"><span class=\"number\">5<\/span><img width=\"290\" height=\"230\" src=\"https:\/\/gyoparosfurdo-oroshaza.hu\/wp-content\/uploads\/2012\/04\/6_Csillagfenyes_ejszaka.jpg\" class=\"lazyload wp-post-image\" alt=\"\" loading=\"lazy\" \/><span class=\"title\">Cerul instelat<\/span><span class=\"text\">Judetul B\u00e9k\u00e9s este o regiune tipica a Campiei Maghiare, care ne ofera un peisaj minunat si atmosfera unica a regiunii geografice cunuscuta sub numele puszta.<\/span><\/a><a href=\"https:\/\/gyoparosfurdo-oroshaza.hu\/ro\/programok\/bowling\" title=\"Bowling\" class=\"topten_grid_item\"><span class=\"number\">6<\/span><img width=\"290\" height=\"230\" src=\"https:\/\/gyoparosfurdo-oroshaza.hu\/wp-content\/uploads\/2012\/05\/11_Bowling.jpg\" class=\"lazyload wp-post-image\" alt=\"\" loading=\"lazy\" \/><span class=\"title\">Bowling<\/span><span class=\"text\">Iubitorii jocului bowling au posibilitate de practicare a sportului si la Orosh\u00e1za, deoarece piste pot fi gasite si la Gyop\u00e1rosf\u00fcrd\u0151.<\/span><\/a><a href=\"https:\/\/gyoparosfurdo-oroshaza.hu\/ro\/programok\/lovassportok\" title=\"Echita\u021bie\" class=\"topten_grid_item\"><span class=\"number\">7<\/span><img width=\"290\" height=\"230\" src=\"https:\/\/gyoparosfurdo-oroshaza.hu\/wp-content\/uploads\/2012\/04\/Lovassportok.jpg\" class=\"lazyload wp-post-image\" alt=\"\" loading=\"lazy\" \/><span class=\"title\">Echita\u021bie<\/span><span class=\"text\">Orosh\u00e1za este centrul vietii de echitatie din zona Campiei din mai multe puncte de vedere.<\/span><\/a><a href=\"https:\/\/gyoparosfurdo-oroshaza.hu\/ro\/programok\/ejszakai-elet-oroshazan\" title=\"Viata nocturna la Orosh\u00e1za\" class=\"topten_grid_item\"><span class=\"number\">8<\/span><img width=\"290\" height=\"230\" src=\"https:\/\/gyoparosfurdo-oroshaza.hu\/wp-content\/uploads\/2012\/04\/Ejszakai_elet.jpg\" class=\"lazyload wp-post-image\" alt=\"\" loading=\"lazy\" \/><span class=\"title\">Viata nocturna la Orosh\u00e1za<\/span><span class=\"text\">La Orosh\u00e1za nu se poate vorbi de viata nocturna in sensul orasilor mari. Vineri si sambata seara insa orasul se invigoreaza.<\/span><\/a><a href=\"https:\/\/gyoparosfurdo-oroshaza.hu\/ro\/programok\/piaclatogatas-oroshazan\" title=\"Piata locala Orosh\u00e1za\" class=\"topten_grid_item\"><span class=\"number\">9<\/span><img width=\"290\" height=\"230\" src=\"https:\/\/gyoparosfurdo-oroshaza.hu\/wp-content\/uploads\/2012\/04\/Piac.jpg\" class=\"lazyload wp-post-image\" alt=\"\" loading=\"lazy\" \/><span class=\"title\">Piata locala Orosh\u00e1za<\/span><span class=\"text\">Daca sunteti la Orosh\u00e1za trebuie sa vizitati piata locala, care desi va aminteste de  timpurile vechi este modern.<\/span><\/a><a href=\"https:\/\/gyoparosfurdo-oroshaza.hu\/ro\/programok\/panorama-kilato\" title=\"Panorama Lookout\" class=\"topten_grid_item\"><span class=\"number\">10<\/span><img width=\"290\" height=\"230\" src=\"https:\/\/gyoparosfurdo-oroshaza.hu\/wp-content\/uploads\/2012\/04\/Panorama_kilato.jpg\" class=\"lazyload wp-post-image\" alt=\"\" loading=\"lazy\" \/><span class=\"title\">Panorama Lookout<\/span><span class=\"text\">Vechiul turn de apa, care in prezent functioneaza ca si turn de observatie cu numele Panor\u00e1ma.<\/span><\/a><div class=\"clear\"><\/div><\/div>\n<div class=\"W560\">\n<span class=\"h3\">Mana in mana, o vacanta romantica<\/span><\/p>\n<h2>Ce ar putea sa fie o destinatia mai ideala pentru un week-end romantic sau pentru un sejur mai lung, decat Baile Gyop\u00e1ros cu o padure si  un sistem de trei lacuri inconjurat de un parc bine tinut?<\/h2>\n<p><a href=\"https:\/\/gyoparosfurdo-oroshaza.hu\/ro\/gyoparosfurdo\" title=\"Baile Gyop\u00e1ros\">Baile Gyop\u00e1ros<\/a> va asigura toate conditiile pentru a petrece momente, ore sau chiar zile de neuitat alaturi de persoana iubita. Un week-end sau un sejur petrecut la Gyop\u00e1ros va ofera <a href=\"https:\/\/gyoparosfurdo-oroshaza.hu\/ro\/gyoparosfurdo\/wellness\" title=\"wellness\">wellness<\/a>, zona de agrement, plimbari romantice, cine romantice cu lumanari, echitatie, plimbari cu carute si excursii.<\/p>\n<p>Complexul Baile Gyop\u00e1ros cu bai termale, strand si zona de agrement ofera o gama larga de servicii balneare, iar parcul inconjurator ofera cuplurilor o plimbare romatica mana in mana. Gama <a href=\"https:\/\/gyoparosfurdo-oroshaza.hu\/ro\/cazare\" title=\"Cazare\">cazarilor<\/a> este foarte vasta: de la kemping confortabil pana la hotel cu patru stele veti gasi de toate.<\/p>\n<p>Atat restaurantele din Gyop\u00e1rosf\u00fcrd\u0151, atat din oras asteapta vizitatorii dornici de o cina romantica cu bucatarie si servicii de calitate.<\/p>\n<p>Vizitatorii pot realiza cele mai extreme idee: este posibil sa faceti plimbare cu caruta sau pentru echitatie. In imprejurimi veti gasi numeroase farme cu cai.<\/p>\n<p>Farmul cu numele Varga Lovastanya v ofera posibilitate pentru echitatie cu traininguri, ture facute pe cal si prezentatii cu cai. Scoala si clubul cu numele Muszt\u00e1ng Lovas Iskola \u00e9s P\u00f3ni klub poate sa fie de interesant pentru matorii de echitatie.<\/p><\/div>\n","protected":false},"excerpt":{"rendered":"<p>Mana in mana, o vacanta romantica Ce ar putea sa fie o destinatia mai ideala pentru un week-end romantic sau pentru un sejur mai lung, decat Baile Gyop\u00e1ros cu o padure si un sistem de trei lacuri inconjurat de un &hellip; <a href=\"https:\/\/gyoparosfurdo-oroshaza.hu\/ro\/programe\/pentru-cupluri\">Folytat\u00e1s <span class=\"meta-nav\">&rarr;<\/span><\/a><\/p>\n","protected":false},"author":6,"featured_media":0,"parent":26027,"menu_order":0,"comment_status":"closed","ping_status":"closed","template":"","meta":[],"_links":{"self":[{"href":"https:\/\/gyoparosfurdo-oroshaza.hu\/ro\/wp-json\/wp\/v2\/pages\/26106"}],"collection":[{"href":"https:\/\/gyoparosfurdo-oroshaza.hu\/ro\/wp-json\/wp\/v2\/pages"}],"about":[{"href":"https:\/\/gyoparosfurdo-oroshaza.hu\/ro\/wp-json\/wp\/v2\/types\/page"}],"author":[{"embeddable":true,"href":"https:\/\/gyoparosfurdo-oroshaza.hu\/ro\/wp-json\/wp\/v2\/users\/6"}],"replies":[{"embeddable":true,"href":"https:\/\/gyoparosfurdo-oroshaza.hu\/ro\/wp-json\/wp\/v2\/comments?post=26106"}],"version-history":[{"count":0,"href":"https:\/\/gyoparosfurdo-oroshaza.hu\/ro\/wp-json\/wp\/v2\/pages\/26106\/revisions"}],"up":[{"embeddable":true,"href":"https:\/\/gyoparosfurdo-oroshaza.hu\/ro\/wp-json\/wp\/v2\/pages\/26027"}],"wp:attachment":[{"href":"https:\/\/gyoparosfurdo-oroshaza.hu\/ro\/wp-json\/wp\/v2\/media?parent=26106"}],"curies":[{"name":"wp","href":"https:\/\/api.w.org\/{rel}","templated":true}]}}