{"id":26096,"date":"2012-04-13T12:14:20","date_gmt":"2012-04-13T10:14:20","guid":{"rendered":"https:\/\/gyoparosfurdo-oroshaza.hu\/pentru-amatori-de-cultura"},"modified":"2012-04-13T12:14:20","modified_gmt":"2012-04-13T11:14:20","slug":"pentru-amatori-de-cultura","status":"publish","type":"page","link":"https:\/\/gyoparosfurdo-oroshaza.hu\/ro\/programe\/pentru-amatori-de-cultura","title":{"rendered":"Pentru amatori de cultura"},"content":{"rendered":"<div class=\"topten_grid_container topten_page\"><div class=\"topten_grid_item\"><span class=\"h3\">Programe Top<\/span><a href=\"\/ro\/programe\/pentru-amatori-de-cultura\" class=\"topten_pentru-amatori-de-cultura first active\">Amatori de cultura &raquo;<\/a><a href=\"\/ro\/programe\/pentru-o-singura-saptamana\" class=\"topten_pentru-o-singura-saptamana\">Saptamana &raquo;<\/a><a href=\"\/ro\/programe\/pentru-pescatori\" class=\"topten_pentru-pescatori first\">Pentru pescatori  &raquo;<\/a><a href=\"\/ro\/programe\/pentru-fotografi\" class=\"topten_pentru-fotografi\">Pentru fotografi &raquo;<\/a><a href=\"\/ro\/programe\/in-timp-de-iarna\" class=\"topten_in-timp-de-iarna first\">In timp de iarna  &raquo;<\/a><a href=\"\/ro\/programe\/pentru-familii\" class=\"topten_pentru-familii\">Pentru familii &raquo;<\/a><a href=\"\/ro\/programe\/pentru-cupluri\" class=\"topten_pentru-cupluri first\">Pentru cupluri &raquo;<\/a><a href=\"\/ro\/programe\/pentru-o-singura-zi\" class=\"topten_pentru-o-singura-zi\">O singura zi &raquo;<\/a><a href=\"\/ro\/programe\/pentru-biciclisti\" class=\"topten_pentru-biciclisti first\">Pentru biciclisti &raquo;<\/a><a href=\"\/ro\/programe\/programe-pentru-un-week-end\" class=\"topten_programe-pentru-un-week-end\">Un week-end &raquo;<\/a><a href=\"\/ro\/programe\/in-timp-de-vara\" class=\"topten_in-timp-de-vara first\">In timp de vara &raquo;<\/a><a href=\"\/ro\/programe\/tineri\" class=\"topten_tineri\">Pentru tineri &raquo;<\/a><a href=\"\/ro\/programe\/pentru-amatori-de-sport\" class=\"topten_pentru-amatori-de-sport first\">Amatori de sport &raquo;<\/a><a href=\"\/ro\/programe\/cu-masina\" class=\"topten_cu-masina\">Cu masina &raquo;<\/a><\/div><a href=\"https:\/\/gyoparosfurdo-oroshaza.hu\/ro\/programok\/strandolas-gyoparosfurdon\" title=\"Sc\u0103ldat \u00een Gyop\u00e1rosf\u00fcrd\u0151\" class=\"topten_grid_item\"><span class=\"number\">1<\/span><img width=\"290\" height=\"230\" src=\"https:\/\/gyoparosfurdo-oroshaza.hu\/wp-content\/uploads\/2012\/04\/Strandol\u00e1s_gyoparosfurdon.jpg\" class=\"lazyload wp-post-image\" alt=\"\" loading=\"lazy\" \/><span class=\"title\">Sc\u0103ldat \u00een Gyop\u00e1rosf\u00fcrd\u0151<\/span><span class=\"text\">Balaceala dupa o zi placuta, senzatia racoritoare a apei, jocuri cu mingea in apa cristalina si placuta.<\/span><\/a><a href=\"https:\/\/gyoparosfurdo-oroshaza.hu\/ro\/programok\/darvas-jozsef-emlekhaz\" title=\"J\u00f3zsef Darvas casa memoriala\" class=\"topten_grid_item\"><span class=\"number\">2<\/span><img width=\"290\" height=\"230\" src=\"https:\/\/gyoparosfurdo-oroshaza.hu\/wp-content\/uploads\/2012\/04\/17_Darvas_emlekhaz.jpg\" class=\"lazyload wp-post-image\" alt=\"\" loading=\"lazy\" \/><span class=\"title\">J\u00f3zsef Darvas casa memoriala<\/span><span class=\"text\">J\u00f3zsef Darvas este cea mai contradictorie personalitate din istoria oraslui Orosh\u00e1za in anii secolului trecut.<\/span><\/a><a href=\"https:\/\/gyoparosfurdo-oroshaza.hu\/ro\/programok\/varosi-keptar\" title=\"Galeria de arta\" class=\"topten_grid_item\"><span class=\"number\">3<\/span><img width=\"290\" height=\"230\" src=\"https:\/\/gyoparosfurdo-oroshaza.hu\/wp-content\/uploads\/2012\/04\/Varosi_keptar.jpg\" class=\"lazyload wp-post-image\" alt=\"\" loading=\"lazy\" \/><span class=\"title\">Galeria de arta<\/span><span class=\"text\">Galeria de arta din oras este o statie importanta  pentru iubitorii de arta, gazduieste colectii de arta traditionale si moderne.<\/span><\/a><a href=\"https:\/\/gyoparosfurdo-oroshaza.hu\/ro\/programok\/kutmuzeum\" title=\"Muzeul de fantani\" class=\"topten_grid_item\"><span class=\"number\">4<\/span><img width=\"290\" height=\"230\" src=\"https:\/\/gyoparosfurdo-oroshaza.hu\/wp-content\/uploads\/2012\/04\/18_Kutmuzeum.jpg\" class=\"lazyload wp-post-image\" alt=\"\" loading=\"lazy\" \/><span class=\"title\">Muzeul de fantani<\/span><span class=\"text\">Unul dintre obiectivele turistice oferte de Orosh\u00e1za este muzeul unic de fantani si expozitia care prezinta istoria alimentatiei cu apa.<\/span><\/a><a href=\"https:\/\/gyoparosfurdo-oroshaza.hu\/ro\/programok\/panorama-kilato\" title=\"Panorama Lookout\" class=\"topten_grid_item\"><span class=\"number\">5<\/span><img width=\"290\" height=\"230\" src=\"https:\/\/gyoparosfurdo-oroshaza.hu\/wp-content\/uploads\/2012\/04\/Panorama_kilato.jpg\" class=\"lazyload wp-post-image\" alt=\"\" loading=\"lazy\" \/><span class=\"title\">Panorama Lookout<\/span><span class=\"text\">Vechiul turn de apa, care in prezent functioneaza ca si turn de observatie cu numele Panor\u00e1ma.<\/span><\/a><a href=\"https:\/\/gyoparosfurdo-oroshaza.hu\/ro\/programok\/tortenelmi-emlekpark\" title=\"Parcul memorial istoric\" class=\"topten_grid_item\"><span class=\"number\">6<\/span><img width=\"290\" height=\"230\" src=\"https:\/\/gyoparosfurdo-oroshaza.hu\/wp-content\/uploads\/2012\/04\/Tortenelmi_Emlekpark.jpg\" class=\"lazyload wp-post-image\" alt=\"\" loading=\"lazy\" \/><span class=\"title\">Parcul memorial istoric<\/span><span class=\"text\">Desi Parcul Istoric a fost sursa unor dezbateri sociale in viata orasului.<\/span><\/a><a href=\"https:\/\/gyoparosfurdo-oroshaza.hu\/ro\/programok\/oroshazi-templomok\" title=\"Orosh\u00e1za biserici\" class=\"topten_grid_item\"><span class=\"number\">7<\/span><img width=\"290\" height=\"230\" src=\"https:\/\/gyoparosfurdo-oroshaza.hu\/wp-content\/uploads\/2012\/04\/Oroshazi_templomok.jpg\" class=\"lazyload wp-post-image\" alt=\"\" loading=\"lazy\" \/><span class=\"title\">Orosh\u00e1za biserici<\/span><span class=\"text\">Ora\u015ful Orosh\u00e1za a fost \u00eentemeiat de Luteranii prigoni\u0163i pentru credin\u0163a lor, p\u00e2n\u0103 \u00een ziua de azi majoritatea localnicilor sunt Luteran.<\/span><\/a><a href=\"https:\/\/gyoparosfurdo-oroshaza.hu\/ro\/programok\/oroshazi-szobortura\" title=\"Sculptura turneu \u00een Orosh\u00e1za\" class=\"topten_grid_item\"><span class=\"number\">8<\/span><img width=\"290\" height=\"230\" src=\"https:\/\/gyoparosfurdo-oroshaza.hu\/wp-content\/uploads\/2012\/04\/Oroshazi_szobortura.jpg\" class=\"lazyload wp-post-image\" alt=\"\" loading=\"lazy\" \/><span class=\"title\">Sculptura turneu \u00een Orosh\u00e1za<\/span><span class=\"text\">Puteti sa incepeti tura de vizitat statuile orasului la piata Gy\u0151ri Vilmos, unde veti gasi statuia lui Sf Stefan.<\/span><\/a><a href=\"https:\/\/gyoparosfurdo-oroshaza.hu\/ro\/programok\/gellertegyhaza-tortenelmi-park\" title=\"Parcul istoric de la Gell\u00e9rtegyh\u00e1za\" class=\"topten_grid_item\"><span class=\"number\">9<\/span><img width=\"290\" height=\"230\" src=\"https:\/\/gyoparosfurdo-oroshaza.hu\/wp-content\/uploads\/2012\/11\/gell.jpg\" class=\"lazyload wp-post-image\" alt=\"\" loading=\"lazy\" \/><span class=\"title\">Parcul istoric de la Gell\u00e9rtegyh\u00e1za<\/span><span class=\"text\">Pe baza trecutului istoric al Ungariei si al natiunii maghiare, parcul este destinat istoriei nationale.<\/span><\/a><a href=\"https:\/\/gyoparosfurdo-oroshaza.hu\/ro\/programok\/opusztaszeri-emlekpark\" title=\"Parcul Memorial din \u00d3pusztaszer\" class=\"topten_grid_item\"><span class=\"number\">10<\/span><img width=\"290\" height=\"230\" src=\"https:\/\/gyoparosfurdo-oroshaza.hu\/wp-content\/uploads\/2012\/11\/opusz.jpg\" class=\"lazyload wp-post-image\" alt=\"\" loading=\"lazy\" \/><span class=\"title\">Parcul Memorial din \u00d3pusztaszer<\/span><span class=\"text\">Parcul Memorial Istoric Na\u021bional la doar 70 km de la Orosh\u00e1za.<\/span><\/a><a href=\"https:\/\/gyoparosfurdo-oroshaza.hu\/ro\/programok\/hudak-csalad-keziszovomuhelye\" title=\"Atelier de \u021besut al familiei Hud\u00e1k\" class=\"topten_grid_item\"><span class=\"number\">11<\/span><img width=\"290\" height=\"230\" src=\"https:\/\/gyoparosfurdo-oroshaza.hu\/wp-content\/uploads\/2012\/11\/szovo.jpg\" class=\"lazyload wp-post-image\" alt=\"\" loading=\"lazy\" \/><span class=\"title\">Atelier de \u021besut al familiei Hud\u00e1k<\/span><span class=\"text\">Atelierul de \u021besut al familiei Hud\u00e1k din localitatea Csorv\u00e1s<\/span><\/a><a href=\"https:\/\/gyoparosfurdo-oroshaza.hu\/ro\/programok\/szlovak-tajjellegu-tanya\" title=\"Ferm\u0103 tradi\u021bional\u0103 slovac\u0103\" class=\"topten_grid_item\"><span class=\"number\">12<\/span><img width=\"290\" height=\"230\" src=\"https:\/\/gyoparosfurdo-oroshaza.hu\/wp-content\/uploads\/2012\/11\/ger.jpg\" class=\"lazyload wp-post-image\" alt=\"\" loading=\"lazy\" \/><span class=\"title\">Ferm\u0103 tradi\u021bional\u0103 slovac\u0103<\/span><span class=\"text\">Astfel au tr\u0103it slovacii din jude\u021bul B\u00e9k\u00e9s: ferma tradi\u021bional\u0103 slovac\u0103 din Csorv\u00e1s<\/span><\/a><a href=\"https:\/\/gyoparosfurdo-oroshaza.hu\/ro\/programok\/oroshazi-sajtkeszito-muhely\" title=\"Un produc\u0103tor local de br\u00e2nz\u0103\" class=\"topten_grid_item\"><span class=\"number\">13<\/span><img width=\"290\" height=\"230\" src=\"https:\/\/gyoparosfurdo-oroshaza.hu\/wp-content\/uploads\/2012\/11\/sajt.jpg\" class=\"lazyload wp-post-image\" alt=\"\" loading=\"lazy\" \/><span class=\"title\">Un produc\u0103tor local de br\u00e2nz\u0103<\/span><span class=\"text\">Un atelier de br\u00e2nz\u0103, cum se face adev\u0103rata br\u00e2nz\u0103 de cas\u0103?<\/span><\/a><div class=\"clear\"><\/div><\/div>\n<div class=\"W560\"><span class=\"h3\">Oras multicolor, cultura multicolora<\/span><\/p>\n<h2>Orosh\u00e1za este un oras cu mostenire culturala bogata in primul rind in domenul de muzica, arta plastica si literatura.<\/h2>\n<p>Mostenirea culturala este conservata si dezvoltata de institutiile culturale locale. Oferta culturala al orasului reflecta nu numai trecutul dar si tendentiile contemporane.<\/p>\n<p>Va invitam sa vizitati creatiile artisice expuse in spatiile publice ale orasului: Parcul Istoric poate fi vizitat in parcul liceului local de doua decenii. \u201ePoarta Durerii\u201d este amplasata in mijlocul parcului cu o figura de femeie plangand. La intrarea Parcului sunt asezate in forma de semicerc stanci cu datele istorice sculptate pe suprafata: 1848, 1920, 1944 si 1956,   momente cruciale in istora nationala si locala asezate in ordine cronologica.<\/p>\n<p>Nu departe veti gasi statuia lui Sf Stefan l in Piata Gy\u0151ri Vilmos. Statuia este opera artistului L\u00e1szl\u00f3 Rajki, nascut la Orosh\u00e1za Una dintre cele mai remarcabile statui ale orasului este statuia lui Kossuth, care se afla in piata Szabads\u00e1g, opera sculptorului J\u00e1nos Horvay, restaurat de L\u00e1szl\u00f3 Rajki.  Va racomandam sa vizitati statuia ridicata in memoria fostul reprezentativ parlamentar al orasului, Mih\u00e1ly T\u00e1ncsics. Memoria lui Sz\u00e1nt\u00f3 Kov\u00e1cs J\u00e1nos este pastrata de o statuie expusa pe strada D\u00f3zsa Gy\u00f6rgy.  Pe strada Kossuth veti gasi statuia poetului S\u00e1ndor Pet\u0151fi, iar statuia lui E\u00f6tv\u00f6s J\u00f3zsef in fata scolii care poarta numele lui si in sfarsit statuia Eroilor pe strada Kossuth Lajos.<\/p>\n<p>Centrul vietii culturale locale este Centrul Cultural Pet\u0151fi. Institutia organizeaza si desfasoara o serie de programe interesante, prezinta creatiile artistilor locali. Totodata organizeaza si programe in domeniul muzicii si artei plastice. Incepand de primavara pana toamna Centrul Cultural organizeaza o serie de festivaluri in diferite spatii publice ale orasului.<\/p>\n<p>In aceeas cladire se gaseste Biblioteca Publica locala. Alaturi de rolurile de baza Biblioteca organizeaza periodic intilniri intre cititori si scriitori, discutii tematice. De aceasta biblioteca se leaga si manifestatia de succes national si international \u201e Pierde-ti o carte\u201d.<\/p>\n<p><a href=\"https:\/\/gyoparosfurdo-oroshaza.hu\/ro\/programok\/nagy-gyula-muzeum\" title=\"Muzeul Gyula Nagy\">Muzeul Gyula Nagy<\/a>  isi intimpina vizitatorii cu expozitii permanente si temporale, care prezinta atat istoria localitatii cat si etnografia acesteia. Sunt expuse ocupatiile traditionale, portul popular din Campie. Alaturi de etnografie muzeul prezinta exponate de arheologie, cateva colegi al muzeului fiind arheologi activi. Astfel in ultimii ani muzeul a devenit de importanta nationala.<\/p>\n<p>Va racomandam o vizita si la <a href=\"\/ro\/programok\/darvas-jozsef-emlekhaz\" title=\"Casa literara J\u00f3zsef Darvas\">Casa literara J\u00f3zsef Darvas<\/a>, unde se gaseste biblioteca personala a scriitorului, nascut la Orosh\u00e1za in secol trecut.  <\/p>\n<h3>Galeria de foto<\/h3>\n\n<div class=\"ngg-galleryoverview\" id=\"ngg-gallery-23-26096\">\n\n\n\t\n\t<!-- Thumbnails -->\n\t\t\n\t<div id=\"ngg-image-169\" class=\"ngg-gallery-thumbnail-box\"  >\n\t\t<div class=\"ngg-gallery-thumbnail\" >\n\t\t\t<a href=\"https:\/\/gyoparosfurdo-oroshaza.hu\/wp-content\/gallery\/kultura\/kultura_1.jpg\" title=\"Sz\u00e1nt\u00f3-Kov\u00e1cs J\u00e1nos m\u00fazeum\" class=\"thickbox\" rel=\"set_23\" >\n\t\t\t\t\t\t\t\t<img title=\"Sz\u00e1nt\u00f3-Kov\u00e1cs J\u00e1nos m\u00fazeum\" alt=\"Sz\u00e1nt\u00f3-Kov\u00e1cs J\u00e1nos m\u00fazeum\" src=\"https:\/\/gyoparosfurdo-oroshaza.hu\/wp-content\/gallery\/kultura\/thumbs\/thumbs_kultura_1.jpg\" width=\"120\" height=\"95\" \/>\n\t\t\t\t\t\t\t<\/a>\n\t\t<\/div>\n\t<\/div>\n\t\n\t\t\n \t\t\n\t<div id=\"ngg-image-170\" class=\"ngg-gallery-thumbnail-box\"  >\n\t\t<div class=\"ngg-gallery-thumbnail\" >\n\t\t\t<a href=\"https:\/\/gyoparosfurdo-oroshaza.hu\/wp-content\/gallery\/kultura\/kultura_2.jpg\" title=\"Darvas J\u00f3zsef eml\u00e9kh\u00e1z\" class=\"thickbox\" rel=\"set_23\" >\n\t\t\t\t\t\t\t\t<img title=\"Darvas J\u00f3zsef eml\u00e9kh\u00e1z\" alt=\"Darvas J\u00f3zsef eml\u00e9kh\u00e1z\" src=\"https:\/\/gyoparosfurdo-oroshaza.hu\/wp-content\/gallery\/kultura\/thumbs\/thumbs_kultura_2.jpg\" width=\"120\" height=\"95\" \/>\n\t\t\t\t\t\t\t<\/a>\n\t\t<\/div>\n\t<\/div>\n\t\n\t\t\n \t\t\n\t<div id=\"ngg-image-171\" class=\"ngg-gallery-thumbnail-box\"  >\n\t\t<div class=\"ngg-gallery-thumbnail\" >\n\t\t\t<a href=\"https:\/\/gyoparosfurdo-oroshaza.hu\/wp-content\/gallery\/kultura\/kultura_3.jpg\" title=\"Orosh\u00e1zi v\u00e1rosi k\u00f6nyvt\u00e1r\" class=\"thickbox\" rel=\"set_23\" >\n\t\t\t\t\t\t\t\t<img title=\"Orosh\u00e1zi v\u00e1rosi k\u00f6nyvt\u00e1r\" alt=\"Orosh\u00e1zi v\u00e1rosi k\u00f6nyvt\u00e1r\" src=\"https:\/\/gyoparosfurdo-oroshaza.hu\/wp-content\/gallery\/kultura\/thumbs\/thumbs_kultura_3.jpg\" width=\"120\" height=\"95\" \/>\n\t\t\t\t\t\t\t<\/a>\n\t\t<\/div>\n\t<\/div>\n\t\n\t\t\n \t\t\n\t<div id=\"ngg-image-172\" class=\"ngg-gallery-thumbnail-box\"  >\n\t\t<div class=\"ngg-gallery-thumbnail\" >\n\t\t\t<a href=\"https:\/\/gyoparosfurdo-oroshaza.hu\/wp-content\/gallery\/kultura\/kultura_4.jpg\" title=\"Pet\u0151fi M\u0171vel\u0151d\u00e9si K\u00f6zpont\" class=\"thickbox\" rel=\"set_23\" >\n\t\t\t\t\t\t\t\t<img title=\"Pet\u0151fi M\u0171vel\u0151d\u00e9si K\u00f6zpont\" alt=\"Pet\u0151fi M\u0171vel\u0151d\u00e9si K\u00f6zpont\" src=\"https:\/\/gyoparosfurdo-oroshaza.hu\/wp-content\/gallery\/kultura\/thumbs\/thumbs_kultura_4.jpg\" width=\"120\" height=\"95\" \/>\n\t\t\t\t\t\t\t<\/a>\n\t\t<\/div>\n\t<\/div>\n\t\n\t\t\n \t \t\n\t<!-- Pagination -->\n \t<div class='ngg-clear'><\/div>\n \t\n<\/div>\n\n\n<\/div>\n","protected":false},"excerpt":{"rendered":"<p>Oras multicolor, cultura multicolora Orosh\u00e1za este un oras cu mostenire culturala bogata in primul rind in domenul de muzica, arta plastica si literatura. Mostenirea culturala este conservata si dezvoltata de institutiile culturale locale. Oferta culturala al orasului reflecta nu numai &hellip; <a href=\"https:\/\/gyoparosfurdo-oroshaza.hu\/ro\/programe\/pentru-amatori-de-cultura\">Folytat\u00e1s <span class=\"meta-nav\">&rarr;<\/span><\/a><\/p>\n","protected":false},"author":6,"featured_media":0,"parent":26027,"menu_order":0,"comment_status":"closed","ping_status":"closed","template":"","meta":[],"_links":{"self":[{"href":"https:\/\/gyoparosfurdo-oroshaza.hu\/ro\/wp-json\/wp\/v2\/pages\/26096"}],"collection":[{"href":"https:\/\/gyoparosfurdo-oroshaza.hu\/ro\/wp-json\/wp\/v2\/pages"}],"about":[{"href":"https:\/\/gyoparosfurdo-oroshaza.hu\/ro\/wp-json\/wp\/v2\/types\/page"}],"author":[{"embeddable":true,"href":"https:\/\/gyoparosfurdo-oroshaza.hu\/ro\/wp-json\/wp\/v2\/users\/6"}],"replies":[{"embeddable":true,"href":"https:\/\/gyoparosfurdo-oroshaza.hu\/ro\/wp-json\/wp\/v2\/comments?post=26096"}],"version-history":[{"count":0,"href":"https:\/\/gyoparosfurdo-oroshaza.hu\/ro\/wp-json\/wp\/v2\/pages\/26096\/revisions"}],"up":[{"embeddable":true,"href":"https:\/\/gyoparosfurdo-oroshaza.hu\/ro\/wp-json\/wp\/v2\/pages\/26027"}],"wp:attachment":[{"href":"https:\/\/gyoparosfurdo-oroshaza.hu\/ro\/wp-json\/wp\/v2\/media?parent=26096"}],"curies":[{"name":"wp","href":"https:\/\/api.w.org\/{rel}","templated":true}]}}