{"id":26086,"date":"2012-04-13T12:13:54","date_gmt":"2012-04-13T10:13:54","guid":{"rendered":"https:\/\/gyoparosfurdo-oroshaza.hu\/pentru-biciclisti"},"modified":"2012-04-13T12:13:54","modified_gmt":"2012-04-13T11:13:54","slug":"pentru-biciclisti","status":"publish","type":"page","link":"https:\/\/gyoparosfurdo-oroshaza.hu\/ro\/programe\/pentru-biciclisti","title":{"rendered":"Pentru bicicli\u0219ti"},"content":{"rendered":"<div class=\"topten_grid_container topten_page\"><div class=\"topten_grid_item\"><span class=\"h3\">Programe Top<\/span><a href=\"\/ro\/programe\/in-timp-de-vara\" class=\"topten_in-timp-de-vara first\">In timp de vara &raquo;<\/a><a href=\"\/ro\/programe\/tineri\" class=\"topten_tineri\">Pentru tineri &raquo;<\/a><a href=\"\/ro\/programe\/pentru-amatori-de-sport\" class=\"topten_pentru-amatori-de-sport first\">Amatori de sport &raquo;<\/a><a href=\"\/ro\/programe\/cu-masina\" class=\"topten_cu-masina\">Cu masina &raquo;<\/a><a href=\"\/ro\/programe\/pentru-amatori-de-cultura\" class=\"topten_pentru-amatori-de-cultura first\">Amatori de cultura &raquo;<\/a><a href=\"\/ro\/programe\/pentru-o-singura-saptamana\" class=\"topten_pentru-o-singura-saptamana\">Saptamana &raquo;<\/a><a href=\"\/ro\/programe\/pentru-pescatori\" class=\"topten_pentru-pescatori first\">Pentru pescatori  &raquo;<\/a><a href=\"\/ro\/programe\/pentru-fotografi\" class=\"topten_pentru-fotografi\">Pentru fotografi &raquo;<\/a><a href=\"\/ro\/programe\/in-timp-de-iarna\" class=\"topten_in-timp-de-iarna first\">In timp de iarna  &raquo;<\/a><a href=\"\/ro\/programe\/pentru-familii\" class=\"topten_pentru-familii\">Pentru familii &raquo;<\/a><a href=\"\/ro\/programe\/pentru-cupluri\" class=\"topten_pentru-cupluri first\">Pentru cupluri &raquo;<\/a><a href=\"\/ro\/programe\/pentru-o-singura-zi\" class=\"topten_pentru-o-singura-zi\">O singura zi &raquo;<\/a><a href=\"\/ro\/programe\/pentru-biciclisti\" class=\"topten_pentru-biciclisti first active\">Pentru biciclisti &raquo;<\/a><a href=\"\/ro\/programe\/programe-pentru-un-week-end\" class=\"topten_programe-pentru-un-week-end\">Un week-end &raquo;<\/a><\/div><a href=\"https:\/\/gyoparosfurdo-oroshaza.hu\/ro\/programok\/szabadkigyos\" title=\"Szabadk\u00edgy\u00f3s\" class=\"topten_grid_item\"><span class=\"number\">1<\/span><img width=\"290\" height=\"230\" src=\"https:\/\/gyoparosfurdo-oroshaza.hu\/wp-content\/uploads\/2012\/04\/Szabadkigyos.jpg\" class=\"lazyload wp-post-image\" alt=\"\" loading=\"lazy\" \/><span class=\"title\">Szabadk\u00edgy\u00f3s<\/span><span class=\"text\">Szabadk\u00edgy\u00f3s este o localitate cu doar 3000 de locuitori, situata la sud de la orasul B\u00e9k\u00e9scsaba.<\/span><\/a><a href=\"https:\/\/gyoparosfurdo-oroshaza.hu\/ro\/programok\/strandolas-gyoparosfurdon\" title=\"Sc\u0103ldat \u00een Gyop\u00e1rosf\u00fcrd\u0151\" class=\"topten_grid_item\"><span class=\"number\">2<\/span><img width=\"290\" height=\"230\" src=\"https:\/\/gyoparosfurdo-oroshaza.hu\/wp-content\/uploads\/2012\/04\/Strandol\u00e1s_gyoparosfurdon.jpg\" class=\"lazyload wp-post-image\" alt=\"\" loading=\"lazy\" \/><span class=\"title\">Sc\u0103ldat \u00een Gyop\u00e1rosf\u00fcrd\u0151<\/span><span class=\"text\">Balaceala dupa o zi placuta, senzatia racoritoare a apei, jocuri cu mingea in apa cristalina si placuta.<\/span><\/a><a href=\"https:\/\/gyoparosfurdo-oroshaza.hu\/ro\/programok\/oroshazi-templomok\" title=\"Orosh\u00e1za biserici\" class=\"topten_grid_item\"><span class=\"number\">3<\/span><img width=\"290\" height=\"230\" src=\"https:\/\/gyoparosfurdo-oroshaza.hu\/wp-content\/uploads\/2012\/04\/Oroshazi_templomok.jpg\" class=\"lazyload wp-post-image\" alt=\"\" loading=\"lazy\" \/><span class=\"title\">Orosh\u00e1za biserici<\/span><span class=\"text\">Ora\u015ful Orosh\u00e1za a fost \u00eentemeiat de Luteranii prigoni\u0163i pentru credin\u0163a lor, p\u00e2n\u0103 \u00een ziua de azi majoritatea localnicilor sunt Luteran.<\/span><\/a><a href=\"https:\/\/gyoparosfurdo-oroshaza.hu\/ro\/programok\/oroshazi-szobortura\" title=\"Sculptura turneu \u00een Orosh\u00e1za\" class=\"topten_grid_item\"><span class=\"number\">4<\/span><img width=\"290\" height=\"230\" src=\"https:\/\/gyoparosfurdo-oroshaza.hu\/wp-content\/uploads\/2012\/04\/Oroshazi_szobortura.jpg\" class=\"lazyload wp-post-image\" alt=\"\" loading=\"lazy\" \/><span class=\"title\">Sculptura turneu \u00een Orosh\u00e1za<\/span><span class=\"text\">Puteti sa incepeti tura de vizitat statuile orasului la piata Gy\u0151ri Vilmos, unde veti gasi statuia lui Sf Stefan.<\/span><\/a><a href=\"https:\/\/gyoparosfurdo-oroshaza.hu\/ro\/programok\/tatarsanc\" title=\"Tat\u00e1rs\u00e1nc\" class=\"topten_grid_item\"><span class=\"number\">5<\/span><img width=\"290\" height=\"230\" src=\"https:\/\/gyoparosfurdo-oroshaza.hu\/wp-content\/uploads\/2012\/04\/Tatarsanc.jpg\" class=\"lazyload wp-post-image\" alt=\"\" loading=\"lazy\" \/><span class=\"title\">Tat\u00e1rs\u00e1nc<\/span><span class=\"text\">Formatiunile ierboase naturale din hotarul orasului Orosh\u00e1za si a satului Pusztaf\u00f6ldv\u00e1r este un loc de vizitat.<\/span><\/a><a href=\"https:\/\/gyoparosfurdo-oroshaza.hu\/ro\/programok\/gellertegyhaza-tortenelmi-park\" title=\"Parcul istoric de la Gell\u00e9rtegyh\u00e1za\" class=\"topten_grid_item\"><span class=\"number\">6<\/span><img width=\"290\" height=\"230\" src=\"https:\/\/gyoparosfurdo-oroshaza.hu\/wp-content\/uploads\/2012\/11\/gell.jpg\" class=\"lazyload wp-post-image\" alt=\"\" loading=\"lazy\" \/><span class=\"title\">Parcul istoric de la Gell\u00e9rtegyh\u00e1za<\/span><span class=\"text\">Pe baza trecutului istoric al Ungariei si al natiunii maghiare, parcul este destinat istoriei nationale.<\/span><\/a><a href=\"https:\/\/gyoparosfurdo-oroshaza.hu\/ro\/programok\/szlovak-tajjellegu-tanya\" title=\"Ferm\u0103 tradi\u021bional\u0103 slovac\u0103\" class=\"topten_grid_item\"><span class=\"number\">7<\/span><img width=\"290\" height=\"230\" src=\"https:\/\/gyoparosfurdo-oroshaza.hu\/wp-content\/uploads\/2012\/11\/ger.jpg\" class=\"lazyload wp-post-image\" alt=\"\" loading=\"lazy\" \/><span class=\"title\">Ferm\u0103 tradi\u021bional\u0103 slovac\u0103<\/span><span class=\"text\">Astfel au tr\u0103it slovacii din jude\u021bul B\u00e9k\u00e9s: ferma tradi\u021bional\u0103 slovac\u0103 din Csorv\u00e1s<\/span><\/a><a href=\"https:\/\/gyoparosfurdo-oroshaza.hu\/ro\/programok\/vasarhelyi-breda-kastely\" title=\"Castelul din L\u00f6k\u00f6sh\u00e1za\" class=\"topten_grid_item\"><span class=\"number\">8<\/span><img width=\"290\" height=\"230\" src=\"https:\/\/gyoparosfurdo-oroshaza.hu\/wp-content\/uploads\/2017\/03\/lokoshazi-breda-ejszaka.jpg\" class=\"lazyload wp-post-image\" alt=\"\" loading=\"lazy\" \/><span class=\"title\">Castelul din L\u00f6k\u00f6sh\u00e1za<\/span><span class=\"text\">L\u00f6k\u00f6sh\u00e1za cu un parc de stil mediteranean V\u0103 a\u0219teapt\u0103 cu programe speciale.<\/span><\/a><div class=\"clear\"><\/div><\/div>\n<div class=\"W560\">\n<span class=\"h3\">Desi majoritatea biciclistilor prefera zona muntoasa, noi totusi facem reclama la ture in zone de campie.<\/span><\/p>\n<h2>Primul avantaj este evident: nu trebuie sa urcati sus pe munte pe doua roti si se vede din departare turnul bisericii sau turnul de apa a satul urmator.<\/h2>\n<p> Si in ultimul rand spre deosebire de ture facute in zone paduroase aici nu sunt capuse. <\/p>\n<p>Pentru cei care cauta salanj extrem racomandam vantul local, care bate mereu din fata, oricare directie mergeti.<\/p>\n<p>Kardosk\u00fat-Centrul Puszta, Lacul alb: indiferent de stare fizica si experienta oricine poate sa faca aceasta tura de 30 de km tur-retur. Destinatia finala este Rezervatia Lacului Alb prin satul Kardosk\u00fat, care apartine Parcului National Cris-Mures. Aici puteti vizita flora si fauna speciala, farmul care pastreaza traditiile nationale, cu specii de vita si muflon originale in Ungaria ( Numele stiintifica: Ovis ammon f. aries, Ovis aries strepsiceros hungaricus si Bos primigenius taurus hungaricus). Biciclistii cu experienta pot ajunge la Orosh\u00e1za din directia satului Sz\u00e9kkutas. Cei ultimii 10 km din tura merge pe drumul principal. Deci racomandam numai pentru biciclisti cu experienta in trafic aglomerat.<\/p>\n<p>Pusztaf\u00f6ldv\u00e1r, Tat\u00e1rs\u00e1nc (Santul tatarilor): este o destinatie situata la o distanta doar de 30 de kilometri. Destinatia finala este Pusztaf\u00f6ldv\u00e1r, santul tatar, in directia sud-est la hotarul satului. Avarii au contruit doua santuri, unu mic si unu mare, spre sfarsitul epocii de bronz, intre secolele VIII-V B.C. Contrar numelui, nu are nici o legatura cu tatari.<\/p>\n<p>Nagym\u00e1gocs, Castelul K\u00e1rolyi: este o tura populara, fiindca puteti petrece o intreaga zi plcuta aici. Castelul se afla la o distanta de 12 km de la Orosh\u00e1za. Construit intre 1896-1897 in stil neogotic. O parte a cladirii a fost contruit pe baza proiectului facut de Ybl Mikl\u00f3s. Cladirea s-a pastrat in forma originala, azi functioneaza ca si casa de batrani. Cu parcul englez de 40 hectare este o destinatie populara pentru excursii.<\/p>\n<\/div>\n","protected":false},"excerpt":{"rendered":"<p>Desi majoritatea biciclistilor prefera zona muntoasa, noi totusi facem reclama la ture in zone de campie. Primul avantaj este evident: nu trebuie sa urcati sus pe munte pe doua roti si se vede din departare turnul bisericii sau turnul de &hellip; <a href=\"https:\/\/gyoparosfurdo-oroshaza.hu\/ro\/programe\/pentru-biciclisti\">Folytat\u00e1s <span class=\"meta-nav\">&rarr;<\/span><\/a><\/p>\n","protected":false},"author":6,"featured_media":0,"parent":26027,"menu_order":0,"comment_status":"closed","ping_status":"closed","template":"","meta":[],"_links":{"self":[{"href":"https:\/\/gyoparosfurdo-oroshaza.hu\/ro\/wp-json\/wp\/v2\/pages\/26086"}],"collection":[{"href":"https:\/\/gyoparosfurdo-oroshaza.hu\/ro\/wp-json\/wp\/v2\/pages"}],"about":[{"href":"https:\/\/gyoparosfurdo-oroshaza.hu\/ro\/wp-json\/wp\/v2\/types\/page"}],"author":[{"embeddable":true,"href":"https:\/\/gyoparosfurdo-oroshaza.hu\/ro\/wp-json\/wp\/v2\/users\/6"}],"replies":[{"embeddable":true,"href":"https:\/\/gyoparosfurdo-oroshaza.hu\/ro\/wp-json\/wp\/v2\/comments?post=26086"}],"version-history":[{"count":0,"href":"https:\/\/gyoparosfurdo-oroshaza.hu\/ro\/wp-json\/wp\/v2\/pages\/26086\/revisions"}],"up":[{"embeddable":true,"href":"https:\/\/gyoparosfurdo-oroshaza.hu\/ro\/wp-json\/wp\/v2\/pages\/26027"}],"wp:attachment":[{"href":"https:\/\/gyoparosfurdo-oroshaza.hu\/ro\/wp-json\/wp\/v2\/media?parent=26086"}],"curies":[{"name":"wp","href":"https:\/\/api.w.org\/{rel}","templated":true}]}}