{"id":26076,"date":"2012-04-13T12:13:10","date_gmt":"2012-04-13T10:13:10","guid":{"rendered":"https:\/\/gyoparosfurdo-oroshaza.hu\/pentru-pescatori"},"modified":"2012-04-13T12:13:10","modified_gmt":"2012-04-13T11:13:10","slug":"pentru-pescatori","status":"publish","type":"page","link":"https:\/\/gyoparosfurdo-oroshaza.hu\/ro\/programe\/pentru-pescatori","title":{"rendered":"Pentru pescatori"},"content":{"rendered":"<div class=\"topten_grid_container topten_page\"><div class=\"topten_grid_item\"><span class=\"h3\">Programe Top<\/span><a href=\"\/ro\/programe\/tineri\" class=\"topten_tineri first\">Pentru tineri &raquo;<\/a><a href=\"\/ro\/programe\/pentru-amatori-de-sport\" class=\"topten_pentru-amatori-de-sport\">Amatori de sport &raquo;<\/a><a href=\"\/ro\/programe\/cu-masina\" class=\"topten_cu-masina first\">Cu masina &raquo;<\/a><a href=\"\/ro\/programe\/pentru-amatori-de-cultura\" class=\"topten_pentru-amatori-de-cultura\">Amatori de cultura &raquo;<\/a><a href=\"\/ro\/programe\/pentru-o-singura-saptamana\" class=\"topten_pentru-o-singura-saptamana first\">Saptamana &raquo;<\/a><a href=\"\/ro\/programe\/pentru-pescatori\" class=\"topten_pentru-pescatori active\">Pentru pescatori  &raquo;<\/a><a href=\"\/ro\/programe\/pentru-fotografi\" class=\"topten_pentru-fotografi first\">Pentru fotografi &raquo;<\/a><a href=\"\/ro\/programe\/in-timp-de-iarna\" class=\"topten_in-timp-de-iarna\">In timp de iarna  &raquo;<\/a><a href=\"\/ro\/programe\/pentru-familii\" class=\"topten_pentru-familii first\">Pentru familii &raquo;<\/a><a href=\"\/ro\/programe\/pentru-cupluri\" class=\"topten_pentru-cupluri\">Pentru cupluri &raquo;<\/a><a href=\"\/ro\/programe\/pentru-o-singura-zi\" class=\"topten_pentru-o-singura-zi first\">O singura zi &raquo;<\/a><a href=\"\/ro\/programe\/pentru-biciclisti\" class=\"topten_pentru-biciclisti\">Pentru biciclisti &raquo;<\/a><a href=\"\/ro\/programe\/programe-pentru-un-week-end\" class=\"topten_programe-pentru-un-week-end first\">Un week-end &raquo;<\/a><a href=\"\/ro\/programe\/in-timp-de-vara\" class=\"topten_in-timp-de-vara\">In timp de vara &raquo;<\/a><\/div><a href=\"https:\/\/gyoparosfurdo-oroshaza.hu\/ro\/programok\/strandolas-gyoparosfurdon\" title=\"Sc\u0103ldat \u00een Gyop\u00e1rosf\u00fcrd\u0151\" class=\"topten_grid_item\"><span class=\"number\">1<\/span><img width=\"290\" height=\"230\" src=\"https:\/\/gyoparosfurdo-oroshaza.hu\/wp-content\/uploads\/2012\/04\/Strandol\u00e1s_gyoparosfurdon.jpg\" class=\"lazyload wp-post-image\" alt=\"\" loading=\"lazy\" \/><span class=\"title\">Sc\u0103ldat \u00een Gyop\u00e1rosf\u00fcrd\u0151<\/span><span class=\"text\">Balaceala dupa o zi placuta, senzatia racoritoare a apei, jocuri cu mingea in apa cristalina si placuta.<\/span><\/a><a href=\"https:\/\/gyoparosfurdo-oroshaza.hu\/ro\/programok\/horgasztavak\" title=\"Lacuri de pescuit\" class=\"topten_grid_item\"><span class=\"number\">2<\/span><img width=\"290\" height=\"230\" src=\"https:\/\/gyoparosfurdo-oroshaza.hu\/wp-content\/uploads\/2012\/04\/Horgasztavak.jpg\" class=\"lazyload wp-post-image\" alt=\"\" loading=\"lazy\" \/><span class=\"title\">Lacuri de pescuit<\/span><span class=\"text\">Spre bucuria pestilor si al pescarilor judetul B\u00e9k\u00e9s este foarte bogat in ape populate cu peste.<\/span><\/a><div class=\"clear\"><\/div><\/div>\n<div class=\"W560\">\n<span class=\"h3\">Marele pescar a iesit din incurcatura<\/span><\/p>\n<h2>Spre bucuria pescarilor judetul B\u00e9k\u00e9s si orasul Orosh\u00e1za este foarte bogat in ape populate cu peste, un adevarat paradis pentru amatorii acestui sport. Isi vor gasi satisfactia si cei care considera pescuitul decat o sursa de distractie.<\/h2>\n<p>La Orosh\u00e1za numai lacuri stau la dispozitia pescarilor, dintre care va racomandam:<br \/>\nLacul de sud din sistemul de lacuri Gyop\u00e1ros: pescuitul este permis de la dimineata pana la seara,  in afara zilei Sambata si zilelor de sarbatoare. <\/p>\n<p><img loading=\"lazy\" src=\"\/wp-content\/uploads\/2012\/04\/horgaszas_oroshaza_illu2.jpg\" alt=\"Marele pescar a iesit din incurcatura\" title=\"Marele pescar a iesit din incurcatura\" width=\"190\" height=\"152\" class=\"alignleft\" \/>Lacul care s-a format in gropile excavate ale unei foste exploatari de nisip<br \/>\nLacul a devenit un loc de pescuit popular, vizitat des atat de pescari locali cat si din imprejurimi. Amenajarea lacului este efectuata de societatea locala de pescuit cu numele Kinizsi Horg\u00e1sz Egyes\u00fclet. Pe malul lacului se gaseste cladirea societatii destinata pentru diferite evenimente si pentru personalul de paza. Tot aici puteti citi cele mai importante informatii in legatura cu numerele de telefon al personalului si referitor la apa.  Specii care se gasesc in lac sunt urmatoarele: crap, stiuca, peste pisica, amur, biban, rosioara, etc.<br \/>\n(Adresa: Orosh\u00e1za, Str. Szentesi)<\/p>\n<p>Lacul care s-a format in gropile exploatarii efectuate de fosta fabrica de caramida<br \/>\nPescarii pot alege din trei posibilitati: pot cumpara bilete de zi la bufet, pe malul lacului. Apa este bogata in pesti mari. Totodata lacul este ideal pentru pescuit sportiv. In bufet puteti cumpara diferite racoritoare si articole de pescuit. Copii sunt intimpinati de loc de joaca, iar adultii au posibilitate sa gateasca in cuptor cu foc de lemne.<br \/>\n(Adresa: Gyop\u00e1rosi ugarok 6).<\/p>\n<p>Noul lac care s-a format in gropile excavate ale unei foste exploatari de nisip<br \/>\nLoc ideal pentru pescuit la boilis cu posibilitate sa prindeti pesti mari! In timp de sfarsit de saptamana aveti posibilitate sa stati la cort. Proprietarii lacului se ocupa cu amenajarea locurilor pentru pescuit construite.<\/p>\n<p>(Adresa: Orosh\u00e1za, Str. Szentesi) <\/p>\n<p>Pescatorii apasionati de rauri isi vor gasi distractia, fiindca la distante mici vor gasi locuri de pescuit pe Cris intr-una din localitatile:  <a href=\"\/ro\/programok\/szarvas\" title=\"Szarvas\">Szarvas<\/a>, Gyomaendr\u0151d, B\u00e9k\u00e9sszentandr\u00e1s, K\u00f6r\u00f6starcsa, B\u00e9k\u00e9s, Gyula, Sarkad si Szeghalom. Puteti sa mergeti si in judetul Csongr\u00e1d, localitatile cu ape de pescuit Szentes, Csongr\u00e1d, H\u00f3dmez\u0151v\u00e1s\u00e1rhely, M\u00e1rt\u00e9ly, Szeged se afla la o distanta mica.<\/p>\n<p>In oras si imprejurimi va sta la dispozitie o retea complexa de servicii, in magazinele locali si din imrejurimi puteti sa cumparati fara probleme orice articol de pescuit de care aveti nevoie.<\/p>\n<h3>Galeria de foto<\/h3>\n\n<div class=\"ngg-galleryoverview\" id=\"ngg-gallery-42-26076\">\n\n\n\t\n\t<!-- Thumbnails -->\n\t\t\n\t<div id=\"ngg-image-332\" class=\"ngg-gallery-thumbnail-box\"  >\n\t\t<div class=\"ngg-gallery-thumbnail\" >\n\t\t\t<a href=\"https:\/\/gyoparosfurdo-oroshaza.hu\/wp-content\/gallery\/horgaszat\/homokbanya_1.jpg\" title=\"B\u00e9ke \/ Homokb\u00e1nya t\u00f3\" class=\"thickbox\" rel=\"set_42\" >\n\t\t\t\t\t\t\t\t<img title=\"B\u00e9ke \/ Homokb\u00e1nya t\u00f3\" alt=\"B\u00e9ke \/ Homokb\u00e1nya t\u00f3\" src=\"https:\/\/gyoparosfurdo-oroshaza.hu\/wp-content\/gallery\/horgaszat\/thumbs\/thumbs_homokbanya_1.jpg\" width=\"120\" height=\"95\" \/>\n\t\t\t\t\t\t\t<\/a>\n\t\t<\/div>\n\t<\/div>\n\t\n\t\t\n \t\t\n\t<div id=\"ngg-image-333\" class=\"ngg-gallery-thumbnail-box\"  >\n\t\t<div class=\"ngg-gallery-thumbnail\" >\n\t\t\t<a href=\"https:\/\/gyoparosfurdo-oroshaza.hu\/wp-content\/gallery\/horgaszat\/homokbanya_2.jpg\" title=\"B\u00e9ke \/ Homokb\u00e1nya t\u00f3 horg\u00e1szlesr\u0151l\" class=\"thickbox\" rel=\"set_42\" >\n\t\t\t\t\t\t\t\t<img title=\"B\u00e9ke \/ Homokb\u00e1nya t\u00f3 horg\u00e1szlesr\u0151l\" alt=\"B\u00e9ke \/ Homokb\u00e1nya t\u00f3 horg\u00e1szlesr\u0151l\" src=\"https:\/\/gyoparosfurdo-oroshaza.hu\/wp-content\/gallery\/horgaszat\/thumbs\/thumbs_homokbanya_2.jpg\" width=\"120\" height=\"95\" \/>\n\t\t\t\t\t\t\t<\/a>\n\t\t<\/div>\n\t<\/div>\n\t\n\t\t\n \t\t\n\t<div id=\"ngg-image-334\" class=\"ngg-gallery-thumbnail-box\"  >\n\t\t<div class=\"ngg-gallery-thumbnail\" >\n\t\t\t<a href=\"https:\/\/gyoparosfurdo-oroshaza.hu\/wp-content\/gallery\/horgaszat\/homokbanya_3.jpg\" title=\"B\u00e9ke \/ Homokb\u00e1nya t\u00f3 l\u00e1tk\u00e9p\" class=\"thickbox\" rel=\"set_42\" >\n\t\t\t\t\t\t\t\t<img title=\"B\u00e9ke \/ Homokb\u00e1nya t\u00f3 l\u00e1tk\u00e9p\" alt=\"B\u00e9ke \/ Homokb\u00e1nya t\u00f3 l\u00e1tk\u00e9p\" src=\"https:\/\/gyoparosfurdo-oroshaza.hu\/wp-content\/gallery\/horgaszat\/thumbs\/thumbs_homokbanya_3.jpg\" width=\"120\" height=\"95\" \/>\n\t\t\t\t\t\t\t<\/a>\n\t\t<\/div>\n\t<\/div>\n\t\n\t\t\n \t\t\n\t<div id=\"ngg-image-335\" class=\"ngg-gallery-thumbnail-box\"  >\n\t\t<div class=\"ngg-gallery-thumbnail\" >\n\t\t\t<a href=\"https:\/\/gyoparosfurdo-oroshaza.hu\/wp-content\/gallery\/horgaszat\/homokbanya_4.jpg\" title=\"B\u00e9ke \/ Homokb\u00e1nya t\u00f3 m\u00e1sik horg\u00e1szlesr\u0151l\" class=\"thickbox\" rel=\"set_42\" >\n\t\t\t\t\t\t\t\t<img title=\"B\u00e9ke \/ Homokb\u00e1nya t\u00f3 m\u00e1sik horg\u00e1szlesr\u0151l\" alt=\"B\u00e9ke \/ Homokb\u00e1nya t\u00f3 m\u00e1sik horg\u00e1szlesr\u0151l\" src=\"https:\/\/gyoparosfurdo-oroshaza.hu\/wp-content\/gallery\/horgaszat\/thumbs\/thumbs_homokbanya_4.jpg\" width=\"120\" height=\"95\" \/>\n\t\t\t\t\t\t\t<\/a>\n\t\t<\/div>\n\t<\/div>\n\t\n\t\t\n \t\t\n\t<div id=\"ngg-image-336\" class=\"ngg-gallery-thumbnail-box\"  >\n\t\t<div class=\"ngg-gallery-thumbnail\" >\n\t\t\t<a href=\"https:\/\/gyoparosfurdo-oroshaza.hu\/wp-content\/gallery\/horgaszat\/homokbanya_5.jpg\" title=\"B\u00e9ke \/ Homokb\u00e1nya t\u00f3 k\u00f3csaggal\" class=\"thickbox\" rel=\"set_42\" >\n\t\t\t\t\t\t\t\t<img title=\"B\u00e9ke \/ Homokb\u00e1nya t\u00f3 k\u00f3csaggal\" alt=\"B\u00e9ke \/ Homokb\u00e1nya t\u00f3 k\u00f3csaggal\" src=\"https:\/\/gyoparosfurdo-oroshaza.hu\/wp-content\/gallery\/horgaszat\/thumbs\/thumbs_homokbanya_5.jpg\" width=\"120\" height=\"95\" \/>\n\t\t\t\t\t\t\t<\/a>\n\t\t<\/div>\n\t<\/div>\n\t\n\t\t\n \t\t\n\t<div id=\"ngg-image-337\" class=\"ngg-gallery-thumbnail-box\"  >\n\t\t<div class=\"ngg-gallery-thumbnail\" >\n\t\t\t<a href=\"https:\/\/gyoparosfurdo-oroshaza.hu\/wp-content\/gallery\/horgaszat\/homokbanya_6.jpg\" title=\"B\u00e9ke \/ Homokb\u00e1nya t\u00f3 naplement\u00e9ben\" class=\"thickbox\" rel=\"set_42\" >\n\t\t\t\t\t\t\t\t<img title=\"B\u00e9ke \/ Homokb\u00e1nya t\u00f3 naplement\u00e9ben\" alt=\"B\u00e9ke \/ Homokb\u00e1nya t\u00f3 naplement\u00e9ben\" src=\"https:\/\/gyoparosfurdo-oroshaza.hu\/wp-content\/gallery\/horgaszat\/thumbs\/thumbs_homokbanya_6.jpg\" width=\"120\" height=\"95\" \/>\n\t\t\t\t\t\t\t<\/a>\n\t\t<\/div>\n\t<\/div>\n\t\n\t\t\n \t\t\n\t<div id=\"ngg-image-338\" class=\"ngg-gallery-thumbnail-box\"  >\n\t\t<div class=\"ngg-gallery-thumbnail\" >\n\t\t\t<a href=\"https:\/\/gyoparosfurdo-oroshaza.hu\/wp-content\/gallery\/horgaszat\/uj_homokbanya_1.jpg\" title=\"\u00daj homokb\u00e1nya ki\u00e9p\u00edtett horg\u00e1szles\" class=\"thickbox\" rel=\"set_42\" >\n\t\t\t\t\t\t\t\t<img title=\"\u00daj homokb\u00e1nya ki\u00e9p\u00edtett horg\u00e1szles \" alt=\"\u00daj homokb\u00e1nya ki\u00e9p\u00edtett horg\u00e1szles \" src=\"https:\/\/gyoparosfurdo-oroshaza.hu\/wp-content\/gallery\/horgaszat\/thumbs\/thumbs_uj_homokbanya_1.jpg\" width=\"120\" height=\"95\" \/>\n\t\t\t\t\t\t\t<\/a>\n\t\t<\/div>\n\t<\/div>\n\t\n\t\t\n \t\t\n\t<div id=\"ngg-image-339\" class=\"ngg-gallery-thumbnail-box\"  >\n\t\t<div class=\"ngg-gallery-thumbnail\" >\n\t\t\t<a href=\"https:\/\/gyoparosfurdo-oroshaza.hu\/wp-content\/gallery\/horgaszat\/uj_homokbanya_2.jpg\" title=\"\u00daj homokb\u00e1nya t\u00f3\" class=\"thickbox\" rel=\"set_42\" >\n\t\t\t\t\t\t\t\t<img title=\"\u00daj homokb\u00e1nya t\u00f3\" alt=\"\u00daj homokb\u00e1nya t\u00f3\" src=\"https:\/\/gyoparosfurdo-oroshaza.hu\/wp-content\/gallery\/horgaszat\/thumbs\/thumbs_uj_homokbanya_2.jpg\" width=\"120\" height=\"95\" \/>\n\t\t\t\t\t\t\t<\/a>\n\t\t<\/div>\n\t<\/div>\n\t\n\t\t\n \t \t\n\t<!-- Pagination -->\n \t<div class='ngg-clear'><\/div>\n \t\n<\/div>\n\n\n","protected":false},"excerpt":{"rendered":"<p>Marele pescar a iesit din incurcatura Spre bucuria pescarilor judetul B\u00e9k\u00e9s si orasul Orosh\u00e1za este foarte bogat in ape populate cu peste, un adevarat paradis pentru amatorii acestui sport. Isi vor gasi satisfactia si cei care considera pescuitul decat o &hellip; <a href=\"https:\/\/gyoparosfurdo-oroshaza.hu\/ro\/programe\/pentru-pescatori\">Folytat\u00e1s <span class=\"meta-nav\">&rarr;<\/span><\/a><\/p>\n","protected":false},"author":6,"featured_media":0,"parent":26027,"menu_order":0,"comment_status":"closed","ping_status":"closed","template":"","meta":[],"_links":{"self":[{"href":"https:\/\/gyoparosfurdo-oroshaza.hu\/ro\/wp-json\/wp\/v2\/pages\/26076"}],"collection":[{"href":"https:\/\/gyoparosfurdo-oroshaza.hu\/ro\/wp-json\/wp\/v2\/pages"}],"about":[{"href":"https:\/\/gyoparosfurdo-oroshaza.hu\/ro\/wp-json\/wp\/v2\/types\/page"}],"author":[{"embeddable":true,"href":"https:\/\/gyoparosfurdo-oroshaza.hu\/ro\/wp-json\/wp\/v2\/users\/6"}],"replies":[{"embeddable":true,"href":"https:\/\/gyoparosfurdo-oroshaza.hu\/ro\/wp-json\/wp\/v2\/comments?post=26076"}],"version-history":[{"count":0,"href":"https:\/\/gyoparosfurdo-oroshaza.hu\/ro\/wp-json\/wp\/v2\/pages\/26076\/revisions"}],"up":[{"embeddable":true,"href":"https:\/\/gyoparosfurdo-oroshaza.hu\/ro\/wp-json\/wp\/v2\/pages\/26027"}],"wp:attachment":[{"href":"https:\/\/gyoparosfurdo-oroshaza.hu\/ro\/wp-json\/wp\/v2\/media?parent=26076"}],"curies":[{"name":"wp","href":"https:\/\/api.w.org\/{rel}","templated":true}]}}