{"id":26069,"date":"2012-04-13T12:12:46","date_gmt":"2012-04-13T10:12:46","guid":{"rendered":"https:\/\/gyoparosfurdo-oroshaza.hu\/programe-pentru-un-week-end"},"modified":"2012-04-13T12:12:46","modified_gmt":"2012-04-13T11:12:46","slug":"programe-pentru-un-week-end","status":"publish","type":"page","link":"https:\/\/gyoparosfurdo-oroshaza.hu\/ro\/programe\/programe-pentru-un-week-end","title":{"rendered":"Programe pentru un week-end"},"content":{"rendered":"<div class=\"topten_grid_container topten_page\"><div class=\"topten_grid_item\"><span class=\"h3\">Programe Top<\/span><a href=\"\/ro\/programe\/pentru-o-singura-saptamana\" class=\"topten_pentru-o-singura-saptamana first\">Saptamana &raquo;<\/a><a href=\"\/ro\/programe\/pentru-pescatori\" class=\"topten_pentru-pescatori\">Pentru pescatori  &raquo;<\/a><a href=\"\/ro\/programe\/pentru-fotografi\" class=\"topten_pentru-fotografi first\">Pentru fotografi &raquo;<\/a><a href=\"\/ro\/programe\/in-timp-de-iarna\" class=\"topten_in-timp-de-iarna\">In timp de iarna  &raquo;<\/a><a href=\"\/ro\/programe\/pentru-familii\" class=\"topten_pentru-familii first\">Pentru familii &raquo;<\/a><a href=\"\/ro\/programe\/pentru-cupluri\" class=\"topten_pentru-cupluri\">Pentru cupluri &raquo;<\/a><a href=\"\/ro\/programe\/pentru-o-singura-zi\" class=\"topten_pentru-o-singura-zi first\">O singura zi &raquo;<\/a><a href=\"\/ro\/programe\/pentru-biciclisti\" class=\"topten_pentru-biciclisti\">Pentru biciclisti &raquo;<\/a><a href=\"\/ro\/programe\/programe-pentru-un-week-end\" class=\"topten_programe-pentru-un-week-end first active\">Un week-end &raquo;<\/a><a href=\"\/ro\/programe\/in-timp-de-vara\" class=\"topten_in-timp-de-vara\">In timp de vara &raquo;<\/a><a href=\"\/ro\/programe\/tineri\" class=\"topten_tineri first\">Pentru tineri &raquo;<\/a><a href=\"\/ro\/programe\/pentru-amatori-de-sport\" class=\"topten_pentru-amatori-de-sport\">Amatori de sport &raquo;<\/a><a href=\"\/ro\/programe\/cu-masina\" class=\"topten_cu-masina first\">Cu masina &raquo;<\/a><a href=\"\/ro\/programe\/pentru-amatori-de-cultura\" class=\"topten_pentru-amatori-de-cultura\">Amatori de cultura &raquo;<\/a><\/div><a href=\"https:\/\/gyoparosfurdo-oroshaza.hu\/ro\/programok\/elmenyfurdozes-gyoparoson\" title=\"Distractie in Baile Gyop\u00e1ros\" class=\"topten_grid_item\"><span class=\"number\">1<\/span><img width=\"290\" height=\"230\" src=\"https:\/\/gyoparosfurdo-oroshaza.hu\/wp-content\/uploads\/2012\/04\/elmenyfurdo_kiemelt.jpg\" class=\"lazyload wp-post-image\" alt=\"\" loading=\"lazy\" \/><span class=\"title\">Distractie in Baile Gyop\u00e1ros<\/span><span class=\"text\">Complexul, cu o suprafata totala mai mult de sase mii de metri patrati si cu o vasta gama de elemente acvatice Va ofera distractie placuta, un program.<\/span><\/a><a href=\"https:\/\/gyoparosfurdo-oroshaza.hu\/ro\/programok\/strandolas-gyoparosfurdon\" title=\"Sc\u0103ldat \u00een Gyop\u00e1rosf\u00fcrd\u0151\" class=\"topten_grid_item\"><span class=\"number\">2<\/span><img width=\"290\" height=\"230\" src=\"https:\/\/gyoparosfurdo-oroshaza.hu\/wp-content\/uploads\/2012\/04\/Strandol\u00e1s_gyoparosfurdon.jpg\" class=\"lazyload wp-post-image\" alt=\"\" loading=\"lazy\" \/><span class=\"title\">Sc\u0103ldat \u00een Gyop\u00e1rosf\u00fcrd\u0151<\/span><span class=\"text\">Balaceala dupa o zi placuta, senzatia racoritoare a apei, jocuri cu mingea in apa cristalina si placuta.<\/span><\/a><a href=\"https:\/\/gyoparosfurdo-oroshaza.hu\/ro\/programok\/wellness-es-kenyeztetes\" title=\"Rasfatare si wellness\" class=\"topten_grid_item\"><span class=\"number\">3<\/span><img width=\"290\" height=\"230\" src=\"https:\/\/gyoparosfurdo-oroshaza.hu\/wp-content\/uploads\/2012\/05\/3_Wellness.jpg\" class=\"lazyload wp-post-image\" alt=\"\" loading=\"lazy\" \/><span class=\"title\">Rasfatare si wellness<\/span><span class=\"text\">R\u0103sf\u0103\u0163area pentru om este ca \u015fi o atingere romantic\u0103 pe care o pute\u0163i primi la Gyop\u00e1rosf\u00fcrd\u0151.<\/span><\/a><a href=\"https:\/\/gyoparosfurdo-oroshaza.hu\/ro\/programok\/ejszakai-furdozes\" title=\"Baie nocturn\u0103 la B\u0103ile Gyop\u00e1ros\" class=\"topten_grid_item\"><span class=\"number\">4<\/span><img width=\"290\" height=\"230\" src=\"https:\/\/gyoparosfurdo-oroshaza.hu\/wp-content\/uploads\/2012\/04\/4_Ejszakai_furdozes.jpg\" class=\"lazyload wp-post-image\" alt=\"\" loading=\"lazy\" \/><span class=\"title\">Baie nocturn\u0103 la B\u0103ile Gyop\u00e1ros<\/span><span class=\"text\">V-ati intrebat vreo data ce poate fi mai romantic decat o baie nocturna la Baile Gyop\u00e1ros?<\/span><\/a><a href=\"https:\/\/gyoparosfurdo-oroshaza.hu\/ro\/programok\/ejszakai-elet-oroshazan\" title=\"Viata nocturna la Orosh\u00e1za\" class=\"topten_grid_item\"><span class=\"number\">5<\/span><img width=\"290\" height=\"230\" src=\"https:\/\/gyoparosfurdo-oroshaza.hu\/wp-content\/uploads\/2012\/04\/Ejszakai_elet.jpg\" class=\"lazyload wp-post-image\" alt=\"\" loading=\"lazy\" \/><span class=\"title\">Viata nocturna la Orosh\u00e1za<\/span><span class=\"text\">La Orosh\u00e1za nu se poate vorbi de viata nocturna in sensul orasilor mari. Vineri si sambata seara insa orasul se invigoreaza.<\/span><\/a><a href=\"https:\/\/gyoparosfurdo-oroshaza.hu\/ro\/programok\/seta-oroshaza-belvarosaban\" title=\"Plimbare in centrul orasului Orosh\u00e1za\" class=\"topten_grid_item\"><span class=\"number\">6<\/span><img width=\"290\" height=\"230\" src=\"https:\/\/gyoparosfurdo-oroshaza.hu\/wp-content\/uploads\/2012\/04\/belvarosi_seta_kiemelt.jpg\" class=\"lazyload wp-post-image\" alt=\"\" loading=\"lazy\" \/><span class=\"title\">Plimbare in centrul orasului Orosh\u00e1za<\/span><span class=\"text\">Un oras poate fi cunoscut cu adevarat numai printr-o plimbare facuta in centru.<\/span><\/a><a href=\"https:\/\/gyoparosfurdo-oroshaza.hu\/ro\/programok\/piaclatogatas-oroshazan\" title=\"Piata locala Orosh\u00e1za\" class=\"topten_grid_item\"><span class=\"number\">7<\/span><img width=\"290\" height=\"230\" src=\"https:\/\/gyoparosfurdo-oroshaza.hu\/wp-content\/uploads\/2012\/04\/Piac.jpg\" class=\"lazyload wp-post-image\" alt=\"\" loading=\"lazy\" \/><span class=\"title\">Piata locala Orosh\u00e1za<\/span><span class=\"text\">Daca sunteti la Orosh\u00e1za trebuie sa vizitati piata locala, care desi va aminteste de  timpurile vechi este modern.<\/span><\/a><a href=\"https:\/\/gyoparosfurdo-oroshaza.hu\/ro\/programok\/foter\" title=\"Pia\u021ba principal\u0103\" class=\"topten_grid_item\"><span class=\"number\">8<\/span><img width=\"290\" height=\"230\" src=\"https:\/\/gyoparosfurdo-oroshaza.hu\/wp-content\/uploads\/2012\/04\/seta_kiemelt.jpg\" class=\"lazyload wp-post-image\" alt=\"\" loading=\"lazy\" \/><span class=\"title\">Pia\u021ba principal\u0103<\/span><span class=\"text\">Opri\u021bi, r\u0103cori\u021bi \u0219i pute\u021bi servi cafea \u00een Pia\u021ba principal\u0103 din Orosh\u00e1za \u00een 2013.<\/span><\/a><div class=\"clear\"><\/div><\/div>\n<div class=\"W560\"><span class=\"h3\">Un Week-end petrecut cu odihna activa sau pasiva<\/span><\/p>\n<h2>Fie vorba de un week-end petrecut cu odihna activa sau pasiva Baile Gyop\u00e1ros este alegere ideala. Va garantam ca nu veti fi dezamagiti!<\/h2>\n<p>Succesul unui sejur placut si relaxant este asigurat de cazarea confortabila si serviciile de calitate oferite de Baile Gyop\u00e1ros (cu zona de agrement, strand si bai termale) amplasat intr-un cadru natural linistit. Complexul de bai a fost construit pe malul de est al lacului mijlociu, care apartine al sistemului format din trei lacuri. Suprafata totala de apa a lacurilor este de 25 hectare. Lacul este inconjurat de un parc bine tinut de 85 hectare. Padurea de 30 de hectare este la fel de valoare naturala deosebita, ofre un cadru ideal pentru <a href=\"\/ro\/programok\/futas-a-gyoparosi-to-korul\" title=\"jogging\">jogging<\/a> sau ture cu bicicleta.<\/p>\n<p>Pentru toate aceste programe de recreere un sejur de trei zile nu va fi destul, iar pentru vizitatorii mai curiosi recomandam obiectivele turistice din imprejurimi.  Puteti sa porniti la drum in mai mult directii. Noi in primul rand va recomandam orasul orosh\u00e1za. Acest orasel cu doar 30\u00a0000 de locuitori difera de la orasele tipice rurale intrucat a profitat de industrializare din punct de vedere economic, cultural si valori locale. Rezultatul acestor efecte este un orasel placut, loc ideal pentru plimbare in centru. La sfarsit de saptamana merita sa faceti o plimbare la <a href=\"\/ro\/programok\/piaclatogatas-oroshazan\" title=\"piata locala\">piata locala<\/a> traditionala.<\/p>\n<p>Un loc ideal pentru excursii este <a href=\"\/ro\/programok\/kardoskuti-feherto\" title=\"Lacul Alb din Kardosk\u00fat\">Lacul Alb din Kardosk\u00fat<\/a>, situat la o distanta de doar 15 minute cu masina.  Rezervatia ornitologica este cunoscuta datorita valorilor sale naturale nepretuite, adaposteste multe specii rari de pasari si animale.<\/p>\n<p>De sigur nu veti plictisi nici in tip de seara, orasul va ofera o numeroase posibilitati de distractie. La sfarsit de saptamani Baile Gyop\u00e1ros Va ofera posibilitatea de <a href=\"\/ro\/programok\/ejszakai-elet-oroshazan\" title=\"baie nocturna\">baie nocturna<\/a> \u2013zona de agrement este deschisa pana la miezul noptii. In centrul orasului vizitatorii vor gasi o serie de cluburi, care ofera distractie placuta nu numai pentru teenageri.<\/p>\n<h3>Galeria de foto<\/h3>\n\n<div class=\"ngg-galleryoverview\" id=\"ngg-gallery-44-26069\">\n\n\n\t\n\t<!-- Thumbnails -->\n\t\t\n\t<div id=\"ngg-image-967\" class=\"ngg-gallery-thumbnail-box\"  >\n\t\t<div class=\"ngg-gallery-thumbnail\" >\n\t\t\t<a href=\"https:\/\/gyoparosfurdo-oroshaza.hu\/wp-content\/gallery\/hetvege\/oroshaza-foter-2.jpg\" title=\"Orosh\u00e1za meg\u00fajult f\u0151tere\" class=\"thickbox\" rel=\"set_44\" >\n\t\t\t\t\t\t\t\t<img title=\"Orosh\u00e1za meg\u00fajult f\u0151tere\" alt=\"Orosh\u00e1za meg\u00fajult f\u0151tere\" src=\"https:\/\/gyoparosfurdo-oroshaza.hu\/wp-content\/gallery\/hetvege\/thumbs\/thumbs_oroshaza-foter-2.jpg\" width=\"120\" height=\"95\" \/>\n\t\t\t\t\t\t\t<\/a>\n\t\t<\/div>\n\t<\/div>\n\t\n\t\t\n \t\t\n\t<div id=\"ngg-image-968\" class=\"ngg-gallery-thumbnail-box\"  >\n\t\t<div class=\"ngg-gallery-thumbnail\" >\n\t\t\t<a href=\"https:\/\/gyoparosfurdo-oroshaza.hu\/wp-content\/gallery\/hetvege\/oroshaza-foter-gyerekek.jpg\" title=\"Orosh\u00e1za meg\u00fajult f\u0151tere\" class=\"thickbox\" rel=\"set_44\" >\n\t\t\t\t\t\t\t\t<img title=\"Orosh\u00e1za meg\u00fajult f\u0151tere\" alt=\"Orosh\u00e1za meg\u00fajult f\u0151tere\" src=\"https:\/\/gyoparosfurdo-oroshaza.hu\/wp-content\/gallery\/hetvege\/thumbs\/thumbs_oroshaza-foter-gyerekek.jpg\" width=\"120\" height=\"95\" \/>\n\t\t\t\t\t\t\t<\/a>\n\t\t<\/div>\n\t<\/div>\n\t\n\t\t\n \t\t\n\t<div id=\"ngg-image-964\" class=\"ngg-gallery-thumbnail-box\"  >\n\t\t<div class=\"ngg-gallery-thumbnail\" >\n\t\t\t<a href=\"https:\/\/gyoparosfurdo-oroshaza.hu\/wp-content\/gallery\/hetvege\/foter_ejszaka.jpg\" title=\"Orosh\u00e1za meg\u00fajult f\u0151tere \u00e9jszaka\" class=\"thickbox\" rel=\"set_44\" >\n\t\t\t\t\t\t\t\t<img title=\"Orosh\u00e1za meg\u00fajult f\u0151tere \u00e9jszaka\" alt=\"Orosh\u00e1za meg\u00fajult f\u0151tere \u00e9jszaka\" src=\"https:\/\/gyoparosfurdo-oroshaza.hu\/wp-content\/gallery\/hetvege\/thumbs\/thumbs_foter_ejszaka.jpg\" width=\"120\" height=\"95\" \/>\n\t\t\t\t\t\t\t<\/a>\n\t\t<\/div>\n\t<\/div>\n\t\n\t\t\n \t\t\n\t<div id=\"ngg-image-354\" class=\"ngg-gallery-thumbnail-box\"  >\n\t\t<div class=\"ngg-gallery-thumbnail\" >\n\t\t\t<a href=\"https:\/\/gyoparosfurdo-oroshaza.hu\/wp-content\/gallery\/hetvege\/hetvege_03.jpg\" title=\"A v\u00e1rosi piac az \u0151stermel\u0151k terepe\" class=\"thickbox\" rel=\"set_44\" >\n\t\t\t\t\t\t\t\t<img title=\"A v\u00e1rosi piac az \u0151stermel\u0151k terepe\" alt=\"A v\u00e1rosi piac az \u0151stermel\u0151k terepe\" src=\"https:\/\/gyoparosfurdo-oroshaza.hu\/wp-content\/gallery\/hetvege\/thumbs\/thumbs_hetvege_03.jpg\" width=\"120\" height=\"95\" \/>\n\t\t\t\t\t\t\t<\/a>\n\t\t<\/div>\n\t<\/div>\n\t\n\t\t\n \t\t\n\t<div id=\"ngg-image-962\" class=\"ngg-gallery-thumbnail-box\"  >\n\t\t<div class=\"ngg-gallery-thumbnail\" >\n\t\t\t<a href=\"https:\/\/gyoparosfurdo-oroshaza.hu\/wp-content\/gallery\/hetvege\/elmenyfurdo_levegobol.jpg\" title=\"Gyop\u00e1rosf\u00fcrd\u0151 a leveg\u0151b\u0151l\" class=\"thickbox\" rel=\"set_44\" >\n\t\t\t\t\t\t\t\t<img title=\"Gyop\u00e1rosf\u00fcrd\u0151 a leveg\u0151b\u0151l\" alt=\"Gyop\u00e1rosf\u00fcrd\u0151 a leveg\u0151b\u0151l\" src=\"https:\/\/gyoparosfurdo-oroshaza.hu\/wp-content\/gallery\/hetvege\/thumbs\/thumbs_elmenyfurdo_levegobol.jpg\" width=\"120\" height=\"95\" \/>\n\t\t\t\t\t\t\t<\/a>\n\t\t<\/div>\n\t<\/div>\n\t\n\t\t\n \t\t\n\t<div id=\"ngg-image-963\" class=\"ngg-gallery-thumbnail-box\"  >\n\t\t<div class=\"ngg-gallery-thumbnail\" >\n\t\t\t<a href=\"https:\/\/gyoparosfurdo-oroshaza.hu\/wp-content\/gallery\/hetvege\/elmenyfurdo_napsutes.jpg\" title=\"\u00c9lm\u00e9nyf\u00fcrd\u0151 naplement\u00e9vel\" class=\"thickbox\" rel=\"set_44\" >\n\t\t\t\t\t\t\t\t<img title=\"\u00c9lm\u00e9nyf\u00fcrd\u0151 naplement\u00e9vel\" alt=\"\u00c9lm\u00e9nyf\u00fcrd\u0151 naplement\u00e9vel\" src=\"https:\/\/gyoparosfurdo-oroshaza.hu\/wp-content\/gallery\/hetvege\/thumbs\/thumbs_elmenyfurdo_napsutes.jpg\" width=\"120\" height=\"95\" \/>\n\t\t\t\t\t\t\t<\/a>\n\t\t<\/div>\n\t<\/div>\n\t\n\t\t\n \t\t\n\t<div id=\"ngg-image-355\" class=\"ngg-gallery-thumbnail-box\"  >\n\t\t<div class=\"ngg-gallery-thumbnail\" >\n\t\t\t<a href=\"https:\/\/gyoparosfurdo-oroshaza.hu\/wp-content\/gallery\/hetvege\/hetvege_04.jpg\" title=\"A z\u00e1rt \u00e9lm\u00e9nyf\u00fcrd\u0151 rossz id\u0151ben is biztos c\u00e9l\" class=\"thickbox\" rel=\"set_44\" >\n\t\t\t\t\t\t\t\t<img title=\"A z\u00e1rt \u00e9lm\u00e9nyf\u00fcrd\u0151 rossz id\u0151ben is biztos c\u00e9l\" alt=\"A z\u00e1rt \u00e9lm\u00e9nyf\u00fcrd\u0151 rossz id\u0151ben is biztos c\u00e9l\" src=\"https:\/\/gyoparosfurdo-oroshaza.hu\/wp-content\/gallery\/hetvege\/thumbs\/thumbs_hetvege_04.jpg\" width=\"120\" height=\"95\" \/>\n\t\t\t\t\t\t\t<\/a>\n\t\t<\/div>\n\t<\/div>\n\t\n\t\t\n \t\t\n\t<div id=\"ngg-image-965\" class=\"ngg-gallery-thumbnail-box\"  >\n\t\t<div class=\"ngg-gallery-thumbnail\" >\n\t\t\t<a href=\"https:\/\/gyoparosfurdo-oroshaza.hu\/wp-content\/gallery\/hetvege\/gyoparosfurdo-gyogyfurdo.jpg\" title=\"A gyop\u00e1rosi gy\u00f3gyf\u00fcrd\u0151 \" class=\"thickbox\" rel=\"set_44\" >\n\t\t\t\t\t\t\t\t<img title=\"A gyop\u00e1rosi gy\u00f3gyf\u00fcrd\u0151 \" alt=\"A gyop\u00e1rosi gy\u00f3gyf\u00fcrd\u0151 \" src=\"https:\/\/gyoparosfurdo-oroshaza.hu\/wp-content\/gallery\/hetvege\/thumbs\/thumbs_gyoparosfurdo-gyogyfurdo.jpg\" width=\"120\" height=\"95\" \/>\n\t\t\t\t\t\t\t<\/a>\n\t\t<\/div>\n\t<\/div>\n\t\n\t\t\n \t\t\n\t<div id=\"ngg-image-966\" class=\"ngg-gallery-thumbnail-box\"  >\n\t\t<div class=\"ngg-gallery-thumbnail\" >\n\t\t\t<a href=\"https:\/\/gyoparosfurdo-oroshaza.hu\/wp-content\/gallery\/hetvege\/gyoparosfurdo-szauna-2.jpg\" title=\"Szaunapark\" class=\"thickbox\" rel=\"set_44\" >\n\t\t\t\t\t\t\t\t<img title=\"Szaunapark\" alt=\"Szaunapark\" src=\"https:\/\/gyoparosfurdo-oroshaza.hu\/wp-content\/gallery\/hetvege\/thumbs\/thumbs_gyoparosfurdo-szauna-2.jpg\" width=\"120\" height=\"95\" \/>\n\t\t\t\t\t\t\t<\/a>\n\t\t<\/div>\n\t<\/div>\n\t\n\t\t\n \t\t\n\t<div id=\"ngg-image-356\" class=\"ngg-gallery-thumbnail-box\"  >\n\t\t<div class=\"ngg-gallery-thumbnail\" >\n\t\t\t<a href=\"https:\/\/gyoparosfurdo-oroshaza.hu\/wp-content\/gallery\/hetvege\/hetvege_05.jpg\" title=\"Az \u00e9lm\u00e9nyf\u00fcrd\u0151 cs\u00faszd\u00e1i senkit nem hagynak hidegen\" class=\"thickbox\" rel=\"set_44\" >\n\t\t\t\t\t\t\t\t<img title=\"Az \u00e9lm\u00e9nyf\u00fcrd\u0151 cs\u00faszd\u00e1i senkit nem hagynak hidegen\" alt=\"Az \u00e9lm\u00e9nyf\u00fcrd\u0151 cs\u00faszd\u00e1i senkit nem hagynak hidegen\" src=\"https:\/\/gyoparosfurdo-oroshaza.hu\/wp-content\/gallery\/hetvege\/thumbs\/thumbs_hetvege_05.jpg\" width=\"120\" height=\"95\" \/>\n\t\t\t\t\t\t\t<\/a>\n\t\t<\/div>\n\t<\/div>\n\t\n\t\t\n \t\t\n\t<div id=\"ngg-image-357\" class=\"ngg-gallery-thumbnail-box\"  >\n\t\t<div class=\"ngg-gallery-thumbnail\" >\n\t\t\t<a href=\"https:\/\/gyoparosfurdo-oroshaza.hu\/wp-content\/gallery\/hetvege\/hetvege_06.jpg\" title=\"A z\u00f6ld Parkf\u00fcrd\u0151ben 50 m\u00e9teres, hideg viz\u0171 sportmedence v\u00e1r\" class=\"thickbox\" rel=\"set_44\" >\n\t\t\t\t\t\t\t\t<img title=\"A z\u00f6ld Parkf\u00fcrd\u0151ben 50 m\u00e9teres, hideg viz\u0171 sportmedence v\u00e1r\" alt=\"A z\u00f6ld Parkf\u00fcrd\u0151ben 50 m\u00e9teres, hideg viz\u0171 sportmedence v\u00e1r\" src=\"https:\/\/gyoparosfurdo-oroshaza.hu\/wp-content\/gallery\/hetvege\/thumbs\/thumbs_hetvege_06.jpg\" width=\"120\" height=\"95\" \/>\n\t\t\t\t\t\t\t<\/a>\n\t\t<\/div>\n\t<\/div>\n\t\n\t\t\n \t\t\n\t<div id=\"ngg-image-359\" class=\"ngg-gallery-thumbnail-box\"  >\n\t\t<div class=\"ngg-gallery-thumbnail\" >\n\t\t\t<a href=\"https:\/\/gyoparosfurdo-oroshaza.hu\/wp-content\/gallery\/hetvege\/hetvege_08.jpg\" title=\"Parkf\u00fcrd\u0151: k\u00e9nyelmesen a szabad \u00e9g alatt\" class=\"thickbox\" rel=\"set_44\" >\n\t\t\t\t\t\t\t\t<img title=\"Parkf\u00fcrd\u0151: k\u00e9nyelmesen a szabad \u00e9g alatt\" alt=\"Parkf\u00fcrd\u0151: k\u00e9nyelmesen a szabad \u00e9g alatt\" src=\"https:\/\/gyoparosfurdo-oroshaza.hu\/wp-content\/gallery\/hetvege\/thumbs\/thumbs_hetvege_08.jpg\" width=\"120\" height=\"95\" \/>\n\t\t\t\t\t\t\t<\/a>\n\t\t<\/div>\n\t<\/div>\n\t\n\t\t\n \t\t\n\t<div id=\"ngg-image-360\" class=\"ngg-gallery-thumbnail-box\"  >\n\t\t<div class=\"ngg-gallery-thumbnail\" >\n\t\t\t<a href=\"https:\/\/gyoparosfurdo-oroshaza.hu\/wp-content\/gallery\/hetvege\/hetvege_09.jpg\" title=\"Fut\u00e1s a t\u00f3 k\u00f6r\u00fcl: fens\u00e9ges panor\u00e1ma fogad\" class=\"thickbox\" rel=\"set_44\" >\n\t\t\t\t\t\t\t\t<img title=\"Fut\u00e1s a t\u00f3 k\u00f6r\u00fcl: fens\u00e9ges panor\u00e1ma fogad\" alt=\"Fut\u00e1s a t\u00f3 k\u00f6r\u00fcl: fens\u00e9ges panor\u00e1ma fogad\" src=\"https:\/\/gyoparosfurdo-oroshaza.hu\/wp-content\/gallery\/hetvege\/thumbs\/thumbs_hetvege_09.jpg\" width=\"120\" height=\"95\" \/>\n\t\t\t\t\t\t\t<\/a>\n\t\t<\/div>\n\t<\/div>\n\t\n\t\t\n \t\t\n\t<div id=\"ngg-image-361\" class=\"ngg-gallery-thumbnail-box\"  >\n\t\t<div class=\"ngg-gallery-thumbnail\" >\n\t\t\t<a href=\"https:\/\/gyoparosfurdo-oroshaza.hu\/wp-content\/gallery\/hetvege\/hetvege_10.jpg\" title=\"A gyop\u00e1rosi f\u00fcrd\u0151t \u00f3ri\u00e1si park \u00f6leli k\u00f6rbe\" class=\"thickbox\" rel=\"set_44\" >\n\t\t\t\t\t\t\t\t<img title=\"A gyop\u00e1rosi f\u00fcrd\u0151t \u00f3ri\u00e1si park \u00f6leli k\u00f6rbe\" alt=\"A gyop\u00e1rosi f\u00fcrd\u0151t \u00f3ri\u00e1si park \u00f6leli k\u00f6rbe\" src=\"https:\/\/gyoparosfurdo-oroshaza.hu\/wp-content\/gallery\/hetvege\/thumbs\/thumbs_hetvege_10.jpg\" width=\"120\" height=\"95\" \/>\n\t\t\t\t\t\t\t<\/a>\n\t\t<\/div>\n\t<\/div>\n\t\n\t\t\n \t\t\n\t<div id=\"ngg-image-362\" class=\"ngg-gallery-thumbnail-box\"  >\n\t\t<div class=\"ngg-gallery-thumbnail\" >\n\t\t\t<a href=\"https:\/\/gyoparosfurdo-oroshaza.hu\/wp-content\/gallery\/hetvege\/hetvege_11.jpg\" title=\"A kardosk\u00fati Feh\u00e9rt\u00f3 fens\u00e9ge l\u00e1tv\u00e1nya\" class=\"thickbox\" rel=\"set_44\" >\n\t\t\t\t\t\t\t\t<img title=\"A kardosk\u00fati Feh\u00e9rt\u00f3 fens\u00e9ge l\u00e1tv\u00e1nya\" alt=\"A kardosk\u00fati Feh\u00e9rt\u00f3 fens\u00e9ge l\u00e1tv\u00e1nya\" src=\"https:\/\/gyoparosfurdo-oroshaza.hu\/wp-content\/gallery\/hetvege\/thumbs\/thumbs_hetvege_11.jpg\" width=\"120\" height=\"95\" \/>\n\t\t\t\t\t\t\t<\/a>\n\t\t<\/div>\n\t<\/div>\n\t\n\t\t\n \t\t\n\t<div id=\"ngg-image-363\" class=\"ngg-gallery-thumbnail-box\"  >\n\t\t<div class=\"ngg-gallery-thumbnail\" >\n\t\t\t<a href=\"https:\/\/gyoparosfurdo-oroshaza.hu\/wp-content\/gallery\/hetvege\/hetvege_12.jpg\" title=\"Az alf\u00f6ld v\u00e9gtelenje Feh\u00e9rt\u00f3n\" class=\"thickbox\" rel=\"set_44\" >\n\t\t\t\t\t\t\t\t<img title=\"Az alf\u00f6ld v\u00e9gtelenje Feh\u00e9rt\u00f3n\" alt=\"Az alf\u00f6ld v\u00e9gtelenje Feh\u00e9rt\u00f3n\" src=\"https:\/\/gyoparosfurdo-oroshaza.hu\/wp-content\/gallery\/hetvege\/thumbs\/thumbs_hetvege_12.jpg\" width=\"120\" height=\"95\" \/>\n\t\t\t\t\t\t\t<\/a>\n\t\t<\/div>\n\t<\/div>\n\t\n\t\t\n \t \t\n\t<!-- Pagination -->\n \t<div class='ngg-clear'><\/div>\n \t\n<\/div>\n\n\n<\/div>\n","protected":false},"excerpt":{"rendered":"<p>Un Week-end petrecut cu odihna activa sau pasiva Fie vorba de un week-end petrecut cu odihna activa sau pasiva Baile Gyop\u00e1ros este alegere ideala. Va garantam ca nu veti fi dezamagiti! Succesul unui sejur placut si relaxant este asigurat de &hellip; <a href=\"https:\/\/gyoparosfurdo-oroshaza.hu\/ro\/programe\/programe-pentru-un-week-end\">Folytat\u00e1s <span class=\"meta-nav\">&rarr;<\/span><\/a><\/p>\n","protected":false},"author":6,"featured_media":0,"parent":26027,"menu_order":0,"comment_status":"closed","ping_status":"closed","template":"","meta":[],"_links":{"self":[{"href":"https:\/\/gyoparosfurdo-oroshaza.hu\/ro\/wp-json\/wp\/v2\/pages\/26069"}],"collection":[{"href":"https:\/\/gyoparosfurdo-oroshaza.hu\/ro\/wp-json\/wp\/v2\/pages"}],"about":[{"href":"https:\/\/gyoparosfurdo-oroshaza.hu\/ro\/wp-json\/wp\/v2\/types\/page"}],"author":[{"embeddable":true,"href":"https:\/\/gyoparosfurdo-oroshaza.hu\/ro\/wp-json\/wp\/v2\/users\/6"}],"replies":[{"embeddable":true,"href":"https:\/\/gyoparosfurdo-oroshaza.hu\/ro\/wp-json\/wp\/v2\/comments?post=26069"}],"version-history":[{"count":0,"href":"https:\/\/gyoparosfurdo-oroshaza.hu\/ro\/wp-json\/wp\/v2\/pages\/26069\/revisions"}],"up":[{"embeddable":true,"href":"https:\/\/gyoparosfurdo-oroshaza.hu\/ro\/wp-json\/wp\/v2\/pages\/26027"}],"wp:attachment":[{"href":"https:\/\/gyoparosfurdo-oroshaza.hu\/ro\/wp-json\/wp\/v2\/media?parent=26069"}],"curies":[{"name":"wp","href":"https:\/\/api.w.org\/{rel}","templated":true}]}}