{"id":26065,"date":"2012-04-13T12:12:05","date_gmt":"2012-04-13T10:12:05","guid":{"rendered":"https:\/\/gyoparosfurdo-oroshaza.hu\/pentru-fotografi"},"modified":"2012-04-13T12:12:05","modified_gmt":"2012-04-13T11:12:05","slug":"pentru-fotografi","status":"publish","type":"page","link":"https:\/\/gyoparosfurdo-oroshaza.hu\/ro\/programe\/pentru-fotografi","title":{"rendered":"Pentru Fotografi"},"content":{"rendered":"<div class=\"topten_grid_container topten_page\"><div class=\"topten_grid_item\"><span class=\"h3\">Programe Top<\/span><a href=\"\/ro\/programe\/tineri\" class=\"topten_tineri first\">Pentru tineri &raquo;<\/a><a href=\"\/ro\/programe\/pentru-amatori-de-sport\" class=\"topten_pentru-amatori-de-sport\">Amatori de sport &raquo;<\/a><a href=\"\/ro\/programe\/cu-masina\" class=\"topten_cu-masina first\">Cu masina &raquo;<\/a><a href=\"\/ro\/programe\/pentru-amatori-de-cultura\" class=\"topten_pentru-amatori-de-cultura\">Amatori de cultura &raquo;<\/a><a href=\"\/ro\/programe\/pentru-o-singura-saptamana\" class=\"topten_pentru-o-singura-saptamana first\">Saptamana &raquo;<\/a><a href=\"\/ro\/programe\/pentru-pescatori\" class=\"topten_pentru-pescatori\">Pentru pescatori  &raquo;<\/a><a href=\"\/ro\/programe\/pentru-fotografi\" class=\"topten_pentru-fotografi first active\">Pentru fotografi &raquo;<\/a><a href=\"\/ro\/programe\/in-timp-de-iarna\" class=\"topten_in-timp-de-iarna\">In timp de iarna  &raquo;<\/a><a href=\"\/ro\/programe\/pentru-familii\" class=\"topten_pentru-familii first\">Pentru familii &raquo;<\/a><a href=\"\/ro\/programe\/pentru-cupluri\" class=\"topten_pentru-cupluri\">Pentru cupluri &raquo;<\/a><a href=\"\/ro\/programe\/pentru-o-singura-zi\" class=\"topten_pentru-o-singura-zi first\">O singura zi &raquo;<\/a><a href=\"\/ro\/programe\/pentru-biciclisti\" class=\"topten_pentru-biciclisti\">Pentru biciclisti &raquo;<\/a><a href=\"\/ro\/programe\/programe-pentru-un-week-end\" class=\"topten_programe-pentru-un-week-end first\">Un week-end &raquo;<\/a><a href=\"\/ro\/programe\/in-timp-de-vara\" class=\"topten_in-timp-de-vara\">In timp de vara &raquo;<\/a><\/div><a href=\"https:\/\/gyoparosfurdo-oroshaza.hu\/ro\/programok\/a-puszta-telen\" title=\"Campie Maghiara iarna\" class=\"topten_grid_item\"><span class=\"number\">1<\/span><img width=\"290\" height=\"230\" src=\"https:\/\/gyoparosfurdo-oroshaza.hu\/wp-content\/uploads\/2012\/04\/A_puszta_telen.jpg\" class=\"lazyload wp-post-image\" alt=\"\" loading=\"lazy\" \/><span class=\"title\">Campie Maghiara iarna<\/span><span class=\"text\">Campia ungara atrage tot mai multi turisti nu numai in timp de vara cu canicule de peste 34-36 grade Celsius dar si in timp de iarna.<\/span><\/a><a href=\"https:\/\/gyoparosfurdo-oroshaza.hu\/ro\/programok\/panorama-kilato\" title=\"Panorama Lookout\" class=\"topten_grid_item\"><span class=\"number\">2<\/span><img width=\"290\" height=\"230\" src=\"https:\/\/gyoparosfurdo-oroshaza.hu\/wp-content\/uploads\/2012\/04\/Panorama_kilato.jpg\" class=\"lazyload wp-post-image\" alt=\"\" loading=\"lazy\" \/><span class=\"title\">Panorama Lookout<\/span><span class=\"text\">Vechiul turn de apa, care in prezent functioneaza ca si turn de observatie cu numele Panor\u00e1ma.<\/span><\/a><a href=\"https:\/\/gyoparosfurdo-oroshaza.hu\/ro\/programok\/tortenelmi-emlekpark\" title=\"Parcul memorial istoric\" class=\"topten_grid_item\"><span class=\"number\">3<\/span><img width=\"290\" height=\"230\" src=\"https:\/\/gyoparosfurdo-oroshaza.hu\/wp-content\/uploads\/2012\/04\/Tortenelmi_Emlekpark.jpg\" class=\"lazyload wp-post-image\" alt=\"\" loading=\"lazy\" \/><span class=\"title\">Parcul memorial istoric<\/span><span class=\"text\">Desi Parcul Istoric a fost sursa unor dezbateri sociale in viata orasului.<\/span><\/a><a href=\"https:\/\/gyoparosfurdo-oroshaza.hu\/ro\/programok\/oroshazi-templomok\" title=\"Orosh\u00e1za biserici\" class=\"topten_grid_item\"><span class=\"number\">4<\/span><img width=\"290\" height=\"230\" src=\"https:\/\/gyoparosfurdo-oroshaza.hu\/wp-content\/uploads\/2012\/04\/Oroshazi_templomok.jpg\" class=\"lazyload wp-post-image\" alt=\"\" loading=\"lazy\" \/><span class=\"title\">Orosh\u00e1za biserici<\/span><span class=\"text\">Ora\u015ful Orosh\u00e1za a fost \u00eentemeiat de Luteranii prigoni\u0163i pentru credin\u0163a lor, p\u00e2n\u0103 \u00een ziua de azi majoritatea localnicilor sunt Luteran.<\/span><\/a><a href=\"https:\/\/gyoparosfurdo-oroshaza.hu\/ro\/programok\/oroshazi-szobortura\" title=\"Sculptura turneu \u00een Orosh\u00e1za\" class=\"topten_grid_item\"><span class=\"number\">5<\/span><img width=\"290\" height=\"230\" src=\"https:\/\/gyoparosfurdo-oroshaza.hu\/wp-content\/uploads\/2012\/04\/Oroshazi_szobortura.jpg\" class=\"lazyload wp-post-image\" alt=\"\" loading=\"lazy\" \/><span class=\"title\">Sculptura turneu \u00een Orosh\u00e1za<\/span><span class=\"text\">Puteti sa incepeti tura de vizitat statuile orasului la piata Gy\u0151ri Vilmos, unde veti gasi statuia lui Sf Stefan.<\/span><\/a><a href=\"https:\/\/gyoparosfurdo-oroshaza.hu\/ro\/programok\/vasarhelyi-breda-kastely\" title=\"Castelul din L\u00f6k\u00f6sh\u00e1za\" class=\"topten_grid_item\"><span class=\"number\">6<\/span><img width=\"290\" height=\"230\" src=\"https:\/\/gyoparosfurdo-oroshaza.hu\/wp-content\/uploads\/2017\/03\/lokoshazi-breda-ejszaka.jpg\" class=\"lazyload wp-post-image\" alt=\"\" loading=\"lazy\" \/><span class=\"title\">Castelul din L\u00f6k\u00f6sh\u00e1za<\/span><span class=\"text\">L\u00f6k\u00f6sh\u00e1za cu un parc de stil mediteranean V\u0103 a\u0219teapt\u0103 cu programe speciale.<\/span><\/a><div class=\"clear\"><\/div><\/div>\n<div class=\"W560\">\n<span class=\"h3\">PENTRU FOTOGRAFI: PRINDETI ESENTA ORASULUI OROSH\u00c1ZA SI A IMPREJURIMILOR!<\/span><\/p>\n<h2>Exista mai multe tipuri de fotografi: unii sunt apasionati de fotografii de natura si  peisaj, altii de ambientul construit si in fine sunt si sociografii, interesati in primul rind in ameni.<\/h2>\n<p>Daca v-ati impachetat si echipamentele fotografice pentru un sejur la Orosh\u00e1za, avem idee bune pentru amantrei tipuri de fotografi, in privinta specialitatilor locale. <\/p>\n<p>Bogatiile Campie Maghiare nu necesita prezentatie, dar si pe aceasta pagina le prezentam cu detalii.  Independent de anotimp si partea zilei, fauna si flora locala va ofera nenumarate subiecte pentru fotografii. Nu este intimplator ca si fotograful renumit de natura M\u00e1t\u00e9 Bence traieste in sudul Campiei, la o distanta de 100 kilometri de la Orosh\u00e1za. <\/p>\n<p>Va racomandam cateva locuri interesante din partea unor fotografi profesionalisti: sistemul de lacuri din Gyop\u00e1ros si imprejurimile este un cadru ideal pentru fotografii, Parcul Na\u021bional Cris-Mures (K\u00f6r\u00f6s-Maros), zona protejata de interes na\u021bional \u0219i de asemenea alte regiuni protejate de interes local la Kardosk\u00fat, Szarvas, D\u00e9vav\u00e1nya si Szabadk\u00edgy\u00f3s. Localitatea Kardosk\u00fat se afla la o distanta de doar 10-15 minute cu masina de la Orosh\u00e1za cu Lacul alb, o rezervatie ornitologica de frumusete deosebita, care adaposteste multe specii rari de pasari.<\/p>\n<p> La Szarvas amatorii de natura sunt asteptati de Arboretul local, de o frumusete impresionanta. In cazul in care sunteti interesati in apele locale veti gasi la fel o serie de obiective de fotografiat pe malul raurilor Cris: Alb, Negru, Dublu si Triplu, zona este cunoscuta datorita valorilor sale naturale nepretuite, flora si fauna unica. In partea de nord al judetului B\u00e9k\u00e9s se gaseste microregiunea S\u00e1rr\u00e9t ( Lunca de noroi), iar in sudul judetului microregiunea Sz\u00e1raz-\u00e9r si imprejurimile ofera cadru perfect de fotografiat. In Mez\u0151hegyes orasul parc poate fi o destinatie interesanta pentru fotografi. <\/p>\n<p>Judetul dispune de numeroase obiective turistice: orasul Orosh\u00e1za atrage turistii apasionati de fotografiat cu biserici si statui expuse in parcuri publice. Daca aveti posibilitatea de a face scurte excursii, luati drumul spre Gyula si Szarvas, orasel care se numeste si Atena pe malul Crisului.<br \/>\nOrasul Gyula este un recunoscut oras istoric cu numeroase obiective turistice ca si Cetatea, cladirile in centrul civic istoric, Muzeul Memorial Erkel Ferenc si Muzeul Memorial D\u00fcrer. Orasul Szarvas va asteapta cu Muzeul Tessedik si alte obiective bine intretinute din mostenia Tessedik. Va racomandam sa faceti o vizita si la T\u00f3tkoml\u00f3s, B\u00e9k\u00e9scsaba, Elek, Battonya, M\u00e9hker\u00e9k cu cladiri si colectii pentru pastrarea tezaurului etnografic, cultura si traditiile minoritatii locale. <\/p>\n<p>In sfarsit fotograful sociograf: faceti o  plimbare in oras, observati oamenii, stati jos intr-un parc, mergeti la piata, beti o cafea intr-una din numeroase cafetarii si vi se contureaza destinul oamenilor locali. Cu un pic de rabdare si efort veti intelege tipul oamenilor locali. <\/p>\n<h3>Imagini<\/h3>\n\n<div class=\"ngg-galleryoverview\" id=\"ngg-gallery-19-26065\">\n\n\n\t\n\t<!-- Thumbnails -->\n\t\t\n\t<div id=\"ngg-image-73\" class=\"ngg-gallery-thumbnail-box\"  >\n\t\t<div class=\"ngg-gallery-thumbnail\" >\n\t\t\t<a href=\"https:\/\/gyoparosfurdo-oroshaza.hu\/wp-content\/gallery\/foto\/foto_01.jpg\" title=\"A Gyop\u00e1rosi t\u00f3 k\u00f6rny\u00e9ke kiv\u00e1l\u00f3 terep a term\u00e9szetfot\u00f3z\u00e1shoz\" class=\"thickbox\" rel=\"set_19\" >\n\t\t\t\t\t\t\t\t<img title=\"Fot\u00f3z\u00e1s: v\u00edz \u00e9s term\u00e9szet\" alt=\"Fot\u00f3z\u00e1s: v\u00edz \u00e9s term\u00e9szet\" src=\"https:\/\/gyoparosfurdo-oroshaza.hu\/wp-content\/gallery\/foto\/thumbs\/thumbs_foto_01.jpg\" width=\"120\" height=\"95\" \/>\n\t\t\t\t\t\t\t<\/a>\n\t\t<\/div>\n\t<\/div>\n\t\n\t\t\n \t\t\n\t<div id=\"ngg-image-74\" class=\"ngg-gallery-thumbnail-box\"  >\n\t\t<div class=\"ngg-gallery-thumbnail\" >\n\t\t\t<a href=\"https:\/\/gyoparosfurdo-oroshaza.hu\/wp-content\/gallery\/foto\/foto_02.jpg\" title=\"A Gyop\u00e1rosi t\u00f3 k\u00f6rny\u00e9ke kiv\u00e1l\u00f3 terep a term\u00e9szetfot\u00f3z\u00e1shoz\" class=\"thickbox\" rel=\"set_19\" >\n\t\t\t\t\t\t\t\t<img title=\"Fot\u00f3z\u00e1s: Gyop\u00e1rosi t\u00f3 n\u00e1ddal\" alt=\"Fot\u00f3z\u00e1s: Gyop\u00e1rosi t\u00f3 n\u00e1ddal\" src=\"https:\/\/gyoparosfurdo-oroshaza.hu\/wp-content\/gallery\/foto\/thumbs\/thumbs_foto_02.jpg\" width=\"120\" height=\"95\" \/>\n\t\t\t\t\t\t\t<\/a>\n\t\t<\/div>\n\t<\/div>\n\t\n\t\t\n \t\t\n\t<div id=\"ngg-image-75\" class=\"ngg-gallery-thumbnail-box\"  >\n\t\t<div class=\"ngg-gallery-thumbnail\" >\n\t\t\t<a href=\"https:\/\/gyoparosfurdo-oroshaza.hu\/wp-content\/gallery\/foto\/foto_03.jpg\" title=\"A Gyop\u00e1rosi t\u00f3 k\u00f6rny\u00e9ke kiv\u00e1l\u00f3 terep a term\u00e9szetfot\u00f3z\u00e1shoz\" class=\"thickbox\" rel=\"set_19\" >\n\t\t\t\t\t\t\t\t<img title=\"Fot\u00f3z\u00e1s: Gyop\u00e1rosi t\u00f3 n\u00e1ddal\" alt=\"Fot\u00f3z\u00e1s: Gyop\u00e1rosi t\u00f3 n\u00e1ddal\" src=\"https:\/\/gyoparosfurdo-oroshaza.hu\/wp-content\/gallery\/foto\/thumbs\/thumbs_foto_03.jpg\" width=\"120\" height=\"95\" \/>\n\t\t\t\t\t\t\t<\/a>\n\t\t<\/div>\n\t<\/div>\n\t\n\t\t\n \t\t\n\t<div id=\"ngg-image-76\" class=\"ngg-gallery-thumbnail-box\"  >\n\t\t<div class=\"ngg-gallery-thumbnail\" >\n\t\t\t<a href=\"https:\/\/gyoparosfurdo-oroshaza.hu\/wp-content\/gallery\/foto\/foto_04.jpg\" title=\"A Gyop\u00e1rosi t\u00f3 k\u00f6rny\u00e9ke kiv\u00e1l\u00f3 terep a term\u00e9szetfot\u00f3z\u00e1shoz\" class=\"thickbox\" rel=\"set_19\" >\n\t\t\t\t\t\t\t\t<img title=\"Fot\u00f3z\u00e1s: n\u00e1d makr\u00f3fot\u00f3\" alt=\"Fot\u00f3z\u00e1s: n\u00e1d makr\u00f3fot\u00f3\" src=\"https:\/\/gyoparosfurdo-oroshaza.hu\/wp-content\/gallery\/foto\/thumbs\/thumbs_foto_04.jpg\" width=\"120\" height=\"95\" \/>\n\t\t\t\t\t\t\t<\/a>\n\t\t<\/div>\n\t<\/div>\n\t\n\t\t\n \t\t\n\t<div id=\"ngg-image-77\" class=\"ngg-gallery-thumbnail-box\"  >\n\t\t<div class=\"ngg-gallery-thumbnail\" >\n\t\t\t<a href=\"https:\/\/gyoparosfurdo-oroshaza.hu\/wp-content\/gallery\/foto\/foto_05.jpg\" title=\"A Gyop\u00e1rosi t\u00f3 k\u00f6rny\u00e9ke kiv\u00e1l\u00f3 terep a term\u00e9szetfot\u00f3z\u00e1shoz\" class=\"thickbox\" rel=\"set_19\" >\n\t\t\t\t\t\t\t\t<img title=\"Fot\u00f3z\u00e1s: n\u00e1d b\u00e9kany\u00e1llal\" alt=\"Fot\u00f3z\u00e1s: n\u00e1d b\u00e9kany\u00e1llal\" src=\"https:\/\/gyoparosfurdo-oroshaza.hu\/wp-content\/gallery\/foto\/thumbs\/thumbs_foto_05.jpg\" width=\"120\" height=\"95\" \/>\n\t\t\t\t\t\t\t<\/a>\n\t\t<\/div>\n\t<\/div>\n\t\n\t\t\n \t\t\n\t<div id=\"ngg-image-78\" class=\"ngg-gallery-thumbnail-box\"  >\n\t\t<div class=\"ngg-gallery-thumbnail\" >\n\t\t\t<a href=\"https:\/\/gyoparosfurdo-oroshaza.hu\/wp-content\/gallery\/foto\/foto_06.jpg\" title=\"A strandon is sok \u00e9rdekes fot\u00f3t\u00e9ma fogad\" class=\"thickbox\" rel=\"set_19\" >\n\t\t\t\t\t\t\t\t<img title=\"Fot\u00f3z\u00e1s: v\u00edzibiciklik\" alt=\"Fot\u00f3z\u00e1s: v\u00edzibiciklik\" src=\"https:\/\/gyoparosfurdo-oroshaza.hu\/wp-content\/gallery\/foto\/thumbs\/thumbs_foto_06.jpg\" width=\"120\" height=\"95\" \/>\n\t\t\t\t\t\t\t<\/a>\n\t\t<\/div>\n\t<\/div>\n\t\n\t\t\n \t\t\n\t<div id=\"ngg-image-79\" class=\"ngg-gallery-thumbnail-box\"  >\n\t\t<div class=\"ngg-gallery-thumbnail\" >\n\t\t\t<a href=\"https:\/\/gyoparosfurdo-oroshaza.hu\/wp-content\/gallery\/foto\/foto_07.jpg\" title=\"A strandon is sok \u00e9rdekes fot\u00f3t\u00e9ma fogad\" class=\"thickbox\" rel=\"set_19\" >\n\t\t\t\t\t\t\t\t<img title=\"Fot\u00f3z\u00e1s: gyermekek a v\u00edzben\" alt=\"Fot\u00f3z\u00e1s: gyermekek a v\u00edzben\" src=\"https:\/\/gyoparosfurdo-oroshaza.hu\/wp-content\/gallery\/foto\/thumbs\/thumbs_foto_07.jpg\" width=\"120\" height=\"95\" \/>\n\t\t\t\t\t\t\t<\/a>\n\t\t<\/div>\n\t<\/div>\n\t\n\t\t\n \t\t\n\t<div id=\"ngg-image-80\" class=\"ngg-gallery-thumbnail-box\"  >\n\t\t<div class=\"ngg-gallery-thumbnail\" >\n\t\t\t<a href=\"https:\/\/gyoparosfurdo-oroshaza.hu\/wp-content\/gallery\/foto\/foto_08.jpg\" title=\"A belv\u00e1ros sem \u00e9rdektelen fot\u00f3s szempontb\u00f3l\" class=\"thickbox\" rel=\"set_19\" >\n\t\t\t\t\t\t\t\t<img title=\"Fot\u00f3z\u00e1s: templom sziv\u00e1rv\u00e1nnyal\" alt=\"Fot\u00f3z\u00e1s: templom sziv\u00e1rv\u00e1nnyal\" src=\"https:\/\/gyoparosfurdo-oroshaza.hu\/wp-content\/gallery\/foto\/thumbs\/thumbs_foto_08.jpg\" width=\"120\" height=\"95\" \/>\n\t\t\t\t\t\t\t<\/a>\n\t\t<\/div>\n\t<\/div>\n\t\n\t\t\n \t\t\n\t<div id=\"ngg-image-81\" class=\"ngg-gallery-thumbnail-box\"  >\n\t\t<div class=\"ngg-gallery-thumbnail\" >\n\t\t\t<a href=\"https:\/\/gyoparosfurdo-oroshaza.hu\/wp-content\/gallery\/foto\/foto_09.jpg\" title=\"A v\u00e1rost elhagyva is \u00e9rdekes fot\u00f3t\u00e9m\u00e1kra lelhet\u00fcnk\" class=\"thickbox\" rel=\"set_19\" >\n\t\t\t\t\t\t\t\t<img title=\"Fot\u00f3z\u00e1s: tanyasi macska\" alt=\"Fot\u00f3z\u00e1s: tanyasi macska\" src=\"https:\/\/gyoparosfurdo-oroshaza.hu\/wp-content\/gallery\/foto\/thumbs\/thumbs_foto_09.jpg\" width=\"120\" height=\"95\" \/>\n\t\t\t\t\t\t\t<\/a>\n\t\t<\/div>\n\t<\/div>\n\t\n\t\t\n \t\t\n\t<div id=\"ngg-image-82\" class=\"ngg-gallery-thumbnail-box\"  >\n\t\t<div class=\"ngg-gallery-thumbnail\" >\n\t\t\t<a href=\"https:\/\/gyoparosfurdo-oroshaza.hu\/wp-content\/gallery\/foto\/foto_10.jpg\" title=\"A v\u00e1rost elhagyva is \u00e9rdekes fot\u00f3t\u00e9m\u00e1kra lelhet\u00fcnk\" class=\"thickbox\" rel=\"set_19\" >\n\t\t\t\t\t\t\t\t<img title=\"Fot\u00f3z\u00e1s: a m\u00falt eml\u00e9kei Nagyb\u00e1nhegyesen\" alt=\"Fot\u00f3z\u00e1s: a m\u00falt eml\u00e9kei Nagyb\u00e1nhegyesen\" src=\"https:\/\/gyoparosfurdo-oroshaza.hu\/wp-content\/gallery\/foto\/thumbs\/thumbs_foto_10.jpg\" width=\"120\" height=\"95\" \/>\n\t\t\t\t\t\t\t<\/a>\n\t\t<\/div>\n\t<\/div>\n\t\n\t\t\n \t\t\n\t<div id=\"ngg-image-83\" class=\"ngg-gallery-thumbnail-box\"  >\n\t\t<div class=\"ngg-gallery-thumbnail\" >\n\t\t\t<a href=\"https:\/\/gyoparosfurdo-oroshaza.hu\/wp-content\/gallery\/foto\/foto_11.jpg\" title=\"A v\u00e1rost elhagyva is \u00e9rdekes fot\u00f3t\u00e9m\u00e1kra lelhet\u00fcnk\" class=\"thickbox\" rel=\"set_19\" >\n\t\t\t\t\t\t\t\t<img title=\"Fot\u00f3z\u00e1s: az orosh\u00e1zi tanyavil\u00e1g\" alt=\"Fot\u00f3z\u00e1s: az orosh\u00e1zi tanyavil\u00e1g\" src=\"https:\/\/gyoparosfurdo-oroshaza.hu\/wp-content\/gallery\/foto\/thumbs\/thumbs_foto_11.jpg\" width=\"120\" height=\"95\" \/>\n\t\t\t\t\t\t\t<\/a>\n\t\t<\/div>\n\t<\/div>\n\t\n\t\t\n \t\t\n\t<div id=\"ngg-image-84\" class=\"ngg-gallery-thumbnail-box\"  >\n\t\t<div class=\"ngg-gallery-thumbnail\" >\n\t\t\t<a href=\"https:\/\/gyoparosfurdo-oroshaza.hu\/wp-content\/gallery\/foto\/foto_12.jpg\" title=\"T\u00e9len se hagyjuk otthon kamer\u00e1nkat\" class=\"thickbox\" rel=\"set_19\" >\n\t\t\t\t\t\t\t\t<img title=\"Fot\u00f3z\u00e1s: a puszta t\u00e9len\" alt=\"Fot\u00f3z\u00e1s: a puszta t\u00e9len\" src=\"https:\/\/gyoparosfurdo-oroshaza.hu\/wp-content\/gallery\/foto\/thumbs\/thumbs_foto_12.jpg\" width=\"120\" height=\"95\" \/>\n\t\t\t\t\t\t\t<\/a>\n\t\t<\/div>\n\t<\/div>\n\t\n\t\t\n \t \t\n\t<!-- Pagination -->\n \t<div class='ngg-clear'><\/div>\n \t\n<\/div>\n\n<\/div>\n","protected":false},"excerpt":{"rendered":"<p>PENTRU FOTOGRAFI: PRINDETI ESENTA ORASULUI OROSH\u00c1ZA SI A IMPREJURIMILOR! Exista mai multe tipuri de fotografi: unii sunt apasionati de fotografii de natura si peisaj, altii de ambientul construit si in fine sunt si sociografii, interesati in primul rind in ameni. &hellip; <a href=\"https:\/\/gyoparosfurdo-oroshaza.hu\/ro\/programe\/pentru-fotografi\">Folytat\u00e1s <span class=\"meta-nav\">&rarr;<\/span><\/a><\/p>\n","protected":false},"author":6,"featured_media":0,"parent":26027,"menu_order":0,"comment_status":"closed","ping_status":"closed","template":"","meta":[],"_links":{"self":[{"href":"https:\/\/gyoparosfurdo-oroshaza.hu\/ro\/wp-json\/wp\/v2\/pages\/26065"}],"collection":[{"href":"https:\/\/gyoparosfurdo-oroshaza.hu\/ro\/wp-json\/wp\/v2\/pages"}],"about":[{"href":"https:\/\/gyoparosfurdo-oroshaza.hu\/ro\/wp-json\/wp\/v2\/types\/page"}],"author":[{"embeddable":true,"href":"https:\/\/gyoparosfurdo-oroshaza.hu\/ro\/wp-json\/wp\/v2\/users\/6"}],"replies":[{"embeddable":true,"href":"https:\/\/gyoparosfurdo-oroshaza.hu\/ro\/wp-json\/wp\/v2\/comments?post=26065"}],"version-history":[{"count":0,"href":"https:\/\/gyoparosfurdo-oroshaza.hu\/ro\/wp-json\/wp\/v2\/pages\/26065\/revisions"}],"up":[{"embeddable":true,"href":"https:\/\/gyoparosfurdo-oroshaza.hu\/ro\/wp-json\/wp\/v2\/pages\/26027"}],"wp:attachment":[{"href":"https:\/\/gyoparosfurdo-oroshaza.hu\/ro\/wp-json\/wp\/v2\/media?parent=26065"}],"curies":[{"name":"wp","href":"https:\/\/api.w.org\/{rel}","templated":true}]}}