{"id":26059,"date":"2012-04-13T12:11:35","date_gmt":"2012-04-13T10:11:35","guid":{"rendered":"https:\/\/gyoparosfurdo-oroshaza.hu\/tineri"},"modified":"2012-04-13T12:11:35","modified_gmt":"2012-04-13T11:11:35","slug":"tineri","status":"publish","type":"page","link":"https:\/\/gyoparosfurdo-oroshaza.hu\/ro\/programe\/tineri","title":{"rendered":"Tineri"},"content":{"rendered":"<div class=\"topten_grid_container topten_page\"><div class=\"topten_grid_item\"><span class=\"h3\">Programe Top<\/span><a href=\"\/ro\/programe\/pentru-pescatori\" class=\"topten_pentru-pescatori first\">Pentru pescatori  &raquo;<\/a><a href=\"\/ro\/programe\/pentru-fotografi\" class=\"topten_pentru-fotografi\">Pentru fotografi &raquo;<\/a><a href=\"\/ro\/programe\/in-timp-de-iarna\" class=\"topten_in-timp-de-iarna first\">In timp de iarna  &raquo;<\/a><a href=\"\/ro\/programe\/pentru-familii\" class=\"topten_pentru-familii\">Pentru familii &raquo;<\/a><a href=\"\/ro\/programe\/pentru-cupluri\" class=\"topten_pentru-cupluri first\">Pentru cupluri &raquo;<\/a><a href=\"\/ro\/programe\/pentru-o-singura-zi\" class=\"topten_pentru-o-singura-zi\">O singura zi &raquo;<\/a><a href=\"\/ro\/programe\/pentru-biciclisti\" class=\"topten_pentru-biciclisti first\">Pentru biciclisti &raquo;<\/a><a href=\"\/ro\/programe\/programe-pentru-un-week-end\" class=\"topten_programe-pentru-un-week-end\">Un week-end &raquo;<\/a><a href=\"\/ro\/programe\/in-timp-de-vara\" class=\"topten_in-timp-de-vara first\">In timp de vara &raquo;<\/a><a href=\"\/ro\/programe\/tineri\" class=\"topten_tineri active\">Pentru tineri &raquo;<\/a><a href=\"\/ro\/programe\/pentru-amatori-de-sport\" class=\"topten_pentru-amatori-de-sport first\">Amatori de sport &raquo;<\/a><a href=\"\/ro\/programe\/cu-masina\" class=\"topten_cu-masina\">Cu masina &raquo;<\/a><a href=\"\/ro\/programe\/pentru-amatori-de-cultura\" class=\"topten_pentru-amatori-de-cultura first\">Amatori de cultura &raquo;<\/a><a href=\"\/ro\/programe\/pentru-o-singura-saptamana\" class=\"topten_pentru-o-singura-saptamana\">Saptamana &raquo;<\/a><\/div><a href=\"https:\/\/gyoparosfurdo-oroshaza.hu\/ro\/programok\/elmenyfurdozes-gyoparoson\" title=\"Distractie in Baile Gyop\u00e1ros\" class=\"topten_grid_item\"><span class=\"number\">1<\/span><img width=\"290\" height=\"230\" src=\"https:\/\/gyoparosfurdo-oroshaza.hu\/wp-content\/uploads\/2012\/04\/elmenyfurdo_kiemelt.jpg\" class=\"lazyload wp-post-image\" alt=\"\" loading=\"lazy\" \/><span class=\"title\">Distractie in Baile Gyop\u00e1ros<\/span><span class=\"text\">Complexul, cu o suprafata totala mai mult de sase mii de metri patrati si cu o vasta gama de elemente acvatice Va ofera distractie placuta, un program.<\/span><\/a><a href=\"https:\/\/gyoparosfurdo-oroshaza.hu\/ro\/programok\/strandolas-gyoparosfurdon\" title=\"Sc\u0103ldat \u00een Gyop\u00e1rosf\u00fcrd\u0151\" class=\"topten_grid_item\"><span class=\"number\">2<\/span><img width=\"290\" height=\"230\" src=\"https:\/\/gyoparosfurdo-oroshaza.hu\/wp-content\/uploads\/2012\/04\/Strandol\u00e1s_gyoparosfurdon.jpg\" class=\"lazyload wp-post-image\" alt=\"\" loading=\"lazy\" \/><span class=\"title\">Sc\u0103ldat \u00een Gyop\u00e1rosf\u00fcrd\u0151<\/span><span class=\"text\">Balaceala dupa o zi placuta, senzatia racoritoare a apei, jocuri cu mingea in apa cristalina si placuta.<\/span><\/a><a href=\"https:\/\/gyoparosfurdo-oroshaza.hu\/ro\/programok\/ejszakai-furdozes\" title=\"Baie nocturn\u0103 la B\u0103ile Gyop\u00e1ros\" class=\"topten_grid_item\"><span class=\"number\">3<\/span><img width=\"290\" height=\"230\" src=\"https:\/\/gyoparosfurdo-oroshaza.hu\/wp-content\/uploads\/2012\/04\/4_Ejszakai_furdozes.jpg\" class=\"lazyload wp-post-image\" alt=\"\" loading=\"lazy\" \/><span class=\"title\">Baie nocturn\u0103 la B\u0103ile Gyop\u00e1ros<\/span><span class=\"text\">V-ati intrebat vreo data ce poate fi mai romantic decat o baie nocturna la Baile Gyop\u00e1ros?<\/span><\/a><a href=\"https:\/\/gyoparosfurdo-oroshaza.hu\/ro\/programok\/bowling\" title=\"Bowling\" class=\"topten_grid_item\"><span class=\"number\">4<\/span><img width=\"290\" height=\"230\" src=\"https:\/\/gyoparosfurdo-oroshaza.hu\/wp-content\/uploads\/2012\/05\/11_Bowling.jpg\" class=\"lazyload wp-post-image\" alt=\"\" loading=\"lazy\" \/><span class=\"title\">Bowling<\/span><span class=\"text\">Iubitorii jocului bowling au posibilitate de practicare a sportului si la Orosh\u00e1za, deoarece piste pot fi gasite si la Gyop\u00e1rosf\u00fcrd\u0151.<\/span><\/a><a href=\"https:\/\/gyoparosfurdo-oroshaza.hu\/ro\/programok\/fallabda-tenisz\" title=\"Tenis\" class=\"topten_grid_item\"><span class=\"number\">5<\/span><img width=\"290\" height=\"230\" src=\"https:\/\/gyoparosfurdo-oroshaza.hu\/wp-content\/uploads\/2012\/04\/10_Tenisz_fallabda.jpg\" class=\"lazyload wp-post-image\" alt=\"\" loading=\"lazy\" \/><span class=\"title\">Tenis<\/span><span class=\"text\">In cazul in care sunteti jucator de tenis nu trebuie sa lasati acasa rachetele de tenis.<\/span><\/a><a href=\"https:\/\/gyoparosfurdo-oroshaza.hu\/ro\/programok\/lovassportok\" title=\"Echita\u021bie\" class=\"topten_grid_item\"><span class=\"number\">6<\/span><img width=\"290\" height=\"230\" src=\"https:\/\/gyoparosfurdo-oroshaza.hu\/wp-content\/uploads\/2012\/04\/Lovassportok.jpg\" class=\"lazyload wp-post-image\" alt=\"\" loading=\"lazy\" \/><span class=\"title\">Echita\u021bie<\/span><span class=\"text\">Orosh\u00e1za este centrul vietii de echitatie din zona Campiei din mai multe puncte de vedere.<\/span><\/a><a href=\"https:\/\/gyoparosfurdo-oroshaza.hu\/ro\/programok\/ejszakai-elet-oroshazan\" title=\"Viata nocturna la Orosh\u00e1za\" class=\"topten_grid_item\"><span class=\"number\">7<\/span><img width=\"290\" height=\"230\" src=\"https:\/\/gyoparosfurdo-oroshaza.hu\/wp-content\/uploads\/2012\/04\/Ejszakai_elet.jpg\" class=\"lazyload wp-post-image\" alt=\"\" loading=\"lazy\" \/><span class=\"title\">Viata nocturna la Orosh\u00e1za<\/span><span class=\"text\">La Orosh\u00e1za nu se poate vorbi de viata nocturna in sensul orasilor mari. Vineri si sambata seara insa orasul se invigoreaza.<\/span><\/a><a href=\"https:\/\/gyoparosfurdo-oroshaza.hu\/ro\/programok\/seta-oroshaza-belvarosaban\" title=\"Plimbare in centrul orasului Orosh\u00e1za\" class=\"topten_grid_item\"><span class=\"number\">8<\/span><img width=\"290\" height=\"230\" src=\"https:\/\/gyoparosfurdo-oroshaza.hu\/wp-content\/uploads\/2012\/04\/belvarosi_seta_kiemelt.jpg\" class=\"lazyload wp-post-image\" alt=\"\" loading=\"lazy\" \/><span class=\"title\">Plimbare in centrul orasului Orosh\u00e1za<\/span><span class=\"text\">Un oras poate fi cunoscut cu adevarat numai printr-o plimbare facuta in centru.<\/span><\/a><a href=\"https:\/\/gyoparosfurdo-oroshaza.hu\/ro\/programok\/panorama-kilato\" title=\"Panorama Lookout\" class=\"topten_grid_item\"><span class=\"number\">9<\/span><img width=\"290\" height=\"230\" src=\"https:\/\/gyoparosfurdo-oroshaza.hu\/wp-content\/uploads\/2012\/04\/Panorama_kilato.jpg\" class=\"lazyload wp-post-image\" alt=\"\" loading=\"lazy\" \/><span class=\"title\">Panorama Lookout<\/span><span class=\"text\">Vechiul turn de apa, care in prezent functioneaza ca si turn de observatie cu numele Panor\u00e1ma.<\/span><\/a><a href=\"https:\/\/gyoparosfurdo-oroshaza.hu\/ro\/programok\/paintball\" title=\"Paintball\" class=\"topten_grid_item\"><span class=\"number\">10<\/span><img width=\"290\" height=\"230\" src=\"https:\/\/gyoparosfurdo-oroshaza.hu\/wp-content\/uploads\/2012\/07\/paintball1.jpg\" class=\"lazyload wp-post-image\" alt=\"\" loading=\"lazy\" \/><span class=\"title\">Paintball<\/span><span class=\"text\">Fie vorba despre distractie perfecta sau team-building pentru firme \u2013 paintball este o solutie superba.<\/span><\/a><a href=\"https:\/\/gyoparosfurdo-oroshaza.hu\/ro\/programok\/osztalykirandulas-taborozas-gyoparosfurdon\" title=\"Excursii cu clase, tabere la Gyop\u00e1rosf\u00fcrd\u0151\" class=\"topten_grid_item\"><span class=\"number\">11<\/span><img width=\"290\" height=\"228\" src=\"https:\/\/gyoparosfurdo-oroshaza.hu\/wp-content\/uploads\/2013\/03\/erdei.jpg\" class=\"lazyload wp-post-image\" alt=\"\" loading=\"lazy\" \/><span class=\"title\">Excursii cu clase, tabere la Gyop\u00e1rosf\u00fcrd\u0151<\/span><span class=\"text\">Excursii cu clase, tabere la Orosh\u00e1za-Gyop\u00e1rosf\u00fcrd\u0151n<\/span><\/a><a href=\"https:\/\/gyoparosfurdo-oroshaza.hu\/ro\/programok\/foter\" title=\"Pia\u021ba principal\u0103\" class=\"topten_grid_item\"><span class=\"number\">12<\/span><img width=\"290\" height=\"230\" src=\"https:\/\/gyoparosfurdo-oroshaza.hu\/wp-content\/uploads\/2012\/04\/seta_kiemelt.jpg\" class=\"lazyload wp-post-image\" alt=\"\" loading=\"lazy\" \/><span class=\"title\">Pia\u021ba principal\u0103<\/span><span class=\"text\">Opri\u021bi, r\u0103cori\u021bi \u0219i pute\u021bi servi cafea \u00een Pia\u021ba principal\u0103 din Orosh\u00e1za \u00een 2013.<\/span><\/a><div class=\"clear\"><\/div><\/div>\n<div class=\"W560\">\n<p><span class=\"h3\">DISTRACTIE NON STOP IN ORAS<\/span><\/p>\n<h2>Orosh\u00e1za nu este locul unde tinerii stau conectati la internet, online pe tableta sau laptopuri sau jucand cu mobilul: orasul va ofera programe interesante, mai ales in timp de week end.<\/h2>\n<p>Pentru petrecerea timpului va sta la dispozitie in primul rind zona de agrement din Gyop\u00e1ros sau strandul cu parc in timp de vara. La Baile Gyop\u00e1ros aveti posibilitatea sa va bucurati de atmosfera magica a noptilor de vara petrecute cu o baie nocturna la bai. In anumite zile zona de agrement este deschisa pana la miezul noptii. Totodata se organizeaza evenimente si petreceri regulate.<\/p>\n<p>Centrul orasului asteapta vizitatorii cu numeroase cafetarii, baruri si restaurante unde merita sa intrati atat in timpul zilei cat si de seara.<\/p>\n<p>In cazul in care cautati distractie activa aveti la dispozitie o serie de posibilitati.\u00a0 Un local popular in cadrul tineretului local si din imprejurimi este Bla-Bla pe strada T\u00e1ncsics. Localul functioneaza cu aceasta nume doar de cateva ani, in trecut localul a fost epicentru a mai multor generatii de tinerei sub numele Katlan. Fiecare saptamana au fost organizate aici numeroase concerte pentru tineretul underground cu formatiuni ca si P\u00e1l Utcai Fi\u00fak sau M\u00e1sf\u00e9l.<\/p>\n<p>In zilele de azi puteti sa va intilniti ce celebritatile actuale ale vietii pop, incepand de la DJ Andr\u00f3 si B\u00e1r\u00e1ny Attila pana la DJ Sterbinszky. Proprietarii asigura distractie perfecta pana in zori si maxima siguranta.<\/p>\n<p>Pentru cei care prefera concerte live racomandam taverna Anno cu concerte de rock si blues. Este foarte frecventat si localul cu numele Koccint\u00f3, care ofera un mix de diferite stiluri muzicale, astfel asigura satisfactie pentru tineri.<\/p>\n<p>Merita sa va informati si despre programele organizate de Centrul Cultural Pet\u0151fi. Institutia organizeaza si desfasoara o serie de programe interesante, atat in domeniul muzicii cat si a \u00a0festivalelor. Incepand de primavara pana toamna Centrul Cultural organizeaza o serie de festivaluri si concerte pop rock.<\/p>\n<p>In cazul in care va intereseaza sporturile extreme, vi se deschide posibilitatea fiindca in oras mai multe categorii cu traditii indelungate: bmx biking sau skateboarding. Pe strazile orasului zilnic puteti sa vedeti grupuri de tineri pasionati de aceste sporturi.<\/p>\n<p>Pentru grupuri de prieteni un meci de paintball poate asigura doza de adrenalina. Daca trimiteti un e-mail sau dati un telefon la organizatori locali vi se deschide posibilitatea si la acest mod de distractie.<\/p>\n<p>In sfarsit va racomandam posibilitatile oferte de orasele mai mari din imprejurimi ca si Szeged, B\u00e9k\u00e9scsaba si Gyula cu o gama larga de concerte, performante teatrale si cinematografii. La B\u00e9k\u00e9scsaba puteti vizita Cinematograful Center, situat in complexul Csaba Center, va ofera sansa de a vedea cele mai noi si mai importante premiere cinematografice in conditii optime.<\/p>\n<h3>Imagini<\/h3>\n\n<div class=\"ngg-galleryoverview\" id=\"ngg-gallery-22-26059\">\n\n\n\t\n\t<!-- Thumbnails -->\n\t\t\n\t<div id=\"ngg-image-1283\" class=\"ngg-gallery-thumbnail-box\"  >\n\t\t<div class=\"ngg-gallery-thumbnail\" >\n\t\t\t<a href=\"https:\/\/gyoparosfurdo-oroshaza.hu\/wp-content\/gallery\/fiataloknak\/fiatalok-1.jpg\" title=\"Wellness Gyop\u00e1rosf\u00fcrd\u0151n\" class=\"thickbox\" rel=\"set_22\" >\n\t\t\t\t\t\t\t\t<img title=\"Wellness Gyop\u00e1rosf\u00fcrd\u0151n\" alt=\"Wellness Gyop\u00e1rosf\u00fcrd\u0151n\" src=\"https:\/\/gyoparosfurdo-oroshaza.hu\/wp-content\/gallery\/fiataloknak\/thumbs\/thumbs_fiatalok-1.jpg\" width=\"120\" height=\"95\" \/>\n\t\t\t\t\t\t\t<\/a>\n\t\t<\/div>\n\t<\/div>\n\t\n\t\t\n \t\t\n\t<div id=\"ngg-image-989\" class=\"ngg-gallery-thumbnail-box\"  >\n\t\t<div class=\"ngg-gallery-thumbnail\" >\n\t\t\t<a href=\"https:\/\/gyoparosfurdo-oroshaza.hu\/wp-content\/gallery\/fiataloknak\/elmenyfurdo_napsutes.jpg\" title=\"\u00c9jszakai f\u00fcrd\u0151z\u00e9s Gyop\u00e1rosf\u00fcrd\u0151n\" class=\"thickbox\" rel=\"set_22\" >\n\t\t\t\t\t\t\t\t<img title=\"\u00c9jszakai f\u00fcrd\u0151z\u00e9s Gyop\u00e1rosf\u00fcrd\u0151n\" alt=\"\u00c9jszakai f\u00fcrd\u0151z\u00e9s Gyop\u00e1rosf\u00fcrd\u0151n\" src=\"https:\/\/gyoparosfurdo-oroshaza.hu\/wp-content\/gallery\/fiataloknak\/thumbs\/thumbs_elmenyfurdo_napsutes.jpg\" width=\"120\" height=\"95\" \/>\n\t\t\t\t\t\t\t<\/a>\n\t\t<\/div>\n\t<\/div>\n\t\n\t\t\n \t\t\n\t<div id=\"ngg-image-156\" class=\"ngg-gallery-thumbnail-box\"  >\n\t\t<div class=\"ngg-gallery-thumbnail\" >\n\t\t\t<a href=\"https:\/\/gyoparosfurdo-oroshaza.hu\/wp-content\/gallery\/fiataloknak\/fiataloknak_04.jpg\" title=\"Jakuzzi\" class=\"thickbox\" rel=\"set_22\" >\n\t\t\t\t\t\t\t\t<img title=\"Jakuzzi\" alt=\"Jakuzzi\" src=\"https:\/\/gyoparosfurdo-oroshaza.hu\/wp-content\/gallery\/fiataloknak\/thumbs\/thumbs_fiataloknak_04.jpg\" width=\"120\" height=\"95\" \/>\n\t\t\t\t\t\t\t<\/a>\n\t\t<\/div>\n\t<\/div>\n\t\n\t\t\n \t\t\n\t<div id=\"ngg-image-991\" class=\"ngg-gallery-thumbnail-box\"  >\n\t\t<div class=\"ngg-gallery-thumbnail\" >\n\t\t\t<a href=\"https:\/\/gyoparosfurdo-oroshaza.hu\/wp-content\/gallery\/fiataloknak\/gyoparosfurdo-gozfurdo.jpg\" title=\"G\u0151zf\u00fcrd\u0151 a meg\u00fajult szaunaparkban\" class=\"thickbox\" rel=\"set_22\" >\n\t\t\t\t\t\t\t\t<img title=\"G\u0151zf\u00fcrd\u0151 a meg\u00fajult szaunaparkban\" alt=\"G\u0151zf\u00fcrd\u0151 a meg\u00fajult szaunaparkban\" src=\"https:\/\/gyoparosfurdo-oroshaza.hu\/wp-content\/gallery\/fiataloknak\/thumbs\/thumbs_gyoparosfurdo-gozfurdo.jpg\" width=\"120\" height=\"95\" \/>\n\t\t\t\t\t\t\t<\/a>\n\t\t<\/div>\n\t<\/div>\n\t\n\t\t\n \t\t\n\t<div id=\"ngg-image-995\" class=\"ngg-gallery-thumbnail-box\"  >\n\t\t<div class=\"ngg-gallery-thumbnail\" >\n\t\t\t<a href=\"https:\/\/gyoparosfurdo-oroshaza.hu\/wp-content\/gallery\/fiataloknak\/gyoparosfurdo-szauna-8-allo.jpg\" title=\"A meg\u00fajult szaunapark\" class=\"thickbox\" rel=\"set_22\" >\n\t\t\t\t\t\t\t\t<img title=\"A meg\u00fajult szaunapark\" alt=\"A meg\u00fajult szaunapark\" src=\"https:\/\/gyoparosfurdo-oroshaza.hu\/wp-content\/gallery\/fiataloknak\/thumbs\/thumbs_gyoparosfurdo-szauna-8-allo.jpg\" width=\"120\" height=\"95\" \/>\n\t\t\t\t\t\t\t<\/a>\n\t\t<\/div>\n\t<\/div>\n\t\n\t\t\n \t\t\n\t<div id=\"ngg-image-993\" class=\"ngg-gallery-thumbnail-box\"  >\n\t\t<div class=\"ngg-gallery-thumbnail\" >\n\t\t\t<a href=\"https:\/\/gyoparosfurdo-oroshaza.hu\/wp-content\/gallery\/fiataloknak\/gyoparosfurdo-kinti-haj-allo.jpg\" title=\"Gyop\u00e1rosf\u00fcrd\u0151 \u00e9lm\u00e9nymedenc\u00e9i\" class=\"thickbox\" rel=\"set_22\" >\n\t\t\t\t\t\t\t\t<img title=\"Gyop\u00e1rosf\u00fcrd\u0151 \u00e9lm\u00e9nymedenc\u00e9i\" alt=\"Gyop\u00e1rosf\u00fcrd\u0151 \u00e9lm\u00e9nymedenc\u00e9i\" src=\"https:\/\/gyoparosfurdo-oroshaza.hu\/wp-content\/gallery\/fiataloknak\/thumbs\/thumbs_gyoparosfurdo-kinti-haj-allo.jpg\" width=\"120\" height=\"95\" \/>\n\t\t\t\t\t\t\t<\/a>\n\t\t<\/div>\n\t<\/div>\n\t\n\t\t\n \t\t\n\t<div id=\"ngg-image-994\" class=\"ngg-gallery-thumbnail-box\"  >\n\t\t<div class=\"ngg-gallery-thumbnail\" >\n\t\t\t<a href=\"https:\/\/gyoparosfurdo-oroshaza.hu\/wp-content\/gallery\/fiataloknak\/gyoparosfurdo-szauna-7.jpg\" title=\"A meg\u00fajult szaunapark\" class=\"thickbox\" rel=\"set_22\" >\n\t\t\t\t\t\t\t\t<img title=\"A meg\u00fajult szaunapark\" alt=\"A meg\u00fajult szaunapark\" src=\"https:\/\/gyoparosfurdo-oroshaza.hu\/wp-content\/gallery\/fiataloknak\/thumbs\/thumbs_gyoparosfurdo-szauna-7.jpg\" width=\"120\" height=\"95\" \/>\n\t\t\t\t\t\t\t<\/a>\n\t\t<\/div>\n\t<\/div>\n\t\n\t\t\n \t\t\n\t<div id=\"ngg-image-892\" class=\"ngg-gallery-thumbnail-box\"  >\n\t\t<div class=\"ngg-gallery-thumbnail\" >\n\t\t\t<a href=\"https:\/\/gyoparosfurdo-oroshaza.hu\/wp-content\/gallery\/fiataloknak\/img_1062.jpg\" title=\"Gyop\u00e1rosf\u00fcrd\u0151 \u00e9lm\u00e9nymedenc\u00e9i\" class=\"thickbox\" rel=\"set_22\" >\n\t\t\t\t\t\t\t\t<img title=\"Gyop\u00e1rosf\u00fcrd\u0151 \u00e9lm\u00e9nymedenc\u00e9i\" alt=\"Gyop\u00e1rosf\u00fcrd\u0151 \u00e9lm\u00e9nymedenc\u00e9i\" src=\"https:\/\/gyoparosfurdo-oroshaza.hu\/wp-content\/gallery\/fiataloknak\/thumbs\/thumbs_img_1062.jpg\" width=\"120\" height=\"95\" \/>\n\t\t\t\t\t\t\t<\/a>\n\t\t<\/div>\n\t<\/div>\n\t\n\t\t\n \t\t\n\t<div id=\"ngg-image-894\" class=\"ngg-gallery-thumbnail-box\"  >\n\t\t<div class=\"ngg-gallery-thumbnail\" >\n\t\t\t<a href=\"https:\/\/gyoparosfurdo-oroshaza.hu\/wp-content\/gallery\/fiataloknak\/img_5632.jpg\" title=\"Ugr\u00e1s az 50 m\u00e9teres sportmedenc\u00e9be\" class=\"thickbox\" rel=\"set_22\" >\n\t\t\t\t\t\t\t\t<img title=\"Ugr\u00e1s az 50 m\u00e9teres sportmedenc\u00e9be\" alt=\"Ugr\u00e1s az 50 m\u00e9teres sportmedenc\u00e9be\" src=\"https:\/\/gyoparosfurdo-oroshaza.hu\/wp-content\/gallery\/fiataloknak\/thumbs\/thumbs_img_5632.jpg\" width=\"120\" height=\"95\" \/>\n\t\t\t\t\t\t\t<\/a>\n\t\t<\/div>\n\t<\/div>\n\t\n\t\t\n \t\t\n\t<div id=\"ngg-image-157\" class=\"ngg-gallery-thumbnail-box\"  >\n\t\t<div class=\"ngg-gallery-thumbnail\" >\n\t\t\t<a href=\"https:\/\/gyoparosfurdo-oroshaza.hu\/wp-content\/gallery\/fiataloknak\/fiataloknak_05.jpg\" title=\"Gyop\u00e1rosf\u00fcrd\u0151 \u00e9lm\u00e9nymedenc\u00e9i\" class=\"thickbox\" rel=\"set_22\" >\n\t\t\t\t\t\t\t\t<img title=\"Gyop\u00e1rosf\u00fcrd\u0151 \u00e9lm\u00e9nymedenc\u00e9i\" alt=\"Gyop\u00e1rosf\u00fcrd\u0151 \u00e9lm\u00e9nymedenc\u00e9i\" src=\"https:\/\/gyoparosfurdo-oroshaza.hu\/wp-content\/gallery\/fiataloknak\/thumbs\/thumbs_fiataloknak_05.jpg\" width=\"120\" height=\"95\" \/>\n\t\t\t\t\t\t\t<\/a>\n\t\t<\/div>\n\t<\/div>\n\t\n\t\t\n \t\t\n\t<div id=\"ngg-image-1285\" class=\"ngg-gallery-thumbnail-box\"  >\n\t\t<div class=\"ngg-gallery-thumbnail\" >\n\t\t\t<a href=\"https:\/\/gyoparosfurdo-oroshaza.hu\/wp-content\/gallery\/fiataloknak\/fiatalok-3.jpg\" title=\"Wellness Gyop\u00e1rosf\u00fcrd\u0151n\" class=\"thickbox\" rel=\"set_22\" >\n\t\t\t\t\t\t\t\t<img title=\"Wellness Gyop\u00e1rosf\u00fcrd\u0151n\" alt=\"Wellness Gyop\u00e1rosf\u00fcrd\u0151n\" src=\"https:\/\/gyoparosfurdo-oroshaza.hu\/wp-content\/gallery\/fiataloknak\/thumbs\/thumbs_fiatalok-3.jpg\" width=\"120\" height=\"95\" \/>\n\t\t\t\t\t\t\t<\/a>\n\t\t<\/div>\n\t<\/div>\n\t\n\t\t\n \t\t\n\t<div id=\"ngg-image-1286\" class=\"ngg-gallery-thumbnail-box\"  >\n\t\t<div class=\"ngg-gallery-thumbnail\" >\n\t\t\t<a href=\"https:\/\/gyoparosfurdo-oroshaza.hu\/wp-content\/gallery\/fiataloknak\/fiatalok-4.jpg\" title=\"Wellness Gyop\u00e1rosf\u00fcrd\u0151n\" class=\"thickbox\" rel=\"set_22\" >\n\t\t\t\t\t\t\t\t<img title=\"Wellness Gyop\u00e1rosf\u00fcrd\u0151n\" alt=\"Wellness Gyop\u00e1rosf\u00fcrd\u0151n\" src=\"https:\/\/gyoparosfurdo-oroshaza.hu\/wp-content\/gallery\/fiataloknak\/thumbs\/thumbs_fiatalok-4.jpg\" width=\"120\" height=\"95\" \/>\n\t\t\t\t\t\t\t<\/a>\n\t\t<\/div>\n\t<\/div>\n\t\n\t\t\n \t\t\n\t<div id=\"ngg-image-1284\" class=\"ngg-gallery-thumbnail-box\"  >\n\t\t<div class=\"ngg-gallery-thumbnail\" >\n\t\t\t<a href=\"https:\/\/gyoparosfurdo-oroshaza.hu\/wp-content\/gallery\/fiataloknak\/fiatalok-2.jpg\" title=\"Wellness Gyop\u00e1rosf\u00fcrd\u0151n\" class=\"thickbox\" rel=\"set_22\" >\n\t\t\t\t\t\t\t\t<img title=\"Wellness Gyop\u00e1rosf\u00fcrd\u0151n\" alt=\"Wellness Gyop\u00e1rosf\u00fcrd\u0151n\" src=\"https:\/\/gyoparosfurdo-oroshaza.hu\/wp-content\/gallery\/fiataloknak\/thumbs\/thumbs_fiatalok-2.jpg\" width=\"120\" height=\"95\" \/>\n\t\t\t\t\t\t\t<\/a>\n\t\t<\/div>\n\t<\/div>\n\t\n\t\t\n \t\t\n\t<div id=\"ngg-image-895\" class=\"ngg-gallery-thumbnail-box\"  >\n\t\t<div class=\"ngg-gallery-thumbnail\" >\n\t\t\t<a href=\"https:\/\/gyoparosfurdo-oroshaza.hu\/wp-content\/gallery\/fiataloknak\/img_5719.jpg\" title=\"Vizibicikli Gyop\u00e1rosf\u00fcrd\u0151n\" class=\"thickbox\" rel=\"set_22\" >\n\t\t\t\t\t\t\t\t<img title=\"Vizibicikli Gyop\u00e1rosf\u00fcrd\u0151n\" alt=\"Vizibicikli Gyop\u00e1rosf\u00fcrd\u0151n\" src=\"https:\/\/gyoparosfurdo-oroshaza.hu\/wp-content\/gallery\/fiataloknak\/thumbs\/thumbs_img_5719.jpg\" width=\"120\" height=\"95\" \/>\n\t\t\t\t\t\t\t<\/a>\n\t\t<\/div>\n\t<\/div>\n\t\n\t\t\n \t\t\n\t<div id=\"ngg-image-159\" class=\"ngg-gallery-thumbnail-box\"  >\n\t\t<div class=\"ngg-gallery-thumbnail\" >\n\t\t\t<a href=\"https:\/\/gyoparosfurdo-oroshaza.hu\/wp-content\/gallery\/fiataloknak\/fiataloknak_07.jpg\" title=\"Sportprogramok a parkf\u00fcrd\u0151ben\" class=\"thickbox\" rel=\"set_22\" >\n\t\t\t\t\t\t\t\t<img title=\"Sportprogramok a parkf\u00fcrd\u0151ben\" alt=\"Sportprogramok a parkf\u00fcrd\u0151ben\" src=\"https:\/\/gyoparosfurdo-oroshaza.hu\/wp-content\/gallery\/fiataloknak\/thumbs\/thumbs_fiataloknak_07.jpg\" width=\"120\" height=\"95\" \/>\n\t\t\t\t\t\t\t<\/a>\n\t\t<\/div>\n\t<\/div>\n\t\n\t\t\n \t\t\n\t<div id=\"ngg-image-161\" class=\"ngg-gallery-thumbnail-box\"  >\n\t\t<div class=\"ngg-gallery-thumbnail\" >\n\t\t\t<a href=\"https:\/\/gyoparosfurdo-oroshaza.hu\/wp-content\/gallery\/fiataloknak\/fiataloknak_09.jpg\" title=\"Strandr\u00f6plabda-p\u00e1lya a parkf\u00fcrd\u0151ben\" class=\"thickbox\" rel=\"set_22\" >\n\t\t\t\t\t\t\t\t<img title=\"Strandr\u00f6plabda-p\u00e1lya a parkf\u00fcrd\u0151ben\" alt=\"Strandr\u00f6plabda-p\u00e1lya a parkf\u00fcrd\u0151ben\" src=\"https:\/\/gyoparosfurdo-oroshaza.hu\/wp-content\/gallery\/fiataloknak\/thumbs\/thumbs_fiataloknak_09.jpg\" width=\"120\" height=\"95\" \/>\n\t\t\t\t\t\t\t<\/a>\n\t\t<\/div>\n\t<\/div>\n\t\n\t\t\n \t\t\n\t<div id=\"ngg-image-996\" class=\"ngg-gallery-thumbnail-box\"  >\n\t\t<div class=\"ngg-gallery-thumbnail\" >\n\t\t\t<a href=\"https:\/\/gyoparosfurdo-oroshaza.hu\/wp-content\/gallery\/fiataloknak\/parkfurdo_rendezveny.jpg\" title=\"Rendezv\u00e9ny a Parkf\u00fcrd\u0151ben\" class=\"thickbox\" rel=\"set_22\" >\n\t\t\t\t\t\t\t\t<img title=\"Rendezv\u00e9ny a Parkf\u00fcrd\u0151ben\" alt=\"Rendezv\u00e9ny a Parkf\u00fcrd\u0151ben\" src=\"https:\/\/gyoparosfurdo-oroshaza.hu\/wp-content\/gallery\/fiataloknak\/thumbs\/thumbs_parkfurdo_rendezveny.jpg\" width=\"120\" height=\"95\" \/>\n\t\t\t\t\t\t\t<\/a>\n\t\t<\/div>\n\t<\/div>\n\t\n\t\t\n \t\t\n\t<div id=\"ngg-image-163\" class=\"ngg-gallery-thumbnail-box\"  >\n\t\t<div class=\"ngg-gallery-thumbnail\" >\n\t\t\t<a href=\"https:\/\/gyoparosfurdo-oroshaza.hu\/wp-content\/gallery\/fiataloknak\/fiataloknak_11.jpg\" title=\"Gyop\u00e1ros fiataloknak \/ for youngster\" class=\"thickbox\" rel=\"set_22\" >\n\t\t\t\t\t\t\t\t<img title=\"Fiataloknak sz\u00f3l\u00f3 rendezv\u00e9nyek a f\u00fcrd\u0151ben\" alt=\"Fiataloknak sz\u00f3l\u00f3 rendezv\u00e9nyek a f\u00fcrd\u0151ben\" src=\"https:\/\/gyoparosfurdo-oroshaza.hu\/wp-content\/gallery\/fiataloknak\/thumbs\/thumbs_fiataloknak_11.jpg\" width=\"120\" height=\"95\" \/>\n\t\t\t\t\t\t\t<\/a>\n\t\t<\/div>\n\t<\/div>\n\t\n\t\t\n \t\t\n\t<div id=\"ngg-image-997\" class=\"ngg-gallery-thumbnail-box\"  >\n\t\t<div class=\"ngg-gallery-thumbnail\" >\n\t\t\t<a href=\"https:\/\/gyoparosfurdo-oroshaza.hu\/wp-content\/gallery\/fiataloknak\/kaland1.jpg\" title=\"Gyop\u00e1rosi Kalandpark\" class=\"thickbox\" rel=\"set_22\" >\n\t\t\t\t\t\t\t\t<img title=\"Gyop\u00e1rosi Kalandpark\" alt=\"Gyop\u00e1rosi Kalandpark\" src=\"https:\/\/gyoparosfurdo-oroshaza.hu\/wp-content\/gallery\/fiataloknak\/thumbs\/thumbs_kaland1.jpg\" width=\"120\" height=\"95\" \/>\n\t\t\t\t\t\t\t<\/a>\n\t\t<\/div>\n\t<\/div>\n\t\n\t\t\n \t\t\n\t<div id=\"ngg-image-990\" class=\"ngg-gallery-thumbnail-box\"  >\n\t\t<div class=\"ngg-gallery-thumbnail\" >\n\t\t\t<a href=\"https:\/\/gyoparosfurdo-oroshaza.hu\/wp-content\/gallery\/fiataloknak\/foter_ejszaka.jpg\" title=\"Orosh\u00e1za f\u0151tere \u00e9jszaka\" class=\"thickbox\" rel=\"set_22\" >\n\t\t\t\t\t\t\t\t<img title=\"Orosh\u00e1za f\u0151tere \u00e9jszaka\" alt=\"Orosh\u00e1za f\u0151tere \u00e9jszaka\" src=\"https:\/\/gyoparosfurdo-oroshaza.hu\/wp-content\/gallery\/fiataloknak\/thumbs\/thumbs_foter_ejszaka.jpg\" width=\"120\" height=\"95\" \/>\n\t\t\t\t\t\t\t<\/a>\n\t\t<\/div>\n\t<\/div>\n\t\n\t\t\n \t \t\n\t<!-- Pagination -->\n \t<div class='ngg-clear'><\/div>\n \t\n<\/div>\n\n\n<\/div>\n","protected":false},"excerpt":{"rendered":"<p>DISTRACTIE NON STOP IN ORAS Orosh\u00e1za nu este locul unde tinerii stau conectati la internet, online pe tableta sau laptopuri sau jucand cu mobilul: orasul va ofera programe interesante, mai ales in timp de week end. Pentru petrecerea timpului va &hellip; <a href=\"https:\/\/gyoparosfurdo-oroshaza.hu\/ro\/programe\/tineri\">Folytat\u00e1s <span class=\"meta-nav\">&rarr;<\/span><\/a><\/p>\n","protected":false},"author":6,"featured_media":0,"parent":26027,"menu_order":0,"comment_status":"closed","ping_status":"closed","template":"","meta":[],"_links":{"self":[{"href":"https:\/\/gyoparosfurdo-oroshaza.hu\/ro\/wp-json\/wp\/v2\/pages\/26059"}],"collection":[{"href":"https:\/\/gyoparosfurdo-oroshaza.hu\/ro\/wp-json\/wp\/v2\/pages"}],"about":[{"href":"https:\/\/gyoparosfurdo-oroshaza.hu\/ro\/wp-json\/wp\/v2\/types\/page"}],"author":[{"embeddable":true,"href":"https:\/\/gyoparosfurdo-oroshaza.hu\/ro\/wp-json\/wp\/v2\/users\/6"}],"replies":[{"embeddable":true,"href":"https:\/\/gyoparosfurdo-oroshaza.hu\/ro\/wp-json\/wp\/v2\/comments?post=26059"}],"version-history":[{"count":0,"href":"https:\/\/gyoparosfurdo-oroshaza.hu\/ro\/wp-json\/wp\/v2\/pages\/26059\/revisions"}],"up":[{"embeddable":true,"href":"https:\/\/gyoparosfurdo-oroshaza.hu\/ro\/wp-json\/wp\/v2\/pages\/26027"}],"wp:attachment":[{"href":"https:\/\/gyoparosfurdo-oroshaza.hu\/ro\/wp-json\/wp\/v2\/media?parent=26059"}],"curies":[{"name":"wp","href":"https:\/\/api.w.org\/{rel}","templated":true}]}}