{"id":26048,"date":"2012-04-13T12:11:14","date_gmt":"2012-04-13T10:11:14","guid":{"rendered":"https:\/\/gyoparosfurdo-oroshaza.hu\/pentru-familii"},"modified":"2012-04-13T12:11:14","modified_gmt":"2012-04-13T11:11:14","slug":"pentru-familii","status":"publish","type":"page","link":"https:\/\/gyoparosfurdo-oroshaza.hu\/ro\/programe\/pentru-familii","title":{"rendered":"Pentru familii"},"content":{"rendered":"<div class=\"topten_grid_container topten_page\"><div class=\"topten_grid_item\"><span class=\"h3\">Programe Top<\/span><a href=\"\/ro\/programe\/programe-pentru-un-week-end\" class=\"topten_programe-pentru-un-week-end first\">Un week-end &raquo;<\/a><a href=\"\/ro\/programe\/in-timp-de-vara\" class=\"topten_in-timp-de-vara\">In timp de vara &raquo;<\/a><a href=\"\/ro\/programe\/tineri\" class=\"topten_tineri first\">Pentru tineri &raquo;<\/a><a href=\"\/ro\/programe\/pentru-amatori-de-sport\" class=\"topten_pentru-amatori-de-sport\">Amatori de sport &raquo;<\/a><a href=\"\/ro\/programe\/cu-masina\" class=\"topten_cu-masina first\">Cu masina &raquo;<\/a><a href=\"\/ro\/programe\/pentru-amatori-de-cultura\" class=\"topten_pentru-amatori-de-cultura\">Amatori de cultura &raquo;<\/a><a href=\"\/ro\/programe\/pentru-o-singura-saptamana\" class=\"topten_pentru-o-singura-saptamana first\">Saptamana &raquo;<\/a><a href=\"\/ro\/programe\/pentru-pescatori\" class=\"topten_pentru-pescatori\">Pentru pescatori  &raquo;<\/a><a href=\"\/ro\/programe\/pentru-fotografi\" class=\"topten_pentru-fotografi first\">Pentru fotografi &raquo;<\/a><a href=\"\/ro\/programe\/in-timp-de-iarna\" class=\"topten_in-timp-de-iarna\">In timp de iarna  &raquo;<\/a><a href=\"\/ro\/programe\/pentru-familii\" class=\"topten_pentru-familii first active\">Pentru familii &raquo;<\/a><a href=\"\/ro\/programe\/pentru-cupluri\" class=\"topten_pentru-cupluri\">Pentru cupluri &raquo;<\/a><a href=\"\/ro\/programe\/pentru-o-singura-zi\" class=\"topten_pentru-o-singura-zi first\">O singura zi &raquo;<\/a><a href=\"\/ro\/programe\/pentru-biciclisti\" class=\"topten_pentru-biciclisti\">Pentru biciclisti &raquo;<\/a><\/div><a href=\"https:\/\/gyoparosfurdo-oroshaza.hu\/ro\/programok\/elmenyfurdozes-gyoparoson\" title=\"Distractie in Baile Gyop\u00e1ros\" class=\"topten_grid_item\"><span class=\"number\">1<\/span><img width=\"290\" height=\"230\" src=\"https:\/\/gyoparosfurdo-oroshaza.hu\/wp-content\/uploads\/2012\/04\/elmenyfurdo_kiemelt.jpg\" class=\"lazyload wp-post-image\" alt=\"\" loading=\"lazy\" \/><span class=\"title\">Distractie in Baile Gyop\u00e1ros<\/span><span class=\"text\">Complexul, cu o suprafata totala mai mult de sase mii de metri patrati si cu o vasta gama de elemente acvatice Va ofera distractie placuta, un program.<\/span><\/a><a href=\"https:\/\/gyoparosfurdo-oroshaza.hu\/ro\/programok\/strandolas-gyoparosfurdon\" title=\"Sc\u0103ldat \u00een Gyop\u00e1rosf\u00fcrd\u0151\" class=\"topten_grid_item\"><span class=\"number\">2<\/span><img width=\"290\" height=\"230\" src=\"https:\/\/gyoparosfurdo-oroshaza.hu\/wp-content\/uploads\/2012\/04\/Strandol\u00e1s_gyoparosfurdon.jpg\" class=\"lazyload wp-post-image\" alt=\"\" loading=\"lazy\" \/><span class=\"title\">Sc\u0103ldat \u00een Gyop\u00e1rosf\u00fcrd\u0151<\/span><span class=\"text\">Balaceala dupa o zi placuta, senzatia racoritoare a apei, jocuri cu mingea in apa cristalina si placuta.<\/span><\/a><a href=\"https:\/\/gyoparosfurdo-oroshaza.hu\/ro\/programok\/ejszakai-furdozes\" title=\"Baie nocturn\u0103 la B\u0103ile Gyop\u00e1ros\" class=\"topten_grid_item\"><span class=\"number\">3<\/span><img width=\"290\" height=\"230\" src=\"https:\/\/gyoparosfurdo-oroshaza.hu\/wp-content\/uploads\/2012\/04\/4_Ejszakai_furdozes.jpg\" class=\"lazyload wp-post-image\" alt=\"\" loading=\"lazy\" \/><span class=\"title\">Baie nocturn\u0103 la B\u0103ile Gyop\u00e1ros<\/span><span class=\"text\">V-ati intrebat vreo data ce poate fi mai romantic decat o baie nocturna la Baile Gyop\u00e1ros?<\/span><\/a><a href=\"https:\/\/gyoparosfurdo-oroshaza.hu\/ro\/programok\/horgasztavak\" title=\"Lacuri de pescuit\" class=\"topten_grid_item\"><span class=\"number\">4<\/span><img width=\"290\" height=\"230\" src=\"https:\/\/gyoparosfurdo-oroshaza.hu\/wp-content\/uploads\/2012\/04\/Horgasztavak.jpg\" class=\"lazyload wp-post-image\" alt=\"\" loading=\"lazy\" \/><span class=\"title\">Lacuri de pescuit<\/span><span class=\"text\">Spre bucuria pestilor si al pescarilor judetul B\u00e9k\u00e9s este foarte bogat in ape populate cu peste.<\/span><\/a><a href=\"https:\/\/gyoparosfurdo-oroshaza.hu\/ro\/programok\/lovassportok\" title=\"Echita\u021bie\" class=\"topten_grid_item\"><span class=\"number\">5<\/span><img width=\"290\" height=\"230\" src=\"https:\/\/gyoparosfurdo-oroshaza.hu\/wp-content\/uploads\/2012\/04\/Lovassportok.jpg\" class=\"lazyload wp-post-image\" alt=\"\" loading=\"lazy\" \/><span class=\"title\">Echita\u021bie<\/span><span class=\"text\">Orosh\u00e1za este centrul vietii de echitatie din zona Campiei din mai multe puncte de vedere.<\/span><\/a><a href=\"https:\/\/gyoparosfurdo-oroshaza.hu\/ro\/programok\/seta-oroshaza-belvarosaban\" title=\"Plimbare in centrul orasului Orosh\u00e1za\" class=\"topten_grid_item\"><span class=\"number\">6<\/span><img width=\"290\" height=\"230\" src=\"https:\/\/gyoparosfurdo-oroshaza.hu\/wp-content\/uploads\/2012\/04\/belvarosi_seta_kiemelt.jpg\" class=\"lazyload wp-post-image\" alt=\"\" loading=\"lazy\" \/><span class=\"title\">Plimbare in centrul orasului Orosh\u00e1za<\/span><span class=\"text\">Un oras poate fi cunoscut cu adevarat numai printr-o plimbare facuta in centru.<\/span><\/a><a href=\"https:\/\/gyoparosfurdo-oroshaza.hu\/ro\/programok\/piaclatogatas-oroshazan\" title=\"Piata locala Orosh\u00e1za\" class=\"topten_grid_item\"><span class=\"number\">7<\/span><img width=\"290\" height=\"230\" src=\"https:\/\/gyoparosfurdo-oroshaza.hu\/wp-content\/uploads\/2012\/04\/Piac.jpg\" class=\"lazyload wp-post-image\" alt=\"\" loading=\"lazy\" \/><span class=\"title\">Piata locala Orosh\u00e1za<\/span><span class=\"text\">Daca sunteti la Orosh\u00e1za trebuie sa vizitati piata locala, care desi va aminteste de  timpurile vechi este modern.<\/span><\/a><a href=\"https:\/\/gyoparosfurdo-oroshaza.hu\/ro\/programok\/panorama-kilato\" title=\"Panorama Lookout\" class=\"topten_grid_item\"><span class=\"number\">8<\/span><img width=\"290\" height=\"230\" src=\"https:\/\/gyoparosfurdo-oroshaza.hu\/wp-content\/uploads\/2012\/04\/Panorama_kilato.jpg\" class=\"lazyload wp-post-image\" alt=\"\" loading=\"lazy\" \/><span class=\"title\">Panorama Lookout<\/span><span class=\"text\">Vechiul turn de apa, care in prezent functioneaza ca si turn de observatie cu numele Panor\u00e1ma.<\/span><\/a><a href=\"https:\/\/gyoparosfurdo-oroshaza.hu\/ro\/programok\/tortenelmi-emlekpark\" title=\"Parcul memorial istoric\" class=\"topten_grid_item\"><span class=\"number\">9<\/span><img width=\"290\" height=\"230\" src=\"https:\/\/gyoparosfurdo-oroshaza.hu\/wp-content\/uploads\/2012\/04\/Tortenelmi_Emlekpark.jpg\" class=\"lazyload wp-post-image\" alt=\"\" loading=\"lazy\" \/><span class=\"title\">Parcul memorial istoric<\/span><span class=\"text\">Desi Parcul Istoric a fost sursa unor dezbateri sociale in viata orasului.<\/span><\/a><a href=\"https:\/\/gyoparosfurdo-oroshaza.hu\/ro\/programok\/oroshazi-sajtkeszito-muhely\" title=\"Un produc\u0103tor local de br\u00e2nz\u0103\" class=\"topten_grid_item\"><span class=\"number\">10<\/span><img width=\"290\" height=\"230\" src=\"https:\/\/gyoparosfurdo-oroshaza.hu\/wp-content\/uploads\/2012\/11\/sajt.jpg\" class=\"lazyload wp-post-image\" alt=\"\" loading=\"lazy\" \/><span class=\"title\">Un produc\u0103tor local de br\u00e2nz\u0103<\/span><span class=\"text\">Un atelier de br\u00e2nz\u0103, cum se face adev\u0103rata br\u00e2nz\u0103 de cas\u0103?<\/span><\/a><a href=\"https:\/\/gyoparosfurdo-oroshaza.hu\/ro\/programok\/uveg-kortefa\" title=\"P\u0103r s\u0103lbatic din sticl\u0103\" class=\"topten_grid_item\"><span class=\"number\">11<\/span><img width=\"290\" height=\"230\" src=\"https:\/\/gyoparosfurdo-oroshaza.hu\/wp-content\/uploads\/2013\/09\/korte.jpg\" class=\"lazyload wp-post-image\" alt=\"\" loading=\"lazy\" \/><span class=\"title\">P\u0103r s\u0103lbatic din sticl\u0103<\/span><span class=\"text\">Legenda \u00eentemeierii ora\u0219ului a fost conceput\u0103 sub forma unei sculpture din sticl\u0103.<\/span><\/a><div class=\"clear\"><\/div><\/div>\n<div class=\"W560\">\n<span class=\"h3\">Unde copii precis ca nu se vor plictisi<\/span><\/p>\n<h2>Orosh\u00e1za este un orasel linistit si pasnic, ideal pentru familii cu copii si bebelusi, unde toate conditiile sunt asigurate pentru a petrece zile de neuitat.<\/h2>\n<p>Este greu sa trezim si sustinem interesul copiilor un timp indelungat. La Orosh\u00e1za precis ca veti gasi numeroase facilitati care vor castiga interesul copiilor, de la mici la mari, de la prescolari la scolari. Hai sa incepem cu Baile <a href=\"https:\/\/gyoparosfurdo-oroshaza.hu\/ro\/gyoparosfurdo\" title=\"Gyop\u00e1ros\">Gyop\u00e1ros<\/a>: atat  <a href=\"https:\/\/gyoparosfurdo-oroshaza.hu\/ro\/gyoparosfurdo\/baile-de-agrement\" title=\"zona de agrement\">zona de agrement<\/a> cat si baile din <a href=\"https:\/\/gyoparosfurdo-oroshaza.hu\/ro\/gyoparosfurdo\/parcul-si-strandul\" title=\"strand\">strand<\/a> ofera servicii pentru copii, complexul este dotat cu numeroase elemente distractive  dedicate in primul rind copiilor, dar asigura distractie placuta pentru intreaga familie. Multi copii se bucura de o <a href=\"\/ro\/programok\/csonakazas-a-tavon\" title=\"plimbare cu barca\">plimbare cu barca<\/a> pa lacul Gyop\u00e1ros sau chiar si de hidrobiciclete. <\/p>\n<p><img loading=\"lazy\" src=\"\/wp-content\/uploads\/2012\/04\/csaladi_program.jpg\" alt=\"Pentru familii\" title=\"Pentru familii\" width=\"190\" height=\"126\" class=\"alignleft\" \/>Cu masina nu departe de la oras se afla Lacul Alb din Kardosk\u00fat, care face parte din Rezervatia Naturala Muresul-Crisul. Aici puteti sa vedeti intr-un mediu original cateva specii de animale protejate: bovinele gri maghiar si oile ratca. Excursia poate fi o experienta de neuitat nu numai pentru cei mici, dar si pentru adulti.<\/p>\n<p>Orasul este perfect si din punctul de vedere al locurilor si terenelor de joaca pentru copii. Construite in conformitate cu normele si standardele europene, locurile de joaca ofera siguranta si distractie cu jucarii construite din materiale ecologice.  Cel mai frecventat loc de joaca este cel cu numele M\u00e1ltai, loc de joaca pentru copii pazita \u2013 ofera pentru copii distractie pe ore intregi.<\/p>\n<p>Desi nu exista un teatru separat pentru copii, casa de cultura organizeaza spectacole si programe pentru cei mici. In timp de vara o vasta gama de festivale stau la dispozitia familiilor cu copii.<\/p>\n<p>Organizarea unei excursii cu familia poate fi o sarcina dificila, mai ales daca porniti la drum in compania celor mici. <a href=\"https:\/\/gyoparosfurdo-oroshaza.hu\/ro\/cazare\" title=\"Cazare\">Locurile de cazare<\/a> sunt dotate cu facilitati pentru familii cu bebelusi, va ofera o sedere care va ramane o amintire placuta pentru intreaga familie. Majoritatea restaurantelor dispun de scaune pentru copii, acces usor cu carucioare bebelusi. Strazile, institutiile si magazinele din oras sunt la fel prietenosi cu copii.<\/p>\n<p>Termenul de familie pentru noi nu inseamna decat parinti si copii, dar si bunici. Familiile de trei generatii vor petrece zile placute la Gyop\u00e1rosf\u00fcrd\u0151, Orosh\u00e1za: <a href=\"https:\/\/gyoparosfurdo-oroshaza.hu\/ro\/gyoparosfurdo\/baile-termale\" title=\"baile termale\">baile termale<\/a> sunt benefice in mod special pentru cei mai de varsta. In acelas timp ei se pot bucura si de odihna activa cu <a href=\"https:\/\/gyoparosfurdo-oroshaza.hu\/ro\/gyoparosfurdo\" title=\"baie\">baie<\/a>, cu plimbari in parc si <a href=\"\/ro\/programok\/seta-oroshaza-belvarosaban\" title=\"in oras\">in oras<\/a> sau cu <a href=\"https:\/\/gyoparosfurdo-oroshaza.hu\/ro\/programe\/pentru-amatori-de-sport\" title=\"facilitatile de sport\">facilitatile de sport<\/a> si de <a href=\"https:\/\/gyoparosfurdo-oroshaza.hu\/ro\/programe\/pentru-amatori-de-cultura\" title=\"cultura\">cultura<\/a> oferte de localitate. In baile noastre de trei generatii fiecare generatie isi gaseste posibilitate de recreare si distractie placuta.<\/p>\n<h3>Galeria de foto<\/h3>\n\n<div class=\"ngg-galleryoverview\" id=\"ngg-gallery-21-26048\">\n\n\n\t\n\t<!-- Thumbnails -->\n\t\t\n\t<div id=\"ngg-image-1291\" class=\"ngg-gallery-thumbnail-box\"  >\n\t\t<div class=\"ngg-gallery-thumbnail\" >\n\t\t\t<a href=\"https:\/\/gyoparosfurdo-oroshaza.hu\/wp-content\/gallery\/csalad\/cs1.jpg\" title=\"Gyermekkuck\u00f3 Gyop\u00e1roson\" class=\"thickbox\" rel=\"set_21\" >\n\t\t\t\t\t\t\t\t<img title=\"Gyermekkuck\u00f3 Gyop\u00e1roson\" alt=\"Gyermekkuck\u00f3 Gyop\u00e1roson\" src=\"https:\/\/gyoparosfurdo-oroshaza.hu\/wp-content\/gallery\/csalad\/thumbs\/thumbs_cs1.jpg\" width=\"120\" height=\"95\" \/>\n\t\t\t\t\t\t\t<\/a>\n\t\t<\/div>\n\t<\/div>\n\t\n\t\t\n \t\t\n\t<div id=\"ngg-image-986\" class=\"ngg-gallery-thumbnail-box\"  >\n\t\t<div class=\"ngg-gallery-thumbnail\" >\n\t\t\t<a href=\"https:\/\/gyoparosfurdo-oroshaza.hu\/wp-content\/gallery\/csalad\/gyoparosfurdo_levegobol.jpg\" title=\"Gyop\u00e1rosf\u00fcrd\u0151 a leveg\u0151b\u0151l\" class=\"thickbox\" rel=\"set_21\" >\n\t\t\t\t\t\t\t\t<img title=\"Gyop\u00e1rosf\u00fcrd\u0151 a leveg\u0151b\u0151l\" alt=\"Gyop\u00e1rosf\u00fcrd\u0151 a leveg\u0151b\u0151l\" src=\"https:\/\/gyoparosfurdo-oroshaza.hu\/wp-content\/gallery\/csalad\/thumbs\/thumbs_gyoparosfurdo_levegobol.jpg\" width=\"120\" height=\"95\" \/>\n\t\t\t\t\t\t\t<\/a>\n\t\t<\/div>\n\t<\/div>\n\t\n\t\t\n \t\t\n\t<div id=\"ngg-image-1292\" class=\"ngg-gallery-thumbnail-box\"  >\n\t\t<div class=\"ngg-gallery-thumbnail\" >\n\t\t\t<a href=\"https:\/\/gyoparosfurdo-oroshaza.hu\/wp-content\/gallery\/csalad\/cs2.jpg\" title=\"Gyermekkuck\u00f3 Gyop\u00e1roson\" class=\"thickbox\" rel=\"set_21\" >\n\t\t\t\t\t\t\t\t<img title=\"Gyermekkuck\u00f3 Gyop\u00e1roson\" alt=\"Gyermekkuck\u00f3 Gyop\u00e1roson\" src=\"https:\/\/gyoparosfurdo-oroshaza.hu\/wp-content\/gallery\/csalad\/thumbs\/thumbs_cs2.jpg\" width=\"120\" height=\"95\" \/>\n\t\t\t\t\t\t\t<\/a>\n\t\t<\/div>\n\t<\/div>\n\t\n\t\t\n \t\t\n\t<div id=\"ngg-image-981\" class=\"ngg-gallery-thumbnail-box\"  >\n\t\t<div class=\"ngg-gallery-thumbnail\" >\n\t\t\t<a href=\"https:\/\/gyoparosfurdo-oroshaza.hu\/wp-content\/gallery\/csalad\/elmenyfurdo_napsutes.jpg\" title=\"Gyop\u00e1rosf\u00fcrd\u0151 \u00e9lm\u00e9nyf\u00fcrd\u0151je\" class=\"thickbox\" rel=\"set_21\" >\n\t\t\t\t\t\t\t\t<img title=\"Gyop\u00e1rosf\u00fcrd\u0151 \u00e9lm\u00e9nyf\u00fcrd\u0151je\" alt=\"Gyop\u00e1rosf\u00fcrd\u0151 \u00e9lm\u00e9nyf\u00fcrd\u0151je\" src=\"https:\/\/gyoparosfurdo-oroshaza.hu\/wp-content\/gallery\/csalad\/thumbs\/thumbs_elmenyfurdo_napsutes.jpg\" width=\"120\" height=\"95\" \/>\n\t\t\t\t\t\t\t<\/a>\n\t\t<\/div>\n\t<\/div>\n\t\n\t\t\n \t\t\n\t<div id=\"ngg-image-1293\" class=\"ngg-gallery-thumbnail-box\"  >\n\t\t<div class=\"ngg-gallery-thumbnail\" >\n\t\t\t<a href=\"https:\/\/gyoparosfurdo-oroshaza.hu\/wp-content\/gallery\/csalad\/cs3.jpg\" title=\"Gyermekkuck\u00f3 Gyop\u00e1roson\" class=\"thickbox\" rel=\"set_21\" >\n\t\t\t\t\t\t\t\t<img title=\"Gyermekkuck\u00f3 Gyop\u00e1roson\" alt=\"Gyermekkuck\u00f3 Gyop\u00e1roson\" src=\"https:\/\/gyoparosfurdo-oroshaza.hu\/wp-content\/gallery\/csalad\/thumbs\/thumbs_cs3.jpg\" width=\"120\" height=\"95\" \/>\n\t\t\t\t\t\t\t<\/a>\n\t\t<\/div>\n\t<\/div>\n\t\n\t\t\n \t\t\n\t<div id=\"ngg-image-982\" class=\"ngg-gallery-thumbnail-box\"  >\n\t\t<div class=\"ngg-gallery-thumbnail\" >\n\t\t\t<a href=\"https:\/\/gyoparosfurdo-oroshaza.hu\/wp-content\/gallery\/csalad\/gyoparosfurdo-gyogyfurdo.jpg\" title=\"Gyop\u00e1rosf\u00fcrd\u0151 gy\u00f3gyf\u00fcrd\u0151je\" class=\"thickbox\" rel=\"set_21\" >\n\t\t\t\t\t\t\t\t<img title=\"Gyop\u00e1rosf\u00fcrd\u0151 gy\u00f3gyf\u00fcrd\u0151je\" alt=\"Gyop\u00e1rosf\u00fcrd\u0151 gy\u00f3gyf\u00fcrd\u0151je\" src=\"https:\/\/gyoparosfurdo-oroshaza.hu\/wp-content\/gallery\/csalad\/thumbs\/thumbs_gyoparosfurdo-gyogyfurdo.jpg\" width=\"120\" height=\"95\" \/>\n\t\t\t\t\t\t\t<\/a>\n\t\t<\/div>\n\t<\/div>\n\t\n\t\t\n \t\t\n\t<div id=\"ngg-image-1294\" class=\"ngg-gallery-thumbnail-box\"  >\n\t\t<div class=\"ngg-gallery-thumbnail\" >\n\t\t\t<a href=\"https:\/\/gyoparosfurdo-oroshaza.hu\/wp-content\/gallery\/csalad\/cs4.jpg\" title=\"Gyermekkuck\u00f3 Gyop\u00e1roson\" class=\"thickbox\" rel=\"set_21\" >\n\t\t\t\t\t\t\t\t<img title=\"Gyermekkuck\u00f3 Gyop\u00e1roson\" alt=\"Gyermekkuck\u00f3 Gyop\u00e1roson\" src=\"https:\/\/gyoparosfurdo-oroshaza.hu\/wp-content\/gallery\/csalad\/thumbs\/thumbs_cs4.jpg\" width=\"120\" height=\"95\" \/>\n\t\t\t\t\t\t\t<\/a>\n\t\t<\/div>\n\t<\/div>\n\t\n\t\t\n \t\t\n\t<div id=\"ngg-image-984\" class=\"ngg-gallery-thumbnail-box\"  >\n\t\t<div class=\"ngg-gallery-thumbnail\" >\n\t\t\t<a href=\"https:\/\/gyoparosfurdo-oroshaza.hu\/wp-content\/gallery\/csalad\/gyoparosfurdo-szauna-2.jpg\" title=\"Szaunapark Gyop\u00e1rosf\u00fcrd\u0151n\" class=\"thickbox\" rel=\"set_21\" >\n\t\t\t\t\t\t\t\t<img title=\"Szaunapark Gyop\u00e1rosf\u00fcrd\u0151n\" alt=\"Szaunapark Gyop\u00e1rosf\u00fcrd\u0151n\" src=\"https:\/\/gyoparosfurdo-oroshaza.hu\/wp-content\/gallery\/csalad\/thumbs\/thumbs_gyoparosfurdo-szauna-2.jpg\" width=\"120\" height=\"95\" \/>\n\t\t\t\t\t\t\t<\/a>\n\t\t<\/div>\n\t<\/div>\n\t\n\t\t\n \t\t\n\t<div id=\"ngg-image-173\" class=\"ngg-gallery-thumbnail-box\"  >\n\t\t<div class=\"ngg-gallery-thumbnail\" >\n\t\t\t<a href=\"https:\/\/gyoparosfurdo-oroshaza.hu\/wp-content\/gallery\/csalad\/csalad_01.jpg\" title=\"Az \u00e9lm\u00e9nyf\u00fcrd\u0151ben sz\u00e1mos j\u00e1t\u00e9k \u00e9s attrakci\u00f3 v\u00e1rja a cs\u00f6pps\u00e9geket\" class=\"thickbox\" rel=\"set_21\" >\n\t\t\t\t\t\t\t\t<img title=\"Gyermekj\u00e1t\u00e9k az \u00e9lm\u00e9nyf\u00fcrd\u0151ben\" alt=\"Gyermekj\u00e1t\u00e9k az \u00e9lm\u00e9nyf\u00fcrd\u0151ben\" src=\"https:\/\/gyoparosfurdo-oroshaza.hu\/wp-content\/gallery\/csalad\/thumbs\/thumbs_csalad_01.jpg\" width=\"120\" height=\"95\" \/>\n\t\t\t\t\t\t\t<\/a>\n\t\t<\/div>\n\t<\/div>\n\t\n\t\t\n \t\t\n\t<div id=\"ngg-image-174\" class=\"ngg-gallery-thumbnail-box\"  >\n\t\t<div class=\"ngg-gallery-thumbnail\" >\n\t\t\t<a href=\"https:\/\/gyoparosfurdo-oroshaza.hu\/wp-content\/gallery\/csalad\/csalad_02.jpg\" title=\"Az \u00faszni tud\u00f3 gyermekeknek j\u00f3 sz\u00f3rakoz\u00e1s az 50 m\u00e9teres, hideg viz\u0171 sportmedence\" class=\"thickbox\" rel=\"set_21\" >\n\t\t\t\t\t\t\t\t<img title=\"Csal\u00e1di sz\u00f3rakoz\u00e1s a sportmedenc\u00e9ben\" alt=\"Csal\u00e1di sz\u00f3rakoz\u00e1s a sportmedenc\u00e9ben\" src=\"https:\/\/gyoparosfurdo-oroshaza.hu\/wp-content\/gallery\/csalad\/thumbs\/thumbs_csalad_02.jpg\" width=\"120\" height=\"95\" \/>\n\t\t\t\t\t\t\t<\/a>\n\t\t<\/div>\n\t<\/div>\n\t\n\t\t\n \t\t\n\t<div id=\"ngg-image-980\" class=\"ngg-gallery-thumbnail-box\"  >\n\t\t<div class=\"ngg-gallery-thumbnail\" >\n\t\t\t<a href=\"https:\/\/gyoparosfurdo-oroshaza.hu\/wp-content\/gallery\/csalad\/gyoparosfurdo-kulteri.jpg\" title=\"F\u00fcrd\u00e9s a k\u00fclt\u00e9ri medenc\u00e9ben\" class=\"thickbox\" rel=\"set_21\" >\n\t\t\t\t\t\t\t\t<img title=\"F\u00fcrd\u00e9s a k\u00fclt\u00e9ri medenc\u00e9ben\" alt=\"F\u00fcrd\u00e9s a k\u00fclt\u00e9ri medenc\u00e9ben\" src=\"https:\/\/gyoparosfurdo-oroshaza.hu\/wp-content\/gallery\/csalad\/thumbs\/thumbs_gyoparosfurdo-kulteri.jpg\" width=\"120\" height=\"95\" \/>\n\t\t\t\t\t\t\t<\/a>\n\t\t<\/div>\n\t<\/div>\n\t\n\t\t\n \t\t\n\t<div id=\"ngg-image-979\" class=\"ngg-gallery-thumbnail-box\"  >\n\t\t<div class=\"ngg-gallery-thumbnail\" >\n\t\t\t<a href=\"https:\/\/gyoparosfurdo-oroshaza.hu\/wp-content\/gallery\/csalad\/gyermekmedence-gyoparosfurdo.jpg\" title=\"Gyermekmedence Gyop\u00e1rosf\u00fcrd\u0151n\" class=\"thickbox\" rel=\"set_21\" >\n\t\t\t\t\t\t\t\t<img title=\"Gyermekmedence Gyop\u00e1rosf\u00fcrd\u0151n\" alt=\"Gyermekmedence Gyop\u00e1rosf\u00fcrd\u0151n\" src=\"https:\/\/gyoparosfurdo-oroshaza.hu\/wp-content\/gallery\/csalad\/thumbs\/thumbs_gyermekmedence-gyoparosfurdo.jpg\" width=\"120\" height=\"95\" \/>\n\t\t\t\t\t\t\t<\/a>\n\t\t<\/div>\n\t<\/div>\n\t\n\t\t\n \t\t\n\t<div id=\"ngg-image-176\" class=\"ngg-gallery-thumbnail-box\"  >\n\t\t<div class=\"ngg-gallery-thumbnail\" >\n\t\t\t<a href=\"https:\/\/gyoparosfurdo-oroshaza.hu\/wp-content\/gallery\/csalad\/csalad_04.jpg\" title=\"Az \u00e9lm\u00e9nyf\u00fcrd\u0151ben sz\u00e1mos j\u00e1t\u00e9k \u00e9s attrakci\u00f3 v\u00e1rja a cs\u00f6pps\u00e9geket\" class=\"thickbox\" rel=\"set_21\" >\n\t\t\t\t\t\t\t\t<img title=\"Gyermekj\u00e1t\u00e9k az \u00e9lm\u00e9nyf\u00fcrd\u0151ben\" alt=\"Gyermekj\u00e1t\u00e9k az \u00e9lm\u00e9nyf\u00fcrd\u0151ben\" src=\"https:\/\/gyoparosfurdo-oroshaza.hu\/wp-content\/gallery\/csalad\/thumbs\/thumbs_csalad_04.jpg\" width=\"120\" height=\"95\" \/>\n\t\t\t\t\t\t\t<\/a>\n\t\t<\/div>\n\t<\/div>\n\t\n\t\t\n \t\t\n\t<div id=\"ngg-image-178\" class=\"ngg-gallery-thumbnail-box\"  >\n\t\t<div class=\"ngg-gallery-thumbnail\" >\n\t\t\t<a href=\"https:\/\/gyoparosfurdo-oroshaza.hu\/wp-content\/gallery\/csalad\/csalad_06.jpg\" title=\"Az \u00e9lm\u00e9nyf\u00fcrd\u0151 cs\u00faszd\u00e1it kicsik \u00e9s nagyok egyar\u00e1nt kedvelik\" class=\"thickbox\" rel=\"set_21\" >\n\t\t\t\t\t\t\t\t<img title=\"Csal\u00e1di cs\u00faszd\u00e1z\u00e1s\" alt=\"Csal\u00e1di cs\u00faszd\u00e1z\u00e1s\" src=\"https:\/\/gyoparosfurdo-oroshaza.hu\/wp-content\/gallery\/csalad\/thumbs\/thumbs_csalad_06.jpg\" width=\"120\" height=\"95\" \/>\n\t\t\t\t\t\t\t<\/a>\n\t\t<\/div>\n\t<\/div>\n\t\n\t\t\n \t\t\n\t<div id=\"ngg-image-181\" class=\"ngg-gallery-thumbnail-box\"  >\n\t\t<div class=\"ngg-gallery-thumbnail\" >\n\t\t\t<a href=\"https:\/\/gyoparosfurdo-oroshaza.hu\/wp-content\/gallery\/csalad\/csalad_09.jpg\" title=\"Gyermekprogram a v\u00e1rosi k\u00f6nyvt\u00e1rban\" class=\"thickbox\" rel=\"set_21\" >\n\t\t\t\t\t\t\t\t<img title=\"Csal\u00e1di programok\" alt=\"Csal\u00e1di programok\" src=\"https:\/\/gyoparosfurdo-oroshaza.hu\/wp-content\/gallery\/csalad\/thumbs\/thumbs_csalad_09.jpg\" width=\"120\" height=\"95\" \/>\n\t\t\t\t\t\t\t<\/a>\n\t\t<\/div>\n\t<\/div>\n\t\n\t\t\n \t\t\n\t<div id=\"ngg-image-182\" class=\"ngg-gallery-thumbnail-box\"  >\n\t\t<div class=\"ngg-gallery-thumbnail\" >\n\t\t\t<a href=\"https:\/\/gyoparosfurdo-oroshaza.hu\/wp-content\/gallery\/csalad\/csalad_10.jpg\" title=\"Orosh\u00e1za k\u00f6rny\u00e9ke \u00e9rdekes kir\u00e1ndul\u00e1si lehet\u0151s\u00e9geket k\u00edn\u00e1l\" class=\"thickbox\" rel=\"set_21\" >\n\t\t\t\t\t\t\t\t<img title=\"Kir\u00e1ndul\u00e1s csal\u00e1ddal\" alt=\"Kir\u00e1ndul\u00e1s csal\u00e1ddal\" src=\"https:\/\/gyoparosfurdo-oroshaza.hu\/wp-content\/gallery\/csalad\/thumbs\/thumbs_csalad_10.jpg\" width=\"120\" height=\"95\" \/>\n\t\t\t\t\t\t\t<\/a>\n\t\t<\/div>\n\t<\/div>\n\t\n\t\t\n \t\t\n\t<div id=\"ngg-image-183\" class=\"ngg-gallery-thumbnail-box\"  >\n\t\t<div class=\"ngg-gallery-thumbnail\" >\n\t\t\t<a href=\"https:\/\/gyoparosfurdo-oroshaza.hu\/wp-content\/gallery\/csalad\/csalad_11.jpg\" title=\"Sz\u00fcrkemarha telep a Kardosk\u00fati Feh\u00e9rt\u00f3 ter\u00fclet\u00e9n\" class=\"thickbox\" rel=\"set_21\" >\n\t\t\t\t\t\t\t\t<img title=\"Csal\u00e1di program Kardosk\u00faton\" alt=\"Csal\u00e1di program Kardosk\u00faton\" src=\"https:\/\/gyoparosfurdo-oroshaza.hu\/wp-content\/gallery\/csalad\/thumbs\/thumbs_csalad_11.jpg\" width=\"120\" height=\"95\" \/>\n\t\t\t\t\t\t\t<\/a>\n\t\t<\/div>\n\t<\/div>\n\t\n\t\t\n \t\t\n\t<div id=\"ngg-image-184\" class=\"ngg-gallery-thumbnail-box\"  >\n\t\t<div class=\"ngg-gallery-thumbnail\" >\n\t\t\t<a href=\"https:\/\/gyoparosfurdo-oroshaza.hu\/wp-content\/gallery\/csalad\/csalad_12.jpg\" title=\"A Feh\u00e9rt\u00f3 mad\u00e1rvil\u00e1ga izgalmas l\u00e1tnival\u00f3t k\u00edn\u00e1l kicsiknek, nagyoknak egyar\u00e1nt\" class=\"thickbox\" rel=\"set_21\" >\n\t\t\t\t\t\t\t\t<img title=\"Mad\u00e1rles Feh\u00e9rt\u00f3n\" alt=\"Mad\u00e1rles Feh\u00e9rt\u00f3n\" src=\"https:\/\/gyoparosfurdo-oroshaza.hu\/wp-content\/gallery\/csalad\/thumbs\/thumbs_csalad_12.jpg\" width=\"120\" height=\"95\" \/>\n\t\t\t\t\t\t\t<\/a>\n\t\t<\/div>\n\t<\/div>\n\t\n\t\t\n \t\t\n\t<div id=\"ngg-image-987\" class=\"ngg-gallery-thumbnail-box\"  >\n\t\t<div class=\"ngg-gallery-thumbnail\" >\n\t\t\t<a href=\"https:\/\/gyoparosfurdo-oroshaza.hu\/wp-content\/gallery\/csalad\/oroshaza-foter-2.jpg\" title=\"Orosh\u00e1za meg\u00fajult f\u0151tere\" class=\"thickbox\" rel=\"set_21\" >\n\t\t\t\t\t\t\t\t<img title=\"Orosh\u00e1za meg\u00fajult f\u0151tere\" alt=\"Orosh\u00e1za meg\u00fajult f\u0151tere\" src=\"https:\/\/gyoparosfurdo-oroshaza.hu\/wp-content\/gallery\/csalad\/thumbs\/thumbs_oroshaza-foter-2.jpg\" width=\"120\" height=\"95\" \/>\n\t\t\t\t\t\t\t<\/a>\n\t\t<\/div>\n\t<\/div>\n\t\n\t\t\n \t\t\n\t<div id=\"ngg-image-988\" class=\"ngg-gallery-thumbnail-box\"  >\n\t\t<div class=\"ngg-gallery-thumbnail\" >\n\t\t\t<a href=\"https:\/\/gyoparosfurdo-oroshaza.hu\/wp-content\/gallery\/csalad\/oroshaza-foter-gyerekek.jpg\" title=\"Orosh\u00e1za meg\u00fajult f\u0151tere\" class=\"thickbox\" rel=\"set_21\" >\n\t\t\t\t\t\t\t\t<img title=\"Orosh\u00e1za meg\u00fajult f\u0151tere\" alt=\"Orosh\u00e1za meg\u00fajult f\u0151tere\" src=\"https:\/\/gyoparosfurdo-oroshaza.hu\/wp-content\/gallery\/csalad\/thumbs\/thumbs_oroshaza-foter-gyerekek.jpg\" width=\"120\" height=\"95\" \/>\n\t\t\t\t\t\t\t<\/a>\n\t\t<\/div>\n\t<\/div>\n\t\n\t\t\n \t \t\n\t<!-- Pagination -->\n \t<div class='ngg-clear'><\/div>\n \t\n<\/div>\n\n<\/div>\n","protected":false},"excerpt":{"rendered":"<p>Unde copii precis ca nu se vor plictisi Orosh\u00e1za este un orasel linistit si pasnic, ideal pentru familii cu copii si bebelusi, unde toate conditiile sunt asigurate pentru a petrece zile de neuitat. Este greu sa trezim si sustinem interesul &hellip; <a href=\"https:\/\/gyoparosfurdo-oroshaza.hu\/ro\/programe\/pentru-familii\">Folytat\u00e1s <span class=\"meta-nav\">&rarr;<\/span><\/a><\/p>\n","protected":false},"author":6,"featured_media":0,"parent":26027,"menu_order":0,"comment_status":"closed","ping_status":"closed","template":"","meta":[],"_links":{"self":[{"href":"https:\/\/gyoparosfurdo-oroshaza.hu\/ro\/wp-json\/wp\/v2\/pages\/26048"}],"collection":[{"href":"https:\/\/gyoparosfurdo-oroshaza.hu\/ro\/wp-json\/wp\/v2\/pages"}],"about":[{"href":"https:\/\/gyoparosfurdo-oroshaza.hu\/ro\/wp-json\/wp\/v2\/types\/page"}],"author":[{"embeddable":true,"href":"https:\/\/gyoparosfurdo-oroshaza.hu\/ro\/wp-json\/wp\/v2\/users\/6"}],"replies":[{"embeddable":true,"href":"https:\/\/gyoparosfurdo-oroshaza.hu\/ro\/wp-json\/wp\/v2\/comments?post=26048"}],"version-history":[{"count":0,"href":"https:\/\/gyoparosfurdo-oroshaza.hu\/ro\/wp-json\/wp\/v2\/pages\/26048\/revisions"}],"up":[{"embeddable":true,"href":"https:\/\/gyoparosfurdo-oroshaza.hu\/ro\/wp-json\/wp\/v2\/pages\/26027"}],"wp:attachment":[{"href":"https:\/\/gyoparosfurdo-oroshaza.hu\/ro\/wp-json\/wp\/v2\/media?parent=26048"}],"curies":[{"name":"wp","href":"https:\/\/api.w.org\/{rel}","templated":true}]}}