{"id":26033,"date":"2012-04-13T11:26:17","date_gmt":"2012-04-13T09:26:17","guid":{"rendered":"https:\/\/gyoparosfurdo-oroshaza.hu\/pentru-o-singura-zi"},"modified":"2012-04-13T11:26:17","modified_gmt":"2012-04-13T10:26:17","slug":"pentru-o-singura-zi","status":"publish","type":"page","link":"https:\/\/gyoparosfurdo-oroshaza.hu\/ro\/programe\/pentru-o-singura-zi","title":{"rendered":"Pentru o singura zi"},"content":{"rendered":"<div class=\"topten_grid_container topten_page\"><div class=\"topten_grid_item\"><span class=\"h3\">Programe Top<\/span><a href=\"\/ro\/programe\/pentru-fotografi\" class=\"topten_pentru-fotografi first\">Pentru fotografi &raquo;<\/a><a href=\"\/ro\/programe\/in-timp-de-iarna\" class=\"topten_in-timp-de-iarna\">In timp de iarna  &raquo;<\/a><a href=\"\/ro\/programe\/pentru-familii\" class=\"topten_pentru-familii first\">Pentru familii &raquo;<\/a><a href=\"\/ro\/programe\/pentru-cupluri\" class=\"topten_pentru-cupluri\">Pentru cupluri &raquo;<\/a><a href=\"\/ro\/programe\/pentru-o-singura-zi\" class=\"topten_pentru-o-singura-zi first active\">O singura zi &raquo;<\/a><a href=\"\/ro\/programe\/pentru-biciclisti\" class=\"topten_pentru-biciclisti\">Pentru biciclisti &raquo;<\/a><a href=\"\/ro\/programe\/programe-pentru-un-week-end\" class=\"topten_programe-pentru-un-week-end first\">Un week-end &raquo;<\/a><a href=\"\/ro\/programe\/in-timp-de-vara\" class=\"topten_in-timp-de-vara\">In timp de vara &raquo;<\/a><a href=\"\/ro\/programe\/tineri\" class=\"topten_tineri first\">Pentru tineri &raquo;<\/a><a href=\"\/ro\/programe\/pentru-amatori-de-sport\" class=\"topten_pentru-amatori-de-sport\">Amatori de sport &raquo;<\/a><a href=\"\/ro\/programe\/cu-masina\" class=\"topten_cu-masina first\">Cu masina &raquo;<\/a><a href=\"\/ro\/programe\/pentru-amatori-de-cultura\" class=\"topten_pentru-amatori-de-cultura\">Amatori de cultura &raquo;<\/a><a href=\"\/ro\/programe\/pentru-o-singura-saptamana\" class=\"topten_pentru-o-singura-saptamana first\">Saptamana &raquo;<\/a><a href=\"\/ro\/programe\/pentru-pescatori\" class=\"topten_pentru-pescatori\">Pentru pescatori  &raquo;<\/a><\/div><a href=\"https:\/\/gyoparosfurdo-oroshaza.hu\/ro\/programok\/elmenyfurdozes-gyoparoson\" title=\"Distractie in Baile Gyop\u00e1ros\" class=\"topten_grid_item\"><span class=\"number\">1<\/span><img width=\"290\" height=\"230\" src=\"https:\/\/gyoparosfurdo-oroshaza.hu\/wp-content\/uploads\/2012\/04\/elmenyfurdo_kiemelt.jpg\" class=\"lazyload wp-post-image\" alt=\"\" loading=\"lazy\" \/><span class=\"title\">Distractie in Baile Gyop\u00e1ros<\/span><span class=\"text\">Complexul, cu o suprafata totala mai mult de sase mii de metri patrati si cu o vasta gama de elemente acvatice Va ofera distractie placuta, un program.<\/span><\/a><a href=\"https:\/\/gyoparosfurdo-oroshaza.hu\/ro\/programok\/strandolas-gyoparosfurdon\" title=\"Sc\u0103ldat \u00een Gyop\u00e1rosf\u00fcrd\u0151\" class=\"topten_grid_item\"><span class=\"number\">2<\/span><img width=\"290\" height=\"230\" src=\"https:\/\/gyoparosfurdo-oroshaza.hu\/wp-content\/uploads\/2012\/04\/Strandol\u00e1s_gyoparosfurdon.jpg\" class=\"lazyload wp-post-image\" alt=\"\" loading=\"lazy\" \/><span class=\"title\">Sc\u0103ldat \u00een Gyop\u00e1rosf\u00fcrd\u0151<\/span><span class=\"text\">Balaceala dupa o zi placuta, senzatia racoritoare a apei, jocuri cu mingea in apa cristalina si placuta.<\/span><\/a><a href=\"https:\/\/gyoparosfurdo-oroshaza.hu\/ro\/programok\/ejszakai-furdozes\" title=\"Baie nocturn\u0103 la B\u0103ile Gyop\u00e1ros\" class=\"topten_grid_item\"><span class=\"number\">3<\/span><img width=\"290\" height=\"230\" src=\"https:\/\/gyoparosfurdo-oroshaza.hu\/wp-content\/uploads\/2012\/04\/4_Ejszakai_furdozes.jpg\" class=\"lazyload wp-post-image\" alt=\"\" loading=\"lazy\" \/><span class=\"title\">Baie nocturn\u0103 la B\u0103ile Gyop\u00e1ros<\/span><span class=\"text\">V-ati intrebat vreo data ce poate fi mai romantic decat o baie nocturna la Baile Gyop\u00e1ros?<\/span><\/a><a href=\"https:\/\/gyoparosfurdo-oroshaza.hu\/ro\/programok\/seta-oroshaza-belvarosaban\" title=\"Plimbare in centrul orasului Orosh\u00e1za\" class=\"topten_grid_item\"><span class=\"number\">4<\/span><img width=\"290\" height=\"230\" src=\"https:\/\/gyoparosfurdo-oroshaza.hu\/wp-content\/uploads\/2012\/04\/belvarosi_seta_kiemelt.jpg\" class=\"lazyload wp-post-image\" alt=\"\" loading=\"lazy\" \/><span class=\"title\">Plimbare in centrul orasului Orosh\u00e1za<\/span><span class=\"text\">Un oras poate fi cunoscut cu adevarat numai printr-o plimbare facuta in centru.<\/span><\/a><a href=\"https:\/\/gyoparosfurdo-oroshaza.hu\/ro\/programok\/piaclatogatas-oroshazan\" title=\"Piata locala Orosh\u00e1za\" class=\"topten_grid_item\"><span class=\"number\">5<\/span><img width=\"290\" height=\"230\" src=\"https:\/\/gyoparosfurdo-oroshaza.hu\/wp-content\/uploads\/2012\/04\/Piac.jpg\" class=\"lazyload wp-post-image\" alt=\"\" loading=\"lazy\" \/><span class=\"title\">Piata locala Orosh\u00e1za<\/span><span class=\"text\">Daca sunteti la Orosh\u00e1za trebuie sa vizitati piata locala, care desi va aminteste de  timpurile vechi este modern.<\/span><\/a><div class=\"clear\"><\/div><\/div>\n<div class=\"W560\">\n<span class=\"h3\">O vizita scurta la gyop\u00e1ros<\/span><\/p>\n<h2>Opt-zece ore nu sunt multe! In caz ideal este timpul petrecut cu dormit sau timpul de lucru.<\/h2>\n<p>In cazul in care doriti sa petreceti opt ore in mod util, va stau la dispozitie numeroase facilitati la Baile Gyop\u00e1ros.<\/p>\n<p>Va invitam sa incepeti cu <a href=\"\/ro\/programok\/seta-oroshaza-belvarosaban\" title=\"Plimbare in centrul orasului Orosh\u00e1za\">o plimbare in oras<\/a>. Punctul de pornire ar putea sa fie strada Kossuth Lajos, strada principala al oraselului. Nu deprate se gaseste <a href=\"\/ro\/programok\/piaclatogatas-oroshazan\" title=\"piata traditionala\">piata traditionala<\/a> cu hala, unde producatorii locali isi ofera produsele de calitate. Merita sa faceti o scurta plimbare la strada Th\u00e9k Endre, unde veti gasi <a href=\"\/ro\/programok\/varosi-keptar\" title=\"Galeria locala\">Galeria locala<\/a> de Arte vizuale cu expozitii permanente si temporare interesante. Totodata puteti sa vizitati biserica Evanghelica, unica cladire monumentala din oras. In centru veti gasi toate institutiile necesare pentru a va rezolva orice problema de la banci si firme de asiguratii pana la shopping.<\/p>\n<p>Din centru puteti sa continuati la <a href=\"https:\/\/gyoparosfurdo-oroshaza.hu\/ro\/gyoparosfurdo\" title=\"Gyop\u00e1rosf\u00fcrd\u0151\">Gyop\u00e1rosf\u00fcrd\u0151<\/a>. Distanta cu masina este doar de 5-10 minute, dar sunt curse regulate de autobuze si tren. Biciclistii pot ajunge pana la intrarea bailor pe banda speciala pentru biciclisti.<\/p>\n<p>Urmeaza distractia bine meritata: baie in piscine interioare sau exterioare confrom timpului. Aveti posibilitate sa folositi complexul de <a href=\"https:\/\/gyoparosfurdo-oroshaza.hu\/ro\/gyoparosfurdo\/complexul-de-saune\" title=\"saune\">saune<\/a> cu opt cabine. Iar <a href=\"https:\/\/gyoparosfurdo-oroshaza.hu\/ro\/gyoparosfurdo\/baile-termale\" title=\"centrul balnear de fizioterapie\">centrul balnear de fizioterapie<\/a> va ofera multiple variante de a recupera sanatatea in piscine si bai cu apa termala si o gama vasta de servicii. Inainte de a porni acasa puteti sa mancati ceva intr-una din restaurantele din Gyop\u00e1rosf\u00fcrd\u0151, dar si orasul va ofera numeroase posibilitati de calitate.<\/p>\n<p>Acest timp petrecut in complex este destul pentru a obtine o impresie personala, pentru a putea planifica urmatorul week-end prelungit sau un sejur mai indelungat.<\/p>\n<h3>Galeria de foto<\/h3>\n\n<div class=\"ngg-galleryoverview\" id=\"ngg-gallery-43-26033\">\n\n\n\t\n\t<!-- Thumbnails -->\n\t\t\n\t<div id=\"ngg-image-961\" class=\"ngg-gallery-thumbnail-box\"  >\n\t\t<div class=\"ngg-gallery-thumbnail\" >\n\t\t\t<a href=\"https:\/\/gyoparosfurdo-oroshaza.hu\/wp-content\/gallery\/1nap\/oroshaza-foter-2.jpg\" title=\"Orosh\u00e1za meg\u00fajult f\u0151tere\" class=\"thickbox\" rel=\"set_43\" >\n\t\t\t\t\t\t\t\t<img title=\"Orosh\u00e1za meg\u00fajult f\u0151tere\" alt=\"Orosh\u00e1za meg\u00fajult f\u0151tere\" src=\"https:\/\/gyoparosfurdo-oroshaza.hu\/wp-content\/gallery\/1nap\/thumbs\/thumbs_oroshaza-foter-2.jpg\" width=\"120\" height=\"95\" \/>\n\t\t\t\t\t\t\t<\/a>\n\t\t<\/div>\n\t<\/div>\n\t\n\t\t\n \t\t\n\t<div id=\"ngg-image-960\" class=\"ngg-gallery-thumbnail-box\"  >\n\t\t<div class=\"ngg-gallery-thumbnail\" >\n\t\t\t<a href=\"https:\/\/gyoparosfurdo-oroshaza.hu\/wp-content\/gallery\/1nap\/oroshaza-foter-gyerekek.jpg\" title=\"Orosh\u00e1za meg\u00fajult f\u0151tere\" class=\"thickbox\" rel=\"set_43\" >\n\t\t\t\t\t\t\t\t<img title=\"Orosh\u00e1za meg\u00fajult f\u0151tere\" alt=\"Orosh\u00e1za meg\u00fajult f\u0151tere\" src=\"https:\/\/gyoparosfurdo-oroshaza.hu\/wp-content\/gallery\/1nap\/thumbs\/thumbs_oroshaza-foter-gyerekek.jpg\" width=\"120\" height=\"95\" \/>\n\t\t\t\t\t\t\t<\/a>\n\t\t<\/div>\n\t<\/div>\n\t\n\t\t\n \t\t\n\t<div id=\"ngg-image-347\" class=\"ngg-gallery-thumbnail-box\"  >\n\t\t<div class=\"ngg-gallery-thumbnail\" >\n\t\t\t<a href=\"https:\/\/gyoparosfurdo-oroshaza.hu\/wp-content\/gallery\/1nap\/1nap_4.jpg\" title=\"A v\u00e1rosi piaci az \u0151stermel\u0151k mekk\u00e1ja\" class=\"thickbox\" rel=\"set_43\" >\n\t\t\t\t\t\t\t\t<img title=\"A v\u00e1rosi piaci az \u0151stermel\u0151k mekk\u00e1ja\" alt=\"A v\u00e1rosi piaci az \u0151stermel\u0151k mekk\u00e1ja\" src=\"https:\/\/gyoparosfurdo-oroshaza.hu\/wp-content\/gallery\/1nap\/thumbs\/thumbs_1nap_4.jpg\" width=\"120\" height=\"95\" \/>\n\t\t\t\t\t\t\t<\/a>\n\t\t<\/div>\n\t<\/div>\n\t\n\t\t\n \t\t\n\t<div id=\"ngg-image-958\" class=\"ngg-gallery-thumbnail-box\"  >\n\t\t<div class=\"ngg-gallery-thumbnail\" >\n\t\t\t<a href=\"https:\/\/gyoparosfurdo-oroshaza.hu\/wp-content\/gallery\/1nap\/elmenyfurdo_napsutes.jpg\" title=\"\u00c9lm\u00e9nyf\u00fcrd\u0151 Gyop\u00e1roson\" class=\"thickbox\" rel=\"set_43\" >\n\t\t\t\t\t\t\t\t<img title=\"\u00c9lm\u00e9nyf\u00fcrd\u0151 Gyop\u00e1roson\" alt=\"\u00c9lm\u00e9nyf\u00fcrd\u0151 Gyop\u00e1roson\" src=\"https:\/\/gyoparosfurdo-oroshaza.hu\/wp-content\/gallery\/1nap\/thumbs\/thumbs_elmenyfurdo_napsutes.jpg\" width=\"120\" height=\"95\" \/>\n\t\t\t\t\t\t\t<\/a>\n\t\t<\/div>\n\t<\/div>\n\t\n\t\t\n \t\t\n\t<div id=\"ngg-image-348\" class=\"ngg-gallery-thumbnail-box\"  >\n\t\t<div class=\"ngg-gallery-thumbnail\" >\n\t\t\t<a href=\"https:\/\/gyoparosfurdo-oroshaza.hu\/wp-content\/gallery\/1nap\/1nap_5.jpg\" title=\"A gyop\u00e1rosi \u00e9lm\u00e9nyf\u00fcrd\u0151 id\u0151j\u00e1r\u00e1st\u00f3l f\u00fcggetlen\u00fcl j\u00f3 sz\u00f3rakoz\u00e1s\" class=\"thickbox\" rel=\"set_43\" >\n\t\t\t\t\t\t\t\t<img title=\"A gyop\u00e1rosi \u00e9lm\u00e9nyf\u00fcrd\u0151 id\u0151j\u00e1r\u00e1st\u00f3l f\u00fcggetlen\u00fcl j\u00f3 sz\u00f3rakoz\u00e1s\" alt=\"A gyop\u00e1rosi \u00e9lm\u00e9nyf\u00fcrd\u0151 id\u0151j\u00e1r\u00e1st\u00f3l f\u00fcggetlen\u00fcl j\u00f3 sz\u00f3rakoz\u00e1s\" src=\"https:\/\/gyoparosfurdo-oroshaza.hu\/wp-content\/gallery\/1nap\/thumbs\/thumbs_1nap_5.jpg\" width=\"120\" height=\"95\" \/>\n\t\t\t\t\t\t\t<\/a>\n\t\t<\/div>\n\t<\/div>\n\t\n\t\t\n \t\t\n\t<div id=\"ngg-image-349\" class=\"ngg-gallery-thumbnail-box\"  >\n\t\t<div class=\"ngg-gallery-thumbnail\" >\n\t\t\t<a href=\"https:\/\/gyoparosfurdo-oroshaza.hu\/wp-content\/gallery\/1nap\/1nap_6.jpg\" title=\"A z\u00f6ld Parkf\u00fcrd\u0151ben 50 m\u00e9teres, hideg v\u00edz\u0171 versenymedenc\u00e9t tal\u00e1lunk\" class=\"thickbox\" rel=\"set_43\" >\n\t\t\t\t\t\t\t\t<img title=\"A z\u00f6ld Parkf\u00fcrd\u0151ben 50 m\u00e9teres versenymedenc\u00e9t tal\u00e1lunk\" alt=\"A z\u00f6ld Parkf\u00fcrd\u0151ben 50 m\u00e9teres versenymedenc\u00e9t tal\u00e1lunk\" src=\"https:\/\/gyoparosfurdo-oroshaza.hu\/wp-content\/gallery\/1nap\/thumbs\/thumbs_1nap_6.jpg\" width=\"120\" height=\"95\" \/>\n\t\t\t\t\t\t\t<\/a>\n\t\t<\/div>\n\t<\/div>\n\t\n\t\t\n \t\t\n\t<div id=\"ngg-image-350\" class=\"ngg-gallery-thumbnail-box\"  >\n\t\t<div class=\"ngg-gallery-thumbnail\" >\n\t\t\t<a href=\"https:\/\/gyoparosfurdo-oroshaza.hu\/wp-content\/gallery\/1nap\/1nap_7.jpg\" title=\"J\u00f3 sz\u00f3rakoz\u00e1st ny\u00fajt a Parkf\u00fcrd\u0151 \u00e9lm\u00e9nymedenc\u00e9je\" class=\"thickbox\" rel=\"set_43\" >\n\t\t\t\t\t\t\t\t<img title=\"J\u00f3 sz\u00f3rakoz\u00e1st ny\u00fajt a Parkf\u00fcrd\u0151 \u00e9lm\u00e9nymedenc\u00e9je\" alt=\"J\u00f3 sz\u00f3rakoz\u00e1st ny\u00fajt a Parkf\u00fcrd\u0151 \u00e9lm\u00e9nymedenc\u00e9je\" src=\"https:\/\/gyoparosfurdo-oroshaza.hu\/wp-content\/gallery\/1nap\/thumbs\/thumbs_1nap_7.jpg\" width=\"120\" height=\"95\" \/>\n\t\t\t\t\t\t\t<\/a>\n\t\t<\/div>\n\t<\/div>\n\t\n\t\t\n \t\t\n\t<div id=\"ngg-image-351\" class=\"ngg-gallery-thumbnail-box\"  >\n\t\t<div class=\"ngg-gallery-thumbnail\" >\n\t\t\t<a href=\"https:\/\/gyoparosfurdo-oroshaza.hu\/wp-content\/gallery\/1nap\/1nap_8.jpg\" title=\"Napnyugta Gyop\u00e1roson - kezd\u0151dhet az \u00e9jszakai f\u00fcrd\u0151z\u00e9s!\" class=\"thickbox\" rel=\"set_43\" >\n\t\t\t\t\t\t\t\t<img title=\"Napnyugta Gyop\u00e1roson - kezd\u0151dhet az \u00e9jszakai f\u00fcrd\u0151z\u00e9s!\" alt=\"Napnyugta Gyop\u00e1roson - kezd\u0151dhet az \u00e9jszakai f\u00fcrd\u0151z\u00e9s!\" src=\"https:\/\/gyoparosfurdo-oroshaza.hu\/wp-content\/gallery\/1nap\/thumbs\/thumbs_1nap_8.jpg\" width=\"120\" height=\"95\" \/>\n\t\t\t\t\t\t\t<\/a>\n\t\t<\/div>\n\t<\/div>\n\t\n\t\t\n \t \t\n\t<!-- Pagination -->\n \t<div class='ngg-clear'><\/div>\n \t\n<\/div>\n\n<\/div>\n","protected":false},"excerpt":{"rendered":"<p>O vizita scurta la gyop\u00e1ros Opt-zece ore nu sunt multe! In caz ideal este timpul petrecut cu dormit sau timpul de lucru. In cazul in care doriti sa petreceti opt ore in mod util, va stau la dispozitie numeroase facilitati &hellip; <a href=\"https:\/\/gyoparosfurdo-oroshaza.hu\/ro\/programe\/pentru-o-singura-zi\">Folytat\u00e1s <span class=\"meta-nav\">&rarr;<\/span><\/a><\/p>\n","protected":false},"author":6,"featured_media":0,"parent":26027,"menu_order":0,"comment_status":"closed","ping_status":"closed","template":"","meta":[],"_links":{"self":[{"href":"https:\/\/gyoparosfurdo-oroshaza.hu\/ro\/wp-json\/wp\/v2\/pages\/26033"}],"collection":[{"href":"https:\/\/gyoparosfurdo-oroshaza.hu\/ro\/wp-json\/wp\/v2\/pages"}],"about":[{"href":"https:\/\/gyoparosfurdo-oroshaza.hu\/ro\/wp-json\/wp\/v2\/types\/page"}],"author":[{"embeddable":true,"href":"https:\/\/gyoparosfurdo-oroshaza.hu\/ro\/wp-json\/wp\/v2\/users\/6"}],"replies":[{"embeddable":true,"href":"https:\/\/gyoparosfurdo-oroshaza.hu\/ro\/wp-json\/wp\/v2\/comments?post=26033"}],"version-history":[{"count":0,"href":"https:\/\/gyoparosfurdo-oroshaza.hu\/ro\/wp-json\/wp\/v2\/pages\/26033\/revisions"}],"up":[{"embeddable":true,"href":"https:\/\/gyoparosfurdo-oroshaza.hu\/ro\/wp-json\/wp\/v2\/pages\/26027"}],"wp:attachment":[{"href":"https:\/\/gyoparosfurdo-oroshaza.hu\/ro\/wp-json\/wp\/v2\/media?parent=26033"}],"curies":[{"name":"wp","href":"https:\/\/api.w.org\/{rel}","templated":true}]}}