{"id":26023,"date":"2012-04-13T10:53:11","date_gmt":"2012-04-13T08:53:11","guid":{"rendered":"https:\/\/gyoparosfurdo-oroshaza.hu\/informatii-generale"},"modified":"2012-04-13T10:53:11","modified_gmt":"2012-04-13T09:53:11","slug":"informatii-generale","status":"publish","type":"page","link":"https:\/\/gyoparosfurdo-oroshaza.hu\/ro\/oroshaza\/informatii-generale","title":{"rendered":"Informa\u021bii generale"},"content":{"rendered":"<h2>Toate informa\u021biile de care ave\u021bi nevoie despre Orosh\u00e1za \u2013 adunate \u00eentr-un singur loc.<\/h2>\n<h3>\u201ePunct de \u00eent\u00e2lnire\u201d al tuturor datelor <\/h3>\n<p><img loading=\"lazy\" src=\"\/wp-content\/uploads\/2012\/04\/varosmarketing_iroda.jpg\" width=\"220\" height=\"300\" class=\"alignleft size-full wp-image-6239\" \/>Biroul de informa\u021bii turistice Tourinform din Orosh\u00e1za se afl\u0103 la Gyop\u00e1ros, la adresa: Str. Fasor 2\/a, \u00een imediata vecin\u0103tate a complexului de b\u0103i. Biroul poate fi contactat pe urm\u0103torul num\u0103r de telefon: +36 68-414-422. Pe acest num\u0103r pute\u021bi s\u0103 trimiteti \u0219i fax. E-mail-urile pot fi trimise la adresa urm\u0103toare: <a href=\"mailto:o&#114;osh&#97;&#122;a&#64;tourin&#102;&#111;r&#109;.&#104;u\" title=\"or&#111;s&#104;&#97;&#122;&#97;&#64;&#116;&#111;&#117;ri&#110;&#102;or&#109;.&#104;&#117;\">or&#111;s&#104;&#97;&#122;&#97;&#64;&#116;&#111;&#117;ri&#110;&#102;or&#109;.&#104;&#117;<\/a>.<\/p>\n<p>Numele persoanei de contact: Erika Bokor.<\/p>\n<p>Biroul Tourinform din Orosh\u00e1za furnizeaz\u0103 informa\u021bii atotcuprinz\u0103toare despre atrac\u021biile turistice a regiunii, despre servicii \u0219i programe pentru turi\u0219tii din \u021bar\u0103 \u0219i str\u0103in\u0103tate. Biroul colecteaz\u0103 \u0219i furnizeaz\u0103 datele turistice cu privin\u021b\u0103 \u0219i la localit\u0103\u021bile din \u00eemprejurime: Csan\u00e1dap\u00e1ca, Csorv\u00e1s, G\u00e1doros, Gerend\u00e1s, Kardosk\u00fat, Nagysz\u00e9n\u00e1s \u0219i Pusztaf\u00f6ldv\u00e1r. Prin baza de date cu lista obiectivelor turistice a birourilor partenere, biroul din Orosh\u00e1za dispune de informa\u021bii despere oferta turistic\u0103 complet\u0103 din Ungaria. <\/p>\n<h3>Num\u0103r de locuitori<\/h3>\n<p>30 000 persoane<\/p>\n<h3>Accesibilitate<\/h3>\n<p>Distan\u021ba de la Budapesta est e 180 km\u2013 pe cale rutier\u0103.<\/p>\n<p>Ora\u0219ul este situat l\u00e2ng\u0103 drumul principal 47, care trece pe traseul Szeged \u2013 Debrecen. Traficul de transit ocoleste localitatea decongestion\u00e2nd traficul din acesta. Ora\u0219ul este accesibil prin cale ferat\u0103 din mai multe direc\u021bii, datorit\u0103 faptului c\u0103 Orosh\u00e1za se afl\u0103 la intersec\u021bia a patru diferite linii de c\u0103i ferate. <\/p>\n<h3>Parcare<\/h3>\n<p>Orosh\u00e1za este un ora\u0219 unde parcarea este gratis peste tot. Totu\u0219i traficul este echilibrat, f\u0103r\u0103 anomalii de parcare. <\/p>\n<p><img loading=\"lazy\" src=\"\/wp-content\/uploads\/2012\/04\/gyoparos_parkolas.jpg\"  width=\"190\" height=\"170\" class=\"alignleft\" \/><\/p>\n<p style=\"text-align:justify\">Situa\u021bia este diferit\u0103 \u00een zona sta\u021biunii Gyop\u00e1ros, unde parcarea \u00een vecin\u0103tatea \u0219trandului este posibil\u0103 pe plat\u0103. Dar pentru cei care nu e problem\u0103 o plimbare de c\u00e2teva sute de metrii, este disponibil un loc de parcare gratuit. E adev\u0103rat c\u0103 ma\u0219ina nu va fi chiar \u00een fa\u021ba dvs, dar pe baza experien\u021belor anilor trecute valorile dumneavoastr\u0103 sunt \u00een siguran\u021b\u0103, cu privin\u021b\u0103 la experien\u021bele poli\u021biei locale. <\/p>\n<p>Locurile de cazare, f\u0103r\u0103 excep\u021bie, asigur\u0103 parcarea ma\u0219inilor \u00een curte privat\u0103 \u00eenchis\u0103. <\/p>\n<h3>Taxi<\/h3>\n<p>La Orosh\u00e1za mai multe companii de taxi V\u0103 stau la dispozi\u021bie. Pute\u021bi g\u0103si numele de companii ca \u0219i Grant Taxi, Maxi-Toyota sau Andr\u00e1s Varr\u00f3. Sta\u021bia central\u0103 de taxi se g\u0103se\u0219te la pia\u021ba Gy\u0151ri Vilmos, dar din oricare restaurant sau hotel pute\u021bi s\u0103 chema\u021bi un taxi.<\/p>\n<p>Num\u0103rul de telefon a sta\u021biei centrale: +36 68 412-000.<\/p>\n<p>\u00cen ciuda faptului c\u0103 pre\u021burile de benzin\u0103 sunt crescute \u00een mod extrem, tarifele de taxi din Orosh\u00e1za pot fi considerate reale. \u00cen timp ce un kilometru f\u0103cut \u00een capital\u0103 cost\u0103 220-240 HUF, la Orosh\u00e1za aceast\u0103 tarif\u0103 este 160-180 HUF, cel pu\u021bin la \u00eenceputul sezonului anului 2012.<\/p>\n<h3>SOS<\/h3>\n<p>Mai bine s\u0103-\u021bi fie fric\u0103, dec\u00e2t s\u0103 te sperii. Bine \u00een\u021beles c\u0103 la planificare de vacan\u021be nu ne g\u00e2ndim la accidente, dar este de folos s\u0103 fim preg\u0103ti\u021bi \u0219i la evenimente nea\u0219teptate.<\/p>\n<p>Dac\u0103 ni se-nt\u00e2mpl\u0103 orice accident la Orosh\u00e1za suntem \u00een siguran\u021b\u0103.<br \/>\n\u00cen caz de incident, accident sau de boal\u0103 pute\u021bi s\u0103 chema\u021bi salvarea din sta\u021bia situat\u0103 \u00een centrul ora\u0219ului. \u00cen spitalul local medici speciali\u0219ti \u0219i asisten\u021bi sanitari qualifica\u021bi stau la dispozi\u021bia pacien\u021bilor. \u00cen caz de probleme serie un elicopter de salvare este chemat din eliportul de la Szentes, situat la o distan\u021b\u0103 de 30 km, \u0219i trasport\u0103 pacien\u021bii la Szeged sau la capital\u0103. <\/p>\n<p>\u00cen cazul \u00een care a\u021bi c\u0103zut victima unor acte criminale, poli\u021bia local\u0103 V\u0103 st\u0103 a dispozi\u021bie. Ratele lor de detec\u021bie sunt foarte bune \u00een compara\u021bie cu ratele na\u021bionale sau jud\u0103\u021bene. Pe de alt\u0103 parte poli\u021bia este preparat\u0103 pentru sezonul turistic de la \u00eenceputul prim\u0103verii cu o prezen\u021b\u0103 mai accentuat\u0103 a poli\u021bi\u0219tilor.<\/p>\n<p>\u00cen caz de accident sau furt ave\u021bi nevoie de ajutorul firmelor de asigura\u021bie. La Orosh\u00e1za ve\u021bi g\u0103si birouri de la cele mai mari firme de asigura\u021bie, nu este obstacol \u00een privin\u021ba administra\u021biei. <\/p>\n<p>Sper\u0103m, \u00eens\u0103, c\u0103 problemele mai sus men\u021bionate nu se vor \u00eent\u00e2mpla, dar cum am men\u021bionat la \u00eenceput: \u00een caz de incidente nea\u0219teptate nu r\u0103m\u00e2ne\u021bi singuri cu probleme \u00een timpul unei vacan\u021be petrecute \u00een or\u0103\u0219elul nostru.<\/p>\n<h3>Shopping<\/h3>\n<ul>\n<li>Tesco<\/li>\n<li>Lidl<\/li>\n<li>\u00c9l\u00e9sker<\/li>\n<li>JYSK<\/li>\n<\/ul>\n<h3>Automate bancare (atm-uri)<\/h3>\n<ul>\n<li>OTP,<\/li>\n<li>K&amp;H<\/li>\n<li>Cib<\/li>\n<li>Erste<\/li>\n<li>Takar\u00e9kbank<\/li>\n<li>Budapest Bank<\/li>\n<li>MKB<\/li>\n<\/ul>\n<h3>Institu\u021bii financiare <\/h3>\n<h4>CIB Bank Rt.<\/h4>\n<p>Orar<br \/>\nLuni, Mar\u021bi, Joi : 8.30-12.30, 13-16<br \/>\nMiercuri: 8.30-12.30, 13-17<br \/>\nVineri: 8.30-14.30<br \/>\nAdresa: 5900 Orosh\u00e1za, Pia\u021ba Sz\u00e9chenyi nr 1.<br \/>\nTel.: +36 68\/510-240<br \/>\nFax: +36 68\/510-249<\/p>\n<h4>ERSTE Bank Hungary Rt.<\/h4>\n<p>Orar<br \/>\nLuni: 8-17<br \/>\nMar\u021bi \u2013 Joi: 8-16<br \/>\nVineri: 8-15<br \/>\nContact<br \/>\nAdresa: 5900 Orosh\u00e1za, Str. Kossuth nr 2.<br \/>\nTelefon: +36 68\/413-225<br \/>\nFax: +36 68\/512-050<\/p>\n<h4>FONTANA Credit Takar\u00e9ksz\u00f6vetkezet<\/h4>\n<p>Orar<br \/>\nLuni, Mar\u021bi, Joi: 7:30-15:30<br \/>\nMiercuri: 7:30-17:30<br \/>\nVineri: 7:30-12:40<br \/>\nContact<br \/>\nAdresa: 5900 Orosh\u00e1za, Str. Kossuth nr.16.<br \/>\nTelefon: +36 68\/510-490<br \/>\nFax: +36 68\/510-491<\/p>\n<h4>G\u00e1doros \u00e9s Vid\u00e9ke Takar\u00e9ksz\u00f6vetkezet<\/h4>\n<p>Orar<br \/>\nLuni \u2013 Joi : 7.30-15.30<br \/>\nVineri: 7.30-13<br \/>\nContact<br \/>\nAdresa: 5900 Orosh\u00e1za, Str. Th\u00f6k\u00f6ly nr: 15.<br \/>\nTelefon: +36 68\/512-340<br \/>\nFax: +36 68\/512-341<\/p>\n<h4>Kereskedelmi \u00e9s Hitelbank Rt.<\/h4>\n<p>Orar<br \/>\nLuni: 8-17<br \/>\nMar\u021bi \u2013 Joi: 8-16<br \/>\nVineri: 8-15<br \/>\nAdresa: 5900 Orosh\u00e1za, Str. R\u00e1k\u00f3czi nr. 5.<br \/>\nTelefon.: +36 68\/512-300<\/p>\n<h4>MKB Bank Rt.<\/h4>\n<p>Orar<br \/>\nLuni \u2013 Joi: 8-15.30<br \/>\nVineri : 8-15<br \/>\nContact<br \/>\nAdresa: 5900 Orosh\u00e1za, Str K\u00f6nd nr: 38.<br \/>\nTelefon: +36 68\/512-430<br \/>\nFax: +36 68\/512-439<\/p>\n<h4>Orsz\u00e1gos Takar\u00e9kp\u00e9nzt\u00e1r \u00e9s Kereskedelmi Bank Rt.<\/h4>\n<p>Orar<br \/>\nLuni: 7.45-17<br \/>\nMar\u021bi -Vineri: 7.45-16<br \/>\nAdresa: 5900 Orosh\u00e1za, Str. Kossuth nr: 18-20.<br \/>\nTelefon: +36 68\/412-444<br \/>\nFax: +36 68\/411-015<\/p>\n<h4>Raiffeisen Bank Zrt.<\/h4>\n<p>Orar<br \/>\nLuni: 8-17<br \/>\nMar\u021bi \u2013 Joi: 8-16.30<br \/>\nVineri: 8-16<br \/>\nContact<br \/>\nAdresa: 5900 Orosh\u00e1za, Str K\u00f6nd nr: 33.<br \/>\nTelefon: +36 68\/512-280, +36 40-48-48-48<br \/>\nFax: +36 68\/512-281<\/p>\n<div class=\"kapcsolodo_tartalom\"><h3>Kapcsol\u00f3d\u00f3 tartalmak<\/h3><ul class=\"custom_menu\"><li class=\"page_item page-item-26131\"><a title=\"Campie Maghiara\" href=\"https:\/\/gyoparosfurdo-oroshaza.hu\/ro\/oroshaza\/campie-maghiara\">Campie Maghiara<\/a><\/li><li class=\"page_item page-item-26144\"><a title=\"Coltul Viforului\" href=\"https:\/\/gyoparosfurdo-oroshaza.hu\/ro\/oroshaza\/coltul-viforului\">Coltul Viforului<\/a><\/li><li class=\"page_item page-item-26148\"><a title=\"Orasul vecin: Arad\" href=\"https:\/\/gyoparosfurdo-oroshaza.hu\/ro\/oroshaza\/orasul-vecin-arad\">Orasul vecin: Arad<\/a><\/li><li class=\"page_item page-item-26001\"><a title=\"Orosh\u00e1za Gastronomica\" href=\"https:\/\/gyoparosfurdo-oroshaza.hu\/ro\/oroshaza\/oroshaza-gastronomica\">Orosh\u00e1za Gastronomica<\/a><\/li><\/ul><ul class=\"custom_menu\"><li class=\"page_item page-item-26184\"><a title=\"Orosh\u00e1za mea\" href=\"https:\/\/gyoparosfurdo-oroshaza.hu\/ro\/oroshaza\/oroshaza-mea\">Orosh\u00e1za mea<\/a><\/li><li class=\"page_item page-item-26302\"><a title=\"Andr\u00e1s G\u00e1sp\u00e1r actor\" href=\"https:\/\/gyoparosfurdo-oroshaza.hu\/ro\/oroshaza\/oroshaza-mea\/andras-gaspar-actor\">Andr\u00e1s G\u00e1sp\u00e1r actor<\/a><\/li><li class=\"page_item page-item-26325\"><a title=\"Zsolt Litauszki\" href=\"https:\/\/gyoparosfurdo-oroshaza.hu\/ro\/oroshaza\/oroshaza-mea\/zsolt-litauszki\">Zsolt Litauszki<\/a><\/li><li class=\"page_item page-item-26312\"><a title=\"Produse locale\" href=\"https:\/\/gyoparosfurdo-oroshaza.hu\/ro\/oroshaza\/produse-locale\">Produse locale<\/a><\/li><\/ul><ul class=\"custom_menu\"><li class=\"page_item page-item-26215\"><a title=\"Restaurante\" href=\"https:\/\/gyoparosfurdo-oroshaza.hu\/ro\/oroshaza\/restaurante\">Restaurante<\/a><\/li><li class=\"page_item page-item-26307\"><a title=\"TDM\" href=\"https:\/\/gyoparosfurdo-oroshaza.hu\/ro\/oroshaza\/tdm\">TDM<\/a><\/li><\/ul><br class=\"clear\" \/><\/div>\n<div class=\"topten_slider_title\"><span class=\"h3\">Programe Top<\/span><a href=\"https:\/\/gyoparosfurdo-oroshaza.hu\/ro\/programe\" title=\"Programe \u00bb\">Programe \u00bb<\/a><\/div><div class=\"topten_container topten_slider\" id=\"topten_slider\"><ul class=\"topten_inner\"><li class=\"topten_item\" data-id=\"tsi_1\"><a href=\"\/ro\/programe\/cu-masina\" title=\"Cu masina\" class=\"topten_link\" style=\"background: url(\/wp-content\/uploads\/2012\/05\/autoval-top-programok-gyoparosfurdon.jpg) top left no-repeat;\"><span class=\"title\">Cu masina<\/span><\/a><a href=\"\/ro\/programe\/pentru-amatori-de-cultura\" title=\"Amatori de cultura\" class=\"topten_link\" style=\"background: url(\/wp-content\/uploads\/2012\/05\/kulturabaratoknak-top-programok-gyoparosfurdon.jpg) top left no-repeat;\"><span class=\"title\">Amatori de cultura<\/span><\/a><a href=\"\/ro\/programe\/pentru-o-singura-saptamana\" title=\"Saptamana\" class=\"topten_link\" style=\"background: url(\/wp-content\/uploads\/2012\/05\/1-hetre-top-programok-gyoparosfurdon.jpg) top left no-repeat;\"><span class=\"title\">Saptamana<\/span><\/a><a href=\"\/ro\/programe\/pentru-pescatori\" title=\"Pentru pescatori \" class=\"topten_link\" style=\"background: url(\/wp-content\/uploads\/2012\/05\/horgaszoknak-top-programok-gyoparosfurdon.jpg) top left no-repeat;\"><span class=\"title\">Pentru pescatori <\/span><\/a><a href=\"\/ro\/programe\/pentru-fotografi\" title=\"Pentru fotografi\" class=\"topten_link\" style=\"background: url(\/wp-content\/uploads\/2012\/05\/fotosoknak-top-programok-gyoparosfurdon.jpg) top left no-repeat;\"><span class=\"title\">Pentru fotografi<\/span><\/a><a href=\"\/ro\/programe\/in-timp-de-iarna\" title=\"In timp de iarna \" class=\"topten_link\" style=\"background: url(\/wp-content\/uploads\/2012\/05\/telen-top-programok-gyoparosfurdon.jpg) top left no-repeat;\"><span class=\"title\">In timp de iarna <\/span><\/a><\/li><li class=\"topten_item\" data-id=\"tsi_2\"><a href=\"\/ro\/programe\/pentru-familii\" title=\"Pentru familii\" class=\"topten_link\" style=\"background: url(\/wp-content\/uploads\/2012\/05\/csaladosoknak-top-programok-gyoparosfurdon.jpg) top left no-repeat;\"><span class=\"title\">Pentru familii<\/span><\/a><a href=\"\/ro\/programe\/pentru-cupluri\" title=\"Pentru cupluri\" class=\"topten_link\" style=\"background: url(\/wp-content\/uploads\/2012\/05\/paroknak-top-programok-gyoparosfurdon.jpg) top left no-repeat;\"><span class=\"title\">Pentru cupluri<\/span><\/a><a href=\"\/ro\/programe\/pentru-o-singura-zi\" title=\"O singura zi\" class=\"topten_link\" style=\"background: url(\/wp-content\/uploads\/2012\/05\/1-napra-top-programok-gyoparosfurdon.jpg) top left no-repeat;\"><span class=\"title\">O singura zi<\/span><\/a><a href=\"\/ro\/programe\/pentru-biciclisti\" title=\"Pentru biciclisti\" class=\"topten_link\" style=\"background: url(\/wp-content\/uploads\/2012\/05\/kerekparosoknak-top-programok-gyoparosfurdon.jpg) top left no-repeat;\"><span class=\"title\">Pentru biciclisti<\/span><\/a><a href=\"\/ro\/programe\/programe-pentru-un-week-end\" title=\"Un week-end\" class=\"topten_link\" style=\"background: url(\/wp-content\/uploads\/2012\/05\/hetvegere-top-programok-gyoparosfurdon.jpg) top left no-repeat;\"><span class=\"title\">Un week-end<\/span><\/a><a href=\"\/ro\/programe\/in-timp-de-vara\" title=\"In timp de vara\" class=\"topten_link\" style=\"background: url(\/wp-content\/uploads\/2012\/05\/nyaron-top-programok-gyoparosfurdon.jpg) top left no-repeat;\"><span class=\"title\">In timp de vara<\/span><\/a><\/li><li class=\"topten_item\" data-id=\"tsi_3\"><a href=\"\/ro\/programe\/tineri\" title=\"Pentru tineri\" class=\"topten_link\" style=\"background: url(\/wp-content\/uploads\/2012\/05\/fiataloknak-top-programok-gyoparosfurdon.jpg) top left no-repeat;\"><span class=\"title\">Pentru tineri<\/span><\/a><a href=\"\/ro\/programe\/pentru-amatori-de-sport\" title=\"Amatori de sport\" class=\"topten_link\" style=\"background: url(\/wp-content\/uploads\/2012\/05\/sportbaratoknak-top-programok-gyoparosfurdon.jpg) top left no-repeat;\"><span class=\"title\">Amatori de sport<\/span><\/a><\/ul><div class=\"lapozobox\"><span id=\"lprev\"><\/span><span id=\"lnext\"><\/span><span id=\"ts_1\" class=\"active\"><\/span><span id=\"ts_2\" ><\/span><span id=\"ts_3\" ><\/span><\/div><\/div>\n","protected":false},"excerpt":{"rendered":"<p>Toate informa\u021biile de care ave\u021bi nevoie despre Orosh\u00e1za \u2013 adunate \u00eentr-un singur loc. \u201ePunct de \u00eent\u00e2lnire\u201d al tuturor datelor Biroul de informa\u021bii turistice Tourinform din Orosh\u00e1za se afl\u0103 la Gyop\u00e1ros, la adresa: Str. Fasor 2\/a, \u00een imediata vecin\u0103tate a complexului &hellip; <a href=\"https:\/\/gyoparosfurdo-oroshaza.hu\/ro\/oroshaza\/informatii-generale\">Folytat\u00e1s <span class=\"meta-nav\">&rarr;<\/span><\/a><\/p>\n","protected":false},"author":6,"featured_media":0,"parent":25957,"menu_order":0,"comment_status":"closed","ping_status":"closed","template":"","meta":[],"_links":{"self":[{"href":"https:\/\/gyoparosfurdo-oroshaza.hu\/ro\/wp-json\/wp\/v2\/pages\/26023"}],"collection":[{"href":"https:\/\/gyoparosfurdo-oroshaza.hu\/ro\/wp-json\/wp\/v2\/pages"}],"about":[{"href":"https:\/\/gyoparosfurdo-oroshaza.hu\/ro\/wp-json\/wp\/v2\/types\/page"}],"author":[{"embeddable":true,"href":"https:\/\/gyoparosfurdo-oroshaza.hu\/ro\/wp-json\/wp\/v2\/users\/6"}],"replies":[{"embeddable":true,"href":"https:\/\/gyoparosfurdo-oroshaza.hu\/ro\/wp-json\/wp\/v2\/comments?post=26023"}],"version-history":[{"count":0,"href":"https:\/\/gyoparosfurdo-oroshaza.hu\/ro\/wp-json\/wp\/v2\/pages\/26023\/revisions"}],"up":[{"embeddable":true,"href":"https:\/\/gyoparosfurdo-oroshaza.hu\/ro\/wp-json\/wp\/v2\/pages\/25957"}],"wp:attachment":[{"href":"https:\/\/gyoparosfurdo-oroshaza.hu\/ro\/wp-json\/wp\/v2\/media?parent=26023"}],"curies":[{"name":"wp","href":"https:\/\/api.w.org\/{rel}","templated":true}]}}