{"id":26001,"date":"2012-04-13T10:40:30","date_gmt":"2012-04-13T08:40:30","guid":{"rendered":"https:\/\/gyoparosfurdo-oroshaza.hu\/oroshaza-gastronomica"},"modified":"2012-04-13T10:40:30","modified_gmt":"2012-04-13T09:40:30","slug":"oroshaza-gastronomica","status":"publish","type":"page","link":"https:\/\/gyoparosfurdo-oroshaza.hu\/ro\/oroshaza\/oroshaza-gastronomica","title":{"rendered":"Orosh\u00e1za Gastronomica"},"content":{"rendered":"<h2>Excursie gastronomica: banane de la Orosh\u00e1za, piine si cs\u00edram\u00e1l\u00e9<\/h2>\n<p><img loading=\"lazy\" src=\"\/wp-content\/uploads\/2012\/04\/ill_gasztro_kislany.jpg\" alt=\"\" title=\"Kisl\u00e1ny orosh\u00e1zi keny\u00e9rrel\" width=\"190\" height=\"305\" class=\"alignleft\" \/>Diversitatea orasului care s-a format de-a lungul secolelor se reflecta nu numai prin viata culturala si economica, dar si intr-o mare diversitate de specialitati culinare. Cultura culinara locala a fost puternic influentata de cultura taraneasca, de gusturile specifice regiunilor vecine si de grupuri etnice variate inclusiv minoritatea slovaca. Nu este intimplator ca la competitiile gastronomice de preparare carnati multe ori grupul din Orosh\u00e1za a pregatit carnati premiati.<br \/>\nCea mai cunoscuta specialitate locala este piinea din Orosh\u00e1za, datorita activitatii  agricole si a industriei moraritului care s-a format bazat pe agriculturei locale, totodata si a industriei de panificatie cu traditii de secole. <\/p>\n<p>Un briose bine cunoscut este banana din Orosh\u00e1za, forma caruia ne aminteste de fructa exotica, de fapt este vorba de o prajitura pregatita cu untura si oua de forma bananei. <\/p>\n<p>Un alt element cheie al culturii culinare este pasarea de curte atat pentru traditii de intretinere cat si de prelucrare. Firma locala, Merian, este renumit in intreaga Europa pentru un produsele sale de premium, inclusiv produsele preparate pe baza de ficat de gasca.<\/p>\n<p>Unul dintre simbolurile culinare ale orasului este <b>Orosh\u00e1zi fat\u00e1ny\u00e9ros<\/b>, o supa foarte bogata, din carne de vaca. Trebuie neaparat s-o gustati.  <\/p>\n<p><img loading=\"lazy\" src=\"\/wp-content\/uploads\/2012\/04\/ill_gasztro_csiramale1.jpg\" alt=\"Orosh\u00e1zi cs\u00edram\u00e1l\u00e9\" title=\"Orosh\u00e1zi cs\u00edram\u00e1l\u00e9\" width=\"190\" height=\"175\" class=\"alignleft\" \/>O specialitate locala este si <b>cs\u00edram\u00e1l\u00e9<\/b>, desertul cel mai veche preparat din cereale. In urma procesului de germinare boabele de grau sunt macinate. Se adauga si o cantitate mica de faina. In fine amestecul se pune in cuptor. In urma procesului de germinare, amidonul din seminte se transforma in zahar. Astfel produsul final are o textura supla si un gust placut. Cs\u00edram\u00e1l\u00e9 sunt dulcuri de primavara, se pot cumpara de exemplu si la <a href=\"https:\/\/gyoparosfurdo-oroshaza.hu\/ro\/programok\/piaclatogatas-oroshazan\" title=\"Piata\">piata din Orosh\u00e1za<\/a>.<\/p>\n<p>Pentru mai multe specialitati locale Va puteti informa pe blogul local cu numele <a href=\"http:\/\/izesoroshaza.blogspot.com\/\" target=\"_blank\" rel=\"noopener noreferrer\" title=\"\u00cdzes Orosh\u00e1za\" rel=\"noopener\">\u00cdzes Orosh\u00e1za<\/a>. Redactorul B\u00e9la K\u00e1rolyi F\u00fcl\u00f6p este expert nu numai al ingredientelor alimentare dar si a cuvintelor, fiind scriitor renumit, cu numeroase carti publicate in domeniul gastronomic. <\/p>\n<h3>Galeria de foto<\/h3>\n\n<div class=\"ngg-galleryoverview\" id=\"ngg-gallery-7-26001\">\n\n\n\t\n\t<!-- Thumbnails -->\n\t\t\n\t<div id=\"ngg-image-17\" class=\"ngg-gallery-thumbnail-box\"  >\n\t\t<div class=\"ngg-gallery-thumbnail\" >\n\t\t\t<a href=\"https:\/\/gyoparosfurdo-oroshaza.hu\/wp-content\/gallery\/gasztro\/gasztro_1.jpg\" title=\"Orosh\u00e1zi keny\u00e9r\" class=\"thickbox\" rel=\"set_7\" >\n\t\t\t\t\t\t\t\t<img title=\"Orosh\u00e1zi keny\u00e9r\" alt=\"Orosh\u00e1zi keny\u00e9r\" src=\"https:\/\/gyoparosfurdo-oroshaza.hu\/wp-content\/gallery\/gasztro\/thumbs\/thumbs_gasztro_1.jpg\" width=\"120\" height=\"95\" \/>\n\t\t\t\t\t\t\t<\/a>\n\t\t<\/div>\n\t<\/div>\n\t\n\t\t\n \t\t\n\t<div id=\"ngg-image-18\" class=\"ngg-gallery-thumbnail-box\"  >\n\t\t<div class=\"ngg-gallery-thumbnail\" >\n\t\t\t<a href=\"https:\/\/gyoparosfurdo-oroshaza.hu\/wp-content\/gallery\/gasztro\/gasztro_2.jpg\" title=\"Gyop\u00e1rosi rendezv\u00e9nyre k\u00e9sz\u00fclt, 25 m\u00e9ter hossz\u00fa orosh\u00e1zi keny\u00e9r\" class=\"thickbox\" rel=\"set_7\" >\n\t\t\t\t\t\t\t\t<img title=\"Cs\u00facstart\u00f3 25 m\u00e9teres keny\u00e9r\" alt=\"Cs\u00facstart\u00f3 25 m\u00e9teres keny\u00e9r\" src=\"https:\/\/gyoparosfurdo-oroshaza.hu\/wp-content\/gallery\/gasztro\/thumbs\/thumbs_gasztro_2.jpg\" width=\"120\" height=\"95\" \/>\n\t\t\t\t\t\t\t<\/a>\n\t\t<\/div>\n\t<\/div>\n\t\n\t\t\n \t\t\n\t<div id=\"ngg-image-19\" class=\"ngg-gallery-thumbnail-box\"  >\n\t\t<div class=\"ngg-gallery-thumbnail\" >\n\t\t\t<a href=\"https:\/\/gyoparosfurdo-oroshaza.hu\/wp-content\/gallery\/gasztro\/gasztro_3.jpg\" title=\"Orosh\u00e1zi cs\u00edram\u00e1l\u00e9 t\u00e1ny\u00e9rban\" class=\"thickbox\" rel=\"set_7\" >\n\t\t\t\t\t\t\t\t<img title=\"Orosh\u00e1zi cs\u00edram\u00e1l\u00e9\" alt=\"Orosh\u00e1zi cs\u00edram\u00e1l\u00e9\" src=\"https:\/\/gyoparosfurdo-oroshaza.hu\/wp-content\/gallery\/gasztro\/thumbs\/thumbs_gasztro_3.jpg\" width=\"120\" height=\"95\" \/>\n\t\t\t\t\t\t\t<\/a>\n\t\t<\/div>\n\t<\/div>\n\t\n\t\t\n \t\t\n\t<div id=\"ngg-image-20\" class=\"ngg-gallery-thumbnail-box\"  >\n\t\t<div class=\"ngg-gallery-thumbnail\" >\n\t\t\t<a href=\"https:\/\/gyoparosfurdo-oroshaza.hu\/wp-content\/gallery\/gasztro\/gasztro_4.jpg\" title=\"Az orosh\u00e1zi cs\u00edram\u00e1l\u00e9 tavasszal az orosh\u00e1zi piacon is megv\u00e1s\u00e1rolhat\u00f3\" class=\"thickbox\" rel=\"set_7\" >\n\t\t\t\t\t\t\t\t<img title=\"Orosh\u00e1zi cs\u00edram\u00e1l\u00e9 a piacon\" alt=\"Orosh\u00e1zi cs\u00edram\u00e1l\u00e9 a piacon\" src=\"https:\/\/gyoparosfurdo-oroshaza.hu\/wp-content\/gallery\/gasztro\/thumbs\/thumbs_gasztro_4.jpg\" width=\"120\" height=\"95\" \/>\n\t\t\t\t\t\t\t<\/a>\n\t\t<\/div>\n\t<\/div>\n\t\n\t\t\n \t \t\n\t<!-- Pagination -->\n \t<div class='ngg-clear'><\/div>\n \t\n<\/div>\n\n\n<div class=\"kapcsolodo_tartalom\"><h3>Legate de con\u021binut<\/h3><ul class=\"custom_menu\"><li class=\"page_item page-item-26131\"><a title=\"Campie Maghiara\" href=\"https:\/\/gyoparosfurdo-oroshaza.hu\/ro\/oroshaza\/campie-maghiara\">Campie Maghiara<\/a><\/li><li class=\"page_item page-item-26144\"><a title=\"Coltul Viforului\" href=\"https:\/\/gyoparosfurdo-oroshaza.hu\/ro\/oroshaza\/coltul-viforului\">Coltul Viforului<\/a><\/li><li class=\"page_item page-item-26023\"><a title=\"Informa\u021bii generale\" href=\"https:\/\/gyoparosfurdo-oroshaza.hu\/ro\/oroshaza\/informatii-generale\">Informa\u021bii generale<\/a><\/li><li class=\"page_item page-item-26148\"><a title=\"Orasul vecin: Arad\" href=\"https:\/\/gyoparosfurdo-oroshaza.hu\/ro\/oroshaza\/orasul-vecin-arad\">Orasul vecin: Arad<\/a><\/li><\/ul><ul class=\"custom_menu\"><li class=\"page_item page-item-26184\"><a title=\"Orosh\u00e1za mea\" href=\"https:\/\/gyoparosfurdo-oroshaza.hu\/ro\/oroshaza\/oroshaza-mea\">Orosh\u00e1za mea<\/a><\/li><li class=\"page_item page-item-26302\"><a title=\"Andr\u00e1s G\u00e1sp\u00e1r actor\" href=\"https:\/\/gyoparosfurdo-oroshaza.hu\/ro\/oroshaza\/oroshaza-mea\/andras-gaspar-actor\">Andr\u00e1s G\u00e1sp\u00e1r actor<\/a><\/li><li class=\"page_item page-item-26325\"><a title=\"Zsolt Litauszki\" href=\"https:\/\/gyoparosfurdo-oroshaza.hu\/ro\/oroshaza\/oroshaza-mea\/zsolt-litauszki\">Zsolt Litauszki<\/a><\/li><li class=\"page_item page-item-26312\"><a title=\"Produse locale\" href=\"https:\/\/gyoparosfurdo-oroshaza.hu\/ro\/oroshaza\/produse-locale\">Produse locale<\/a><\/li><\/ul><ul class=\"custom_menu\"><li class=\"page_item page-item-26215\"><a title=\"Restaurante\" href=\"https:\/\/gyoparosfurdo-oroshaza.hu\/ro\/oroshaza\/restaurante\">Restaurante<\/a><\/li><li class=\"page_item page-item-26307\"><a title=\"TDM\" href=\"https:\/\/gyoparosfurdo-oroshaza.hu\/ro\/oroshaza\/tdm\">TDM<\/a><\/li><\/ul><br class=\"clear\" \/><\/div>\n<div class=\"topten_slider_title\"><span class=\"h3\">Programe Top<\/span><a href=\"https:\/\/gyoparosfurdo-oroshaza.hu\/ro\/programe\" title=\"Programe \u00bb\">Programe \u00bb<\/a><\/div><div class=\"topten_container topten_slider\" id=\"topten_slider\"><ul class=\"topten_inner\"><li class=\"topten_item\" data-id=\"tsi_1\"><a href=\"\/ro\/programe\/pentru-amatori-de-cultura\" title=\"Amatori de cultura\" class=\"topten_link\" style=\"background: url(\/wp-content\/uploads\/2012\/05\/kulturabaratoknak-top-programok-gyoparosfurdon.jpg) top left no-repeat;\"><span class=\"title\">Amatori de cultura<\/span><\/a><a href=\"\/ro\/programe\/pentru-o-singura-saptamana\" title=\"Saptamana\" class=\"topten_link\" style=\"background: url(\/wp-content\/uploads\/2012\/05\/1-hetre-top-programok-gyoparosfurdon.jpg) top left no-repeat;\"><span class=\"title\">Saptamana<\/span><\/a><a href=\"\/ro\/programe\/pentru-pescatori\" title=\"Pentru pescatori \" class=\"topten_link\" style=\"background: url(\/wp-content\/uploads\/2012\/05\/horgaszoknak-top-programok-gyoparosfurdon.jpg) top left no-repeat;\"><span class=\"title\">Pentru pescatori <\/span><\/a><a href=\"\/ro\/programe\/pentru-fotografi\" title=\"Pentru fotografi\" class=\"topten_link\" style=\"background: url(\/wp-content\/uploads\/2012\/05\/fotosoknak-top-programok-gyoparosfurdon.jpg) top left no-repeat;\"><span class=\"title\">Pentru fotografi<\/span><\/a><a href=\"\/ro\/programe\/in-timp-de-iarna\" title=\"In timp de iarna \" class=\"topten_link\" style=\"background: url(\/wp-content\/uploads\/2012\/05\/telen-top-programok-gyoparosfurdon.jpg) top left no-repeat;\"><span class=\"title\">In timp de iarna <\/span><\/a><a href=\"\/ro\/programe\/pentru-familii\" title=\"Pentru familii\" class=\"topten_link\" style=\"background: url(\/wp-content\/uploads\/2012\/05\/csaladosoknak-top-programok-gyoparosfurdon.jpg) top left no-repeat;\"><span class=\"title\">Pentru familii<\/span><\/a><\/li><li class=\"topten_item\" data-id=\"tsi_2\"><a href=\"\/ro\/programe\/pentru-cupluri\" title=\"Pentru cupluri\" class=\"topten_link\" style=\"background: url(\/wp-content\/uploads\/2012\/05\/paroknak-top-programok-gyoparosfurdon.jpg) top left no-repeat;\"><span class=\"title\">Pentru cupluri<\/span><\/a><a href=\"\/ro\/programe\/pentru-o-singura-zi\" title=\"O singura zi\" class=\"topten_link\" style=\"background: url(\/wp-content\/uploads\/2012\/05\/1-napra-top-programok-gyoparosfurdon.jpg) top left no-repeat;\"><span class=\"title\">O singura zi<\/span><\/a><a href=\"\/ro\/programe\/pentru-biciclisti\" title=\"Pentru biciclisti\" class=\"topten_link\" style=\"background: url(\/wp-content\/uploads\/2012\/05\/kerekparosoknak-top-programok-gyoparosfurdon.jpg) top left no-repeat;\"><span class=\"title\">Pentru biciclisti<\/span><\/a><a href=\"\/ro\/programe\/programe-pentru-un-week-end\" title=\"Un week-end\" class=\"topten_link\" style=\"background: url(\/wp-content\/uploads\/2012\/05\/hetvegere-top-programok-gyoparosfurdon.jpg) top left no-repeat;\"><span class=\"title\">Un week-end<\/span><\/a><a href=\"\/ro\/programe\/in-timp-de-vara\" title=\"In timp de vara\" class=\"topten_link\" style=\"background: url(\/wp-content\/uploads\/2012\/05\/nyaron-top-programok-gyoparosfurdon.jpg) top left no-repeat;\"><span class=\"title\">In timp de vara<\/span><\/a><a href=\"\/ro\/programe\/tineri\" title=\"Pentru tineri\" class=\"topten_link\" style=\"background: url(\/wp-content\/uploads\/2012\/05\/fiataloknak-top-programok-gyoparosfurdon.jpg) top left no-repeat;\"><span class=\"title\">Pentru tineri<\/span><\/a><\/li><li class=\"topten_item\" data-id=\"tsi_3\"><a href=\"\/ro\/programe\/pentru-amatori-de-sport\" title=\"Amatori de sport\" class=\"topten_link\" style=\"background: url(\/wp-content\/uploads\/2012\/05\/sportbaratoknak-top-programok-gyoparosfurdon.jpg) top left no-repeat;\"><span class=\"title\">Amatori de sport<\/span><\/a><a href=\"\/ro\/programe\/cu-masina\" title=\"Cu masina\" class=\"topten_link\" style=\"background: url(\/wp-content\/uploads\/2012\/05\/autoval-top-programok-gyoparosfurdon.jpg) top left no-repeat;\"><span class=\"title\">Cu masina<\/span><\/a><\/ul><div class=\"lapozobox\"><span id=\"lprev\"><\/span><span id=\"lnext\"><\/span><span id=\"ts_1\" class=\"active\"><\/span><span id=\"ts_2\" ><\/span><span id=\"ts_3\" ><\/span><\/div><\/div>\n","protected":false},"excerpt":{"rendered":"<p>Excursie gastronomica: banane de la Orosh\u00e1za, piine si cs\u00edram\u00e1l\u00e9 Diversitatea orasului care s-a format de-a lungul secolelor se reflecta nu numai prin viata culturala si economica, dar si intr-o mare diversitate de specialitati culinare. Cultura culinara locala a fost puternic &hellip; <a href=\"https:\/\/gyoparosfurdo-oroshaza.hu\/ro\/oroshaza\/oroshaza-gastronomica\">Folytat\u00e1s <span class=\"meta-nav\">&rarr;<\/span><\/a><\/p>\n","protected":false},"author":6,"featured_media":0,"parent":25957,"menu_order":0,"comment_status":"closed","ping_status":"closed","template":"","meta":[],"_links":{"self":[{"href":"https:\/\/gyoparosfurdo-oroshaza.hu\/ro\/wp-json\/wp\/v2\/pages\/26001"}],"collection":[{"href":"https:\/\/gyoparosfurdo-oroshaza.hu\/ro\/wp-json\/wp\/v2\/pages"}],"about":[{"href":"https:\/\/gyoparosfurdo-oroshaza.hu\/ro\/wp-json\/wp\/v2\/types\/page"}],"author":[{"embeddable":true,"href":"https:\/\/gyoparosfurdo-oroshaza.hu\/ro\/wp-json\/wp\/v2\/users\/6"}],"replies":[{"embeddable":true,"href":"https:\/\/gyoparosfurdo-oroshaza.hu\/ro\/wp-json\/wp\/v2\/comments?post=26001"}],"version-history":[{"count":0,"href":"https:\/\/gyoparosfurdo-oroshaza.hu\/ro\/wp-json\/wp\/v2\/pages\/26001\/revisions"}],"up":[{"embeddable":true,"href":"https:\/\/gyoparosfurdo-oroshaza.hu\/ro\/wp-json\/wp\/v2\/pages\/25957"}],"wp:attachment":[{"href":"https:\/\/gyoparosfurdo-oroshaza.hu\/ro\/wp-json\/wp\/v2\/media?parent=26001"}],"curies":[{"name":"wp","href":"https:\/\/api.w.org\/{rel}","templated":true}]}}