{"id":25997,"date":"2012-04-13T10:33:05","date_gmt":"2012-04-13T08:33:05","guid":{"rendered":"https:\/\/gyoparosfurdo-oroshaza.hu\/orar"},"modified":"2026-03-30T11:41:27","modified_gmt":"2026-03-30T09:41:27","slug":"orar","status":"publish","type":"page","link":"https:\/\/gyoparosfurdo-oroshaza.hu\/ro\/gyoparosfurdo\/orar","title":{"rendered":"Orar"},"content":{"rendered":"<h3>Parc acvatic \u0219i baie \u00een parc<\/h3>\n<ul>\n<li>Luni\u2013Vineri: 09:00\u201320:00<\/li>\n<li>S\u00e2mb\u0103t\u0103: 09:00\u201324:00<\/li>\n<li>Duminic\u0103: 09:00\u201320:00<\/li>\n<\/ul>\n<h3>Parc de saune<\/h3>\n<ul>\n<li>Luni\u2013Vineri: 12:00\u201320:00<\/li>\n<li>S\u00e2mb\u0103t\u0103: 12:00\u201324:00<\/li>\n<li>Duminic\u0103: 12:00\u201320:00<\/li>\n<\/ul>\n<h3>Programul sec\u021biei de tratament<\/h3>\n<ul>\n<li>Luni\u2013Vineri: 07:00\u201315:30<\/li>\n<li>S\u00e2mb\u0103t\u0103\u2013Duminic\u0103: \u00cenchis<\/li>\n<\/ul>\n<p>Inform\u0103m publicul b\u0103ii c\u0103 legisla\u021bia \u00een vigoare care reglementeaz\u0103 func\u021bionarea b\u0103ilor publice \u2013 Hot\u0103r\u00e2rea Guvernului nr. 510\/2023 (XI.20.) \u2013 con\u021bine prevederi stricte privind sc\u0103ldatul copiilor \u00een ap\u0103 termal\u0103\/medicinal\u0103.<\/p>\n<p>Conform prevederilor, copiii sub 14 ani nu au voie s\u0103 foloseasc\u0103 bazinele cu ap\u0103 medicinal\u0103 sau cele destinate tratamentului, cu excep\u021bia cazurilor \u00een care exist\u0103 recomandare medical\u0103. Operatorul unei b\u0103i publice este obligat, conform hot\u0103r\u00e2rii, s\u0103 asigure func\u021bionarea unit\u0103\u021bii cu respectarea integral\u0103 a normelor de s\u0103n\u0103tate public\u0103 prev\u0103zute \u00een Anexa 5.<\/p>\n<p><a href=\"https:\/\/njt.hu\/jogszabaly\/2023-510-20-22\">https:\/\/njt.hu\/jogszabaly\/2023-510-20-22<\/a><\/p>\n<div class=\"kapcsolodo_tartalom\"><h3>Con\u021binuturi asociate<\/h3><ul class=\"custom_menu\"><li class=\"page_item page-item-25885\"><a title=\"Baile de agrement\" href=\"https:\/\/gyoparosfurdo-oroshaza.hu\/ro\/gyoparosfurdo\/baile-de-agrement\">Baile de agrement<\/a><\/li><li class=\"page_item page-item-25902\"><a title=\"B\u0103ile termale\" href=\"https:\/\/gyoparosfurdo-oroshaza.hu\/ro\/gyoparosfurdo\/baile-termale\">B\u0103ile termale<\/a><\/li><li class=\"page_item page-item-26174\"><a title=\"Complexul de saune\" href=\"https:\/\/gyoparosfurdo-oroshaza.hu\/ro\/gyoparosfurdo\/complexul-de-saune\">Complexul de saune<\/a><\/li><li class=\"page_item page-item-26256\"><a title=\"Regulament de ordine interioar\u0103\" href=\"https:\/\/gyoparosfurdo-oroshaza.hu\/ro\/gyoparosfurdo\/complexul-de-saune\/regulament-de-ordine-interioara\">Regulament de ordine interioar\u0103<\/a><\/li><li class=\"page_item page-item-26269\"><a title=\"Modul corect de a face saun\u0103\" href=\"https:\/\/gyoparosfurdo-oroshaza.hu\/ro\/gyoparosfurdo\/complexul-de-saune\/modul-corect-de-a-face-sauna\">Modul corect de a face saun\u0103<\/a><\/li><li class=\"page_item page-item-26252\"><a title=\"Cultura de saun\u0103\" href=\"https:\/\/gyoparosfurdo-oroshaza.hu\/ro\/gyoparosfurdo\/complexul-de-saune\/cultura-de-sauna\">Cultura de saun\u0103<\/a><\/li><\/ul><ul class=\"custom_menu\"><li class=\"page_item page-item-26280\"><a title=\"Gyop\u00e1rosf\u00fcrd\u0151 \u2013 J\u00e1t\u00e9kkuck\u00f3 \u2013 loc de joac\u0103 pentru copii\" href=\"https:\/\/gyoparosfurdo-oroshaza.hu\/ro\/gyoparosfurdo\/gyoparosfurdo-jatekkucko-loc-de-joaca-pentru-copii\">Gyop\u00e1rosf\u00fcrd\u0151 \u2013 J\u00e1t\u00e9kkuck\u00f3 \u2013 loc de joac\u0103 pentru copii<\/a><\/li><li class=\"page_item page-item-26345\"><a title=\"Gyop\u00e1rosf\u00fcrd\u0151 \u2013 sta\u021biune balnear\u0103\" href=\"https:\/\/gyoparosfurdo-oroshaza.hu\/ro\/gyoparosfurdo\/gyoparosfurdo-statiune-balneara\">Gyop\u00e1rosf\u00fcrd\u0151 \u2013 sta\u021biune balnear\u0103<\/a><\/li><li class=\"page_item page-item-26359\"><a title=\"Gyop\u00e1rosf\u00fcrd\u0151 panorama\" href=\"https:\/\/gyoparosfurdo-oroshaza.hu\/ro\/gyoparosfurdo\/gyoparosfurdo-panorama\">Gyop\u00e1rosf\u00fcrd\u0151 panorama<\/a><\/li><li class=\"page_item page-item-25881\"><a title=\"Istorie\" href=\"https:\/\/gyoparosfurdo-oroshaza.hu\/ro\/gyoparosfurdo\/istorie\">Istorie<\/a><\/li><li class=\"page_item page-item-26404\"><a title=\"Masaje\" href=\"https:\/\/gyoparosfurdo-oroshaza.hu\/ro\/gyoparosfurdo\/masaje\">Masaje<\/a><\/li><li class=\"page_item page-item-26493\"><a title=\"Parcare\" href=\"https:\/\/gyoparosfurdo-oroshaza.hu\/ro\/gyoparosfurdo\/parcare\">Parcare<\/a><\/li><\/ul><ul class=\"custom_menu\"><li class=\"page_item page-item-25898\"><a title=\"Parcul si strandul\" href=\"https:\/\/gyoparosfurdo-oroshaza.hu\/ro\/gyoparosfurdo\/parcul-si-strandul\">Parcul si strandul<\/a><\/li><li class=\"page_item page-item-26273\"><a title=\"Seans de saun\u0103\" href=\"https:\/\/gyoparosfurdo-oroshaza.hu\/ro\/gyoparosfurdo\/seans-de-sauna\">Seans de saun\u0103<\/a><\/li><li class=\"page_item page-item-25974\"><a title=\"Tarife\" href=\"https:\/\/gyoparosfurdo-oroshaza.hu\/ro\/gyoparosfurdo\/tarife\">Tarife<\/a><\/li><li class=\"page_item page-item-26329\"><a title=\"Video spoturi\" href=\"https:\/\/gyoparosfurdo-oroshaza.hu\/ro\/gyoparosfurdo\/video-spoturi\">Video spoturi<\/a><\/li><li class=\"page_item page-item-26152\"><a title=\"Wellness\" href=\"https:\/\/gyoparosfurdo-oroshaza.hu\/ro\/gyoparosfurdo\/wellness\">Wellness<\/a><\/li><\/ul><br class=\"clear\" \/><\/div>\n<div class=\"topten_slider_title\"><span class=\"h3\">Programe Top<\/span><a href=\"https:\/\/gyoparosfurdo-oroshaza.hu\/ro\/programe\" title=\"Programe \u00bb\">Programe \u00bb<\/a><\/div><div class=\"topten_container topten_slider\" id=\"topten_slider\"><ul class=\"topten_inner\"><li class=\"topten_item\" data-id=\"tsi_1\"><a href=\"\/ro\/programe\/pentru-familii\" title=\"Pentru familii\" class=\"topten_link\" style=\"background: url(\/wp-content\/uploads\/2012\/05\/csaladosoknak-top-programok-gyoparosfurdon.jpg) top left no-repeat;\"><span class=\"title\">Pentru familii<\/span><\/a><a href=\"\/ro\/programe\/pentru-cupluri\" title=\"Pentru cupluri\" class=\"topten_link\" style=\"background: url(\/wp-content\/uploads\/2012\/05\/paroknak-top-programok-gyoparosfurdon.jpg) top left no-repeat;\"><span class=\"title\">Pentru cupluri<\/span><\/a><a href=\"\/ro\/programe\/pentru-o-singura-zi\" title=\"O singura zi\" class=\"topten_link\" style=\"background: url(\/wp-content\/uploads\/2012\/05\/1-napra-top-programok-gyoparosfurdon.jpg) top left no-repeat;\"><span class=\"title\">O singura zi<\/span><\/a><a href=\"\/ro\/programe\/pentru-biciclisti\" title=\"Pentru biciclisti\" class=\"topten_link\" style=\"background: url(\/wp-content\/uploads\/2012\/05\/kerekparosoknak-top-programok-gyoparosfurdon.jpg) top left no-repeat;\"><span class=\"title\">Pentru biciclisti<\/span><\/a><a href=\"\/ro\/programe\/programe-pentru-un-week-end\" title=\"Un week-end\" class=\"topten_link\" style=\"background: url(\/wp-content\/uploads\/2012\/05\/hetvegere-top-programok-gyoparosfurdon.jpg) top left no-repeat;\"><span class=\"title\">Un week-end<\/span><\/a><a href=\"\/ro\/programe\/in-timp-de-vara\" title=\"In timp de vara\" class=\"topten_link\" style=\"background: url(\/wp-content\/uploads\/2012\/05\/nyaron-top-programok-gyoparosfurdon.jpg) top left no-repeat;\"><span class=\"title\">In timp de vara<\/span><\/a><\/li><li class=\"topten_item\" data-id=\"tsi_2\"><a href=\"\/ro\/programe\/tineri\" title=\"Pentru tineri\" class=\"topten_link\" style=\"background: url(\/wp-content\/uploads\/2012\/05\/fiataloknak-top-programok-gyoparosfurdon.jpg) top left no-repeat;\"><span class=\"title\">Pentru tineri<\/span><\/a><a href=\"\/ro\/programe\/pentru-amatori-de-sport\" title=\"Amatori de sport\" class=\"topten_link\" style=\"background: url(\/wp-content\/uploads\/2012\/05\/sportbaratoknak-top-programok-gyoparosfurdon.jpg) top left no-repeat;\"><span class=\"title\">Amatori de sport<\/span><\/a><a href=\"\/ro\/programe\/cu-masina\" title=\"Cu masina\" class=\"topten_link\" style=\"background: url(\/wp-content\/uploads\/2012\/05\/autoval-top-programok-gyoparosfurdon.jpg) top left no-repeat;\"><span class=\"title\">Cu masina<\/span><\/a><a href=\"\/ro\/programe\/pentru-amatori-de-cultura\" title=\"Amatori de cultura\" class=\"topten_link\" style=\"background: url(\/wp-content\/uploads\/2012\/05\/kulturabaratoknak-top-programok-gyoparosfurdon.jpg) top left no-repeat;\"><span class=\"title\">Amatori de cultura<\/span><\/a><a href=\"\/ro\/programe\/pentru-o-singura-saptamana\" title=\"Saptamana\" class=\"topten_link\" style=\"background: url(\/wp-content\/uploads\/2012\/05\/1-hetre-top-programok-gyoparosfurdon.jpg) top left no-repeat;\"><span class=\"title\">Saptamana<\/span><\/a><a href=\"\/ro\/programe\/pentru-pescatori\" title=\"Pentru pescatori \" class=\"topten_link\" style=\"background: url(\/wp-content\/uploads\/2012\/05\/horgaszoknak-top-programok-gyoparosfurdon.jpg) top left no-repeat;\"><span class=\"title\">Pentru pescatori <\/span><\/a><\/li><li class=\"topten_item\" data-id=\"tsi_3\"><a href=\"\/ro\/programe\/pentru-fotografi\" title=\"Pentru fotografi\" class=\"topten_link\" style=\"background: url(\/wp-content\/uploads\/2012\/05\/fotosoknak-top-programok-gyoparosfurdon.jpg) top left no-repeat;\"><span class=\"title\">Pentru fotografi<\/span><\/a><a href=\"\/ro\/programe\/in-timp-de-iarna\" title=\"In timp de iarna \" class=\"topten_link\" style=\"background: url(\/wp-content\/uploads\/2012\/05\/telen-top-programok-gyoparosfurdon.jpg) top left no-repeat;\"><span class=\"title\">In timp de iarna <\/span><\/a><\/ul><div class=\"lapozobox\"><span id=\"lprev\"><\/span><span id=\"lnext\"><\/span><span id=\"ts_1\" class=\"active\"><\/span><span id=\"ts_2\" ><\/span><span id=\"ts_3\" ><\/span><\/div><\/div>\n","protected":false},"excerpt":{"rendered":"<p>Parc acvatic \u0219i baie \u00een parc Luni\u2013Vineri: 09:00\u201320:00 S\u00e2mb\u0103t\u0103: 09:00\u201324:00 Duminic\u0103: 09:00\u201320:00 Parc de saune Luni\u2013Vineri: 12:00\u201320:00 S\u00e2mb\u0103t\u0103: 12:00\u201324:00 Duminic\u0103: 12:00\u201320:00 Programul sec\u021biei de tratament Luni\u2013Vineri: 07:00\u201315:30 S\u00e2mb\u0103t\u0103\u2013Duminic\u0103: \u00cenchis Inform\u0103m publicul b\u0103ii c\u0103 legisla\u021bia \u00een vigoare care reglementeaz\u0103 func\u021bionarea b\u0103ilor &hellip; <a href=\"https:\/\/gyoparosfurdo-oroshaza.hu\/ro\/gyoparosfurdo\/orar\">Folytat\u00e1s <span class=\"meta-nav\">&rarr;<\/span><\/a><\/p>\n","protected":false},"author":6,"featured_media":0,"parent":25877,"menu_order":0,"comment_status":"closed","ping_status":"closed","template":"","meta":[],"_links":{"self":[{"href":"https:\/\/gyoparosfurdo-oroshaza.hu\/ro\/wp-json\/wp\/v2\/pages\/25997"}],"collection":[{"href":"https:\/\/gyoparosfurdo-oroshaza.hu\/ro\/wp-json\/wp\/v2\/pages"}],"about":[{"href":"https:\/\/gyoparosfurdo-oroshaza.hu\/ro\/wp-json\/wp\/v2\/types\/page"}],"author":[{"embeddable":true,"href":"https:\/\/gyoparosfurdo-oroshaza.hu\/ro\/wp-json\/wp\/v2\/users\/6"}],"replies":[{"embeddable":true,"href":"https:\/\/gyoparosfurdo-oroshaza.hu\/ro\/wp-json\/wp\/v2\/comments?post=25997"}],"version-history":[{"count":43,"href":"https:\/\/gyoparosfurdo-oroshaza.hu\/ro\/wp-json\/wp\/v2\/pages\/25997\/revisions"}],"predecessor-version":[{"id":40340,"href":"https:\/\/gyoparosfurdo-oroshaza.hu\/ro\/wp-json\/wp\/v2\/pages\/25997\/revisions\/40340"}],"up":[{"embeddable":true,"href":"https:\/\/gyoparosfurdo-oroshaza.hu\/ro\/wp-json\/wp\/v2\/pages\/25877"}],"wp:attachment":[{"href":"https:\/\/gyoparosfurdo-oroshaza.hu\/ro\/wp-json\/wp\/v2\/media?parent=25997"}],"curies":[{"name":"wp","href":"https:\/\/api.w.org\/{rel}","templated":true}]}}