{"id":25993,"date":"2012-04-13T10:31:01","date_gmt":"2012-04-13T08:31:01","guid":{"rendered":"https:\/\/gyoparosfurdo-oroshaza.hu\/harta"},"modified":"2025-09-14T08:05:02","modified_gmt":"2025-09-14T06:05:02","slug":"harta","status":"publish","type":"page","link":"https:\/\/gyoparosfurdo-oroshaza.hu\/ro\/harta","title":{"rendered":"Harta"},"content":{"rendered":"<h2>Hart\u0103 B\u0103ile Gyop\u00e1ros (valid de la 15.9.2025)<\/h2>\n<p><a href=\"https:\/\/gyoparosfurdo-oroshaza.hu\/wp-content\/uploads\/2025\/09\/gyoparosfurdo-terkep-20250715xxl.jpg\"><img loading=\"lazy\" src=\"https:\/\/gyoparosfurdo-oroshaza.hu\/wp-content\/uploads\/2025\/09\/gyoparosfurdo-terkep-20250715.jpg\" alt=\"Hart\u0103 B\u0103ile Gyop\u00e1ros (valid de la 15.9.2025)\" width=\"570\" height=\"347\" class=\"aligncenter size-full wp-image-39920\" srcset=\"https:\/\/gyoparosfurdo-oroshaza.hu\/wp-content\/uploads\/2025\/09\/gyoparosfurdo-terkep-20250715.jpg 570w, https:\/\/gyoparosfurdo-oroshaza.hu\/wp-content\/uploads\/2025\/09\/gyoparosfurdo-terkep-20250715-300x183.jpg 300w, https:\/\/gyoparosfurdo-oroshaza.hu\/wp-content\/uploads\/2025\/09\/gyoparosfurdo-terkep-20250715-493x300.jpg 493w\" sizes=\"(max-width: 570px) 100vw, 570px\" \/><\/a><\/p>\n<h4 style=\"margin-top: 15px\">Legend\u0103<\/h4>\n<div style=\"width:100%\">\n<div style=\"width:48%; display:inline-block; vertical-align: top\">\n<ul>\n<li style=\"color:#7c020b\">1. Intrare principl\u0103 \u2013\u00a0\u00eenchis, intrare prin Departamentul Medical<\/li>\n<li style=\"color:#7c020b\">2. Bazin pentru copii I. \u2013\u00a0\u00eenchis<\/li>\n<li style=\"color:#7c020b\">3. Bazin pentru copii II. \u2013 \u00eenchis<\/li>\n<li style=\"color:#7c020b\">4. Bazin turn \u2013 \u00eenchis<\/li>\n<li style=\"color:#7c020b\">5. Bazin exterior cu tobogan \u2013 \u00eenchis<\/li>\n<li style=\"color:#7c020b\">6. Bazin exterior \u2013 \u00eenchis<\/li>\n<li>7. Piscin\u0103 termal\u0103 \u2013 <b>deschis<\/b><\/li>\n<li style=\"color:#7c020b\">8. Bazin interior cu coloane \u2013 \u00eenchis<\/li>\n<li style=\"color:#7c020b\">9. Bazin interior de \u0219ezut \u2013 \u00eenchis<\/li>\n<li style=\"color:#7c020b\">10. Bazin interior pentru copii \u2013 \u00eenchis<\/li>\n<li style=\"color:#7c020b\">11. Bazin interior cu tobogan \u2013 \u00eenchis<\/li>\n<li style=\"color:#7c020b\">12. Bazin de \u00eenot 50 metri \u2013 \u00eenchis <\/li>\n<li style=\"color:#7c020b\">13. Bazin de \u00eenot didactic \u2013 \u00eenchis <\/li>\n<\/ul>\n<\/div>\n<div style=\"width:48%; display:inline-block; vertical-align: top\">\n<ul>\n<li style=\"color:#7c020b\">14. Restaurante \u2013 \u00eenschis<\/li>\n<li style=\"color:orange\">15. Turn panoramic (poate fi vizitat vara la cerere special\u0103)<\/li>\n<li>16. Centrul de men\u021binere a s\u0103n\u0103t\u0103\u021bii \u2013\u00a0<b>deschis tot anul<\/b><\/li>\n<li>17. Centrul de terapii \u2013\u00a0<b>deschis tot anul<\/b><\/li>\n<li>18. Piscin\u0103 termal\u0103 interioar\u0103 \u2013 <b>dechis tot anul<\/b><\/li>\n<li style=\"color:#7c020b\">19. \u00cenchiriere hidrobiciclete \u0219i barc\u0103 \u2013 \u00eenchis<\/li>\n<li style=\"color:#7c020b\">20. Complexul de saune \u2013 \u00eenchis<\/li>\n<li>21. Hotel Corvus Aqua<\/li>\n<li>22. Hotel Napsug\u00e1r<\/li>\n<li style=\"color:#7c020b\">23. Term\u00e1l Park Kemping \u2013 \u00eenchis<\/li>\n<li>24. Feh\u00e9r Hatty\u00fa Restaurant &#038; Pensiune<\/li>\n<li>P \u2013  parcare la plat\u0103  <a href=\"https:\/\/gyoparosfurdo-oroshaza.hu\/ro\/gyoparosfurdo\/parkolas\">(parcare gratuit\u0103 la 260 metri)<\/a><\/li>\n<\/ul>\n<\/div>\n<\/div>\n<h2>C\u0103l\u0103torind \u00een Gyop\u00e1rosf\u00fcrd\u0151<\/h2>\n<p>Orosh\u00e1za aproximativ 190 km sud de Budapesta. Autostrada E60\/M5, dup\u0103 aproximativ 110 km, Kiskunf\u00e9legyh\u00e1za Prim\u0103ria trebuie s\u0103 plece \u00eenainte de o nou\u0103 80 km Date pustia Csongr\u00e1d C\u00e2mpiei, apoi prin Szentes. \u00cen plus, pute\u021bi ob\u021bine cu u\u0219urin\u021b\u0103 acolo Orosh\u00e1za Szeged (56 km), B\u00e9k\u00e9scsaba (33 km) de direc\u021bie, dar nu departe de grani\u021ba roman\u0103, numai 75 km de municipiul Arad.<\/p>\n<p>Mai multe direc\u021bii cu trenul pentru a ajunge la ora\u0219, cum ar fi Szeged, B\u00e9k\u00e9scsaba sau o escal\u0103 chiar Mez\u0151t\u00far. O conexiune rutier\u0103 bun\u0103 a ora\u0219ului Orosh\u00e1za multipl\u0103 este legat de autobuz direct (cum ar fi Budapesta, Baja, P\u00e9cs, Duna\u00fajv\u00e1ros, Debrecen, Kecskem\u00e9t, Ungaria).<\/p>\n<p><a href=\"https:\/\/goo.gl\/maps\/VGBwZ85mYkQQfDUA6\" target=\"_blank\" rel=\"noopener noreferrer\" title=\"Ob\u021bine\u021bi indica\u021bii Orosh\u00e1za Gyop\u00e1rosf\u00fcrd\u0151\" rel=\"noopener\">Ob\u021bine\u021bi indica\u021bii Orosh\u00e1za Gyop\u00e1rosf\u00fcrd\u0151<\/a><\/p>\n<p><iframe loading=\"lazy\" src=\"https:\/\/maps.google.com\/maps?ll=a&#038;cbp=,359.0,,0,-0.0&#038;cbll=46.565893,20.628220&#038;layer=c&#038;panoid=G9G9iFOi2g4AAAQvvgDvjA&#038;t=m&#038;z=12&#038;output=svembed&#038;output=svembed\" width=\"580\" height=\"400\" marginwidth=\"0\" marginheight=\"0\" allowfullscreen=\"yes\" frameborder=\"0\"><\/iframe><\/p>\n","protected":false},"excerpt":{"rendered":"<p>O hart\u0103 detaliat\u0103 a sta\u021biunii balneare, precum \u0219i informa\u021bii despre accesul la sta\u021bion balnear rutier \u0219i feroviar. <a href=\"https:\/\/gyoparosfurdo-oroshaza.hu\/ro\/harta\">Folytat\u00e1s <span class=\"meta-nav\">&rarr;<\/span><\/a><\/p>\n","protected":false},"author":6,"featured_media":0,"parent":0,"menu_order":31,"comment_status":"closed","ping_status":"closed","template":"t-lista-terkep-page.php","meta":[],"_links":{"self":[{"href":"https:\/\/gyoparosfurdo-oroshaza.hu\/ro\/wp-json\/wp\/v2\/pages\/25993"}],"collection":[{"href":"https:\/\/gyoparosfurdo-oroshaza.hu\/ro\/wp-json\/wp\/v2\/pages"}],"about":[{"href":"https:\/\/gyoparosfurdo-oroshaza.hu\/ro\/wp-json\/wp\/v2\/types\/page"}],"author":[{"embeddable":true,"href":"https:\/\/gyoparosfurdo-oroshaza.hu\/ro\/wp-json\/wp\/v2\/users\/6"}],"replies":[{"embeddable":true,"href":"https:\/\/gyoparosfurdo-oroshaza.hu\/ro\/wp-json\/wp\/v2\/comments?post=25993"}],"version-history":[{"count":25,"href":"https:\/\/gyoparosfurdo-oroshaza.hu\/ro\/wp-json\/wp\/v2\/pages\/25993\/revisions"}],"predecessor-version":[{"id":39935,"href":"https:\/\/gyoparosfurdo-oroshaza.hu\/ro\/wp-json\/wp\/v2\/pages\/25993\/revisions\/39935"}],"wp:attachment":[{"href":"https:\/\/gyoparosfurdo-oroshaza.hu\/ro\/wp-json\/wp\/v2\/media?parent=25993"}],"curies":[{"name":"wp","href":"https:\/\/api.w.org\/{rel}","templated":true}]}}