{"id":25974,"date":"2012-04-13T10:23:28","date_gmt":"2012-04-13T08:23:28","guid":{"rendered":"https:\/\/gyoparosfurdo-oroshaza.hu\/tarife"},"modified":"2026-04-07T11:59:07","modified_gmt":"2026-04-07T09:59:07","slug":"tarife","status":"publish","type":"page","link":"https:\/\/gyoparosfurdo-oroshaza.hu\/ro\/gyoparosfurdo\/tarife","title":{"rendered":"Tarife"},"content":{"rendered":"<style>h4.tablazatheader {padding: 18px !important; border-radius: 12px 12px 0 0; background-color: #387b93; text-align: center; color: #ffffff !important; margin-top: 20px; margin-bottom: -15px; font-weight: 700; font-size: 20px !important; line-height: 24px !important;}<\/style>\n<p>Pre\u021burile sunt valabile \u00eencep\u00e2nd cu data de 7 aprilie 2026!<\/p>\n<h4 class=\"tablazatheader\">\u0218trand cu experien\u021be (include biletul de intrare la \u0218trandul Parc \u0219i B\u0103ile Termale, utilizarea camerei cu sare \u0219i a s\u0103lii de fitness)<\/h4>\n<table>\n<tbody>\n<tr>\n<td>Bilet de o zi pentru adul\u021bi la \u0218trandul cu experien\u021be (peste 14 ani)<\/td>\n<td>5.000 Ft\/pers.<\/td>\n<\/tr>\n<tr>\n<td>Bilet de o zi pentru adul\u021bi la \u0218trandul cu experien\u021be (peste 14 ani) dup\u0103 ora 16:00<\/td>\n<td>4.000 Ft\/pers.<\/td>\n<\/tr>\n<tr>\n<td>Bilet de o zi pentru adul\u021bi la \u0218trandul cu experien\u021be (peste 14 ani) cu reducere pentru locuitorii din Orosh\u00e1za<\/td>\n<td>3.000 Ft\/pers.<\/td>\n<\/tr>\n<tr>\n<td>Bilet de o zi pentru adul\u021bi la \u0218trandul cu experien\u021be (peste 14 ani) cu reducere pentru locuitorii din Orosh\u00e1za dup\u0103 ora 16:00<\/td>\n<td>2.400 Ft\/pers.<\/td>\n<\/tr>\n<tr>\n<td>Bilet de o zi pentru adul\u021bi la \u0218trandul cu experien\u021be (peste 14 ani) cu reducere regional\u0103<\/td>\n<td>3.500 Ft\/pers.<\/td>\n<\/tr>\n<tr>\n<td>Bilet de o zi pentru adul\u021bi la \u0218trandul cu experien\u021be (peste 14 ani) cu reducere regional\u0103 dup\u0103 ora 16:00<\/td>\n<td>2.800 Ft\/pers.<\/td>\n<\/tr>\n<tr>\n<td>Bilet de o zi pentru pensionari\/studen\u021bi* la \u0218trandul cu experien\u021be (peste 14 ani)<\/td>\n<td>4.000 Ft\/pers.<\/td>\n<\/tr>\n<tr>\n<td>Bilet de o zi pentru pensionari\/studen\u021bi* la \u0218trandul cu experien\u021be (peste 14 ani) dup\u0103 ora 16:00<\/td>\n<td>3.200 Ft\/pers.<\/td>\n<\/tr>\n<tr>\n<td>Bilet de o zi pentru pensionari\/studen\u021bi* la \u0218trandul cu experien\u021be (peste 14 ani) cu reducere pentru locuitorii din Orosh\u00e1za<\/td>\n<td>2.400 Ft\/pers.<\/td>\n<\/tr>\n<tr>\n<td>Bilet de o zi pentru pensionari\/studen\u021bi* la \u0218trandul cu experien\u021be (peste 14 ani) cu reducere pentru locuitorii din Orosh\u00e1za dup\u0103 ora 16:00<\/td>\n<td>1.900 Ft\/pers.<\/td>\n<\/tr>\n<tr>\n<td>Bilet de o zi pentru pensionari\/studen\u021bi* la \u0218trandul cu experien\u021be (peste 14 ani) cu reducere regional\u0103<\/td>\n<td>2.800 Ft\/pers.<\/td>\n<\/tr>\n<tr>\n<td>Bilet de o zi pentru pensionari\/studen\u021bi* la \u0218trandul cu experien\u021be (peste 14 ani) cu reducere regional\u0103 dup\u0103 ora 16:00<\/td>\n<td>2.200 Ft\/pers.<\/td>\n<\/tr>\n<tr>\n<td>Bilet de o zi pentru copii la \u0218trandul cu experien\u021be (\u00eentre 6-14 ani)<\/td>\n<td>1.500 Ft\/pers.<\/td>\n<\/tr>\n<tr>\n<td>Bilet de o zi pentru copii la \u0218trandul cu experien\u021be (\u00eentre 6-14 ani) dup\u0103 ora 16:00<\/td>\n<td>1.200 Ft\/pers.<\/td>\n<\/tr>\n<tr>\n<td>Bilet de o zi pentru copii la \u0218trandul cu experien\u021be (\u00eentre 6-14 ani) cu reducere pentru locuitorii din Orosh\u00e1za<\/td>\n<td>900 Ft\/pers.<\/td>\n<\/tr>\n<tr>\n<td>Bilet de o zi pentru copii la \u0218trandul cu experien\u021be (\u00eentre 6-14 ani) cu reducere pentru locuitorii din Orosh\u00e1za dup\u0103 ora 16:00<\/td>\n<td>700 Ft\/pers.<\/td>\n<\/tr>\n<tr>\n<td>Bilet de o zi pentru copii la \u0218trandul cu experien\u021be (\u00eentre 6-14 ani) cu reducere regional\u0103<\/td>\n<td>1.050 Ft\/pers.<\/td>\n<\/tr>\n<tr>\n<td>Bilet de o zi pentru copii la \u0218trandul cu experien\u021be (\u00eentre 6-14 ani) cu reducere regional\u0103 dup\u0103 ora 16:00<\/td>\n<td>850 Ft\/pers.<\/td>\n<\/tr>\n<tr>\n<td>Bilet de o zi pentru copii la \u0218trandul cu experien\u021be sub 6 ani<\/td>\n<td>GRATUIT<\/td>\n<\/tr>\n<tr>\n<td>Reducere de grup (peste 20 persoane)<\/td>\n<td>Reducere 10%<\/td>\n<\/tr>\n<tr>\n<td>Garan\u021bie pentru prosop de saun\u0103<\/td>\n<td>1.000 Ft<\/td>\n<\/tr>\n<tr>\n<td>Bilet suplimentar pentru utilizarea Parcului de Saune<\/td>\n<td>1.500 Ft\/pers.<\/td>\n<\/tr>\n<tr>\n<td>Bilet pentru \u0219edin\u021b\u0103 de saun\u0103 (se adaug\u0103 la utilizarea saunei)<\/td>\n<td>1.000 Ft\/\u0219edin\u021b\u0103<\/td>\n<\/tr>\n<\/tbody>\n<\/table>\n<p>* Cu prezentarea carnetului de student vizat<\/p>\n<h4 class=\"tablazatheader\">Pre\u021buri pentru tratamente subven\u021bionate de NEAK (cu trimitere medical\u0103)<\/h4>\n<table style=\"margin-top: 20px;\">\n<tr>\n<th>Tratament<\/th>\n<th>Subven\u021bionat NEAK<\/th>\n<th>Nesubven\u021bionat<\/th>\n<\/tr>\n<tr>\n<td>01 Piscin\u0103 cu ap\u0103 termal\u0103<\/td>\n<td>500 Ft\/\u0219edin\u021b\u0103<\/td>\n<td>Bilet de o zi<\/td>\n<\/tr>\n<tr>\n<td>02 Baie \u00een cad\u0103 cu ap\u0103 termal\u0103<\/td>\n<td>500 Ft\/\u0219edin\u021b\u0103<\/td>\n<td>2.500 Ft\/\u0219edin\u021b\u0103<\/td>\n<\/tr>\n<tr>\n<td>03 \u00cempachet\u0103ri cu n\u0103mol<\/td>\n<td>500 Ft\/\u0219edin\u021b\u0103<\/td>\n<td>2.500 Ft\/\u0219edin\u021b\u0103<\/td>\n<\/tr>\n<tr>\n<td>04 Baie de trac\u021biune (Weight bath)<\/td>\n<td>500 Ft\/\u0219edin\u021b\u0103<\/td>\n<td>2.500 Ft\/\u0219edin\u021b\u0103<\/td>\n<\/tr>\n<tr>\n<td>05 Baie carbogazoas\u0103<\/td>\n<td>500 Ft\/\u0219edin\u021b\u0103<\/td>\n<td>2.500 Ft\/\u0219edin\u021b\u0103<\/td>\n<\/tr>\n<tr>\n<td>06 Masaj medical terapeutic<\/td>\n<td>500 Ft\/\u0219edin\u021b\u0103<\/td>\n<td>3.000 Ft\/\u0219edin\u021b\u0103<\/td>\n<\/tr>\n<tr>\n<td>07 Masaj subacvatic cu jet de ap\u0103<\/td>\n<td>500 Ft\/\u0219edin\u021b\u0103<\/td>\n<td>2.500 Ft\/\u0219edin\u021b\u0103<\/td>\n<\/tr>\n<tr>\n<td>08 Kinetoterapie de grup subacvatic\u0103<\/td>\n<td>500 Ft\/\u0219edin\u021b\u0103<\/td>\n<td>2.500 Ft\/\u0219edin\u021b\u0103<\/td>\n<\/tr>\n<tr>\n<td>09 Tratament complex<\/td>\n<td>2.000 Ft\/\u0219edin\u021b\u0103<\/td>\n<td>&#8211;<\/td>\n<\/tr>\n<\/table>\n<h4 class=\"tablazatheader\">Servicii medicale \u0219i de men\u021binere a s\u0103n\u0103t\u0103\u021bii<\/h4>\n<table>\n<tr>\n<td>Consulta\u021bie medical\u0103, control<\/td>\n<td>GRATUIT<\/td>\n<\/tr>\n<tr>\n<td>Kinetoterapie individual\u0103 (25 min)<\/td>\n<td>4.500 Ft\/\u0219edin\u021b\u0103<\/td>\n<\/tr>\n<tr>\n<td>Kinetoterapie individual\u0103 (25 min) 5 \u0219edin\u021be<\/td>\n<td>21.000 Ft<\/td>\n<\/tr>\n<tr>\n<td>Kinetoterapie individual\u0103 (25 min) 10 \u0219edin\u021be<\/td>\n<td>41.000 Ft<\/td>\n<\/tr>\n<tr>\n<td>Kinetoterapie individual\u0103 (50 min)<\/td>\n<td>7.500 Ft\/\u0219edin\u021b\u0103<\/td>\n<\/tr>\n<tr>\n<td>Kinetoterapie individual\u0103 (50 min) 5 \u0219edin\u021be<\/td>\n<td>36.000 Ft<\/td>\n<\/tr>\n<tr>\n<td>Kinetoterapie individual\u0103 (50 min) 10 \u0219edin\u021be<\/td>\n<td>70.000 Ft<\/td>\n<\/tr>\n<tr>\n<td>Gimnastic\u0103 acvatic\u0103 individual\u0103 (25 min)<\/td>\n<td>6.000 Ft\/\u0219edin\u021b\u0103<\/td>\n<\/tr>\n<tr>\n<td>Evaluarea st\u0103rii de s\u0103n\u0103tate (25 min)<\/td>\n<td>4.500 Ft\/\u0219edin\u021b\u0103<\/td>\n<\/tr>\n<tr>\n<td>Gimnastic\u0103 McKenzie<\/td>\n<td>8.000 Ft\/\u0219edin\u021b\u0103<\/td>\n<\/tr>\n<tr>\n<td>Control gimnastic\u0103 McKenzie<\/td>\n<td>5.000 Ft\/\u0219edin\u021b\u0103<\/td>\n<\/tr>\n<tr>\n<td>Gimnastic\u0103 intim\u0103 (de grup)<\/td>\n<td>3.000 Ft\/\u0219edin\u021b\u0103<\/td>\n<\/tr>\n<tr>\n<td>Reabilitare postnatal\u0103 (de grup)<\/td>\n<td>3.000 Ft\/\u0219edin\u021b\u0103<\/td>\n<\/tr>\n<tr>\n<td>Gimnastic\u0103 prenatal\u0103 (de grup)<\/td>\n<td>3.000 Ft\/\u0219edin\u021b\u0103<\/td>\n<\/tr>\n<tr>\n<td>Gimnastic\u0103 mam\u0103-bebelu\u0219 (de grup)<\/td>\n<td>3.000 Ft\/\u0219edin\u021b\u0103<\/td>\n<\/tr>\n<tr>\n<td>Tratarea cicatricilor (25 min)<\/td>\n<td>5.000 Ft\/\u0219edin\u021b\u0103<\/td>\n<\/tr>\n<tr>\n<td>Terapie Vagus<\/td>\n<td>8.000 Ft\/\u0219edin\u021b\u0103<\/td>\n<\/tr>\n<tr>\n<td>Reabilitare sportiv\u0103 (50 min)<\/td>\n<td>8.000 Ft\/\u0219edin\u021b\u0103<\/td>\n<\/tr>\n<tr>\n<td>Terapie Floss (25 min)<\/td>\n<td>5.000 Ft\/\u0219edin\u021b\u0103<\/td>\n<\/tr>\n<tr>\n<td>Bandajare kinesiologic\u0103 (Kinesio Tape)<\/td>\n<td>3.500 Ft\/zon\u0103<\/td>\n<\/tr>\n<tr>\n<td>Terapie cu unde de \u0219oc (Shockwave)<\/td>\n<td>7.500 Ft\/\u0219edin\u021b\u0103<\/td>\n<\/tr>\n<tr>\n<td>Terapie cu unde de \u0219oc 5 \u0219edin\u021be<\/td>\n<td>36.000 Ft<\/td>\n<\/tr>\n<tr>\n<td>Terapie cu unde de \u0219oc 10 \u0219edin\u021be<\/td>\n<td>70.000 Ft<\/td>\n<\/tr>\n<tr>\n<td>Tratamente de electroterapie<\/td>\n<td>1.500 Ft\/tratament<\/td>\n<\/tr>\n<tr>\n<td>Ultrasunet (US subacvatic)<\/td>\n<td>1.500 Ft\/tratament<\/td>\n<\/tr>\n<tr>\n<td>Tratament cu laser<\/td>\n<td>6.000 Ft\/\u0219edin\u021b\u0103<\/td>\n<\/tr>\n<tr>\n<td>Tratament cu laser 5 \u0219edin\u021be<\/td>\n<td>28.000 Ft<\/td>\n<\/tr>\n<tr>\n<td>Tratament cu laser 10 \u0219edin\u021be<\/td>\n<td>55.000 Ft<\/td>\n<\/tr>\n<tr>\n<td>Camer\u0103 cu sare adul\u021bi (cu bilet de intrare de baz\u0103)<\/td>\n<td>GRATUIT<\/td>\n<\/tr>\n<tr>\n<td>Camer\u0103 cu sare elevi-pensionari (cu bilet de intrare de baz\u0103)<\/td>\n<td>GRATUIT<\/td>\n<\/tr>\n<\/table>\n<h4 class=\"tablazatheader\">Pachete Wellness<\/h4>\n<table>\n<tr>\n<td>Dup\u0103-amiaza \u201eMamelor Rele&#8221;<\/td>\n<td>7.990 Ft<\/td>\n<\/tr>\n<tr>\n<td>Cura \u201eHaiducul de C\u00e2mpie&#8221;<\/td>\n<td>9.000 Ft<\/td>\n<\/tr>\n<tr>\n<td>\u201eFarmecul \u0218eherezadei&#8221;<\/td>\n<td>9.000 Ft<\/td>\n<\/tr>\n<tr>\n<td>\u201ePuterea lui Zeus&#8221;<\/td>\n<td>9.000 Ft<\/td>\n<\/tr>\n<tr>\n<td>\u201eTinere\u021be Ve\u0219nic\u0103&#8221;<\/td>\n<td>9.000 Ft<\/td>\n<\/tr>\n<tr>\n<td>\u201eFarmecul M\u0103rii&#8221;<\/td>\n<td>7.500 Ft<\/td>\n<\/tr>\n<tr>\n<td>\u201eFarmecul Orientului \u00cendep\u0103rtat&#8221;<\/td>\n<td>10.500 Ft<\/td>\n<\/tr>\n<\/table>\n<h4 class=\"tablazatheader\">Masaje<\/h4>\n<table>\n<tr>\n<td>Masaj revigorant (15 min)<\/td>\n<td>2.500 Ft\/\u0219edin\u021b\u0103<\/td>\n<\/tr>\n<tr>\n<td>Masaj revigorant (25 min)<\/td>\n<td>4.000 Ft\/\u0219edin\u021b\u0103<\/td>\n<\/tr>\n<tr>\n<td>Masaj revigorant (50 min)<\/td>\n<td>7.800 Ft\/\u0219edin\u021b\u0103<\/td>\n<\/tr>\n<tr>\n<td>Masaj relaxant al capului (25 min)<\/td>\n<td>4.500 Ft\/\u0219edin\u021b\u0103<\/td>\n<\/tr>\n<tr>\n<td>Masaj revigorant al t\u0103lpilor (25 min)<\/td>\n<td>4.500 Ft\/\u0219edin\u021b\u0103<\/td>\n<\/tr>\n<tr>\n<td>Masaj antireumatic (25 min)<\/td>\n<td>4.500 Ft\/\u0219edin\u021b\u0103<\/td>\n<\/tr>\n<tr>\n<td>Masaj sportiv (25 min)<\/td>\n<td>5.500 Ft\/\u0219edin\u021b\u0103<\/td>\n<\/tr>\n<tr>\n<td>Masaj relaxant (25 min)<\/td>\n<td>4.500 Ft\/\u0219edin\u021b\u0103<\/td>\n<\/tr>\n<tr>\n<td>Masaj relaxant (50 min)<\/td>\n<td>8.500 Ft\/\u0219edin\u021b\u0103<\/td>\n<\/tr>\n<tr>\n<td>Masaj limfatic (50 min)<\/td>\n<td>9.000 Ft\/\u0219edin\u021b\u0103<\/td>\n<\/tr>\n<tr>\n<td>Masaj Thai (55 min)<\/td>\n<td>9.500 Ft\/\u0219edin\u021b\u0103<\/td>\n<\/tr>\n<tr>\n<td>Masaj cu pietre vulcanice (55 min)<\/td>\n<td>9.500 Ft\/\u0219edin\u021b\u0103<\/td>\n<\/tr>\n<tr>\n<td>Terapie cu ventuze (25 min)<\/td>\n<td>4.500 Ft\/\u0219edin\u021b\u0103<\/td>\n<\/tr>\n<\/table>\n<h4 class=\"tablazatheader\">Alte servicii (Sec\u021bia Medical\u0103)<\/h4>\n<table>\n<tr>\n<td>Compres\u0103 cu n\u0103mol terapeutic<\/td>\n<td>7.000 Ft<\/td>\n<\/tr>\n<tr>\n<td>Prosop pentru tratament<\/td>\n<td>600 Ft<\/td>\n<\/tr>\n<tr>\n<td>Garan\u021bie cheie<\/td>\n<td>1.000 Ft<\/td>\n<\/tr>\n<\/table>\n<h4 class=\"tablazatheader\">Alte servicii<\/h4>\n<table>\n<tr>\n<td>Card Orosh\u00e1za \/ Regional (valabil p\u00e2n\u0103 la 31 decembrie al anului curent)<\/td>\n<td>1.000 Ft<\/td>\n<\/tr>\n<tr>\n<td>Solarium vertical (minim 5 minute) ad\u0103ugat la utilizarea saunei<\/td>\n<td>200 Ft\/minut<\/td>\n<\/tr>\n<tr>\n<td>Solarium orizontal (minim 5 minute) ad\u0103ugat la utilizarea saunei<\/td>\n<td>200 Ft\/minut<\/td>\n<\/tr>\n<tr>\n<td>\u00cenchiriere prosop<\/td>\n<td>500 Ft<\/td>\n<\/tr>\n<tr>\n<td>\u00cenchiriere halat de baie<\/td>\n<td>500 Ft<\/td>\n<\/tr>\n<tr>\n<td>Tax\u0103 parcare direct \u00een fa\u021ba intr\u0103rii b\u0103ii<\/td>\n<td>150 Ft\/or\u0103<\/td>\n<\/tr>\n<tr>\n<td>Tax\u0103 parcare \u00een parcarea mare mai \u00eendep\u0103rtat\u0103<\/td>\n<td>GRATUIT<\/td>\n<\/tr>\n<\/table>\n<h4 class=\"tablazatheader\">Camping<\/h4>\n<table>\n<tr>\n<td>C\u0103su\u021b\u0103 de lemn (4 persoane) cu bilet de intrare inclus<\/td>\n<td>40.000 Ft\/noapte<\/td>\n<\/tr>\n<tr>\n<td>Tax\u0103 persoan\u0103 adult cu bilet de intrare inclus<\/td>\n<td>5.000 Ft\/noapte<\/td>\n<\/tr>\n<tr>\n<td>Tax\u0103 persoan\u0103 student\/pensionar cu bilet de intrare inclus<\/td>\n<td>4.000 Ft\/noapte<\/td>\n<\/tr>\n<tr>\n<td>Tax\u0103 persoan\u0103 copil (sub 6 ani)<\/td>\n<td>GRATUIT<\/td>\n<\/tr>\n<tr>\n<td>Rulot\u0103 (include taxa de parcare)<\/td>\n<td>4.000 Ft\/noapte<\/td>\n<\/tr>\n<tr>\n<td>Autorulot\u0103<\/td>\n<td>4.000 Ft\/noapte<\/td>\n<\/tr>\n<tr>\n<td>Utilizare curent electric (cort)<\/td>\n<td>900 Ft\/noapte<\/td>\n<\/tr>\n<tr>\n<td>Utilizare curent electric (rulot\u0103\/autorulot\u0103)<\/td>\n<td>1.000 Ft\/noapte<\/td>\n<\/tr>\n<tr>\n<td>Tax\u0103 parcare (autoturism)<\/td>\n<td>1.000 Ft\/noapte<\/td>\n<\/tr>\n<tr>\n<td>Tax\u0103 parcare (motociclet\u0103)<\/td>\n<td>900 Ft\/noapte<\/td>\n<\/tr>\n<tr>\n<td>Tax\u0103 de sta\u021biune (IFA) peste 18 ani<\/td>\n<td>400 Ft\/noapte\/pers.<\/td>\n<\/tr>\n<tr>\n<td>Bilet suplimentar camping pentru utilizarea saunei<\/td>\n<td>1.500 Ft\/zi<\/td>\n<\/tr>\n<\/table>\n<p><b>Note:<\/b><br \/>\n\u2022 Ne rezerv\u0103m dreptul de a modifica pre\u021burile!<br \/>\n\u2022 Pre\u021burile noastre sunt exprimate \u00een Forin\u021bi (HUF) \u0219i includ TVA.<br \/>\n\u2022 Se poate utiliza o singur\u0103 reducere la un moment dat; reducerile nu se cumuleaz\u0103.<br \/>\n\u2022 Reducerile se acord\u0103 pe baza prezent\u0103rii cardului de domiciliu!<br \/>\n\u2022 *Cu prezentarea carnetului de student vizat.<\/p>\n<p><b>Localit\u0103\u021bi eligibile pentru reducerea regional\u0103:<\/b> B\u00e9k\u00e9ss\u00e1mson, Csan\u00e1dap\u00e1ca, Csorv\u00e1s, G\u00e1doros, Gerend\u00e1s, Kardosk\u00fat, Nagym\u00e1gocs, Nagysz\u00e9n\u00e1s, Pusztaf\u00f6ldv\u00e1r, T\u00f3tkoml\u00f3s<\/p>\n<p>Inform\u0103m publicul c\u0103 legisla\u021bia \u00een vigoare care reglementeaz\u0103 func\u021bionarea b\u0103ilor publice, Hot\u0103r\u00e2rea Guvernului nr. 510\/2023. (XI. 20.) <a href=\"https:\/\/njt.hu\/jogszabaly\/2023-510-20-22\">Hot\u0103r\u00e2re de Guvern<\/a>, con\u021bine prevederi stricte privind sc\u0103ldatul copiilor \u00een ap\u0103 termal\u0103. Conform hot\u0103r\u00e2rii, copiii sub 14 ani nu pot folosi bazinele cu ap\u0103 termal\u0103 \u0219i bazinele terapeutice, cu excep\u021bia cazurilor prescrise de medic. Operatorul b\u0103ii publice este obligat, conform Hot\u0103r\u00e2rii de Guvern, s\u0103 opereze baia public\u0103 cu respectarea cumulativ\u0103 a normelor de s\u0103n\u0103tate public\u0103 prev\u0103zute \u00een Anexa 5.<\/p>\n<div class=\"kapcsolodo_tartalom\"><h3>Con\u021binut conex<\/h3><ul class=\"custom_menu\"><li class=\"page_item page-item-25885\"><a title=\"Baile de agrement\" href=\"https:\/\/gyoparosfurdo-oroshaza.hu\/ro\/gyoparosfurdo\/baile-de-agrement\">Baile de agrement<\/a><\/li><li class=\"page_item page-item-25902\"><a title=\"B\u0103ile termale\" href=\"https:\/\/gyoparosfurdo-oroshaza.hu\/ro\/gyoparosfurdo\/baile-termale\">B\u0103ile termale<\/a><\/li><li class=\"page_item page-item-26174\"><a title=\"Complexul de saune\" href=\"https:\/\/gyoparosfurdo-oroshaza.hu\/ro\/gyoparosfurdo\/complexul-de-saune\">Complexul de saune<\/a><\/li><li class=\"page_item page-item-26256\"><a title=\"Regulament de ordine interioar\u0103\" href=\"https:\/\/gyoparosfurdo-oroshaza.hu\/ro\/gyoparosfurdo\/complexul-de-saune\/regulament-de-ordine-interioara\">Regulament de ordine interioar\u0103<\/a><\/li><li class=\"page_item page-item-26269\"><a title=\"Modul corect de a face saun\u0103\" href=\"https:\/\/gyoparosfurdo-oroshaza.hu\/ro\/gyoparosfurdo\/complexul-de-saune\/modul-corect-de-a-face-sauna\">Modul corect de a face saun\u0103<\/a><\/li><li class=\"page_item page-item-26252\"><a title=\"Cultura de saun\u0103\" href=\"https:\/\/gyoparosfurdo-oroshaza.hu\/ro\/gyoparosfurdo\/complexul-de-saune\/cultura-de-sauna\">Cultura de saun\u0103<\/a><\/li><\/ul><ul class=\"custom_menu\"><li class=\"page_item page-item-26280\"><a title=\"Gyop\u00e1rosf\u00fcrd\u0151 \u2013 J\u00e1t\u00e9kkuck\u00f3 \u2013 loc de joac\u0103 pentru copii\" href=\"https:\/\/gyoparosfurdo-oroshaza.hu\/ro\/gyoparosfurdo\/gyoparosfurdo-jatekkucko-loc-de-joaca-pentru-copii\">Gyop\u00e1rosf\u00fcrd\u0151 \u2013 J\u00e1t\u00e9kkuck\u00f3 \u2013 loc de joac\u0103 pentru copii<\/a><\/li><li class=\"page_item page-item-26345\"><a title=\"Gyop\u00e1rosf\u00fcrd\u0151 \u2013 sta\u021biune balnear\u0103\" href=\"https:\/\/gyoparosfurdo-oroshaza.hu\/ro\/gyoparosfurdo\/gyoparosfurdo-statiune-balneara\">Gyop\u00e1rosf\u00fcrd\u0151 \u2013 sta\u021biune balnear\u0103<\/a><\/li><li class=\"page_item page-item-26359\"><a title=\"Gyop\u00e1rosf\u00fcrd\u0151 panorama\" href=\"https:\/\/gyoparosfurdo-oroshaza.hu\/ro\/gyoparosfurdo\/gyoparosfurdo-panorama\">Gyop\u00e1rosf\u00fcrd\u0151 panorama<\/a><\/li><li class=\"page_item page-item-25881\"><a title=\"Istorie\" href=\"https:\/\/gyoparosfurdo-oroshaza.hu\/ro\/gyoparosfurdo\/istorie\">Istorie<\/a><\/li><li class=\"page_item page-item-26404\"><a title=\"Masaje\" href=\"https:\/\/gyoparosfurdo-oroshaza.hu\/ro\/gyoparosfurdo\/masaje\">Masaje<\/a><\/li><li class=\"page_item page-item-25997\"><a title=\"Orar\" href=\"https:\/\/gyoparosfurdo-oroshaza.hu\/ro\/gyoparosfurdo\/orar\">Orar<\/a><\/li><\/ul><ul class=\"custom_menu\"><li class=\"page_item page-item-26493\"><a title=\"Parcare\" href=\"https:\/\/gyoparosfurdo-oroshaza.hu\/ro\/gyoparosfurdo\/parcare\">Parcare<\/a><\/li><li class=\"page_item page-item-25898\"><a title=\"Parcul si strandul\" href=\"https:\/\/gyoparosfurdo-oroshaza.hu\/ro\/gyoparosfurdo\/parcul-si-strandul\">Parcul si strandul<\/a><\/li><li class=\"page_item page-item-26273\"><a title=\"Seans de saun\u0103\" href=\"https:\/\/gyoparosfurdo-oroshaza.hu\/ro\/gyoparosfurdo\/seans-de-sauna\">Seans de saun\u0103<\/a><\/li><li class=\"page_item page-item-26329\"><a title=\"Video spoturi\" href=\"https:\/\/gyoparosfurdo-oroshaza.hu\/ro\/gyoparosfurdo\/video-spoturi\">Video spoturi<\/a><\/li><li class=\"page_item page-item-26152\"><a title=\"Wellness\" href=\"https:\/\/gyoparosfurdo-oroshaza.hu\/ro\/gyoparosfurdo\/wellness\">Wellness<\/a><\/li><\/ul><br class=\"clear\" \/><\/div>\n<div class=\"topten_slider_title\"><span class=\"h3\">Programe Top<\/span><a href=\"https:\/\/gyoparosfurdo-oroshaza.hu\/ro\/programe\" title=\"Programe \u00bb\">Programe \u00bb<\/a><\/div><div class=\"topten_container topten_slider\" id=\"topten_slider\"><ul class=\"topten_inner\"><li class=\"topten_item\" data-id=\"tsi_1\"><a href=\"\/ro\/programe\/programe-pentru-un-week-end\" title=\"Un week-end\" class=\"topten_link\" style=\"background: url(\/wp-content\/uploads\/2012\/05\/hetvegere-top-programok-gyoparosfurdon.jpg) top left no-repeat;\"><span class=\"title\">Un week-end<\/span><\/a><a href=\"\/ro\/programe\/in-timp-de-vara\" title=\"In timp de vara\" class=\"topten_link\" style=\"background: url(\/wp-content\/uploads\/2012\/05\/nyaron-top-programok-gyoparosfurdon.jpg) top left no-repeat;\"><span class=\"title\">In timp de vara<\/span><\/a><a href=\"\/ro\/programe\/tineri\" title=\"Pentru tineri\" class=\"topten_link\" style=\"background: url(\/wp-content\/uploads\/2012\/05\/fiataloknak-top-programok-gyoparosfurdon.jpg) top left no-repeat;\"><span class=\"title\">Pentru tineri<\/span><\/a><a href=\"\/ro\/programe\/pentru-amatori-de-sport\" title=\"Amatori de sport\" class=\"topten_link\" style=\"background: url(\/wp-content\/uploads\/2012\/05\/sportbaratoknak-top-programok-gyoparosfurdon.jpg) top left no-repeat;\"><span class=\"title\">Amatori de sport<\/span><\/a><a href=\"\/ro\/programe\/cu-masina\" title=\"Cu masina\" class=\"topten_link\" style=\"background: url(\/wp-content\/uploads\/2012\/05\/autoval-top-programok-gyoparosfurdon.jpg) top left no-repeat;\"><span class=\"title\">Cu masina<\/span><\/a><a href=\"\/ro\/programe\/pentru-amatori-de-cultura\" title=\"Amatori de cultura\" class=\"topten_link\" style=\"background: url(\/wp-content\/uploads\/2012\/05\/kulturabaratoknak-top-programok-gyoparosfurdon.jpg) top left no-repeat;\"><span class=\"title\">Amatori de cultura<\/span><\/a><\/li><li class=\"topten_item\" data-id=\"tsi_2\"><a href=\"\/ro\/programe\/pentru-o-singura-saptamana\" title=\"Saptamana\" class=\"topten_link\" style=\"background: url(\/wp-content\/uploads\/2012\/05\/1-hetre-top-programok-gyoparosfurdon.jpg) top left no-repeat;\"><span class=\"title\">Saptamana<\/span><\/a><a href=\"\/ro\/programe\/pentru-pescatori\" title=\"Pentru pescatori \" class=\"topten_link\" style=\"background: url(\/wp-content\/uploads\/2012\/05\/horgaszoknak-top-programok-gyoparosfurdon.jpg) top left no-repeat;\"><span class=\"title\">Pentru pescatori <\/span><\/a><a href=\"\/ro\/programe\/pentru-fotografi\" title=\"Pentru fotografi\" class=\"topten_link\" style=\"background: url(\/wp-content\/uploads\/2012\/05\/fotosoknak-top-programok-gyoparosfurdon.jpg) top left no-repeat;\"><span class=\"title\">Pentru fotografi<\/span><\/a><a href=\"\/ro\/programe\/in-timp-de-iarna\" title=\"In timp de iarna \" class=\"topten_link\" style=\"background: url(\/wp-content\/uploads\/2012\/05\/telen-top-programok-gyoparosfurdon.jpg) top left no-repeat;\"><span class=\"title\">In timp de iarna <\/span><\/a><a href=\"\/ro\/programe\/pentru-familii\" title=\"Pentru familii\" class=\"topten_link\" style=\"background: url(\/wp-content\/uploads\/2012\/05\/csaladosoknak-top-programok-gyoparosfurdon.jpg) top left no-repeat;\"><span class=\"title\">Pentru familii<\/span><\/a><a href=\"\/ro\/programe\/pentru-cupluri\" title=\"Pentru cupluri\" class=\"topten_link\" style=\"background: url(\/wp-content\/uploads\/2012\/05\/paroknak-top-programok-gyoparosfurdon.jpg) top left no-repeat;\"><span class=\"title\">Pentru cupluri<\/span><\/a><\/li><li class=\"topten_item\" data-id=\"tsi_3\"><a href=\"\/ro\/programe\/pentru-o-singura-zi\" title=\"O singura zi\" class=\"topten_link\" style=\"background: url(\/wp-content\/uploads\/2012\/05\/1-napra-top-programok-gyoparosfurdon.jpg) top left no-repeat;\"><span class=\"title\">O singura zi<\/span><\/a><a href=\"\/ro\/programe\/pentru-biciclisti\" title=\"Pentru biciclisti\" class=\"topten_link\" style=\"background: url(\/wp-content\/uploads\/2012\/05\/kerekparosoknak-top-programok-gyoparosfurdon.jpg) top left no-repeat;\"><span class=\"title\">Pentru biciclisti<\/span><\/a><\/ul><div class=\"lapozobox\"><span id=\"lprev\"><\/span><span id=\"lnext\"><\/span><span id=\"ts_1\" class=\"active\"><\/span><span id=\"ts_2\" ><\/span><span id=\"ts_3\" ><\/span><\/div><\/div>\n","protected":false},"excerpt":{"rendered":"<p>Pre\u021burile sunt valabile \u00eencep\u00e2nd cu data de 7 aprilie 2026! \u0218trand cu experien\u021be (include biletul de intrare la \u0218trandul Parc \u0219i B\u0103ile Termale, utilizarea camerei cu sare \u0219i a s\u0103lii de fitness) Bilet de o zi pentru adul\u021bi la \u0218trandul &hellip; <a href=\"https:\/\/gyoparosfurdo-oroshaza.hu\/ro\/gyoparosfurdo\/tarife\">Folytat\u00e1s <span class=\"meta-nav\">&rarr;<\/span><\/a><\/p>\n","protected":false},"author":6,"featured_media":0,"parent":25877,"menu_order":0,"comment_status":"closed","ping_status":"closed","template":"","meta":[],"_links":{"self":[{"href":"https:\/\/gyoparosfurdo-oroshaza.hu\/ro\/wp-json\/wp\/v2\/pages\/25974"}],"collection":[{"href":"https:\/\/gyoparosfurdo-oroshaza.hu\/ro\/wp-json\/wp\/v2\/pages"}],"about":[{"href":"https:\/\/gyoparosfurdo-oroshaza.hu\/ro\/wp-json\/wp\/v2\/types\/page"}],"author":[{"embeddable":true,"href":"https:\/\/gyoparosfurdo-oroshaza.hu\/ro\/wp-json\/wp\/v2\/users\/6"}],"replies":[{"embeddable":true,"href":"https:\/\/gyoparosfurdo-oroshaza.hu\/ro\/wp-json\/wp\/v2\/comments?post=25974"}],"version-history":[{"count":24,"href":"https:\/\/gyoparosfurdo-oroshaza.hu\/ro\/wp-json\/wp\/v2\/pages\/25974\/revisions"}],"predecessor-version":[{"id":40417,"href":"https:\/\/gyoparosfurdo-oroshaza.hu\/ro\/wp-json\/wp\/v2\/pages\/25974\/revisions\/40417"}],"up":[{"embeddable":true,"href":"https:\/\/gyoparosfurdo-oroshaza.hu\/ro\/wp-json\/wp\/v2\/pages\/25877"}],"wp:attachment":[{"href":"https:\/\/gyoparosfurdo-oroshaza.hu\/ro\/wp-json\/wp\/v2\/media?parent=25974"}],"curies":[{"name":"wp","href":"https:\/\/api.w.org\/{rel}","templated":true}]}}