{"id":25957,"date":"2012-04-13T10:07:37","date_gmt":"2012-04-13T08:07:37","guid":{"rendered":"https:\/\/gyoparosfurdo-oroshaza.hu\/oroshaza"},"modified":"2012-04-13T10:07:37","modified_gmt":"2012-04-13T09:07:37","slug":"oroshaza","status":"publish","type":"page","link":"https:\/\/gyoparosfurdo-oroshaza.hu\/ro\/oroshaza","title":{"rendered":"Orosh\u00e1za"},"content":{"rendered":"<h2>Trei in unu: oras din Campie, centru industrial, paradis turistic.<\/h2>\n<p>Orosh\u00e1za se caracterizeaza printr-o diversitate interesanta, reprezinta un amestec sanatos al orasului de Campie, al centrului industrial din secolul XX si al paradisului turistic.<\/p>\n<p><img loading=\"lazy\" src=\"\/wp-content\/uploads\/2012\/04\/oroshaza.jpg\" alt=\"Orosh\u00e1za\" title=\"Orosh\u00e1za\" width=\"579\" height=\"148\" class=\"aligncenter\" \/><\/p>\n<p>Pentru intelegerea prezentului este necesar o scurta revizie istorica: acum doua secole colonisti protestanti au primit refugiu de la proprietarul de atunci al paminturilor. Au beneficiat de aceasta posibilitate in mod eficient: pe parcursul anilor s-a format o viata agriculturala si industriala de prosperitate. In urma celui de-al doilea Razboi Mondial \u2013 pe baza zacamintelor de gaz natural \u2013 s-a inceput un proces amplu de industrializare, au fost infiintate firme din domeniul industriei grele, fabrica de sticle si firma Mez\u0151g\u00e9p, care azi este de proprietate canadiana sub numele Linamar Hungary.<\/p>\n<p>In acest fel s-a modificat semnificativ nu numai imaginea orasului, dar si compozitia sa, Orosh\u00e1za a dobandit o importanta speciala atat din punct de vedere economica, cat si culturala si sociala.<\/p>\n<p>Azi vorbim de un oras care dispune de o infrastructura complexa de-a lungul drumului national nr. 47. Alaturi de invatamantul primar si secundar, orasul ofera posibilitate si pentru invatamantul postlicear. In acelas timp si asistenta medicala este complexa cu un spital modern si policlinica. Orasul Va ofera si numeroase oportunitati de cumparaturi, fiind prezente lanturile mari de magazine. Acela\u015fi lucru e valabil si pentru sectorul serviciilor, inclusiv bancile, restaurantele si servicii de infrumusetare.<\/p>\n<p>Majoritatea populatiei de treizeci de mii constituie crestini Evanghelisti, dar este semnificativ si prezenta bisericii Catolice si Reformate alaturi de religii non-traditionale. <\/p>\n<p>Problemele de caracter social sunt prezente si aici: tot mai putin tineri raman in oras, majoritatea se muta la capitala, la orase de peste Dunare sau in strainatate. Se observa insa si o tendenta pozitiva: tot mai multi se intorc la orasul natal si isi dedica competenta profesionala la prosperitatea orasului.<\/p>\n<h3>Galeria de foto<\/h3>\n\n<div class=\"ngg-galleryoverview\" id=\"ngg-gallery-46-25957\">\n\n\n\t\n\t<!-- Thumbnails -->\n\t\t\n\t<div id=\"ngg-image-896\" class=\"ngg-gallery-thumbnail-box\"  >\n\t\t<div class=\"ngg-gallery-thumbnail\" >\n\t\t\t<a href=\"https:\/\/gyoparosfurdo-oroshaza.hu\/wp-content\/gallery\/oroshaza\/oroshaza_2_0.jpg\" title=\"Orosh\u00e1za a leveg\u0151b\u0151l\" class=\"thickbox\" rel=\"set_46\" >\n\t\t\t\t\t\t\t\t<img title=\"Orosh\u00e1za a leveg\u0151b\u0151l\" alt=\"Orosh\u00e1za a leveg\u0151b\u0151l\" src=\"https:\/\/gyoparosfurdo-oroshaza.hu\/wp-content\/gallery\/oroshaza\/thumbs\/thumbs_oroshaza_2_0.jpg\" width=\"120\" height=\"95\" \/>\n\t\t\t\t\t\t\t<\/a>\n\t\t<\/div>\n\t<\/div>\n\t\n\t\t\n \t\t\n\t<div id=\"ngg-image-897\" class=\"ngg-gallery-thumbnail-box\"  >\n\t\t<div class=\"ngg-gallery-thumbnail\" >\n\t\t\t<a href=\"https:\/\/gyoparosfurdo-oroshaza.hu\/wp-content\/gallery\/oroshaza\/oroshaza_3_0.jpg\" title=\"Orosh\u00e1za belv\u00e1rosa a leveg\u0151b\u0151l\" class=\"thickbox\" rel=\"set_46\" >\n\t\t\t\t\t\t\t\t<img title=\"Orosh\u00e1za belv\u00e1rosa a leveg\u0151b\u0151l\" alt=\"Orosh\u00e1za belv\u00e1rosa a leveg\u0151b\u0151l\" src=\"https:\/\/gyoparosfurdo-oroshaza.hu\/wp-content\/gallery\/oroshaza\/thumbs\/thumbs_oroshaza_3_0.jpg\" width=\"120\" height=\"95\" \/>\n\t\t\t\t\t\t\t<\/a>\n\t\t<\/div>\n\t<\/div>\n\t\n\t\t\n \t\t\n\t<div id=\"ngg-image-899\" class=\"ngg-gallery-thumbnail-box\"  >\n\t\t<div class=\"ngg-gallery-thumbnail\" >\n\t\t\t<a href=\"https:\/\/gyoparosfurdo-oroshaza.hu\/wp-content\/gallery\/oroshaza\/oroshaza_5_0.jpg\" title=\"Orosh\u00e1za f\u0151tere\" class=\"thickbox\" rel=\"set_46\" >\n\t\t\t\t\t\t\t\t<img title=\"Orosh\u00e1za f\u0151tere\" alt=\"Orosh\u00e1za f\u0151tere\" src=\"https:\/\/gyoparosfurdo-oroshaza.hu\/wp-content\/gallery\/oroshaza\/thumbs\/thumbs_oroshaza_5_0.jpg\" width=\"120\" height=\"95\" \/>\n\t\t\t\t\t\t\t<\/a>\n\t\t<\/div>\n\t<\/div>\n\t\n\t\t\n \t\t\n\t<div id=\"ngg-image-901\" class=\"ngg-gallery-thumbnail-box\"  >\n\t\t<div class=\"ngg-gallery-thumbnail\" >\n\t\t\t<a href=\"https:\/\/gyoparosfurdo-oroshaza.hu\/wp-content\/gallery\/oroshaza\/oroshaza_7_0.jpg\" title=\"Orosh\u00e1za f\u0151tere\" class=\"thickbox\" rel=\"set_46\" >\n\t\t\t\t\t\t\t\t<img title=\"Orosh\u00e1za f\u0151tere\" alt=\"Orosh\u00e1za f\u0151tere\" src=\"https:\/\/gyoparosfurdo-oroshaza.hu\/wp-content\/gallery\/oroshaza\/thumbs\/thumbs_oroshaza_7_0.jpg\" width=\"120\" height=\"95\" \/>\n\t\t\t\t\t\t\t<\/a>\n\t\t<\/div>\n\t<\/div>\n\t\n\t\t\n \t\t\n\t<div id=\"ngg-image-902\" class=\"ngg-gallery-thumbnail-box\"  >\n\t\t<div class=\"ngg-gallery-thumbnail\" >\n\t\t\t<a href=\"https:\/\/gyoparosfurdo-oroshaza.hu\/wp-content\/gallery\/oroshaza\/oroshaza_8_0.jpg\" title=\"Orosh\u00e1za f\u0151tere este\" class=\"thickbox\" rel=\"set_46\" >\n\t\t\t\t\t\t\t\t<img title=\"Orosh\u00e1za f\u0151tere este\" alt=\"Orosh\u00e1za f\u0151tere este\" src=\"https:\/\/gyoparosfurdo-oroshaza.hu\/wp-content\/gallery\/oroshaza\/thumbs\/thumbs_oroshaza_8_0.jpg\" width=\"120\" height=\"95\" \/>\n\t\t\t\t\t\t\t<\/a>\n\t\t<\/div>\n\t<\/div>\n\t\n\t\t\n \t\t\n\t<div id=\"ngg-image-904\" class=\"ngg-gallery-thumbnail-box\"  >\n\t\t<div class=\"ngg-gallery-thumbnail\" >\n\t\t\t<a href=\"https:\/\/gyoparosfurdo-oroshaza.hu\/wp-content\/gallery\/oroshaza\/foter_nagy005.jpg\" title=\"F\u0151t\u00e9r \u00e9jszaka\" class=\"thickbox\" rel=\"set_46\" >\n\t\t\t\t\t\t\t\t<img title=\"F\u0151t\u00e9r \u00e9jszaka\" alt=\"F\u0151t\u00e9r \u00e9jszaka\" src=\"https:\/\/gyoparosfurdo-oroshaza.hu\/wp-content\/gallery\/oroshaza\/thumbs\/thumbs_foter_nagy005.jpg\" width=\"120\" height=\"95\" \/>\n\t\t\t\t\t\t\t<\/a>\n\t\t<\/div>\n\t<\/div>\n\t\n\t\t\n \t\t\n\t<div id=\"ngg-image-385\" class=\"ngg-gallery-thumbnail-box\"  >\n\t\t<div class=\"ngg-gallery-thumbnail\" >\n\t\t\t<a href=\"https:\/\/gyoparosfurdo-oroshaza.hu\/wp-content\/gallery\/oroshaza\/oroshaza_6.jpg\" title=\"Orosh\u00e1za belv\u00e1rosa szombat \u00e9jjel\" class=\"thickbox\" rel=\"set_46\" >\n\t\t\t\t\t\t\t\t<img title=\"Orosh\u00e1za belv\u00e1rosa szombat \u00e9jjel\" alt=\"Orosh\u00e1za belv\u00e1rosa szombat \u00e9jjel\" src=\"https:\/\/gyoparosfurdo-oroshaza.hu\/wp-content\/gallery\/oroshaza\/thumbs\/thumbs_oroshaza_6.jpg\" width=\"120\" height=\"95\" \/>\n\t\t\t\t\t\t\t<\/a>\n\t\t<\/div>\n\t<\/div>\n\t\n\t\t\n \t\t\n\t<div id=\"ngg-image-900\" class=\"ngg-gallery-thumbnail-box\"  >\n\t\t<div class=\"ngg-gallery-thumbnail\" >\n\t\t\t<a href=\"https:\/\/gyoparosfurdo-oroshaza.hu\/wp-content\/gallery\/oroshaza\/oroshaza_6_0.jpg\" title=\"Gyop\u00e1rosf\u00fcrd\u0151 a leveg\u0151b\u0151l\" class=\"thickbox\" rel=\"set_46\" >\n\t\t\t\t\t\t\t\t<img title=\"Gyop\u00e1rosf\u00fcrd\u0151 a leveg\u0151b\u0151l\" alt=\"Gyop\u00e1rosf\u00fcrd\u0151 a leveg\u0151b\u0151l\" src=\"https:\/\/gyoparosfurdo-oroshaza.hu\/wp-content\/gallery\/oroshaza\/thumbs\/thumbs_oroshaza_6_0.jpg\" width=\"120\" height=\"95\" \/>\n\t\t\t\t\t\t\t<\/a>\n\t\t<\/div>\n\t<\/div>\n\t\n\t\t\n \t\t\n\t<div id=\"ngg-image-903\" class=\"ngg-gallery-thumbnail-box\"  >\n\t\t<div class=\"ngg-gallery-thumbnail\" >\n\t\t\t<a href=\"https:\/\/gyoparosfurdo-oroshaza.hu\/wp-content\/gallery\/oroshaza\/oroshaza_furdo.jpg\" title=\"Gyop\u00e1rosf\u00fcrd\u0151 kil\u00e1t\u00f3\" class=\"thickbox\" rel=\"set_46\" >\n\t\t\t\t\t\t\t\t<img title=\"Gyop\u00e1rosf\u00fcrd\u0151 kil\u00e1t\u00f3\" alt=\"Gyop\u00e1rosf\u00fcrd\u0151 kil\u00e1t\u00f3\" src=\"https:\/\/gyoparosfurdo-oroshaza.hu\/wp-content\/gallery\/oroshaza\/thumbs\/thumbs_oroshaza_furdo.jpg\" width=\"120\" height=\"95\" \/>\n\t\t\t\t\t\t\t<\/a>\n\t\t<\/div>\n\t<\/div>\n\t\n\t\t\n \t\t\n\t<div id=\"ngg-image-380\" class=\"ngg-gallery-thumbnail-box\"  >\n\t\t<div class=\"ngg-gallery-thumbnail\" >\n\t\t\t<a href=\"https:\/\/gyoparosfurdo-oroshaza.hu\/wp-content\/gallery\/oroshaza\/oroshaza_1.jpg\" title=\"Orosh\u00e1za belv\u00e1rosa a katolikus templommal\" class=\"thickbox\" rel=\"set_46\" >\n\t\t\t\t\t\t\t\t<img title=\"Orosh\u00e1za belv\u00e1rosa a katolikus templommal\" alt=\"Orosh\u00e1za belv\u00e1rosa a katolikus templommal\" src=\"https:\/\/gyoparosfurdo-oroshaza.hu\/wp-content\/gallery\/oroshaza\/thumbs\/thumbs_oroshaza_1.jpg\" width=\"120\" height=\"95\" \/>\n\t\t\t\t\t\t\t<\/a>\n\t\t<\/div>\n\t<\/div>\n\t\n\t\t\n \t\t\n\t<div id=\"ngg-image-382\" class=\"ngg-gallery-thumbnail-box\"  >\n\t\t<div class=\"ngg-gallery-thumbnail\" >\n\t\t\t<a href=\"https:\/\/gyoparosfurdo-oroshaza.hu\/wp-content\/gallery\/oroshaza\/oroshaza_3.jpg\" title=\"Az orosh\u00e1zi f\u0151utca\" class=\"thickbox\" rel=\"set_46\" >\n\t\t\t\t\t\t\t\t<img title=\"Az orosh\u00e1zi f\u0151utca\" alt=\"Az orosh\u00e1zi f\u0151utca\" src=\"https:\/\/gyoparosfurdo-oroshaza.hu\/wp-content\/gallery\/oroshaza\/thumbs\/thumbs_oroshaza_3.jpg\" width=\"120\" height=\"95\" \/>\n\t\t\t\t\t\t\t<\/a>\n\t\t<\/div>\n\t<\/div>\n\t\n\t\t\n \t\t\n\t<div id=\"ngg-image-384\" class=\"ngg-gallery-thumbnail-box\"  >\n\t\t<div class=\"ngg-gallery-thumbnail\" >\n\t\t\t<a href=\"https:\/\/gyoparosfurdo-oroshaza.hu\/wp-content\/gallery\/oroshaza\/oroshaza_5.jpg\" title=\"Az Eml\u00e9kpark a belv\u00e1rosban, a Gimn\u00e1zium el\u0151tt\" class=\"thickbox\" rel=\"set_46\" >\n\t\t\t\t\t\t\t\t<img title=\"Az Eml\u00e9kpark a belv\u00e1rosban, a Gimn\u00e1zium el\u0151tt\" alt=\"Az Eml\u00e9kpark a belv\u00e1rosban, a Gimn\u00e1zium el\u0151tt\" src=\"https:\/\/gyoparosfurdo-oroshaza.hu\/wp-content\/gallery\/oroshaza\/thumbs\/thumbs_oroshaza_5.jpg\" width=\"120\" height=\"95\" \/>\n\t\t\t\t\t\t\t<\/a>\n\t\t<\/div>\n\t<\/div>\n\t\n\t\t\n \t \t\n\t<!-- Pagination -->\n \t<div class='ngg-clear'><\/div>\n \t\n<\/div>\n\n\n<div class=\"kapcsolodo_tartalom\"><h3>Legate de con\u021binut<\/h3><ul class=\"custom_menu\"><li class=\"page_item page-item-26131\"><a title=\"Campie Maghiara\" href=\"https:\/\/gyoparosfurdo-oroshaza.hu\/ro\/oroshaza\/campie-maghiara\">Campie Maghiara<\/a><\/li><li class=\"page_item page-item-26144\"><a title=\"Coltul Viforului\" href=\"https:\/\/gyoparosfurdo-oroshaza.hu\/ro\/oroshaza\/coltul-viforului\">Coltul Viforului<\/a><\/li><li class=\"page_item page-item-26023\"><a title=\"Informa\u021bii generale\" href=\"https:\/\/gyoparosfurdo-oroshaza.hu\/ro\/oroshaza\/informatii-generale\">Informa\u021bii generale<\/a><\/li><li class=\"page_item page-item-26148\"><a title=\"Orasul vecin: Arad\" href=\"https:\/\/gyoparosfurdo-oroshaza.hu\/ro\/oroshaza\/orasul-vecin-arad\">Orasul vecin: Arad<\/a><\/li><\/ul><ul class=\"custom_menu\"><li class=\"page_item page-item-26001\"><a title=\"Orosh\u00e1za Gastronomica\" href=\"https:\/\/gyoparosfurdo-oroshaza.hu\/ro\/oroshaza\/oroshaza-gastronomica\">Orosh\u00e1za Gastronomica<\/a><\/li><li class=\"page_item page-item-26184\"><a title=\"Orosh\u00e1za mea\" href=\"https:\/\/gyoparosfurdo-oroshaza.hu\/ro\/oroshaza\/oroshaza-mea\">Orosh\u00e1za mea<\/a><\/li><li class=\"page_item page-item-26302\"><a title=\"Andr\u00e1s G\u00e1sp\u00e1r actor\" href=\"https:\/\/gyoparosfurdo-oroshaza.hu\/ro\/oroshaza\/oroshaza-mea\/andras-gaspar-actor\">Andr\u00e1s G\u00e1sp\u00e1r actor<\/a><\/li><li class=\"page_item page-item-26325\"><a title=\"Zsolt Litauszki\" href=\"https:\/\/gyoparosfurdo-oroshaza.hu\/ro\/oroshaza\/oroshaza-mea\/zsolt-litauszki\">Zsolt Litauszki<\/a><\/li><\/ul><ul class=\"custom_menu\"><li class=\"page_item page-item-26312\"><a title=\"Produse locale\" href=\"https:\/\/gyoparosfurdo-oroshaza.hu\/ro\/oroshaza\/produse-locale\">Produse locale<\/a><\/li><li class=\"page_item page-item-26215\"><a title=\"Restaurante\" href=\"https:\/\/gyoparosfurdo-oroshaza.hu\/ro\/oroshaza\/restaurante\">Restaurante<\/a><\/li><li class=\"page_item page-item-26307\"><a title=\"TDM\" href=\"https:\/\/gyoparosfurdo-oroshaza.hu\/ro\/oroshaza\/tdm\">TDM<\/a><\/li><\/ul><br class=\"clear\" \/><\/div>\n<div class=\"topten_slider_title\"><span class=\"h3\">Programe Top<\/span><a href=\"https:\/\/gyoparosfurdo-oroshaza.hu\/ro\/programe\" title=\"Programe \u00bb\">Programe \u00bb<\/a><\/div><div class=\"topten_container topten_slider\" id=\"topten_slider\"><ul class=\"topten_inner\"><li class=\"topten_item\" data-id=\"tsi_1\"><a href=\"\/ro\/programe\/pentru-familii\" title=\"Pentru familii\" class=\"topten_link\" style=\"background: url(\/wp-content\/uploads\/2012\/05\/csaladosoknak-top-programok-gyoparosfurdon.jpg) top left no-repeat;\"><span class=\"title\">Pentru familii<\/span><\/a><a href=\"\/ro\/programe\/pentru-cupluri\" title=\"Pentru cupluri\" class=\"topten_link\" style=\"background: url(\/wp-content\/uploads\/2012\/05\/paroknak-top-programok-gyoparosfurdon.jpg) top left no-repeat;\"><span class=\"title\">Pentru cupluri<\/span><\/a><a href=\"\/ro\/programe\/pentru-o-singura-zi\" title=\"O singura zi\" class=\"topten_link\" style=\"background: url(\/wp-content\/uploads\/2012\/05\/1-napra-top-programok-gyoparosfurdon.jpg) top left no-repeat;\"><span class=\"title\">O singura zi<\/span><\/a><a href=\"\/ro\/programe\/pentru-biciclisti\" title=\"Pentru biciclisti\" class=\"topten_link\" style=\"background: url(\/wp-content\/uploads\/2012\/05\/kerekparosoknak-top-programok-gyoparosfurdon.jpg) top left no-repeat;\"><span class=\"title\">Pentru biciclisti<\/span><\/a><a href=\"\/ro\/programe\/programe-pentru-un-week-end\" title=\"Un week-end\" class=\"topten_link\" style=\"background: url(\/wp-content\/uploads\/2012\/05\/hetvegere-top-programok-gyoparosfurdon.jpg) top left no-repeat;\"><span class=\"title\">Un week-end<\/span><\/a><a href=\"\/ro\/programe\/in-timp-de-vara\" title=\"In timp de vara\" class=\"topten_link\" style=\"background: url(\/wp-content\/uploads\/2012\/05\/nyaron-top-programok-gyoparosfurdon.jpg) top left no-repeat;\"><span class=\"title\">In timp de vara<\/span><\/a><\/li><li class=\"topten_item\" data-id=\"tsi_2\"><a href=\"\/ro\/programe\/tineri\" title=\"Pentru tineri\" class=\"topten_link\" style=\"background: url(\/wp-content\/uploads\/2012\/05\/fiataloknak-top-programok-gyoparosfurdon.jpg) top left no-repeat;\"><span class=\"title\">Pentru tineri<\/span><\/a><a href=\"\/ro\/programe\/pentru-amatori-de-sport\" title=\"Amatori de sport\" class=\"topten_link\" style=\"background: url(\/wp-content\/uploads\/2012\/05\/sportbaratoknak-top-programok-gyoparosfurdon.jpg) top left no-repeat;\"><span class=\"title\">Amatori de sport<\/span><\/a><a href=\"\/ro\/programe\/cu-masina\" title=\"Cu masina\" class=\"topten_link\" style=\"background: url(\/wp-content\/uploads\/2012\/05\/autoval-top-programok-gyoparosfurdon.jpg) top left no-repeat;\"><span class=\"title\">Cu masina<\/span><\/a><a href=\"\/ro\/programe\/pentru-amatori-de-cultura\" title=\"Amatori de cultura\" class=\"topten_link\" style=\"background: url(\/wp-content\/uploads\/2012\/05\/kulturabaratoknak-top-programok-gyoparosfurdon.jpg) top left no-repeat;\"><span class=\"title\">Amatori de cultura<\/span><\/a><a href=\"\/ro\/programe\/pentru-o-singura-saptamana\" title=\"Saptamana\" class=\"topten_link\" style=\"background: url(\/wp-content\/uploads\/2012\/05\/1-hetre-top-programok-gyoparosfurdon.jpg) top left no-repeat;\"><span class=\"title\">Saptamana<\/span><\/a><a href=\"\/ro\/programe\/pentru-pescatori\" title=\"Pentru pescatori \" class=\"topten_link\" style=\"background: url(\/wp-content\/uploads\/2012\/05\/horgaszoknak-top-programok-gyoparosfurdon.jpg) top left no-repeat;\"><span class=\"title\">Pentru pescatori <\/span><\/a><\/li><li class=\"topten_item\" data-id=\"tsi_3\"><a href=\"\/ro\/programe\/pentru-fotografi\" title=\"Pentru fotografi\" class=\"topten_link\" style=\"background: url(\/wp-content\/uploads\/2012\/05\/fotosoknak-top-programok-gyoparosfurdon.jpg) top left no-repeat;\"><span class=\"title\">Pentru fotografi<\/span><\/a><a href=\"\/ro\/programe\/in-timp-de-iarna\" title=\"In timp de iarna \" class=\"topten_link\" style=\"background: url(\/wp-content\/uploads\/2012\/05\/telen-top-programok-gyoparosfurdon.jpg) top left no-repeat;\"><span class=\"title\">In timp de iarna <\/span><\/a><\/ul><div class=\"lapozobox\"><span id=\"lprev\"><\/span><span id=\"lnext\"><\/span><span id=\"ts_1\" class=\"active\"><\/span><span id=\"ts_2\" ><\/span><span id=\"ts_3\" ><\/span><\/div><\/div>\n","protected":false},"excerpt":{"rendered":"<p>Trei in unu: oras din Campie, centru industrial, paradis turistic. Orosh\u00e1za se caracterizeaza printr-o diversitate interesanta, reprezinta un amestec sanatos al orasului de Campie, al centrului industrial din secolul XX si al paradisului turistic. Pentru intelegerea prezentului este necesar o &hellip; <a href=\"https:\/\/gyoparosfurdo-oroshaza.hu\/ro\/oroshaza\">Folytat\u00e1s <span class=\"meta-nav\">&rarr;<\/span><\/a><\/p>\n","protected":false},"author":6,"featured_media":0,"parent":0,"menu_order":2,"comment_status":"closed","ping_status":"closed","template":"","meta":[],"_links":{"self":[{"href":"https:\/\/gyoparosfurdo-oroshaza.hu\/ro\/wp-json\/wp\/v2\/pages\/25957"}],"collection":[{"href":"https:\/\/gyoparosfurdo-oroshaza.hu\/ro\/wp-json\/wp\/v2\/pages"}],"about":[{"href":"https:\/\/gyoparosfurdo-oroshaza.hu\/ro\/wp-json\/wp\/v2\/types\/page"}],"author":[{"embeddable":true,"href":"https:\/\/gyoparosfurdo-oroshaza.hu\/ro\/wp-json\/wp\/v2\/users\/6"}],"replies":[{"embeddable":true,"href":"https:\/\/gyoparosfurdo-oroshaza.hu\/ro\/wp-json\/wp\/v2\/comments?post=25957"}],"version-history":[{"count":0,"href":"https:\/\/gyoparosfurdo-oroshaza.hu\/ro\/wp-json\/wp\/v2\/pages\/25957\/revisions"}],"wp:attachment":[{"href":"https:\/\/gyoparosfurdo-oroshaza.hu\/ro\/wp-json\/wp\/v2\/media?parent=25957"}],"curies":[{"name":"wp","href":"https:\/\/api.w.org\/{rel}","templated":true}]}}