{"id":25906,"date":"2012-04-13T09:50:54","date_gmt":"2012-04-13T07:50:54","guid":{"rendered":"https:\/\/gyoparosfurdo-oroshaza.hu\/cazare"},"modified":"2012-04-13T09:50:54","modified_gmt":"2012-04-13T08:50:54","slug":"cazare","status":"publish","type":"page","link":"https:\/\/gyoparosfurdo-oroshaza.hu\/ro\/cazare","title":{"rendered":"Cazare"},"content":{"rendered":"<h2>Orosh\u00e1za \u0219i Gyop\u00e1rosf\u00fcrd\u0151 ofer\u0103 pentru vizitatorii sosi\u021bi \u00een ora\u0219 o gam\u0103 larg\u0103 de posibilit\u0103\u021bi de cazare diferite ca pre\u021b, esigen\u021be, servicii \u0219i localizare.<\/h2>\n","protected":false},"excerpt":{"rendered":"<p>Orosh\u00e1za \u0219i Gyop\u00e1rosf\u00fcrd\u0151 ofer\u0103 pentru vizitatorii sosi\u021bi \u00een ora\u0219 o gam\u0103 larg\u0103 de posibilit\u0103\u021bi de cazare diferite ca pre\u021b, esigen\u021be, servicii \u0219i localizare.<\/p>\n","protected":false},"author":6,"featured_media":0,"parent":0,"menu_order":3,"comment_status":"closed","ping_status":"closed","template":"t-lista-terkep-page.php","meta":[],"_links":{"self":[{"href":"https:\/\/gyoparosfurdo-oroshaza.hu\/ro\/wp-json\/wp\/v2\/pages\/25906"}],"collection":[{"href":"https:\/\/gyoparosfurdo-oroshaza.hu\/ro\/wp-json\/wp\/v2\/pages"}],"about":[{"href":"https:\/\/gyoparosfurdo-oroshaza.hu\/ro\/wp-json\/wp\/v2\/types\/page"}],"author":[{"embeddable":true,"href":"https:\/\/gyoparosfurdo-oroshaza.hu\/ro\/wp-json\/wp\/v2\/users\/6"}],"replies":[{"embeddable":true,"href":"https:\/\/gyoparosfurdo-oroshaza.hu\/ro\/wp-json\/wp\/v2\/comments?post=25906"}],"version-history":[{"count":0,"href":"https:\/\/gyoparosfurdo-oroshaza.hu\/ro\/wp-json\/wp\/v2\/pages\/25906\/revisions"}],"wp:attachment":[{"href":"https:\/\/gyoparosfurdo-oroshaza.hu\/ro\/wp-json\/wp\/v2\/media?parent=25906"}],"curies":[{"name":"wp","href":"https:\/\/api.w.org\/{rel}","templated":true}]}}