{"id":25885,"date":"2012-04-13T09:46:04","date_gmt":"2012-04-13T07:46:04","guid":{"rendered":"https:\/\/gyoparosfurdo-oroshaza.hu\/baile-de-agrement"},"modified":"2025-07-07T01:02:42","modified_gmt":"2025-07-06T23:02:42","slug":"baile-de-agrement","status":"publish","type":"page","link":"https:\/\/gyoparosfurdo-oroshaza.hu\/ro\/gyoparosfurdo\/baile-de-agrement","title":{"rendered":"Baile de agrement"},"content":{"rendered":"<h2>Am trecut la programul de toamn\u0103-iarn\u0103, a\u0219a c\u0103 din 15 septembrie vor fi deschise doar piscina termal\u0103 exterioar\u0103, piscina termal\u0103 interioar\u0103 \u0219i cabina de saun\u0103 de la parter. Baile de Agrement \u0219i Parcul de Saune sunt \u00ceNCHISE. <a href=\"https:\/\/gyoparosfurdo-oroshaza.hu\/ro\/stiri\/programul-de-functionare-si-informatii-pentru-toamna-2025\">Mai multe detalii<\/a>.<\/h2>\n\n<p>O suprafata mai mult de sase mii de metri patrati destinata numai pentru distractie, cu o vasta gama de elemente acvatice stau la dispozitia oaspetior dornici de odihna activa sau de un program petrecut impreuna cu cei dragi sau prieteni. Deschis pe tot parcursul anului, chiar si pana la miezul noptii.<\/p>\n<p>Zona de agrement in Baile Gyop\u00e1ros ofera petrecerea timpului liber intr-un mod placut independent de varsta, conditie fizica, sex sau chiar si de cunostiintele de inot. Atractiile pot fi de diferite tipuri: masaje pentru o relaxare perfecta a muschilor si pentru tratarea durerilor musculare sau de tip activant, miscand fiecare parte a corpului.<\/p>\n<p><a href=\"https:\/\/gyoparosfurdo-oroshaza.hu\/ro\/hirek\/20210617-elmenyfurdo-belteri-resze-zarva-marad\"><img loading=\"lazy\" src=\"https:\/\/gyoparosfurdo-oroshaza.hu\/wp-content\/uploads\/2021\/06\/zarva-ro.jpg\" alt=\"\" width=\"570\" height=\"229\" class=\"aligncenter size-full wp-image-23663\" \/><\/a><\/p>\n<p>Complexul, deschis pe tot parcursul anului, asteapta vizitatorii cu patru piscine interioare si trei piscine in aer liber. Centrul dispune si de doua tobogane uriase cu apa pentru amatorii de distractie. Tuburile de forma spirala pornesc de la inaltimea etajelor, dupa o cadere de forma cotita pot arunca atat pe adulti cat si pe cei pitici direct intr-o piscina interioara si una in aer liber, garantand satisfactia completa. Zona interioara cu o atmosfera placuta, cu grinzi din lemn, cu ferestre panoramice dispunde de piscine echipate cu diverse elemente de distractie: curs de apa, gheizer, jeturi de apa, dusuri gen ciuperca, dusuri la nivelul gatului, masaj cu apa, arici de apa si izvoare.<\/p>\n<p>Multimea elementelor de distractie pe o suprafata uriasa asigura posibilitati diverse de recreere si distractie absoluta pentru toate varstele.<\/p>\n<table>\n<tbody>\n<tr style=\"vertical-align: top;\">\n<td style=\"vertical-align: top;\"><a href=\"\/ro\/gyoparosfurdo\/panorama\"><img loading=\"lazy\" src=\"\/wp-content\/uploads\/2012\/04\/icon-360-mid.png\" width=\"63\" height=\"60\" \/><\/a><\/td>\n<td style=\"vertical-align: top; border: none;\"><a style=\"font-size: 16px; font-weight: bold;\" href=\"\/ro\/gyoparosfurdo\/panorama\">Imagini panoramice Gyop\u00e1rosf\u00fcrd\u0151<\/a><br \/>\nTururi virtuale \u00een complexul balnear prin fotografii panoramice de 360\u00b0<\/td>\n<\/tr>\n<\/tbody>\n<\/table>\n<h3>Galeria de foto<\/h3>\n\n<div class=\"ngg-galleryoverview\" id=\"ngg-gallery-2-25885\">\n\n\n\t\n\t<!-- Thumbnails -->\n\t\t\n\t<div id=\"ngg-image-1720\" class=\"ngg-gallery-thumbnail-box\"  >\n\t\t<div class=\"ngg-gallery-thumbnail\" >\n\t\t\t<a href=\"https:\/\/gyoparosfurdo-oroshaza.hu\/wp-content\/gallery\/elmenyfurdo\/gyoparosfurdo_elmenyfurdo_08.jpg\" title=\"Gyop\u00e1rosf\u00fcrd\u0151 \/ \u00c9lm\u00e9nyf\u00fcrd\u0151\" class=\"thickbox\" rel=\"set_2\" >\n\t\t\t\t\t\t\t\t<img title=\"Gyop\u00e1rosf\u00fcrd\u0151 \/ \u00c9lm\u00e9nyf\u00fcrd\u0151\" alt=\"Gyop\u00e1rosf\u00fcrd\u0151 \/ \u00c9lm\u00e9nyf\u00fcrd\u0151\" src=\"https:\/\/gyoparosfurdo-oroshaza.hu\/wp-content\/gallery\/elmenyfurdo\/thumbs\/thumbs_gyoparosfurdo_elmenyfurdo_08.jpg\" width=\"120\" height=\"95\" \/>\n\t\t\t\t\t\t\t<\/a>\n\t\t<\/div>\n\t<\/div>\n\t\n\t\t\n \t\t\n\t<div id=\"ngg-image-1730\" class=\"ngg-gallery-thumbnail-box\"  >\n\t\t<div class=\"ngg-gallery-thumbnail\" >\n\t\t\t<a href=\"https:\/\/gyoparosfurdo-oroshaza.hu\/wp-content\/gallery\/elmenyfurdo\/gyoparosfurdo_elmenyfurdo_14_0.jpg\" title=\"Gyop\u00e1rosf\u00fcrd\u0151 \/ \u00c9lm\u00e9nyf\u00fcrd\u0151\" class=\"thickbox\" rel=\"set_2\" >\n\t\t\t\t\t\t\t\t<img title=\"Gyop\u00e1rosf\u00fcrd\u0151 \/ \u00c9lm\u00e9nyf\u00fcrd\u0151\" alt=\"Gyop\u00e1rosf\u00fcrd\u0151 \/ \u00c9lm\u00e9nyf\u00fcrd\u0151\" src=\"https:\/\/gyoparosfurdo-oroshaza.hu\/wp-content\/gallery\/elmenyfurdo\/thumbs\/thumbs_gyoparosfurdo_elmenyfurdo_14_0.jpg\" width=\"120\" height=\"95\" \/>\n\t\t\t\t\t\t\t<\/a>\n\t\t<\/div>\n\t<\/div>\n\t\n\t\t\n \t\t\n\t<div id=\"ngg-image-1714\" class=\"ngg-gallery-thumbnail-box\"  >\n\t\t<div class=\"ngg-gallery-thumbnail\" >\n\t\t\t<a href=\"https:\/\/gyoparosfurdo-oroshaza.hu\/wp-content\/gallery\/elmenyfurdo\/gyoparosfurdo_elmenyfurdo_02.jpg\" title=\"Gyop\u00e1rosf\u00fcrd\u0151 \/ \u00c9lm\u00e9nyf\u00fcrd\u0151\" class=\"thickbox\" rel=\"set_2\" >\n\t\t\t\t\t\t\t\t<img title=\"Gyop\u00e1rosf\u00fcrd\u0151 \/ \u00c9lm\u00e9nyf\u00fcrd\u0151\" alt=\"Gyop\u00e1rosf\u00fcrd\u0151 \/ \u00c9lm\u00e9nyf\u00fcrd\u0151\" src=\"https:\/\/gyoparosfurdo-oroshaza.hu\/wp-content\/gallery\/elmenyfurdo\/thumbs\/thumbs_gyoparosfurdo_elmenyfurdo_02.jpg\" width=\"120\" height=\"95\" \/>\n\t\t\t\t\t\t\t<\/a>\n\t\t<\/div>\n\t<\/div>\n\t\n\t\t\n \t\t\n\t<div id=\"ngg-image-1713\" class=\"ngg-gallery-thumbnail-box\"  >\n\t\t<div class=\"ngg-gallery-thumbnail\" >\n\t\t\t<a href=\"https:\/\/gyoparosfurdo-oroshaza.hu\/wp-content\/gallery\/elmenyfurdo\/gyoparosfurdo_elmenyfurdo_01.jpg\" title=\"Gyop\u00e1rosf\u00fcrd\u0151 \/ \u00c9lm\u00e9nyf\u00fcrd\u0151\" class=\"thickbox\" rel=\"set_2\" >\n\t\t\t\t\t\t\t\t<img title=\"Gyop\u00e1rosf\u00fcrd\u0151 \/ \u00c9lm\u00e9nyf\u00fcrd\u0151\" alt=\"Gyop\u00e1rosf\u00fcrd\u0151 \/ \u00c9lm\u00e9nyf\u00fcrd\u0151\" src=\"https:\/\/gyoparosfurdo-oroshaza.hu\/wp-content\/gallery\/elmenyfurdo\/thumbs\/thumbs_gyoparosfurdo_elmenyfurdo_01.jpg\" width=\"120\" height=\"95\" \/>\n\t\t\t\t\t\t\t<\/a>\n\t\t<\/div>\n\t<\/div>\n\t\n\t\t\n \t\t\n\t<div id=\"ngg-image-1729\" class=\"ngg-gallery-thumbnail-box\"  >\n\t\t<div class=\"ngg-gallery-thumbnail\" >\n\t\t\t<a href=\"https:\/\/gyoparosfurdo-oroshaza.hu\/wp-content\/gallery\/elmenyfurdo\/gyoparosfurdo_elmenyfurdo_17.jpg\" title=\"Gyop\u00e1rosf\u00fcrd\u0151 \/ \u00c9lm\u00e9nyf\u00fcrd\u0151\" class=\"thickbox\" rel=\"set_2\" >\n\t\t\t\t\t\t\t\t<img title=\"Gyop\u00e1rosf\u00fcrd\u0151 \/ \u00c9lm\u00e9nyf\u00fcrd\u0151\" alt=\"Gyop\u00e1rosf\u00fcrd\u0151 \/ \u00c9lm\u00e9nyf\u00fcrd\u0151\" src=\"https:\/\/gyoparosfurdo-oroshaza.hu\/wp-content\/gallery\/elmenyfurdo\/thumbs\/thumbs_gyoparosfurdo_elmenyfurdo_17.jpg\" width=\"120\" height=\"95\" \/>\n\t\t\t\t\t\t\t<\/a>\n\t\t<\/div>\n\t<\/div>\n\t\n\t\t\n \t\t\n\t<div id=\"ngg-image-1721\" class=\"ngg-gallery-thumbnail-box\"  >\n\t\t<div class=\"ngg-gallery-thumbnail\" >\n\t\t\t<a href=\"https:\/\/gyoparosfurdo-oroshaza.hu\/wp-content\/gallery\/elmenyfurdo\/gyoparosfurdo_elmenyfurdo_09.jpg\" title=\"Gyop\u00e1rosf\u00fcrd\u0151 \/ \u00c9lm\u00e9nyf\u00fcrd\u0151\" class=\"thickbox\" rel=\"set_2\" >\n\t\t\t\t\t\t\t\t<img title=\"Gyop\u00e1rosf\u00fcrd\u0151 \/ \u00c9lm\u00e9nyf\u00fcrd\u0151\" alt=\"Gyop\u00e1rosf\u00fcrd\u0151 \/ \u00c9lm\u00e9nyf\u00fcrd\u0151\" src=\"https:\/\/gyoparosfurdo-oroshaza.hu\/wp-content\/gallery\/elmenyfurdo\/thumbs\/thumbs_gyoparosfurdo_elmenyfurdo_09.jpg\" width=\"120\" height=\"95\" \/>\n\t\t\t\t\t\t\t<\/a>\n\t\t<\/div>\n\t<\/div>\n\t\n\t\t\n \t\t\n\t<div id=\"ngg-image-1725\" class=\"ngg-gallery-thumbnail-box\"  >\n\t\t<div class=\"ngg-gallery-thumbnail\" >\n\t\t\t<a href=\"https:\/\/gyoparosfurdo-oroshaza.hu\/wp-content\/gallery\/elmenyfurdo\/gyoparosfurdo_elmenyfurdo_13.jpg\" title=\"Gyop\u00e1rosf\u00fcrd\u0151 \/ \u00c9lm\u00e9nyf\u00fcrd\u0151\" class=\"thickbox\" rel=\"set_2\" >\n\t\t\t\t\t\t\t\t<img title=\"Gyop\u00e1rosf\u00fcrd\u0151 \/ \u00c9lm\u00e9nyf\u00fcrd\u0151\" alt=\"Gyop\u00e1rosf\u00fcrd\u0151 \/ \u00c9lm\u00e9nyf\u00fcrd\u0151\" src=\"https:\/\/gyoparosfurdo-oroshaza.hu\/wp-content\/gallery\/elmenyfurdo\/thumbs\/thumbs_gyoparosfurdo_elmenyfurdo_13.jpg\" width=\"120\" height=\"95\" \/>\n\t\t\t\t\t\t\t<\/a>\n\t\t<\/div>\n\t<\/div>\n\t\n\t\t\n \t\t\n\t<div id=\"ngg-image-1727\" class=\"ngg-gallery-thumbnail-box\"  >\n\t\t<div class=\"ngg-gallery-thumbnail\" >\n\t\t\t<a href=\"https:\/\/gyoparosfurdo-oroshaza.hu\/wp-content\/gallery\/elmenyfurdo\/gyoparosfurdo_elmenyfurdo_15.jpg\" title=\"Gyop\u00e1rosf\u00fcrd\u0151 \/ \u00c9lm\u00e9nyf\u00fcrd\u0151\" class=\"thickbox\" rel=\"set_2\" >\n\t\t\t\t\t\t\t\t<img title=\"Gyop\u00e1rosf\u00fcrd\u0151 \/ \u00c9lm\u00e9nyf\u00fcrd\u0151\" alt=\"Gyop\u00e1rosf\u00fcrd\u0151 \/ \u00c9lm\u00e9nyf\u00fcrd\u0151\" src=\"https:\/\/gyoparosfurdo-oroshaza.hu\/wp-content\/gallery\/elmenyfurdo\/thumbs\/thumbs_gyoparosfurdo_elmenyfurdo_15.jpg\" width=\"120\" height=\"95\" \/>\n\t\t\t\t\t\t\t<\/a>\n\t\t<\/div>\n\t<\/div>\n\t\n\t\t\n \t\t\n\t<div id=\"ngg-image-1718\" class=\"ngg-gallery-thumbnail-box\"  >\n\t\t<div class=\"ngg-gallery-thumbnail\" >\n\t\t\t<a href=\"https:\/\/gyoparosfurdo-oroshaza.hu\/wp-content\/gallery\/elmenyfurdo\/gyoparosfurdo_elmenyfurdo_06.jpg\" title=\"Gyop\u00e1rosf\u00fcrd\u0151 \/ \u00c9lm\u00e9nyf\u00fcrd\u0151\" class=\"thickbox\" rel=\"set_2\" >\n\t\t\t\t\t\t\t\t<img title=\"Gyop\u00e1rosf\u00fcrd\u0151 \/ \u00c9lm\u00e9nyf\u00fcrd\u0151\" alt=\"Gyop\u00e1rosf\u00fcrd\u0151 \/ \u00c9lm\u00e9nyf\u00fcrd\u0151\" src=\"https:\/\/gyoparosfurdo-oroshaza.hu\/wp-content\/gallery\/elmenyfurdo\/thumbs\/thumbs_gyoparosfurdo_elmenyfurdo_06.jpg\" width=\"120\" height=\"95\" \/>\n\t\t\t\t\t\t\t<\/a>\n\t\t<\/div>\n\t<\/div>\n\t\n\t\t\n \t\t\n\t<div id=\"ngg-image-1715\" class=\"ngg-gallery-thumbnail-box\"  >\n\t\t<div class=\"ngg-gallery-thumbnail\" >\n\t\t\t<a href=\"https:\/\/gyoparosfurdo-oroshaza.hu\/wp-content\/gallery\/elmenyfurdo\/gyoparosfurdo_elmenyfurdo_03.jpg\" title=\"Gyop\u00e1rosf\u00fcrd\u0151 \/ \u00c9lm\u00e9nyf\u00fcrd\u0151\" class=\"thickbox\" rel=\"set_2\" >\n\t\t\t\t\t\t\t\t<img title=\"Gyop\u00e1rosf\u00fcrd\u0151 \/ \u00c9lm\u00e9nyf\u00fcrd\u0151\" alt=\"Gyop\u00e1rosf\u00fcrd\u0151 \/ \u00c9lm\u00e9nyf\u00fcrd\u0151\" src=\"https:\/\/gyoparosfurdo-oroshaza.hu\/wp-content\/gallery\/elmenyfurdo\/thumbs\/thumbs_gyoparosfurdo_elmenyfurdo_03.jpg\" width=\"120\" height=\"95\" \/>\n\t\t\t\t\t\t\t<\/a>\n\t\t<\/div>\n\t<\/div>\n\t\n\t\t\n \t\t\n\t<div id=\"ngg-image-1728\" class=\"ngg-gallery-thumbnail-box\"  >\n\t\t<div class=\"ngg-gallery-thumbnail\" >\n\t\t\t<a href=\"https:\/\/gyoparosfurdo-oroshaza.hu\/wp-content\/gallery\/elmenyfurdo\/gyoparosfurdo_elmenyfurdo_16.jpg\" title=\"Gyop\u00e1rosf\u00fcrd\u0151 \/ \u00c9lm\u00e9nyf\u00fcrd\u0151\" class=\"thickbox\" rel=\"set_2\" >\n\t\t\t\t\t\t\t\t<img title=\"Gyop\u00e1rosf\u00fcrd\u0151 \/ \u00c9lm\u00e9nyf\u00fcrd\u0151\" alt=\"Gyop\u00e1rosf\u00fcrd\u0151 \/ \u00c9lm\u00e9nyf\u00fcrd\u0151\" src=\"https:\/\/gyoparosfurdo-oroshaza.hu\/wp-content\/gallery\/elmenyfurdo\/thumbs\/thumbs_gyoparosfurdo_elmenyfurdo_16.jpg\" width=\"120\" height=\"95\" \/>\n\t\t\t\t\t\t\t<\/a>\n\t\t<\/div>\n\t<\/div>\n\t\n\t\t\n \t\t\n\t<div id=\"ngg-image-1719\" class=\"ngg-gallery-thumbnail-box\"  >\n\t\t<div class=\"ngg-gallery-thumbnail\" >\n\t\t\t<a href=\"https:\/\/gyoparosfurdo-oroshaza.hu\/wp-content\/gallery\/elmenyfurdo\/gyoparosfurdo_elmenyfurdo_07.jpg\" title=\"Gyop\u00e1rosf\u00fcrd\u0151 \/ \u00c9lm\u00e9nyf\u00fcrd\u0151\" class=\"thickbox\" rel=\"set_2\" >\n\t\t\t\t\t\t\t\t<img title=\"Gyop\u00e1rosf\u00fcrd\u0151 \/ \u00c9lm\u00e9nyf\u00fcrd\u0151\" alt=\"Gyop\u00e1rosf\u00fcrd\u0151 \/ \u00c9lm\u00e9nyf\u00fcrd\u0151\" src=\"https:\/\/gyoparosfurdo-oroshaza.hu\/wp-content\/gallery\/elmenyfurdo\/thumbs\/thumbs_gyoparosfurdo_elmenyfurdo_07.jpg\" width=\"120\" height=\"95\" \/>\n\t\t\t\t\t\t\t<\/a>\n\t\t<\/div>\n\t<\/div>\n\t\n\t\t\n \t\t\n\t<div id=\"ngg-image-1731\" class=\"ngg-gallery-thumbnail-box\"  >\n\t\t<div class=\"ngg-gallery-thumbnail\" >\n\t\t\t<a href=\"https:\/\/gyoparosfurdo-oroshaza.hu\/wp-content\/gallery\/elmenyfurdo\/gyoparosfurdo_elmenyfurdo_10_0.jpg\" title=\"Gyop\u00e1rosf\u00fcrd\u0151 \/ \u00c9lm\u00e9nyf\u00fcrd\u0151\" class=\"thickbox\" rel=\"set_2\" >\n\t\t\t\t\t\t\t\t<img title=\"Gyop\u00e1rosf\u00fcrd\u0151 \/ \u00c9lm\u00e9nyf\u00fcrd\u0151\" alt=\"Gyop\u00e1rosf\u00fcrd\u0151 \/ \u00c9lm\u00e9nyf\u00fcrd\u0151\" src=\"https:\/\/gyoparosfurdo-oroshaza.hu\/wp-content\/gallery\/elmenyfurdo\/thumbs\/thumbs_gyoparosfurdo_elmenyfurdo_10_0.jpg\" width=\"120\" height=\"95\" \/>\n\t\t\t\t\t\t\t<\/a>\n\t\t<\/div>\n\t<\/div>\n\t\n\t\t\n \t\t\n\t<div id=\"ngg-image-1723\" class=\"ngg-gallery-thumbnail-box\"  >\n\t\t<div class=\"ngg-gallery-thumbnail\" >\n\t\t\t<a href=\"https:\/\/gyoparosfurdo-oroshaza.hu\/wp-content\/gallery\/elmenyfurdo\/gyoparosfurdo_elmenyfurdo_11.jpg\" title=\"Gyop\u00e1rosf\u00fcrd\u0151 \/ \u00c9lm\u00e9nyf\u00fcrd\u0151\" class=\"thickbox\" rel=\"set_2\" >\n\t\t\t\t\t\t\t\t<img title=\"Gyop\u00e1rosf\u00fcrd\u0151 \/ \u00c9lm\u00e9nyf\u00fcrd\u0151\" alt=\"Gyop\u00e1rosf\u00fcrd\u0151 \/ \u00c9lm\u00e9nyf\u00fcrd\u0151\" src=\"https:\/\/gyoparosfurdo-oroshaza.hu\/wp-content\/gallery\/elmenyfurdo\/thumbs\/thumbs_gyoparosfurdo_elmenyfurdo_11.jpg\" width=\"120\" height=\"95\" \/>\n\t\t\t\t\t\t\t<\/a>\n\t\t<\/div>\n\t<\/div>\n\t\n\t\t\n \t\t\n\t<div id=\"ngg-image-1716\" class=\"ngg-gallery-thumbnail-box\"  >\n\t\t<div class=\"ngg-gallery-thumbnail\" >\n\t\t\t<a href=\"https:\/\/gyoparosfurdo-oroshaza.hu\/wp-content\/gallery\/elmenyfurdo\/gyoparosfurdo_elmenyfurdo_04.jpg\" title=\"Gyop\u00e1rosf\u00fcrd\u0151 \/ \u00c9lm\u00e9nyf\u00fcrd\u0151\" class=\"thickbox\" rel=\"set_2\" >\n\t\t\t\t\t\t\t\t<img title=\"Gyop\u00e1rosf\u00fcrd\u0151 \/ \u00c9lm\u00e9nyf\u00fcrd\u0151\" alt=\"Gyop\u00e1rosf\u00fcrd\u0151 \/ \u00c9lm\u00e9nyf\u00fcrd\u0151\" src=\"https:\/\/gyoparosfurdo-oroshaza.hu\/wp-content\/gallery\/elmenyfurdo\/thumbs\/thumbs_gyoparosfurdo_elmenyfurdo_04.jpg\" width=\"120\" height=\"95\" \/>\n\t\t\t\t\t\t\t<\/a>\n\t\t<\/div>\n\t<\/div>\n\t\n\t\t\n \t\t\n\t<div id=\"ngg-image-1717\" class=\"ngg-gallery-thumbnail-box\"  >\n\t\t<div class=\"ngg-gallery-thumbnail\" >\n\t\t\t<a href=\"https:\/\/gyoparosfurdo-oroshaza.hu\/wp-content\/gallery\/elmenyfurdo\/gyoparosfurdo_elmenyfurdo_05.jpg\" title=\"Gyop\u00e1rosf\u00fcrd\u0151 \/ \u00c9lm\u00e9nyf\u00fcrd\u0151\" class=\"thickbox\" rel=\"set_2\" >\n\t\t\t\t\t\t\t\t<img title=\"Gyop\u00e1rosf\u00fcrd\u0151 \/ \u00c9lm\u00e9nyf\u00fcrd\u0151\" alt=\"Gyop\u00e1rosf\u00fcrd\u0151 \/ \u00c9lm\u00e9nyf\u00fcrd\u0151\" src=\"https:\/\/gyoparosfurdo-oroshaza.hu\/wp-content\/gallery\/elmenyfurdo\/thumbs\/thumbs_gyoparosfurdo_elmenyfurdo_05.jpg\" width=\"120\" height=\"95\" \/>\n\t\t\t\t\t\t\t<\/a>\n\t\t<\/div>\n\t<\/div>\n\t\n\t\t\n \t \t\n\t<!-- Pagination -->\n \t<div class='ngg-clear'><\/div>\n \t\n<\/div>\n\n\n<div class=\"kapcsolodo_tartalom\"><h3>Legate de con\u021binut<\/h3><ul class=\"custom_menu\"><li class=\"page_item page-item-25902\"><a title=\"B\u0103ile termale\" href=\"https:\/\/gyoparosfurdo-oroshaza.hu\/ro\/gyoparosfurdo\/baile-termale\">B\u0103ile termale<\/a><\/li><li class=\"page_item page-item-26174\"><a title=\"Complexul de saune\" href=\"https:\/\/gyoparosfurdo-oroshaza.hu\/ro\/gyoparosfurdo\/complexul-de-saune\">Complexul de saune<\/a><\/li><li class=\"page_item page-item-26256\"><a title=\"Regulament de ordine interioar\u0103\" href=\"https:\/\/gyoparosfurdo-oroshaza.hu\/ro\/gyoparosfurdo\/complexul-de-saune\/regulament-de-ordine-interioara\">Regulament de ordine interioar\u0103<\/a><\/li><li class=\"page_item page-item-26269\"><a title=\"Modul corect de a face saun\u0103\" href=\"https:\/\/gyoparosfurdo-oroshaza.hu\/ro\/gyoparosfurdo\/complexul-de-saune\/modul-corect-de-a-face-sauna\">Modul corect de a face saun\u0103<\/a><\/li><li class=\"page_item page-item-26252\"><a title=\"Cultura de saun\u0103\" href=\"https:\/\/gyoparosfurdo-oroshaza.hu\/ro\/gyoparosfurdo\/complexul-de-saune\/cultura-de-sauna\">Cultura de saun\u0103<\/a><\/li><li class=\"page_item page-item-26280\"><a title=\"Gyop\u00e1rosf\u00fcrd\u0151 \u2013 J\u00e1t\u00e9kkuck\u00f3 \u2013 loc de joac\u0103 pentru copii\" href=\"https:\/\/gyoparosfurdo-oroshaza.hu\/ro\/gyoparosfurdo\/gyoparosfurdo-jatekkucko-loc-de-joaca-pentru-copii\">Gyop\u00e1rosf\u00fcrd\u0151 \u2013 J\u00e1t\u00e9kkuck\u00f3 \u2013 loc de joac\u0103 pentru copii<\/a><\/li><\/ul><ul class=\"custom_menu\"><li class=\"page_item page-item-26345\"><a title=\"Gyop\u00e1rosf\u00fcrd\u0151 \u2013 sta\u021biune balnear\u0103\" href=\"https:\/\/gyoparosfurdo-oroshaza.hu\/ro\/gyoparosfurdo\/gyoparosfurdo-statiune-balneara\">Gyop\u00e1rosf\u00fcrd\u0151 \u2013 sta\u021biune balnear\u0103<\/a><\/li><li class=\"page_item page-item-26359\"><a title=\"Gyop\u00e1rosf\u00fcrd\u0151 panorama\" href=\"https:\/\/gyoparosfurdo-oroshaza.hu\/ro\/gyoparosfurdo\/gyoparosfurdo-panorama\">Gyop\u00e1rosf\u00fcrd\u0151 panorama<\/a><\/li><li class=\"page_item page-item-25881\"><a title=\"Istorie\" href=\"https:\/\/gyoparosfurdo-oroshaza.hu\/ro\/gyoparosfurdo\/istorie\">Istorie<\/a><\/li><li class=\"page_item page-item-26404\"><a title=\"Masaje\" href=\"https:\/\/gyoparosfurdo-oroshaza.hu\/ro\/gyoparosfurdo\/masaje\">Masaje<\/a><\/li><li class=\"page_item page-item-25997\"><a title=\"Orar\" href=\"https:\/\/gyoparosfurdo-oroshaza.hu\/ro\/gyoparosfurdo\/orar\">Orar<\/a><\/li><li class=\"page_item page-item-26493\"><a title=\"Parcare\" href=\"https:\/\/gyoparosfurdo-oroshaza.hu\/ro\/gyoparosfurdo\/parcare\">Parcare<\/a><\/li><\/ul><ul class=\"custom_menu\"><li class=\"page_item page-item-25898\"><a title=\"Parcul si strandul\" href=\"https:\/\/gyoparosfurdo-oroshaza.hu\/ro\/gyoparosfurdo\/parcul-si-strandul\">Parcul si strandul<\/a><\/li><li class=\"page_item page-item-26273\"><a title=\"Seans de saun\u0103\" href=\"https:\/\/gyoparosfurdo-oroshaza.hu\/ro\/gyoparosfurdo\/seans-de-sauna\">Seans de saun\u0103<\/a><\/li><li class=\"page_item page-item-25974\"><a title=\"Tarife\" href=\"https:\/\/gyoparosfurdo-oroshaza.hu\/ro\/gyoparosfurdo\/tarife\">Tarife<\/a><\/li><li class=\"page_item page-item-26329\"><a title=\"Video spoturi\" href=\"https:\/\/gyoparosfurdo-oroshaza.hu\/ro\/gyoparosfurdo\/video-spoturi\">Video spoturi<\/a><\/li><li class=\"page_item page-item-26152\"><a title=\"Wellness\" href=\"https:\/\/gyoparosfurdo-oroshaza.hu\/ro\/gyoparosfurdo\/wellness\">Wellness<\/a><\/li><\/ul><br class=\"clear\" \/><\/div>\n<div class=\"topten_slider_title\"><span class=\"h3\">Programe Top<\/span><a href=\"https:\/\/gyoparosfurdo-oroshaza.hu\/ro\/programe\" title=\"Programe \u00bb\">Programe \u00bb<\/a><\/div><div class=\"topten_container topten_slider\" id=\"topten_slider\"><ul class=\"topten_inner\"><li class=\"topten_item\" data-id=\"tsi_1\"><a href=\"\/ro\/programe\/pentru-fotografi\" title=\"Pentru fotografi\" class=\"topten_link\" style=\"background: url(\/wp-content\/uploads\/2012\/05\/fotosoknak-top-programok-gyoparosfurdon.jpg) top left no-repeat;\"><span class=\"title\">Pentru fotografi<\/span><\/a><a href=\"\/ro\/programe\/in-timp-de-iarna\" title=\"In timp de iarna \" class=\"topten_link\" style=\"background: url(\/wp-content\/uploads\/2012\/05\/telen-top-programok-gyoparosfurdon.jpg) top left no-repeat;\"><span class=\"title\">In timp de iarna <\/span><\/a><a href=\"\/ro\/programe\/pentru-familii\" title=\"Pentru familii\" class=\"topten_link\" style=\"background: url(\/wp-content\/uploads\/2012\/05\/csaladosoknak-top-programok-gyoparosfurdon.jpg) top left no-repeat;\"><span class=\"title\">Pentru familii<\/span><\/a><a href=\"\/ro\/programe\/pentru-cupluri\" title=\"Pentru cupluri\" class=\"topten_link\" style=\"background: url(\/wp-content\/uploads\/2012\/05\/paroknak-top-programok-gyoparosfurdon.jpg) top left no-repeat;\"><span class=\"title\">Pentru cupluri<\/span><\/a><a href=\"\/ro\/programe\/pentru-o-singura-zi\" title=\"O singura zi\" class=\"topten_link\" style=\"background: url(\/wp-content\/uploads\/2012\/05\/1-napra-top-programok-gyoparosfurdon.jpg) top left no-repeat;\"><span class=\"title\">O singura zi<\/span><\/a><a href=\"\/ro\/programe\/pentru-biciclisti\" title=\"Pentru biciclisti\" class=\"topten_link\" style=\"background: url(\/wp-content\/uploads\/2012\/05\/kerekparosoknak-top-programok-gyoparosfurdon.jpg) top left no-repeat;\"><span class=\"title\">Pentru biciclisti<\/span><\/a><\/li><li class=\"topten_item\" data-id=\"tsi_2\"><a href=\"\/ro\/programe\/programe-pentru-un-week-end\" title=\"Un week-end\" class=\"topten_link\" style=\"background: url(\/wp-content\/uploads\/2012\/05\/hetvegere-top-programok-gyoparosfurdon.jpg) top left no-repeat;\"><span class=\"title\">Un week-end<\/span><\/a><a href=\"\/ro\/programe\/in-timp-de-vara\" title=\"In timp de vara\" class=\"topten_link\" style=\"background: url(\/wp-content\/uploads\/2012\/05\/nyaron-top-programok-gyoparosfurdon.jpg) top left no-repeat;\"><span class=\"title\">In timp de vara<\/span><\/a><a href=\"\/ro\/programe\/tineri\" title=\"Pentru tineri\" class=\"topten_link\" style=\"background: url(\/wp-content\/uploads\/2012\/05\/fiataloknak-top-programok-gyoparosfurdon.jpg) top left no-repeat;\"><span class=\"title\">Pentru tineri<\/span><\/a><a href=\"\/ro\/programe\/pentru-amatori-de-sport\" title=\"Amatori de sport\" class=\"topten_link\" style=\"background: url(\/wp-content\/uploads\/2012\/05\/sportbaratoknak-top-programok-gyoparosfurdon.jpg) top left no-repeat;\"><span class=\"title\">Amatori de sport<\/span><\/a><a href=\"\/ro\/programe\/cu-masina\" title=\"Cu masina\" class=\"topten_link\" style=\"background: url(\/wp-content\/uploads\/2012\/05\/autoval-top-programok-gyoparosfurdon.jpg) top left no-repeat;\"><span class=\"title\">Cu masina<\/span><\/a><a href=\"\/ro\/programe\/pentru-amatori-de-cultura\" title=\"Amatori de cultura\" class=\"topten_link\" style=\"background: url(\/wp-content\/uploads\/2012\/05\/kulturabaratoknak-top-programok-gyoparosfurdon.jpg) top left no-repeat;\"><span class=\"title\">Amatori de cultura<\/span><\/a><\/li><li class=\"topten_item\" data-id=\"tsi_3\"><a href=\"\/ro\/programe\/pentru-o-singura-saptamana\" title=\"Saptamana\" class=\"topten_link\" style=\"background: url(\/wp-content\/uploads\/2012\/05\/1-hetre-top-programok-gyoparosfurdon.jpg) top left no-repeat;\"><span class=\"title\">Saptamana<\/span><\/a><a href=\"\/ro\/programe\/pentru-pescatori\" title=\"Pentru pescatori \" class=\"topten_link\" style=\"background: url(\/wp-content\/uploads\/2012\/05\/horgaszoknak-top-programok-gyoparosfurdon.jpg) top left no-repeat;\"><span class=\"title\">Pentru pescatori <\/span><\/a><\/ul><div class=\"lapozobox\"><span id=\"lprev\"><\/span><span id=\"lnext\"><\/span><span id=\"ts_1\" class=\"active\"><\/span><span id=\"ts_2\" ><\/span><span id=\"ts_3\" ><\/span><\/div><\/div>\n","protected":false},"excerpt":{"rendered":"<p>O suprafata mai mult de sase mii de metri patrati destinata numai pentru distractie, cu o vasta gama de elemente acvatice stau la dispozitia oaspetior dornici de odihna activa sau de un program petrecut impreuna cu cei dragi sau prieteni. &hellip; <a href=\"https:\/\/gyoparosfurdo-oroshaza.hu\/ro\/gyoparosfurdo\/baile-de-agrement\">Folytat\u00e1s <span class=\"meta-nav\">&rarr;<\/span><\/a><\/p>\n","protected":false},"author":6,"featured_media":0,"parent":25877,"menu_order":0,"comment_status":"closed","ping_status":"closed","template":"","meta":[],"_links":{"self":[{"href":"https:\/\/gyoparosfurdo-oroshaza.hu\/ro\/wp-json\/wp\/v2\/pages\/25885"}],"collection":[{"href":"https:\/\/gyoparosfurdo-oroshaza.hu\/ro\/wp-json\/wp\/v2\/pages"}],"about":[{"href":"https:\/\/gyoparosfurdo-oroshaza.hu\/ro\/wp-json\/wp\/v2\/types\/page"}],"author":[{"embeddable":true,"href":"https:\/\/gyoparosfurdo-oroshaza.hu\/ro\/wp-json\/wp\/v2\/users\/6"}],"replies":[{"embeddable":true,"href":"https:\/\/gyoparosfurdo-oroshaza.hu\/ro\/wp-json\/wp\/v2\/comments?post=25885"}],"version-history":[{"count":14,"href":"https:\/\/gyoparosfurdo-oroshaza.hu\/ro\/wp-json\/wp\/v2\/pages\/25885\/revisions"}],"predecessor-version":[{"id":39529,"href":"https:\/\/gyoparosfurdo-oroshaza.hu\/ro\/wp-json\/wp\/v2\/pages\/25885\/revisions\/39529"}],"up":[{"embeddable":true,"href":"https:\/\/gyoparosfurdo-oroshaza.hu\/ro\/wp-json\/wp\/v2\/pages\/25877"}],"wp:attachment":[{"href":"https:\/\/gyoparosfurdo-oroshaza.hu\/ro\/wp-json\/wp\/v2\/media?parent=25885"}],"curies":[{"name":"wp","href":"https:\/\/api.w.org\/{rel}","templated":true}]}}