{"id":25881,"date":"2012-04-13T09:34:50","date_gmt":"2012-04-13T07:34:50","guid":{"rendered":"https:\/\/gyoparosfurdo-oroshaza.hu\/istorie"},"modified":"2012-04-13T09:34:50","modified_gmt":"2012-04-13T08:34:50","slug":"istorie","status":"publish","type":"page","link":"https:\/\/gyoparosfurdo-oroshaza.hu\/ro\/gyoparosfurdo\/istorie","title":{"rendered":"Istorie"},"content":{"rendered":"<h2>Cum a devenit o fosta gradina de legume si o livada unul dintre cele mai preferate centre balneare din zona Campiei si din intreaga tara? <\/h2>\n<p>Componentii de baza au fost: mai mult de 150 de ani, cateva cetateni decisi, lucru creativ si dorinta de a se dezvolta in mod continu. <\/p>\n<p>In timp ce istoria Bailor Gyop\u00e1ros se intinde pe o durata de aproape doua secoli, pana la sfarsitul anilor 1860, istoria localitatii se intinde pe o durata si mai lunga. Gyop\u00e1rhalma a devenit locuinta cetatenilor insaraciti, vechile documente atesteaza ca anul fondarii in 1846.  Lacul din Gyop\u00e1ros a atras interesul oamenilor din cele mai vechi timpuri. Atunci din motive practice si nu din placeri ca si in zilele noastre. La inceput locuitorii au folosit lacul pentru a inmuia cinepa si pentru baie la cai, in urma au descoperit calitatile curative ale apei. <\/p>\n<p><img loading=\"lazy\" src=\"\/wp-content\/uploads\/2012\/04\/ill_tortenelem.jpg\" alt=\"Gyop\u00e1rosf\u00fcrd\u0151 XIX.\" title=\"Gyop\u00e1rosf\u00fcrd\u0151 XIX.\" width=\"580\" height=\"178\" class=\"aligncenter\" \/><\/p>\n<p>Pe baza propunerii unui medic local dr Elek L\u00e1szl\u00f3 s-au intreprins initiative si proiecte pentru construirea baii, lucrari au luat inceput in anul 1869. Un deceniu mai tarziu strandul amenajat pe partea de sud a lacului a devenit o destinatie populara, visitata si de turisti din zonele indepartate a tarii. In acelas timp apa lacului a fost analizat si calitatea curativa a apei a fost constatata in mod oficial. <\/p>\n<p>Gyop\u00e1ros trecuse prin momente grele, in urma anilor cu pauza in dezvoltari si investitii, primul deceniu al secolului 20 a adus din nou dezvoltare. Conducerea orasului a descoperit din nou posibilitatile oferite de bai, in plus a fost construita calea ferata intre orasul Orosh\u00e1za si Szentes, aceasta linie a fost deschisa pentru trafic in 1906. Accesul la Gyop\u00e1ros a fost rezolvat. Aceasta perioada de dezvoltare a fost intrerupta de cele doua razboaie mondiale si de greutatile anilor urmatoare.<\/p>\n<p>Investitiile au fost reincepute in 1958, dezvoltarea de atunci este continu. Ca rezultat in zilele noastre Baile Gyop\u00e1ros este un centru balnear si de agrement cu strand de nivel european, o destinatie populara pentru amatorii de wellness. <\/p>\n<h3>Galeria de foto<\/h3>\n\n<div class=\"ngg-galleryoverview\" id=\"ngg-gallery-6-25881\">\n\n\n\t\n\t<!-- Thumbnails -->\n\t\t\n\t<div id=\"ngg-image-33\" class=\"ngg-gallery-thumbnail-box\"  >\n\t\t<div class=\"ngg-gallery-thumbnail\" >\n\t\t\t<a href=\"https:\/\/gyoparosfurdo-oroshaza.hu\/wp-content\/gallery\/tortenelem\/tortenelem_1.jpg\" title=\"T\u00f6rt\u00e9nelem - Gyop\u00e1rosf\u00fcrd\u0151\" class=\"thickbox\" rel=\"set_6\" >\n\t\t\t\t\t\t\t\t<img title=\"T\u00f6rt\u00e9nelem - Gyop\u00e1rosf\u00fcrd\u0151\" alt=\"T\u00f6rt\u00e9nelem - Gyop\u00e1rosf\u00fcrd\u0151\" src=\"https:\/\/gyoparosfurdo-oroshaza.hu\/wp-content\/gallery\/tortenelem\/thumbs\/thumbs_tortenelem_1.jpg\" width=\"120\" height=\"95\" \/>\n\t\t\t\t\t\t\t<\/a>\n\t\t<\/div>\n\t<\/div>\n\t\n\t\t\n \t\t\n\t<div id=\"ngg-image-34\" class=\"ngg-gallery-thumbnail-box\"  >\n\t\t<div class=\"ngg-gallery-thumbnail\" >\n\t\t\t<a href=\"https:\/\/gyoparosfurdo-oroshaza.hu\/wp-content\/gallery\/tortenelem\/tortenelem_2.jpg\" title=\"T\u00f6rt\u00e9nelem - Gyop\u00e1rosf\u00fcrd\u0151\" class=\"thickbox\" rel=\"set_6\" >\n\t\t\t\t\t\t\t\t<img title=\"T\u00f6rt\u00e9nelem - Gyop\u00e1rosf\u00fcrd\u0151\" alt=\"T\u00f6rt\u00e9nelem - Gyop\u00e1rosf\u00fcrd\u0151\" src=\"https:\/\/gyoparosfurdo-oroshaza.hu\/wp-content\/gallery\/tortenelem\/thumbs\/thumbs_tortenelem_2.jpg\" width=\"120\" height=\"95\" \/>\n\t\t\t\t\t\t\t<\/a>\n\t\t<\/div>\n\t<\/div>\n\t\n\t\t\n \t\t\n\t<div id=\"ngg-image-35\" class=\"ngg-gallery-thumbnail-box\"  >\n\t\t<div class=\"ngg-gallery-thumbnail\" >\n\t\t\t<a href=\"https:\/\/gyoparosfurdo-oroshaza.hu\/wp-content\/gallery\/tortenelem\/tortenelem_3.jpg\" title=\"T\u00f6rt\u00e9nelem - Gyop\u00e1rosf\u00fcrd\u0151\" class=\"thickbox\" rel=\"set_6\" >\n\t\t\t\t\t\t\t\t<img title=\"T\u00f6rt\u00e9nelem - Gyop\u00e1rosf\u00fcrd\u0151\" alt=\"T\u00f6rt\u00e9nelem - Gyop\u00e1rosf\u00fcrd\u0151\" src=\"https:\/\/gyoparosfurdo-oroshaza.hu\/wp-content\/gallery\/tortenelem\/thumbs\/thumbs_tortenelem_3.jpg\" width=\"120\" height=\"95\" \/>\n\t\t\t\t\t\t\t<\/a>\n\t\t<\/div>\n\t<\/div>\n\t\n\t\t\n \t\t\n\t<div id=\"ngg-image-36\" class=\"ngg-gallery-thumbnail-box\"  >\n\t\t<div class=\"ngg-gallery-thumbnail\" >\n\t\t\t<a href=\"https:\/\/gyoparosfurdo-oroshaza.hu\/wp-content\/gallery\/tortenelem\/tortenelem_4.jpg\" title=\"T\u00f6rt\u00e9nelem - Gyop\u00e1rosf\u00fcrd\u0151\" class=\"thickbox\" rel=\"set_6\" >\n\t\t\t\t\t\t\t\t<img title=\"T\u00f6rt\u00e9nelem - Gyop\u00e1rosf\u00fcrd\u0151\" alt=\"T\u00f6rt\u00e9nelem - Gyop\u00e1rosf\u00fcrd\u0151\" src=\"https:\/\/gyoparosfurdo-oroshaza.hu\/wp-content\/gallery\/tortenelem\/thumbs\/thumbs_tortenelem_4.jpg\" width=\"120\" height=\"95\" \/>\n\t\t\t\t\t\t\t<\/a>\n\t\t<\/div>\n\t<\/div>\n\t\n\t\t\n \t\t\n\t<div id=\"ngg-image-1543\" class=\"ngg-gallery-thumbnail-box\"  >\n\t\t<div class=\"ngg-gallery-thumbnail\" >\n\t\t\t<a href=\"https:\/\/gyoparosfurdo-oroshaza.hu\/wp-content\/gallery\/tortenelem\/gyoparosfurdo_history_04.jpg\" title=\"Az Alf\u00f6ldi Els\u0151 Gazdas\u00e1gi Vas\u00fat (AEGV) benzin-villamos motorkocsija Gyop\u00e1rosf\u00fcrd\u0151 \u00e1llom\u00e1son, valamikor a XX. sz\u00e1zad els\u0151 fel\u00e9ben.\" class=\"thickbox\" rel=\"set_6\" >\n\t\t\t\t\t\t\t\t<img title=\"Az Alf\u00f6ldi Els\u0151 Gazdas\u00e1gi Vas\u00fat (AEGV) benzin-villamos motorkocsija Gyop\u00e1rosf\u00fcrd\u0151 \u00e1llom\u00e1son, valamikor a XX. sz\u00e1zad els\u0151 fel\u00e9ben.\" alt=\"Az Alf\u00f6ldi Els\u0151 Gazdas\u00e1gi Vas\u00fat (AEGV) benzin-villamos motorkocsija Gyop\u00e1rosf\u00fcrd\u0151 \u00e1llom\u00e1son, valamikor a XX. sz\u00e1zad els\u0151 fel\u00e9ben.\" src=\"https:\/\/gyoparosfurdo-oroshaza.hu\/wp-content\/gallery\/tortenelem\/thumbs\/thumbs_gyoparosfurdo_history_04.jpg\" width=\"120\" height=\"95\" \/>\n\t\t\t\t\t\t\t<\/a>\n\t\t<\/div>\n\t<\/div>\n\t\n\t\t\n \t\t\n\t<div id=\"ngg-image-1544\" class=\"ngg-gallery-thumbnail-box\"  >\n\t\t<div class=\"ngg-gallery-thumbnail\" >\n\t\t\t<a href=\"https:\/\/gyoparosfurdo-oroshaza.hu\/wp-content\/gallery\/tortenelem\/gyoparosfurdo_history_05.jpg\" title=\"Az Alf\u00f6ldi Els\u0151 Gazdas\u00e1gi Vas\u00fat (AEGV) benzin-villamos motorkocsija Gyop\u00e1rosf\u00fcrd\u0151 \u00e1llom\u00e1son, valamikor a XX. sz\u00e1zad els\u0151 fel\u00e9ben.\" class=\"thickbox\" rel=\"set_6\" >\n\t\t\t\t\t\t\t\t<img title=\"Az Alf\u00f6ldi Els\u0151 Gazdas\u00e1gi Vas\u00fat (AEGV) benzin-villamos motorkocsija Gyop\u00e1rosf\u00fcrd\u0151 \u00e1llom\u00e1son, valamikor a XX. sz\u00e1zad els\u0151 fel\u00e9ben.\" alt=\"Az Alf\u00f6ldi Els\u0151 Gazdas\u00e1gi Vas\u00fat (AEGV) benzin-villamos motorkocsija Gyop\u00e1rosf\u00fcrd\u0151 \u00e1llom\u00e1son, valamikor a XX. sz\u00e1zad els\u0151 fel\u00e9ben.\" src=\"https:\/\/gyoparosfurdo-oroshaza.hu\/wp-content\/gallery\/tortenelem\/thumbs\/thumbs_gyoparosfurdo_history_05.jpg\" width=\"120\" height=\"95\" \/>\n\t\t\t\t\t\t\t<\/a>\n\t\t<\/div>\n\t<\/div>\n\t\n\t\t\n \t\t\n\t<div id=\"ngg-image-1540\" class=\"ngg-gallery-thumbnail-box\"  >\n\t\t<div class=\"ngg-gallery-thumbnail\" >\n\t\t\t<a href=\"https:\/\/gyoparosfurdo-oroshaza.hu\/wp-content\/gallery\/tortenelem\/gyoparosfurdo_history_01.jpg\" title=\"T\u00f6rt\u00e9nelem - Gyop\u00e1rosf\u00fcrd\u0151\" class=\"thickbox\" rel=\"set_6\" >\n\t\t\t\t\t\t\t\t<img title=\"T\u00f6rt\u00e9nelem - Gyop\u00e1rosf\u00fcrd\u0151\" alt=\"T\u00f6rt\u00e9nelem - Gyop\u00e1rosf\u00fcrd\u0151\" src=\"https:\/\/gyoparosfurdo-oroshaza.hu\/wp-content\/gallery\/tortenelem\/thumbs\/thumbs_gyoparosfurdo_history_01.jpg\" width=\"120\" height=\"95\" \/>\n\t\t\t\t\t\t\t<\/a>\n\t\t<\/div>\n\t<\/div>\n\t\n\t\t\n \t\t\n\t<div id=\"ngg-image-1541\" class=\"ngg-gallery-thumbnail-box\"  >\n\t\t<div class=\"ngg-gallery-thumbnail\" >\n\t\t\t<a href=\"https:\/\/gyoparosfurdo-oroshaza.hu\/wp-content\/gallery\/tortenelem\/gyoparosfurdo_history_02.jpg\" title=\"T\u00f6rt\u00e9nelem - Gyop\u00e1rosf\u00fcrd\u0151\" class=\"thickbox\" rel=\"set_6\" >\n\t\t\t\t\t\t\t\t<img title=\"T\u00f6rt\u00e9nelem - Gyop\u00e1rosf\u00fcrd\u0151\" alt=\"T\u00f6rt\u00e9nelem - Gyop\u00e1rosf\u00fcrd\u0151\" src=\"https:\/\/gyoparosfurdo-oroshaza.hu\/wp-content\/gallery\/tortenelem\/thumbs\/thumbs_gyoparosfurdo_history_02.jpg\" width=\"120\" height=\"95\" \/>\n\t\t\t\t\t\t\t<\/a>\n\t\t<\/div>\n\t<\/div>\n\t\n\t\t\n \t\t\n\t<div id=\"ngg-image-1550\" class=\"ngg-gallery-thumbnail-box\"  >\n\t\t<div class=\"ngg-gallery-thumbnail\" >\n\t\t\t<a href=\"https:\/\/gyoparosfurdo-oroshaza.hu\/wp-content\/gallery\/tortenelem\/16.jpg\" title=\"T\u00f6rt\u00e9nelem - Gyop\u00e1rosf\u00fcrd\u0151\" class=\"thickbox\" rel=\"set_6\" >\n\t\t\t\t\t\t\t\t<img title=\"T\u00f6rt\u00e9nelem - Gyop\u00e1rosf\u00fcrd\u0151\" alt=\"T\u00f6rt\u00e9nelem - Gyop\u00e1rosf\u00fcrd\u0151\" src=\"https:\/\/gyoparosfurdo-oroshaza.hu\/wp-content\/gallery\/tortenelem\/thumbs\/thumbs_16.jpg\" width=\"120\" height=\"95\" \/>\n\t\t\t\t\t\t\t<\/a>\n\t\t<\/div>\n\t<\/div>\n\t\n\t\t\n \t\t\n\t<div id=\"ngg-image-1547\" class=\"ngg-gallery-thumbnail-box\"  >\n\t\t<div class=\"ngg-gallery-thumbnail\" >\n\t\t\t<a href=\"https:\/\/gyoparosfurdo-oroshaza.hu\/wp-content\/gallery\/tortenelem\/gyoparosfurdo_history_08.jpg\" title=\"T\u00f6rt\u00e9nelem - Gyop\u00e1rosf\u00fcrd\u0151\" class=\"thickbox\" rel=\"set_6\" >\n\t\t\t\t\t\t\t\t<img title=\"T\u00f6rt\u00e9nelem - Gyop\u00e1rosf\u00fcrd\u0151\" alt=\"T\u00f6rt\u00e9nelem - Gyop\u00e1rosf\u00fcrd\u0151\" src=\"https:\/\/gyoparosfurdo-oroshaza.hu\/wp-content\/gallery\/tortenelem\/thumbs\/thumbs_gyoparosfurdo_history_08.jpg\" width=\"120\" height=\"95\" \/>\n\t\t\t\t\t\t\t<\/a>\n\t\t<\/div>\n\t<\/div>\n\t\n\t\t\n \t\t\n\t<div id=\"ngg-image-1548\" class=\"ngg-gallery-thumbnail-box\"  >\n\t\t<div class=\"ngg-gallery-thumbnail\" >\n\t\t\t<a href=\"https:\/\/gyoparosfurdo-oroshaza.hu\/wp-content\/gallery\/tortenelem\/gyoparosfurdo_history_09.jpg\" title=\"T\u00f6rt\u00e9nelem - Gyop\u00e1rosf\u00fcrd\u0151\" class=\"thickbox\" rel=\"set_6\" >\n\t\t\t\t\t\t\t\t<img title=\"T\u00f6rt\u00e9nelem - Gyop\u00e1rosf\u00fcrd\u0151\" alt=\"T\u00f6rt\u00e9nelem - Gyop\u00e1rosf\u00fcrd\u0151\" src=\"https:\/\/gyoparosfurdo-oroshaza.hu\/wp-content\/gallery\/tortenelem\/thumbs\/thumbs_gyoparosfurdo_history_09.jpg\" width=\"120\" height=\"95\" \/>\n\t\t\t\t\t\t\t<\/a>\n\t\t<\/div>\n\t<\/div>\n\t\n\t\t\n \t\t\n\t<div id=\"ngg-image-1542\" class=\"ngg-gallery-thumbnail-box\"  >\n\t\t<div class=\"ngg-gallery-thumbnail\" >\n\t\t\t<a href=\"https:\/\/gyoparosfurdo-oroshaza.hu\/wp-content\/gallery\/tortenelem\/gyoparosfurdo_history_03.jpg\" title=\"T\u00f6rt\u00e9nelem - Gyop\u00e1rosf\u00fcrd\u0151\" class=\"thickbox\" rel=\"set_6\" >\n\t\t\t\t\t\t\t\t<img title=\"T\u00f6rt\u00e9nelem - Gyop\u00e1rosf\u00fcrd\u0151\" alt=\"T\u00f6rt\u00e9nelem - Gyop\u00e1rosf\u00fcrd\u0151\" src=\"https:\/\/gyoparosfurdo-oroshaza.hu\/wp-content\/gallery\/tortenelem\/thumbs\/thumbs_gyoparosfurdo_history_03.jpg\" width=\"120\" height=\"95\" \/>\n\t\t\t\t\t\t\t<\/a>\n\t\t<\/div>\n\t<\/div>\n\t\n\t\t\n \t\t\n\t<div id=\"ngg-image-1545\" class=\"ngg-gallery-thumbnail-box\"  >\n\t\t<div class=\"ngg-gallery-thumbnail\" >\n\t\t\t<a href=\"https:\/\/gyoparosfurdo-oroshaza.hu\/wp-content\/gallery\/tortenelem\/gyoparosfurdo_history_07.jpg\" title=\"T\u00f6rt\u00e9nelem - Gyop\u00e1rosf\u00fcrd\u0151\" class=\"thickbox\" rel=\"set_6\" >\n\t\t\t\t\t\t\t\t<img title=\"T\u00f6rt\u00e9nelem - Gyop\u00e1rosf\u00fcrd\u0151\" alt=\"T\u00f6rt\u00e9nelem - Gyop\u00e1rosf\u00fcrd\u0151\" src=\"https:\/\/gyoparosfurdo-oroshaza.hu\/wp-content\/gallery\/tortenelem\/thumbs\/thumbs_gyoparosfurdo_history_07.jpg\" width=\"120\" height=\"95\" \/>\n\t\t\t\t\t\t\t<\/a>\n\t\t<\/div>\n\t<\/div>\n\t\n\t\t\n \t\t\n\t<div id=\"ngg-image-1546\" class=\"ngg-gallery-thumbnail-box\"  >\n\t\t<div class=\"ngg-gallery-thumbnail\" >\n\t\t\t<a href=\"https:\/\/gyoparosfurdo-oroshaza.hu\/wp-content\/gallery\/tortenelem\/gyoparosfurdo_history_06.jpg\" title=\"T\u00f6rt\u00e9nelem - Gyop\u00e1rosf\u00fcrd\u0151\" class=\"thickbox\" rel=\"set_6\" >\n\t\t\t\t\t\t\t\t<img title=\"T\u00f6rt\u00e9nelem - Gyop\u00e1rosf\u00fcrd\u0151\" alt=\"T\u00f6rt\u00e9nelem - Gyop\u00e1rosf\u00fcrd\u0151\" src=\"https:\/\/gyoparosfurdo-oroshaza.hu\/wp-content\/gallery\/tortenelem\/thumbs\/thumbs_gyoparosfurdo_history_06.jpg\" width=\"120\" height=\"95\" \/>\n\t\t\t\t\t\t\t<\/a>\n\t\t<\/div>\n\t<\/div>\n\t\n\t\t\n \t\t\n\t<div id=\"ngg-image-1549\" class=\"ngg-gallery-thumbnail-box\"  >\n\t\t<div class=\"ngg-gallery-thumbnail\" >\n\t\t\t<a href=\"https:\/\/gyoparosfurdo-oroshaza.hu\/wp-content\/gallery\/tortenelem\/gyoparosfurdo_history_10.jpg\" title=\"T\u00f6rt\u00e9nelem - Gyop\u00e1rosf\u00fcrd\u0151\" class=\"thickbox\" rel=\"set_6\" >\n\t\t\t\t\t\t\t\t<img title=\"T\u00f6rt\u00e9nelem - Gyop\u00e1rosf\u00fcrd\u0151\" alt=\"T\u00f6rt\u00e9nelem - Gyop\u00e1rosf\u00fcrd\u0151\" src=\"https:\/\/gyoparosfurdo-oroshaza.hu\/wp-content\/gallery\/tortenelem\/thumbs\/thumbs_gyoparosfurdo_history_10.jpg\" width=\"120\" height=\"95\" \/>\n\t\t\t\t\t\t\t<\/a>\n\t\t<\/div>\n\t<\/div>\n\t\n\t\t\n \t \t\n\t<!-- Pagination -->\n \t<div class='ngg-clear'><\/div>\n \t\n<\/div>\n\n\n<div class=\"kapcsolodo_tartalom\"><h3>Legate de con\u021binut<\/h3><ul class=\"custom_menu\"><li class=\"page_item page-item-25885\"><a title=\"Baile de agrement\" href=\"https:\/\/gyoparosfurdo-oroshaza.hu\/ro\/gyoparosfurdo\/baile-de-agrement\">Baile de agrement<\/a><\/li><li class=\"page_item page-item-25902\"><a title=\"B\u0103ile termale\" href=\"https:\/\/gyoparosfurdo-oroshaza.hu\/ro\/gyoparosfurdo\/baile-termale\">B\u0103ile termale<\/a><\/li><li class=\"page_item page-item-26174\"><a title=\"Complexul de saune\" href=\"https:\/\/gyoparosfurdo-oroshaza.hu\/ro\/gyoparosfurdo\/complexul-de-saune\">Complexul de saune<\/a><\/li><li class=\"page_item page-item-26256\"><a title=\"Regulament de ordine interioar\u0103\" href=\"https:\/\/gyoparosfurdo-oroshaza.hu\/ro\/gyoparosfurdo\/complexul-de-saune\/regulament-de-ordine-interioara\">Regulament de ordine interioar\u0103<\/a><\/li><li class=\"page_item page-item-26269\"><a title=\"Modul corect de a face saun\u0103\" href=\"https:\/\/gyoparosfurdo-oroshaza.hu\/ro\/gyoparosfurdo\/complexul-de-saune\/modul-corect-de-a-face-sauna\">Modul corect de a face saun\u0103<\/a><\/li><li class=\"page_item page-item-26252\"><a title=\"Cultura de saun\u0103\" href=\"https:\/\/gyoparosfurdo-oroshaza.hu\/ro\/gyoparosfurdo\/complexul-de-saune\/cultura-de-sauna\">Cultura de saun\u0103<\/a><\/li><\/ul><ul class=\"custom_menu\"><li class=\"page_item page-item-26280\"><a title=\"Gyop\u00e1rosf\u00fcrd\u0151 \u2013 J\u00e1t\u00e9kkuck\u00f3 \u2013 loc de joac\u0103 pentru copii\" href=\"https:\/\/gyoparosfurdo-oroshaza.hu\/ro\/gyoparosfurdo\/gyoparosfurdo-jatekkucko-loc-de-joaca-pentru-copii\">Gyop\u00e1rosf\u00fcrd\u0151 \u2013 J\u00e1t\u00e9kkuck\u00f3 \u2013 loc de joac\u0103 pentru copii<\/a><\/li><li class=\"page_item page-item-26345\"><a title=\"Gyop\u00e1rosf\u00fcrd\u0151 \u2013 sta\u021biune balnear\u0103\" href=\"https:\/\/gyoparosfurdo-oroshaza.hu\/ro\/gyoparosfurdo\/gyoparosfurdo-statiune-balneara\">Gyop\u00e1rosf\u00fcrd\u0151 \u2013 sta\u021biune balnear\u0103<\/a><\/li><li class=\"page_item page-item-26359\"><a title=\"Gyop\u00e1rosf\u00fcrd\u0151 panorama\" href=\"https:\/\/gyoparosfurdo-oroshaza.hu\/ro\/gyoparosfurdo\/gyoparosfurdo-panorama\">Gyop\u00e1rosf\u00fcrd\u0151 panorama<\/a><\/li><li class=\"page_item page-item-26404\"><a title=\"Masaje\" href=\"https:\/\/gyoparosfurdo-oroshaza.hu\/ro\/gyoparosfurdo\/masaje\">Masaje<\/a><\/li><li class=\"page_item page-item-25997\"><a title=\"Orar\" href=\"https:\/\/gyoparosfurdo-oroshaza.hu\/ro\/gyoparosfurdo\/orar\">Orar<\/a><\/li><li class=\"page_item page-item-26493\"><a title=\"Parcare\" href=\"https:\/\/gyoparosfurdo-oroshaza.hu\/ro\/gyoparosfurdo\/parcare\">Parcare<\/a><\/li><\/ul><ul class=\"custom_menu\"><li class=\"page_item page-item-25898\"><a title=\"Parcul si strandul\" href=\"https:\/\/gyoparosfurdo-oroshaza.hu\/ro\/gyoparosfurdo\/parcul-si-strandul\">Parcul si strandul<\/a><\/li><li class=\"page_item page-item-26273\"><a title=\"Seans de saun\u0103\" href=\"https:\/\/gyoparosfurdo-oroshaza.hu\/ro\/gyoparosfurdo\/seans-de-sauna\">Seans de saun\u0103<\/a><\/li><li class=\"page_item page-item-25974\"><a title=\"Tarife\" href=\"https:\/\/gyoparosfurdo-oroshaza.hu\/ro\/gyoparosfurdo\/tarife\">Tarife<\/a><\/li><li class=\"page_item page-item-26329\"><a title=\"Video spoturi\" href=\"https:\/\/gyoparosfurdo-oroshaza.hu\/ro\/gyoparosfurdo\/video-spoturi\">Video spoturi<\/a><\/li><li class=\"page_item page-item-26152\"><a title=\"Wellness\" href=\"https:\/\/gyoparosfurdo-oroshaza.hu\/ro\/gyoparosfurdo\/wellness\">Wellness<\/a><\/li><\/ul><br class=\"clear\" \/><\/div>\n<div class=\"topten_slider_title\"><span class=\"h3\">Programe Top<\/span><a href=\"https:\/\/gyoparosfurdo-oroshaza.hu\/ro\/programe\" title=\"Programe \u00bb\">Programe \u00bb<\/a><\/div><div class=\"topten_container topten_slider\" id=\"topten_slider\"><ul class=\"topten_inner\"><li class=\"topten_item\" data-id=\"tsi_1\"><a href=\"\/ro\/programe\/pentru-amatori-de-sport\" title=\"Amatori de sport\" class=\"topten_link\" style=\"background: url(\/wp-content\/uploads\/2012\/05\/sportbaratoknak-top-programok-gyoparosfurdon.jpg) top left no-repeat;\"><span class=\"title\">Amatori de sport<\/span><\/a><a href=\"\/ro\/programe\/cu-masina\" title=\"Cu masina\" class=\"topten_link\" style=\"background: url(\/wp-content\/uploads\/2012\/05\/autoval-top-programok-gyoparosfurdon.jpg) top left no-repeat;\"><span class=\"title\">Cu masina<\/span><\/a><a href=\"\/ro\/programe\/pentru-amatori-de-cultura\" title=\"Amatori de cultura\" class=\"topten_link\" style=\"background: url(\/wp-content\/uploads\/2012\/05\/kulturabaratoknak-top-programok-gyoparosfurdon.jpg) top left no-repeat;\"><span class=\"title\">Amatori de cultura<\/span><\/a><a href=\"\/ro\/programe\/pentru-o-singura-saptamana\" title=\"Saptamana\" class=\"topten_link\" style=\"background: url(\/wp-content\/uploads\/2012\/05\/1-hetre-top-programok-gyoparosfurdon.jpg) top left no-repeat;\"><span class=\"title\">Saptamana<\/span><\/a><a href=\"\/ro\/programe\/pentru-pescatori\" title=\"Pentru pescatori \" class=\"topten_link\" style=\"background: url(\/wp-content\/uploads\/2012\/05\/horgaszoknak-top-programok-gyoparosfurdon.jpg) top left no-repeat;\"><span class=\"title\">Pentru pescatori <\/span><\/a><a href=\"\/ro\/programe\/pentru-fotografi\" title=\"Pentru fotografi\" class=\"topten_link\" style=\"background: url(\/wp-content\/uploads\/2012\/05\/fotosoknak-top-programok-gyoparosfurdon.jpg) top left no-repeat;\"><span class=\"title\">Pentru fotografi<\/span><\/a><\/li><li class=\"topten_item\" data-id=\"tsi_2\"><a href=\"\/ro\/programe\/in-timp-de-iarna\" title=\"In timp de iarna \" class=\"topten_link\" style=\"background: url(\/wp-content\/uploads\/2012\/05\/telen-top-programok-gyoparosfurdon.jpg) top left no-repeat;\"><span class=\"title\">In timp de iarna <\/span><\/a><a href=\"\/ro\/programe\/pentru-familii\" title=\"Pentru familii\" class=\"topten_link\" style=\"background: url(\/wp-content\/uploads\/2012\/05\/csaladosoknak-top-programok-gyoparosfurdon.jpg) top left no-repeat;\"><span class=\"title\">Pentru familii<\/span><\/a><a href=\"\/ro\/programe\/pentru-cupluri\" title=\"Pentru cupluri\" class=\"topten_link\" style=\"background: url(\/wp-content\/uploads\/2012\/05\/paroknak-top-programok-gyoparosfurdon.jpg) top left no-repeat;\"><span class=\"title\">Pentru cupluri<\/span><\/a><a href=\"\/ro\/programe\/pentru-o-singura-zi\" title=\"O singura zi\" class=\"topten_link\" style=\"background: url(\/wp-content\/uploads\/2012\/05\/1-napra-top-programok-gyoparosfurdon.jpg) top left no-repeat;\"><span class=\"title\">O singura zi<\/span><\/a><a href=\"\/ro\/programe\/pentru-biciclisti\" title=\"Pentru biciclisti\" class=\"topten_link\" style=\"background: url(\/wp-content\/uploads\/2012\/05\/kerekparosoknak-top-programok-gyoparosfurdon.jpg) top left no-repeat;\"><span class=\"title\">Pentru biciclisti<\/span><\/a><a href=\"\/ro\/programe\/programe-pentru-un-week-end\" title=\"Un week-end\" class=\"topten_link\" style=\"background: url(\/wp-content\/uploads\/2012\/05\/hetvegere-top-programok-gyoparosfurdon.jpg) top left no-repeat;\"><span class=\"title\">Un week-end<\/span><\/a><\/li><li class=\"topten_item\" data-id=\"tsi_3\"><a href=\"\/ro\/programe\/in-timp-de-vara\" title=\"In timp de vara\" class=\"topten_link\" style=\"background: url(\/wp-content\/uploads\/2012\/05\/nyaron-top-programok-gyoparosfurdon.jpg) top left no-repeat;\"><span class=\"title\">In timp de vara<\/span><\/a><a href=\"\/ro\/programe\/tineri\" title=\"Pentru tineri\" class=\"topten_link\" style=\"background: url(\/wp-content\/uploads\/2012\/05\/fiataloknak-top-programok-gyoparosfurdon.jpg) top left no-repeat;\"><span class=\"title\">Pentru tineri<\/span><\/a><\/ul><div class=\"lapozobox\"><span id=\"lprev\"><\/span><span id=\"lnext\"><\/span><span id=\"ts_1\" class=\"active\"><\/span><span id=\"ts_2\" ><\/span><span id=\"ts_3\" ><\/span><\/div><\/div>\n","protected":false},"excerpt":{"rendered":"<p>Cum a devenit o fosta gradina de legume si o livada unul dintre cele mai preferate centre balneare din zona Campiei si din intreaga tara? Componentii de baza au fost: mai mult de 150 de ani, cateva cetateni decisi, lucru &hellip; <a href=\"https:\/\/gyoparosfurdo-oroshaza.hu\/ro\/gyoparosfurdo\/istorie\">Folytat\u00e1s <span class=\"meta-nav\">&rarr;<\/span><\/a><\/p>\n","protected":false},"author":6,"featured_media":0,"parent":25877,"menu_order":0,"comment_status":"closed","ping_status":"closed","template":"","meta":[],"_links":{"self":[{"href":"https:\/\/gyoparosfurdo-oroshaza.hu\/ro\/wp-json\/wp\/v2\/pages\/25881"}],"collection":[{"href":"https:\/\/gyoparosfurdo-oroshaza.hu\/ro\/wp-json\/wp\/v2\/pages"}],"about":[{"href":"https:\/\/gyoparosfurdo-oroshaza.hu\/ro\/wp-json\/wp\/v2\/types\/page"}],"author":[{"embeddable":true,"href":"https:\/\/gyoparosfurdo-oroshaza.hu\/ro\/wp-json\/wp\/v2\/users\/6"}],"replies":[{"embeddable":true,"href":"https:\/\/gyoparosfurdo-oroshaza.hu\/ro\/wp-json\/wp\/v2\/comments?post=25881"}],"version-history":[{"count":0,"href":"https:\/\/gyoparosfurdo-oroshaza.hu\/ro\/wp-json\/wp\/v2\/pages\/25881\/revisions"}],"up":[{"embeddable":true,"href":"https:\/\/gyoparosfurdo-oroshaza.hu\/ro\/wp-json\/wp\/v2\/pages\/25877"}],"wp:attachment":[{"href":"https:\/\/gyoparosfurdo-oroshaza.hu\/ro\/wp-json\/wp\/v2\/media?parent=25881"}],"curies":[{"name":"wp","href":"https:\/\/api.w.org\/{rel}","templated":true}]}}