{"id":25877,"date":"2012-04-13T09:15:25","date_gmt":"2012-04-13T07:15:25","guid":{"rendered":"https:\/\/gyoparosfurdo-oroshaza.hu\/gyoparosfurdo"},"modified":"2025-09-02T09:49:33","modified_gmt":"2025-09-02T07:49:33","slug":"gyoparosfurdo","status":"publish","type":"page","link":"https:\/\/gyoparosfurdo-oroshaza.hu\/ro\/gyoparosfurdo","title":{"rendered":"Gyop\u00e1rosf\u00fcrd\u0151"},"content":{"rendered":"<h2>Am trecut la programul de toamn\u0103-iarn\u0103, a\u0219a c\u0103 din 15 septembrie vor fi deschise doar piscina termal\u0103 exterioar\u0103, piscina termal\u0103 interioar\u0103 \u0219i cabina de saun\u0103 de la parter. Baile de Agrement \u0219i Parcul de Saune sunt \u00ceNCHISE. <a href=\"https:\/\/gyoparosfurdo-oroshaza.hu\/ro\/stiri\/programul-de-functionare-si-informatii-pentru-toamna-2025\">Mai multe detalii<\/a>.<\/h2>\n\n<div class=\"jobbsav\">\n<div class=\"altalanos_informacio\">\n<h4>Orosh\u00e1za-Gyop\u00e1rosf\u00fcrd\u0151<\/h4>\n<p>5904 Gyop\u00e1rosf\u00fcrd\u0151, Str. Fasor nr. 3.<\/p>\n<p>Telefon: +36-68\/512-260<\/p>\n<p>E-mail: <a href=\"mailto:&#105;&#110;&#102;&#111;&#64;&#103;y&#111;&#112;a&#114;o&#115;f&#117;&#114;do.&#104;u\" title=\"i&#110;fo&#64;&#103;y&#111;&#112;&#97;ro&#115;&#102;&#117;r&#100;&#111;.&#104;&#117;\">i&#110;fo&#64;&#103;y&#111;&#112;&#97;ro&#115;&#102;&#117;r&#100;&#111;.&#104;&#117;<\/a><\/p>\n<\/div>\n<div class=\"altalanos_informacio\">\n<h4>Orar<\/h4>\n<p><a title=\"Orar\" href=\"\/ro\/gyoparosfurdo\/orar\">Aici<\/a><\/p>\n<\/div>\n<\/div>\n<p>Baile Gyop\u00e1rosf\u00fcrd\u0151 cunoscut ca si Perla Campiei Maghiare functioneaza in acelas timp ca si <a title=\"Strand termal\" href=\"\/ro\/gyoparosfurdo\/parcul-si-strandul\">strand termal<\/a>, <a title=\"baie de agrement\" href=\"\/ro\/gyoparosfurdo\/baile-de-agrement\">baie de agrement<\/a>, <a title=\"Baie termala\" href=\"\/ro\/gyoparosfurdo\/baile-termale\">baie termala<\/a>, centru de sport, care ofera programe acvatice si sportive intr-un cadru natural.<\/p>\n<p>Complexul construit in partea de vest al orasului Orosh\u00e1za cu o populatie de 30 000 locuitori, a devenit un tip secret pentru vizitatori dornici de relaxare, revitalizare, recreatie si vacante atat de <a title=\"vara\" href=\"\/ro\/programe\/in-timp-de-vara\"> vara<\/a> cat si de <a title=\"iarna \" href=\"\/ro\/programe\/in-timp-de-iarna\">iarna<\/a>, pentru oaspetii sositi din tara si din strainatate. <\/p>\n<p>Mai mult de un secol frumusetea captivanta a lacului, puterea curativa a apei atrage tot mai multi turisti dornici de vindecare, relaxare si revitalizare. Datorita investitiilor efectuate in trecut cat si in zilele noastre, putem declara fara exageratie ca Gyop\u00e1rosf\u00fcrd\u0151 a devenit o statiune de importanta nationala, o destinatie frecventata des de turisti in partea sud a Capmiei Ungara, Alf\u00f6ld. <\/p>\n<p>Prin serviciile, <a title=\"Gyop\u00e1rosf\u00fcrd\u0151 preturile\" href=\"\/ro\/gyoparosfurdo\/tarife\">preturile<\/a>, <a title=\"Gyop\u00e1rosf\u00fcrd\u0151 orariul\" href=\"\/ro\/gyoparosfurdo\/orar\">orariul<\/a>, programele de vara si de iarna, directiunea firmei Orosh\u00e1zi V\u00e1ros\u00fczemeltet\u00e9si \u00e9s Szolg\u00e1ltat\u00f3 Zrt. sta la dispozitia oaspetilor pentru a satisface exigentele tot mai mari. Mii de reactii pozitive din partea vizitatorilor pot fi citite pe commente si diferite bloguri pe internet. <\/p>\n<p>Nu este de mirat aprecierea primita, deoarece orasul si Baile Gyop\u00e1ros, situat intr-un parc de 20 de hectare, ofera un sortiment bogat de programe pentru<a title=\"o singura zi\" href=\"\/ro\/programe\/pentru-o-singura-zi\"> o singura zi<\/a>, un <a title=\"sfarsit de saptamana\" href=\"\/ro\/programe\/programe-pentru-un-week-end\">sfarsit de saptamana<\/a> sau chiar si pentru , <a title=\"o saptamana\" href=\"\/ro\/programe\/pentru-o-singura-saptamana\">o saptamana<\/a> intreaga atat in timp de vara cat si de iarna. <a title=\"Familii\" href=\"\/ro\/programe\/programe-pentru-un-week-end\">Familii<\/a> intregi, <a title=\"cupluri\" href=\"\/ro\/programe\/pentru-cupluri\">cupluri<\/a>, <a title=\"entuziastii programelor culturale\" href=\"\/ro\/programe\/pentru-amatori-de-cultura\">entuziastii programelor culturale<\/a>,  <a title=\"sporturilor\" href=\"\/ro\/programe\/pentru-amatori-de-sport\">sporturilor<\/a>, <a title=\"pescuitului\" href=\"\/ro\/programe\/pentru-pescatori\"> pescuitului<\/a>, <a title=\"curselor cu biciclete\" href=\"\/ro\/programe\/pentru-biciclisti\">curselor cu biciclete<\/a> sau entuziastii <a title=\"fotografarii\" href=\"\/ro\/programe\/pentru-fotografi\">fotografarii<\/a> vor gasi desigur programe ideale la Orosh\u00e1za sau imprejurimea orasului.<\/p>\n<p><img loading=\"lazy\" class=\"alignleft\" title=\"Gyop\u00e1rosf\u00fcrd\u0151\" src=\"\/wp-content\/uploads\/2012\/04\/gyoparosfurdo.jpg\" alt=\"Gyop\u00e1rosf\u00fcrd\u0151\" width=\"280\" height=\"172\" \/>Turistii ajunsi in aceasta localitate se pot bucura de o gama vasta de <a title=\"locuri de cazare\" href=\"\/ro\/szallasok\">locuri de cazare<\/a> in acord cu diferitele esigente si posibilitati financiare a oaspetilor. Este posibil sa ne bucuram de frumusetile naturii in timp ce o gramada de servicii ne ajut in relaxare si revitalizare fizica si spirituala. <\/p>\n<h3>Scurt film despre Gyop\u00e1rosf\u00fcrd\u0151 (2018)<\/h3>\n<p><iframe loading=\"lazy\" width=\"560\" height=\"315\" src=\"https:\/\/www.youtube.com\/embed\/T-1psslUPmM\" frameborder=\"0\" allow=\"autoplay; encrypted-media\" allowfullscreen><\/iframe><\/p>\n<h3>Galeria de foto: gyop\u00e1rosf\u00fcrd\u0151<\/h3>\n\n<div class=\"ngg-galleryoverview\" id=\"ngg-gallery-27-25877\">\n\n\n\t\n\t<!-- Thumbnails -->\n\t\t\n\t<div id=\"ngg-image-938\" class=\"ngg-gallery-thumbnail-box\"  >\n\t\t<div class=\"ngg-gallery-thumbnail\" >\n\t\t\t<a href=\"https:\/\/gyoparosfurdo-oroshaza.hu\/wp-content\/gallery\/gyoparosfurdo\/fk1.jpg\" title=\"Gyop\u00e1rosf\u00fcrd\u0151 a leveg\u0151b\u0151l\" class=\"thickbox\" rel=\"set_27\" >\n\t\t\t\t\t\t\t\t<img title=\"Gyop\u00e1rosf\u00fcrd\u0151 a leveg\u0151b\u0151l\" alt=\"Gyop\u00e1rosf\u00fcrd\u0151 a leveg\u0151b\u0151l\" src=\"https:\/\/gyoparosfurdo-oroshaza.hu\/wp-content\/gallery\/gyoparosfurdo\/thumbs\/thumbs_fk1.jpg\" width=\"120\" height=\"95\" \/>\n\t\t\t\t\t\t\t<\/a>\n\t\t<\/div>\n\t<\/div>\n\t\n\t\t\n \t\t\n\t<div id=\"ngg-image-939\" class=\"ngg-gallery-thumbnail-box\"  >\n\t\t<div class=\"ngg-gallery-thumbnail\" >\n\t\t\t<a href=\"https:\/\/gyoparosfurdo-oroshaza.hu\/wp-content\/gallery\/gyoparosfurdo\/fk2.jpg\" title=\"Gyop\u00e1rosf\u00fcrd\u0151 a leveg\u0151b\u0151l\" class=\"thickbox\" rel=\"set_27\" >\n\t\t\t\t\t\t\t\t<img title=\"Gyop\u00e1rosf\u00fcrd\u0151 a leveg\u0151b\u0151l\" alt=\"Gyop\u00e1rosf\u00fcrd\u0151 a leveg\u0151b\u0151l\" src=\"https:\/\/gyoparosfurdo-oroshaza.hu\/wp-content\/gallery\/gyoparosfurdo\/thumbs\/thumbs_fk2.jpg\" width=\"120\" height=\"95\" \/>\n\t\t\t\t\t\t\t<\/a>\n\t\t<\/div>\n\t<\/div>\n\t\n\t\t\n \t\t\n\t<div id=\"ngg-image-311\" class=\"ngg-gallery-thumbnail-box\"  >\n\t\t<div class=\"ngg-gallery-thumbnail\" >\n\t\t\t<a href=\"https:\/\/gyoparosfurdo-oroshaza.hu\/wp-content\/gallery\/gyoparosfurdo\/gyoparos_5.jpg\" title=\"A Gyop\u00e1rosi t\u00f3 kil\u00e1t\u00f3val \u00e9s az \u00e9lm\u00e9nyf\u00fcrd\u0151vel naplementekor\" class=\"thickbox\" rel=\"set_27\" >\n\t\t\t\t\t\t\t\t<img title=\"Orosh\u00e1za Gyop\u00e1rosf\u00fcrd\u0151 naplementekor\" alt=\"Orosh\u00e1za Gyop\u00e1rosf\u00fcrd\u0151 naplementekor\" src=\"https:\/\/gyoparosfurdo-oroshaza.hu\/wp-content\/gallery\/gyoparosfurdo\/thumbs\/thumbs_gyoparos_5.jpg\" width=\"120\" height=\"95\" \/>\n\t\t\t\t\t\t\t<\/a>\n\t\t<\/div>\n\t<\/div>\n\t\n\t\t\n \t\t\n\t<div id=\"ngg-image-312\" class=\"ngg-gallery-thumbnail-box\"  >\n\t\t<div class=\"ngg-gallery-thumbnail\" >\n\t\t\t<a href=\"https:\/\/gyoparosfurdo-oroshaza.hu\/wp-content\/gallery\/gyoparosfurdo\/gyoparos_6.jpg\" title=\"Az 50 m\u00e9teres sportmedence \u00e9lm\u00e9nyf\u00fcrd\u0151vel \u00e9s a kil\u00e1t\u00f3val a h\u00e1tt\u00e9rben\" class=\"thickbox\" rel=\"set_27\" >\n\t\t\t\t\t\t\t\t<img title=\"Sportmedence \u00e9lm\u00e9nyf\u00fcrd\u0151vel\" alt=\"Sportmedence \u00e9lm\u00e9nyf\u00fcrd\u0151vel\" src=\"https:\/\/gyoparosfurdo-oroshaza.hu\/wp-content\/gallery\/gyoparosfurdo\/thumbs\/thumbs_gyoparos_6.jpg\" width=\"120\" height=\"95\" \/>\n\t\t\t\t\t\t\t<\/a>\n\t\t<\/div>\n\t<\/div>\n\t\n\t\t\n \t \t\n\t<!-- Pagination -->\n \t<div class='ngg-clear'><\/div>\n \t\n<\/div>\n\n\n<h3>Galeria de foto: bai termale si de agrement<\/h3>\n<h2>Din motive technice \u00een aquaparc 3 piscine interioare din cele 4 <a href=\"https:\/\/gyoparosfurdo-oroshaza.hu\/ro\/hirek\/20210617-elmenyfurdo-belteri-resze-zarva-marad\">r\u0103m\u00e2n \u00eenchise \u00een continuare<\/a>. \u00cen afara acestor piscine toate serviciile complexului stau la dispozi\u021bia oaspe\u021bilor.<\/h2>\n\n<div class=\"ngg-galleryoverview\" id=\"ngg-gallery-28-25877\">\n\n\n\t\n\t<!-- Thumbnails -->\n\t\t\n\t<div id=\"ngg-image-936\" class=\"ngg-gallery-thumbnail-box\"  >\n\t\t<div class=\"ngg-gallery-thumbnail\" >\n\t\t\t<a href=\"https:\/\/gyoparosfurdo-oroshaza.hu\/wp-content\/gallery\/elmenyfurdo_rovid\/ek2.jpg\" title=\"A gyop\u00e1rosi \u00e9lm\u00e9nyf\u00fcrd\u0151\" class=\"thickbox\" rel=\"set_28\" >\n\t\t\t\t\t\t\t\t<img title=\"A gyop\u00e1rosi \u00e9lm\u00e9nyf\u00fcrd\u0151\" alt=\"A gyop\u00e1rosi \u00e9lm\u00e9nyf\u00fcrd\u0151\" src=\"https:\/\/gyoparosfurdo-oroshaza.hu\/wp-content\/gallery\/elmenyfurdo_rovid\/thumbs\/thumbs_ek2.jpg\" width=\"120\" height=\"95\" \/>\n\t\t\t\t\t\t\t<\/a>\n\t\t<\/div>\n\t<\/div>\n\t\n\t\t\n \t\t\n\t<div id=\"ngg-image-213\" class=\"ngg-gallery-thumbnail-box\"  >\n\t\t<div class=\"ngg-gallery-thumbnail\" >\n\t\t\t<a href=\"https:\/\/gyoparosfurdo-oroshaza.hu\/wp-content\/gallery\/elmenyfurdo_rovid\/elmenyfurdo_rovid_01.jpg\" title=\"A gyop\u00e1rosf\u00fcrd\u0151i \u00e9lm\u00e9nyf\u00fcrd\u0151 bel\u00fclr\u0151l\" class=\"thickbox\" rel=\"set_28\" >\n\t\t\t\t\t\t\t\t<img title=\"A gyop\u00e1rosf\u00fcrd\u0151i \u00e9lm\u00e9nyf\u00fcrd\u0151 bel\u00fclr\u0151l\" alt=\"A gyop\u00e1rosf\u00fcrd\u0151i \u00e9lm\u00e9nyf\u00fcrd\u0151 bel\u00fclr\u0151l\" src=\"https:\/\/gyoparosfurdo-oroshaza.hu\/wp-content\/gallery\/elmenyfurdo_rovid\/thumbs\/thumbs_elmenyfurdo_rovid_01.jpg\" width=\"120\" height=\"95\" \/>\n\t\t\t\t\t\t\t<\/a>\n\t\t<\/div>\n\t<\/div>\n\t\n\t\t\n \t\t\n\t<div id=\"ngg-image-214\" class=\"ngg-gallery-thumbnail-box\"  >\n\t\t<div class=\"ngg-gallery-thumbnail\" >\n\t\t\t<a href=\"https:\/\/gyoparosfurdo-oroshaza.hu\/wp-content\/gallery\/elmenyfurdo_rovid\/elmenyfurdo_rovid_02.jpg\" title=\"A gyop\u00e1rosf\u00fcrd\u0151i \u00e9lm\u00e9nyf\u00fcrd\u0151 k\u00fcls\u0151 terasza\" class=\"thickbox\" rel=\"set_28\" >\n\t\t\t\t\t\t\t\t<img title=\"A gyop\u00e1rosf\u00fcrd\u0151i \u00e9lm\u00e9nyf\u00fcrd\u0151 k\u00fcls\u0151 terasza\" alt=\"A gyop\u00e1rosf\u00fcrd\u0151i \u00e9lm\u00e9nyf\u00fcrd\u0151 k\u00fcls\u0151 terasza\" src=\"https:\/\/gyoparosfurdo-oroshaza.hu\/wp-content\/gallery\/elmenyfurdo_rovid\/thumbs\/thumbs_elmenyfurdo_rovid_02.jpg\" width=\"120\" height=\"95\" \/>\n\t\t\t\t\t\t\t<\/a>\n\t\t<\/div>\n\t<\/div>\n\t\n\t\t\n \t\t\n\t<div id=\"ngg-image-937\" class=\"ngg-gallery-thumbnail-box\"  >\n\t\t<div class=\"ngg-gallery-thumbnail\" >\n\t\t\t<a href=\"https:\/\/gyoparosfurdo-oroshaza.hu\/wp-content\/gallery\/elmenyfurdo_rovid\/gyogyfurdo.jpg\" title=\"A gyop\u00e1rosi gy\u00f3gyf\u00fcrd\u0151\" class=\"thickbox\" rel=\"set_28\" >\n\t\t\t\t\t\t\t\t<img title=\"A gyop\u00e1rosi gy\u00f3gyf\u00fcrd\u0151\" alt=\"A gyop\u00e1rosi gy\u00f3gyf\u00fcrd\u0151\" src=\"https:\/\/gyoparosfurdo-oroshaza.hu\/wp-content\/gallery\/elmenyfurdo_rovid\/thumbs\/thumbs_gyogyfurdo.jpg\" width=\"120\" height=\"95\" \/>\n\t\t\t\t\t\t\t<\/a>\n\t\t<\/div>\n\t<\/div>\n\t\n\t\t\n \t \t\n\t<!-- Pagination -->\n \t<div class='ngg-clear'><\/div>\n \t\n<\/div>\n\n\n<h3>Complexul de saune<\/h3>\n\n<div class=\"ngg-galleryoverview\" id=\"ngg-gallery-72-25877\">\n\n\n\t\n\t<!-- Thumbnails -->\n\t\t\n\t<div id=\"ngg-image-912\" class=\"ngg-gallery-thumbnail-box\"  >\n\t\t<div class=\"ngg-gallery-thumbnail\" >\n\t\t\t<a href=\"https:\/\/gyoparosfurdo-oroshaza.hu\/wp-content\/gallery\/szauna-kozponti\/szaunapark-gyoparos-1.jpg\" title=\"Szaunapark \/ Sauna park\" class=\"thickbox\" rel=\"set_72\" >\n\t\t\t\t\t\t\t\t<img title=\"Szaunapark Gyop\u00e1ros\" alt=\"Szaunapark Gyop\u00e1ros\" src=\"https:\/\/gyoparosfurdo-oroshaza.hu\/wp-content\/gallery\/szauna-kozponti\/thumbs\/thumbs_szaunapark-gyoparos-1.jpg\" width=\"120\" height=\"95\" \/>\n\t\t\t\t\t\t\t<\/a>\n\t\t<\/div>\n\t<\/div>\n\t\n\t\t\n \t\t\n\t<div id=\"ngg-image-913\" class=\"ngg-gallery-thumbnail-box\"  >\n\t\t<div class=\"ngg-gallery-thumbnail\" >\n\t\t\t<a href=\"https:\/\/gyoparosfurdo-oroshaza.hu\/wp-content\/gallery\/szauna-kozponti\/szaunapark-gyoparos-2.jpg\" title=\"Szaunapark \/ Sauna park\" class=\"thickbox\" rel=\"set_72\" >\n\t\t\t\t\t\t\t\t<img title=\"Szaunapark Gyop\u00e1ros\" alt=\"Szaunapark Gyop\u00e1ros\" src=\"https:\/\/gyoparosfurdo-oroshaza.hu\/wp-content\/gallery\/szauna-kozponti\/thumbs\/thumbs_szaunapark-gyoparos-2.jpg\" width=\"120\" height=\"95\" \/>\n\t\t\t\t\t\t\t<\/a>\n\t\t<\/div>\n\t<\/div>\n\t\n\t\t\n \t\t\n\t<div id=\"ngg-image-914\" class=\"ngg-gallery-thumbnail-box\"  >\n\t\t<div class=\"ngg-gallery-thumbnail\" >\n\t\t\t<a href=\"https:\/\/gyoparosfurdo-oroshaza.hu\/wp-content\/gallery\/szauna-kozponti\/szaunapark-gyoparos-3.jpg\" title=\"Szaunapark \/ Sauna park\" class=\"thickbox\" rel=\"set_72\" >\n\t\t\t\t\t\t\t\t<img title=\"Szaunapark Gyop\u00e1ros\" alt=\"Szaunapark Gyop\u00e1ros\" src=\"https:\/\/gyoparosfurdo-oroshaza.hu\/wp-content\/gallery\/szauna-kozponti\/thumbs\/thumbs_szaunapark-gyoparos-3.jpg\" width=\"120\" height=\"95\" \/>\n\t\t\t\t\t\t\t<\/a>\n\t\t<\/div>\n\t<\/div>\n\t\n\t\t\n \t\t\n\t<div id=\"ngg-image-915\" class=\"ngg-gallery-thumbnail-box\"  >\n\t\t<div class=\"ngg-gallery-thumbnail\" >\n\t\t\t<a href=\"https:\/\/gyoparosfurdo-oroshaza.hu\/wp-content\/gallery\/szauna-kozponti\/szaunapark-gyoparos-4.jpg\" title=\"Szaunapark \/ Sauna park\" class=\"thickbox\" rel=\"set_72\" >\n\t\t\t\t\t\t\t\t<img title=\"Szaunapark Gyop\u00e1ros\" alt=\"Szaunapark Gyop\u00e1ros\" src=\"https:\/\/gyoparosfurdo-oroshaza.hu\/wp-content\/gallery\/szauna-kozponti\/thumbs\/thumbs_szaunapark-gyoparos-4.jpg\" width=\"120\" height=\"95\" \/>\n\t\t\t\t\t\t\t<\/a>\n\t\t<\/div>\n\t<\/div>\n\t\n\t\t\n \t \t\n\t<!-- Pagination -->\n \t<div class='ngg-clear'><\/div>\n \t\n<\/div>\n\n\n<h3>Galeria de foto: baile park si strand<\/h3>\n\n<div class=\"ngg-galleryoverview\" id=\"ngg-gallery-29-25877\">\n\n\n\t\n\t<!-- Thumbnails -->\n\t\t\n\t<div id=\"ngg-image-219\" class=\"ngg-gallery-thumbnail-box\"  >\n\t\t<div class=\"ngg-gallery-thumbnail\" >\n\t\t\t<a href=\"https:\/\/gyoparosfurdo-oroshaza.hu\/wp-content\/gallery\/parkfurdo_rovid\/park_rovid_03.jpg\" title=\"A parkf\u00fcrd\u0151 sportmedenc\u00e9je, h\u00e1tt\u00e9rben az \u00e9lm\u00e9nyf\u00fcrd\u0151\" class=\"thickbox\" rel=\"set_29\" >\n\t\t\t\t\t\t\t\t<img title=\"Gyop\u00e1rosf\u00fcrd\u0151 parkf\u00fcrd\u0151 sportmedenc\u00e9je\" alt=\"Gyop\u00e1rosf\u00fcrd\u0151 parkf\u00fcrd\u0151 sportmedenc\u00e9je\" src=\"https:\/\/gyoparosfurdo-oroshaza.hu\/wp-content\/gallery\/parkfurdo_rovid\/thumbs\/thumbs_park_rovid_03.jpg\" width=\"120\" height=\"95\" \/>\n\t\t\t\t\t\t\t<\/a>\n\t\t<\/div>\n\t<\/div>\n\t\n\t\t\n \t\t\n\t<div id=\"ngg-image-217\" class=\"ngg-gallery-thumbnail-box\"  >\n\t\t<div class=\"ngg-gallery-thumbnail\" >\n\t\t\t<a href=\"https:\/\/gyoparosfurdo-oroshaza.hu\/wp-content\/gallery\/parkfurdo_rovid\/park_rovid_01.jpg\" title=\"Gyop\u00e1rosf\u00fcrd\u0151 parkf\u00fcrd\u0151j\u00e9nek \u00e9lm\u00e9nymedenc\u00e9je a Panor\u00e1ma kil\u00e1t\u00f3val\" class=\"thickbox\" rel=\"set_29\" >\n\t\t\t\t\t\t\t\t<img title=\"Gyop\u00e1rosf\u00fcrd\u0151 parkf\u00fcrd\u0151j\u00e9nek \u00e9lm\u00e9nymedenc\u00e9je\" alt=\"Gyop\u00e1rosf\u00fcrd\u0151 parkf\u00fcrd\u0151j\u00e9nek \u00e9lm\u00e9nymedenc\u00e9je\" src=\"https:\/\/gyoparosfurdo-oroshaza.hu\/wp-content\/gallery\/parkfurdo_rovid\/thumbs\/thumbs_park_rovid_01.jpg\" width=\"120\" height=\"95\" \/>\n\t\t\t\t\t\t\t<\/a>\n\t\t<\/div>\n\t<\/div>\n\t\n\t\t\n \t\t\n\t<div id=\"ngg-image-934\" class=\"ngg-gallery-thumbnail-box\"  >\n\t\t<div class=\"ngg-gallery-thumbnail\" >\n\t\t\t<a href=\"https:\/\/gyoparosfurdo-oroshaza.hu\/wp-content\/gallery\/parkfurdo_rovid\/parkfurdo_kacsas.jpg\" title=\"Gyermekf\u00fcrd\u0151 a parkf\u00fcrd\u0151ben\" class=\"thickbox\" rel=\"set_29\" >\n\t\t\t\t\t\t\t\t<img title=\"Gyermekf\u00fcrd\u0151 a parkf\u00fcrd\u0151ben\" alt=\"Gyermekf\u00fcrd\u0151 a parkf\u00fcrd\u0151ben\" src=\"https:\/\/gyoparosfurdo-oroshaza.hu\/wp-content\/gallery\/parkfurdo_rovid\/thumbs\/thumbs_parkfurdo_kacsas.jpg\" width=\"120\" height=\"95\" \/>\n\t\t\t\t\t\t\t<\/a>\n\t\t<\/div>\n\t<\/div>\n\t\n\t\t\n \t\t\n\t<div id=\"ngg-image-935\" class=\"ngg-gallery-thumbnail-box\"  >\n\t\t<div class=\"ngg-gallery-thumbnail\" >\n\t\t\t<a href=\"https:\/\/gyoparosfurdo-oroshaza.hu\/wp-content\/gallery\/parkfurdo_rovid\/parkfurdo_ugras.jpg\" title=\"A parkf\u00fcrd\u0151 50 m\u00e9teres sportmedenc\u00e9je\" class=\"thickbox\" rel=\"set_29\" >\n\t\t\t\t\t\t\t\t<img title=\"A parkf\u00fcrd\u0151 50 m\u00e9teres sportmedenc\u00e9je\" alt=\"A parkf\u00fcrd\u0151 50 m\u00e9teres sportmedenc\u00e9je\" src=\"https:\/\/gyoparosfurdo-oroshaza.hu\/wp-content\/gallery\/parkfurdo_rovid\/thumbs\/thumbs_parkfurdo_ugras.jpg\" width=\"120\" height=\"95\" \/>\n\t\t\t\t\t\t\t<\/a>\n\t\t<\/div>\n\t<\/div>\n\t\n\t\t\n \t \t\n\t<!-- Pagination -->\n \t<div class='ngg-clear'><\/div>\n \t\n<\/div>\n\n\n<h3>Gyop\u00e1rosf\u00fcrd\u0151 Harta<\/h3>\n\n<div class=\"kapcsolodo_tartalom\"><h3>Legate de con\u021binut<\/h3><ul class=\"custom_menu\"><li class=\"page_item page-item-25885\"><a title=\"Baile de agrement\" href=\"https:\/\/gyoparosfurdo-oroshaza.hu\/ro\/gyoparosfurdo\/baile-de-agrement\">Baile de agrement<\/a><\/li><li class=\"page_item page-item-25902\"><a title=\"B\u0103ile termale\" href=\"https:\/\/gyoparosfurdo-oroshaza.hu\/ro\/gyoparosfurdo\/baile-termale\">B\u0103ile termale<\/a><\/li><li class=\"page_item page-item-26174\"><a title=\"Complexul de saune\" href=\"https:\/\/gyoparosfurdo-oroshaza.hu\/ro\/gyoparosfurdo\/complexul-de-saune\">Complexul de saune<\/a><\/li><li class=\"page_item page-item-26256\"><a title=\"Regulament de ordine interioar\u0103\" href=\"https:\/\/gyoparosfurdo-oroshaza.hu\/ro\/gyoparosfurdo\/complexul-de-saune\/regulament-de-ordine-interioara\">Regulament de ordine interioar\u0103<\/a><\/li><li class=\"page_item page-item-26269\"><a title=\"Modul corect de a face saun\u0103\" href=\"https:\/\/gyoparosfurdo-oroshaza.hu\/ro\/gyoparosfurdo\/complexul-de-saune\/modul-corect-de-a-face-sauna\">Modul corect de a face saun\u0103<\/a><\/li><li class=\"page_item page-item-26252\"><a title=\"Cultura de saun\u0103\" href=\"https:\/\/gyoparosfurdo-oroshaza.hu\/ro\/gyoparosfurdo\/complexul-de-saune\/cultura-de-sauna\">Cultura de saun\u0103<\/a><\/li><\/ul><ul class=\"custom_menu\"><li class=\"page_item page-item-26280\"><a title=\"Gyop\u00e1rosf\u00fcrd\u0151 \u2013 J\u00e1t\u00e9kkuck\u00f3 \u2013 loc de joac\u0103 pentru copii\" href=\"https:\/\/gyoparosfurdo-oroshaza.hu\/ro\/gyoparosfurdo\/gyoparosfurdo-jatekkucko-loc-de-joaca-pentru-copii\">Gyop\u00e1rosf\u00fcrd\u0151 \u2013 J\u00e1t\u00e9kkuck\u00f3 \u2013 loc de joac\u0103 pentru copii<\/a><\/li><li class=\"page_item page-item-26345\"><a title=\"Gyop\u00e1rosf\u00fcrd\u0151 \u2013 sta\u021biune balnear\u0103\" href=\"https:\/\/gyoparosfurdo-oroshaza.hu\/ro\/gyoparosfurdo\/gyoparosfurdo-statiune-balneara\">Gyop\u00e1rosf\u00fcrd\u0151 \u2013 sta\u021biune balnear\u0103<\/a><\/li><li class=\"page_item page-item-26359\"><a title=\"Gyop\u00e1rosf\u00fcrd\u0151 panorama\" href=\"https:\/\/gyoparosfurdo-oroshaza.hu\/ro\/gyoparosfurdo\/gyoparosfurdo-panorama\">Gyop\u00e1rosf\u00fcrd\u0151 panorama<\/a><\/li><li class=\"page_item page-item-25881\"><a title=\"Istorie\" href=\"https:\/\/gyoparosfurdo-oroshaza.hu\/ro\/gyoparosfurdo\/istorie\">Istorie<\/a><\/li><li class=\"page_item page-item-26404\"><a title=\"Masaje\" href=\"https:\/\/gyoparosfurdo-oroshaza.hu\/ro\/gyoparosfurdo\/masaje\">Masaje<\/a><\/li><li class=\"page_item page-item-25997\"><a title=\"Orar\" href=\"https:\/\/gyoparosfurdo-oroshaza.hu\/ro\/gyoparosfurdo\/orar\">Orar<\/a><\/li><\/ul><ul class=\"custom_menu\"><li class=\"page_item page-item-26493\"><a title=\"Parcare\" href=\"https:\/\/gyoparosfurdo-oroshaza.hu\/ro\/gyoparosfurdo\/parcare\">Parcare<\/a><\/li><li class=\"page_item page-item-25898\"><a title=\"Parcul si strandul\" href=\"https:\/\/gyoparosfurdo-oroshaza.hu\/ro\/gyoparosfurdo\/parcul-si-strandul\">Parcul si strandul<\/a><\/li><li class=\"page_item page-item-26273\"><a title=\"Seans de saun\u0103\" href=\"https:\/\/gyoparosfurdo-oroshaza.hu\/ro\/gyoparosfurdo\/seans-de-sauna\">Seans de saun\u0103<\/a><\/li><li class=\"page_item page-item-25974\"><a title=\"Tarife\" href=\"https:\/\/gyoparosfurdo-oroshaza.hu\/ro\/gyoparosfurdo\/tarife\">Tarife<\/a><\/li><li class=\"page_item page-item-26329\"><a title=\"Video spoturi\" href=\"https:\/\/gyoparosfurdo-oroshaza.hu\/ro\/gyoparosfurdo\/video-spoturi\">Video spoturi<\/a><\/li><li class=\"page_item page-item-26152\"><a title=\"Wellness\" href=\"https:\/\/gyoparosfurdo-oroshaza.hu\/ro\/gyoparosfurdo\/wellness\">Wellness<\/a><\/li><\/ul><br class=\"clear\" \/><\/div>\n<div class=\"topten_slider_title\"><span class=\"h3\">Programe Top<\/span><a href=\"https:\/\/gyoparosfurdo-oroshaza.hu\/ro\/programe\" title=\"Programe \u00bb\">Programe \u00bb<\/a><\/div><div class=\"topten_container topten_slider\" id=\"topten_slider\"><ul class=\"topten_inner\"><li class=\"topten_item\" data-id=\"tsi_1\"><a href=\"\/ro\/programe\/pentru-fotografi\" title=\"Pentru fotografi\" class=\"topten_link\" style=\"background: url(\/wp-content\/uploads\/2012\/05\/fotosoknak-top-programok-gyoparosfurdon.jpg) top left no-repeat;\"><span class=\"title\">Pentru fotografi<\/span><\/a><a href=\"\/ro\/programe\/in-timp-de-iarna\" title=\"In timp de iarna \" class=\"topten_link\" style=\"background: url(\/wp-content\/uploads\/2012\/05\/telen-top-programok-gyoparosfurdon.jpg) top left no-repeat;\"><span class=\"title\">In timp de iarna <\/span><\/a><a href=\"\/ro\/programe\/pentru-familii\" title=\"Pentru familii\" class=\"topten_link\" style=\"background: url(\/wp-content\/uploads\/2012\/05\/csaladosoknak-top-programok-gyoparosfurdon.jpg) top left no-repeat;\"><span class=\"title\">Pentru familii<\/span><\/a><a href=\"\/ro\/programe\/pentru-cupluri\" title=\"Pentru cupluri\" class=\"topten_link\" style=\"background: url(\/wp-content\/uploads\/2012\/05\/paroknak-top-programok-gyoparosfurdon.jpg) top left no-repeat;\"><span class=\"title\">Pentru cupluri<\/span><\/a><a href=\"\/ro\/programe\/pentru-o-singura-zi\" title=\"O singura zi\" class=\"topten_link\" style=\"background: url(\/wp-content\/uploads\/2012\/05\/1-napra-top-programok-gyoparosfurdon.jpg) top left no-repeat;\"><span class=\"title\">O singura zi<\/span><\/a><a href=\"\/ro\/programe\/pentru-biciclisti\" title=\"Pentru biciclisti\" class=\"topten_link\" style=\"background: url(\/wp-content\/uploads\/2012\/05\/kerekparosoknak-top-programok-gyoparosfurdon.jpg) top left no-repeat;\"><span class=\"title\">Pentru biciclisti<\/span><\/a><\/li><li class=\"topten_item\" data-id=\"tsi_2\"><a href=\"\/ro\/programe\/programe-pentru-un-week-end\" title=\"Un week-end\" class=\"topten_link\" style=\"background: url(\/wp-content\/uploads\/2012\/05\/hetvegere-top-programok-gyoparosfurdon.jpg) top left no-repeat;\"><span class=\"title\">Un week-end<\/span><\/a><a href=\"\/ro\/programe\/in-timp-de-vara\" title=\"In timp de vara\" class=\"topten_link\" style=\"background: url(\/wp-content\/uploads\/2012\/05\/nyaron-top-programok-gyoparosfurdon.jpg) top left no-repeat;\"><span class=\"title\">In timp de vara<\/span><\/a><a href=\"\/ro\/programe\/tineri\" title=\"Pentru tineri\" class=\"topten_link\" style=\"background: url(\/wp-content\/uploads\/2012\/05\/fiataloknak-top-programok-gyoparosfurdon.jpg) top left no-repeat;\"><span class=\"title\">Pentru tineri<\/span><\/a><a href=\"\/ro\/programe\/pentru-amatori-de-sport\" title=\"Amatori de sport\" class=\"topten_link\" style=\"background: url(\/wp-content\/uploads\/2012\/05\/sportbaratoknak-top-programok-gyoparosfurdon.jpg) top left no-repeat;\"><span class=\"title\">Amatori de sport<\/span><\/a><a href=\"\/ro\/programe\/cu-masina\" title=\"Cu masina\" class=\"topten_link\" style=\"background: url(\/wp-content\/uploads\/2012\/05\/autoval-top-programok-gyoparosfurdon.jpg) top left no-repeat;\"><span class=\"title\">Cu masina<\/span><\/a><a href=\"\/ro\/programe\/pentru-amatori-de-cultura\" title=\"Amatori de cultura\" class=\"topten_link\" style=\"background: url(\/wp-content\/uploads\/2012\/05\/kulturabaratoknak-top-programok-gyoparosfurdon.jpg) top left no-repeat;\"><span class=\"title\">Amatori de cultura<\/span><\/a><\/li><li class=\"topten_item\" data-id=\"tsi_3\"><a href=\"\/ro\/programe\/pentru-o-singura-saptamana\" title=\"Saptamana\" class=\"topten_link\" style=\"background: url(\/wp-content\/uploads\/2012\/05\/1-hetre-top-programok-gyoparosfurdon.jpg) top left no-repeat;\"><span class=\"title\">Saptamana<\/span><\/a><a href=\"\/ro\/programe\/pentru-pescatori\" title=\"Pentru pescatori \" class=\"topten_link\" style=\"background: url(\/wp-content\/uploads\/2012\/05\/horgaszoknak-top-programok-gyoparosfurdon.jpg) top left no-repeat;\"><span class=\"title\">Pentru pescatori <\/span><\/a><\/ul><div class=\"lapozobox\"><span id=\"lprev\"><\/span><span id=\"lnext\"><\/span><span id=\"ts_1\" class=\"active\"><\/span><span id=\"ts_2\" ><\/span><span id=\"ts_3\" ><\/span><\/div><\/div>\n","protected":false},"excerpt":{"rendered":"<p>Orosh\u00e1za-Gyop\u00e1rosf\u00fcrd\u0151 5904 Gyop\u00e1rosf\u00fcrd\u0151, Str. Fasor nr. 3. Telefon: +36-68\/512-260 E-mail: Orar Aici Baile Gyop\u00e1rosf\u00fcrd\u0151 cunoscut ca si Perla Campiei Maghiare functioneaza in acelas timp ca si strand termal, baie de agrement, baie termala, centru de sport, care ofera programe acvatice &hellip; <a href=\"https:\/\/gyoparosfurdo-oroshaza.hu\/ro\/gyoparosfurdo\">Folytat\u00e1s <span class=\"meta-nav\">&rarr;<\/span><\/a><\/p>\n","protected":false},"author":6,"featured_media":0,"parent":0,"menu_order":1,"comment_status":"closed","ping_status":"closed","template":"","meta":[],"_links":{"self":[{"href":"https:\/\/gyoparosfurdo-oroshaza.hu\/ro\/wp-json\/wp\/v2\/pages\/25877"}],"collection":[{"href":"https:\/\/gyoparosfurdo-oroshaza.hu\/ro\/wp-json\/wp\/v2\/pages"}],"about":[{"href":"https:\/\/gyoparosfurdo-oroshaza.hu\/ro\/wp-json\/wp\/v2\/types\/page"}],"author":[{"embeddable":true,"href":"https:\/\/gyoparosfurdo-oroshaza.hu\/ro\/wp-json\/wp\/v2\/users\/6"}],"replies":[{"embeddable":true,"href":"https:\/\/gyoparosfurdo-oroshaza.hu\/ro\/wp-json\/wp\/v2\/comments?post=25877"}],"version-history":[{"count":6,"href":"https:\/\/gyoparosfurdo-oroshaza.hu\/ro\/wp-json\/wp\/v2\/pages\/25877\/revisions"}],"predecessor-version":[{"id":39841,"href":"https:\/\/gyoparosfurdo-oroshaza.hu\/ro\/wp-json\/wp\/v2\/pages\/25877\/revisions\/39841"}],"wp:attachment":[{"href":"https:\/\/gyoparosfurdo-oroshaza.hu\/ro\/wp-json\/wp\/v2\/media?parent=25877"}],"curies":[{"name":"wp","href":"https:\/\/api.w.org\/{rel}","templated":true}]}}