{"id":26473,"date":"2018-11-07T18:21:34","date_gmt":"2018-11-07T17:21:34","guid":{"rendered":"https:\/\/gyoparosfurdo-oroshaza.hu\/holiday-opening-hours-2018"},"modified":"2018-11-07T18:21:34","modified_gmt":"2018-11-07T17:21:34","slug":"holiday-opening-hours-2018","status":"publish","type":"page","link":"https:\/\/gyoparosfurdo-oroshaza.hu\/en\/seasonal-offers\/holiday-opening-hours-2018","title":{"rendered":"Holiday opening hours 2018"},"content":{"rendered":"<h2>Our spa operates on Christmas and New Year&#8217;s Eve 2018.<\/h2>\n<table>\n<tr>\n<td style=\"background-color: #d0d1d3\" rowspan=\"4\"><span style=\"color: #ff6600; font-size: 13pt; font-weight: bold\">24 December<\/span><br \/>Monday<\/td>\n<td style=\"font-style: italic; background-color: #d0d1d3\">Adventure pools + Thermal pools<\/td>\n<td style=\"font-style: italic; font-weight: bold; background-color: #d0d1d3\">CLOSED<\/td>\n<\/tr>\n<tr>\n<td style=\"font-style: italic; background-color: #d0d1d3\">Sauna Park<\/td>\n<td style=\"font-style: italic; font-weight: bold; background-color: #d0d1d3\">CLOSED<\/td>\n<\/tr>\n<tr>\n<td style=\"font-style: italic; background-color: #d0d1d3\">Medical treatments<\/td>\n<td style=\"font-style: italic; font-weight: bold; background-color: #d0d1d3\">CLOSED<\/td>\n<\/tr>\n<tr>\n<td style=\"color: #000000;font-style: italic; background-color: #d0d1d3\">Wellness massage<\/td>\n<td style=\"color: #000000;font-style: italic; font-weight: bold; background-color: #d0d1d3\">CLOSED<\/td>\n<\/tr>\n<tr>\n<td rowspan=\"4\"><span style=\"font-size: 13pt; font-weight: bold; color: #ff6600\">25 December<\/span><br \/>Tuesday<\/td>\n<td style=\"font-style: italic;\">Adventure pools + Thermal pools<\/td>\n<td style=\"font-style: italic;\">10:00-20:00*<\/td>\n<\/tr>\n<tr>\n<td style=\"font-style: italic;\">Sauna Park<\/td>\n<td style=\"font-style: italic;\">10:00-19:30<\/td>\n<\/tr>\n<tr>\n<td style=\"color: #000000;font-style: italic;\">Medical treatments (01)<\/td>\n<td style=\"color: #000000;font-style: italic;\">10:30-19:00<\/td>\n<\/tr>\n<tr>\n<td style=\"color: #000000;font-style: italic;\">Wellness massage<\/td>\n<td style=\"font-style: italic;\">10:30-19:00<\/td>\n<\/tr>\n<tr>\n<td rowspan=\"4\"><span style=\"color: #ff6600;font-size: 13pt; font-weight: bold\">26 December<\/span><br \/>Wednesday<\/td>\n<td style=\"font-style: italic;\">Adventure pools + thermal pools<\/td>\n<td style=\"font-style: italic;\">10:00-20:00*<\/td>\n<\/tr>\n<tr>\n<td style=\"font-style: italic;\">Sauna Park<\/td>\n<td style=\"font-style: italic;\">10:00-19:30<\/td>\n<\/tr>\n<tr>\n<td style=\"font-style: italic;\">Medical treatments (01)<\/td>\n<td style=\"font-style: italic; \">10:30-19:00<\/td>\n<\/tr>\n<tr>\n<td style=\"color: #000000;font-style: italic;\">Wellness massage<\/span><\/td>\n<td style=\"color: #000000;font-style: italic;\">10:30-19:00<\/td>\n<\/tr>\n<tr>\n<td rowspan=\"5\"><span style=\"font-size: 13pt; font-weight: bold\">27 December<\/span><br \/>Thursday<\/td>\n<td style=\"font-style: italic;\">Adventure pools<\/td>\n<td style=\"font-style: italic;\">10:00-20:00*<\/td>\n<\/tr>\n<td style=\"font-style: italic;\">Thermal pools<\/td>\n<td style=\"font-style: italic;\">8:00-20:00*<\/td>\n<\/tr>\n<tr>\n<td style=\"font-style: italic;\">Sauna Park<\/td>\n<td style=\"font-style: italic;\">10:00-19:30<\/td>\n<\/tr>\n<tr>\n<td style=\"font-style: italic;\">Medical treatments (01; 06; 07)<\/td>\n<td style=\"font-style: italic;\">8:00-16:30<\/td>\n<\/tr>\n<tr>\n<td style=\"color: #000000;font-style: italic;\">Wellness massage<\/td>\n<td style=\"color: #000000;font-style: italic;\">8:00-19:00<\/td>\n<\/tr>\n<tr>\n<td rowspan=\"5\"><span style=\"font-size: 13pt; font-weight: bold\">28 December<\/span><br \/>Friday<\/td>\n<td style=\"font-style: italic;\">Adventure pools<\/td>\n<td style=\"font-style: italic; \">10:00-20:00*<\/td>\n<\/tr>\n<\/tr>\n<td style=\"font-style: italic;\">Thermal pools<\/td>\n<td style=\"font-style: italic;\">8:00-20:00*<\/td>\n<\/tr>\n<tr>\n<td style=\"font-style: italic;\">Sauna Park<\/td>\n<td style=\"font-style: italic; \">10:00-19:30<\/td>\n<\/tr>\n<tr>\n<td style=\"font-style: italic;\">Medical treatments (01; 06; 07)<\/td>\n<td style=\"font-style: italic;\">8:00-16:30<\/td>\n<\/tr>\n<tr>\n<td style=\"color: #000000;font-style: italic;\">Wellness massage<\/td>\n<td style=\"color: #000000;font-style: italic;\">8:00-19:00<\/td>\n<\/tr>\n<tr>\n<td rowspan=\"5\"><span style=\"font-size: 13pt; font-weight: bold\">29 December<\/span><br \/>Saturday<\/td>\n<td style=\"font-style: italic;\">Adventure pools \u2013 <a href=\"\/en\/programok\/ejszakai-furdozes\" title=\"Night Bathing\">Night Bathing<\/a><\/td>\n<td style=\"font-style: italic;\">10:00-24:00*<\/td>\n<\/tr>\n<tr>\n<td style=\"font-style: italic;\">Thermal pools<\/td>\n<td style=\"font-style: italic;\">10:00-20:00*<\/td>\n<\/tr>\n<tr>\n<td style=\"font-style: italic;\">Sauna Park \u2013 <a href=\"\/en\/programok\/ejszakai-furdozes\" title=\"Night Bathing\">Night Bathing<\/a><\/td>\n<td style=\"font-style: italic;\">10:00-23:30<\/td>\n<\/tr>\n<tr>\n<td style=\"font-style: italic;\">Medical treatments (01; 06; 07)<\/td>\n<td style=\"font-style: italic;\">10:00-16:30<\/td>\n<\/tr>\n<tr>\n<td style=\"color: #000000;font-style: italic;\">Wellness massage<\/td>\n<td style=\"color: #000000;font-style: italic;\">10:00-22:00<\/td>\n<\/tr>\n<td rowspan=\"5\"><span style=\"font-size: 13pt; font-weight: bold\">30 December<\/span><br \/>Sunday<\/td>\n<td style=\"font-style: italic;\">Adventure pools<\/td>\n<td style=\"font-style: italic;\">10:00-20:00*<\/td>\n<\/tr>\n<tr>\n<td style=\"font-style: italic;\">Thermal pools<\/td>\n<td style=\"font-style: italic;\">10:00-20:00*<\/td>\n<\/tr>\n<tr>\n<td style=\"font-style: italic;\">Sauna Park \u2013 <a href=\"\/en\/programok\/ejszakai-furdozes\" title=\"Night Bathing\">Night Bathing<\/a><\/td>\n<td style=\"font-style: italic;\">10:00-19:30<\/td>\n<\/tr>\n<tr>\n<td style=\"font-style: italic;\">Medical treatments (01)<\/td>\n<td style=\"font-style: italic;\">10:00-19:00<\/td>\n<\/tr>\n<tr>\n<td style=\"color: #000000;font-style: italic;\">Wellness massage<\/td>\n<td style=\"color: #000000;font-style: italic;\">10:30-19:00<\/td>\n<\/tr>\n<tr>\n<td rowspan=\"4\" style=\"background-color: #d0d1d3\"><span style=\"font-size: 13pt; font-weight: bold\">31 December<\/span><br \/>Monday<\/td>\n<td style=\"font-style: italic; background-color: #d0d1d3\">Adventure pools + Thermal pools<\/td>\n<td style=\"font-style: italic; background-color: #d0d1d3; font-weight: bold\">10:00-18:00*<\/td>\n<\/tr>\n<tr>\n<td style=\"font-style: italic; background-color: #d0d1d3\">Sauna Park<\/td>\n<td style=\"font-style: italic; background-color: #d0d1d3; font-weight: bold\">10:00-17:30<\/td>\n<\/tr>\n<tr>\n<td style=\"color: #000000; background-color: #d0d1d3\">Medical treatments (01)<\/td>\n<td style=\"color: #000000;font-style: italic; background-color: #d0d1d3; font-weight: bold\">10:00-18:00<\/td>\n<\/tr>\n<tr>\n<td style=\"color: #000000; background-color: #d0d1d3\">Wellness massage<\/td>\n<td style=\"font-style: italic; background-color: #d0d1d3; font-weight: bold\">10:00-18:00<\/td>\n<\/tr>\n<tr>\n<td rowspan=\"4\"><span style=\"color: #ff6600; font-size: 13pt; font-weight: bold\">1 January<\/span><br \/>Tuesday<\/td>\n<td style=\"color: #000000\">Adventure pools + Thermal pools<\/td>\n<td style=\"font-style: italic; \">10:00-20:00*<\/td>\n<\/tr>\n<tr>\n<td>Sauna Park<\/td>\n<td style=\"font-style: italic;\">10:00-19:30<\/td>\n<\/tr>\n<tr>\n<td>Medical treatments (01)<\/td>\n<td style=\"font-style: italic\">10:30-19:00<\/td>\n<\/tr>\n<tr>\n<td style=\"color: #000000;\">Wellness massage<\/td>\n<td style=\"font-style: italic; \">10:30-19:00<\/td>\n<\/tr>\n<tr>\n<TD COLSPAN=3 STYLE=\"font-size: 13pt; font-weight: bold;\">Starting from 2 January 2018. we are open according to the <a href=\"https:\/\/gyoparosfurdo-oroshaza.hu\/en\/gyoparosfurdo\/opening-hours\" title=\"Normal opening hours\">normal opening hours<\/a>!<\/td>\n<\/tr>\n<p><\/TABLE><\/p>\n<p><i>* Pools close 30 minutes before the indicated closing time of the spa!<\/i><\/p>\n<h3>Related Links<\/h3>\n<ul style=\"padding-bottom: 20px;\">\n<li><a href=\"https:\/\/gyoparosfurdo-oroshaza.hu\/en\/gyoparosfurdo\/opening-hours\">Gyop\u00e1rosf\u00fcrd\u0151 opening hours<\/a><\/li>\n<li><a href=\"https:\/\/gyoparosfurdo-oroshaza.hu\/en\/gyoparosfurdo\/aquapark\">Adventure pools<\/a><\/li>\n<li><a href=\"https:\/\/gyoparosfurdo-oroshaza.hu\/en\/gyoparosfurdo\/thermal-spa\">Thermal Spa<\/a><\/li>\n<li><a href=\"https:\/\/gyoparosfurdo-oroshaza.hu\/en\/gyoparosfurdo\/sauna-park\">Sauna Park<\/a><\/li>\n<li><a href=\"\/en\/programok\/ejszakai-furdozes\">Night swimming<\/a><\/li>\n<\/ul>\n","protected":false},"excerpt":{"rendered":"<p>Our spa operates on Christmas and New Year&#8217;s Eve 2018. 24 DecemberMonday Adventure pools + Thermal pools CLOSED Sauna Park CLOSED Medical treatments CLOSED Wellness massage CLOSED 25 DecemberTuesday Adventure pools + Thermal pools 10:00-20:00* Sauna Park 10:00-19:30 Medical treatments &hellip; <a href=\"https:\/\/gyoparosfurdo-oroshaza.hu\/en\/seasonal-offers\/holiday-opening-hours-2018\">Folytat\u00e1s <span class=\"meta-nav\">&rarr;<\/span><\/a><\/p>\n","protected":false},"author":6,"featured_media":0,"parent":26377,"menu_order":0,"comment_status":"closed","ping_status":"closed","template":"","meta":[],"_links":{"self":[{"href":"https:\/\/gyoparosfurdo-oroshaza.hu\/en\/wp-json\/wp\/v2\/pages\/26473"}],"collection":[{"href":"https:\/\/gyoparosfurdo-oroshaza.hu\/en\/wp-json\/wp\/v2\/pages"}],"about":[{"href":"https:\/\/gyoparosfurdo-oroshaza.hu\/en\/wp-json\/wp\/v2\/types\/page"}],"author":[{"embeddable":true,"href":"https:\/\/gyoparosfurdo-oroshaza.hu\/en\/wp-json\/wp\/v2\/users\/6"}],"replies":[{"embeddable":true,"href":"https:\/\/gyoparosfurdo-oroshaza.hu\/en\/wp-json\/wp\/v2\/comments?post=26473"}],"version-history":[{"count":0,"href":"https:\/\/gyoparosfurdo-oroshaza.hu\/en\/wp-json\/wp\/v2\/pages\/26473\/revisions"}],"up":[{"embeddable":true,"href":"https:\/\/gyoparosfurdo-oroshaza.hu\/en\/wp-json\/wp\/v2\/pages\/26377"}],"wp:attachment":[{"href":"https:\/\/gyoparosfurdo-oroshaza.hu\/en\/wp-json\/wp\/v2\/media?parent=26473"}],"curies":[{"name":"wp","href":"https:\/\/api.w.org\/{rel}","templated":true}]}}