{"id":26457,"date":"2018-03-27T22:17:14","date_gmt":"2018-03-27T20:17:14","guid":{"rendered":"https:\/\/gyoparosfurdo-oroshaza.hu\/oroshaza-summer-2018"},"modified":"2018-03-27T22:17:14","modified_gmt":"2018-03-27T20:17:14","slug":"oroshaza-summer-2018","status":"publish","type":"page","link":"https:\/\/gyoparosfurdo-oroshaza.hu\/en\/oroshaza-summer-2018","title":{"rendered":"Orosh\u00e1za Summer  2018"},"content":{"rendered":"<h2>Exciting concerts, events and other entertainment facilities are available within the programme series Orosh\u00e1za Summer 2018, EVERY WEEK-END, till the begining of September. Guests and visitors are welcome at Orosh\u00e1za, Gyop\u00e1rosf\u00fcrd\u0151!<\/h2>\n<p><img loading=\"lazy\" src=\"\/wp-content\/uploads\/2018\/03\/oroshazi-nyar-2018.png\" alt=\"Orosh\u00e1zi ny\u00e1r 2018\" width=\"580\" height=\"334\" \/><\/p>\n<p style=\"font-size: 20px; font-style: italic; border-bottom: 1px solid #868d99 !important; width: 100%; margin-top: 15px;\u00a0padding-bottom: 5px; margin-bottom: 10px\">Oncoming events<\/p>\n<h3 class=\"summer\">8 September 2018. (Saturday)<\/h3>\n<h4 class=\"summer\">Concerts on the Main Square<\/h4>\n<p><span class=\"summerlocation\">Location:<\/span> <a href=\"\/en\/programok\/foter\" title=\"Orosh\u00e1za Main City Square\">Orosh\u00e1zi Main Square<\/a><br \/>\n<span class=\"summerprogram\">Programmes:<\/span><\/p>\n<ul class=\"summerul\">\n<li>17:30 Borsodi Blues Collective\n<li>20:00 Jimi Hendrix memorial Concert<br \/>Halper Hendrix, Experiment band and T\u00f6r\u00f6k \u00c1d\u00e1m, Szakcsi Lakatos B\u00e9la, K\u0151szegi Imre, Solti J\u00e1nos, Rick Toldon<\/ul>\n<div class=\"topten_slider_title\"><span class=\"h3\">Top programmes<\/span><a href=\"https:\/\/gyoparosfurdo-oroshaza.hu\/en\/programs\" title=\"Show all programmes \u00bb\">Show all programmes \u00bb<\/a><\/div><div class=\"topten_container topten_slider\" id=\"topten_slider\"><ul class=\"topten_inner\"><li class=\"topten_item\" data-id=\"tsi_1\"><a href=\"\/en\/programs\/for-a-weekend\" title=\"for a weekend\" class=\"topten_link\" style=\"background: url(\/wp-content\/uploads\/2012\/05\/hetvegere-top-programok-gyoparosfurdon.jpg) top left no-repeat;\"><span class=\"title\">for a weekend<\/span><\/a><a href=\"\/en\/programs\/in-winter\" title=\"in winter\" class=\"topten_link\" style=\"background: url(\/wp-content\/uploads\/2012\/05\/telen-top-programok-gyoparosfurdon.jpg) top left no-repeat;\"><span class=\"title\">in winter<\/span><\/a><a href=\"\/en\/programs\/for-youngsters\" title=\"for youngsters\" class=\"topten_link\" style=\"background: url(\/wp-content\/uploads\/2012\/05\/fiataloknak-top-programok-gyoparosfurdon.jpg) top left no-repeat;\"><span class=\"title\">for youngsters<\/span><\/a><a href=\"\/en\/programs\/for-couples\" title=\"for couples\" class=\"topten_link\" style=\"background: url(\/wp-content\/uploads\/2012\/05\/paroknak-top-programok-gyoparosfurdon.jpg) top left no-repeat;\"><span class=\"title\">for couples<\/span><\/a><a href=\"\/en\/programs\/by-car\" title=\"by car\" class=\"topten_link\" style=\"background: url(\/wp-content\/uploads\/2012\/05\/autoval-top-programok-gyoparosfurdon.jpg) top left no-repeat;\"><span class=\"title\">by car<\/span><\/a><a href=\"\/en\/programs\/for-culture-fans\" title=\"for culture fans\" class=\"topten_link\" style=\"background: url(\/wp-content\/uploads\/2012\/05\/kulturabaratoknak-top-programok-gyoparosfurdon.jpg) top left no-repeat;\"><span class=\"title\">for culture fans<\/span><\/a><\/li><li class=\"topten_item\" data-id=\"tsi_2\"><a href=\"\/en\/programs\/1-week\" title=\"for 1 week\" class=\"topten_link\" style=\"background: url(\/wp-content\/uploads\/2012\/05\/1-hetre-top-programok-gyoparosfurdon.jpg) top left no-repeat;\"><span class=\"title\">for 1 week<\/span><\/a><a href=\"\/en\/programs\/for-anglers\" title=\"for anglers\" class=\"topten_link\" style=\"background: url(\/wp-content\/uploads\/2012\/05\/horgaszoknak-top-programok-gyoparosfurdon.jpg) top left no-repeat;\"><span class=\"title\">for anglers<\/span><\/a><a href=\"\/en\/programs\/for-photographers\" title=\"for photographers\" class=\"topten_link\" style=\"background: url(\/wp-content\/uploads\/2012\/05\/fotosoknak-top-programok-gyoparosfurdon.jpg) top left no-repeat;\"><span class=\"title\">for photographers<\/span><\/a><a href=\"\/en\/programs\/for-sports-fans\" title=\"for sports fans\" class=\"topten_link\" style=\"background: url(\/wp-content\/uploads\/2012\/05\/sportbaratoknak-top-programok-gyoparosfurdon.jpg) top left no-repeat;\"><span class=\"title\">for sports fans<\/span><\/a><a href=\"\/en\/programs\/for-families\" title=\"for families\" class=\"topten_link\" style=\"background: url(\/wp-content\/uploads\/2012\/05\/csaladosoknak-top-programok-gyoparosfurdon.jpg) top left no-repeat;\"><span class=\"title\">for families<\/span><\/a><a href=\"\/en\/programs\/in-summer\" title=\"in summer\" class=\"topten_link\" style=\"background: url(\/wp-content\/uploads\/2012\/05\/nyaron-top-programok-gyoparosfurdon.jpg) top left no-repeat;\"><span class=\"title\">in summer<\/span><\/a><\/li><li class=\"topten_item\" data-id=\"tsi_3\"><a href=\"\/en\/programs\/1-day\" title=\"for 1 day\" class=\"topten_link\" style=\"background: url(\/wp-content\/uploads\/2012\/05\/1-napra-top-programok-gyoparosfurdon.jpg) top left no-repeat;\"><span class=\"title\">for 1 day<\/span><\/a><a href=\"\/en\/programs\/for-cyclers\" title=\"for cyclers\" class=\"topten_link\" style=\"background: url(\/wp-content\/uploads\/2012\/05\/kerekparosoknak-top-programok-gyoparosfurdon.jpg) top left no-repeat;\"><span class=\"title\">for cyclers<\/span><\/a><\/ul><div class=\"lapozobox\"><span id=\"lprev\"><\/span><span id=\"lnext\"><\/span><span id=\"ts_1\" class=\"active\"><\/span><span id=\"ts_2\" ><\/span><span id=\"ts_3\" ><\/span><\/div><\/div>\n","protected":false},"excerpt":{"rendered":"<p>Exciting concerts, events and other entertainment facilities are available within the programme series Orosh\u00e1za Summer 2018, EVERY WEEK-END, till the begining of September. Guests and visitors are welcome at Orosh\u00e1za, Gyop\u00e1rosf\u00fcrd\u0151! Oncoming events 8 September 2018. (Saturday) Concerts on the &hellip; <a href=\"https:\/\/gyoparosfurdo-oroshaza.hu\/en\/oroshaza-summer-2018\">Folytat\u00e1s <span class=\"meta-nav\">&rarr;<\/span><\/a><\/p>\n","protected":false},"author":6,"featured_media":0,"parent":0,"menu_order":0,"comment_status":"closed","ping_status":"closed","template":"","meta":[],"_links":{"self":[{"href":"https:\/\/gyoparosfurdo-oroshaza.hu\/en\/wp-json\/wp\/v2\/pages\/26457"}],"collection":[{"href":"https:\/\/gyoparosfurdo-oroshaza.hu\/en\/wp-json\/wp\/v2\/pages"}],"about":[{"href":"https:\/\/gyoparosfurdo-oroshaza.hu\/en\/wp-json\/wp\/v2\/types\/page"}],"author":[{"embeddable":true,"href":"https:\/\/gyoparosfurdo-oroshaza.hu\/en\/wp-json\/wp\/v2\/users\/6"}],"replies":[{"embeddable":true,"href":"https:\/\/gyoparosfurdo-oroshaza.hu\/en\/wp-json\/wp\/v2\/comments?post=26457"}],"version-history":[{"count":0,"href":"https:\/\/gyoparosfurdo-oroshaza.hu\/en\/wp-json\/wp\/v2\/pages\/26457\/revisions"}],"wp:attachment":[{"href":"https:\/\/gyoparosfurdo-oroshaza.hu\/en\/wp-json\/wp\/v2\/media?parent=26457"}],"curies":[{"name":"wp","href":"https:\/\/api.w.org\/{rel}","templated":true}]}}