{"id":26440,"date":"2018-01-08T17:24:00","date_gmt":"2018-01-08T16:24:00","guid":{"rendered":"https:\/\/gyoparosfurdo-oroshaza.hu\/free-entrance-ticket-to-gyoparos-spa-yes-it-is-possible"},"modified":"2018-01-08T17:24:00","modified_gmt":"2018-01-08T16:24:00","slug":"free-entrance-ticket-to-gyoparos-spa-yes-it-is-possible","status":"publish","type":"page","link":"https:\/\/gyoparosfurdo-oroshaza.hu\/en\/free-entrance-ticket-to-gyoparos-spa-yes-it-is-possible","title":{"rendered":"Free entrance ticket to Gyop\u00e1ros Spa?  Yes, it is possible!!!"},"content":{"rendered":"<h2>In February and March of 2018 we are preparing an extraordinary surprise for our foreign guests. <\/h2>\n<h3>1+1 Promotion at Gyop\u00e1rosf\u00fcrd\u0151<\/h3>\n<p>During the period from  1 February to 31 March 2018 our guests coming from abroad will be given a free entrance ticket to the spa complex at the purchase of an entrance ticket to the aqua-park of Orosh\u00e1za-Gyop\u00e1rosf\u00fcrd\u0151.<\/p>\n<p>It means that guests arriving together with their families can purchase two tickets for the price of one. In order to receive this discount please show your valid passport or ID card at the entrance. We offer a natural environment of unique beauty, sauna park, aqua-park, thermal spa and special massages. <\/p>\n<ul>\n<li><a href=\"https:\/\/gyoparosfurdo-oroshaza.hu\/en\/gyoparosfurdo\/aquapark\">Aqua-park<\/a><\/li>\n<li><a href=\"https:\/\/gyoparosfurdo-oroshaza.hu\/en\/gyoparosfurdo\/park-and-outdoor-pools\">Outdoor pools and park<\/a><\/li>\n<li><a href=\"https:\/\/gyoparosfurdo-oroshaza.hu\/en\/gyoparosfurdo\/thermal-spa\">Thermal spa<\/a><\/li>\n<li><a href=\"https:\/\/gyoparosfurdo-oroshaza.hu\/en\/gyoparosfurdo\/sauna-park\">Sauna park<\/a><\/li>\n<li><a href=\"https:\/\/gyoparosfurdo-oroshaza.hu\/en\/accomodations\">Accommodations<\/a><\/li>\n<\/ul>\n<p><b>We are looking forward to your visit!<\/b><\/p>\n","protected":false},"excerpt":{"rendered":"<p>In February and March of 2018 we are preparing an extraordinary surprise for our foreign guests. 1+1 Promotion at Gyop\u00e1rosf\u00fcrd\u0151 During the period from 1 February to 31 March 2018 our guests coming from abroad will be given a free &hellip; <a href=\"https:\/\/gyoparosfurdo-oroshaza.hu\/en\/free-entrance-ticket-to-gyoparos-spa-yes-it-is-possible\">Folytat\u00e1s <span class=\"meta-nav\">&rarr;<\/span><\/a><\/p>\n","protected":false},"author":6,"featured_media":0,"parent":0,"menu_order":0,"comment_status":"closed","ping_status":"closed","template":"","meta":[],"_links":{"self":[{"href":"https:\/\/gyoparosfurdo-oroshaza.hu\/en\/wp-json\/wp\/v2\/pages\/26440"}],"collection":[{"href":"https:\/\/gyoparosfurdo-oroshaza.hu\/en\/wp-json\/wp\/v2\/pages"}],"about":[{"href":"https:\/\/gyoparosfurdo-oroshaza.hu\/en\/wp-json\/wp\/v2\/types\/page"}],"author":[{"embeddable":true,"href":"https:\/\/gyoparosfurdo-oroshaza.hu\/en\/wp-json\/wp\/v2\/users\/6"}],"replies":[{"embeddable":true,"href":"https:\/\/gyoparosfurdo-oroshaza.hu\/en\/wp-json\/wp\/v2\/comments?post=26440"}],"version-history":[{"count":0,"href":"https:\/\/gyoparosfurdo-oroshaza.hu\/en\/wp-json\/wp\/v2\/pages\/26440\/revisions"}],"wp:attachment":[{"href":"https:\/\/gyoparosfurdo-oroshaza.hu\/en\/wp-json\/wp\/v2\/media?parent=26440"}],"curies":[{"name":"wp","href":"https:\/\/api.w.org\/{rel}","templated":true}]}}