{"id":26367,"date":"2017-03-20T13:19:47","date_gmt":"2017-03-20T12:19:47","guid":{"rendered":"https:\/\/gyoparosfurdo-oroshaza.hu\/tourist-train-dotto-in-year-2021"},"modified":"2024-09-30T09:41:17","modified_gmt":"2024-09-30T07:41:17","slug":"tourist-train-dotto-in-year-2021","status":"publish","type":"page","link":"https:\/\/gyoparosfurdo-oroshaza.hu\/en\/tourist-train-dotto-in-year-2021","title":{"rendered":"Tourist train Dotto in year 2024"},"content":{"rendered":"<h2>The Dotto tourist train will not run from September 30, 2024 until spring 2025.<\/h2>\n<p>Visitors can cover the distance of 4 km from Orosh\u00e1za centre to Gyop\u00e1rosf\u00fcrd\u0151 using the scheduled Dotto minitrain-service part from using the public transport. The single ticket costs 700 Ft, for local residents only 400 Ft. The travel time is 30 minutes with the following stops: <\/p>\n<p><i>Orosh\u00e1za Main Square \u2013 Gyop\u00e1rosf\u00fcrd\u0151<\/i><br \/>\n<a title=\"F\u0151t\u00e9r\" href=\"\/en\/programok\/foter\">Orosh\u00e1za f\u0151t\u00e9r <\/a> (departure) \u2013 T\u00e1ncsics utca (5 min) \u2013 \u00c1rp\u00e1d kert (10 min) \u2013 R\u00e1k\u00f3czi \u00fat (15 min) \u2013 <a title=\"Alf\u00f6ld Gy\u00f6ngye Hotel\" href=\"\/en\/alfold-gyongye-hotel-es-konferenciakozpont\">Alf\u00f6ld Gy\u00f6ngye Hotel<\/a> (20 min) \u2013  <a title=\"Gyop\u00e1rosf\u00fcrd\u0151\" href=\"\/en\/gyoparosfurdo\">Gyop\u00e1rosf\u00fcrd\u0151 Spa main entrance<\/a> (30 min)<\/p>\n<p><i>Gyop\u00e1rosf\u00fcrd\u0151 \u2013 Orosh\u00e1za Main Square<\/i><br \/>\n<a title=\"Gyop\u00e1rosf\u00fcrd\u0151\" href=\"\/en\/gyoparosfurdo\">Gyop\u00e1rosf\u00fcrd\u0151 Spa main entrance<\/a> (departure) \u2013 <a title=\"Alf\u00f6ld Gy\u00f6ngye Hotel\" href=\"\/en\/alfold-gyongye-hotel-es-konferenciakozpont\">Alf\u00f6ld Gy\u00f6ngye Hotel<\/a> (5 min) \u2013 El\u0151d utca (25 min) \u2013 <a title=\"F\u0151t\u00e9r\" href=\"\/en\/programok\/foter\">Orosh\u00e1za f\u0151t\u00e9r<\/a> (30 min)<\/p>\n<h3>2024 timetable<\/h3>\n<p><b>Departures from Orosh\u00e1za Main Square to Gyop\u00e1rosf\u00fcrd\u0151 at<\/b>: 09:30, 11:30, 13:30, 15:30, 17:30, 19:30<br \/>\n<b>Departures from Gyop\u00e1rosf\u00fcrd\u0151 to Orosh\u00e1za Main Square<\/b>: 10:15, 12:15, 14:15, 16:15, 18:15, 20:15<\/p>\n<p>THE COMPANY RESERVES THE RIGHT TO CHANGE THE TIMETABLE !<\/p>\n<p>&nbsp;<\/p>\n\n<div class=\"ngg-galleryoverview\" id=\"ngg-gallery-97-26367\">\n\n\n\t\n\t<!-- Thumbnails -->\n\t\t\n\t<div id=\"ngg-image-1369\" class=\"ngg-gallery-thumbnail-box\"  >\n\t\t<div class=\"ngg-gallery-thumbnail\" >\n\t\t\t<a href=\"https:\/\/gyoparosfurdo-oroshaza.hu\/wp-content\/gallery\/dotto\/dotto-4.jpg\" title=\" \" class=\"thickbox\" rel=\"set_97\" >\n\t\t\t\t\t\t\t\t<img title=\"Dott\u00f3-vonat Orosh\u00e1za\" alt=\"Dott\u00f3-vonat Orosh\u00e1za\" src=\"https:\/\/gyoparosfurdo-oroshaza.hu\/wp-content\/gallery\/dotto\/thumbs\/thumbs_dotto-4.jpg\" width=\"120\" height=\"95\" \/>\n\t\t\t\t\t\t\t<\/a>\n\t\t<\/div>\n\t<\/div>\n\t\n\t\t\n \t\t\n\t<div id=\"ngg-image-1368\" class=\"ngg-gallery-thumbnail-box\"  >\n\t\t<div class=\"ngg-gallery-thumbnail\" >\n\t\t\t<a href=\"https:\/\/gyoparosfurdo-oroshaza.hu\/wp-content\/gallery\/dotto\/dotto-3.jpg\" title=\" \" class=\"thickbox\" rel=\"set_97\" >\n\t\t\t\t\t\t\t\t<img title=\"Dott\u00f3-vonat Orosh\u00e1za\" alt=\"Dott\u00f3-vonat Orosh\u00e1za\" src=\"https:\/\/gyoparosfurdo-oroshaza.hu\/wp-content\/gallery\/dotto\/thumbs\/thumbs_dotto-3.jpg\" width=\"120\" height=\"95\" \/>\n\t\t\t\t\t\t\t<\/a>\n\t\t<\/div>\n\t<\/div>\n\t\n\t\t\n \t\t\n\t<div id=\"ngg-image-1366\" class=\"ngg-gallery-thumbnail-box\"  >\n\t\t<div class=\"ngg-gallery-thumbnail\" >\n\t\t\t<a href=\"https:\/\/gyoparosfurdo-oroshaza.hu\/wp-content\/gallery\/dotto\/dotto-1.jpg\" title=\" \" class=\"thickbox\" rel=\"set_97\" >\n\t\t\t\t\t\t\t\t<img title=\"Dott\u00f3-vonat Orosh\u00e1za\" alt=\"Dott\u00f3-vonat Orosh\u00e1za\" src=\"https:\/\/gyoparosfurdo-oroshaza.hu\/wp-content\/gallery\/dotto\/thumbs\/thumbs_dotto-1.jpg\" width=\"120\" height=\"95\" \/>\n\t\t\t\t\t\t\t<\/a>\n\t\t<\/div>\n\t<\/div>\n\t\n\t\t\n \t\t\n\t<div id=\"ngg-image-1367\" class=\"ngg-gallery-thumbnail-box\"  >\n\t\t<div class=\"ngg-gallery-thumbnail\" >\n\t\t\t<a href=\"https:\/\/gyoparosfurdo-oroshaza.hu\/wp-content\/gallery\/dotto\/dotto-2.jpg\" title=\" \" class=\"thickbox\" rel=\"set_97\" >\n\t\t\t\t\t\t\t\t<img title=\"Dott\u00f3-vonat Orosh\u00e1za\" alt=\"Dott\u00f3-vonat Orosh\u00e1za\" src=\"https:\/\/gyoparosfurdo-oroshaza.hu\/wp-content\/gallery\/dotto\/thumbs\/thumbs_dotto-2.jpg\" width=\"120\" height=\"95\" \/>\n\t\t\t\t\t\t\t<\/a>\n\t\t<\/div>\n\t<\/div>\n\t\n\t\t\n \t \t\n\t<!-- Pagination -->\n \t<div class='ngg-clear'><\/div>\n \t\n<\/div>\n\n\n<p>&nbsp;<\/p>\n<div class=\"topten_slider_title\"><span class=\"h3\">Top programmes<\/span><a href=\"https:\/\/gyoparosfurdo-oroshaza.hu\/en\/programs\" title=\"Show all programmes \u00bb\">Show all programmes \u00bb<\/a><\/div><div class=\"topten_container topten_slider\" id=\"topten_slider\"><ul class=\"topten_inner\"><li class=\"topten_item\" data-id=\"tsi_1\"><a href=\"\/en\/programs\/for-families\" title=\"for families\" class=\"topten_link\" style=\"background: url(\/wp-content\/uploads\/2012\/05\/csaladosoknak-top-programok-gyoparosfurdon.jpg) top left no-repeat;\"><span class=\"title\">for families<\/span><\/a><a href=\"\/en\/programs\/in-summer\" title=\"in summer\" class=\"topten_link\" style=\"background: url(\/wp-content\/uploads\/2012\/05\/nyaron-top-programok-gyoparosfurdon.jpg) top left no-repeat;\"><span class=\"title\">in summer<\/span><\/a><a href=\"\/en\/programs\/1-day\" title=\"for 1 day\" class=\"topten_link\" style=\"background: url(\/wp-content\/uploads\/2012\/05\/1-napra-top-programok-gyoparosfurdon.jpg) top left no-repeat;\"><span class=\"title\">for 1 day<\/span><\/a><a href=\"\/en\/programs\/for-cyclers\" title=\"for cyclers\" class=\"topten_link\" style=\"background: url(\/wp-content\/uploads\/2012\/05\/kerekparosoknak-top-programok-gyoparosfurdon.jpg) top left no-repeat;\"><span class=\"title\">for cyclers<\/span><\/a><a href=\"\/en\/programs\/for-a-weekend\" title=\"for a weekend\" class=\"topten_link\" style=\"background: url(\/wp-content\/uploads\/2012\/05\/hetvegere-top-programok-gyoparosfurdon.jpg) top left no-repeat;\"><span class=\"title\">for a weekend<\/span><\/a><a href=\"\/en\/programs\/in-winter\" title=\"in winter\" class=\"topten_link\" style=\"background: url(\/wp-content\/uploads\/2012\/05\/telen-top-programok-gyoparosfurdon.jpg) top left no-repeat;\"><span class=\"title\">in winter<\/span><\/a><\/li><li class=\"topten_item\" data-id=\"tsi_2\"><a href=\"\/en\/programs\/for-youngsters\" title=\"for youngsters\" class=\"topten_link\" style=\"background: url(\/wp-content\/uploads\/2012\/05\/fiataloknak-top-programok-gyoparosfurdon.jpg) top left no-repeat;\"><span class=\"title\">for youngsters<\/span><\/a><a href=\"\/en\/programs\/for-couples\" title=\"for couples\" class=\"topten_link\" style=\"background: url(\/wp-content\/uploads\/2012\/05\/paroknak-top-programok-gyoparosfurdon.jpg) top left no-repeat;\"><span class=\"title\">for couples<\/span><\/a><a href=\"\/en\/programs\/by-car\" title=\"by car\" class=\"topten_link\" style=\"background: url(\/wp-content\/uploads\/2012\/05\/autoval-top-programok-gyoparosfurdon.jpg) top left no-repeat;\"><span class=\"title\">by car<\/span><\/a><a href=\"\/en\/programs\/for-culture-fans\" title=\"for culture fans\" class=\"topten_link\" style=\"background: url(\/wp-content\/uploads\/2012\/05\/kulturabaratoknak-top-programok-gyoparosfurdon.jpg) top left no-repeat;\"><span class=\"title\">for culture fans<\/span><\/a><a href=\"\/en\/programs\/1-week\" title=\"for 1 week\" class=\"topten_link\" style=\"background: url(\/wp-content\/uploads\/2012\/05\/1-hetre-top-programok-gyoparosfurdon.jpg) top left no-repeat;\"><span class=\"title\">for 1 week<\/span><\/a><a href=\"\/en\/programs\/for-anglers\" title=\"for anglers\" class=\"topten_link\" style=\"background: url(\/wp-content\/uploads\/2012\/05\/horgaszoknak-top-programok-gyoparosfurdon.jpg) top left no-repeat;\"><span class=\"title\">for anglers<\/span><\/a><\/li><li class=\"topten_item\" data-id=\"tsi_3\"><a href=\"\/en\/programs\/for-photographers\" title=\"for photographers\" class=\"topten_link\" style=\"background: url(\/wp-content\/uploads\/2012\/05\/fotosoknak-top-programok-gyoparosfurdon.jpg) top left no-repeat;\"><span class=\"title\">for photographers<\/span><\/a><a href=\"\/en\/programs\/for-sports-fans\" title=\"for sports fans\" class=\"topten_link\" style=\"background: url(\/wp-content\/uploads\/2012\/05\/sportbaratoknak-top-programok-gyoparosfurdon.jpg) top left no-repeat;\"><span class=\"title\">for sports fans<\/span><\/a><\/ul><div class=\"lapozobox\"><span id=\"lprev\"><\/span><span id=\"lnext\"><\/span><span id=\"ts_1\" class=\"active\"><\/span><span id=\"ts_2\" ><\/span><span id=\"ts_3\" ><\/span><\/div><\/div>\n","protected":false},"excerpt":{"rendered":"<p>The Dotto tourist train will not run from September 30, 2024 until spring 2025. Visitors can cover the distance of 4 km from Orosh\u00e1za centre to Gyop\u00e1rosf\u00fcrd\u0151 using the scheduled Dotto minitrain-service part from using the public transport. The single &hellip; <a href=\"https:\/\/gyoparosfurdo-oroshaza.hu\/en\/tourist-train-dotto-in-year-2021\">Folytat\u00e1s <span class=\"meta-nav\">&rarr;<\/span><\/a><\/p>\n","protected":false},"author":6,"featured_media":0,"parent":0,"menu_order":0,"comment_status":"closed","ping_status":"closed","template":"","meta":[],"_links":{"self":[{"href":"https:\/\/gyoparosfurdo-oroshaza.hu\/en\/wp-json\/wp\/v2\/pages\/26367"}],"collection":[{"href":"https:\/\/gyoparosfurdo-oroshaza.hu\/en\/wp-json\/wp\/v2\/pages"}],"about":[{"href":"https:\/\/gyoparosfurdo-oroshaza.hu\/en\/wp-json\/wp\/v2\/types\/page"}],"author":[{"embeddable":true,"href":"https:\/\/gyoparosfurdo-oroshaza.hu\/en\/wp-json\/wp\/v2\/users\/6"}],"replies":[{"embeddable":true,"href":"https:\/\/gyoparosfurdo-oroshaza.hu\/en\/wp-json\/wp\/v2\/comments?post=26367"}],"version-history":[{"count":9,"href":"https:\/\/gyoparosfurdo-oroshaza.hu\/en\/wp-json\/wp\/v2\/pages\/26367\/revisions"}],"predecessor-version":[{"id":39187,"href":"https:\/\/gyoparosfurdo-oroshaza.hu\/en\/wp-json\/wp\/v2\/pages\/26367\/revisions\/39187"}],"wp:attachment":[{"href":"https:\/\/gyoparosfurdo-oroshaza.hu\/en\/wp-json\/wp\/v2\/media?parent=26367"}],"curies":[{"name":"wp","href":"https:\/\/api.w.org\/{rel}","templated":true}]}}