{"id":26362,"date":"2017-01-24T14:21:29","date_gmt":"2017-01-24T13:21:29","guid":{"rendered":"https:\/\/gyoparosfurdo-oroshaza.hu\/your-sign-up-request-was-successful"},"modified":"2017-01-24T14:21:29","modified_gmt":"2017-01-24T13:21:29","slug":"your-sign-up-request-was-successful","status":"publish","type":"page","link":"https:\/\/gyoparosfurdo-oroshaza.hu\/en\/your-sign-up-request-was-successful","title":{"rendered":"Your sign-up request was successful!"},"content":{"rendered":"<h2>You have successfully subscribed to our newsletter. In the next step you will receive an e-mail asking you to confirm your subscription \u2013 to do so please, follow the link and on the appearing website click on \u201eYES, I WISH TO SUBSCRIBE FOR THE NEWSLETTER\u201d. <\/h2>\n<p>Please make sure to confirm your application, otherwise you will not receive our newsletter in the future!<\/p>\n<hr>\n<h3>Learn more about Gyop\u00e1rosf\u00fcrd\u0151!<\/h3>\n<table>\n<tr style=\"vertical-align: top;\">\n<td style=\"vertical-align: top;\"><a href=\"\/en\/gyoparosfurdo\/panorama\"><img loading=\"lazy\" src=\"\/wp-content\/uploads\/2012\/04\/icon-360-mid.png\" width=\"63\" height=\"60\" \/><\/a><\/td>\n<td style=\"vertical-align: top; border: none;\"><a href=\"\/en\/gyoparosfurdo\/panorama\" style=\"font-size: 16px; font-weight: bold;\">Gyop\u00e1rosf\u00fcrd\u0151 panorama<\/a><br \/>Take a tour of the Gyop\u00e1rosf\u00fcrd\u0151 spa using 360\u00b0 panoramic pictures.<\/td>\n<\/tr>\n<\/table>\n<h4>Short movie about Gyop\u00e1rosf\u00fcrd\u0151 (2013)<\/h4>\n<p><iframe loading=\"lazy\" width=\"560\" height=\"315\" src=\"\/\/www.youtube.com\/embed\/W3XKg2nrjfg\" frameborder=\"0\" allowfullscreen><\/iframe><\/p>\n<h4>Pictures of Gyop\u00e1rosf\u00fcrd\u0151<\/h4>\n\n<div class=\"ngg-galleryoverview\" id=\"ngg-gallery-27-26362\">\n\n\n\t\n\t<!-- Thumbnails -->\n\t\t\n\t<div id=\"ngg-image-938\" class=\"ngg-gallery-thumbnail-box\"  >\n\t\t<div class=\"ngg-gallery-thumbnail\" >\n\t\t\t<a href=\"https:\/\/gyoparosfurdo-oroshaza.hu\/wp-content\/gallery\/gyoparosfurdo\/fk1.jpg\" title=\"Gyop\u00e1rosf\u00fcrd\u0151 a leveg\u0151b\u0151l\" class=\"thickbox\" rel=\"set_27\" >\n\t\t\t\t\t\t\t\t<img title=\"Gyop\u00e1rosf\u00fcrd\u0151 a leveg\u0151b\u0151l\" alt=\"Gyop\u00e1rosf\u00fcrd\u0151 a leveg\u0151b\u0151l\" src=\"https:\/\/gyoparosfurdo-oroshaza.hu\/wp-content\/gallery\/gyoparosfurdo\/thumbs\/thumbs_fk1.jpg\" width=\"120\" height=\"95\" \/>\n\t\t\t\t\t\t\t<\/a>\n\t\t<\/div>\n\t<\/div>\n\t\n\t\t\n \t\t\n\t<div id=\"ngg-image-939\" class=\"ngg-gallery-thumbnail-box\"  >\n\t\t<div class=\"ngg-gallery-thumbnail\" >\n\t\t\t<a href=\"https:\/\/gyoparosfurdo-oroshaza.hu\/wp-content\/gallery\/gyoparosfurdo\/fk2.jpg\" title=\"Gyop\u00e1rosf\u00fcrd\u0151 a leveg\u0151b\u0151l\" class=\"thickbox\" rel=\"set_27\" >\n\t\t\t\t\t\t\t\t<img title=\"Gyop\u00e1rosf\u00fcrd\u0151 a leveg\u0151b\u0151l\" alt=\"Gyop\u00e1rosf\u00fcrd\u0151 a leveg\u0151b\u0151l\" src=\"https:\/\/gyoparosfurdo-oroshaza.hu\/wp-content\/gallery\/gyoparosfurdo\/thumbs\/thumbs_fk2.jpg\" width=\"120\" height=\"95\" \/>\n\t\t\t\t\t\t\t<\/a>\n\t\t<\/div>\n\t<\/div>\n\t\n\t\t\n \t\t\n\t<div id=\"ngg-image-311\" class=\"ngg-gallery-thumbnail-box\"  >\n\t\t<div class=\"ngg-gallery-thumbnail\" >\n\t\t\t<a href=\"https:\/\/gyoparosfurdo-oroshaza.hu\/wp-content\/gallery\/gyoparosfurdo\/gyoparos_5.jpg\" title=\"A Gyop\u00e1rosi t\u00f3 kil\u00e1t\u00f3val \u00e9s az \u00e9lm\u00e9nyf\u00fcrd\u0151vel naplementekor\" class=\"thickbox\" rel=\"set_27\" >\n\t\t\t\t\t\t\t\t<img title=\"Orosh\u00e1za Gyop\u00e1rosf\u00fcrd\u0151 naplementekor\" alt=\"Orosh\u00e1za Gyop\u00e1rosf\u00fcrd\u0151 naplementekor\" src=\"https:\/\/gyoparosfurdo-oroshaza.hu\/wp-content\/gallery\/gyoparosfurdo\/thumbs\/thumbs_gyoparos_5.jpg\" width=\"120\" height=\"95\" \/>\n\t\t\t\t\t\t\t<\/a>\n\t\t<\/div>\n\t<\/div>\n\t\n\t\t\n \t\t\n\t<div id=\"ngg-image-312\" class=\"ngg-gallery-thumbnail-box\"  >\n\t\t<div class=\"ngg-gallery-thumbnail\" >\n\t\t\t<a href=\"https:\/\/gyoparosfurdo-oroshaza.hu\/wp-content\/gallery\/gyoparosfurdo\/gyoparos_6.jpg\" title=\"Az 50 m\u00e9teres sportmedence \u00e9lm\u00e9nyf\u00fcrd\u0151vel \u00e9s a kil\u00e1t\u00f3val a h\u00e1tt\u00e9rben\" class=\"thickbox\" rel=\"set_27\" >\n\t\t\t\t\t\t\t\t<img title=\"Sportmedence \u00e9lm\u00e9nyf\u00fcrd\u0151vel\" alt=\"Sportmedence \u00e9lm\u00e9nyf\u00fcrd\u0151vel\" src=\"https:\/\/gyoparosfurdo-oroshaza.hu\/wp-content\/gallery\/gyoparosfurdo\/thumbs\/thumbs_gyoparos_6.jpg\" width=\"120\" height=\"95\" \/>\n\t\t\t\t\t\t\t<\/a>\n\t\t<\/div>\n\t<\/div>\n\t\n\t\t\n \t \t\n\t<!-- Pagination -->\n \t<div class='ngg-clear'><\/div>\n \t\n<\/div>\n\n\n<h4>Pictures of adventure bath and therapy centre<\/h4>\n\n<div class=\"ngg-galleryoverview\" id=\"ngg-gallery-28-26362\">\n\n\n\t\n\t<!-- Thumbnails -->\n\t\t\n\t<div id=\"ngg-image-936\" class=\"ngg-gallery-thumbnail-box\"  >\n\t\t<div class=\"ngg-gallery-thumbnail\" >\n\t\t\t<a href=\"https:\/\/gyoparosfurdo-oroshaza.hu\/wp-content\/gallery\/elmenyfurdo_rovid\/ek2.jpg\" title=\"A gyop\u00e1rosi \u00e9lm\u00e9nyf\u00fcrd\u0151\" class=\"thickbox\" rel=\"set_28\" >\n\t\t\t\t\t\t\t\t<img title=\"A gyop\u00e1rosi \u00e9lm\u00e9nyf\u00fcrd\u0151\" alt=\"A gyop\u00e1rosi \u00e9lm\u00e9nyf\u00fcrd\u0151\" src=\"https:\/\/gyoparosfurdo-oroshaza.hu\/wp-content\/gallery\/elmenyfurdo_rovid\/thumbs\/thumbs_ek2.jpg\" width=\"120\" height=\"95\" \/>\n\t\t\t\t\t\t\t<\/a>\n\t\t<\/div>\n\t<\/div>\n\t\n\t\t\n \t\t\n\t<div id=\"ngg-image-213\" class=\"ngg-gallery-thumbnail-box\"  >\n\t\t<div class=\"ngg-gallery-thumbnail\" >\n\t\t\t<a href=\"https:\/\/gyoparosfurdo-oroshaza.hu\/wp-content\/gallery\/elmenyfurdo_rovid\/elmenyfurdo_rovid_01.jpg\" title=\"A gyop\u00e1rosf\u00fcrd\u0151i \u00e9lm\u00e9nyf\u00fcrd\u0151 bel\u00fclr\u0151l\" class=\"thickbox\" rel=\"set_28\" >\n\t\t\t\t\t\t\t\t<img title=\"A gyop\u00e1rosf\u00fcrd\u0151i \u00e9lm\u00e9nyf\u00fcrd\u0151 bel\u00fclr\u0151l\" alt=\"A gyop\u00e1rosf\u00fcrd\u0151i \u00e9lm\u00e9nyf\u00fcrd\u0151 bel\u00fclr\u0151l\" src=\"https:\/\/gyoparosfurdo-oroshaza.hu\/wp-content\/gallery\/elmenyfurdo_rovid\/thumbs\/thumbs_elmenyfurdo_rovid_01.jpg\" width=\"120\" height=\"95\" \/>\n\t\t\t\t\t\t\t<\/a>\n\t\t<\/div>\n\t<\/div>\n\t\n\t\t\n \t\t\n\t<div id=\"ngg-image-214\" class=\"ngg-gallery-thumbnail-box\"  >\n\t\t<div class=\"ngg-gallery-thumbnail\" >\n\t\t\t<a href=\"https:\/\/gyoparosfurdo-oroshaza.hu\/wp-content\/gallery\/elmenyfurdo_rovid\/elmenyfurdo_rovid_02.jpg\" title=\"A gyop\u00e1rosf\u00fcrd\u0151i \u00e9lm\u00e9nyf\u00fcrd\u0151 k\u00fcls\u0151 terasza\" class=\"thickbox\" rel=\"set_28\" >\n\t\t\t\t\t\t\t\t<img title=\"A gyop\u00e1rosf\u00fcrd\u0151i \u00e9lm\u00e9nyf\u00fcrd\u0151 k\u00fcls\u0151 terasza\" alt=\"A gyop\u00e1rosf\u00fcrd\u0151i \u00e9lm\u00e9nyf\u00fcrd\u0151 k\u00fcls\u0151 terasza\" src=\"https:\/\/gyoparosfurdo-oroshaza.hu\/wp-content\/gallery\/elmenyfurdo_rovid\/thumbs\/thumbs_elmenyfurdo_rovid_02.jpg\" width=\"120\" height=\"95\" \/>\n\t\t\t\t\t\t\t<\/a>\n\t\t<\/div>\n\t<\/div>\n\t\n\t\t\n \t\t\n\t<div id=\"ngg-image-937\" class=\"ngg-gallery-thumbnail-box\"  >\n\t\t<div class=\"ngg-gallery-thumbnail\" >\n\t\t\t<a href=\"https:\/\/gyoparosfurdo-oroshaza.hu\/wp-content\/gallery\/elmenyfurdo_rovid\/gyogyfurdo.jpg\" title=\"A gyop\u00e1rosi gy\u00f3gyf\u00fcrd\u0151\" class=\"thickbox\" rel=\"set_28\" >\n\t\t\t\t\t\t\t\t<img title=\"A gyop\u00e1rosi gy\u00f3gyf\u00fcrd\u0151\" alt=\"A gyop\u00e1rosi gy\u00f3gyf\u00fcrd\u0151\" src=\"https:\/\/gyoparosfurdo-oroshaza.hu\/wp-content\/gallery\/elmenyfurdo_rovid\/thumbs\/thumbs_gyogyfurdo.jpg\" width=\"120\" height=\"95\" \/>\n\t\t\t\t\t\t\t<\/a>\n\t\t<\/div>\n\t<\/div>\n\t\n\t\t\n \t \t\n\t<!-- Pagination -->\n \t<div class='ngg-clear'><\/div>\n \t\n<\/div>\n\n\n<h4>Pictures of sauna park<\/h4>\n\n<div class=\"ngg-galleryoverview\" id=\"ngg-gallery-72-26362\">\n\n\n\t\n\t<!-- Thumbnails -->\n\t\t\n\t<div id=\"ngg-image-912\" class=\"ngg-gallery-thumbnail-box\"  >\n\t\t<div class=\"ngg-gallery-thumbnail\" >\n\t\t\t<a href=\"https:\/\/gyoparosfurdo-oroshaza.hu\/wp-content\/gallery\/szauna-kozponti\/szaunapark-gyoparos-1.jpg\" title=\"Szaunapark \/ Sauna park\" class=\"thickbox\" rel=\"set_72\" >\n\t\t\t\t\t\t\t\t<img title=\"Szaunapark Gyop\u00e1ros\" alt=\"Szaunapark Gyop\u00e1ros\" src=\"https:\/\/gyoparosfurdo-oroshaza.hu\/wp-content\/gallery\/szauna-kozponti\/thumbs\/thumbs_szaunapark-gyoparos-1.jpg\" width=\"120\" height=\"95\" \/>\n\t\t\t\t\t\t\t<\/a>\n\t\t<\/div>\n\t<\/div>\n\t\n\t\t\n \t\t\n\t<div id=\"ngg-image-913\" class=\"ngg-gallery-thumbnail-box\"  >\n\t\t<div class=\"ngg-gallery-thumbnail\" >\n\t\t\t<a href=\"https:\/\/gyoparosfurdo-oroshaza.hu\/wp-content\/gallery\/szauna-kozponti\/szaunapark-gyoparos-2.jpg\" title=\"Szaunapark \/ Sauna park\" class=\"thickbox\" rel=\"set_72\" >\n\t\t\t\t\t\t\t\t<img title=\"Szaunapark Gyop\u00e1ros\" alt=\"Szaunapark Gyop\u00e1ros\" src=\"https:\/\/gyoparosfurdo-oroshaza.hu\/wp-content\/gallery\/szauna-kozponti\/thumbs\/thumbs_szaunapark-gyoparos-2.jpg\" width=\"120\" height=\"95\" \/>\n\t\t\t\t\t\t\t<\/a>\n\t\t<\/div>\n\t<\/div>\n\t\n\t\t\n \t\t\n\t<div id=\"ngg-image-914\" class=\"ngg-gallery-thumbnail-box\"  >\n\t\t<div class=\"ngg-gallery-thumbnail\" >\n\t\t\t<a href=\"https:\/\/gyoparosfurdo-oroshaza.hu\/wp-content\/gallery\/szauna-kozponti\/szaunapark-gyoparos-3.jpg\" title=\"Szaunapark \/ Sauna park\" class=\"thickbox\" rel=\"set_72\" >\n\t\t\t\t\t\t\t\t<img title=\"Szaunapark Gyop\u00e1ros\" alt=\"Szaunapark Gyop\u00e1ros\" src=\"https:\/\/gyoparosfurdo-oroshaza.hu\/wp-content\/gallery\/szauna-kozponti\/thumbs\/thumbs_szaunapark-gyoparos-3.jpg\" width=\"120\" height=\"95\" \/>\n\t\t\t\t\t\t\t<\/a>\n\t\t<\/div>\n\t<\/div>\n\t\n\t\t\n \t\t\n\t<div id=\"ngg-image-915\" class=\"ngg-gallery-thumbnail-box\"  >\n\t\t<div class=\"ngg-gallery-thumbnail\" >\n\t\t\t<a href=\"https:\/\/gyoparosfurdo-oroshaza.hu\/wp-content\/gallery\/szauna-kozponti\/szaunapark-gyoparos-4.jpg\" title=\"Szaunapark \/ Sauna park\" class=\"thickbox\" rel=\"set_72\" >\n\t\t\t\t\t\t\t\t<img title=\"Szaunapark Gyop\u00e1ros\" alt=\"Szaunapark Gyop\u00e1ros\" src=\"https:\/\/gyoparosfurdo-oroshaza.hu\/wp-content\/gallery\/szauna-kozponti\/thumbs\/thumbs_szaunapark-gyoparos-4.jpg\" width=\"120\" height=\"95\" \/>\n\t\t\t\t\t\t\t<\/a>\n\t\t<\/div>\n\t<\/div>\n\t\n\t\t\n \t \t\n\t<!-- Pagination -->\n \t<div class='ngg-clear'><\/div>\n \t\n<\/div>\n\n\n<h4>Pictures of park and beach <\/h4>\n\n<div class=\"ngg-galleryoverview\" id=\"ngg-gallery-29-26362\">\n\n\n\t\n\t<!-- Thumbnails -->\n\t\t\n\t<div id=\"ngg-image-219\" class=\"ngg-gallery-thumbnail-box\"  >\n\t\t<div class=\"ngg-gallery-thumbnail\" >\n\t\t\t<a href=\"https:\/\/gyoparosfurdo-oroshaza.hu\/wp-content\/gallery\/parkfurdo_rovid\/park_rovid_03.jpg\" title=\"A parkf\u00fcrd\u0151 sportmedenc\u00e9je, h\u00e1tt\u00e9rben az \u00e9lm\u00e9nyf\u00fcrd\u0151\" class=\"thickbox\" rel=\"set_29\" >\n\t\t\t\t\t\t\t\t<img title=\"Gyop\u00e1rosf\u00fcrd\u0151 parkf\u00fcrd\u0151 sportmedenc\u00e9je\" alt=\"Gyop\u00e1rosf\u00fcrd\u0151 parkf\u00fcrd\u0151 sportmedenc\u00e9je\" src=\"https:\/\/gyoparosfurdo-oroshaza.hu\/wp-content\/gallery\/parkfurdo_rovid\/thumbs\/thumbs_park_rovid_03.jpg\" width=\"120\" height=\"95\" \/>\n\t\t\t\t\t\t\t<\/a>\n\t\t<\/div>\n\t<\/div>\n\t\n\t\t\n \t\t\n\t<div id=\"ngg-image-217\" class=\"ngg-gallery-thumbnail-box\"  >\n\t\t<div class=\"ngg-gallery-thumbnail\" >\n\t\t\t<a href=\"https:\/\/gyoparosfurdo-oroshaza.hu\/wp-content\/gallery\/parkfurdo_rovid\/park_rovid_01.jpg\" title=\"Gyop\u00e1rosf\u00fcrd\u0151 parkf\u00fcrd\u0151j\u00e9nek \u00e9lm\u00e9nymedenc\u00e9je a Panor\u00e1ma kil\u00e1t\u00f3val\" class=\"thickbox\" rel=\"set_29\" >\n\t\t\t\t\t\t\t\t<img title=\"Gyop\u00e1rosf\u00fcrd\u0151 parkf\u00fcrd\u0151j\u00e9nek \u00e9lm\u00e9nymedenc\u00e9je\" alt=\"Gyop\u00e1rosf\u00fcrd\u0151 parkf\u00fcrd\u0151j\u00e9nek \u00e9lm\u00e9nymedenc\u00e9je\" src=\"https:\/\/gyoparosfurdo-oroshaza.hu\/wp-content\/gallery\/parkfurdo_rovid\/thumbs\/thumbs_park_rovid_01.jpg\" width=\"120\" height=\"95\" \/>\n\t\t\t\t\t\t\t<\/a>\n\t\t<\/div>\n\t<\/div>\n\t\n\t\t\n \t\t\n\t<div id=\"ngg-image-934\" class=\"ngg-gallery-thumbnail-box\"  >\n\t\t<div class=\"ngg-gallery-thumbnail\" >\n\t\t\t<a href=\"https:\/\/gyoparosfurdo-oroshaza.hu\/wp-content\/gallery\/parkfurdo_rovid\/parkfurdo_kacsas.jpg\" title=\"Gyermekf\u00fcrd\u0151 a parkf\u00fcrd\u0151ben\" class=\"thickbox\" rel=\"set_29\" >\n\t\t\t\t\t\t\t\t<img title=\"Gyermekf\u00fcrd\u0151 a parkf\u00fcrd\u0151ben\" alt=\"Gyermekf\u00fcrd\u0151 a parkf\u00fcrd\u0151ben\" src=\"https:\/\/gyoparosfurdo-oroshaza.hu\/wp-content\/gallery\/parkfurdo_rovid\/thumbs\/thumbs_parkfurdo_kacsas.jpg\" width=\"120\" height=\"95\" \/>\n\t\t\t\t\t\t\t<\/a>\n\t\t<\/div>\n\t<\/div>\n\t\n\t\t\n \t\t\n\t<div id=\"ngg-image-935\" class=\"ngg-gallery-thumbnail-box\"  >\n\t\t<div class=\"ngg-gallery-thumbnail\" >\n\t\t\t<a href=\"https:\/\/gyoparosfurdo-oroshaza.hu\/wp-content\/gallery\/parkfurdo_rovid\/parkfurdo_ugras.jpg\" title=\"A parkf\u00fcrd\u0151 50 m\u00e9teres sportmedenc\u00e9je\" class=\"thickbox\" rel=\"set_29\" >\n\t\t\t\t\t\t\t\t<img title=\"A parkf\u00fcrd\u0151 50 m\u00e9teres sportmedenc\u00e9je\" alt=\"A parkf\u00fcrd\u0151 50 m\u00e9teres sportmedenc\u00e9je\" src=\"https:\/\/gyoparosfurdo-oroshaza.hu\/wp-content\/gallery\/parkfurdo_rovid\/thumbs\/thumbs_parkfurdo_ugras.jpg\" width=\"120\" height=\"95\" \/>\n\t\t\t\t\t\t\t<\/a>\n\t\t<\/div>\n\t<\/div>\n\t\n\t\t\n \t \t\n\t<!-- Pagination -->\n \t<div class='ngg-clear'><\/div>\n \t\n<\/div>\n\n\n","protected":false},"excerpt":{"rendered":"<p>You have successfully subscribed to our newsletter. In the next step you will receive an e-mail asking you to confirm your subscription \u2013 to do so please, follow the link and on the appearing website click on \u201eYES, I WISH &hellip; <a href=\"https:\/\/gyoparosfurdo-oroshaza.hu\/en\/your-sign-up-request-was-successful\">Folytat\u00e1s <span class=\"meta-nav\">&rarr;<\/span><\/a><\/p>\n","protected":false},"author":6,"featured_media":0,"parent":0,"menu_order":0,"comment_status":"closed","ping_status":"closed","template":"","meta":[],"_links":{"self":[{"href":"https:\/\/gyoparosfurdo-oroshaza.hu\/en\/wp-json\/wp\/v2\/pages\/26362"}],"collection":[{"href":"https:\/\/gyoparosfurdo-oroshaza.hu\/en\/wp-json\/wp\/v2\/pages"}],"about":[{"href":"https:\/\/gyoparosfurdo-oroshaza.hu\/en\/wp-json\/wp\/v2\/types\/page"}],"author":[{"embeddable":true,"href":"https:\/\/gyoparosfurdo-oroshaza.hu\/en\/wp-json\/wp\/v2\/users\/6"}],"replies":[{"embeddable":true,"href":"https:\/\/gyoparosfurdo-oroshaza.hu\/en\/wp-json\/wp\/v2\/comments?post=26362"}],"version-history":[{"count":0,"href":"https:\/\/gyoparosfurdo-oroshaza.hu\/en\/wp-json\/wp\/v2\/pages\/26362\/revisions"}],"wp:attachment":[{"href":"https:\/\/gyoparosfurdo-oroshaza.hu\/en\/wp-json\/wp\/v2\/media?parent=26362"}],"curies":[{"name":"wp","href":"https:\/\/api.w.org\/{rel}","templated":true}]}}