{"id":26328,"date":"2014-08-26T19:06:06","date_gmt":"2014-08-26T17:06:06","guid":{"rendered":"https:\/\/gyoparosfurdo-oroshaza.hu\/videos"},"modified":"2014-08-26T19:06:06","modified_gmt":"2014-08-26T18:06:06","slug":"videos","status":"publish","type":"page","link":"https:\/\/gyoparosfurdo-oroshaza.hu\/en\/gyoparosfurdo\/videos","title":{"rendered":"Videos"},"content":{"rendered":"<h3>Gyop\u00e1rosf\u00fcrd\u0151 autumn image movie (2018)<\/h3>\n<p><iframe loading=\"lazy\" width=\"560\" height=\"315\" src=\"https:\/\/www.youtube.com\/embed\/T-1psslUPmM\" frameborder=\"0\" allow=\"autoplay; encrypted-media\" allowfullscreen><\/iframe><\/p>\n<h3>Gyop\u00e1rosf\u00fcrd\u0151 HD image movie  (2017)<\/h3>\n<p><iframe loading=\"lazy\" width=\"560\" height=\"315\" src=\"https:\/\/www.youtube.com\/embed\/wuOiv4jxFB4\" frameborder=\"0\" allowfullscreen><\/iframe><\/p>\n<h3>Gyop\u00e1rosf\u00fcrd\u0151 werk movie  (2014)<\/h3>\n<p><iframe loading=\"lazy\" width=\"560\" height=\"315\" src=\"\/\/www.youtube.com\/embed\/W3XKg2nrjfg\" frameborder=\"0\" allowfullscreen><\/iframe><\/p>\n<h3>Orosh\u00e1za and Gyop\u00e1rosf\u00fcrd\u0151 as seen from a balloon (2014)<\/h3>\n<p><iframe loading=\"lazy\" width=\"560\" height=\"315\" src=\"\/\/www.youtube.com\/embed\/amnvsSjdKCI\" frameborder=\"0\" allowfullscreen><\/iframe><\/p>\n<h3>The &#8220;Beauty of the Bread-Festival&#8221; promotional video  (2014)<\/h3>\n<p>The beauty content is part of the annual &#8220;Bread-Festival&#8221; on the 20th of august in <a href=\"https:\/\/gyoparosfurdo-oroshaza.hu\/en\/gyoparosfurdo\">Gyop\u00e1rosf\u00fcrd\u0151<\/a>.<\/p>\n<p><iframe loading=\"lazy\" width=\"560\" height=\"315\" src=\"\/\/www.youtube.com\/embed\/ZBon8kg5YNM\" frameborder=\"0\" allowfullscreen><\/iframe><\/p>\n","protected":false},"excerpt":{"rendered":"<p>Gyop\u00e1rosf\u00fcrd\u0151 autumn image movie (2018) Gyop\u00e1rosf\u00fcrd\u0151 HD image movie (2017) Gyop\u00e1rosf\u00fcrd\u0151 werk movie (2014) Orosh\u00e1za and Gyop\u00e1rosf\u00fcrd\u0151 as seen from a balloon (2014) The &#8220;Beauty of the Bread-Festival&#8221; promotional video (2014) The beauty content is part of the annual &#8220;Bread-Festival&#8221; &hellip; <a href=\"https:\/\/gyoparosfurdo-oroshaza.hu\/en\/gyoparosfurdo\/videos\">Folytat\u00e1s <span class=\"meta-nav\">&rarr;<\/span><\/a><\/p>\n","protected":false},"author":6,"featured_media":0,"parent":25870,"menu_order":0,"comment_status":"closed","ping_status":"closed","template":"","meta":[],"_links":{"self":[{"href":"https:\/\/gyoparosfurdo-oroshaza.hu\/en\/wp-json\/wp\/v2\/pages\/26328"}],"collection":[{"href":"https:\/\/gyoparosfurdo-oroshaza.hu\/en\/wp-json\/wp\/v2\/pages"}],"about":[{"href":"https:\/\/gyoparosfurdo-oroshaza.hu\/en\/wp-json\/wp\/v2\/types\/page"}],"author":[{"embeddable":true,"href":"https:\/\/gyoparosfurdo-oroshaza.hu\/en\/wp-json\/wp\/v2\/users\/6"}],"replies":[{"embeddable":true,"href":"https:\/\/gyoparosfurdo-oroshaza.hu\/en\/wp-json\/wp\/v2\/comments?post=26328"}],"version-history":[{"count":0,"href":"https:\/\/gyoparosfurdo-oroshaza.hu\/en\/wp-json\/wp\/v2\/pages\/26328\/revisions"}],"up":[{"embeddable":true,"href":"https:\/\/gyoparosfurdo-oroshaza.hu\/en\/wp-json\/wp\/v2\/pages\/25870"}],"wp:attachment":[{"href":"https:\/\/gyoparosfurdo-oroshaza.hu\/en\/wp-json\/wp\/v2\/media?parent=26328"}],"curies":[{"name":"wp","href":"https:\/\/api.w.org\/{rel}","templated":true}]}}